{"id":20970,"date":"2020-12-01T15:07:06","date_gmt":"2020-12-01T14:07:06","guid":{"rendered":"https:\/\/www.mines-stetienne.fr\/future-medicine-fr\/?page_id=20970"},"modified":"2024-05-28T09:06:19","modified_gmt":"2024-05-28T07:06:19","slug":"departement-centres-et-departements-biomecanique-des-tissus-mous-stbio","status":"publish","type":"page","link":"https:\/\/www.mines-stetienne.fr\/future-medicine-fr\/centre-ingenierie-et-sante\/departement-centres-et-departements-biomecanique-des-tissus-mous-stbio\/","title":{"rendered":"D\u00e9partement Ing\u00e9nierie des Surfaces et des Tissus Biologiques (StBio)"},"content":{"rendered":"\n<h3 class=\"wp-block-heading\">Le d\u00e9partement est sp\u00e9cialiste de la mod\u00e9lisation et de l\u2019exp\u00e9rimentation sur les tissus biologiques mous appliqu\u00e9es au syst\u00e8me cardio-vasculaire ou au syst\u00e8me ost\u00e9o-articulaire.<\/h3>\n\n\n\n<p>Le d\u00e9partement est int\u00e9gr\u00e9 (affili\u00e9) au Laboratoire <a href=\"https:\/\/sainbiose.univ-st-etienne.fr\/fr\/organisation\/presentation-du-laboratoire.html\" target=\"_blank\" rel=\"noreferrer noopener\">U1059 Inserm&nbsp;Sainbiose<\/a>, (Sant\u00e9 Ing\u00e9nierie Biologie Saint-\u00c9tienne), <a href=\"https:\/\/sainbiose.univ-st-etienne.fr\/fr\/bto.html\">Equipe LBTO<\/a>, Biologie des Tissus Ost\u00e9o-articulaires.<\/p>\n\n\n\n<figure class=\"wp-block-gallery has-nested-images columns-default is-cropped wp-block-gallery-1 is-layout-flex wp-block-gallery-is-layout-flex\">\n<figure class=\"wp-block-image size-large\"><a href=\"https:\/\/www.mines-stetienne.fr\/future-medicine-fr\/wp-content\/uploads\/sites\/15\/2020\/11\/DemoSM2.jpg\"><img loading=\"lazy\" decoding=\"async\" width=\"750\" height=\"520\" data-id=\"20608\" src=\"https:\/\/www.mines-stetienne.fr\/future-medicine-fr\/wp-content\/uploads\/sites\/15\/2020\/11\/DemoSM2.jpg\" alt=\"\" class=\"wp-image-20608\" srcset=\"https:\/\/www.mines-stetienne.fr\/future-medicine-fr\/wp-content\/uploads\/sites\/15\/2020\/11\/DemoSM2.jpg 750w, https:\/\/www.mines-stetienne.fr\/future-medicine-fr\/wp-content\/uploads\/sites\/15\/2020\/11\/DemoSM2-300x208.jpg 300w, https:\/\/www.mines-stetienne.fr\/future-medicine-fr\/wp-content\/uploads\/sites\/15\/2020\/11\/DemoSM2-225x155.jpg 225w\" sizes=\"auto, (max-width: 750px) 100vw, 750px\" \/><\/a><\/figure>\n\n\n\n<figure class=\"wp-block-image size-large\"><a href=\"https:\/\/www.mines-stetienne.fr\/future-medicine-fr\/wp-content\/uploads\/sites\/15\/2020\/12\/osteoSainbiose2.jpg\"><img loading=\"lazy\" decoding=\"async\" width=\"350\" height=\"350\" data-id=\"20973\" src=\"https:\/\/www.mines-stetienne.fr\/future-medicine-fr\/wp-content\/uploads\/sites\/15\/2020\/12\/osteoSainbiose2.jpg\" alt=\"https:\/\/www.mines-stetienne.fr\/future-medicine-fr\/centre-ingenierie-et-sante\/departement-centres-et-departements\/biomecanique-des-tissus-mous-stbio\/\" class=\"wp-image-20973\" srcset=\"https:\/\/www.mines-stetienne.fr\/future-medicine-fr\/wp-content\/uploads\/sites\/15\/2020\/12\/osteoSainbiose2.jpg 350w, https:\/\/www.mines-stetienne.fr\/future-medicine-fr\/wp-content\/uploads\/sites\/15\/2020\/12\/osteoSainbiose2-300x300.jpg 300w, https:\/\/www.mines-stetienne.fr\/future-medicine-fr\/wp-content\/uploads\/sites\/15\/2020\/12\/osteoSainbiose2-150x150.jpg 150w, https:\/\/www.mines-stetienne.fr\/future-medicine-fr\/wp-content\/uploads\/sites\/15\/2020\/12\/osteoSainbiose2-75x75.jpg 75w\" sizes=\"auto, (max-width: 350px) 100vw, 350px\" \/><\/a><\/figure>\n\n\n\n<figure class=\"wp-block-image size-large\"><a href=\"https:\/\/www.mines-stetienne.fr\/future-medicine-fr\/wp-content\/uploads\/sites\/15\/2020\/11\/DemoSM5.jpg\"><img loading=\"lazy\" decoding=\"async\" width=\"500\" height=\"465\" data-id=\"20611\" src=\"https:\/\/www.mines-stetienne.fr\/future-medicine-fr\/wp-content\/uploads\/sites\/15\/2020\/11\/DemoSM5.jpg\" alt=\"https:\/\/www.mines-stetienne.fr\/future-medicine-fr\/centre-ingenierie-et-sante\/departement-centres-et-departements\/biomecanique-des-tissus-mous-stbio\/\" class=\"wp-image-20611\" srcset=\"https:\/\/www.mines-stetienne.fr\/future-medicine-fr\/wp-content\/uploads\/sites\/15\/2020\/11\/DemoSM5.jpg 500w, https:\/\/www.mines-stetienne.fr\/future-medicine-fr\/wp-content\/uploads\/sites\/15\/2020\/11\/DemoSM5-300x279.jpg 300w\" sizes=\"auto, (max-width: 500px) 100vw, 500px\" \/><\/a><\/figure>\n<\/figure>\n\n\n\n<h4 class=\"wp-block-heading\">Domaines applicatifs<\/h4>\n\n\n\n<ul class=\"wp-block-list\">\n<li>M\u00e9canobiologie des art\u00e8res\n<ul class=\"wp-block-list\">\n<li>Pr\u00e9vention des ruptures d\u2019an\u00e9vrisme<\/li>\n\n\n\n<li>Simulation num\u00e9rique de chirurgie endovasculaire&nbsp;: pr\u00e9diction in silico \/ jumeau num\u00e9rique 3D \/ aide au diagnostic<\/li>\n<\/ul>\n<\/li>\n\n\n\n<li>Action biom\u00e9canique des textiles m\u00e9dicaux\n<ul class=\"wp-block-list\">\n<li>Traitement des d\u00e9ficits veineux par th\u00e9rapie de compression<\/li>\n\n\n\n<li>Traitement de la lombalgie chronique<\/li>\n\n\n\n<li>Pr\u00e9vention des \u00e9ventrations<\/li>\n<\/ul>\n<\/li>\n<\/ul>\n\n\n\n<h4 class=\"wp-block-heading\">Partenaires<\/h4>\n\n\n\n<p>Pr\u00e9disurge, Gibaud, Thuasne, Sigvaris, Oxylane, Covidien-Sofradim\u2026.<br>CHU de Saint-\u00c9tienne, Universit\u00e9 Jean Monnet, Institut de Canc\u00e9rologie de la Loire, \u00c9tablissement Fran\u00e7ais du Sang, INRIA Grenoble, Ecole Centrale de Lyon, Yale University, TU Vien, Universita degli studi di Padova, Eberhard Karls Universitaet Tuebingen&#8230;<\/p>\n\n\n\n<hr class=\"wp-block-separator has-css-opacity\" \/>\n\n\n\n<h4 class=\"wp-block-heading\"><a href=\"https:\/\/www.mines-stetienne.fr\/future-medicine-fr\/plateau-technique-essais-biomecaniques\/\" target=\"_blank\" rel=\"noreferrer noopener\">Plateaux techniques : Essais biom\u00e9caniques<\/a><\/h4>\n\n\n\n<p>Il permet la caract\u00e9risation des propri\u00e9t\u00e9s&nbsp;m\u00e9caniques d&rsquo;un dispositif&nbsp;m\u00e9dical, essais biom\u00e9caniques&nbsp;dynamiques \u00e0 haute vitesse, mod\u00e9lisation des interactions m\u00e9caniques entre un dispositif&nbsp;m\u00e9dical et le corps humain (machines de traction uni et bi-axiales, syst\u00e8me de st\u00e9r\u00e9ocorr\u00e9lation avec cam\u00e9ras rapides, PCs de calcul, simulateur chirurgical).<\/p>\n\n\n\n<h4 class=\"wp-block-heading\"><strong>Exemples de projets en cours<\/strong> <strong>2020<\/strong><\/h4>\n\n\n\n<ul class=\"wp-block-list\">\n<li><a href=\"https:\/\/meditate-project.eu\/\"><strong>Projet europ\u00e9en MeDiTATe<\/strong><\/a><strong> laur\u00e9at du programme H2020<\/strong> : MeDiTATe d\u00e9veloppe des jumeaux num\u00e9riques m\u00e9dicaux de pointe bas\u00e9s sur l\u2019imagerie cardiovasculaire pour une pr\u00e9vention et un traitement sp\u00e9cifique des an\u00e9vrismes. 6 th\u00e8ses de doctorat encadr\u00e9es au CIS porteront sur la simulation multi-physique haute-fid\u00e9lit\u00e9 du traitement des an\u00e9vrismes et les interactions en temps r\u00e9el avec le jumeau num\u00e9rique par la r\u00e9alit\u00e9 augment\u00e9e et des mod\u00e8les d\u2019ordre r\u00e9duit.<\/li>\n\n\n\n<li>ANR Projet ARTERYLASTIC (PRC) : \u00ab&nbsp;Etude&nbsp;physio-m\u00e9canique d\u2019une&nbsp;prot\u00e9ine synth\u00e9tique \u00e9lastique comme&nbsp;proth\u00e8se&nbsp;mol\u00e9culaire pour soigner les art\u00e9riopathies li\u00e9es \u00e0 des d\u00e9fauts des fibres \u00e9lastiques&nbsp;\u00bb, coordonn\u00e9 par Romain Debret et St\u00e9phane Avril.<\/li>\n\n\n\n<li>ANR CAMOPI (PRCI)&nbsp;: \u00ab&nbsp;CaMoPI&nbsp;: Capture et Mod\u00e9lisation du Pied Chauss\u00e9 en Mouvement&nbsp;\u00bb coordonn\u00e9 par Julien Pansiot<\/li>\n\n\n\n<li>ANR AI@IMT&nbsp;: \u00ab&nbsp;D\u00e9veloppement d\u2019un dispositif m\u00e9dical textile intelligent pour les patients atteints de SLA&nbsp;\u00bb coordonn\u00e9 par Laurent Navarro<\/li>\n\n\n\n<li>Pack Ambition Recherche&nbsp;: \u00ab&nbsp;TolSkin&nbsp;: Analyse des m\u00e9canismes m\u00e9caniques et biologiques pouvant d\u00e9terminer une intol\u00e9rance cutan\u00e9e induite par le frottement r\u00e9p\u00e9t\u00e9 de textiles de compression sur la peau&nbsp;\u00bb, coordonn\u00e9 par J\u00e9r\u00f4me Molimard<\/li>\n\n\n\n<li>Pack Ambition Recherche&nbsp;: \u00ab&nbsp;CarAbdo&nbsp;: Caract\u00e9risation m\u00e9canique de parois abdominales par la pose d\u2019un textile de renfort, en vue de limiter les risques d\u2019\u00e9ventration&nbsp;\u00bb, coordonn\u00e9 par Baptiste Pierrat<\/li>\n<\/ul>\n\n\n\n<hr class=\"wp-block-separator has-css-opacity\" \/>\n\n\n\n<figure class=\"wp-block-gallery has-nested-images columns-default is-cropped wp-block-gallery-2 is-layout-flex wp-block-gallery-is-layout-flex\">\n<figure class=\"wp-block-image size-thumbnail\"><img loading=\"lazy\" decoding=\"async\" width=\"150\" height=\"150\" data-id=\"20905\" src=\"https:\/\/www.mines-stetienne.fr\/future-medicine-fr\/wp-content\/uploads\/sites\/15\/2020\/11\/Picto3DSimChir-150x150.jpg\" alt=\"\" class=\"wp-image-20905\" srcset=\"https:\/\/www.mines-stetienne.fr\/future-medicine-fr\/wp-content\/uploads\/sites\/15\/2020\/11\/Picto3DSimChir-150x150.jpg 150w, https:\/\/www.mines-stetienne.fr\/future-medicine-fr\/wp-content\/uploads\/sites\/15\/2020\/11\/Picto3DSimChir-75x75.jpg 75w, https:\/\/www.mines-stetienne.fr\/future-medicine-fr\/wp-content\/uploads\/sites\/15\/2020\/11\/Picto3DSimChir.jpg 202w\" sizes=\"auto, (max-width: 150px) 100vw, 150px\" \/><\/figure>\n\n\n\n<figure class=\"wp-block-image size-thumbnail\"><img loading=\"lazy\" decoding=\"async\" width=\"150\" height=\"150\" data-id=\"20607\" src=\"https:\/\/www.mines-stetienne.fr\/future-medicine-fr\/wp-content\/uploads\/sites\/15\/2020\/11\/DemoSM1-150x150.jpg\" alt=\"\" class=\"wp-image-20607\" srcset=\"https:\/\/www.mines-stetienne.fr\/future-medicine-fr\/wp-content\/uploads\/sites\/15\/2020\/11\/DemoSM1-150x150.jpg 150w, https:\/\/www.mines-stetienne.fr\/future-medicine-fr\/wp-content\/uploads\/sites\/15\/2020\/11\/DemoSM1-75x75.jpg 75w\" sizes=\"auto, (max-width: 150px) 100vw, 150px\" \/><\/figure>\n\n\n\n<figure class=\"wp-block-image size-thumbnail\"><img loading=\"lazy\" decoding=\"async\" width=\"150\" height=\"150\" data-id=\"20971\" src=\"https:\/\/www.mines-stetienne.fr\/future-medicine-fr\/wp-content\/uploads\/sites\/15\/2020\/12\/Marche-150x150.png\" alt=\"\" class=\"wp-image-20971\" srcset=\"https:\/\/www.mines-stetienne.fr\/future-medicine-fr\/wp-content\/uploads\/sites\/15\/2020\/12\/Marche-150x150.png 150w, https:\/\/www.mines-stetienne.fr\/future-medicine-fr\/wp-content\/uploads\/sites\/15\/2020\/12\/Marche-75x75.png 75w, https:\/\/www.mines-stetienne.fr\/future-medicine-fr\/wp-content\/uploads\/sites\/15\/2020\/12\/Marche-360x360.png 360w\" sizes=\"auto, (max-width: 150px) 100vw, 150px\" \/><\/figure>\n<figcaption class=\"blocks-gallery-caption wp-element-caption\"><strong><a href=\"https:\/\/www.mines-stetienne.fr\/future-medicine-fr\/futuremedicine-2021\/\">#FutureMedicine \u2013 D\u00e9monstrateur Simulateur Chirurgical<\/a><\/strong><\/figcaption><\/figure>\n\n\n\n<hr class=\"wp-block-separator has-css-opacity\" \/>\n\n\n\n<h4 class=\"wp-block-heading\">\u00c0 d\u00e9couvrir aussi<\/h4>\n\n\n\n<ul class=\"wp-block-list\">\n<li><a rel=\"noreferrer noopener\" href=\"https:\/\/www.scopus.com\/search\/form.uri?display=basic#affiliation\" target=\"_blank\">Publications<\/a><\/li>\n\n\n\n<li>Sainbiose\/TL7 : Pathologies osteo-articulaires + Pr\u00e9vention AVC + Outils num\u00e9riques sur les endoproth\u00e8ses<\/li>\n\n\n\n<li><a href=\"https:\/\/www.youtube.com\/watch?v=mbWswEHPUcc&amp;feature=emb_logo\">Sciences \u2013 Un jumeau num\u00e9rique pour se soigner<\/a> (T\u00e9l\u00e9 Matin, 01\/2019)<\/li>\n\n\n\n<li>\u00ab&nbsp;<a href=\"https:\/\/www.franceinter.fr\/emissions\/le-zoom-de-la-redaction\/le-zoom-de-la-redaction-26-juin-2019\">Mines Saint-\u00c9tienne planche sur la m\u00e9decine du futur&nbsp;<\/a>\u00bb (France inter, 06\/2019)<\/li>\n\n\n\n<li><a href=\"https:\/\/www.lesechos.fr\/idees-debats\/sciences-prospective\/le-double-virtuel-du-patient-prochaine-revolution-de-la-sante-1036636?fbclid=IwAR1zhJ4R9cMUjJpDwWJBkkf6hm_SG0K-K9DVH557fqx3zcL1BhZ0xkJb7sk\">Le double virtuel du patient, prochaine r\u00e9volution de la sant\u00e9<\/a> (Les Echos, 07\/2019)<\/li>\n\n\n\n<li><a href=\"https:\/\/blogrecherche.wp.imt.fr\/2018\/05\/15\/numerique-aorte-anevrisme\/\">Un jumeau num\u00e9rique de l\u2019aorte contre la rupture d\u2019an\u00e9vrisme<\/a> (im\u2019tech, 05\/2018)<\/li>\n\n\n\n<li><a href=\"https:\/\/www.youtube.com\/watch?v=IUcWTl196Y4\">Projet scanner 3D<\/a> (Site fondation Cr\u00e9dit Agricole Loire Haute-Loire, 2017, J.Molimard)<\/li>\n<\/ul>\n\n\n\n<hr class=\"wp-block-separator has-css-opacity\" \/>\n","protected":false},"excerpt":{"rendered":"<p>Le d\u00e9partement est sp\u00e9cialiste de la mod\u00e9lisation et de l\u2019exp\u00e9rimentation sur les tissus biologiques mous appliqu\u00e9es au syst\u00e8me cardio-vasculaire ou au syst\u00e8me ost\u00e9o-articulaire. Le d\u00e9partement est int\u00e9gr\u00e9 (affili\u00e9) au Laboratoire U1059 Inserm&nbsp;Sainbiose, (Sant\u00e9 Ing\u00e9nierie Biologie Saint-\u00c9tienne), Equipe LBTO, Biologie des &hellip;<\/p>\n","protected":false},"author":3,"featured_media":0,"parent":20981,"menu_order":0,"comment_status":"closed","ping_status":"closed","template":"","meta":{"footnotes":""},"tags":[],"class_list":["post-20970","page","type-page","status-publish","hentry"],"pp_statuses_selecting_workflow":false,"pp_workflow_action":"current","pp_status_selection":"publish","pp_force_visibility":null,"pp_subpost_visibility":null,"pp_inherited_force_visibility":null,"pp_inherited_subpost_visibility":null,"yoast_head":"<!-- This site is optimized with the Yoast SEO plugin v27.4 - https:\/\/yoast.com\/product\/yoast-seo-wordpress\/ -->\n<title>D\u00e9partement Ing\u00e9nierie des Surfaces et des Tissus Biologiques (StBio) - #FutureMedicine<\/title>\n<meta name=\"robots\" content=\"index, follow, max-snippet:-1, max-image-preview:large, max-video-preview:-1\" \/>\n<link rel=\"canonical\" href=\"https:\/\/www.mines-stetienne.fr\/future-medicine-fr\/centre-ingenierie-et-sante\/departement-centres-et-departements-biomecanique-des-tissus-mous-stbio\/\" \/>\n<meta property=\"og:locale\" content=\"fr_FR\" \/>\n<meta property=\"og:type\" content=\"article\" \/>\n<meta property=\"og:title\" content=\"D\u00e9partement Ing\u00e9nierie des Surfaces et des Tissus Biologiques (StBio) - #FutureMedicine\" \/>\n<meta property=\"og:description\" content=\"Le d\u00e9partement est sp\u00e9cialiste de la mod\u00e9lisation et de l\u2019exp\u00e9rimentation sur les tissus biologiques mous appliqu\u00e9es au syst\u00e8me cardio-vasculaire ou au syst\u00e8me ost\u00e9o-articulaire. Le d\u00e9partement est int\u00e9gr\u00e9 (affili\u00e9) au Laboratoire U1059 Inserm&nbsp;Sainbiose, (Sant\u00e9 Ing\u00e9nierie Biologie Saint-\u00c9tienne), Equipe LBTO, Biologie des &hellip;\" \/>\n<meta property=\"og:url\" content=\"https:\/\/www.mines-stetienne.fr\/future-medicine-fr\/centre-ingenierie-et-sante\/departement-centres-et-departements-biomecanique-des-tissus-mous-stbio\/\" \/>\n<meta property=\"og:site_name\" content=\"#FutureMedicine\" \/>\n<meta property=\"article:publisher\" content=\"https:\/\/www.facebook.com\/MinesSaintEtienne\" \/>\n<meta property=\"article:modified_time\" content=\"2024-05-28T07:06:19+00:00\" \/>\n<meta property=\"og:image\" content=\"https:\/\/www.mines-stetienne.fr\/future-medicine-fr\/wp-content\/uploads\/sites\/15\/2020\/11\/DemoSM2.jpg\" \/>\n<meta name=\"twitter:card\" content=\"summary_large_image\" \/>\n<meta name=\"twitter:site\" content=\"@MINES_StEtienne\" \/>\n<meta name=\"twitter:label1\" content=\"Dur\u00e9e de lecture estim\u00e9e\" \/>\n\t<meta name=\"twitter:data1\" content=\"4 minutes\" \/>\n<script type=\"application\/ld+json\" class=\"yoast-schema-graph\">{\"@context\":\"https:\\\/\\\/schema.org\",\"@graph\":[{\"@type\":\"WebPage\",\"@id\":\"https:\\\/\\\/www.mines-stetienne.fr\\\/future-medicine-fr\\\/centre-ingenierie-et-sante\\\/departement-centres-et-departements-biomecanique-des-tissus-mous-stbio\\\/\",\"url\":\"https:\\\/\\\/www.mines-stetienne.fr\\\/future-medicine-fr\\\/centre-ingenierie-et-sante\\\/departement-centres-et-departements-biomecanique-des-tissus-mous-stbio\\\/\",\"name\":\"D\u00e9partement Ing\u00e9nierie des Surfaces et des Tissus Biologiques (StBio) - #FutureMedicine\",\"isPartOf\":{\"@id\":\"https:\\\/\\\/www.mines-stetienne.fr\\\/future-medicine-fr\\\/#website\"},\"primaryImageOfPage\":{\"@id\":\"https:\\\/\\\/www.mines-stetienne.fr\\\/future-medicine-fr\\\/centre-ingenierie-et-sante\\\/departement-centres-et-departements-biomecanique-des-tissus-mous-stbio\\\/#primaryimage\"},\"image\":{\"@id\":\"https:\\\/\\\/www.mines-stetienne.fr\\\/future-medicine-fr\\\/centre-ingenierie-et-sante\\\/departement-centres-et-departements-biomecanique-des-tissus-mous-stbio\\\/#primaryimage\"},\"thumbnailUrl\":\"https:\\\/\\\/www.mines-stetienne.fr\\\/future-medicine-fr\\\/wp-content\\\/uploads\\\/sites\\\/15\\\/2020\\\/11\\\/DemoSM2.jpg\",\"datePublished\":\"2020-12-01T14:07:06+00:00\",\"dateModified\":\"2024-05-28T07:06:19+00:00\",\"breadcrumb\":{\"@id\":\"https:\\\/\\\/www.mines-stetienne.fr\\\/future-medicine-fr\\\/centre-ingenierie-et-sante\\\/departement-centres-et-departements-biomecanique-des-tissus-mous-stbio\\\/#breadcrumb\"},\"inLanguage\":\"fr-FR\",\"potentialAction\":[{\"@type\":\"ReadAction\",\"target\":[\"https:\\\/\\\/www.mines-stetienne.fr\\\/future-medicine-fr\\\/centre-ingenierie-et-sante\\\/departement-centres-et-departements-biomecanique-des-tissus-mous-stbio\\\/\"]}]},{\"@type\":\"ImageObject\",\"inLanguage\":\"fr-FR\",\"@id\":\"https:\\\/\\\/www.mines-stetienne.fr\\\/future-medicine-fr\\\/centre-ingenierie-et-sante\\\/departement-centres-et-departements-biomecanique-des-tissus-mous-stbio\\\/#primaryimage\",\"url\":\"https:\\\/\\\/www.mines-stetienne.fr\\\/future-medicine-fr\\\/wp-content\\\/uploads\\\/sites\\\/15\\\/2020\\\/11\\\/DemoSM2.jpg\",\"contentUrl\":\"https:\\\/\\\/www.mines-stetienne.fr\\\/future-medicine-fr\\\/wp-content\\\/uploads\\\/sites\\\/15\\\/2020\\\/11\\\/DemoSM2.jpg\",\"width\":750,\"height\":520},{\"@type\":\"BreadcrumbList\",\"@id\":\"https:\\\/\\\/www.mines-stetienne.fr\\\/future-medicine-fr\\\/centre-ingenierie-et-sante\\\/departement-centres-et-departements-biomecanique-des-tissus-mous-stbio\\\/#breadcrumb\",\"itemListElement\":[{\"@type\":\"ListItem\",\"position\":1,\"name\":\"Accueil\",\"item\":\"https:\\\/\\\/www.mines-stetienne.fr\\\/future-medicine-fr\\\/\"},{\"@type\":\"ListItem\",\"position\":2,\"name\":\"Centre Ing\u00e9nierie et Sant\u00e9\",\"item\":\"https:\\\/\\\/www.mines-stetienne.fr\\\/future-medicine-fr\\\/centre-ingenierie-et-sante\\\/\"},{\"@type\":\"ListItem\",\"position\":3,\"name\":\"D\u00e9partement Ing\u00e9nierie des Surfaces et des Tissus Biologiques (StBio)\"}]},{\"@type\":\"WebSite\",\"@id\":\"https:\\\/\\\/www.mines-stetienne.fr\\\/future-medicine-fr\\\/#website\",\"url\":\"https:\\\/\\\/www.mines-stetienne.fr\\\/future-medicine-fr\\\/\",\"name\":\"#FutureMedicine\",\"description\":\"- Mines Saint-\u00c9tienne Tech\",\"potentialAction\":[{\"@type\":\"SearchAction\",\"target\":{\"@type\":\"EntryPoint\",\"urlTemplate\":\"https:\\\/\\\/www.mines-stetienne.fr\\\/future-medicine-fr\\\/?s={search_term_string}\"},\"query-input\":{\"@type\":\"PropertyValueSpecification\",\"valueRequired\":true,\"valueName\":\"search_term_string\"}}],\"inLanguage\":\"fr-FR\"}]}<\/script>\n<!-- \/ Yoast SEO plugin. -->","yoast_head_json":{"title":"D\u00e9partement Ing\u00e9nierie des Surfaces et des Tissus Biologiques (StBio) - #FutureMedicine","robots":{"index":"index","follow":"follow","max-snippet":"max-snippet:-1","max-image-preview":"max-image-preview:large","max-video-preview":"max-video-preview:-1"},"canonical":"https:\/\/www.mines-stetienne.fr\/future-medicine-fr\/centre-ingenierie-et-sante\/departement-centres-et-departements-biomecanique-des-tissus-mous-stbio\/","og_locale":"fr_FR","og_type":"article","og_title":"D\u00e9partement Ing\u00e9nierie des Surfaces et des Tissus Biologiques (StBio) - #FutureMedicine","og_description":"Le d\u00e9partement est sp\u00e9cialiste de la mod\u00e9lisation et de l\u2019exp\u00e9rimentation sur les tissus biologiques mous appliqu\u00e9es au syst\u00e8me cardio-vasculaire ou au syst\u00e8me ost\u00e9o-articulaire. Le d\u00e9partement est int\u00e9gr\u00e9 (affili\u00e9) au Laboratoire U1059 Inserm&nbsp;Sainbiose, (Sant\u00e9 Ing\u00e9nierie Biologie Saint-\u00c9tienne), Equipe LBTO, Biologie des &hellip;","og_url":"https:\/\/www.mines-stetienne.fr\/future-medicine-fr\/centre-ingenierie-et-sante\/departement-centres-et-departements-biomecanique-des-tissus-mous-stbio\/","og_site_name":"#FutureMedicine","article_publisher":"https:\/\/www.facebook.com\/MinesSaintEtienne","article_modified_time":"2024-05-28T07:06:19+00:00","og_image":[{"url":"https:\/\/www.mines-stetienne.fr\/future-medicine-fr\/wp-content\/uploads\/sites\/15\/2020\/11\/DemoSM2.jpg","type":"","width":"","height":""}],"twitter_card":"summary_large_image","twitter_site":"@MINES_StEtienne","twitter_misc":{"Dur\u00e9e de lecture estim\u00e9e":"4 minutes"},"schema":{"@context":"https:\/\/schema.org","@graph":[{"@type":"WebPage","@id":"https:\/\/www.mines-stetienne.fr\/future-medicine-fr\/centre-ingenierie-et-sante\/departement-centres-et-departements-biomecanique-des-tissus-mous-stbio\/","url":"https:\/\/www.mines-stetienne.fr\/future-medicine-fr\/centre-ingenierie-et-sante\/departement-centres-et-departements-biomecanique-des-tissus-mous-stbio\/","name":"D\u00e9partement Ing\u00e9nierie des Surfaces et des Tissus Biologiques (StBio) - #FutureMedicine","isPartOf":{"@id":"https:\/\/www.mines-stetienne.fr\/future-medicine-fr\/#website"},"primaryImageOfPage":{"@id":"https:\/\/www.mines-stetienne.fr\/future-medicine-fr\/centre-ingenierie-et-sante\/departement-centres-et-departements-biomecanique-des-tissus-mous-stbio\/#primaryimage"},"image":{"@id":"https:\/\/www.mines-stetienne.fr\/future-medicine-fr\/centre-ingenierie-et-sante\/departement-centres-et-departements-biomecanique-des-tissus-mous-stbio\/#primaryimage"},"thumbnailUrl":"https:\/\/www.mines-stetienne.fr\/future-medicine-fr\/wp-content\/uploads\/sites\/15\/2020\/11\/DemoSM2.jpg","datePublished":"2020-12-01T14:07:06+00:00","dateModified":"2024-05-28T07:06:19+00:00","breadcrumb":{"@id":"https:\/\/www.mines-stetienne.fr\/future-medicine-fr\/centre-ingenierie-et-sante\/departement-centres-et-departements-biomecanique-des-tissus-mous-stbio\/#breadcrumb"},"inLanguage":"fr-FR","potentialAction":[{"@type":"ReadAction","target":["https:\/\/www.mines-stetienne.fr\/future-medicine-fr\/centre-ingenierie-et-sante\/departement-centres-et-departements-biomecanique-des-tissus-mous-stbio\/"]}]},{"@type":"ImageObject","inLanguage":"fr-FR","@id":"https:\/\/www.mines-stetienne.fr\/future-medicine-fr\/centre-ingenierie-et-sante\/departement-centres-et-departements-biomecanique-des-tissus-mous-stbio\/#primaryimage","url":"https:\/\/www.mines-stetienne.fr\/future-medicine-fr\/wp-content\/uploads\/sites\/15\/2020\/11\/DemoSM2.jpg","contentUrl":"https:\/\/www.mines-stetienne.fr\/future-medicine-fr\/wp-content\/uploads\/sites\/15\/2020\/11\/DemoSM2.jpg","width":750,"height":520},{"@type":"BreadcrumbList","@id":"https:\/\/www.mines-stetienne.fr\/future-medicine-fr\/centre-ingenierie-et-sante\/departement-centres-et-departements-biomecanique-des-tissus-mous-stbio\/#breadcrumb","itemListElement":[{"@type":"ListItem","position":1,"name":"Accueil","item":"https:\/\/www.mines-stetienne.fr\/future-medicine-fr\/"},{"@type":"ListItem","position":2,"name":"Centre Ing\u00e9nierie et Sant\u00e9","item":"https:\/\/www.mines-stetienne.fr\/future-medicine-fr\/centre-ingenierie-et-sante\/"},{"@type":"ListItem","position":3,"name":"D\u00e9partement Ing\u00e9nierie des Surfaces et des Tissus Biologiques (StBio)"}]},{"@type":"WebSite","@id":"https:\/\/www.mines-stetienne.fr\/future-medicine-fr\/#website","url":"https:\/\/www.mines-stetienne.fr\/future-medicine-fr\/","name":"#FutureMedicine","description":"- Mines Saint-\u00c9tienne Tech","potentialAction":[{"@type":"SearchAction","target":{"@type":"EntryPoint","urlTemplate":"https:\/\/www.mines-stetienne.fr\/future-medicine-fr\/?s={search_term_string}"},"query-input":{"@type":"PropertyValueSpecification","valueRequired":true,"valueName":"search_term_string"}}],"inLanguage":"fr-FR"}]}},"_links":{"self":[{"href":"https:\/\/www.mines-stetienne.fr\/future-medicine-fr\/wp-json\/wp\/v2\/pages\/20970","targetHints":{"allow":["GET"]}}],"collection":[{"href":"https:\/\/www.mines-stetienne.fr\/future-medicine-fr\/wp-json\/wp\/v2\/pages"}],"about":[{"href":"https:\/\/www.mines-stetienne.fr\/future-medicine-fr\/wp-json\/wp\/v2\/types\/page"}],"author":[{"embeddable":true,"href":"https:\/\/www.mines-stetienne.fr\/future-medicine-fr\/wp-json\/wp\/v2\/users\/3"}],"replies":[{"embeddable":true,"href":"https:\/\/www.mines-stetienne.fr\/future-medicine-fr\/wp-json\/wp\/v2\/comments?post=20970"}],"version-history":[{"count":19,"href":"https:\/\/www.mines-stetienne.fr\/future-medicine-fr\/wp-json\/wp\/v2\/pages\/20970\/revisions"}],"predecessor-version":[{"id":21689,"href":"https:\/\/www.mines-stetienne.fr\/future-medicine-fr\/wp-json\/wp\/v2\/pages\/20970\/revisions\/21689"}],"up":[{"embeddable":true,"href":"https:\/\/www.mines-stetienne.fr\/future-medicine-fr\/wp-json\/wp\/v2\/pages\/20981"}],"wp:attachment":[{"href":"https:\/\/www.mines-stetienne.fr\/future-medicine-fr\/wp-json\/wp\/v2\/media?parent=20970"}],"wp:term":[{"taxonomy":"post_tag","embeddable":true,"href":"https:\/\/www.mines-stetienne.fr\/future-medicine-fr\/wp-json\/wp\/v2\/tags?post=20970"}],"curies":[{"name":"wp","href":"https:\/\/api.w.org\/{rel}","templated":true}]}}