{"id":20944,"date":"2020-12-01T14:18:37","date_gmt":"2020-12-01T13:18:37","guid":{"rendered":"https:\/\/www.mines-stetienne.fr\/future-medicine-fr\/?page_id=20944"},"modified":"2023-09-05T16:52:03","modified_gmt":"2023-09-05T14:52:03","slug":"departement-ingenierie-des-systemes-de-soins-et-des-services-de-sante-i4s","status":"publish","type":"page","link":"https:\/\/www.mines-stetienne.fr\/future-medicine-fr\/centre-ingenierie-et-sante\/departement-ingenierie-des-systemes-de-soins-et-des-services-de-sante-i4s\/","title":{"rendered":"D\u00e9partement Ing\u00e9nierie des Syst\u00e8mes de Soins et des Services de Sant\u00e9 (I4S)"},"content":{"rendered":"\n<h3 class=\"wp-block-heading\">Le projet phare du d\u00e9partement porte&nbsp;sur l\u2019optimisation du parcours de soins \u00e0 l\u2019h\u00f4pital et en dehors de l\u2019h\u00f4pital,&nbsp;via un projet collaboratif de plateforme hospitali\u00e8re virtuelle.<\/h3>\n\n\n\n<p>I4S repr\u00e9sente une \u00e9quipe de 15&nbsp;chercheurs \u00e0 l\u2019excellence reconnue en recherche op\u00e9rationnelle et g\u00e9nie&nbsp;industriel, qui se sp\u00e9cialisent en \u00e9tudes des syst\u00e8mes de soins et des donn\u00e9es de sant\u00e9 en lien avec un vaste r\u00e9seau de&nbsp;partenaires&nbsp;hospitaliers et industriels. Le d\u00e9partement est rattach\u00e9 \u00e0 l&rsquo;<a rel=\"noreferrer noopener\" href=\"https:\/\/limos.fr\/\" target=\"_blank\">Unit\u00e9 Mixte de Recherche CNRS UMR6158 LIMOS<\/a>, Laboratoire&nbsp;d&rsquo;Informatique, de Mod\u00e9lisation et d&rsquo;Optimisation des Syst\u00e8mes.<\/p>\n\n\n\n<figure class=\"wp-block-gallery has-nested-images columns-default is-cropped wp-block-gallery-1 is-layout-flex wp-block-gallery-is-layout-flex\">\n<figure class=\"wp-block-image size-large\"><img loading=\"lazy\" decoding=\"async\" width=\"739\" height=\"562\" data-id=\"20949\" src=\"https:\/\/www.mines-stetienne.fr\/future-medicine-fr\/wp-content\/uploads\/sites\/15\/2020\/12\/HoViDemo2.jpg\" alt=\"\" class=\"wp-image-20949\" srcset=\"https:\/\/www.mines-stetienne.fr\/future-medicine-fr\/wp-content\/uploads\/sites\/15\/2020\/12\/HoViDemo2.jpg 739w, https:\/\/www.mines-stetienne.fr\/future-medicine-fr\/wp-content\/uploads\/sites\/15\/2020\/12\/HoViDemo2-300x228.jpg 300w\" sizes=\"auto, (max-width: 739px) 100vw, 739px\" \/><\/figure>\n\n\n\n<figure class=\"wp-block-image size-large\"><img loading=\"lazy\" decoding=\"async\" width=\"1024\" height=\"816\" data-id=\"20950\" src=\"https:\/\/www.mines-stetienne.fr\/future-medicine-fr\/wp-content\/uploads\/sites\/15\/2020\/12\/IMG_3989-1024x816.jpg\" alt=\"\" class=\"wp-image-20950\" srcset=\"https:\/\/www.mines-stetienne.fr\/future-medicine-fr\/wp-content\/uploads\/sites\/15\/2020\/12\/IMG_3989-1024x816.jpg 1024w, https:\/\/www.mines-stetienne.fr\/future-medicine-fr\/wp-content\/uploads\/sites\/15\/2020\/12\/IMG_3989-300x239.jpg 300w, https:\/\/www.mines-stetienne.fr\/future-medicine-fr\/wp-content\/uploads\/sites\/15\/2020\/12\/IMG_3989-768x612.jpg 768w, https:\/\/www.mines-stetienne.fr\/future-medicine-fr\/wp-content\/uploads\/sites\/15\/2020\/12\/IMG_3989.jpg 1337w\" sizes=\"auto, (max-width: 1024px) 100vw, 1024px\" \/><\/figure>\n\n\n\n<figure class=\"wp-block-image size-large\"><img loading=\"lazy\" decoding=\"async\" width=\"374\" height=\"247\" data-id=\"20951\" src=\"https:\/\/www.mines-stetienne.fr\/future-medicine-fr\/wp-content\/uploads\/sites\/15\/2020\/12\/Auragen.jpg\" alt=\"https:\/\/www.mines-stetienne.fr\/future-medicine-fr\/centre-ingenierie-et-sante\/departement-ingenierie-des-systemes-de-soins-et-des-services-de-sante-i4s\/\" class=\"wp-image-20951\" srcset=\"https:\/\/www.mines-stetienne.fr\/future-medicine-fr\/wp-content\/uploads\/sites\/15\/2020\/12\/Auragen.jpg 374w, https:\/\/www.mines-stetienne.fr\/future-medicine-fr\/wp-content\/uploads\/sites\/15\/2020\/12\/Auragen-300x198.jpg 300w\" sizes=\"auto, (max-width: 374px) 100vw, 374px\" \/><\/figure>\n<\/figure>\n\n\n\n<h4 class=\"wp-block-heading\">Th\u00e9matiques<\/h4>\n\n\n\n<ul class=\"wp-block-list\">\n<li>Les recherches portent sur la\u00a0mod\u00e9lisation, la simulation et l\u2019optimisation des syst\u00e8mes de production de\u00a0soin selon 3 axes :\n<ul class=\"wp-block-list\">\n<li>ing\u00e9nierie des syst\u00e8mes et de&nbsp;services,<\/li>\n\n\n\n<li>planification et logistique<\/li>\n\n\n\n<li>donn\u00e9es de sant\u00e9 et aide \u00e0 la&nbsp;d\u00e9cision m\u00e9dicale<\/li>\n<\/ul>\n<\/li>\n\n\n\n<li>Elles s\u2019appuient sur le d\u00e9veloppement&nbsp;des m\u00e9thodes math\u00e9matiques et outils logiciels pour l\u2019\u00e9valuation et&nbsp;l\u2019optimisation des syst\u00e8mes de soins et des services de sant\u00e9 en partenariat&nbsp;avec les&nbsp;h\u00f4pitaux.<\/li>\n<\/ul>\n\n\n\n<h4 class=\"wp-block-heading\">M\u00e9thodes<\/h4>\n\n\n\n<ul class=\"wp-block-list\">\n<li>&nbsp;Mod\u00e9lisation et simulation des flux: simulation \u00e0 \u00e9v\u00e9nements discrets, r\u00e9seaux de Petri, chaines de Markov, files d\u2019attente<\/li>\n\n\n\n<li>Optimization&nbsp;: planification, ordonnancement, optimisation combinatoire, optimisation stochastique et dynamique<\/li>\n\n\n\n<li>Donn\u00e9es de sant\u00e9&nbsp;: apprentissage automatique, process mining, jumeau digital, traitement du signal, analyse d\u2019image.<\/li>\n<\/ul>\n\n\n\n<h4 class=\"wp-block-heading\">Plateaux techniques<\/h4>\n\n\n\n<p>\u2022<strong><a href=\"https:\/\/www.mines-stetienne.fr\/future-medicine-fr\/centre-ingenierie-et-sante\/plateau-technique-labo-i-a\/\" target=\"_blank\" rel=\"noreferrer noopener\"> Labo IA<\/a><\/strong>&nbsp;: Laboratoire Intelligence Artificielle&nbsp;: un espace num\u00e9rique permettant l&rsquo;acquisition et le traitement de donn\u00e9es, muni d&rsquo;un banc d&rsquo;essai pour l&rsquo;analyse des ondes c\u00e9r\u00e9brales (acquisition de signaux EEG). <\/p>\n\n\n\n<p><strong>\u2022<\/strong> <strong><a href=\"https:\/\/www.mines-stetienne.fr\/future-medicine-fr\/centre-ingenierie-et-sante\/plateau-technique-hopital-virtuel\/\" target=\"_blank\" rel=\"noreferrer noopener\">H\u00f4pital Virtuel<\/a><\/strong> : un jumeau digital de l\u2019h\u00f4pital qui offre une mise \u00e0 disposition d\u2019applications innovantes en lien avec r\u00e9alit\u00e9 virtuelle et r\u00e9alit\u00e9 augment\u00e9e, pour exp\u00e9rimenter les organisations et les technologies en sant\u00e9.<\/p>\n\n\n\n<h4 class=\"wp-block-heading\">Partenaires<\/h4>\n\n\n\n<p>CHU, Centre L\u00e9on-B\u00e9rard, ICL,&nbsp;Canc\u00e9rop\u00f4le Lyon Auvergne Rh\u00f4ne-Alpes (CLARA), HEVA, Groupe AESIO Sant\u00e9, AHF,&nbsp;Aesio Sant\u00e9,<br><a href=\"http:\/\/ieem.sjtu.edu.cn\/en\/yzjy.html\" target=\"_blank\" rel=\"noreferrer noopener\">Shangai Jiao Tong University <\/a>(\u00e9quipe&nbsp;miroir du&nbsp;Department of Industrial Engineering and Management&nbsp;dont X.Xie est professeur&nbsp;titulaire)<\/p>\n\n\n\n<h4 class=\"wp-block-heading\">Structures de recherche associ\u00e9es<\/h4>\n\n\n\n<ul class=\"wp-block-list\">\n<li><a href=\"https:\/\/www.fondationdelavenir.org\/avenir-sante-numerique-donner-moyens-aux-travaux-e-sante-de-passer-projet-a-realite\/\">Chaire Avenir Sant\u00e9 Num\u00e9rique<\/a> \u00ab Penser la sant\u00e9 num\u00e9rique dans sa&nbsp;globalit\u00e9 et de mani\u00e8re scientifique, en privil\u00e9giant une d\u00e9marche&nbsp;pluridisciplinaire \u00bb<\/li>\n\n\n\n<li><a href=\"http:\/\/i-carecluster.org\/historique\/presentation\/\" target=\"_blank\" rel=\"noreferrer noopener\">Cluster&nbsp;: I-CARE<\/a>&nbsp;: anime,&nbsp;accompagne et valorise les \u00ab innovateurs \u00bb (entreprises, entrepreneurs, acteurs&nbsp;de sant\u00e9) engag\u00e9s dans la conception de nouvelles solutions en sant\u00e9&nbsp;(pr\u00e9vention,&nbsp;sanitaire et autonomie) en Auvergne Rh\u00f4ne-Alpes<\/li>\n\n\n\n<li><a href=\"\/www.auragen.fr\/la-plateforme-auragen\/)\">Plateforme g\u00e9nomique Auragen<\/a>&nbsp;: AUvergne&nbsp;Rh\u00f4ne-Alpes G\u00e9nomique. La plateforme propose une offre de s\u00e9quen\u00e7age \u00e0 tr\u00e8s&nbsp;haut d\u00e9bit aux acteurs impliqu\u00e9s en canc\u00e9rologie et dans la prise en&nbsp;charge des&nbsp;maladies rares sur la r\u00e9gion Auvergne Rh\u00f4ne-Alpes.<\/li>\n\n\n\n<li><a href=\"http:\/\/www.imobs3.uca.fr\/index.php\/fr\/\">Labex IMOBS3<\/a>&nbsp;: Laboratoire d&rsquo;Excellence IMobS3 \u00ab\u00a0Innovative&nbsp;Mobility: Smart and Sustainable Solutions (Mobilit\u00e9 Innovante des personnes,&nbsp;des biens et des machines)<\/li>\n<\/ul>\n\n\n\n<h4 class=\"wp-block-heading\"><strong>Exemples de projets en cours<\/strong> <strong>2020<\/strong><\/h4>\n\n\n\n<ul class=\"wp-block-list\">\n<li>Planification&nbsp;des services \u00e0 domicile (CIFRE Groupe AESIO Sant\u00e9)<\/li>\n\n\n\n<li>Mod\u00e9lisation&nbsp;pr\u00e9dictive\/machine learning des donn\u00e9es de sant\u00e9 (CIFRE HEVA)<\/li>\n\n\n\n<li>PSIH&nbsp;: Parcours de soins int\u00e9gr\u00e9s des a\u00een\u00e9s \u00e0 l\u2019h\u00f4pital (ANR)<\/li>\n\n\n\n<li>FITS&nbsp;: Syst\u00e8mes de transport intelligents et flexibles (ANR)<\/li>\n\n\n\n<li>https:\/\/anr.fr\/Project-ANR-18-CE22-0014<\/li>\n\n\n\n<li>Optimisation&nbsp;des parcours de soin en GHR (CH. Chalon)<\/li>\n\n\n\n<li>Logistique&nbsp;hospitali\u00e8re \u00e0 l\u2019aide de robots mobiles (FP6-IWARD<\/li>\n\n\n\n<li>ARS-Paris&nbsp;R\u00e9gion : Mod\u00e9lisation, simulation et analyse du repli de l\u2019offre de soins&nbsp;hospitali\u00e8re en cas de crue majeure<\/li>\n<\/ul>\n\n\n\n<h4 class=\"wp-block-heading\">Actualit\u00e9s<\/h4>\n\n\n\n<p><a href=\"https:\/\/case2021.sciencesconf.org\/\" target=\"_blank\" rel=\"noreferrer noopener\">Congr\u00e8s international&nbsp;IEEE CASE 2021<\/a>,&nbsp;27-30 ao\u00fbt 2021,&nbsp;Lyon&nbsp;<br>17th International Conference on Automation Science and&nbsp;Engineering&nbsp;<\/p>\n\n\n\n<h4 class=\"wp-block-heading\">Effectifs<\/h4>\n\n\n\n<p><br>Thierry GARAIX, responsable du d\u00e9partement, <br>Permanents : Vincent AUGUSTO, Julia FLECK, Laurent NAVARRO, Raksmey PHAN, Xiaolan XIE<br>Doctorants\u00a0&amp; Post-doctorants : <br>Dr Marianne SARAZIN, collaboratrice (<a href=\"https:\/\/www.sentiweb.fr\/france\/fr\/?page=presentation\" target=\"_blank\" rel=\"noreferrer noopener\">r\u00e9seau Sentinelles<\/a>)<\/p>\n\n\n\n<hr class=\"wp-block-separator has-css-opacity\" \/>\n\n\n\n<figure class=\"wp-block-gallery has-nested-images columns-default is-cropped wp-block-gallery-2 is-layout-flex wp-block-gallery-is-layout-flex\">\n<figure class=\"wp-block-image size-large\"><img loading=\"lazy\" decoding=\"async\" width=\"204\" height=\"254\" data-id=\"20351\" src=\"https:\/\/www.mines-stetienne.fr\/future-medicine-fr\/wp-content\/uploads\/sites\/15\/2020\/11\/IALab.jpg\" alt=\"\" class=\"wp-image-20351\" \/><\/figure>\n\n\n\n<figure class=\"wp-block-image size-large\"><img loading=\"lazy\" decoding=\"async\" width=\"501\" height=\"501\" data-id=\"20339\" src=\"https:\/\/www.mines-stetienne.fr\/future-medicine-fr\/wp-content\/uploads\/sites\/15\/2020\/11\/hovi3.jpg\" alt=\"\" class=\"wp-image-20339\" srcset=\"https:\/\/www.mines-stetienne.fr\/future-medicine-fr\/wp-content\/uploads\/sites\/15\/2020\/11\/hovi3.jpg 501w, https:\/\/www.mines-stetienne.fr\/future-medicine-fr\/wp-content\/uploads\/sites\/15\/2020\/11\/hovi3-300x300.jpg 300w, https:\/\/www.mines-stetienne.fr\/future-medicine-fr\/wp-content\/uploads\/sites\/15\/2020\/11\/hovi3-150x150.jpg 150w, https:\/\/www.mines-stetienne.fr\/future-medicine-fr\/wp-content\/uploads\/sites\/15\/2020\/11\/hovi3-75x75.jpg 75w, https:\/\/www.mines-stetienne.fr\/future-medicine-fr\/wp-content\/uploads\/sites\/15\/2020\/11\/hovi3-360x360.jpg 360w\" sizes=\"auto, (max-width: 501px) 100vw, 501px\" \/><\/figure>\n\n\n\n<figure class=\"wp-block-image size-large\"><img loading=\"lazy\" decoding=\"async\" width=\"564\" height=\"388\" data-id=\"20909\" src=\"https:\/\/www.mines-stetienne.fr\/future-medicine-fr\/wp-content\/uploads\/sites\/15\/2020\/11\/schemaFM.jpg\" alt=\"\" class=\"wp-image-20909\" srcset=\"https:\/\/www.mines-stetienne.fr\/future-medicine-fr\/wp-content\/uploads\/sites\/15\/2020\/11\/schemaFM.jpg 564w, https:\/\/www.mines-stetienne.fr\/future-medicine-fr\/wp-content\/uploads\/sites\/15\/2020\/11\/schemaFM-300x206.jpg 300w, https:\/\/www.mines-stetienne.fr\/future-medicine-fr\/wp-content\/uploads\/sites\/15\/2020\/11\/schemaFM-225x155.jpg 225w\" sizes=\"auto, (max-width: 564px) 100vw, 564px\" \/><figcaption class=\"wp-element-caption\">Plateforme #Future Medicine<\/figcaption><\/figure>\n<\/figure>\n\n\n\n<h5 class=\"wp-block-heading\"><a href=\"https:\/\/www.mines-stetienne.fr\/future-medicine-fr\/futuremedicine-2021\/\">#FutureMedicine \u2013 D\u00e9monstrateurs H\u00f4pital virtuel et Labo I.A<\/a>.<\/h5>\n\n\n\n<hr class=\"wp-block-separator has-css-opacity\" \/>\n\n\n\n<h4 class=\"wp-block-heading\">\u00c0 d\u00e9couvrir aussi<\/h4>\n\n\n\n<ul class=\"wp-block-list\">\n<li><a href=\"https:\/\/www.youtube.com\/watch?v=nLS2aoe7xzI\">Jumeau Digital des Urgences<\/a> \u2013 HoVi (#FutureMedicine, juillet 2019)<\/li>\n\n\n\n<li><a href=\"https:\/\/www.youtube.com\/watch?v=G3pG0WDqd9g&amp;list=PLdqWsGg7xps0YG8MFYaNW7un2c8ynDsNG&amp;index=10\">Parole d\u2019Alumni, Hugo de Oliviera<\/a> &#8211; ICM E 2014, doctorant au CIS, I4S, il travaille sur l\u2019analyse des donn\u00e9es de sant\u00e9<\/li>\n\n\n\n<li><a href=\"https:\/\/www.facebook.com\/defiautonomie42\/videos\/535622057256315\">D\u00e9fis d\u2019Or 2019<\/a> : Inventer demain (Octobre 2019)<\/li>\n\n\n\n<li>13e D\u00e9fi Autonomie Innovations au service des s\u00e9niors : <a href=\"https:\/\/www.youtube.com\/watch?v=-e1rbhYDs9M\">Rando S\u00e9nior Raksmey Phan<\/a><\/li>\n\n\n\n<li>Organisation des journ\u00e9es annuelle Efficience des syst\u00e8mes de soins (<a href=\"https:\/\/jess-2019.sciencesconf.org\/\">JESS<\/a>)<\/li>\n<\/ul>\n\n\n\n<hr class=\"wp-block-separator has-css-opacity\" \/>\n\n\n\n<p><\/p>\n","protected":false},"excerpt":{"rendered":"<p>Le projet phare du d\u00e9partement porte&nbsp;sur l\u2019optimisation du parcours de soins \u00e0 l\u2019h\u00f4pital et en dehors de l\u2019h\u00f4pital,&nbsp;via un projet collaboratif de plateforme hospitali\u00e8re virtuelle. I4S repr\u00e9sente une \u00e9quipe de 15&nbsp;chercheurs \u00e0 l\u2019excellence reconnue en recherche op\u00e9rationnelle et g\u00e9nie&nbsp;industriel, qui &hellip;<\/p>\n","protected":false},"author":3,"featured_media":0,"parent":20981,"menu_order":0,"comment_status":"closed","ping_status":"closed","template":"","meta":{"footnotes":""},"tags":[],"class_list":["post-20944","page","type-page","status-publish","hentry"],"pp_statuses_selecting_workflow":false,"pp_workflow_action":"current","pp_status_selection":"publish","pp_force_visibility":null,"pp_subpost_visibility":null,"pp_inherited_force_visibility":null,"pp_inherited_subpost_visibility":null,"yoast_head":"<!-- This site is optimized with the Yoast SEO plugin v27.5 - https:\/\/yoast.com\/product\/yoast-seo-wordpress\/ -->\n<title>D\u00e9partement Ing\u00e9nierie des Syst\u00e8mes de Soins et des Services de Sant\u00e9 (I4S) - #FutureMedicine<\/title>\n<meta name=\"robots\" content=\"index, follow, max-snippet:-1, max-image-preview:large, max-video-preview:-1\" \/>\n<link rel=\"canonical\" href=\"https:\/\/www.mines-stetienne.fr\/future-medicine-fr\/centre-ingenierie-et-sante\/departement-ingenierie-des-systemes-de-soins-et-des-services-de-sante-i4s\/\" \/>\n<meta property=\"og:locale\" content=\"fr_FR\" \/>\n<meta property=\"og:type\" content=\"article\" \/>\n<meta property=\"og:title\" content=\"D\u00e9partement Ing\u00e9nierie des Syst\u00e8mes de Soins et des Services de Sant\u00e9 (I4S) - #FutureMedicine\" \/>\n<meta property=\"og:description\" content=\"Le projet phare du d\u00e9partement porte&nbsp;sur l\u2019optimisation du parcours de soins \u00e0 l\u2019h\u00f4pital et en dehors de l\u2019h\u00f4pital,&nbsp;via un projet collaboratif de plateforme hospitali\u00e8re virtuelle. I4S repr\u00e9sente une \u00e9quipe de 15&nbsp;chercheurs \u00e0 l\u2019excellence reconnue en recherche op\u00e9rationnelle et g\u00e9nie&nbsp;industriel, qui &hellip;\" \/>\n<meta property=\"og:url\" content=\"https:\/\/www.mines-stetienne.fr\/future-medicine-fr\/centre-ingenierie-et-sante\/departement-ingenierie-des-systemes-de-soins-et-des-services-de-sante-i4s\/\" \/>\n<meta property=\"og:site_name\" content=\"#FutureMedicine\" \/>\n<meta property=\"article:publisher\" content=\"https:\/\/www.facebook.com\/MinesSaintEtienne\" \/>\n<meta property=\"article:modified_time\" content=\"2023-09-05T14:52:03+00:00\" \/>\n<meta property=\"og:image\" content=\"https:\/\/www.mines-stetienne.fr\/future-medicine-fr\/wp-content\/uploads\/sites\/15\/2020\/12\/HoViDemo2.jpg\" \/>\n<meta name=\"twitter:card\" content=\"summary_large_image\" \/>\n<meta name=\"twitter:site\" content=\"@MINES_StEtienne\" \/>\n<meta name=\"twitter:label1\" content=\"Dur\u00e9e de lecture estim\u00e9e\" \/>\n\t<meta name=\"twitter:data1\" content=\"5 minutes\" \/>\n<script type=\"application\/ld+json\" class=\"yoast-schema-graph\">{\"@context\":\"https:\\\/\\\/schema.org\",\"@graph\":[{\"@type\":\"WebPage\",\"@id\":\"https:\\\/\\\/www.mines-stetienne.fr\\\/future-medicine-fr\\\/centre-ingenierie-et-sante\\\/departement-ingenierie-des-systemes-de-soins-et-des-services-de-sante-i4s\\\/\",\"url\":\"https:\\\/\\\/www.mines-stetienne.fr\\\/future-medicine-fr\\\/centre-ingenierie-et-sante\\\/departement-ingenierie-des-systemes-de-soins-et-des-services-de-sante-i4s\\\/\",\"name\":\"D\u00e9partement Ing\u00e9nierie des Syst\u00e8mes de Soins et des Services de Sant\u00e9 (I4S) - #FutureMedicine\",\"isPartOf\":{\"@id\":\"https:\\\/\\\/www.mines-stetienne.fr\\\/future-medicine-fr\\\/#website\"},\"primaryImageOfPage\":{\"@id\":\"https:\\\/\\\/www.mines-stetienne.fr\\\/future-medicine-fr\\\/centre-ingenierie-et-sante\\\/departement-ingenierie-des-systemes-de-soins-et-des-services-de-sante-i4s\\\/#primaryimage\"},\"image\":{\"@id\":\"https:\\\/\\\/www.mines-stetienne.fr\\\/future-medicine-fr\\\/centre-ingenierie-et-sante\\\/departement-ingenierie-des-systemes-de-soins-et-des-services-de-sante-i4s\\\/#primaryimage\"},\"thumbnailUrl\":\"https:\\\/\\\/www.mines-stetienne.fr\\\/future-medicine-fr\\\/wp-content\\\/uploads\\\/sites\\\/15\\\/2020\\\/12\\\/HoViDemo2.jpg\",\"datePublished\":\"2020-12-01T13:18:37+00:00\",\"dateModified\":\"2023-09-05T14:52:03+00:00\",\"breadcrumb\":{\"@id\":\"https:\\\/\\\/www.mines-stetienne.fr\\\/future-medicine-fr\\\/centre-ingenierie-et-sante\\\/departement-ingenierie-des-systemes-de-soins-et-des-services-de-sante-i4s\\\/#breadcrumb\"},\"inLanguage\":\"fr-FR\",\"potentialAction\":[{\"@type\":\"ReadAction\",\"target\":[\"https:\\\/\\\/www.mines-stetienne.fr\\\/future-medicine-fr\\\/centre-ingenierie-et-sante\\\/departement-ingenierie-des-systemes-de-soins-et-des-services-de-sante-i4s\\\/\"]}]},{\"@type\":\"ImageObject\",\"inLanguage\":\"fr-FR\",\"@id\":\"https:\\\/\\\/www.mines-stetienne.fr\\\/future-medicine-fr\\\/centre-ingenierie-et-sante\\\/departement-ingenierie-des-systemes-de-soins-et-des-services-de-sante-i4s\\\/#primaryimage\",\"url\":\"https:\\\/\\\/www.mines-stetienne.fr\\\/future-medicine-fr\\\/wp-content\\\/uploads\\\/sites\\\/15\\\/2020\\\/12\\\/HoViDemo2.jpg\",\"contentUrl\":\"https:\\\/\\\/www.mines-stetienne.fr\\\/future-medicine-fr\\\/wp-content\\\/uploads\\\/sites\\\/15\\\/2020\\\/12\\\/HoViDemo2.jpg\",\"width\":739,\"height\":562},{\"@type\":\"BreadcrumbList\",\"@id\":\"https:\\\/\\\/www.mines-stetienne.fr\\\/future-medicine-fr\\\/centre-ingenierie-et-sante\\\/departement-ingenierie-des-systemes-de-soins-et-des-services-de-sante-i4s\\\/#breadcrumb\",\"itemListElement\":[{\"@type\":\"ListItem\",\"position\":1,\"name\":\"Accueil\",\"item\":\"https:\\\/\\\/www.mines-stetienne.fr\\\/future-medicine-fr\\\/\"},{\"@type\":\"ListItem\",\"position\":2,\"name\":\"Centre Ing\u00e9nierie et Sant\u00e9\",\"item\":\"https:\\\/\\\/www.mines-stetienne.fr\\\/future-medicine-fr\\\/centre-ingenierie-et-sante\\\/\"},{\"@type\":\"ListItem\",\"position\":3,\"name\":\"D\u00e9partement Ing\u00e9nierie des Syst\u00e8mes de Soins et des Services de Sant\u00e9 (I4S)\"}]},{\"@type\":\"WebSite\",\"@id\":\"https:\\\/\\\/www.mines-stetienne.fr\\\/future-medicine-fr\\\/#website\",\"url\":\"https:\\\/\\\/www.mines-stetienne.fr\\\/future-medicine-fr\\\/\",\"name\":\"#FutureMedicine\",\"description\":\"- Mines Saint-\u00c9tienne Tech\",\"potentialAction\":[{\"@type\":\"SearchAction\",\"target\":{\"@type\":\"EntryPoint\",\"urlTemplate\":\"https:\\\/\\\/www.mines-stetienne.fr\\\/future-medicine-fr\\\/?s={search_term_string}\"},\"query-input\":{\"@type\":\"PropertyValueSpecification\",\"valueRequired\":true,\"valueName\":\"search_term_string\"}}],\"inLanguage\":\"fr-FR\"}]}<\/script>\n<!-- \/ Yoast SEO plugin. -->","yoast_head_json":{"title":"D\u00e9partement Ing\u00e9nierie des Syst\u00e8mes de Soins et des Services de Sant\u00e9 (I4S) - #FutureMedicine","robots":{"index":"index","follow":"follow","max-snippet":"max-snippet:-1","max-image-preview":"max-image-preview:large","max-video-preview":"max-video-preview:-1"},"canonical":"https:\/\/www.mines-stetienne.fr\/future-medicine-fr\/centre-ingenierie-et-sante\/departement-ingenierie-des-systemes-de-soins-et-des-services-de-sante-i4s\/","og_locale":"fr_FR","og_type":"article","og_title":"D\u00e9partement Ing\u00e9nierie des Syst\u00e8mes de Soins et des Services de Sant\u00e9 (I4S) - #FutureMedicine","og_description":"Le projet phare du d\u00e9partement porte&nbsp;sur l\u2019optimisation du parcours de soins \u00e0 l\u2019h\u00f4pital et en dehors de l\u2019h\u00f4pital,&nbsp;via un projet collaboratif de plateforme hospitali\u00e8re virtuelle. I4S repr\u00e9sente une \u00e9quipe de 15&nbsp;chercheurs \u00e0 l\u2019excellence reconnue en recherche op\u00e9rationnelle et g\u00e9nie&nbsp;industriel, qui &hellip;","og_url":"https:\/\/www.mines-stetienne.fr\/future-medicine-fr\/centre-ingenierie-et-sante\/departement-ingenierie-des-systemes-de-soins-et-des-services-de-sante-i4s\/","og_site_name":"#FutureMedicine","article_publisher":"https:\/\/www.facebook.com\/MinesSaintEtienne","article_modified_time":"2023-09-05T14:52:03+00:00","og_image":[{"url":"https:\/\/www.mines-stetienne.fr\/future-medicine-fr\/wp-content\/uploads\/sites\/15\/2020\/12\/HoViDemo2.jpg","type":"","width":"","height":""}],"twitter_card":"summary_large_image","twitter_site":"@MINES_StEtienne","twitter_misc":{"Dur\u00e9e de lecture estim\u00e9e":"5 minutes"},"schema":{"@context":"https:\/\/schema.org","@graph":[{"@type":"WebPage","@id":"https:\/\/www.mines-stetienne.fr\/future-medicine-fr\/centre-ingenierie-et-sante\/departement-ingenierie-des-systemes-de-soins-et-des-services-de-sante-i4s\/","url":"https:\/\/www.mines-stetienne.fr\/future-medicine-fr\/centre-ingenierie-et-sante\/departement-ingenierie-des-systemes-de-soins-et-des-services-de-sante-i4s\/","name":"D\u00e9partement Ing\u00e9nierie des Syst\u00e8mes de Soins et des Services de Sant\u00e9 (I4S) - #FutureMedicine","isPartOf":{"@id":"https:\/\/www.mines-stetienne.fr\/future-medicine-fr\/#website"},"primaryImageOfPage":{"@id":"https:\/\/www.mines-stetienne.fr\/future-medicine-fr\/centre-ingenierie-et-sante\/departement-ingenierie-des-systemes-de-soins-et-des-services-de-sante-i4s\/#primaryimage"},"image":{"@id":"https:\/\/www.mines-stetienne.fr\/future-medicine-fr\/centre-ingenierie-et-sante\/departement-ingenierie-des-systemes-de-soins-et-des-services-de-sante-i4s\/#primaryimage"},"thumbnailUrl":"https:\/\/www.mines-stetienne.fr\/future-medicine-fr\/wp-content\/uploads\/sites\/15\/2020\/12\/HoViDemo2.jpg","datePublished":"2020-12-01T13:18:37+00:00","dateModified":"2023-09-05T14:52:03+00:00","breadcrumb":{"@id":"https:\/\/www.mines-stetienne.fr\/future-medicine-fr\/centre-ingenierie-et-sante\/departement-ingenierie-des-systemes-de-soins-et-des-services-de-sante-i4s\/#breadcrumb"},"inLanguage":"fr-FR","potentialAction":[{"@type":"ReadAction","target":["https:\/\/www.mines-stetienne.fr\/future-medicine-fr\/centre-ingenierie-et-sante\/departement-ingenierie-des-systemes-de-soins-et-des-services-de-sante-i4s\/"]}]},{"@type":"ImageObject","inLanguage":"fr-FR","@id":"https:\/\/www.mines-stetienne.fr\/future-medicine-fr\/centre-ingenierie-et-sante\/departement-ingenierie-des-systemes-de-soins-et-des-services-de-sante-i4s\/#primaryimage","url":"https:\/\/www.mines-stetienne.fr\/future-medicine-fr\/wp-content\/uploads\/sites\/15\/2020\/12\/HoViDemo2.jpg","contentUrl":"https:\/\/www.mines-stetienne.fr\/future-medicine-fr\/wp-content\/uploads\/sites\/15\/2020\/12\/HoViDemo2.jpg","width":739,"height":562},{"@type":"BreadcrumbList","@id":"https:\/\/www.mines-stetienne.fr\/future-medicine-fr\/centre-ingenierie-et-sante\/departement-ingenierie-des-systemes-de-soins-et-des-services-de-sante-i4s\/#breadcrumb","itemListElement":[{"@type":"ListItem","position":1,"name":"Accueil","item":"https:\/\/www.mines-stetienne.fr\/future-medicine-fr\/"},{"@type":"ListItem","position":2,"name":"Centre Ing\u00e9nierie et Sant\u00e9","item":"https:\/\/www.mines-stetienne.fr\/future-medicine-fr\/centre-ingenierie-et-sante\/"},{"@type":"ListItem","position":3,"name":"D\u00e9partement Ing\u00e9nierie des Syst\u00e8mes de Soins et des Services de Sant\u00e9 (I4S)"}]},{"@type":"WebSite","@id":"https:\/\/www.mines-stetienne.fr\/future-medicine-fr\/#website","url":"https:\/\/www.mines-stetienne.fr\/future-medicine-fr\/","name":"#FutureMedicine","description":"- Mines Saint-\u00c9tienne Tech","potentialAction":[{"@type":"SearchAction","target":{"@type":"EntryPoint","urlTemplate":"https:\/\/www.mines-stetienne.fr\/future-medicine-fr\/?s={search_term_string}"},"query-input":{"@type":"PropertyValueSpecification","valueRequired":true,"valueName":"search_term_string"}}],"inLanguage":"fr-FR"}]}},"_links":{"self":[{"href":"https:\/\/www.mines-stetienne.fr\/future-medicine-fr\/wp-json\/wp\/v2\/pages\/20944","targetHints":{"allow":["GET"]}}],"collection":[{"href":"https:\/\/www.mines-stetienne.fr\/future-medicine-fr\/wp-json\/wp\/v2\/pages"}],"about":[{"href":"https:\/\/www.mines-stetienne.fr\/future-medicine-fr\/wp-json\/wp\/v2\/types\/page"}],"author":[{"embeddable":true,"href":"https:\/\/www.mines-stetienne.fr\/future-medicine-fr\/wp-json\/wp\/v2\/users\/3"}],"replies":[{"embeddable":true,"href":"https:\/\/www.mines-stetienne.fr\/future-medicine-fr\/wp-json\/wp\/v2\/comments?post=20944"}],"version-history":[{"count":16,"href":"https:\/\/www.mines-stetienne.fr\/future-medicine-fr\/wp-json\/wp\/v2\/pages\/20944\/revisions"}],"predecessor-version":[{"id":21551,"href":"https:\/\/www.mines-stetienne.fr\/future-medicine-fr\/wp-json\/wp\/v2\/pages\/20944\/revisions\/21551"}],"up":[{"embeddable":true,"href":"https:\/\/www.mines-stetienne.fr\/future-medicine-fr\/wp-json\/wp\/v2\/pages\/20981"}],"wp:attachment":[{"href":"https:\/\/www.mines-stetienne.fr\/future-medicine-fr\/wp-json\/wp\/v2\/media?parent=20944"}],"wp:term":[{"taxonomy":"post_tag","embeddable":true,"href":"https:\/\/www.mines-stetienne.fr\/future-medicine-fr\/wp-json\/wp\/v2\/tags?post=20944"}],"curies":[{"name":"wp","href":"https:\/\/api.w.org\/{rel}","templated":true}]}}