{"id":20925,"date":"2020-12-01T15:49:03","date_gmt":"2020-12-01T14:49:03","guid":{"rendered":"https:\/\/www.mines-stetienne.fr\/future-medicine-fr\/?page_id=20925"},"modified":"2025-04-03T16:21:03","modified_gmt":"2025-04-03T14:21:03","slug":"le-medtechlab","status":"publish","type":"page","link":"https:\/\/www.mines-stetienne.fr\/future-medicine-fr\/futuremedicine-2021\/le-medtechlab\/","title":{"rendered":"Le MedTechLab\u00ae"},"content":{"rendered":"\n<h3 class=\"wp-block-heading\">Un living lab pour l\u2019exp\u00e9rimentation terrain et les tests grandeur nature de produits ou services int\u00e9grant de nouvelles technologies\u00a0en sant\u00e9, de la co-cr\u00e9ation au passage \u00e0 l\u2019\u00e9chelle.<\/h3>\n\n\n\n<p style=\"font-size:17px\"><a href=\"https:\/\/www.aesio-sante.fr\/medtechlab\/\">Le MedTechLab <\/a> est une des concr\u00e9tisations de la collaboration entre A\u00c9SIO Mutuelle, A\u00c9SIO Sant\u00e9\u00a0et l\u2019Ecole des Mines de Saint-Etienne dans le domaine de l&rsquo;ing\u00e9nierie sant\u00e9.<\/p>\n\n\n\n<figure class=\"wp-block-image size-full\"><img loading=\"lazy\" decoding=\"async\" width=\"478\" height=\"66\" src=\"https:\/\/www.mines-stetienne.fr\/future-medicine-fr\/wp-content\/uploads\/sites\/15\/2025\/04\/image.png\" alt=\"\" class=\"wp-image-21835\" srcset=\"https:\/\/www.mines-stetienne.fr\/future-medicine-fr\/wp-content\/uploads\/sites\/15\/2025\/04\/image.png 478w, https:\/\/www.mines-stetienne.fr\/future-medicine-fr\/wp-content\/uploads\/sites\/15\/2025\/04\/image-300x41.png 300w\" sizes=\"auto, (max-width: 478px) 100vw, 478px\" \/><\/figure>\n\n\n\n<p>S&rsquo;appuyant sur la participation des professionnels de sant\u00e9 des \u00e9tablissements mutualistes, il est ouvert aux chercheurs, ing\u00e9nieurs, professionnels de sant\u00e9 hospitaliers, mutualistes, lib\u00e9raux, usagers et patients, entreprises et start up, \u2026 \u00a0pour penser, tester, exp\u00e9rimenter les nouvelles technologies appliqu\u00e9es \u00e0 la sant\u00e9 et \u00e0 l&rsquo;autonomie.<br><a href=\"https:\/\/www.aesio-sante.fr\/medtechlab\/\">Le MedTechLab<\/a> est un espace reproduisant l\u2019appartement intelligent de la personne fragile, int\u00e9grant des mobiliers innovants tel qu\u2019un lit intelligent ou un ensemble de capteurs de mouvements.\u00a0<\/p>\n\n\n\n<hr class=\"wp-block-separator has-alpha-channel-opacity\" \/>\n\n\n\n<p>Depuis janvier 2024, le MedTechLab&nbsp;\u00ae est Tiers Lieu d&rsquo;Exp\u00e9rimentation (TLE) et s&rsquo;inscrit dans la strat\u00e9gie nationale d&rsquo;acc\u00e9l\u00e9ration \u00ab\u00a0Sant\u00e9 num\u00e9rique\u00a0\u00bb du plan France 2030.<\/p>\n\n\n\n<figure class=\"wp-block-image size-full\"><img loading=\"lazy\" decoding=\"async\" width=\"529\" height=\"107\" src=\"https:\/\/www.mines-stetienne.fr\/future-medicine-fr\/wp-content\/uploads\/sites\/15\/2025\/04\/image-1.png\" alt=\"\" class=\"wp-image-21836\" srcset=\"https:\/\/www.mines-stetienne.fr\/future-medicine-fr\/wp-content\/uploads\/sites\/15\/2025\/04\/image-1.png 529w, https:\/\/www.mines-stetienne.fr\/future-medicine-fr\/wp-content\/uploads\/sites\/15\/2025\/04\/image-1-300x61.png 300w\" sizes=\"auto, (max-width: 529px) 100vw, 529px\" \/><\/figure>\n\n\n\n<hr class=\"wp-block-separator has-alpha-channel-opacity\" \/>\n\n\n\n<h2 class=\"wp-block-heading\">NOS ATOUTS :<\/h2>\n\n\n\n<p style=\"font-size:17px\">Des tests r\u00e9alis\u00e9s successivement en environnement ma\u00eetris\u00e9, r\u00e9el puis \u00e0 l\u2019\u00e9chelle, gr\u00e2ce \u00e0 des mod\u00e8les (r\u00e9alit\u00e9 virtuelle, simulation, monitoring) en lien avec l\u2019\u00e9cosyst\u00e8me local<\/p>\n\n\n\n<p>Un p\u00f4le de recherche clinique (professionnels de sant\u00e9, praticiens des \u00e9tablissements mutualistes) adoss\u00e9 \u00e0 un laboratoire scientifique (ing\u00e9nieurs et chercheurs)<\/p>\n\n\n\n<p>Une m\u00e9thodologie combinant M\u00e9dical\/Sciences de l\u2019ing\u00e9nieur\/Sciences Humaines et Sociales<\/p>\n\n\n\n<div class=\"wp-block-group\"><div class=\"wp-block-group__inner-container is-layout-flow wp-block-group-is-layout-flow\">\n<p class=\"has-text-align-left has-normal-font-size\"><\/p>\n\n\n\n<h1 class=\"wp-block-heading has-text-align-center\"><a href=\"https:\/\/www.aesio-sante.fr\/medtechlab\/\">&gt; aller sur le site officiel du MedTechLab<\/a><\/h1>\n<\/div><\/div>\n\n\n\n<h4 class=\"wp-block-heading\"><strong>Notre positionnement strat\u00e9gique<\/strong><\/h4>\n\n\n\n<ul class=\"wp-block-list\">\n<li>Un&nbsp;r\u00e9seau national et territorial, acad\u00e9mique, mutualiste, hospitalier et professionnel<\/li>\n\n\n\n<li>Plusieurs lieux d\u2019exp\u00e9rimentation et un p\u00e9rim\u00e8tre&nbsp;cible in situ d\u00e9di\u00e9 (CHU, EHPAD)<\/li>\n\n\n\n<li>Des prestations courtes<\/li>\n\n\n\n<li>L\u2019amorce de th\u00e8ses CIFRE gr\u00e2ce \u00e0 l\u2019\u00e9tude Living Lab&nbsp;avec un industriel<\/li>\n\n\n\n<li>La valorisation de nos travaux (publications&nbsp;scientifiques et communications)<\/li>\n<\/ul>\n\n\n\n<h4 class=\"wp-block-heading\"><strong>L&rsquo;exp\u00e9rience Living Lab \/ un apport d\u2019innovation<\/strong><\/h4>\n\n\n\n<p>Vous&nbsp;souhaitez&nbsp;d\u00e9velopper un projet innovant, renouveler un&nbsp;produit ou un dispositif, int\u00e9grer de nouvelles technologies dans un dispositif&nbsp;existant, d\u00e9ployer vos propres sc\u00e9narios d\u2019usages&nbsp;gr\u00e2ce&nbsp;aux&nbsp;algorithmes de mod\u00e9lisation, de pr\u00e9diction et de simulation&nbsp;?<br>B\u00e9n\u00e9ficiez&nbsp;de notre processus de co-cr\u00e9ation, de nos ressources mat\u00e9rielles et&nbsp;humaines&nbsp;: l\u2019accompagnement s\u2019op\u00e8re \u00e0 diff\u00e9rentes \u00e9tapes&nbsp;d\u2019un projet ou sur l\u2019ensemble du&nbsp;processus.<\/p>\n\n\n\n<h4 class=\"wp-block-heading\">Nos engagements \/ Nos valeurs<\/h4>\n\n\n\n<ul class=\"wp-block-list\">\n<li>Rester \u00e0 l\u2019\u00e9coute et r\u00e9pondre aux nouvelles attentes des patients et des soignants.<\/li>\n\n\n\n<li>S\u2019engager sur les derni\u00e8res avanc\u00e9es m\u00e9dicales, les&nbsp;innovations techniques et organisationnelles.<\/li>\n\n\n\n<li>Accompagner les projets&nbsp;novateurs pour une meilleure qualit\u00e9 de prise en charge des personnes.<\/li>\n\n\n\n<li>Coordonner la veille technologique et contribuer au&nbsp;r\u00e9seau de partenaires et acteurs IRD.<\/li>\n<\/ul>\n\n\n\n<hr class=\"wp-block-separator has-css-opacity\" \/>\n\n\n\n<p class=\"has-text-align-left\"><\/p>\n","protected":false},"excerpt":{"rendered":"<p>Un living lab pour l\u2019exp\u00e9rimentation terrain et les tests grandeur nature de produits ou services int\u00e9grant de nouvelles technologies\u00a0en sant\u00e9, de la co-cr\u00e9ation au passage \u00e0 l\u2019\u00e9chelle. Le MedTechLab est une des concr\u00e9tisations de la collaboration entre A\u00c9SIO Mutuelle, A\u00c9SIO &hellip;<\/p>\n","protected":false},"author":3,"featured_media":0,"parent":20153,"menu_order":0,"comment_status":"closed","ping_status":"closed","template":"","meta":{"footnotes":""},"tags":[],"class_list":["post-20925","page","type-page","status-publish","hentry"],"pp_statuses_selecting_workflow":false,"pp_workflow_action":"current","pp_status_selection":"publish","pp_force_visibility":null,"pp_subpost_visibility":null,"pp_inherited_force_visibility":null,"pp_inherited_subpost_visibility":null,"yoast_head":"<!-- This site is optimized with the Yoast SEO plugin v27.4 - https:\/\/yoast.com\/product\/yoast-seo-wordpress\/ -->\n<title>Le MedTechLab\u00ae - #FutureMedicine<\/title>\n<meta name=\"robots\" content=\"index, follow, max-snippet:-1, max-image-preview:large, max-video-preview:-1\" \/>\n<link rel=\"canonical\" href=\"https:\/\/www.mines-stetienne.fr\/future-medicine-fr\/futuremedicine-2021\/le-medtechlab\/\" \/>\n<meta property=\"og:locale\" content=\"fr_FR\" \/>\n<meta property=\"og:type\" content=\"article\" \/>\n<meta property=\"og:title\" content=\"Le MedTechLab\u00ae - #FutureMedicine\" \/>\n<meta property=\"og:description\" content=\"Un living lab pour l\u2019exp\u00e9rimentation terrain et les tests grandeur nature de produits ou services int\u00e9grant de nouvelles technologies\u00a0en sant\u00e9, de la co-cr\u00e9ation au passage \u00e0 l\u2019\u00e9chelle. Le MedTechLab est une des concr\u00e9tisations de la collaboration entre A\u00c9SIO Mutuelle, A\u00c9SIO &hellip;\" \/>\n<meta property=\"og:url\" content=\"https:\/\/www.mines-stetienne.fr\/future-medicine-fr\/futuremedicine-2021\/le-medtechlab\/\" \/>\n<meta property=\"og:site_name\" content=\"#FutureMedicine\" \/>\n<meta property=\"article:publisher\" content=\"https:\/\/www.facebook.com\/MinesSaintEtienne\" \/>\n<meta property=\"article:modified_time\" content=\"2025-04-03T14:21:03+00:00\" \/>\n<meta property=\"og:image\" content=\"https:\/\/www.mines-stetienne.fr\/future-medicine-fr\/wp-content\/uploads\/sites\/15\/2025\/04\/image.png\" \/>\n\t<meta property=\"og:image:width\" content=\"478\" \/>\n\t<meta property=\"og:image:height\" content=\"66\" \/>\n\t<meta property=\"og:image:type\" content=\"image\/png\" \/>\n<meta name=\"twitter:card\" content=\"summary_large_image\" \/>\n<meta name=\"twitter:site\" content=\"@MINES_StEtienne\" \/>\n<meta name=\"twitter:label1\" content=\"Dur\u00e9e de lecture estim\u00e9e\" \/>\n\t<meta name=\"twitter:data1\" content=\"3 minutes\" \/>\n<script type=\"application\/ld+json\" class=\"yoast-schema-graph\">{\"@context\":\"https:\\\/\\\/schema.org\",\"@graph\":[{\"@type\":\"WebPage\",\"@id\":\"https:\\\/\\\/www.mines-stetienne.fr\\\/future-medicine-fr\\\/futuremedicine-2021\\\/le-medtechlab\\\/\",\"url\":\"https:\\\/\\\/www.mines-stetienne.fr\\\/future-medicine-fr\\\/futuremedicine-2021\\\/le-medtechlab\\\/\",\"name\":\"Le MedTechLab\u00ae - #FutureMedicine\",\"isPartOf\":{\"@id\":\"https:\\\/\\\/www.mines-stetienne.fr\\\/future-medicine-fr\\\/#website\"},\"primaryImageOfPage\":{\"@id\":\"https:\\\/\\\/www.mines-stetienne.fr\\\/future-medicine-fr\\\/futuremedicine-2021\\\/le-medtechlab\\\/#primaryimage\"},\"image\":{\"@id\":\"https:\\\/\\\/www.mines-stetienne.fr\\\/future-medicine-fr\\\/futuremedicine-2021\\\/le-medtechlab\\\/#primaryimage\"},\"thumbnailUrl\":\"https:\\\/\\\/www.mines-stetienne.fr\\\/future-medicine-fr\\\/wp-content\\\/uploads\\\/sites\\\/15\\\/2025\\\/04\\\/image.png\",\"datePublished\":\"2020-12-01T14:49:03+00:00\",\"dateModified\":\"2025-04-03T14:21:03+00:00\",\"breadcrumb\":{\"@id\":\"https:\\\/\\\/www.mines-stetienne.fr\\\/future-medicine-fr\\\/futuremedicine-2021\\\/le-medtechlab\\\/#breadcrumb\"},\"inLanguage\":\"fr-FR\",\"potentialAction\":[{\"@type\":\"ReadAction\",\"target\":[\"https:\\\/\\\/www.mines-stetienne.fr\\\/future-medicine-fr\\\/futuremedicine-2021\\\/le-medtechlab\\\/\"]}]},{\"@type\":\"ImageObject\",\"inLanguage\":\"fr-FR\",\"@id\":\"https:\\\/\\\/www.mines-stetienne.fr\\\/future-medicine-fr\\\/futuremedicine-2021\\\/le-medtechlab\\\/#primaryimage\",\"url\":\"https:\\\/\\\/www.mines-stetienne.fr\\\/future-medicine-fr\\\/wp-content\\\/uploads\\\/sites\\\/15\\\/2025\\\/04\\\/image.png\",\"contentUrl\":\"https:\\\/\\\/www.mines-stetienne.fr\\\/future-medicine-fr\\\/wp-content\\\/uploads\\\/sites\\\/15\\\/2025\\\/04\\\/image.png\",\"width\":478,\"height\":66},{\"@type\":\"BreadcrumbList\",\"@id\":\"https:\\\/\\\/www.mines-stetienne.fr\\\/future-medicine-fr\\\/futuremedicine-2021\\\/le-medtechlab\\\/#breadcrumb\",\"itemListElement\":[{\"@type\":\"ListItem\",\"position\":1,\"name\":\"Accueil\",\"item\":\"https:\\\/\\\/www.mines-stetienne.fr\\\/future-medicine-fr\\\/\"},{\"@type\":\"ListItem\",\"position\":2,\"name\":\"#FutureMedicine 2021\",\"item\":\"https:\\\/\\\/www.mines-stetienne.fr\\\/future-medicine-fr\\\/futuremedicine-2021\\\/\"},{\"@type\":\"ListItem\",\"position\":3,\"name\":\"Le MedTechLab\u00ae\"}]},{\"@type\":\"WebSite\",\"@id\":\"https:\\\/\\\/www.mines-stetienne.fr\\\/future-medicine-fr\\\/#website\",\"url\":\"https:\\\/\\\/www.mines-stetienne.fr\\\/future-medicine-fr\\\/\",\"name\":\"#FutureMedicine\",\"description\":\"- Mines Saint-\u00c9tienne Tech\",\"potentialAction\":[{\"@type\":\"SearchAction\",\"target\":{\"@type\":\"EntryPoint\",\"urlTemplate\":\"https:\\\/\\\/www.mines-stetienne.fr\\\/future-medicine-fr\\\/?s={search_term_string}\"},\"query-input\":{\"@type\":\"PropertyValueSpecification\",\"valueRequired\":true,\"valueName\":\"search_term_string\"}}],\"inLanguage\":\"fr-FR\"}]}<\/script>\n<!-- \/ Yoast SEO plugin. -->","yoast_head_json":{"title":"Le MedTechLab\u00ae - #FutureMedicine","robots":{"index":"index","follow":"follow","max-snippet":"max-snippet:-1","max-image-preview":"max-image-preview:large","max-video-preview":"max-video-preview:-1"},"canonical":"https:\/\/www.mines-stetienne.fr\/future-medicine-fr\/futuremedicine-2021\/le-medtechlab\/","og_locale":"fr_FR","og_type":"article","og_title":"Le MedTechLab\u00ae - #FutureMedicine","og_description":"Un living lab pour l\u2019exp\u00e9rimentation terrain et les tests grandeur nature de produits ou services int\u00e9grant de nouvelles technologies\u00a0en sant\u00e9, de la co-cr\u00e9ation au passage \u00e0 l\u2019\u00e9chelle. Le MedTechLab est une des concr\u00e9tisations de la collaboration entre A\u00c9SIO Mutuelle, A\u00c9SIO &hellip;","og_url":"https:\/\/www.mines-stetienne.fr\/future-medicine-fr\/futuremedicine-2021\/le-medtechlab\/","og_site_name":"#FutureMedicine","article_publisher":"https:\/\/www.facebook.com\/MinesSaintEtienne","article_modified_time":"2025-04-03T14:21:03+00:00","og_image":[{"width":478,"height":66,"url":"https:\/\/www.mines-stetienne.fr\/future-medicine-fr\/wp-content\/uploads\/sites\/15\/2025\/04\/image.png","type":"image\/png"}],"twitter_card":"summary_large_image","twitter_site":"@MINES_StEtienne","twitter_misc":{"Dur\u00e9e de lecture estim\u00e9e":"3 minutes"},"schema":{"@context":"https:\/\/schema.org","@graph":[{"@type":"WebPage","@id":"https:\/\/www.mines-stetienne.fr\/future-medicine-fr\/futuremedicine-2021\/le-medtechlab\/","url":"https:\/\/www.mines-stetienne.fr\/future-medicine-fr\/futuremedicine-2021\/le-medtechlab\/","name":"Le MedTechLab\u00ae - #FutureMedicine","isPartOf":{"@id":"https:\/\/www.mines-stetienne.fr\/future-medicine-fr\/#website"},"primaryImageOfPage":{"@id":"https:\/\/www.mines-stetienne.fr\/future-medicine-fr\/futuremedicine-2021\/le-medtechlab\/#primaryimage"},"image":{"@id":"https:\/\/www.mines-stetienne.fr\/future-medicine-fr\/futuremedicine-2021\/le-medtechlab\/#primaryimage"},"thumbnailUrl":"https:\/\/www.mines-stetienne.fr\/future-medicine-fr\/wp-content\/uploads\/sites\/15\/2025\/04\/image.png","datePublished":"2020-12-01T14:49:03+00:00","dateModified":"2025-04-03T14:21:03+00:00","breadcrumb":{"@id":"https:\/\/www.mines-stetienne.fr\/future-medicine-fr\/futuremedicine-2021\/le-medtechlab\/#breadcrumb"},"inLanguage":"fr-FR","potentialAction":[{"@type":"ReadAction","target":["https:\/\/www.mines-stetienne.fr\/future-medicine-fr\/futuremedicine-2021\/le-medtechlab\/"]}]},{"@type":"ImageObject","inLanguage":"fr-FR","@id":"https:\/\/www.mines-stetienne.fr\/future-medicine-fr\/futuremedicine-2021\/le-medtechlab\/#primaryimage","url":"https:\/\/www.mines-stetienne.fr\/future-medicine-fr\/wp-content\/uploads\/sites\/15\/2025\/04\/image.png","contentUrl":"https:\/\/www.mines-stetienne.fr\/future-medicine-fr\/wp-content\/uploads\/sites\/15\/2025\/04\/image.png","width":478,"height":66},{"@type":"BreadcrumbList","@id":"https:\/\/www.mines-stetienne.fr\/future-medicine-fr\/futuremedicine-2021\/le-medtechlab\/#breadcrumb","itemListElement":[{"@type":"ListItem","position":1,"name":"Accueil","item":"https:\/\/www.mines-stetienne.fr\/future-medicine-fr\/"},{"@type":"ListItem","position":2,"name":"#FutureMedicine 2021","item":"https:\/\/www.mines-stetienne.fr\/future-medicine-fr\/futuremedicine-2021\/"},{"@type":"ListItem","position":3,"name":"Le MedTechLab\u00ae"}]},{"@type":"WebSite","@id":"https:\/\/www.mines-stetienne.fr\/future-medicine-fr\/#website","url":"https:\/\/www.mines-stetienne.fr\/future-medicine-fr\/","name":"#FutureMedicine","description":"- Mines Saint-\u00c9tienne Tech","potentialAction":[{"@type":"SearchAction","target":{"@type":"EntryPoint","urlTemplate":"https:\/\/www.mines-stetienne.fr\/future-medicine-fr\/?s={search_term_string}"},"query-input":{"@type":"PropertyValueSpecification","valueRequired":true,"valueName":"search_term_string"}}],"inLanguage":"fr-FR"}]}},"_links":{"self":[{"href":"https:\/\/www.mines-stetienne.fr\/future-medicine-fr\/wp-json\/wp\/v2\/pages\/20925","targetHints":{"allow":["GET"]}}],"collection":[{"href":"https:\/\/www.mines-stetienne.fr\/future-medicine-fr\/wp-json\/wp\/v2\/pages"}],"about":[{"href":"https:\/\/www.mines-stetienne.fr\/future-medicine-fr\/wp-json\/wp\/v2\/types\/page"}],"author":[{"embeddable":true,"href":"https:\/\/www.mines-stetienne.fr\/future-medicine-fr\/wp-json\/wp\/v2\/users\/3"}],"replies":[{"embeddable":true,"href":"https:\/\/www.mines-stetienne.fr\/future-medicine-fr\/wp-json\/wp\/v2\/comments?post=20925"}],"version-history":[{"count":22,"href":"https:\/\/www.mines-stetienne.fr\/future-medicine-fr\/wp-json\/wp\/v2\/pages\/20925\/revisions"}],"predecessor-version":[{"id":21840,"href":"https:\/\/www.mines-stetienne.fr\/future-medicine-fr\/wp-json\/wp\/v2\/pages\/20925\/revisions\/21840"}],"up":[{"embeddable":true,"href":"https:\/\/www.mines-stetienne.fr\/future-medicine-fr\/wp-json\/wp\/v2\/pages\/20153"}],"wp:attachment":[{"href":"https:\/\/www.mines-stetienne.fr\/future-medicine-fr\/wp-json\/wp\/v2\/media?parent=20925"}],"wp:term":[{"taxonomy":"post_tag","embeddable":true,"href":"https:\/\/www.mines-stetienne.fr\/future-medicine-fr\/wp-json\/wp\/v2\/tags?post=20925"}],"curies":[{"name":"wp","href":"https:\/\/api.w.org\/{rel}","templated":true}]}}