{"id":20627,"date":"2020-11-23T13:37:12","date_gmt":"2020-11-23T12:37:12","guid":{"rendered":"https:\/\/www.mines-stetienne.fr\/?page_id=20627"},"modified":"2021-05-28T08:46:46","modified_gmt":"2021-05-28T06:46:46","slug":"demonstrateur-3d-fablab","status":"publish","type":"page","link":"https:\/\/www.mines-stetienne.fr\/future-medicine-fr\/futuremedicine-2021\/demonstrateur-3d-fablab\/","title":{"rendered":"D\u00e9monstrateur 3DFabLab"},"content":{"rendered":"\n<h3 class=\"wp-block-heading\">3DFablab accompagne les entreprises dans l\u2019innovation et la mise en place industrielle de leur projet. <\/h3>\n\n\n\n<h4 class=\"wp-block-heading\">Ce d\u00e9monstrateur est d\u00e9di\u00e9 au d\u00e9veloppement de biomat\u00e9riaux en phosphates de calcium et de proc\u00e9d\u00e9s innovants (fabrication de prototypes fonctionnels) pour des applications biom\u00e9dicales et notamment osseuses.<\/h4>\n\n\n\n<p>Il a pour objectif d\u2019accompagner les entreprises vers l\u2019industrie du futur dans la mise en place industriel de leur projet et de les aider au d\u00e9veloppement de dispositifs m\u00e9dicaux et proc\u00e9d\u00e9s innovants. Cet accompagnement se veut scientifique, organisationnel, mat\u00e9riel, de production, de formation et d\u2019aide \u00e0 la qualification.<\/p>\n\n\n\n<figure class=\"wp-block-gallery columns-4 is-cropped wp-block-gallery-1 is-layout-flex wp-block-gallery-is-layout-flex\"><ul class=\"blocks-gallery-grid\"><li class=\"blocks-gallery-item\"><figure><a href=\"https:\/\/www.mines-stetienne.fr\/future-medicine-fr\/wp-content\/uploads\/sites\/15\/2020\/11\/3DFabLab.jpg\"><img loading=\"lazy\" decoding=\"async\" width=\"150\" height=\"150\" src=\"https:\/\/www.mines-stetienne.fr\/future-medicine-fr\/wp-content\/uploads\/sites\/15\/2020\/11\/3DFabLab-150x150.jpg\" alt=\"\" data-id=\"20346\" data-full-url=\"https:\/\/www.mines-stetienne.fr\/future-medicine-fr\/wp-content\/uploads\/sites\/15\/2020\/11\/3DFabLab.jpg\" data-link=\"https:\/\/www.mines-stetienne.fr\/future-medicine-fr\/3dfablab\/\" class=\"wp-image-20346\" srcset=\"https:\/\/www.mines-stetienne.fr\/future-medicine-fr\/wp-content\/uploads\/sites\/15\/2020\/11\/3DFabLab-150x150.jpg 150w, https:\/\/www.mines-stetienne.fr\/future-medicine-fr\/wp-content\/uploads\/sites\/15\/2020\/11\/3DFabLab-300x300.jpg 300w, https:\/\/www.mines-stetienne.fr\/future-medicine-fr\/wp-content\/uploads\/sites\/15\/2020\/11\/3DFabLab-75x75.jpg 75w, https:\/\/www.mines-stetienne.fr\/future-medicine-fr\/wp-content\/uploads\/sites\/15\/2020\/11\/3DFabLab-360x360.jpg 360w, https:\/\/www.mines-stetienne.fr\/future-medicine-fr\/wp-content\/uploads\/sites\/15\/2020\/11\/3DFabLab.jpg 600w\" sizes=\"auto, (max-width: 150px) 100vw, 150px\" \/><\/a><\/figure><\/li><li class=\"blocks-gallery-item\"><figure><a href=\"https:\/\/www.mines-stetienne.fr\/future-medicine-fr\/wp-content\/uploads\/sites\/15\/2020\/11\/3DFab4.jpg\"><img loading=\"lazy\" decoding=\"async\" width=\"150\" height=\"150\" src=\"https:\/\/www.mines-stetienne.fr\/future-medicine-fr\/wp-content\/uploads\/sites\/15\/2020\/11\/3DFab4-150x150.jpg\" alt=\"\" data-id=\"20592\" data-full-url=\"https:\/\/www.mines-stetienne.fr\/future-medicine-fr\/wp-content\/uploads\/sites\/15\/2020\/11\/3DFab4.jpg\" data-link=\"https:\/\/www.mines-stetienne.fr\/future-medicine-fr\/3dfab4\/\" class=\"wp-image-20592\" srcset=\"https:\/\/www.mines-stetienne.fr\/future-medicine-fr\/wp-content\/uploads\/sites\/15\/2020\/11\/3DFab4-150x150.jpg 150w, https:\/\/www.mines-stetienne.fr\/future-medicine-fr\/wp-content\/uploads\/sites\/15\/2020\/11\/3DFab4-75x75.jpg 75w, https:\/\/www.mines-stetienne.fr\/future-medicine-fr\/wp-content\/uploads\/sites\/15\/2020\/11\/3DFab4-360x360.jpg 360w\" sizes=\"auto, (max-width: 150px) 100vw, 150px\" \/><\/a><\/figure><\/li><li class=\"blocks-gallery-item\"><figure><a href=\"https:\/\/www.mines-stetienne.fr\/future-medicine-fr\/wp-content\/uploads\/sites\/15\/2020\/11\/3DFab1.jpg\"><img loading=\"lazy\" decoding=\"async\" width=\"150\" height=\"150\" src=\"https:\/\/www.mines-stetienne.fr\/future-medicine-fr\/wp-content\/uploads\/sites\/15\/2020\/11\/3DFab1-150x150.jpg\" alt=\"https:\/\/www.mines-stetienne.fr\/future-medicine-fr\/centre-ingenierie-et-sante\/departement-biomateriaux-biomat\/\" data-id=\"20590\" data-full-url=\"https:\/\/www.mines-stetienne.fr\/future-medicine-fr\/wp-content\/uploads\/sites\/15\/2020\/11\/3DFab1.jpg\" data-link=\"https:\/\/www.mines-stetienne.fr\/future-medicine-fr\/3dfab1\/\" class=\"wp-image-20590\" srcset=\"https:\/\/www.mines-stetienne.fr\/future-medicine-fr\/wp-content\/uploads\/sites\/15\/2020\/11\/3DFab1-150x150.jpg 150w, https:\/\/www.mines-stetienne.fr\/future-medicine-fr\/wp-content\/uploads\/sites\/15\/2020\/11\/3DFab1-75x75.jpg 75w, https:\/\/www.mines-stetienne.fr\/future-medicine-fr\/wp-content\/uploads\/sites\/15\/2020\/11\/3DFab1-360x360.jpg 360w\" sizes=\"auto, (max-width: 150px) 100vw, 150px\" \/><\/a><\/figure><\/li><li class=\"blocks-gallery-item\"><figure><a href=\"https:\/\/www.mines-stetienne.fr\/future-medicine-fr\/wp-content\/uploads\/sites\/15\/2020\/12\/imgFabLab.jpg\"><img loading=\"lazy\" decoding=\"async\" width=\"150\" height=\"150\" src=\"https:\/\/www.mines-stetienne.fr\/future-medicine-fr\/wp-content\/uploads\/sites\/15\/2020\/12\/imgFabLab-150x150.jpg\" alt=\"\" data-id=\"21291\" data-full-url=\"https:\/\/www.mines-stetienne.fr\/future-medicine-fr\/wp-content\/uploads\/sites\/15\/2020\/12\/imgFabLab.jpg\" data-link=\"https:\/\/www.mines-stetienne.fr\/future-medicine-fr\/diapositive-1\/\" class=\"wp-image-21291\" srcset=\"https:\/\/www.mines-stetienne.fr\/future-medicine-fr\/wp-content\/uploads\/sites\/15\/2020\/12\/imgFabLab-150x150.jpg 150w, https:\/\/www.mines-stetienne.fr\/future-medicine-fr\/wp-content\/uploads\/sites\/15\/2020\/12\/imgFabLab-75x75.jpg 75w, https:\/\/www.mines-stetienne.fr\/future-medicine-fr\/wp-content\/uploads\/sites\/15\/2020\/12\/imgFabLab-360x360.jpg 360w\" sizes=\"auto, (max-width: 150px) 100vw, 150px\" \/><\/a><\/figure><\/li><\/ul><\/figure>\n\n\n\n<p>3DFabLab poss\u00e8de l\u2019ensemble des \u00e9quipements de recherche, de conception et de simulation num\u00e9rique, de production et d\u2019analyse essentiel \u00e0 la fabrication de prototypes fonctionnels dans un environnement r\u00e9pondant aux bonnes pratiques de fabrication du domaine biom\u00e9dical (<em>Good Manufacturing Practices<\/em>).&nbsp;<\/p>\n\n\n\n<p>Contact : <a href=\"ma&#105;&#108;&#116;&#111;&#x3a;&#x6d;&#x61;&#x72;&#x63;ha&#116;&#64;&#101;&#109;&#x73;&#x65;&#x2e;&#x66;&#x72;\">David Marchat<\/a>, CIS,  SAINBIOSE, \u00e9quipe LBTO<\/p>\n\n\n\n<div class=\"wp-block-media-text alignwide\" style=\"grid-template-columns:15% auto\"><figure class=\"wp-block-media-text__media\"><img loading=\"lazy\" decoding=\"async\" width=\"100\" height=\"100\" src=\"https:\/\/www.mines-stetienne.fr\/future-medicine-fr\/wp-content\/uploads\/sites\/15\/2020\/11\/BdPicto3DFabLab.jpg\" alt=\"\" class=\"wp-image-20898 size-full\" srcset=\"https:\/\/www.mines-stetienne.fr\/future-medicine-fr\/wp-content\/uploads\/sites\/15\/2020\/11\/BdPicto3DFabLab.jpg 100w, https:\/\/www.mines-stetienne.fr\/future-medicine-fr\/wp-content\/uploads\/sites\/15\/2020\/11\/BdPicto3DFabLab-75x75.jpg 75w\" sizes=\"auto, (max-width: 100px) 100vw, 100px\" \/><\/figure><div class=\"wp-block-media-text__content\">\n<p class=\"has-normal-font-size\"><em>Ce d\u00e9monstrateur s&rsquo;appuie sur le <a href=\"https:\/\/www.mines-stetienne.fr\/future-medicine-fr\/centre-ingenierie-et-sante\/plateau-technique-3d-fablab\/\">plateau technique <em>3DFabLab<\/em><\/a><\/em> <em>(\u00e9quipements, expertises et comp\u00e9tences)<\/em> du <a href=\"https:\/\/www.mines-stetienne.fr\/future-medicine-fr\/centre-ingenierie-et-sante\/\">Centre Ing\u00e9nierie et Sant\u00e9<\/a><\/p>\n<\/div><\/div>\n","protected":false},"excerpt":{"rendered":"<p>3DFablab accompagne les entreprises dans l\u2019innovation et la mise en place industrielle de leur projet. Ce d\u00e9monstrateur est d\u00e9di\u00e9 au d\u00e9veloppement de biomat\u00e9riaux en phosphates de calcium et de proc\u00e9d\u00e9s innovants (fabrication de prototypes fonctionnels) pour des applications biom\u00e9dicales et &hellip;<\/p>\n","protected":false},"author":3,"featured_media":0,"parent":20153,"menu_order":0,"comment_status":"closed","ping_status":"closed","template":"","meta":{"footnotes":""},"tags":[],"class_list":["post-20627","page","type-page","status-publish","hentry"],"pp_statuses_selecting_workflow":false,"pp_workflow_action":"current","pp_status_selection":"publish","pp_force_visibility":null,"pp_subpost_visibility":null,"pp_inherited_force_visibility":null,"pp_inherited_subpost_visibility":null,"yoast_head":"<!-- This site is optimized with the Yoast SEO plugin v27.4 - https:\/\/yoast.com\/product\/yoast-seo-wordpress\/ -->\n<title>D\u00e9monstrateur 3DFabLab - #FutureMedicine<\/title>\n<meta name=\"robots\" content=\"index, follow, max-snippet:-1, max-image-preview:large, max-video-preview:-1\" \/>\n<link rel=\"canonical\" href=\"https:\/\/www.mines-stetienne.fr\/future-medicine-fr\/futuremedicine-2021\/demonstrateur-3d-fablab\/\" \/>\n<meta property=\"og:locale\" content=\"fr_FR\" \/>\n<meta property=\"og:type\" content=\"article\" \/>\n<meta property=\"og:title\" content=\"D\u00e9monstrateur 3DFabLab - #FutureMedicine\" \/>\n<meta property=\"og:description\" content=\"3DFablab accompagne les entreprises dans l\u2019innovation et la mise en place industrielle de leur projet. Ce d\u00e9monstrateur est d\u00e9di\u00e9 au d\u00e9veloppement de biomat\u00e9riaux en phosphates de calcium et de proc\u00e9d\u00e9s innovants (fabrication de prototypes fonctionnels) pour des applications biom\u00e9dicales et &hellip;\" \/>\n<meta property=\"og:url\" content=\"https:\/\/www.mines-stetienne.fr\/future-medicine-fr\/futuremedicine-2021\/demonstrateur-3d-fablab\/\" \/>\n<meta property=\"og:site_name\" content=\"#FutureMedicine\" \/>\n<meta property=\"article:publisher\" content=\"https:\/\/www.facebook.com\/MinesSaintEtienne\" \/>\n<meta property=\"article:modified_time\" content=\"2021-05-28T06:46:46+00:00\" \/>\n<meta property=\"og:image\" content=\"https:\/\/www.mines-stetienne.fr\/future-medicine-fr\/wp-content\/uploads\/sites\/15\/2020\/11\/3DFabLab-150x150.jpg\" \/>\n<meta name=\"twitter:card\" content=\"summary_large_image\" \/>\n<meta name=\"twitter:site\" content=\"@MINES_StEtienne\" \/>\n<meta name=\"twitter:label1\" content=\"Dur\u00e9e de lecture estim\u00e9e\" \/>\n\t<meta name=\"twitter:data1\" content=\"2 minutes\" \/>\n<script type=\"application\/ld+json\" class=\"yoast-schema-graph\">{\"@context\":\"https:\\\/\\\/schema.org\",\"@graph\":[{\"@type\":\"WebPage\",\"@id\":\"https:\\\/\\\/www.mines-stetienne.fr\\\/future-medicine-fr\\\/futuremedicine-2021\\\/demonstrateur-3d-fablab\\\/\",\"url\":\"https:\\\/\\\/www.mines-stetienne.fr\\\/future-medicine-fr\\\/futuremedicine-2021\\\/demonstrateur-3d-fablab\\\/\",\"name\":\"D\u00e9monstrateur 3DFabLab - #FutureMedicine\",\"isPartOf\":{\"@id\":\"https:\\\/\\\/www.mines-stetienne.fr\\\/future-medicine-fr\\\/#website\"},\"primaryImageOfPage\":{\"@id\":\"https:\\\/\\\/www.mines-stetienne.fr\\\/future-medicine-fr\\\/futuremedicine-2021\\\/demonstrateur-3d-fablab\\\/#primaryimage\"},\"image\":{\"@id\":\"https:\\\/\\\/www.mines-stetienne.fr\\\/future-medicine-fr\\\/futuremedicine-2021\\\/demonstrateur-3d-fablab\\\/#primaryimage\"},\"thumbnailUrl\":\"https:\\\/\\\/www.mines-stetienne.fr\\\/future-medicine-fr\\\/wp-content\\\/uploads\\\/sites\\\/15\\\/2020\\\/11\\\/3DFabLab-150x150.jpg\",\"datePublished\":\"2020-11-23T12:37:12+00:00\",\"dateModified\":\"2021-05-28T06:46:46+00:00\",\"breadcrumb\":{\"@id\":\"https:\\\/\\\/www.mines-stetienne.fr\\\/future-medicine-fr\\\/futuremedicine-2021\\\/demonstrateur-3d-fablab\\\/#breadcrumb\"},\"inLanguage\":\"fr-FR\",\"potentialAction\":[{\"@type\":\"ReadAction\",\"target\":[\"https:\\\/\\\/www.mines-stetienne.fr\\\/future-medicine-fr\\\/futuremedicine-2021\\\/demonstrateur-3d-fablab\\\/\"]}]},{\"@type\":\"ImageObject\",\"inLanguage\":\"fr-FR\",\"@id\":\"https:\\\/\\\/www.mines-stetienne.fr\\\/future-medicine-fr\\\/futuremedicine-2021\\\/demonstrateur-3d-fablab\\\/#primaryimage\",\"url\":\"https:\\\/\\\/www.mines-stetienne.fr\\\/future-medicine-fr\\\/wp-content\\\/uploads\\\/sites\\\/15\\\/2020\\\/11\\\/3DFabLab.jpg\",\"contentUrl\":\"https:\\\/\\\/www.mines-stetienne.fr\\\/future-medicine-fr\\\/wp-content\\\/uploads\\\/sites\\\/15\\\/2020\\\/11\\\/3DFabLab.jpg\",\"width\":600,\"height\":600},{\"@type\":\"BreadcrumbList\",\"@id\":\"https:\\\/\\\/www.mines-stetienne.fr\\\/future-medicine-fr\\\/futuremedicine-2021\\\/demonstrateur-3d-fablab\\\/#breadcrumb\",\"itemListElement\":[{\"@type\":\"ListItem\",\"position\":1,\"name\":\"Accueil\",\"item\":\"https:\\\/\\\/www.mines-stetienne.fr\\\/future-medicine-fr\\\/\"},{\"@type\":\"ListItem\",\"position\":2,\"name\":\"#FutureMedicine 2021\",\"item\":\"https:\\\/\\\/www.mines-stetienne.fr\\\/future-medicine-fr\\\/futuremedicine-2021\\\/\"},{\"@type\":\"ListItem\",\"position\":3,\"name\":\"D\u00e9monstrateur 3DFabLab\"}]},{\"@type\":\"WebSite\",\"@id\":\"https:\\\/\\\/www.mines-stetienne.fr\\\/future-medicine-fr\\\/#website\",\"url\":\"https:\\\/\\\/www.mines-stetienne.fr\\\/future-medicine-fr\\\/\",\"name\":\"#FutureMedicine\",\"description\":\"- Mines Saint-\u00c9tienne Tech\",\"potentialAction\":[{\"@type\":\"SearchAction\",\"target\":{\"@type\":\"EntryPoint\",\"urlTemplate\":\"https:\\\/\\\/www.mines-stetienne.fr\\\/future-medicine-fr\\\/?s={search_term_string}\"},\"query-input\":{\"@type\":\"PropertyValueSpecification\",\"valueRequired\":true,\"valueName\":\"search_term_string\"}}],\"inLanguage\":\"fr-FR\"}]}<\/script>\n<!-- \/ Yoast SEO plugin. -->","yoast_head_json":{"title":"D\u00e9monstrateur 3DFabLab - #FutureMedicine","robots":{"index":"index","follow":"follow","max-snippet":"max-snippet:-1","max-image-preview":"max-image-preview:large","max-video-preview":"max-video-preview:-1"},"canonical":"https:\/\/www.mines-stetienne.fr\/future-medicine-fr\/futuremedicine-2021\/demonstrateur-3d-fablab\/","og_locale":"fr_FR","og_type":"article","og_title":"D\u00e9monstrateur 3DFabLab - #FutureMedicine","og_description":"3DFablab accompagne les entreprises dans l\u2019innovation et la mise en place industrielle de leur projet. Ce d\u00e9monstrateur est d\u00e9di\u00e9 au d\u00e9veloppement de biomat\u00e9riaux en phosphates de calcium et de proc\u00e9d\u00e9s innovants (fabrication de prototypes fonctionnels) pour des applications biom\u00e9dicales et &hellip;","og_url":"https:\/\/www.mines-stetienne.fr\/future-medicine-fr\/futuremedicine-2021\/demonstrateur-3d-fablab\/","og_site_name":"#FutureMedicine","article_publisher":"https:\/\/www.facebook.com\/MinesSaintEtienne","article_modified_time":"2021-05-28T06:46:46+00:00","og_image":[{"url":"https:\/\/www.mines-stetienne.fr\/future-medicine-fr\/wp-content\/uploads\/sites\/15\/2020\/11\/3DFabLab-150x150.jpg","type":"","width":"","height":""}],"twitter_card":"summary_large_image","twitter_site":"@MINES_StEtienne","twitter_misc":{"Dur\u00e9e de lecture estim\u00e9e":"2 minutes"},"schema":{"@context":"https:\/\/schema.org","@graph":[{"@type":"WebPage","@id":"https:\/\/www.mines-stetienne.fr\/future-medicine-fr\/futuremedicine-2021\/demonstrateur-3d-fablab\/","url":"https:\/\/www.mines-stetienne.fr\/future-medicine-fr\/futuremedicine-2021\/demonstrateur-3d-fablab\/","name":"D\u00e9monstrateur 3DFabLab - #FutureMedicine","isPartOf":{"@id":"https:\/\/www.mines-stetienne.fr\/future-medicine-fr\/#website"},"primaryImageOfPage":{"@id":"https:\/\/www.mines-stetienne.fr\/future-medicine-fr\/futuremedicine-2021\/demonstrateur-3d-fablab\/#primaryimage"},"image":{"@id":"https:\/\/www.mines-stetienne.fr\/future-medicine-fr\/futuremedicine-2021\/demonstrateur-3d-fablab\/#primaryimage"},"thumbnailUrl":"https:\/\/www.mines-stetienne.fr\/future-medicine-fr\/wp-content\/uploads\/sites\/15\/2020\/11\/3DFabLab-150x150.jpg","datePublished":"2020-11-23T12:37:12+00:00","dateModified":"2021-05-28T06:46:46+00:00","breadcrumb":{"@id":"https:\/\/www.mines-stetienne.fr\/future-medicine-fr\/futuremedicine-2021\/demonstrateur-3d-fablab\/#breadcrumb"},"inLanguage":"fr-FR","potentialAction":[{"@type":"ReadAction","target":["https:\/\/www.mines-stetienne.fr\/future-medicine-fr\/futuremedicine-2021\/demonstrateur-3d-fablab\/"]}]},{"@type":"ImageObject","inLanguage":"fr-FR","@id":"https:\/\/www.mines-stetienne.fr\/future-medicine-fr\/futuremedicine-2021\/demonstrateur-3d-fablab\/#primaryimage","url":"https:\/\/www.mines-stetienne.fr\/future-medicine-fr\/wp-content\/uploads\/sites\/15\/2020\/11\/3DFabLab.jpg","contentUrl":"https:\/\/www.mines-stetienne.fr\/future-medicine-fr\/wp-content\/uploads\/sites\/15\/2020\/11\/3DFabLab.jpg","width":600,"height":600},{"@type":"BreadcrumbList","@id":"https:\/\/www.mines-stetienne.fr\/future-medicine-fr\/futuremedicine-2021\/demonstrateur-3d-fablab\/#breadcrumb","itemListElement":[{"@type":"ListItem","position":1,"name":"Accueil","item":"https:\/\/www.mines-stetienne.fr\/future-medicine-fr\/"},{"@type":"ListItem","position":2,"name":"#FutureMedicine 2021","item":"https:\/\/www.mines-stetienne.fr\/future-medicine-fr\/futuremedicine-2021\/"},{"@type":"ListItem","position":3,"name":"D\u00e9monstrateur 3DFabLab"}]},{"@type":"WebSite","@id":"https:\/\/www.mines-stetienne.fr\/future-medicine-fr\/#website","url":"https:\/\/www.mines-stetienne.fr\/future-medicine-fr\/","name":"#FutureMedicine","description":"- Mines Saint-\u00c9tienne Tech","potentialAction":[{"@type":"SearchAction","target":{"@type":"EntryPoint","urlTemplate":"https:\/\/www.mines-stetienne.fr\/future-medicine-fr\/?s={search_term_string}"},"query-input":{"@type":"PropertyValueSpecification","valueRequired":true,"valueName":"search_term_string"}}],"inLanguage":"fr-FR"}]}},"_links":{"self":[{"href":"https:\/\/www.mines-stetienne.fr\/future-medicine-fr\/wp-json\/wp\/v2\/pages\/20627","targetHints":{"allow":["GET"]}}],"collection":[{"href":"https:\/\/www.mines-stetienne.fr\/future-medicine-fr\/wp-json\/wp\/v2\/pages"}],"about":[{"href":"https:\/\/www.mines-stetienne.fr\/future-medicine-fr\/wp-json\/wp\/v2\/types\/page"}],"author":[{"embeddable":true,"href":"https:\/\/www.mines-stetienne.fr\/future-medicine-fr\/wp-json\/wp\/v2\/users\/3"}],"replies":[{"embeddable":true,"href":"https:\/\/www.mines-stetienne.fr\/future-medicine-fr\/wp-json\/wp\/v2\/comments?post=20627"}],"version-history":[{"count":19,"href":"https:\/\/www.mines-stetienne.fr\/future-medicine-fr\/wp-json\/wp\/v2\/pages\/20627\/revisions"}],"predecessor-version":[{"id":21447,"href":"https:\/\/www.mines-stetienne.fr\/future-medicine-fr\/wp-json\/wp\/v2\/pages\/20627\/revisions\/21447"}],"up":[{"embeddable":true,"href":"https:\/\/www.mines-stetienne.fr\/future-medicine-fr\/wp-json\/wp\/v2\/pages\/20153"}],"wp:attachment":[{"href":"https:\/\/www.mines-stetienne.fr\/future-medicine-fr\/wp-json\/wp\/v2\/media?parent=20627"}],"wp:term":[{"taxonomy":"post_tag","embeddable":true,"href":"https:\/\/www.mines-stetienne.fr\/future-medicine-fr\/wp-json\/wp\/v2\/tags?post=20627"}],"curies":[{"name":"wp","href":"https:\/\/api.w.org\/{rel}","templated":true}]}}