{"id":20615,"date":"2020-11-23T13:13:23","date_gmt":"2020-11-23T12:13:23","guid":{"rendered":"https:\/\/www.mines-stetienne.fr\/?page_id=20615"},"modified":"2021-05-28T08:47:30","modified_gmt":"2021-05-28T06:47:30","slug":"demonstrateur-particulesinhalees","status":"publish","type":"page","link":"https:\/\/www.mines-stetienne.fr\/future-medicine-fr\/futuremedicine-2021\/demonstrateur-particulesinhalees\/","title":{"rendered":"D\u00e9monstrateur Particules inhal\u00e9es"},"content":{"rendered":"\n<h3 class=\"wp-block-heading\">L&rsquo;\u00e9valuation de dispositifs m\u00e9dicaux d\u2019a\u00e9rosolth\u00e9rapie est au c\u0153ur des \u00e9tudes de sant\u00e9 publique men\u00e9es pour les entreprises et les collectivit\u00e9s. <\/h3>\n\n\n\n<p>Elle est bas\u00e9e sur une approche par l\u2019exp\u00e9rimentation et les usages :<br>\u2022&nbsp;de dispositifs d\u2019a\u00e9rosol th\u00e9rapie de type inhalateurs ou n\u00e9buliseurs et leur am\u00e9lioration (prototypage, tests, retour d\u2019exp\u00e9rience). <br>\u2022 de dispositifs de type vapotage en vue d\u2019une adaptation comme dispositif de m\u00e9dication (caract\u00e9risation des \u00e9missions, toxicologie)<br>\u2022 de la nocivit\u00e9 et l\u2019identification de conduite addictive dans une d\u00e9marche de sant\u00e9 publique.&nbsp;<\/p>\n\n\n\n<figure class=\"wp-block-gallery columns-3 is-cropped wp-block-gallery-1 is-layout-flex wp-block-gallery-is-layout-flex\"><ul class=\"blocks-gallery-grid\"><li class=\"blocks-gallery-item\"><figure><a href=\"https:\/\/www.mines-stetienne.fr\/future-medicine-fr\/wp-content\/uploads\/sites\/15\/2020\/11\/aerosol2.jpg\"><img loading=\"lazy\" decoding=\"async\" width=\"700\" height=\"380\" src=\"https:\/\/www.mines-stetienne.fr\/future-medicine-fr\/wp-content\/uploads\/sites\/15\/2020\/11\/aerosol2.jpg\" alt=\"\" data-id=\"20921\" data-link=\"https:\/\/www.mines-stetienne.fr\/?attachment_id=20921\" class=\"wp-image-20921\" srcset=\"https:\/\/www.mines-stetienne.fr\/future-medicine-fr\/wp-content\/uploads\/sites\/15\/2020\/11\/aerosol2.jpg 700w, https:\/\/www.mines-stetienne.fr\/future-medicine-fr\/wp-content\/uploads\/sites\/15\/2020\/11\/aerosol2-300x163.jpg 300w\" sizes=\"auto, (max-width: 700px) 100vw, 700px\" \/><\/a><\/figure><\/li><li class=\"blocks-gallery-item\"><figure><a href=\"https:\/\/www.mines-stetienne.fr\/future-medicine-fr\/wp-content\/uploads\/sites\/15\/2020\/11\/poumon-1.jpg\"><img loading=\"lazy\" decoding=\"async\" width=\"600\" height=\"391\" src=\"https:\/\/www.mines-stetienne.fr\/future-medicine-fr\/wp-content\/uploads\/sites\/15\/2020\/11\/poumon-1.jpg\" alt=\"\" data-id=\"20923\" data-full-url=\"https:\/\/www.mines-stetienne.fr\/future-medicine-fr\/wp-content\/uploads\/sites\/15\/2020\/11\/poumon-1.jpg\" data-link=\"https:\/\/www.mines-stetienne.fr\/?attachment_id=20923\" class=\"wp-image-20923\" srcset=\"https:\/\/www.mines-stetienne.fr\/future-medicine-fr\/wp-content\/uploads\/sites\/15\/2020\/11\/poumon-1.jpg 600w, https:\/\/www.mines-stetienne.fr\/future-medicine-fr\/wp-content\/uploads\/sites\/15\/2020\/11\/poumon-1-300x196.jpg 300w\" sizes=\"auto, (max-width: 600px) 100vw, 600px\" \/><\/a><\/figure><\/li><li class=\"blocks-gallery-item\"><figure><a href=\"https:\/\/www.mines-stetienne.fr\/future-medicine-fr\/wp-content\/uploads\/sites\/15\/2020\/11\/vap-1.jpg\"><img loading=\"lazy\" decoding=\"async\" width=\"620\" height=\"385\" src=\"https:\/\/www.mines-stetienne.fr\/future-medicine-fr\/wp-content\/uploads\/sites\/15\/2020\/11\/vap-1.jpg\" alt=\"\" data-id=\"20922\" data-link=\"https:\/\/www.mines-stetienne.fr\/?attachment_id=20922\" class=\"wp-image-20922\" srcset=\"https:\/\/www.mines-stetienne.fr\/future-medicine-fr\/wp-content\/uploads\/sites\/15\/2020\/11\/vap-1.jpg 620w, https:\/\/www.mines-stetienne.fr\/future-medicine-fr\/wp-content\/uploads\/sites\/15\/2020\/11\/vap-1-300x186.jpg 300w\" sizes=\"auto, (max-width: 620px) 100vw, 620px\" \/><\/a><\/figure><\/li><\/ul><\/figure>\n\n\n\n<p>Elle s&rsquo;appuie sur les expertises <strong>A\u00e9rosol<\/strong> (m\u00e9trologie&nbsp;des a\u00e9rosols, mod\u00e8les anatomiques pour l\u2019\u00e9tude des d\u00e9p\u00f4ts d\u2019a\u00e9rosol) et&nbsp;<strong>Toxicit\u00e9<\/strong> (techniques de caract\u00e9risation physico-chimique des particules,&nbsp;tests de toxicologie, exposition \u00e0 l\u2019interface air\/liquide) du d\u00e9partement Activit\u00e9 biologique des Particules Inhal\u00e9es (BioPi).<\/p>\n\n\n\n<p>Exemples de projet :<br>\u2022 \u00c9tude des <strong>d\u00e9p\u00f4ts des a\u00e9rosols dans les voies respiratoire<\/strong>s avec un mod\u00e8le unique au monde qui consiste \u00e0 coupler une t\u00eate humaine imprim\u00e9e en 3D en mati\u00e8re plastique \u00e0 des poumons ex vivo de porc. L\u2019objectif \u00e9tant de diminuer l\u2019exp\u00e9rimentation animale. <br>\u2022 Conditions d\u2019utilisation de la <strong>cigarette \u00e9lectronique<\/strong> (comparaison avec le tabac). Essais sur banc et d\u00e9termination de \u00ab Profils de vape \u00bb<br>\u2022 \u00c9tude de la <strong>performance des masques \u00e0 usage m\u00e9dical<\/strong> et \u00e0 usage non sanitaire (filtration bact\u00e9rienne, filtration virale, respirabilit\u00e9, d\u00e9contamination &#8230;).<\/p>\n\n\n\n<p>Contact : <a href=\"&#x6d;&#x61;&#x69;&#x6c;&#x74;&#x6f;&#x3a;&#108;&#101;&#99;&#108;&#101;rc&#64;e&#x6d;&#x73;&#x65;&#x2e;&#x66;&#x72;\">Lara Leclerc<\/a>, CIS, d\u00e9pt BioPi \/ SAINBIOSE, \u00e9quipe DVH<\/p>\n\n\n\n<div class=\"wp-block-media-text alignwide is-stacked-on-mobile\" style=\"grid-template-columns:15% auto\"><figure class=\"wp-block-media-text__media\"><img loading=\"lazy\" decoding=\"async\" width=\"100\" height=\"100\" src=\"https:\/\/www.mines-stetienne.fr\/future-medicine-fr\/wp-content\/uploads\/sites\/15\/2020\/11\/BdPicto3DAerosol.jpg\" alt=\"\" class=\"wp-image-20895 size-full\" srcset=\"https:\/\/www.mines-stetienne.fr\/future-medicine-fr\/wp-content\/uploads\/sites\/15\/2020\/11\/BdPicto3DAerosol.jpg 100w, https:\/\/www.mines-stetienne.fr\/future-medicine-fr\/wp-content\/uploads\/sites\/15\/2020\/11\/BdPicto3DAerosol-75x75.jpg 75w\" sizes=\"auto, (max-width: 100px) 100vw, 100px\" \/><\/figure><div class=\"wp-block-media-text__content\">\n<p class=\"has-normal-font-size\"><em>Ce d\u00e9monstrateur s&rsquo;appuie sur le <a href=\"https:\/\/www.mines-stetienne.fr\/future-medicine-fr\/centre-ingenierie-et-sante\/plateau-technique-particules-inhalees\/\">plateau technique <em>Particules inhal\u00e9es<\/em><\/a><\/em> <em>(\u00e9quipements, expertises et comp\u00e9tences)<\/em> du <a href=\"https:\/\/www.mines-stetienne.fr\/future-medicine-fr\/centre-ingenierie-et-sante\/\">Centre Ing\u00e9nierie et Sant\u00e9<\/a><\/p>\n<\/div><\/div>\n","protected":false},"excerpt":{"rendered":"<p>L&rsquo;\u00e9valuation de dispositifs m\u00e9dicaux d\u2019a\u00e9rosolth\u00e9rapie est au c\u0153ur des \u00e9tudes de sant\u00e9 publique men\u00e9es pour les entreprises et les collectivit\u00e9s. Elle est bas\u00e9e sur une approche par l\u2019exp\u00e9rimentation et les usages :\u2022&nbsp;de dispositifs d\u2019a\u00e9rosol th\u00e9rapie de type inhalateurs ou n\u00e9buliseurs &hellip;<\/p>\n","protected":false},"author":3,"featured_media":0,"parent":20153,"menu_order":0,"comment_status":"closed","ping_status":"closed","template":"","meta":{"footnotes":""},"tags":[],"class_list":["post-20615","page","type-page","status-publish","hentry"],"pp_statuses_selecting_workflow":false,"pp_workflow_action":"current","pp_status_selection":"publish","pp_force_visibility":null,"pp_subpost_visibility":null,"pp_inherited_force_visibility":null,"pp_inherited_subpost_visibility":null,"yoast_head":"<!-- This site is optimized with the Yoast SEO plugin v27.4 - https:\/\/yoast.com\/product\/yoast-seo-wordpress\/ -->\n<title>D\u00e9monstrateur Particules inhal\u00e9es - #FutureMedicine<\/title>\n<meta name=\"robots\" content=\"index, follow, max-snippet:-1, max-image-preview:large, max-video-preview:-1\" \/>\n<link rel=\"canonical\" href=\"https:\/\/www.mines-stetienne.fr\/future-medicine-fr\/futuremedicine-2021\/demonstrateur-particulesinhalees\/\" \/>\n<meta property=\"og:locale\" content=\"fr_FR\" \/>\n<meta property=\"og:type\" content=\"article\" \/>\n<meta property=\"og:title\" content=\"D\u00e9monstrateur Particules inhal\u00e9es - #FutureMedicine\" \/>\n<meta property=\"og:description\" content=\"L&rsquo;\u00e9valuation de dispositifs m\u00e9dicaux d\u2019a\u00e9rosolth\u00e9rapie est au c\u0153ur des \u00e9tudes de sant\u00e9 publique men\u00e9es pour les entreprises et les collectivit\u00e9s. Elle est bas\u00e9e sur une approche par l\u2019exp\u00e9rimentation et les usages :\u2022&nbsp;de dispositifs d\u2019a\u00e9rosol th\u00e9rapie de type inhalateurs ou n\u00e9buliseurs &hellip;\" \/>\n<meta property=\"og:url\" content=\"https:\/\/www.mines-stetienne.fr\/future-medicine-fr\/futuremedicine-2021\/demonstrateur-particulesinhalees\/\" \/>\n<meta property=\"og:site_name\" content=\"#FutureMedicine\" \/>\n<meta property=\"article:publisher\" content=\"https:\/\/www.facebook.com\/MinesSaintEtienne\" \/>\n<meta property=\"article:modified_time\" content=\"2021-05-28T06:47:30+00:00\" \/>\n<meta property=\"og:image\" content=\"https:\/\/www.mines-stetienne.fr\/future-medicine-fr\/wp-content\/uploads\/sites\/15\/2020\/11\/aerosol2.jpg\" \/>\n<meta name=\"twitter:card\" content=\"summary_large_image\" \/>\n<meta name=\"twitter:site\" content=\"@MINES_StEtienne\" \/>\n<meta name=\"twitter:label1\" content=\"Dur\u00e9e de lecture estim\u00e9e\" \/>\n\t<meta name=\"twitter:data1\" content=\"2 minutes\" \/>\n<script type=\"application\/ld+json\" class=\"yoast-schema-graph\">{\"@context\":\"https:\\\/\\\/schema.org\",\"@graph\":[{\"@type\":\"WebPage\",\"@id\":\"https:\\\/\\\/www.mines-stetienne.fr\\\/future-medicine-fr\\\/futuremedicine-2021\\\/demonstrateur-particulesinhalees\\\/\",\"url\":\"https:\\\/\\\/www.mines-stetienne.fr\\\/future-medicine-fr\\\/futuremedicine-2021\\\/demonstrateur-particulesinhalees\\\/\",\"name\":\"D\u00e9monstrateur Particules inhal\u00e9es - #FutureMedicine\",\"isPartOf\":{\"@id\":\"https:\\\/\\\/www.mines-stetienne.fr\\\/future-medicine-fr\\\/#website\"},\"primaryImageOfPage\":{\"@id\":\"https:\\\/\\\/www.mines-stetienne.fr\\\/future-medicine-fr\\\/futuremedicine-2021\\\/demonstrateur-particulesinhalees\\\/#primaryimage\"},\"image\":{\"@id\":\"https:\\\/\\\/www.mines-stetienne.fr\\\/future-medicine-fr\\\/futuremedicine-2021\\\/demonstrateur-particulesinhalees\\\/#primaryimage\"},\"thumbnailUrl\":\"https:\\\/\\\/www.mines-stetienne.fr\\\/future-medicine-fr\\\/wp-content\\\/uploads\\\/sites\\\/15\\\/2020\\\/11\\\/aerosol2.jpg\",\"datePublished\":\"2020-11-23T12:13:23+00:00\",\"dateModified\":\"2021-05-28T06:47:30+00:00\",\"breadcrumb\":{\"@id\":\"https:\\\/\\\/www.mines-stetienne.fr\\\/future-medicine-fr\\\/futuremedicine-2021\\\/demonstrateur-particulesinhalees\\\/#breadcrumb\"},\"inLanguage\":\"fr-FR\",\"potentialAction\":[{\"@type\":\"ReadAction\",\"target\":[\"https:\\\/\\\/www.mines-stetienne.fr\\\/future-medicine-fr\\\/futuremedicine-2021\\\/demonstrateur-particulesinhalees\\\/\"]}]},{\"@type\":\"ImageObject\",\"inLanguage\":\"fr-FR\",\"@id\":\"https:\\\/\\\/www.mines-stetienne.fr\\\/future-medicine-fr\\\/futuremedicine-2021\\\/demonstrateur-particulesinhalees\\\/#primaryimage\",\"url\":\"https:\\\/\\\/www.mines-stetienne.fr\\\/future-medicine-fr\\\/wp-content\\\/uploads\\\/sites\\\/15\\\/2020\\\/11\\\/aerosol2.jpg\",\"contentUrl\":\"https:\\\/\\\/www.mines-stetienne.fr\\\/future-medicine-fr\\\/wp-content\\\/uploads\\\/sites\\\/15\\\/2020\\\/11\\\/aerosol2.jpg\",\"width\":700,\"height\":380},{\"@type\":\"BreadcrumbList\",\"@id\":\"https:\\\/\\\/www.mines-stetienne.fr\\\/future-medicine-fr\\\/futuremedicine-2021\\\/demonstrateur-particulesinhalees\\\/#breadcrumb\",\"itemListElement\":[{\"@type\":\"ListItem\",\"position\":1,\"name\":\"Accueil\",\"item\":\"https:\\\/\\\/www.mines-stetienne.fr\\\/future-medicine-fr\\\/\"},{\"@type\":\"ListItem\",\"position\":2,\"name\":\"#FutureMedicine 2021\",\"item\":\"https:\\\/\\\/www.mines-stetienne.fr\\\/future-medicine-fr\\\/futuremedicine-2021\\\/\"},{\"@type\":\"ListItem\",\"position\":3,\"name\":\"D\u00e9monstrateur Particules inhal\u00e9es\"}]},{\"@type\":\"WebSite\",\"@id\":\"https:\\\/\\\/www.mines-stetienne.fr\\\/future-medicine-fr\\\/#website\",\"url\":\"https:\\\/\\\/www.mines-stetienne.fr\\\/future-medicine-fr\\\/\",\"name\":\"#FutureMedicine\",\"description\":\"- Mines Saint-\u00c9tienne Tech\",\"potentialAction\":[{\"@type\":\"SearchAction\",\"target\":{\"@type\":\"EntryPoint\",\"urlTemplate\":\"https:\\\/\\\/www.mines-stetienne.fr\\\/future-medicine-fr\\\/?s={search_term_string}\"},\"query-input\":{\"@type\":\"PropertyValueSpecification\",\"valueRequired\":true,\"valueName\":\"search_term_string\"}}],\"inLanguage\":\"fr-FR\"}]}<\/script>\n<!-- \/ Yoast SEO plugin. -->","yoast_head_json":{"title":"D\u00e9monstrateur Particules inhal\u00e9es - #FutureMedicine","robots":{"index":"index","follow":"follow","max-snippet":"max-snippet:-1","max-image-preview":"max-image-preview:large","max-video-preview":"max-video-preview:-1"},"canonical":"https:\/\/www.mines-stetienne.fr\/future-medicine-fr\/futuremedicine-2021\/demonstrateur-particulesinhalees\/","og_locale":"fr_FR","og_type":"article","og_title":"D\u00e9monstrateur Particules inhal\u00e9es - #FutureMedicine","og_description":"L&rsquo;\u00e9valuation de dispositifs m\u00e9dicaux d\u2019a\u00e9rosolth\u00e9rapie est au c\u0153ur des \u00e9tudes de sant\u00e9 publique men\u00e9es pour les entreprises et les collectivit\u00e9s. Elle est bas\u00e9e sur une approche par l\u2019exp\u00e9rimentation et les usages :\u2022&nbsp;de dispositifs d\u2019a\u00e9rosol th\u00e9rapie de type inhalateurs ou n\u00e9buliseurs &hellip;","og_url":"https:\/\/www.mines-stetienne.fr\/future-medicine-fr\/futuremedicine-2021\/demonstrateur-particulesinhalees\/","og_site_name":"#FutureMedicine","article_publisher":"https:\/\/www.facebook.com\/MinesSaintEtienne","article_modified_time":"2021-05-28T06:47:30+00:00","og_image":[{"url":"https:\/\/www.mines-stetienne.fr\/future-medicine-fr\/wp-content\/uploads\/sites\/15\/2020\/11\/aerosol2.jpg","type":"","width":"","height":""}],"twitter_card":"summary_large_image","twitter_site":"@MINES_StEtienne","twitter_misc":{"Dur\u00e9e de lecture estim\u00e9e":"2 minutes"},"schema":{"@context":"https:\/\/schema.org","@graph":[{"@type":"WebPage","@id":"https:\/\/www.mines-stetienne.fr\/future-medicine-fr\/futuremedicine-2021\/demonstrateur-particulesinhalees\/","url":"https:\/\/www.mines-stetienne.fr\/future-medicine-fr\/futuremedicine-2021\/demonstrateur-particulesinhalees\/","name":"D\u00e9monstrateur Particules inhal\u00e9es - #FutureMedicine","isPartOf":{"@id":"https:\/\/www.mines-stetienne.fr\/future-medicine-fr\/#website"},"primaryImageOfPage":{"@id":"https:\/\/www.mines-stetienne.fr\/future-medicine-fr\/futuremedicine-2021\/demonstrateur-particulesinhalees\/#primaryimage"},"image":{"@id":"https:\/\/www.mines-stetienne.fr\/future-medicine-fr\/futuremedicine-2021\/demonstrateur-particulesinhalees\/#primaryimage"},"thumbnailUrl":"https:\/\/www.mines-stetienne.fr\/future-medicine-fr\/wp-content\/uploads\/sites\/15\/2020\/11\/aerosol2.jpg","datePublished":"2020-11-23T12:13:23+00:00","dateModified":"2021-05-28T06:47:30+00:00","breadcrumb":{"@id":"https:\/\/www.mines-stetienne.fr\/future-medicine-fr\/futuremedicine-2021\/demonstrateur-particulesinhalees\/#breadcrumb"},"inLanguage":"fr-FR","potentialAction":[{"@type":"ReadAction","target":["https:\/\/www.mines-stetienne.fr\/future-medicine-fr\/futuremedicine-2021\/demonstrateur-particulesinhalees\/"]}]},{"@type":"ImageObject","inLanguage":"fr-FR","@id":"https:\/\/www.mines-stetienne.fr\/future-medicine-fr\/futuremedicine-2021\/demonstrateur-particulesinhalees\/#primaryimage","url":"https:\/\/www.mines-stetienne.fr\/future-medicine-fr\/wp-content\/uploads\/sites\/15\/2020\/11\/aerosol2.jpg","contentUrl":"https:\/\/www.mines-stetienne.fr\/future-medicine-fr\/wp-content\/uploads\/sites\/15\/2020\/11\/aerosol2.jpg","width":700,"height":380},{"@type":"BreadcrumbList","@id":"https:\/\/www.mines-stetienne.fr\/future-medicine-fr\/futuremedicine-2021\/demonstrateur-particulesinhalees\/#breadcrumb","itemListElement":[{"@type":"ListItem","position":1,"name":"Accueil","item":"https:\/\/www.mines-stetienne.fr\/future-medicine-fr\/"},{"@type":"ListItem","position":2,"name":"#FutureMedicine 2021","item":"https:\/\/www.mines-stetienne.fr\/future-medicine-fr\/futuremedicine-2021\/"},{"@type":"ListItem","position":3,"name":"D\u00e9monstrateur Particules inhal\u00e9es"}]},{"@type":"WebSite","@id":"https:\/\/www.mines-stetienne.fr\/future-medicine-fr\/#website","url":"https:\/\/www.mines-stetienne.fr\/future-medicine-fr\/","name":"#FutureMedicine","description":"- Mines Saint-\u00c9tienne Tech","potentialAction":[{"@type":"SearchAction","target":{"@type":"EntryPoint","urlTemplate":"https:\/\/www.mines-stetienne.fr\/future-medicine-fr\/?s={search_term_string}"},"query-input":{"@type":"PropertyValueSpecification","valueRequired":true,"valueName":"search_term_string"}}],"inLanguage":"fr-FR"}]}},"_links":{"self":[{"href":"https:\/\/www.mines-stetienne.fr\/future-medicine-fr\/wp-json\/wp\/v2\/pages\/20615","targetHints":{"allow":["GET"]}}],"collection":[{"href":"https:\/\/www.mines-stetienne.fr\/future-medicine-fr\/wp-json\/wp\/v2\/pages"}],"about":[{"href":"https:\/\/www.mines-stetienne.fr\/future-medicine-fr\/wp-json\/wp\/v2\/types\/page"}],"author":[{"embeddable":true,"href":"https:\/\/www.mines-stetienne.fr\/future-medicine-fr\/wp-json\/wp\/v2\/users\/3"}],"replies":[{"embeddable":true,"href":"https:\/\/www.mines-stetienne.fr\/future-medicine-fr\/wp-json\/wp\/v2\/comments?post=20615"}],"version-history":[{"count":12,"href":"https:\/\/www.mines-stetienne.fr\/future-medicine-fr\/wp-json\/wp\/v2\/pages\/20615\/revisions"}],"predecessor-version":[{"id":21393,"href":"https:\/\/www.mines-stetienne.fr\/future-medicine-fr\/wp-json\/wp\/v2\/pages\/20615\/revisions\/21393"}],"up":[{"embeddable":true,"href":"https:\/\/www.mines-stetienne.fr\/future-medicine-fr\/wp-json\/wp\/v2\/pages\/20153"}],"wp:attachment":[{"href":"https:\/\/www.mines-stetienne.fr\/future-medicine-fr\/wp-json\/wp\/v2\/media?parent=20615"}],"wp:term":[{"taxonomy":"post_tag","embeddable":true,"href":"https:\/\/www.mines-stetienne.fr\/future-medicine-fr\/wp-json\/wp\/v2\/tags?post=20615"}],"curies":[{"name":"wp","href":"https:\/\/api.w.org\/{rel}","templated":true}]}}