{"id":20603,"date":"2020-11-23T13:08:28","date_gmt":"2020-11-23T12:08:28","guid":{"rendered":"https:\/\/www.mines-stetienne.fr\/?page_id=20603"},"modified":"2021-05-28T08:47:40","modified_gmt":"2021-05-28T06:47:40","slug":"demonstrateur-simulateur-chirurgical","status":"publish","type":"page","link":"https:\/\/www.mines-stetienne.fr\/future-medicine-fr\/futuremedicine-2021\/demonstrateur-simulateur-chirurgical\/","title":{"rendered":"D\u00e9monstrateur Simulateur chirurgical"},"content":{"rendered":"\n<h3 class=\"wp-block-heading\">Ce d\u00e9monstrateur est d\u00e9di\u00e9 \u00e0 la fois au chirurgien qui souhaite s\u2019entra\u00eener aux gestes chirurgicaux assist\u00e9s par r\u00e9alit\u00e9 augment\u00e9e, et \u00e0 l\u2019industriel \u00e0 la recherche d\u2019un outil d\u2019\u00e9valuation par l\u2019usage des performances de proth\u00e8ses vasculaires.<\/h3>\n\n\n\n<p style=\"font-size:17px\">L&rsquo;outil de simulation num\u00e9rique sur patient virtuel assiste le geste chirurgical : <br>&#8211; \u00c9valuation de la pose d\u2019endoproth\u00e8ses,<br>&#8211; Simulation des performances m\u00e9caniques lors du largage,<br>&#8211; Simulation r\u00e9aliste du geste chirurgical dans un environnement appropri\u00e9.<\/p>\n\n\n\n<figure class=\"wp-block-gallery columns-3 is-cropped wp-block-gallery-1 is-layout-flex wp-block-gallery-is-layout-flex\"><ul class=\"blocks-gallery-grid\"><li class=\"blocks-gallery-item\"><figure><a href=\"https:\/\/www.mines-stetienne.fr\/future-medicine-fr\/wp-content\/uploads\/sites\/15\/2020\/11\/DemoSM4.jpg\"><img loading=\"lazy\" decoding=\"async\" width=\"494\" height=\"260\" src=\"https:\/\/www.mines-stetienne.fr\/future-medicine-fr\/wp-content\/uploads\/sites\/15\/2020\/11\/DemoSM4.jpg\" alt=\"\" data-id=\"20610\" data-full-url=\"https:\/\/www.mines-stetienne.fr\/future-medicine-fr\/wp-content\/uploads\/sites\/15\/2020\/11\/DemoSM4.jpg\" data-link=\"https:\/\/www.mines-stetienne.fr\/future-medicine-fr\/demosm4\/\" class=\"wp-image-20610\" srcset=\"https:\/\/www.mines-stetienne.fr\/future-medicine-fr\/wp-content\/uploads\/sites\/15\/2020\/11\/DemoSM4.jpg 494w, https:\/\/www.mines-stetienne.fr\/future-medicine-fr\/wp-content\/uploads\/sites\/15\/2020\/11\/DemoSM4-300x158.jpg 300w\" sizes=\"auto, (max-width: 494px) 100vw, 494px\" \/><\/a><\/figure><\/li><li class=\"blocks-gallery-item\"><figure><a href=\"https:\/\/www.mines-stetienne.fr\/future-medicine-fr\/wp-content\/uploads\/sites\/15\/2020\/11\/DemoSM3.jpg\"><img loading=\"lazy\" decoding=\"async\" width=\"750\" height=\"427\" src=\"https:\/\/www.mines-stetienne.fr\/future-medicine-fr\/wp-content\/uploads\/sites\/15\/2020\/11\/DemoSM3.jpg\" alt=\"\" data-id=\"20609\" data-full-url=\"https:\/\/www.mines-stetienne.fr\/future-medicine-fr\/wp-content\/uploads\/sites\/15\/2020\/11\/DemoSM3.jpg\" data-link=\"https:\/\/www.mines-stetienne.fr\/future-medicine-fr\/demosm3\/\" class=\"wp-image-20609\" srcset=\"https:\/\/www.mines-stetienne.fr\/future-medicine-fr\/wp-content\/uploads\/sites\/15\/2020\/11\/DemoSM3.jpg 750w, https:\/\/www.mines-stetienne.fr\/future-medicine-fr\/wp-content\/uploads\/sites\/15\/2020\/11\/DemoSM3-300x171.jpg 300w\" sizes=\"auto, (max-width: 750px) 100vw, 750px\" \/><\/a><\/figure><\/li><li class=\"blocks-gallery-item\"><figure><a href=\"https:\/\/www.mines-stetienne.fr\/future-medicine-fr\/wp-content\/uploads\/sites\/15\/2020\/11\/DemoSM5.jpg\"><img loading=\"lazy\" decoding=\"async\" width=\"500\" height=\"465\" src=\"https:\/\/www.mines-stetienne.fr\/future-medicine-fr\/wp-content\/uploads\/sites\/15\/2020\/11\/DemoSM5.jpg\" alt=\"https:\/\/www.mines-stetienne.fr\/future-medicine-fr\/centre-ingenierie-et-sante\/departement-centres-et-departements\/biomecanique-des-tissus-mous-stbio\/\" data-id=\"20611\" data-full-url=\"https:\/\/www.mines-stetienne.fr\/future-medicine-fr\/wp-content\/uploads\/sites\/15\/2020\/11\/DemoSM5.jpg\" data-link=\"https:\/\/www.mines-stetienne.fr\/future-medicine-fr\/demosm5\/\" class=\"wp-image-20611\" srcset=\"https:\/\/www.mines-stetienne.fr\/future-medicine-fr\/wp-content\/uploads\/sites\/15\/2020\/11\/DemoSM5.jpg 500w, https:\/\/www.mines-stetienne.fr\/future-medicine-fr\/wp-content\/uploads\/sites\/15\/2020\/11\/DemoSM5-300x279.jpg 300w\" sizes=\"auto, (max-width: 500px) 100vw, 500px\" \/><\/a><\/figure><\/li><li class=\"blocks-gallery-item\"><figure><a href=\"https:\/\/www.mines-stetienne.fr\/future-medicine-fr\/wp-content\/uploads\/sites\/15\/2020\/11\/DemoSM2.jpg\"><img loading=\"lazy\" decoding=\"async\" width=\"750\" height=\"520\" src=\"https:\/\/www.mines-stetienne.fr\/future-medicine-fr\/wp-content\/uploads\/sites\/15\/2020\/11\/DemoSM2.jpg\" alt=\"\" data-id=\"20608\" data-full-url=\"https:\/\/www.mines-stetienne.fr\/future-medicine-fr\/wp-content\/uploads\/sites\/15\/2020\/11\/DemoSM2.jpg\" data-link=\"https:\/\/www.mines-stetienne.fr\/future-medicine-fr\/demosm2\/\" class=\"wp-image-20608\" srcset=\"https:\/\/www.mines-stetienne.fr\/future-medicine-fr\/wp-content\/uploads\/sites\/15\/2020\/11\/DemoSM2.jpg 750w, https:\/\/www.mines-stetienne.fr\/future-medicine-fr\/wp-content\/uploads\/sites\/15\/2020\/11\/DemoSM2-300x208.jpg 300w, https:\/\/www.mines-stetienne.fr\/future-medicine-fr\/wp-content\/uploads\/sites\/15\/2020\/11\/DemoSM2-225x155.jpg 225w\" sizes=\"auto, (max-width: 750px) 100vw, 750px\" \/><\/a><\/figure><\/li><li class=\"blocks-gallery-item\"><figure><a href=\"https:\/\/www.mines-stetienne.fr\/future-medicine-fr\/wp-content\/uploads\/sites\/15\/2020\/11\/DemoSM1.2.jpg\"><img loading=\"lazy\" decoding=\"async\" width=\"750\" height=\"504\" src=\"https:\/\/www.mines-stetienne.fr\/future-medicine-fr\/wp-content\/uploads\/sites\/15\/2020\/11\/DemoSM1.2.jpg\" alt=\"\" data-id=\"20631\" data-full-url=\"https:\/\/www.mines-stetienne.fr\/future-medicine-fr\/wp-content\/uploads\/sites\/15\/2020\/11\/DemoSM1.2.jpg\" data-link=\"https:\/\/www.mines-stetienne.fr\/future-medicine-fr\/demosm1-2\/\" class=\"wp-image-20631\" srcset=\"https:\/\/www.mines-stetienne.fr\/future-medicine-fr\/wp-content\/uploads\/sites\/15\/2020\/11\/DemoSM1.2.jpg 750w, https:\/\/www.mines-stetienne.fr\/future-medicine-fr\/wp-content\/uploads\/sites\/15\/2020\/11\/DemoSM1.2-300x202.jpg 300w\" sizes=\"auto, (max-width: 750px) 100vw, 750px\" \/><\/a><\/figure><\/li><li class=\"blocks-gallery-item\"><figure><a href=\"https:\/\/www.mines-stetienne.fr\/future-medicine-fr\/wp-content\/uploads\/sites\/15\/2020\/11\/carreblanc.jpg\"><img loading=\"lazy\" decoding=\"async\" width=\"630\" height=\"450\" src=\"https:\/\/www.mines-stetienne.fr\/future-medicine-fr\/wp-content\/uploads\/sites\/15\/2020\/11\/carreblanc.jpg\" alt=\"\" data-id=\"20700\" data-full-url=\"https:\/\/www.mines-stetienne.fr\/future-medicine-fr\/wp-content\/uploads\/sites\/15\/2020\/11\/carreblanc.jpg\" data-link=\"https:\/\/www.mines-stetienne.fr\/future-medicine-fr\/carreblanc\/\" class=\"wp-image-20700\" srcset=\"https:\/\/www.mines-stetienne.fr\/future-medicine-fr\/wp-content\/uploads\/sites\/15\/2020\/11\/carreblanc.jpg 630w, https:\/\/www.mines-stetienne.fr\/future-medicine-fr\/wp-content\/uploads\/sites\/15\/2020\/11\/carreblanc-300x214.jpg 300w\" sizes=\"auto, (max-width: 630px) 100vw, 630px\" \/><\/a><\/figure><\/li><\/ul><\/figure>\n\n\n\n<p style=\"font-size:17px\">Exemple d&rsquo;application : <br>Assistance \u00e0 la planification de la pose d\u2019endoproth\u00e8se aortique sur patient \u00e0 risque gr\u00e2ce aux outils num\u00e9riques.  Des aides visuelles sous forme de r\u00e9alit\u00e9 augment\u00e9e viennent fournir au chirurgien des informations lui permettant d\u2019affiner son geste pour les cas complexes (an\u00e9vrisme tortueux, endoproth\u00e8se fen\u00eatr\u00e9e\u2026). .<\/p>\n\n\n\n<p>Contact : <a href=\"m&#97;&#x69;&#x6c;t&#111;&#58;&#x70;&#x69;e&#114;&#x72;&#x61;t&#64;&#101;&#x6d;&#x73;e&#46;&#x66;&#x72;\">Baptiste Pierrat<\/a>, CIS, SAINBIOSE \u00e9quipe DVH<\/p>\n\n\n\n<p class=\"has-medium-font-size\"><strong>Transfert de technologie \/ Innovation : la Start-up Predisurge <\/strong><\/p>\n\n\n\n<p>Cr\u00e9\u00e9e en 2015, h\u00e9berg\u00e9e au Centre Ing\u00e9nierie et Sant\u00e9, <a rel=\"noreferrer noopener\" href=\"http:\/\/www.predisurge.com\/\" target=\"_blank\"><strong>Predisurge<\/strong><\/a> propose aux praticiens hospitaliers un simulateur num\u00e9rique qui permet, gr\u00e2ce aux donn\u00e9es d\u2019imagerie pr\u00e9op\u00e9ratoire de chaque patient, d\u2019obtenir de mani\u00e8re pr\u00e9dictive et personnalis\u00e9e une pr\u00e9visualisation de la pose de l\u2019endoproth\u00e8se chez les patients.<br><em>(Lien : Vid\u00e9o Sainbiose)<\/em><\/p>\n\n\n\n<div class=\"wp-block-media-text alignwide is-stacked-on-mobile\" style=\"grid-template-columns:15% auto\"><figure class=\"wp-block-media-text__media\"><img loading=\"lazy\" decoding=\"async\" width=\"100\" height=\"100\" src=\"https:\/\/www.mines-stetienne.fr\/future-medicine-fr\/wp-content\/uploads\/sites\/15\/2020\/11\/BdPicto3DSimChir.jpg\" alt=\"\" class=\"wp-image-20896 size-full\" srcset=\"https:\/\/www.mines-stetienne.fr\/future-medicine-fr\/wp-content\/uploads\/sites\/15\/2020\/11\/BdPicto3DSimChir.jpg 100w, https:\/\/www.mines-stetienne.fr\/future-medicine-fr\/wp-content\/uploads\/sites\/15\/2020\/11\/BdPicto3DSimChir-75x75.jpg 75w\" sizes=\"auto, (max-width: 100px) 100vw, 100px\" \/><\/figure><div class=\"wp-block-media-text__content\">\n<p style=\"font-size:17px\"><em>Ce d\u00e9monstrateur s&rsquo;appuie sur le <\/em><a href=\"https:\/\/www.mines-stetienne.fr\/future-medicine-fr\/plateau-technique-essais-biomecaniques\/\" rel=\"nofollow\"><em>plateau technique <em>Essais biom\u00e9caniques<\/em><\/em> <\/a><em>(\u00e9quipements, outils logiciels, comp\u00e9tences)<\/em> du Centre Ing\u00e9nierie et Sant\u00e9 et sur les d\u00e9veloppements scientifiques effectu\u00e9s.<\/p>\n<\/div><\/div>\n\n\n","protected":false},"excerpt":{"rendered":"<p>Ce d\u00e9monstrateur est d\u00e9di\u00e9 \u00e0 la fois au chirurgien qui souhaite s\u2019entra\u00eener aux gestes chirurgicaux assist\u00e9s par r\u00e9alit\u00e9 augment\u00e9e, et \u00e0 l\u2019industriel \u00e0 la recherche d\u2019un outil d\u2019\u00e9valuation par l\u2019usage des performances de proth\u00e8ses vasculaires. L&rsquo;outil de simulation num\u00e9rique sur &hellip;<\/p>\n","protected":false},"author":3,"featured_media":0,"parent":20153,"menu_order":0,"comment_status":"closed","ping_status":"closed","template":"","meta":{"footnotes":""},"tags":[],"class_list":["post-20603","page","type-page","status-publish","hentry"],"pp_statuses_selecting_workflow":false,"pp_workflow_action":"current","pp_status_selection":"publish","pp_force_visibility":null,"pp_subpost_visibility":null,"pp_inherited_force_visibility":null,"pp_inherited_subpost_visibility":null,"yoast_head":"<!-- This site is optimized with the Yoast SEO plugin v27.4 - https:\/\/yoast.com\/product\/yoast-seo-wordpress\/ -->\n<title>D\u00e9monstrateur Simulateur chirurgical - #FutureMedicine<\/title>\n<meta name=\"robots\" content=\"index, follow, max-snippet:-1, max-image-preview:large, max-video-preview:-1\" \/>\n<link rel=\"canonical\" href=\"https:\/\/www.mines-stetienne.fr\/future-medicine-fr\/futuremedicine-2021\/demonstrateur-simulateur-chirurgical\/\" \/>\n<meta property=\"og:locale\" content=\"fr_FR\" \/>\n<meta property=\"og:type\" content=\"article\" \/>\n<meta property=\"og:title\" content=\"D\u00e9monstrateur Simulateur chirurgical - #FutureMedicine\" \/>\n<meta property=\"og:description\" content=\"Ce d\u00e9monstrateur est d\u00e9di\u00e9 \u00e0 la fois au chirurgien qui souhaite s\u2019entra\u00eener aux gestes chirurgicaux assist\u00e9s par r\u00e9alit\u00e9 augment\u00e9e, et \u00e0 l\u2019industriel \u00e0 la recherche d\u2019un outil d\u2019\u00e9valuation par l\u2019usage des performances de proth\u00e8ses vasculaires. L&rsquo;outil de simulation num\u00e9rique sur &hellip;\" \/>\n<meta property=\"og:url\" content=\"https:\/\/www.mines-stetienne.fr\/future-medicine-fr\/futuremedicine-2021\/demonstrateur-simulateur-chirurgical\/\" \/>\n<meta property=\"og:site_name\" content=\"#FutureMedicine\" \/>\n<meta property=\"article:publisher\" content=\"https:\/\/www.facebook.com\/MinesSaintEtienne\" \/>\n<meta property=\"article:modified_time\" content=\"2021-05-28T06:47:40+00:00\" \/>\n<meta property=\"og:image\" content=\"https:\/\/www.mines-stetienne.fr\/future-medicine-fr\/wp-content\/uploads\/sites\/15\/2020\/11\/DemoSM4.jpg\" \/>\n<meta name=\"twitter:card\" content=\"summary_large_image\" \/>\n<meta name=\"twitter:site\" content=\"@MINES_StEtienne\" \/>\n<meta name=\"twitter:label1\" content=\"Dur\u00e9e de lecture estim\u00e9e\" \/>\n\t<meta name=\"twitter:data1\" content=\"1 minute\" \/>\n<script type=\"application\/ld+json\" class=\"yoast-schema-graph\">{\"@context\":\"https:\\\/\\\/schema.org\",\"@graph\":[{\"@type\":\"WebPage\",\"@id\":\"https:\\\/\\\/www.mines-stetienne.fr\\\/future-medicine-fr\\\/futuremedicine-2021\\\/demonstrateur-simulateur-chirurgical\\\/\",\"url\":\"https:\\\/\\\/www.mines-stetienne.fr\\\/future-medicine-fr\\\/futuremedicine-2021\\\/demonstrateur-simulateur-chirurgical\\\/\",\"name\":\"D\u00e9monstrateur Simulateur chirurgical - #FutureMedicine\",\"isPartOf\":{\"@id\":\"https:\\\/\\\/www.mines-stetienne.fr\\\/future-medicine-fr\\\/#website\"},\"primaryImageOfPage\":{\"@id\":\"https:\\\/\\\/www.mines-stetienne.fr\\\/future-medicine-fr\\\/futuremedicine-2021\\\/demonstrateur-simulateur-chirurgical\\\/#primaryimage\"},\"image\":{\"@id\":\"https:\\\/\\\/www.mines-stetienne.fr\\\/future-medicine-fr\\\/futuremedicine-2021\\\/demonstrateur-simulateur-chirurgical\\\/#primaryimage\"},\"thumbnailUrl\":\"https:\\\/\\\/www.mines-stetienne.fr\\\/future-medicine-fr\\\/wp-content\\\/uploads\\\/sites\\\/15\\\/2020\\\/11\\\/DemoSM4.jpg\",\"datePublished\":\"2020-11-23T12:08:28+00:00\",\"dateModified\":\"2021-05-28T06:47:40+00:00\",\"breadcrumb\":{\"@id\":\"https:\\\/\\\/www.mines-stetienne.fr\\\/future-medicine-fr\\\/futuremedicine-2021\\\/demonstrateur-simulateur-chirurgical\\\/#breadcrumb\"},\"inLanguage\":\"fr-FR\",\"potentialAction\":[{\"@type\":\"ReadAction\",\"target\":[\"https:\\\/\\\/www.mines-stetienne.fr\\\/future-medicine-fr\\\/futuremedicine-2021\\\/demonstrateur-simulateur-chirurgical\\\/\"]}]},{\"@type\":\"ImageObject\",\"inLanguage\":\"fr-FR\",\"@id\":\"https:\\\/\\\/www.mines-stetienne.fr\\\/future-medicine-fr\\\/futuremedicine-2021\\\/demonstrateur-simulateur-chirurgical\\\/#primaryimage\",\"url\":\"https:\\\/\\\/www.mines-stetienne.fr\\\/future-medicine-fr\\\/wp-content\\\/uploads\\\/sites\\\/15\\\/2020\\\/11\\\/DemoSM4.jpg\",\"contentUrl\":\"https:\\\/\\\/www.mines-stetienne.fr\\\/future-medicine-fr\\\/wp-content\\\/uploads\\\/sites\\\/15\\\/2020\\\/11\\\/DemoSM4.jpg\",\"width\":494,\"height\":260},{\"@type\":\"BreadcrumbList\",\"@id\":\"https:\\\/\\\/www.mines-stetienne.fr\\\/future-medicine-fr\\\/futuremedicine-2021\\\/demonstrateur-simulateur-chirurgical\\\/#breadcrumb\",\"itemListElement\":[{\"@type\":\"ListItem\",\"position\":1,\"name\":\"Accueil\",\"item\":\"https:\\\/\\\/www.mines-stetienne.fr\\\/future-medicine-fr\\\/\"},{\"@type\":\"ListItem\",\"position\":2,\"name\":\"#FutureMedicine 2021\",\"item\":\"https:\\\/\\\/www.mines-stetienne.fr\\\/future-medicine-fr\\\/futuremedicine-2021\\\/\"},{\"@type\":\"ListItem\",\"position\":3,\"name\":\"D\u00e9monstrateur Simulateur chirurgical\"}]},{\"@type\":\"WebSite\",\"@id\":\"https:\\\/\\\/www.mines-stetienne.fr\\\/future-medicine-fr\\\/#website\",\"url\":\"https:\\\/\\\/www.mines-stetienne.fr\\\/future-medicine-fr\\\/\",\"name\":\"#FutureMedicine\",\"description\":\"- Mines Saint-\u00c9tienne Tech\",\"potentialAction\":[{\"@type\":\"SearchAction\",\"target\":{\"@type\":\"EntryPoint\",\"urlTemplate\":\"https:\\\/\\\/www.mines-stetienne.fr\\\/future-medicine-fr\\\/?s={search_term_string}\"},\"query-input\":{\"@type\":\"PropertyValueSpecification\",\"valueRequired\":true,\"valueName\":\"search_term_string\"}}],\"inLanguage\":\"fr-FR\"}]}<\/script>\n<!-- \/ Yoast SEO plugin. -->","yoast_head_json":{"title":"D\u00e9monstrateur Simulateur chirurgical - #FutureMedicine","robots":{"index":"index","follow":"follow","max-snippet":"max-snippet:-1","max-image-preview":"max-image-preview:large","max-video-preview":"max-video-preview:-1"},"canonical":"https:\/\/www.mines-stetienne.fr\/future-medicine-fr\/futuremedicine-2021\/demonstrateur-simulateur-chirurgical\/","og_locale":"fr_FR","og_type":"article","og_title":"D\u00e9monstrateur Simulateur chirurgical - #FutureMedicine","og_description":"Ce d\u00e9monstrateur est d\u00e9di\u00e9 \u00e0 la fois au chirurgien qui souhaite s\u2019entra\u00eener aux gestes chirurgicaux assist\u00e9s par r\u00e9alit\u00e9 augment\u00e9e, et \u00e0 l\u2019industriel \u00e0 la recherche d\u2019un outil d\u2019\u00e9valuation par l\u2019usage des performances de proth\u00e8ses vasculaires. L&rsquo;outil de simulation num\u00e9rique sur &hellip;","og_url":"https:\/\/www.mines-stetienne.fr\/future-medicine-fr\/futuremedicine-2021\/demonstrateur-simulateur-chirurgical\/","og_site_name":"#FutureMedicine","article_publisher":"https:\/\/www.facebook.com\/MinesSaintEtienne","article_modified_time":"2021-05-28T06:47:40+00:00","og_image":[{"url":"https:\/\/www.mines-stetienne.fr\/future-medicine-fr\/wp-content\/uploads\/sites\/15\/2020\/11\/DemoSM4.jpg","type":"","width":"","height":""}],"twitter_card":"summary_large_image","twitter_site":"@MINES_StEtienne","twitter_misc":{"Dur\u00e9e de lecture estim\u00e9e":"1 minute"},"schema":{"@context":"https:\/\/schema.org","@graph":[{"@type":"WebPage","@id":"https:\/\/www.mines-stetienne.fr\/future-medicine-fr\/futuremedicine-2021\/demonstrateur-simulateur-chirurgical\/","url":"https:\/\/www.mines-stetienne.fr\/future-medicine-fr\/futuremedicine-2021\/demonstrateur-simulateur-chirurgical\/","name":"D\u00e9monstrateur Simulateur chirurgical - #FutureMedicine","isPartOf":{"@id":"https:\/\/www.mines-stetienne.fr\/future-medicine-fr\/#website"},"primaryImageOfPage":{"@id":"https:\/\/www.mines-stetienne.fr\/future-medicine-fr\/futuremedicine-2021\/demonstrateur-simulateur-chirurgical\/#primaryimage"},"image":{"@id":"https:\/\/www.mines-stetienne.fr\/future-medicine-fr\/futuremedicine-2021\/demonstrateur-simulateur-chirurgical\/#primaryimage"},"thumbnailUrl":"https:\/\/www.mines-stetienne.fr\/future-medicine-fr\/wp-content\/uploads\/sites\/15\/2020\/11\/DemoSM4.jpg","datePublished":"2020-11-23T12:08:28+00:00","dateModified":"2021-05-28T06:47:40+00:00","breadcrumb":{"@id":"https:\/\/www.mines-stetienne.fr\/future-medicine-fr\/futuremedicine-2021\/demonstrateur-simulateur-chirurgical\/#breadcrumb"},"inLanguage":"fr-FR","potentialAction":[{"@type":"ReadAction","target":["https:\/\/www.mines-stetienne.fr\/future-medicine-fr\/futuremedicine-2021\/demonstrateur-simulateur-chirurgical\/"]}]},{"@type":"ImageObject","inLanguage":"fr-FR","@id":"https:\/\/www.mines-stetienne.fr\/future-medicine-fr\/futuremedicine-2021\/demonstrateur-simulateur-chirurgical\/#primaryimage","url":"https:\/\/www.mines-stetienne.fr\/future-medicine-fr\/wp-content\/uploads\/sites\/15\/2020\/11\/DemoSM4.jpg","contentUrl":"https:\/\/www.mines-stetienne.fr\/future-medicine-fr\/wp-content\/uploads\/sites\/15\/2020\/11\/DemoSM4.jpg","width":494,"height":260},{"@type":"BreadcrumbList","@id":"https:\/\/www.mines-stetienne.fr\/future-medicine-fr\/futuremedicine-2021\/demonstrateur-simulateur-chirurgical\/#breadcrumb","itemListElement":[{"@type":"ListItem","position":1,"name":"Accueil","item":"https:\/\/www.mines-stetienne.fr\/future-medicine-fr\/"},{"@type":"ListItem","position":2,"name":"#FutureMedicine 2021","item":"https:\/\/www.mines-stetienne.fr\/future-medicine-fr\/futuremedicine-2021\/"},{"@type":"ListItem","position":3,"name":"D\u00e9monstrateur Simulateur chirurgical"}]},{"@type":"WebSite","@id":"https:\/\/www.mines-stetienne.fr\/future-medicine-fr\/#website","url":"https:\/\/www.mines-stetienne.fr\/future-medicine-fr\/","name":"#FutureMedicine","description":"- Mines Saint-\u00c9tienne Tech","potentialAction":[{"@type":"SearchAction","target":{"@type":"EntryPoint","urlTemplate":"https:\/\/www.mines-stetienne.fr\/future-medicine-fr\/?s={search_term_string}"},"query-input":{"@type":"PropertyValueSpecification","valueRequired":true,"valueName":"search_term_string"}}],"inLanguage":"fr-FR"}]}},"_links":{"self":[{"href":"https:\/\/www.mines-stetienne.fr\/future-medicine-fr\/wp-json\/wp\/v2\/pages\/20603","targetHints":{"allow":["GET"]}}],"collection":[{"href":"https:\/\/www.mines-stetienne.fr\/future-medicine-fr\/wp-json\/wp\/v2\/pages"}],"about":[{"href":"https:\/\/www.mines-stetienne.fr\/future-medicine-fr\/wp-json\/wp\/v2\/types\/page"}],"author":[{"embeddable":true,"href":"https:\/\/www.mines-stetienne.fr\/future-medicine-fr\/wp-json\/wp\/v2\/users\/3"}],"replies":[{"embeddable":true,"href":"https:\/\/www.mines-stetienne.fr\/future-medicine-fr\/wp-json\/wp\/v2\/comments?post=20603"}],"version-history":[{"count":11,"href":"https:\/\/www.mines-stetienne.fr\/future-medicine-fr\/wp-json\/wp\/v2\/pages\/20603\/revisions"}],"predecessor-version":[{"id":21390,"href":"https:\/\/www.mines-stetienne.fr\/future-medicine-fr\/wp-json\/wp\/v2\/pages\/20603\/revisions\/21390"}],"up":[{"embeddable":true,"href":"https:\/\/www.mines-stetienne.fr\/future-medicine-fr\/wp-json\/wp\/v2\/pages\/20153"}],"wp:attachment":[{"href":"https:\/\/www.mines-stetienne.fr\/future-medicine-fr\/wp-json\/wp\/v2\/media?parent=20603"}],"wp:term":[{"taxonomy":"post_tag","embeddable":true,"href":"https:\/\/www.mines-stetienne.fr\/future-medicine-fr\/wp-json\/wp\/v2\/tags?post=20603"}],"curies":[{"name":"wp","href":"https:\/\/api.w.org\/{rel}","templated":true}]}}