{"id":20370,"date":"2020-11-17T15:39:44","date_gmt":"2020-11-17T14:39:44","guid":{"rendered":"https:\/\/www.mines-stetienne.fr\/?page_id=20370"},"modified":"2021-05-28T08:47:21","modified_gmt":"2021-05-28T06:47:21","slug":"demonstrateur-hopital-virtuel","status":"publish","type":"page","link":"https:\/\/www.mines-stetienne.fr\/future-medicine-fr\/futuremedicine-2021\/demonstrateur-hopital-virtuel\/","title":{"rendered":"D\u00e9monstrateur H\u00f4pital Virtuel"},"content":{"rendered":"\n<h3 class=\"wp-block-heading\">Une solution au service des praticiens pour mieux anticiper et faciliter la prise de d\u00e9cisions : ce jumeau digital de l\u2019h\u00f4pital offre une mise \u00e0 disposition d\u2019applications innovantes en lien avec la r\u00e9alit\u00e9 virtuelle et la r\u00e9alit\u00e9 augment\u00e9e.<\/h3>\n\n\n\n<p>Le d\u00e9monstrateur HoVi permet d&rsquo;exp\u00e9rimenter les \u00e9tapes successives des organisations et des technologies en sant\u00e9 pour simuler diff\u00e9rents sc\u00e9narios d&rsquo;activit\u00e9s :<br>&#8211; Analyse et pr\u00e9diction sur donn\u00e9es de sant\u00e9, <br>&#8211; Immersion dans l\u2019h\u00f4pital virtuel, <br>&#8211; Monitoring, <br>&#8211; Aide \u00e0 la d\u00e9cision en temps r\u00e9el.<\/p>\n\n\n\n<figure class=\"wp-block-gallery columns-3 is-cropped wp-block-gallery-1 is-layout-flex wp-block-gallery-is-layout-flex\"><ul class=\"blocks-gallery-grid\"><li class=\"blocks-gallery-item\"><figure><a href=\"https:\/\/www.mines-stetienne.fr\/future-medicine-fr\/wp-content\/uploads\/sites\/15\/2020\/11\/InaugFMJuin19_1.jpg\"><img loading=\"lazy\" decoding=\"async\" width=\"720\" height=\"465\" src=\"https:\/\/www.mines-stetienne.fr\/future-medicine-fr\/wp-content\/uploads\/sites\/15\/2020\/11\/InaugFMJuin19_1.jpg\" alt=\"\" data-id=\"20374\" data-link=\"https:\/\/www.mines-stetienne.fr\/inaugfmjuin19_1-2\/\" class=\"wp-image-20374\" srcset=\"https:\/\/www.mines-stetienne.fr\/future-medicine-fr\/wp-content\/uploads\/sites\/15\/2020\/11\/InaugFMJuin19_1.jpg 720w, https:\/\/www.mines-stetienne.fr\/future-medicine-fr\/wp-content\/uploads\/sites\/15\/2020\/11\/InaugFMJuin19_1-300x194.jpg 300w\" sizes=\"auto, (max-width: 720px) 100vw, 720px\" \/><\/a><\/figure><\/li><li class=\"blocks-gallery-item\"><figure><a href=\"https:\/\/www.mines-stetienne.fr\/future-medicine-fr\/wp-content\/uploads\/sites\/15\/2020\/11\/HoViDemo.jpg\"><img loading=\"lazy\" decoding=\"async\" width=\"841\" height=\"521\" src=\"https:\/\/www.mines-stetienne.fr\/future-medicine-fr\/wp-content\/uploads\/sites\/15\/2020\/11\/HoViDemo.jpg\" alt=\"\" data-id=\"20378\" data-full-url=\"https:\/\/www.mines-stetienne.fr\/future-medicine-fr\/wp-content\/uploads\/sites\/15\/2020\/11\/HoViDemo.jpg\" data-link=\"https:\/\/www.mines-stetienne.fr\/hovidemo\/\" class=\"wp-image-20378\" srcset=\"https:\/\/www.mines-stetienne.fr\/future-medicine-fr\/wp-content\/uploads\/sites\/15\/2020\/11\/HoViDemo.jpg 841w, https:\/\/www.mines-stetienne.fr\/future-medicine-fr\/wp-content\/uploads\/sites\/15\/2020\/11\/HoViDemo-300x186.jpg 300w, https:\/\/www.mines-stetienne.fr\/future-medicine-fr\/wp-content\/uploads\/sites\/15\/2020\/11\/HoViDemo-768x476.jpg 768w\" sizes=\"auto, (max-width: 841px) 100vw, 841px\" \/><\/a><\/figure><\/li><li class=\"blocks-gallery-item\"><figure><a href=\"https:\/\/www.mines-stetienne.fr\/future-medicine-fr\/wp-content\/uploads\/sites\/15\/2020\/11\/HoViDemo2.jpg\"><img loading=\"lazy\" decoding=\"async\" width=\"739\" height=\"562\" src=\"https:\/\/www.mines-stetienne.fr\/future-medicine-fr\/wp-content\/uploads\/sites\/15\/2020\/11\/HoViDemo2.jpg\" alt=\"\" data-id=\"20379\" data-full-url=\"https:\/\/www.mines-stetienne.fr\/future-medicine-fr\/wp-content\/uploads\/sites\/15\/2020\/11\/HoViDemo2.jpg\" data-link=\"https:\/\/www.mines-stetienne.fr\/hovidemo2\/\" class=\"wp-image-20379\" srcset=\"https:\/\/www.mines-stetienne.fr\/future-medicine-fr\/wp-content\/uploads\/sites\/15\/2020\/11\/HoViDemo2.jpg 739w, https:\/\/www.mines-stetienne.fr\/future-medicine-fr\/wp-content\/uploads\/sites\/15\/2020\/11\/HoViDemo2-300x228.jpg 300w\" sizes=\"auto, (max-width: 739px) 100vw, 739px\" \/><\/a><\/figure><\/li><\/ul><\/figure>\n\n\n\n<p>Il s\u2019appuie sur la mod\u00e9lisation, la simulation num\u00e9rique, les outils logiciels pour l\u2019aide \u00e0 la d\u00e9cision en sant\u00e9 et la planification automatis\u00e9e : gr\u00e2ce \u00e0 une interface de visualisation en 3D, il permet l\u2019optimisation des activit\u00e9s et des parcours de soins \u00e0 l\u2019h\u00f4pital.<\/p>\n\n\n\n<figure class=\"wp-block-embed is-type-video is-provider-youtube wp-block-embed-youtube wp-embed-aspect-16-9 wp-has-aspect-ratio\"><div class=\"wp-block-embed__wrapper\">\n<iframe loading=\"lazy\" title=\"Hop Twin 08 07 2019\" width=\"640\" height=\"360\" src=\"https:\/\/www.youtube.com\/embed\/-U46ljcqcrg?feature=oembed\" frameborder=\"0\" allow=\"accelerometer; autoplay; clipboard-write; encrypted-media; gyroscope; picture-in-picture; web-share\" referrerpolicy=\"strict-origin-when-cross-origin\" allowfullscreen><\/iframe>\n<\/div><\/figure>\n\n\n\n<p>Exemples d&rsquo;application :<br>\u2022 <a rel=\"noreferrer noopener\" href=\"https:\/\/www.youtube.com\/watch?v=nLS2aoe7xzI\" target=\"_blank\">Jumeau digital du service des urgences du CHU de Saint-\u00c9tienne<\/a> I<br>Il a pour objectif (1) de suivre le flux d&rsquo;arriv\u00e9es de patients, permettant ainsi d&rsquo;\u00e9valuer les activit\u00e9s du service et (2) de simuler des sc\u00e9narios param\u00e9trables (incendie, attentat, accident de la route impliquant de nombreux bless\u00e9s &#8230;) afin de d\u00e9terminer les ressources n\u00e9cessaires en personnel et les param\u00e8tres configurables li\u00e9s au service (disponibilit\u00e9s des lits, des scanners\u2026).<\/p>\n\n\n\n<p>\u2022 Suivi des activit\u00e9s, gestion de crise et aide \u00e0 la d\u00e9cision en temps r\u00e9el dans le cas de catastrophes ou d\u2019\u00e9v\u00e8nements majeurs (crues, attentats, accidents de transports&#8230;) <\/p>\n\n\n\n<p>Contact : <a href=\"&#109;&#x61;&#105;&#x6c;&#116;&#x6f;&#58;&#x70;&#104;&#x61;&#110;&#x40;&#101;&#x6d;&#115;&#x65;&#46;&#x66;&#114;\">Raksmey Phan<\/a>, CIS, LIMOS<\/p>\n\n\n\n<div class=\"wp-block-media-text alignwide is-stacked-on-mobile\" style=\"grid-template-columns:15% auto\"><figure class=\"wp-block-media-text__media\"><img loading=\"lazy\" decoding=\"async\" width=\"100\" height=\"100\" src=\"https:\/\/www.mines-stetienne.fr\/future-medicine-fr\/wp-content\/uploads\/sites\/15\/2020\/11\/BdPictoHoVi.jpg\" alt=\"\" class=\"wp-image-20897 size-full\" srcset=\"https:\/\/www.mines-stetienne.fr\/future-medicine-fr\/wp-content\/uploads\/sites\/15\/2020\/11\/BdPictoHoVi.jpg 100w, https:\/\/www.mines-stetienne.fr\/future-medicine-fr\/wp-content\/uploads\/sites\/15\/2020\/11\/BdPictoHoVi-75x75.jpg 75w\" sizes=\"auto, (max-width: 100px) 100vw, 100px\" \/><\/figure><div class=\"wp-block-media-text__content\">\n<p class=\"has-normal-font-size\"><em>Ce d\u00e9monstrateur s&rsquo;appuie sur le <a href=\"http:\/\/lienPtFc\" target=\"_blank\" rel=\"noreferrer noopener\">plateau technique <em>H\u00f4pital Virtuel<\/em><\/a><\/em> <em>(\u00e9quipements, expertises, comp\u00e9tences)<\/em> du <a href=\"https:\/\/www.mines-stetienne.fr\/future-medicine-fr\/centre-ingenierie-et-sante\/\">Centre Ing\u00e9nierie et Sant\u00e9<\/a><\/p>\n<\/div><\/div>\n","protected":false},"excerpt":{"rendered":"<p>Une solution au service des praticiens pour mieux anticiper et faciliter la prise de d\u00e9cisions : ce jumeau digital de l\u2019h\u00f4pital offre une mise \u00e0 disposition d\u2019applications innovantes en lien avec la r\u00e9alit\u00e9 virtuelle et la r\u00e9alit\u00e9 augment\u00e9e. Le d\u00e9monstrateur &hellip;<\/p>\n","protected":false},"author":3,"featured_media":0,"parent":20153,"menu_order":0,"comment_status":"closed","ping_status":"closed","template":"","meta":{"footnotes":""},"tags":[],"class_list":["post-20370","page","type-page","status-publish","hentry"],"pp_statuses_selecting_workflow":false,"pp_workflow_action":"current","pp_status_selection":"publish","pp_force_visibility":null,"pp_subpost_visibility":null,"pp_inherited_force_visibility":null,"pp_inherited_subpost_visibility":null,"yoast_head":"<!-- This site is optimized with the Yoast SEO plugin v27.4 - https:\/\/yoast.com\/product\/yoast-seo-wordpress\/ -->\n<title>D\u00e9monstrateur H\u00f4pital Virtuel - #FutureMedicine<\/title>\n<meta name=\"robots\" content=\"index, follow, max-snippet:-1, max-image-preview:large, max-video-preview:-1\" \/>\n<link rel=\"canonical\" href=\"https:\/\/www.mines-stetienne.fr\/future-medicine-fr\/futuremedicine-2021\/demonstrateur-hopital-virtuel\/\" \/>\n<meta property=\"og:locale\" content=\"fr_FR\" \/>\n<meta property=\"og:type\" content=\"article\" \/>\n<meta property=\"og:title\" content=\"D\u00e9monstrateur H\u00f4pital Virtuel - #FutureMedicine\" \/>\n<meta property=\"og:description\" content=\"Une solution au service des praticiens pour mieux anticiper et faciliter la prise de d\u00e9cisions : ce jumeau digital de l\u2019h\u00f4pital offre une mise \u00e0 disposition d\u2019applications innovantes en lien avec la r\u00e9alit\u00e9 virtuelle et la r\u00e9alit\u00e9 augment\u00e9e. Le d\u00e9monstrateur &hellip;\" \/>\n<meta property=\"og:url\" content=\"https:\/\/www.mines-stetienne.fr\/future-medicine-fr\/futuremedicine-2021\/demonstrateur-hopital-virtuel\/\" \/>\n<meta property=\"og:site_name\" content=\"#FutureMedicine\" \/>\n<meta property=\"article:publisher\" content=\"https:\/\/www.facebook.com\/MinesSaintEtienne\" \/>\n<meta property=\"article:modified_time\" content=\"2021-05-28T06:47:21+00:00\" \/>\n<meta property=\"og:image\" content=\"https:\/\/www.mines-stetienne.fr\/future-medicine-fr\/wp-content\/uploads\/sites\/15\/2020\/11\/InaugFMJuin19_1.jpg\" \/>\n<meta name=\"twitter:card\" content=\"summary_large_image\" \/>\n<meta name=\"twitter:site\" content=\"@MINES_StEtienne\" \/>\n<meta name=\"twitter:label1\" content=\"Dur\u00e9e de lecture estim\u00e9e\" \/>\n\t<meta name=\"twitter:data1\" content=\"1 minute\" \/>\n<script type=\"application\/ld+json\" class=\"yoast-schema-graph\">{\"@context\":\"https:\\\/\\\/schema.org\",\"@graph\":[{\"@type\":\"WebPage\",\"@id\":\"https:\\\/\\\/www.mines-stetienne.fr\\\/future-medicine-fr\\\/futuremedicine-2021\\\/demonstrateur-hopital-virtuel\\\/\",\"url\":\"https:\\\/\\\/www.mines-stetienne.fr\\\/future-medicine-fr\\\/futuremedicine-2021\\\/demonstrateur-hopital-virtuel\\\/\",\"name\":\"D\u00e9monstrateur H\u00f4pital Virtuel - #FutureMedicine\",\"isPartOf\":{\"@id\":\"https:\\\/\\\/www.mines-stetienne.fr\\\/future-medicine-fr\\\/#website\"},\"primaryImageOfPage\":{\"@id\":\"https:\\\/\\\/www.mines-stetienne.fr\\\/future-medicine-fr\\\/futuremedicine-2021\\\/demonstrateur-hopital-virtuel\\\/#primaryimage\"},\"image\":{\"@id\":\"https:\\\/\\\/www.mines-stetienne.fr\\\/future-medicine-fr\\\/futuremedicine-2021\\\/demonstrateur-hopital-virtuel\\\/#primaryimage\"},\"thumbnailUrl\":\"https:\\\/\\\/www.mines-stetienne.fr\\\/future-medicine-fr\\\/wp-content\\\/uploads\\\/sites\\\/15\\\/2020\\\/11\\\/InaugFMJuin19_1.jpg\",\"datePublished\":\"2020-11-17T14:39:44+00:00\",\"dateModified\":\"2021-05-28T06:47:21+00:00\",\"breadcrumb\":{\"@id\":\"https:\\\/\\\/www.mines-stetienne.fr\\\/future-medicine-fr\\\/futuremedicine-2021\\\/demonstrateur-hopital-virtuel\\\/#breadcrumb\"},\"inLanguage\":\"fr-FR\",\"potentialAction\":[{\"@type\":\"ReadAction\",\"target\":[\"https:\\\/\\\/www.mines-stetienne.fr\\\/future-medicine-fr\\\/futuremedicine-2021\\\/demonstrateur-hopital-virtuel\\\/\"]}]},{\"@type\":\"ImageObject\",\"inLanguage\":\"fr-FR\",\"@id\":\"https:\\\/\\\/www.mines-stetienne.fr\\\/future-medicine-fr\\\/futuremedicine-2021\\\/demonstrateur-hopital-virtuel\\\/#primaryimage\",\"url\":\"https:\\\/\\\/www.mines-stetienne.fr\\\/future-medicine-fr\\\/wp-content\\\/uploads\\\/sites\\\/15\\\/2020\\\/11\\\/InaugFMJuin19_1.jpg\",\"contentUrl\":\"https:\\\/\\\/www.mines-stetienne.fr\\\/future-medicine-fr\\\/wp-content\\\/uploads\\\/sites\\\/15\\\/2020\\\/11\\\/InaugFMJuin19_1.jpg\",\"width\":720,\"height\":465},{\"@type\":\"BreadcrumbList\",\"@id\":\"https:\\\/\\\/www.mines-stetienne.fr\\\/future-medicine-fr\\\/futuremedicine-2021\\\/demonstrateur-hopital-virtuel\\\/#breadcrumb\",\"itemListElement\":[{\"@type\":\"ListItem\",\"position\":1,\"name\":\"Accueil\",\"item\":\"https:\\\/\\\/www.mines-stetienne.fr\\\/future-medicine-fr\\\/\"},{\"@type\":\"ListItem\",\"position\":2,\"name\":\"#FutureMedicine 2021\",\"item\":\"https:\\\/\\\/www.mines-stetienne.fr\\\/future-medicine-fr\\\/futuremedicine-2021\\\/\"},{\"@type\":\"ListItem\",\"position\":3,\"name\":\"D\u00e9monstrateur H\u00f4pital Virtuel\"}]},{\"@type\":\"WebSite\",\"@id\":\"https:\\\/\\\/www.mines-stetienne.fr\\\/future-medicine-fr\\\/#website\",\"url\":\"https:\\\/\\\/www.mines-stetienne.fr\\\/future-medicine-fr\\\/\",\"name\":\"#FutureMedicine\",\"description\":\"- Mines Saint-\u00c9tienne Tech\",\"potentialAction\":[{\"@type\":\"SearchAction\",\"target\":{\"@type\":\"EntryPoint\",\"urlTemplate\":\"https:\\\/\\\/www.mines-stetienne.fr\\\/future-medicine-fr\\\/?s={search_term_string}\"},\"query-input\":{\"@type\":\"PropertyValueSpecification\",\"valueRequired\":true,\"valueName\":\"search_term_string\"}}],\"inLanguage\":\"fr-FR\"}]}<\/script>\n<!-- \/ Yoast SEO plugin. -->","yoast_head_json":{"title":"D\u00e9monstrateur H\u00f4pital Virtuel - #FutureMedicine","robots":{"index":"index","follow":"follow","max-snippet":"max-snippet:-1","max-image-preview":"max-image-preview:large","max-video-preview":"max-video-preview:-1"},"canonical":"https:\/\/www.mines-stetienne.fr\/future-medicine-fr\/futuremedicine-2021\/demonstrateur-hopital-virtuel\/","og_locale":"fr_FR","og_type":"article","og_title":"D\u00e9monstrateur H\u00f4pital Virtuel - #FutureMedicine","og_description":"Une solution au service des praticiens pour mieux anticiper et faciliter la prise de d\u00e9cisions : ce jumeau digital de l\u2019h\u00f4pital offre une mise \u00e0 disposition d\u2019applications innovantes en lien avec la r\u00e9alit\u00e9 virtuelle et la r\u00e9alit\u00e9 augment\u00e9e. Le d\u00e9monstrateur &hellip;","og_url":"https:\/\/www.mines-stetienne.fr\/future-medicine-fr\/futuremedicine-2021\/demonstrateur-hopital-virtuel\/","og_site_name":"#FutureMedicine","article_publisher":"https:\/\/www.facebook.com\/MinesSaintEtienne","article_modified_time":"2021-05-28T06:47:21+00:00","og_image":[{"url":"https:\/\/www.mines-stetienne.fr\/future-medicine-fr\/wp-content\/uploads\/sites\/15\/2020\/11\/InaugFMJuin19_1.jpg","type":"","width":"","height":""}],"twitter_card":"summary_large_image","twitter_site":"@MINES_StEtienne","twitter_misc":{"Dur\u00e9e de lecture estim\u00e9e":"1 minute"},"schema":{"@context":"https:\/\/schema.org","@graph":[{"@type":"WebPage","@id":"https:\/\/www.mines-stetienne.fr\/future-medicine-fr\/futuremedicine-2021\/demonstrateur-hopital-virtuel\/","url":"https:\/\/www.mines-stetienne.fr\/future-medicine-fr\/futuremedicine-2021\/demonstrateur-hopital-virtuel\/","name":"D\u00e9monstrateur H\u00f4pital Virtuel - #FutureMedicine","isPartOf":{"@id":"https:\/\/www.mines-stetienne.fr\/future-medicine-fr\/#website"},"primaryImageOfPage":{"@id":"https:\/\/www.mines-stetienne.fr\/future-medicine-fr\/futuremedicine-2021\/demonstrateur-hopital-virtuel\/#primaryimage"},"image":{"@id":"https:\/\/www.mines-stetienne.fr\/future-medicine-fr\/futuremedicine-2021\/demonstrateur-hopital-virtuel\/#primaryimage"},"thumbnailUrl":"https:\/\/www.mines-stetienne.fr\/future-medicine-fr\/wp-content\/uploads\/sites\/15\/2020\/11\/InaugFMJuin19_1.jpg","datePublished":"2020-11-17T14:39:44+00:00","dateModified":"2021-05-28T06:47:21+00:00","breadcrumb":{"@id":"https:\/\/www.mines-stetienne.fr\/future-medicine-fr\/futuremedicine-2021\/demonstrateur-hopital-virtuel\/#breadcrumb"},"inLanguage":"fr-FR","potentialAction":[{"@type":"ReadAction","target":["https:\/\/www.mines-stetienne.fr\/future-medicine-fr\/futuremedicine-2021\/demonstrateur-hopital-virtuel\/"]}]},{"@type":"ImageObject","inLanguage":"fr-FR","@id":"https:\/\/www.mines-stetienne.fr\/future-medicine-fr\/futuremedicine-2021\/demonstrateur-hopital-virtuel\/#primaryimage","url":"https:\/\/www.mines-stetienne.fr\/future-medicine-fr\/wp-content\/uploads\/sites\/15\/2020\/11\/InaugFMJuin19_1.jpg","contentUrl":"https:\/\/www.mines-stetienne.fr\/future-medicine-fr\/wp-content\/uploads\/sites\/15\/2020\/11\/InaugFMJuin19_1.jpg","width":720,"height":465},{"@type":"BreadcrumbList","@id":"https:\/\/www.mines-stetienne.fr\/future-medicine-fr\/futuremedicine-2021\/demonstrateur-hopital-virtuel\/#breadcrumb","itemListElement":[{"@type":"ListItem","position":1,"name":"Accueil","item":"https:\/\/www.mines-stetienne.fr\/future-medicine-fr\/"},{"@type":"ListItem","position":2,"name":"#FutureMedicine 2021","item":"https:\/\/www.mines-stetienne.fr\/future-medicine-fr\/futuremedicine-2021\/"},{"@type":"ListItem","position":3,"name":"D\u00e9monstrateur H\u00f4pital Virtuel"}]},{"@type":"WebSite","@id":"https:\/\/www.mines-stetienne.fr\/future-medicine-fr\/#website","url":"https:\/\/www.mines-stetienne.fr\/future-medicine-fr\/","name":"#FutureMedicine","description":"- Mines Saint-\u00c9tienne Tech","potentialAction":[{"@type":"SearchAction","target":{"@type":"EntryPoint","urlTemplate":"https:\/\/www.mines-stetienne.fr\/future-medicine-fr\/?s={search_term_string}"},"query-input":{"@type":"PropertyValueSpecification","valueRequired":true,"valueName":"search_term_string"}}],"inLanguage":"fr-FR"}]}},"_links":{"self":[{"href":"https:\/\/www.mines-stetienne.fr\/future-medicine-fr\/wp-json\/wp\/v2\/pages\/20370","targetHints":{"allow":["GET"]}}],"collection":[{"href":"https:\/\/www.mines-stetienne.fr\/future-medicine-fr\/wp-json\/wp\/v2\/pages"}],"about":[{"href":"https:\/\/www.mines-stetienne.fr\/future-medicine-fr\/wp-json\/wp\/v2\/types\/page"}],"author":[{"embeddable":true,"href":"https:\/\/www.mines-stetienne.fr\/future-medicine-fr\/wp-json\/wp\/v2\/users\/3"}],"replies":[{"embeddable":true,"href":"https:\/\/www.mines-stetienne.fr\/future-medicine-fr\/wp-json\/wp\/v2\/comments?post=20370"}],"version-history":[{"count":5,"href":"https:\/\/www.mines-stetienne.fr\/future-medicine-fr\/wp-json\/wp\/v2\/pages\/20370\/revisions"}],"predecessor-version":[{"id":21287,"href":"https:\/\/www.mines-stetienne.fr\/future-medicine-fr\/wp-json\/wp\/v2\/pages\/20370\/revisions\/21287"}],"up":[{"embeddable":true,"href":"https:\/\/www.mines-stetienne.fr\/future-medicine-fr\/wp-json\/wp\/v2\/pages\/20153"}],"wp:attachment":[{"href":"https:\/\/www.mines-stetienne.fr\/future-medicine-fr\/wp-json\/wp\/v2\/media?parent=20370"}],"wp:term":[{"taxonomy":"post_tag","embeddable":true,"href":"https:\/\/www.mines-stetienne.fr\/future-medicine-fr\/wp-json\/wp\/v2\/tags?post=20370"}],"curies":[{"name":"wp","href":"https:\/\/api.w.org\/{rel}","templated":true}]}}