{"id":19062,"date":"2020-11-17T16:29:34","date_gmt":"2020-11-17T15:29:34","guid":{"rendered":"https:\/\/www.mines-stetienne.fr\/?page_id=19062"},"modified":"2021-05-28T08:49:12","modified_gmt":"2021-05-28T06:49:12","slug":"formations-en-ingenierie-et-sante","status":"publish","type":"page","link":"https:\/\/www.mines-stetienne.fr\/future-medicine-fr\/centre-ingenierie-et-sante\/formations-en-ingenierie-et-sante\/","title":{"rendered":"Formations en ing\u00e9nierie et sant\u00e9"},"content":{"rendered":"\n<h4>Des comp\u00e9tences uniques au service d\u2019un enseignement unique.<\/h4>\n\n\n\n<p> En formation comme en recherche, les \u00e9quipes travaillent en lien direct avec la Facult\u00e9 de M\u00e9decine et le CHU de Saint-\u00c9tienne sur le Campus Sant\u00e9 Innovations.<\/p>\n\n\n\n<figure class=\"wp-block-gallery columns-3 is-cropped wp-block-gallery-1 is-layout-flex wp-block-gallery-is-layout-flex\"><ul class=\"blocks-gallery-grid\"><li class=\"blocks-gallery-item\"><figure><a href=\"https:\/\/www.mines-stetienne.fr\/future-medicine-fr\/wp-content\/uploads\/sites\/15\/2020\/11\/EMSE-CampusHNord0443.jpg\"><img loading=\"lazy\" decoding=\"async\" width=\"630\" height=\"420\" src=\"https:\/\/www.mines-stetienne.fr\/future-medicine-fr\/wp-content\/uploads\/sites\/15\/2020\/11\/EMSE-CampusHNord0443.jpg\" alt=\"\" data-id=\"19118\" data-full-url=\"https:\/\/www.mines-stetienne.fr\/future-medicine-fr\/wp-content\/uploads\/sites\/15\/2020\/11\/EMSE-CampusHNord0443.jpg\" data-link=\"https:\/\/www.mines-stetienne.fr\/emse-campushnord0443\/\" class=\"wp-image-19118\" srcset=\"https:\/\/www.mines-stetienne.fr\/future-medicine-fr\/wp-content\/uploads\/sites\/15\/2020\/11\/EMSE-CampusHNord0443.jpg 630w, https:\/\/www.mines-stetienne.fr\/future-medicine-fr\/wp-content\/uploads\/sites\/15\/2020\/11\/EMSE-CampusHNord0443-300x200.jpg 300w\" sizes=\"auto, (max-width: 630px) 100vw, 630px\" \/><\/a><\/figure><\/li><li class=\"blocks-gallery-item\"><figure><a href=\"https:\/\/www.mines-stetienne.fr\/future-medicine-fr\/wp-content\/uploads\/sites\/15\/2020\/11\/EMSE-CampusHNord0445.jpg\"><img loading=\"lazy\" decoding=\"async\" width=\"630\" height=\"420\" src=\"https:\/\/www.mines-stetienne.fr\/future-medicine-fr\/wp-content\/uploads\/sites\/15\/2020\/11\/EMSE-CampusHNord0445.jpg\" alt=\"\" data-id=\"19119\" data-full-url=\"https:\/\/www.mines-stetienne.fr\/future-medicine-fr\/wp-content\/uploads\/sites\/15\/2020\/11\/EMSE-CampusHNord0445.jpg\" data-link=\"https:\/\/www.mines-stetienne.fr\/emse-campushnord0445\/\" class=\"wp-image-19119\" srcset=\"https:\/\/www.mines-stetienne.fr\/future-medicine-fr\/wp-content\/uploads\/sites\/15\/2020\/11\/EMSE-CampusHNord0445.jpg 630w, https:\/\/www.mines-stetienne.fr\/future-medicine-fr\/wp-content\/uploads\/sites\/15\/2020\/11\/EMSE-CampusHNord0445-300x200.jpg 300w\" sizes=\"auto, (max-width: 630px) 100vw, 630px\" \/><\/a><\/figure><\/li><li class=\"blocks-gallery-item\"><figure><a href=\"https:\/\/www.mines-stetienne.fr\/future-medicine-fr\/wp-content\/uploads\/sites\/15\/2020\/11\/EMSE-CampusHNord0456.jpg\"><img loading=\"lazy\" decoding=\"async\" width=\"630\" height=\"420\" src=\"https:\/\/www.mines-stetienne.fr\/future-medicine-fr\/wp-content\/uploads\/sites\/15\/2020\/11\/EMSE-CampusHNord0456.jpg\" alt=\"\" data-id=\"19120\" data-full-url=\"https:\/\/www.mines-stetienne.fr\/future-medicine-fr\/wp-content\/uploads\/sites\/15\/2020\/11\/EMSE-CampusHNord0456.jpg\" data-link=\"https:\/\/www.mines-stetienne.fr\/emse-campushnord0456\/\" class=\"wp-image-19120\" srcset=\"https:\/\/www.mines-stetienne.fr\/future-medicine-fr\/wp-content\/uploads\/sites\/15\/2020\/11\/EMSE-CampusHNord0456.jpg 630w, https:\/\/www.mines-stetienne.fr\/future-medicine-fr\/wp-content\/uploads\/sites\/15\/2020\/11\/EMSE-CampusHNord0456-300x200.jpg 300w\" sizes=\"auto, (max-width: 630px) 100vw, 630px\" \/><\/a><\/figure><\/li><\/ul><\/figure>\n\n\n\n<p><strong>Le cursus ICM offre une v\u00e9ritable formation \u00e0 la carte :<\/strong> 24 choix successifs tout au long du cursus, dont le parcours Sant\u00e9. <strong>Majeures, d\u00e9fis, toolboxes et&nbsp;modules d\u2019ouverture :<\/strong> des dizaines de compositions sont possibles, dont le parcours Sant\u00e9.<\/p>\n\n\n\n<p><a rel=\"noreferrer noopener\" href=\"https:\/\/portail.emse.fr\/syllabus\/ICM\/gp\/567\/fr\" target=\"_blank\">Majeure Ing\u00e9nierie Biom\u00e9dicale<\/a>  : acqu\u00e9rir les notions de base en sciences du vivant indispensables \u00e0 un ing\u00e9nieur souhaitant travailler dans le domaine de la Sant\u00e9 (principaux outils diagnostiques et th\u00e9rapeutiques).<br>Contact : <a href=\"&#x6d;a&#x69;&#108;t&#x6f;&#58;&#x76;&#97;l&#x65;&#114;&#x69;&#101;&#46;&#x66;&#111;&#x72;&#x65;s&#x74;&#64;e&#x6d;&#115;&#x65;&#46;f&#x72;\">Val\u00e9rie Forest<\/a><\/p>\n\n\n\n<p><a rel=\"noreferrer noopener\" href=\"https:\/\/portail.emse.fr\/syllabus\/ICM\/gp\/578\/fr\" target=\"_blank\">D\u00e9fi Sant\u00e9 M\u00e9decine Personnalis\u00e9es<\/a> (S8\/S9) : Biom\u00e9canique en R&amp;D, Implants personnalis\u00e9s, ing\u00e9nierie des syst\u00e8mes de soins et e-sant\u00e9, Innovation en sant\u00e9 &#8211; Ouverture O3 Sant\u00e9.<br>Contact : <a href=\"&#109;&#x61;&#105;&#x6c;&#116;&#x6f;&#58;&#x6e;&#97;&#x74;&#97;&#x6c;&#105;&#x65;&#46;&#x64;&#111;&#x75;&#97;&#x72;&#100;&#x40;&#101;&#x6d;&#115;&#x65;&#46;&#x66;&#114;\">Nathalie Douard<\/a><\/p>\n\n\n\n<p><strong>Les fili\u00e8res exclusives MINES Saint-\u00c9tienne : Ing\u00e9nieur-M\u00e9decin, et Pharmacien-Ing\u00e9nieur : <\/strong>sont ouvertes aux \u00e9tudiants en m\u00e9decine ou en pharmacie qui souhaitent compl\u00e9ter leur parcours par un dipl\u00f4me d&rsquo;ing\u00e9nieur g\u00e9n\u00e9raliste.<br>  <a href=\"https:\/\/www.mines-stetienne.fr\/panoramines\/2020\/10\/06\/lancement-de-la-promotion-2020-2022-du-double-cursus-medecin-ingenieur-et-pharmacien-ingenieur\/\" target=\"_blank\" rel=\"noreferrer noopener\">En savoir +<\/a><\/p>\n\n\n\n<p>Le parcours <strong><strong>Ing\u00e9nieur<\/strong><\/strong>&#8211;<strong>M\u00e9decin<\/strong> est aussi possible : il permet en effet aux ICM dipl\u00f4m\u00e9s d\u2019int\u00e9grer la 3e ann\u00e9e de m\u00e9decine,<strong> une passerelle<\/strong> mise en place gr\u00e2ce \u00e0 un partenariat avec la <a href=\"https:\/\/www.univ-st-etienne.fr\/fr\/faculte-de-medecine.html\"><strong>Facult\u00e9 de M\u00e9decine<\/strong><\/a> de l\u2019<a href=\"https:\/\/www.univ-st-etienne.fr\/fr\/index.html\"><strong>Universit\u00e9 Jean Monnet Saint-\u00c9tienne<\/strong>.<\/a><br>Tous b\u00e9n\u00e9ficient ainsi des comp\u00e9tences professorales et scientifiques du campus.<\/p>\n\n\n\n<figure class=\"wp-block-gallery columns-2 is-cropped wp-block-gallery-2 is-layout-flex wp-block-gallery-is-layout-flex\"><ul class=\"blocks-gallery-grid\"><li class=\"blocks-gallery-item\"><figure><a href=\"https:\/\/www.mines-stetienne.fr\/wp-content\/uploads\/2020\/10\/formation1.jpg\"><img decoding=\"async\" src=\"https:\/\/www.mines-stetienne.fr\/wp-content\/uploads\/2020\/10\/formation1.jpg\" alt=\"\" data-id=\"19065\" data-full-url=\"https:\/\/www.mines-stetienne.fr\/wp-content\/uploads\/2020\/10\/formation1.jpg\" data-link=\"https:\/\/www.mines-stetienne.fr\/formation1\/\" class=\"wp-image-19065\" \/><\/a><figcaption class=\"blocks-gallery-item__caption\">Parcours Sant\u00e9 = pluridisciplinarit\u00e9, passerelle, innovation, m\u00e9decine, science et technologie.<\/figcaption><\/figure><\/li><li class=\"blocks-gallery-item\"><figure><a href=\"https:\/\/www.mines-stetienne.fr\/wp-content\/uploads\/formation2.jpg\"><img decoding=\"async\" src=\"https:\/\/www.mines-stetienne.fr\/wp-content\/uploads\/formation2.jpg\" alt=\"\" data-id=\"19066\" data-full-url=\"https:\/\/www.mines-stetienne.fr\/wp-content\/uploads\/formation2.jpg\" data-link=\"https:\/\/www.mines-stetienne.fr\/formation2\/\" class=\"wp-image-19066\" \/><\/a><figcaption class=\"blocks-gallery-item__caption\">Sept. 2019 : Premi\u00e8re promotion du Master of Science<\/figcaption><\/figure><\/li><\/ul><figcaption class=\"blocks-gallery-caption\"><br><\/figcaption><\/figure>\n\n\n\n<h4 class=\"wp-block-heading\"><strong>Un parcours d\u2019excellence ing\u00e9nierie et sant\u00e9, compl\u00e9t\u00e9 d\u2019un Master<\/strong><\/h4>\n\n\n\n<ul class=\"wp-block-list\"><li> <a rel=\"noreferrer noopener\" href=\"https:\/\/www.mines-stetienne.fr\/formation\/master-ingenierie-de-la-sante-bmed\/\" target=\"_blank\">Master Ing\u00e9nierie Sant\u00e9<\/a> <br>Ce programme propose des cl\u00e9s permettant de s\u2019adapter et se sp\u00e9cialiser pour \u00e9voluer dans le secteur biom\u00e9dical. Les dipl\u00f4m\u00e9s pourront travailler \u00e0 la fois dans les branches amont et aval du secteur, et aux interfaces entre industriels et utilisateurs (professionnels de sant\u00e9, etc.).<br>Contacts : <a href=\"&#x6d;&#97;i&#x6c;&#x74;&#111;:&#x63;&#x6c;&#97;i&#x72;&#x65;&#46;m&#x6f;&#x72;&#105;n&#x40;&#101;&#109;s&#x65;&#46;f&#x72;\">Claire Morin<\/a>, <a href=\"mail&#116;&#111;&#58;&#109;&#105;&#113;&#117;&#x65;&#x6c;&#x2e;&#x61;&#x67;&#x75;&#x69;&#x72;&#x72;e&#64;em&#115;&#101;&#46;&#102;&#114;\">Miquel Aguirre<\/a><\/li><\/ul>\n\n\n\n<ul class=\"wp-block-list\"><li><a rel=\"noreferrer noopener\" href=\"https:\/\/www.mines-stetienne.fr\/formation\/msc-health-management-data-intelligence\/\" target=\"_blank\">MSc EM Lyon Health Management Data Intelligence<\/a> : une formation pluridisciplinaire Mines Saint-\u00c9tienne\/emlyon business school. Son objectif est de faire d\u00e9couvrir et acqu\u00e9rir aux \u00e9tudiants un panel d\u2019outils le plus large possible pour comprendre et ma\u00eetriser tous les enjeux entourant l\u2019utilisation de l\u2019IA en sant\u00e9 et porter des projets de transformation.<br>Contact : <a href=\"m&#97;&#105;&#108;&#x74;&#x6f;&#x3a;be&#110;&#106;&#x61;&#x6d;&#x69;&#x6e;&#46;d&#97;&#108;&#x6d;&#x61;&#x73;&#x40;e&#109;&#115;&#101;&#x2e;&#x66;&#x72;\">Benjamin Dalmas<\/a><\/li><\/ul>\n\n\n","protected":false},"excerpt":{"rendered":"<p>Des comp\u00e9tences uniques au service d\u2019un enseignement unique. En formation comme en recherche, les \u00e9quipes travaillent en lien direct avec la Facult\u00e9 de M\u00e9decine et le CHU de Saint-\u00c9tienne sur le Campus Sant\u00e9 Innovations. Le cursus ICM offre une v\u00e9ritable &hellip;<\/p>\n","protected":false},"author":3,"featured_media":0,"parent":20981,"menu_order":0,"comment_status":"closed","ping_status":"closed","template":"","meta":{"footnotes":""},"tags":[],"class_list":["post-19062","page","type-page","status-publish","hentry"],"pp_statuses_selecting_workflow":false,"pp_workflow_action":"current","pp_status_selection":"publish","pp_force_visibility":null,"pp_subpost_visibility":null,"pp_inherited_force_visibility":null,"pp_inherited_subpost_visibility":null,"yoast_head":"<!-- This site is optimized with the Yoast SEO plugin v27.5 - https:\/\/yoast.com\/product\/yoast-seo-wordpress\/ -->\n<title>Formations en ing\u00e9nierie et sant\u00e9 - #FutureMedicine<\/title>\n<meta name=\"robots\" content=\"index, follow, max-snippet:-1, max-image-preview:large, max-video-preview:-1\" \/>\n<link rel=\"canonical\" href=\"https:\/\/www.mines-stetienne.fr\/future-medicine-fr\/centre-ingenierie-et-sante\/formations-en-ingenierie-et-sante\/\" \/>\n<meta property=\"og:locale\" content=\"fr_FR\" \/>\n<meta property=\"og:type\" content=\"article\" \/>\n<meta property=\"og:title\" content=\"Formations en ing\u00e9nierie et sant\u00e9 - #FutureMedicine\" \/>\n<meta property=\"og:description\" content=\"Des comp\u00e9tences uniques au service d\u2019un enseignement unique. En formation comme en recherche, les \u00e9quipes travaillent en lien direct avec la Facult\u00e9 de M\u00e9decine et le CHU de Saint-\u00c9tienne sur le Campus Sant\u00e9 Innovations. Le cursus ICM offre une v\u00e9ritable &hellip;\" \/>\n<meta property=\"og:url\" content=\"https:\/\/www.mines-stetienne.fr\/future-medicine-fr\/centre-ingenierie-et-sante\/formations-en-ingenierie-et-sante\/\" \/>\n<meta property=\"og:site_name\" content=\"#FutureMedicine\" \/>\n<meta property=\"article:publisher\" content=\"https:\/\/www.facebook.com\/MinesSaintEtienne\" \/>\n<meta property=\"article:modified_time\" content=\"2021-05-28T06:49:12+00:00\" \/>\n<meta property=\"og:image\" content=\"https:\/\/www.mines-stetienne.fr\/future-medicine-fr\/wp-content\/uploads\/sites\/15\/2020\/11\/EMSE-CampusHNord0443.jpg\" \/>\n<meta name=\"twitter:card\" content=\"summary_large_image\" \/>\n<meta name=\"twitter:site\" content=\"@MINES_StEtienne\" \/>\n<meta name=\"twitter:label1\" content=\"Dur\u00e9e de lecture estim\u00e9e\" \/>\n\t<meta name=\"twitter:data1\" content=\"2 minutes\" \/>\n<script type=\"application\/ld+json\" class=\"yoast-schema-graph\">{\"@context\":\"https:\\\/\\\/schema.org\",\"@graph\":[{\"@type\":\"WebPage\",\"@id\":\"https:\\\/\\\/www.mines-stetienne.fr\\\/future-medicine-fr\\\/centre-ingenierie-et-sante\\\/formations-en-ingenierie-et-sante\\\/\",\"url\":\"https:\\\/\\\/www.mines-stetienne.fr\\\/future-medicine-fr\\\/centre-ingenierie-et-sante\\\/formations-en-ingenierie-et-sante\\\/\",\"name\":\"Formations en ing\u00e9nierie et sant\u00e9 - #FutureMedicine\",\"isPartOf\":{\"@id\":\"https:\\\/\\\/www.mines-stetienne.fr\\\/future-medicine-fr\\\/#website\"},\"primaryImageOfPage\":{\"@id\":\"https:\\\/\\\/www.mines-stetienne.fr\\\/future-medicine-fr\\\/centre-ingenierie-et-sante\\\/formations-en-ingenierie-et-sante\\\/#primaryimage\"},\"image\":{\"@id\":\"https:\\\/\\\/www.mines-stetienne.fr\\\/future-medicine-fr\\\/centre-ingenierie-et-sante\\\/formations-en-ingenierie-et-sante\\\/#primaryimage\"},\"thumbnailUrl\":\"https:\\\/\\\/www.mines-stetienne.fr\\\/future-medicine-fr\\\/wp-content\\\/uploads\\\/sites\\\/15\\\/2020\\\/11\\\/EMSE-CampusHNord0443.jpg\",\"datePublished\":\"2020-11-17T15:29:34+00:00\",\"dateModified\":\"2021-05-28T06:49:12+00:00\",\"breadcrumb\":{\"@id\":\"https:\\\/\\\/www.mines-stetienne.fr\\\/future-medicine-fr\\\/centre-ingenierie-et-sante\\\/formations-en-ingenierie-et-sante\\\/#breadcrumb\"},\"inLanguage\":\"fr-FR\",\"potentialAction\":[{\"@type\":\"ReadAction\",\"target\":[\"https:\\\/\\\/www.mines-stetienne.fr\\\/future-medicine-fr\\\/centre-ingenierie-et-sante\\\/formations-en-ingenierie-et-sante\\\/\"]}]},{\"@type\":\"ImageObject\",\"inLanguage\":\"fr-FR\",\"@id\":\"https:\\\/\\\/www.mines-stetienne.fr\\\/future-medicine-fr\\\/centre-ingenierie-et-sante\\\/formations-en-ingenierie-et-sante\\\/#primaryimage\",\"url\":\"https:\\\/\\\/www.mines-stetienne.fr\\\/future-medicine-fr\\\/wp-content\\\/uploads\\\/sites\\\/15\\\/2020\\\/11\\\/EMSE-CampusHNord0443.jpg\",\"contentUrl\":\"https:\\\/\\\/www.mines-stetienne.fr\\\/future-medicine-fr\\\/wp-content\\\/uploads\\\/sites\\\/15\\\/2020\\\/11\\\/EMSE-CampusHNord0443.jpg\",\"width\":630,\"height\":420},{\"@type\":\"BreadcrumbList\",\"@id\":\"https:\\\/\\\/www.mines-stetienne.fr\\\/future-medicine-fr\\\/centre-ingenierie-et-sante\\\/formations-en-ingenierie-et-sante\\\/#breadcrumb\",\"itemListElement\":[{\"@type\":\"ListItem\",\"position\":1,\"name\":\"Accueil\",\"item\":\"https:\\\/\\\/www.mines-stetienne.fr\\\/future-medicine-fr\\\/\"},{\"@type\":\"ListItem\",\"position\":2,\"name\":\"Centre Ing\u00e9nierie et Sant\u00e9\",\"item\":\"https:\\\/\\\/www.mines-stetienne.fr\\\/future-medicine-fr\\\/centre-ingenierie-et-sante\\\/\"},{\"@type\":\"ListItem\",\"position\":3,\"name\":\"Formations en ing\u00e9nierie et sant\u00e9\"}]},{\"@type\":\"WebSite\",\"@id\":\"https:\\\/\\\/www.mines-stetienne.fr\\\/future-medicine-fr\\\/#website\",\"url\":\"https:\\\/\\\/www.mines-stetienne.fr\\\/future-medicine-fr\\\/\",\"name\":\"#FutureMedicine\",\"description\":\"- Mines Saint-\u00c9tienne Tech\",\"potentialAction\":[{\"@type\":\"SearchAction\",\"target\":{\"@type\":\"EntryPoint\",\"urlTemplate\":\"https:\\\/\\\/www.mines-stetienne.fr\\\/future-medicine-fr\\\/?s={search_term_string}\"},\"query-input\":{\"@type\":\"PropertyValueSpecification\",\"valueRequired\":true,\"valueName\":\"search_term_string\"}}],\"inLanguage\":\"fr-FR\"}]}<\/script>\n<!-- \/ Yoast SEO plugin. -->","yoast_head_json":{"title":"Formations en ing\u00e9nierie et sant\u00e9 - #FutureMedicine","robots":{"index":"index","follow":"follow","max-snippet":"max-snippet:-1","max-image-preview":"max-image-preview:large","max-video-preview":"max-video-preview:-1"},"canonical":"https:\/\/www.mines-stetienne.fr\/future-medicine-fr\/centre-ingenierie-et-sante\/formations-en-ingenierie-et-sante\/","og_locale":"fr_FR","og_type":"article","og_title":"Formations en ing\u00e9nierie et sant\u00e9 - #FutureMedicine","og_description":"Des comp\u00e9tences uniques au service d\u2019un enseignement unique. En formation comme en recherche, les \u00e9quipes travaillent en lien direct avec la Facult\u00e9 de M\u00e9decine et le CHU de Saint-\u00c9tienne sur le Campus Sant\u00e9 Innovations. Le cursus ICM offre une v\u00e9ritable &hellip;","og_url":"https:\/\/www.mines-stetienne.fr\/future-medicine-fr\/centre-ingenierie-et-sante\/formations-en-ingenierie-et-sante\/","og_site_name":"#FutureMedicine","article_publisher":"https:\/\/www.facebook.com\/MinesSaintEtienne","article_modified_time":"2021-05-28T06:49:12+00:00","og_image":[{"url":"https:\/\/www.mines-stetienne.fr\/future-medicine-fr\/wp-content\/uploads\/sites\/15\/2020\/11\/EMSE-CampusHNord0443.jpg","type":"","width":"","height":""}],"twitter_card":"summary_large_image","twitter_site":"@MINES_StEtienne","twitter_misc":{"Dur\u00e9e de lecture estim\u00e9e":"2 minutes"},"schema":{"@context":"https:\/\/schema.org","@graph":[{"@type":"WebPage","@id":"https:\/\/www.mines-stetienne.fr\/future-medicine-fr\/centre-ingenierie-et-sante\/formations-en-ingenierie-et-sante\/","url":"https:\/\/www.mines-stetienne.fr\/future-medicine-fr\/centre-ingenierie-et-sante\/formations-en-ingenierie-et-sante\/","name":"Formations en ing\u00e9nierie et sant\u00e9 - #FutureMedicine","isPartOf":{"@id":"https:\/\/www.mines-stetienne.fr\/future-medicine-fr\/#website"},"primaryImageOfPage":{"@id":"https:\/\/www.mines-stetienne.fr\/future-medicine-fr\/centre-ingenierie-et-sante\/formations-en-ingenierie-et-sante\/#primaryimage"},"image":{"@id":"https:\/\/www.mines-stetienne.fr\/future-medicine-fr\/centre-ingenierie-et-sante\/formations-en-ingenierie-et-sante\/#primaryimage"},"thumbnailUrl":"https:\/\/www.mines-stetienne.fr\/future-medicine-fr\/wp-content\/uploads\/sites\/15\/2020\/11\/EMSE-CampusHNord0443.jpg","datePublished":"2020-11-17T15:29:34+00:00","dateModified":"2021-05-28T06:49:12+00:00","breadcrumb":{"@id":"https:\/\/www.mines-stetienne.fr\/future-medicine-fr\/centre-ingenierie-et-sante\/formations-en-ingenierie-et-sante\/#breadcrumb"},"inLanguage":"fr-FR","potentialAction":[{"@type":"ReadAction","target":["https:\/\/www.mines-stetienne.fr\/future-medicine-fr\/centre-ingenierie-et-sante\/formations-en-ingenierie-et-sante\/"]}]},{"@type":"ImageObject","inLanguage":"fr-FR","@id":"https:\/\/www.mines-stetienne.fr\/future-medicine-fr\/centre-ingenierie-et-sante\/formations-en-ingenierie-et-sante\/#primaryimage","url":"https:\/\/www.mines-stetienne.fr\/future-medicine-fr\/wp-content\/uploads\/sites\/15\/2020\/11\/EMSE-CampusHNord0443.jpg","contentUrl":"https:\/\/www.mines-stetienne.fr\/future-medicine-fr\/wp-content\/uploads\/sites\/15\/2020\/11\/EMSE-CampusHNord0443.jpg","width":630,"height":420},{"@type":"BreadcrumbList","@id":"https:\/\/www.mines-stetienne.fr\/future-medicine-fr\/centre-ingenierie-et-sante\/formations-en-ingenierie-et-sante\/#breadcrumb","itemListElement":[{"@type":"ListItem","position":1,"name":"Accueil","item":"https:\/\/www.mines-stetienne.fr\/future-medicine-fr\/"},{"@type":"ListItem","position":2,"name":"Centre Ing\u00e9nierie et Sant\u00e9","item":"https:\/\/www.mines-stetienne.fr\/future-medicine-fr\/centre-ingenierie-et-sante\/"},{"@type":"ListItem","position":3,"name":"Formations en ing\u00e9nierie et sant\u00e9"}]},{"@type":"WebSite","@id":"https:\/\/www.mines-stetienne.fr\/future-medicine-fr\/#website","url":"https:\/\/www.mines-stetienne.fr\/future-medicine-fr\/","name":"#FutureMedicine","description":"- Mines Saint-\u00c9tienne Tech","potentialAction":[{"@type":"SearchAction","target":{"@type":"EntryPoint","urlTemplate":"https:\/\/www.mines-stetienne.fr\/future-medicine-fr\/?s={search_term_string}"},"query-input":{"@type":"PropertyValueSpecification","valueRequired":true,"valueName":"search_term_string"}}],"inLanguage":"fr-FR"}]}},"_links":{"self":[{"href":"https:\/\/www.mines-stetienne.fr\/future-medicine-fr\/wp-json\/wp\/v2\/pages\/19062","targetHints":{"allow":["GET"]}}],"collection":[{"href":"https:\/\/www.mines-stetienne.fr\/future-medicine-fr\/wp-json\/wp\/v2\/pages"}],"about":[{"href":"https:\/\/www.mines-stetienne.fr\/future-medicine-fr\/wp-json\/wp\/v2\/types\/page"}],"author":[{"embeddable":true,"href":"https:\/\/www.mines-stetienne.fr\/future-medicine-fr\/wp-json\/wp\/v2\/users\/3"}],"replies":[{"embeddable":true,"href":"https:\/\/www.mines-stetienne.fr\/future-medicine-fr\/wp-json\/wp\/v2\/comments?post=19062"}],"version-history":[{"count":2,"href":"https:\/\/www.mines-stetienne.fr\/future-medicine-fr\/wp-json\/wp\/v2\/pages\/19062\/revisions"}],"predecessor-version":[{"id":21017,"href":"https:\/\/www.mines-stetienne.fr\/future-medicine-fr\/wp-json\/wp\/v2\/pages\/19062\/revisions\/21017"}],"up":[{"embeddable":true,"href":"https:\/\/www.mines-stetienne.fr\/future-medicine-fr\/wp-json\/wp\/v2\/pages\/20981"}],"wp:attachment":[{"href":"https:\/\/www.mines-stetienne.fr\/future-medicine-fr\/wp-json\/wp\/v2\/media?parent=19062"}],"wp:term":[{"taxonomy":"post_tag","embeddable":true,"href":"https:\/\/www.mines-stetienne.fr\/future-medicine-fr\/wp-json\/wp\/v2\/tags?post=19062"}],"curies":[{"name":"wp","href":"https:\/\/api.w.org\/{rel}","templated":true}]}}