{"id":19050,"date":"2020-11-17T16:57:40","date_gmt":"2020-11-17T15:57:40","guid":{"rendered":"https:\/\/www.mines-stetienne.fr\/?page_id=19050"},"modified":"2021-06-01T12:37:25","modified_gmt":"2021-06-01T10:37:25","slug":"le-campus-sante-innovations","status":"publish","type":"page","link":"https:\/\/www.mines-stetienne.fr\/future-medicine-fr\/centre-ingenierie-et-sante\/le-campus-sante-innovations\/","title":{"rendered":"Le Campus Sant\u00e9 Innovations"},"content":{"rendered":"\n<h3 class=\"wp-block-heading\">\u00ab&nbsp;Un P\u00f4le Sant\u00e9 unique en France d\u00e9di\u00e9 Pr\u00e9vention, Ing\u00e9nierie, Sant\u00e9&nbsp;&amp; Sport \u00bb<\/h3>\n\n\n\n<p style=\"font-size:15px\"><a rel=\"noreferrer noopener\" href=\"https:\/\/bit.ly\/2FVB5wl\" target=\"_blank\">Ce campus<\/a> est le fruit du regroupement en 2015  des acteurs incontournables de la recherche et de l\u2019enseignement sup\u00e9rieur sur le site du <a rel=\"noreferrer noopener\" href=\"http:\/\/www.chu-st-etienne.fr\/\" target=\"_blank\">CHU de Saint-\u00c9tienne<\/a>&nbsp;: Mines Saint-\u00c9tienne, <a href=\"https:\/\/www.univ-st-etienne.fr\/fr\/faculte-de-medecine.html\" target=\"_blank\" rel=\"noreferrer noopener\">Facult\u00e9 de m\u00e9decine<\/a>, Institut R\u00e9gional de M\u00e9decine et d\u2019Ing\u00e9nierie du Sport (IRMIS), centre Hyg\u00e9e (plates-formes r\u00e9gionales du <a href=\"https:\/\/www.canceropole-clara.com\/\" target=\"_blank\" rel=\"noreferrer noopener\">Canc\u00e9rop\u00f4le Lyon Auvergne Rh\u00f4ne-Alpes<\/a>).<\/p>\n\n\n\n<figure class=\"wp-block-gallery columns-2 is-cropped wp-block-gallery-1 is-layout-flex wp-block-gallery-is-layout-flex\"><ul class=\"blocks-gallery-grid\"><li class=\"blocks-gallery-item\"><figure><a href=\"https:\/\/www.mines-stetienne.fr\/wp-content\/uploads\/2020\/10\/chu.jpg\"><img decoding=\"async\" src=\"https:\/\/www.mines-stetienne.fr\/wp-content\/uploads\/2020\/10\/chu.jpg\" alt=\"\" data-id=\"19055\" data-full-url=\"https:\/\/www.mines-stetienne.fr\/wp-content\/uploads\/2020\/10\/chu.jpg\" data-link=\"https:\/\/www.mines-stetienne.fr\/chu\/\" class=\"wp-image-19055\" \/><\/a><\/figure><\/li><li class=\"blocks-gallery-item\"><figure><a href=\"https:\/\/www.mines-stetienne.fr\/wp-content\/uploads\/2020\/10\/CIS_sud-e1604053209307.jpg\"><img decoding=\"async\" src=\"https:\/\/www.mines-stetienne.fr\/wp-content\/uploads\/2020\/10\/CIS_sud-e1604053209307.jpg\" alt=\"\" data-id=\"19054\" data-full-url=\"https:\/\/www.mines-stetienne.fr\/wp-content\/uploads\/2020\/10\/CIS_sud-e1604053209307.jpg\" data-link=\"https:\/\/www.mines-stetienne.fr\/a3_proto-2\/\" class=\"wp-image-19054\" \/><\/a><\/figure><\/li><\/ul><\/figure>\n\n\n\n<p style=\"font-size:15px\"><strong>Le Campus Sant\u00e9 Innovations <\/strong>permet \u00e0 <a rel=\"noreferrer noopener\" href=\"https:\/\/www.mines-stetienne.fr\/\" target=\"_blank\">Mines Saint-\u00c9tienne<\/a> d\u2019\u00eatre la seule grande \u00e9cole d\u2019ing\u00e9nieur en France au double positionnement \u00e0 la fois th\u00e9matique et g\u00e9ographique, implant\u00e9e sur un site hospitalo-universitaire.<\/p>\n\n\n\n<figure class=\"wp-block-gallery columns-2 is-cropped wp-block-gallery-2 is-layout-flex wp-block-gallery-is-layout-flex\"><ul class=\"blocks-gallery-grid\"><li class=\"blocks-gallery-item\"><figure><a href=\"https:\/\/www.mines-stetienne.fr\/wp-content\/uploads\/2020\/10\/MSE_cis-1.jpg\"><img decoding=\"async\" src=\"https:\/\/www.mines-stetienne.fr\/wp-content\/uploads\/2020\/10\/MSE_cis-1.jpg\" alt=\"\" data-id=\"19057\" data-full-url=\"https:\/\/www.mines-stetienne.fr\/wp-content\/uploads\/2020\/10\/MSE_cis-1.jpg\" data-link=\"https:\/\/www.mines-stetienne.fr\/mse_cis-1\/\" class=\"wp-image-19057\" \/><\/a><\/figure><\/li><li class=\"blocks-gallery-item\"><figure><a href=\"https:\/\/www.mines-stetienne.fr\/wp-content\/uploads\/MSE_cis1.jpg\"><img decoding=\"async\" src=\"https:\/\/www.mines-stetienne.fr\/wp-content\/uploads\/MSE_cis1.jpg\" alt=\"\" data-id=\"19058\" data-full-url=\"https:\/\/www.mines-stetienne.fr\/wp-content\/uploads\/MSE_cis1.jpg\" data-link=\"https:\/\/www.mines-stetienne.fr\/mse_cis1\/\" class=\"wp-image-19058\" \/><\/a><\/figure><\/li><\/ul><\/figure>\n\n\n\n<p style=\"font-size:15px\">Cr\u00e9e en 2004 sur le site historique de l&rsquo;\u00e9cole, <a href=\"https:\/\/www.mines-stetienne.fr\/future-medicine-fr\/centre-ingenierie-et-sante\/\">le Centre Ing\u00e9nierie et Sant\u00e9<\/a> a vu le jour au sein d\u2019un environnement industriel, scientifique et acad\u00e9mique propice : il apporte des solutions \u00e0 l\u2019interface de l\u2019ing\u00e9nierie et de la sant\u00e9 pour les parcours de soins personnalis\u00e9s.<\/p>\n\n\n\n<div class=\"wp-block-cover has-background-dim\"><img loading=\"lazy\" decoding=\"async\" width=\"1000\" height=\"479\" class=\"wp-block-cover__image-background wp-image-21010\" alt=\"\" src=\"https:\/\/www.mines-stetienne.fr\/future-medicine-fr\/wp-content\/uploads\/sites\/15\/2020\/12\/CampusVisiteVirtuelle-1.jpg\" data-object-fit=\"cover\" srcset=\"https:\/\/www.mines-stetienne.fr\/future-medicine-fr\/wp-content\/uploads\/sites\/15\/2020\/12\/CampusVisiteVirtuelle-1.jpg 1000w, https:\/\/www.mines-stetienne.fr\/future-medicine-fr\/wp-content\/uploads\/sites\/15\/2020\/12\/CampusVisiteVirtuelle-1-300x144.jpg 300w, https:\/\/www.mines-stetienne.fr\/future-medicine-fr\/wp-content\/uploads\/sites\/15\/2020\/12\/CampusVisiteVirtuelle-1-768x368.jpg 768w\" sizes=\"auto, (max-width: 1000px) 100vw, 1000px\" \/><div class=\"wp-block-cover__inner-container is-layout-flow wp-block-cover-is-layout-flow\">\n<p class=\"has-text-align-center has-large-font-size\"><a rel=\"noreferrer noopener\" href=\"https:\/\/www.mines-stetienne.fr\/visite-virtuelle\/?startscene=pano34\" target=\"_blank\"><span style=\"color:#ffffff\" class=\"tadv-color\">Visiter le campus<\/span><\/a><\/p>\n<\/div><\/div>\n","protected":false},"excerpt":{"rendered":"<p>\u00ab&nbsp;Un P\u00f4le Sant\u00e9 unique en France d\u00e9di\u00e9 Pr\u00e9vention, Ing\u00e9nierie, Sant\u00e9&nbsp;&amp; Sport \u00bb Ce campus est le fruit du regroupement en 2015 des acteurs incontournables de la recherche et de l\u2019enseignement sup\u00e9rieur sur le site du CHU de Saint-\u00c9tienne&nbsp;: Mines Saint-\u00c9tienne, &hellip;<\/p>\n","protected":false},"author":3,"featured_media":0,"parent":20981,"menu_order":0,"comment_status":"closed","ping_status":"closed","template":"","meta":{"footnotes":""},"tags":[],"class_list":["post-19050","page","type-page","status-publish","hentry"],"pp_statuses_selecting_workflow":false,"pp_workflow_action":"current","pp_status_selection":"publish","pp_force_visibility":null,"pp_subpost_visibility":null,"pp_inherited_force_visibility":null,"pp_inherited_subpost_visibility":null,"yoast_head":"<!-- This site is optimized with the Yoast SEO plugin v27.5 - https:\/\/yoast.com\/product\/yoast-seo-wordpress\/ -->\n<title>Le Campus Sant\u00e9 Innovations - #FutureMedicine<\/title>\n<meta name=\"robots\" content=\"index, follow, max-snippet:-1, max-image-preview:large, max-video-preview:-1\" \/>\n<link rel=\"canonical\" href=\"https:\/\/www.mines-stetienne.fr\/future-medicine-fr\/centre-ingenierie-et-sante\/le-campus-sante-innovations\/\" \/>\n<meta property=\"og:locale\" content=\"fr_FR\" \/>\n<meta property=\"og:type\" content=\"article\" \/>\n<meta property=\"og:title\" content=\"Le Campus Sant\u00e9 Innovations - #FutureMedicine\" \/>\n<meta property=\"og:description\" content=\"\u00ab&nbsp;Un P\u00f4le Sant\u00e9 unique en France d\u00e9di\u00e9 Pr\u00e9vention, Ing\u00e9nierie, Sant\u00e9&nbsp;&amp; Sport \u00bb Ce campus est le fruit du regroupement en 2015 des acteurs incontournables de la recherche et de l\u2019enseignement sup\u00e9rieur sur le site du CHU de Saint-\u00c9tienne&nbsp;: Mines Saint-\u00c9tienne, &hellip;\" \/>\n<meta property=\"og:url\" content=\"https:\/\/www.mines-stetienne.fr\/future-medicine-fr\/centre-ingenierie-et-sante\/le-campus-sante-innovations\/\" \/>\n<meta property=\"og:site_name\" content=\"#FutureMedicine\" \/>\n<meta property=\"article:publisher\" content=\"https:\/\/www.facebook.com\/MinesSaintEtienne\" \/>\n<meta property=\"article:modified_time\" content=\"2021-06-01T10:37:25+00:00\" \/>\n<meta property=\"og:image\" content=\"https:\/\/www.mines-stetienne.fr\/wp-content\/uploads\/2020\/10\/chu.jpg\" \/>\n<meta name=\"twitter:card\" content=\"summary_large_image\" \/>\n<meta name=\"twitter:site\" content=\"@MINES_StEtienne\" \/>\n<meta name=\"twitter:label1\" content=\"Dur\u00e9e de lecture estim\u00e9e\" \/>\n\t<meta name=\"twitter:data1\" content=\"2 minutes\" \/>\n<script type=\"application\/ld+json\" class=\"yoast-schema-graph\">{\"@context\":\"https:\\\/\\\/schema.org\",\"@graph\":[{\"@type\":\"WebPage\",\"@id\":\"https:\\\/\\\/www.mines-stetienne.fr\\\/future-medicine-fr\\\/centre-ingenierie-et-sante\\\/le-campus-sante-innovations\\\/\",\"url\":\"https:\\\/\\\/www.mines-stetienne.fr\\\/future-medicine-fr\\\/centre-ingenierie-et-sante\\\/le-campus-sante-innovations\\\/\",\"name\":\"Le Campus Sant\u00e9 Innovations - #FutureMedicine\",\"isPartOf\":{\"@id\":\"https:\\\/\\\/www.mines-stetienne.fr\\\/future-medicine-fr\\\/#website\"},\"primaryImageOfPage\":{\"@id\":\"https:\\\/\\\/www.mines-stetienne.fr\\\/future-medicine-fr\\\/centre-ingenierie-et-sante\\\/le-campus-sante-innovations\\\/#primaryimage\"},\"image\":{\"@id\":\"https:\\\/\\\/www.mines-stetienne.fr\\\/future-medicine-fr\\\/centre-ingenierie-et-sante\\\/le-campus-sante-innovations\\\/#primaryimage\"},\"thumbnailUrl\":\"https:\\\/\\\/www.mines-stetienne.fr\\\/wp-content\\\/uploads\\\/2020\\\/10\\\/chu.jpg\",\"datePublished\":\"2020-11-17T15:57:40+00:00\",\"dateModified\":\"2021-06-01T10:37:25+00:00\",\"breadcrumb\":{\"@id\":\"https:\\\/\\\/www.mines-stetienne.fr\\\/future-medicine-fr\\\/centre-ingenierie-et-sante\\\/le-campus-sante-innovations\\\/#breadcrumb\"},\"inLanguage\":\"fr-FR\",\"potentialAction\":[{\"@type\":\"ReadAction\",\"target\":[\"https:\\\/\\\/www.mines-stetienne.fr\\\/future-medicine-fr\\\/centre-ingenierie-et-sante\\\/le-campus-sante-innovations\\\/\"]}]},{\"@type\":\"ImageObject\",\"inLanguage\":\"fr-FR\",\"@id\":\"https:\\\/\\\/www.mines-stetienne.fr\\\/future-medicine-fr\\\/centre-ingenierie-et-sante\\\/le-campus-sante-innovations\\\/#primaryimage\",\"url\":\"https:\\\/\\\/www.mines-stetienne.fr\\\/wp-content\\\/uploads\\\/2020\\\/10\\\/chu.jpg\",\"contentUrl\":\"https:\\\/\\\/www.mines-stetienne.fr\\\/wp-content\\\/uploads\\\/2020\\\/10\\\/chu.jpg\"},{\"@type\":\"BreadcrumbList\",\"@id\":\"https:\\\/\\\/www.mines-stetienne.fr\\\/future-medicine-fr\\\/centre-ingenierie-et-sante\\\/le-campus-sante-innovations\\\/#breadcrumb\",\"itemListElement\":[{\"@type\":\"ListItem\",\"position\":1,\"name\":\"Accueil\",\"item\":\"https:\\\/\\\/www.mines-stetienne.fr\\\/future-medicine-fr\\\/\"},{\"@type\":\"ListItem\",\"position\":2,\"name\":\"Centre Ing\u00e9nierie et Sant\u00e9\",\"item\":\"https:\\\/\\\/www.mines-stetienne.fr\\\/future-medicine-fr\\\/centre-ingenierie-et-sante\\\/\"},{\"@type\":\"ListItem\",\"position\":3,\"name\":\"Le Campus Sant\u00e9 Innovations\"}]},{\"@type\":\"WebSite\",\"@id\":\"https:\\\/\\\/www.mines-stetienne.fr\\\/future-medicine-fr\\\/#website\",\"url\":\"https:\\\/\\\/www.mines-stetienne.fr\\\/future-medicine-fr\\\/\",\"name\":\"#FutureMedicine\",\"description\":\"- Mines Saint-\u00c9tienne Tech\",\"potentialAction\":[{\"@type\":\"SearchAction\",\"target\":{\"@type\":\"EntryPoint\",\"urlTemplate\":\"https:\\\/\\\/www.mines-stetienne.fr\\\/future-medicine-fr\\\/?s={search_term_string}\"},\"query-input\":{\"@type\":\"PropertyValueSpecification\",\"valueRequired\":true,\"valueName\":\"search_term_string\"}}],\"inLanguage\":\"fr-FR\"}]}<\/script>\n<!-- \/ Yoast SEO plugin. -->","yoast_head_json":{"title":"Le Campus Sant\u00e9 Innovations - #FutureMedicine","robots":{"index":"index","follow":"follow","max-snippet":"max-snippet:-1","max-image-preview":"max-image-preview:large","max-video-preview":"max-video-preview:-1"},"canonical":"https:\/\/www.mines-stetienne.fr\/future-medicine-fr\/centre-ingenierie-et-sante\/le-campus-sante-innovations\/","og_locale":"fr_FR","og_type":"article","og_title":"Le Campus Sant\u00e9 Innovations - #FutureMedicine","og_description":"\u00ab&nbsp;Un P\u00f4le Sant\u00e9 unique en France d\u00e9di\u00e9 Pr\u00e9vention, Ing\u00e9nierie, Sant\u00e9&nbsp;&amp; Sport \u00bb Ce campus est le fruit du regroupement en 2015 des acteurs incontournables de la recherche et de l\u2019enseignement sup\u00e9rieur sur le site du CHU de Saint-\u00c9tienne&nbsp;: Mines Saint-\u00c9tienne, &hellip;","og_url":"https:\/\/www.mines-stetienne.fr\/future-medicine-fr\/centre-ingenierie-et-sante\/le-campus-sante-innovations\/","og_site_name":"#FutureMedicine","article_publisher":"https:\/\/www.facebook.com\/MinesSaintEtienne","article_modified_time":"2021-06-01T10:37:25+00:00","og_image":[{"url":"https:\/\/www.mines-stetienne.fr\/wp-content\/uploads\/2020\/10\/chu.jpg","type":"","width":"","height":""}],"twitter_card":"summary_large_image","twitter_site":"@MINES_StEtienne","twitter_misc":{"Dur\u00e9e de lecture estim\u00e9e":"2 minutes"},"schema":{"@context":"https:\/\/schema.org","@graph":[{"@type":"WebPage","@id":"https:\/\/www.mines-stetienne.fr\/future-medicine-fr\/centre-ingenierie-et-sante\/le-campus-sante-innovations\/","url":"https:\/\/www.mines-stetienne.fr\/future-medicine-fr\/centre-ingenierie-et-sante\/le-campus-sante-innovations\/","name":"Le Campus Sant\u00e9 Innovations - #FutureMedicine","isPartOf":{"@id":"https:\/\/www.mines-stetienne.fr\/future-medicine-fr\/#website"},"primaryImageOfPage":{"@id":"https:\/\/www.mines-stetienne.fr\/future-medicine-fr\/centre-ingenierie-et-sante\/le-campus-sante-innovations\/#primaryimage"},"image":{"@id":"https:\/\/www.mines-stetienne.fr\/future-medicine-fr\/centre-ingenierie-et-sante\/le-campus-sante-innovations\/#primaryimage"},"thumbnailUrl":"https:\/\/www.mines-stetienne.fr\/wp-content\/uploads\/2020\/10\/chu.jpg","datePublished":"2020-11-17T15:57:40+00:00","dateModified":"2021-06-01T10:37:25+00:00","breadcrumb":{"@id":"https:\/\/www.mines-stetienne.fr\/future-medicine-fr\/centre-ingenierie-et-sante\/le-campus-sante-innovations\/#breadcrumb"},"inLanguage":"fr-FR","potentialAction":[{"@type":"ReadAction","target":["https:\/\/www.mines-stetienne.fr\/future-medicine-fr\/centre-ingenierie-et-sante\/le-campus-sante-innovations\/"]}]},{"@type":"ImageObject","inLanguage":"fr-FR","@id":"https:\/\/www.mines-stetienne.fr\/future-medicine-fr\/centre-ingenierie-et-sante\/le-campus-sante-innovations\/#primaryimage","url":"https:\/\/www.mines-stetienne.fr\/wp-content\/uploads\/2020\/10\/chu.jpg","contentUrl":"https:\/\/www.mines-stetienne.fr\/wp-content\/uploads\/2020\/10\/chu.jpg"},{"@type":"BreadcrumbList","@id":"https:\/\/www.mines-stetienne.fr\/future-medicine-fr\/centre-ingenierie-et-sante\/le-campus-sante-innovations\/#breadcrumb","itemListElement":[{"@type":"ListItem","position":1,"name":"Accueil","item":"https:\/\/www.mines-stetienne.fr\/future-medicine-fr\/"},{"@type":"ListItem","position":2,"name":"Centre Ing\u00e9nierie et Sant\u00e9","item":"https:\/\/www.mines-stetienne.fr\/future-medicine-fr\/centre-ingenierie-et-sante\/"},{"@type":"ListItem","position":3,"name":"Le Campus Sant\u00e9 Innovations"}]},{"@type":"WebSite","@id":"https:\/\/www.mines-stetienne.fr\/future-medicine-fr\/#website","url":"https:\/\/www.mines-stetienne.fr\/future-medicine-fr\/","name":"#FutureMedicine","description":"- Mines Saint-\u00c9tienne Tech","potentialAction":[{"@type":"SearchAction","target":{"@type":"EntryPoint","urlTemplate":"https:\/\/www.mines-stetienne.fr\/future-medicine-fr\/?s={search_term_string}"},"query-input":{"@type":"PropertyValueSpecification","valueRequired":true,"valueName":"search_term_string"}}],"inLanguage":"fr-FR"}]}},"_links":{"self":[{"href":"https:\/\/www.mines-stetienne.fr\/future-medicine-fr\/wp-json\/wp\/v2\/pages\/19050","targetHints":{"allow":["GET"]}}],"collection":[{"href":"https:\/\/www.mines-stetienne.fr\/future-medicine-fr\/wp-json\/wp\/v2\/pages"}],"about":[{"href":"https:\/\/www.mines-stetienne.fr\/future-medicine-fr\/wp-json\/wp\/v2\/types\/page"}],"author":[{"embeddable":true,"href":"https:\/\/www.mines-stetienne.fr\/future-medicine-fr\/wp-json\/wp\/v2\/users\/3"}],"replies":[{"embeddable":true,"href":"https:\/\/www.mines-stetienne.fr\/future-medicine-fr\/wp-json\/wp\/v2\/comments?post=19050"}],"version-history":[{"count":8,"href":"https:\/\/www.mines-stetienne.fr\/future-medicine-fr\/wp-json\/wp\/v2\/pages\/19050\/revisions"}],"predecessor-version":[{"id":21437,"href":"https:\/\/www.mines-stetienne.fr\/future-medicine-fr\/wp-json\/wp\/v2\/pages\/19050\/revisions\/21437"}],"up":[{"embeddable":true,"href":"https:\/\/www.mines-stetienne.fr\/future-medicine-fr\/wp-json\/wp\/v2\/pages\/20981"}],"wp:attachment":[{"href":"https:\/\/www.mines-stetienne.fr\/future-medicine-fr\/wp-json\/wp\/v2\/media?parent=19050"}],"wp:term":[{"taxonomy":"post_tag","embeddable":true,"href":"https:\/\/www.mines-stetienne.fr\/future-medicine-fr\/wp-json\/wp\/v2\/tags?post=19050"}],"curies":[{"name":"wp","href":"https:\/\/api.w.org\/{rel}","templated":true}]}}