{"id":19048,"date":"2020-12-01T13:25:48","date_gmt":"2020-12-01T12:25:48","guid":{"rendered":"https:\/\/www.mines-stetienne.fr\/?page_id=19048"},"modified":"2023-09-05T16:32:22","modified_gmt":"2023-09-05T14:32:22","slug":"departement-activite-biologique-des-particules-inhalees-biopi","status":"publish","type":"page","link":"https:\/\/www.mines-stetienne.fr\/future-medicine-fr\/centre-ingenierie-et-sante\/departement-activite-biologique-des-particules-inhalees-biopi\/","title":{"rendered":"D\u00e9partement Activit\u00e9 biologique des Particules Inhal\u00e9es (BioPi)"},"content":{"rendered":"\n<h3 class=\"wp-block-heading\">Le d\u00e9partement propose une approche interdisciplinaire de l\u2019\u00e9tude de l\u2019inhalation des particules. Les activit\u00e9s sont focalis\u00e9es autour de l\u2019activit\u00e9 biologique des particules inhal\u00e9es aussi bien dans un cadre th\u00e9rapeutique (a\u00e9rosolth\u00e9rapie) que dans un contexte pathologique (nanotoxicit\u00e9).<\/h3>\n\n\n\n<p>Le d\u00e9partement est rattach\u00e9 au Laboratoire <a rel=\"noreferrer noopener\" href=\"https:\/\/sainbiose.univ-st-etienne.fr\/fr\/organisation\/presentation-du-laboratoire.html\" target=\"_blank\">U1059 Inserm&nbsp;Sainbiose<\/a>, (Sant\u00e9 Ing\u00e9nierie Biologie Saint-\u00c9tienne), \u00e9quipe&nbsp;<a rel=\"noreferrer noopener\" href=\"https:\/\/sainbiose.univ-st-etienne.fr\/fr\/dvh.html\" target=\"_blank\">DVH<\/a>, Dysfonctions Vasculaires et de l&rsquo;H\u00e9mostase.<\/p>\n\n\n\n<figure class=\"wp-block-gallery has-nested-images columns-3 is-cropped wp-block-gallery-1 is-layout-flex wp-block-gallery-is-layout-flex\">\n<figure class=\"wp-block-image size-large\"><a href=\"https:\/\/www.mines-stetienne.fr\/future-medicine-fr\/wp-content\/uploads\/sites\/15\/2020\/12\/W-biopi1.jpg\"><img loading=\"lazy\" decoding=\"async\" width=\"576\" height=\"370\" data-id=\"20938\" src=\"https:\/\/www.mines-stetienne.fr\/future-medicine-fr\/wp-content\/uploads\/sites\/15\/2020\/12\/W-biopi1.jpg\" alt=\"\" class=\"wp-image-20938\" srcset=\"https:\/\/www.mines-stetienne.fr\/future-medicine-fr\/wp-content\/uploads\/sites\/15\/2020\/12\/W-biopi1.jpg 576w, https:\/\/www.mines-stetienne.fr\/future-medicine-fr\/wp-content\/uploads\/sites\/15\/2020\/12\/W-biopi1-300x193.jpg 300w\" sizes=\"auto, (max-width: 576px) 100vw, 576px\" \/><\/a><\/figure>\n\n\n\n<figure class=\"wp-block-image size-large\"><a href=\"https:\/\/www.mines-stetienne.fr\/future-medicine-fr\/wp-content\/uploads\/sites\/15\/2020\/12\/W-biopi2.jpg\"><img loading=\"lazy\" decoding=\"async\" width=\"554\" height=\"376\" data-id=\"20939\" src=\"https:\/\/www.mines-stetienne.fr\/future-medicine-fr\/wp-content\/uploads\/sites\/15\/2020\/12\/W-biopi2.jpg\" alt=\"\" class=\"wp-image-20939\" srcset=\"https:\/\/www.mines-stetienne.fr\/future-medicine-fr\/wp-content\/uploads\/sites\/15\/2020\/12\/W-biopi2.jpg 554w, https:\/\/www.mines-stetienne.fr\/future-medicine-fr\/wp-content\/uploads\/sites\/15\/2020\/12\/W-biopi2-300x204.jpg 300w\" sizes=\"auto, (max-width: 554px) 100vw, 554px\" \/><\/a><\/figure>\n\n\n\n<figure class=\"wp-block-image size-large\"><a href=\"https:\/\/www.mines-stetienne.fr\/future-medicine-fr\/wp-content\/uploads\/sites\/15\/2020\/11\/carreblanc.jpg\"><img loading=\"lazy\" decoding=\"async\" width=\"630\" height=\"450\" data-id=\"20700\" src=\"https:\/\/www.mines-stetienne.fr\/future-medicine-fr\/wp-content\/uploads\/sites\/15\/2020\/11\/carreblanc.jpg\" alt=\"\" class=\"wp-image-20700\" srcset=\"https:\/\/www.mines-stetienne.fr\/future-medicine-fr\/wp-content\/uploads\/sites\/15\/2020\/11\/carreblanc.jpg 630w, https:\/\/www.mines-stetienne.fr\/future-medicine-fr\/wp-content\/uploads\/sites\/15\/2020\/11\/carreblanc-300x214.jpg 300w\" sizes=\"auto, (max-width: 630px) 100vw, 630px\" \/><\/a><\/figure>\n\n\n\n<figure class=\"wp-block-image size-large\"><a href=\"https:\/\/www.mines-stetienne.fr\/future-medicine-fr\/wp-content\/uploads\/sites\/15\/2020\/12\/W-biopi3.jpg\"><img loading=\"lazy\" decoding=\"async\" width=\"576\" height=\"395\" data-id=\"20940\" src=\"https:\/\/www.mines-stetienne.fr\/future-medicine-fr\/wp-content\/uploads\/sites\/15\/2020\/12\/W-biopi3.jpg\" alt=\"\" class=\"wp-image-20940\" srcset=\"https:\/\/www.mines-stetienne.fr\/future-medicine-fr\/wp-content\/uploads\/sites\/15\/2020\/12\/W-biopi3.jpg 576w, https:\/\/www.mines-stetienne.fr\/future-medicine-fr\/wp-content\/uploads\/sites\/15\/2020\/12\/W-biopi3-300x206.jpg 300w, https:\/\/www.mines-stetienne.fr\/future-medicine-fr\/wp-content\/uploads\/sites\/15\/2020\/12\/W-biopi3-225x155.jpg 225w\" sizes=\"auto, (max-width: 576px) 100vw, 576px\" \/><\/a><\/figure>\n\n\n\n<figure class=\"wp-block-image size-large\"><a href=\"https:\/\/www.mines-stetienne.fr\/future-medicine-fr\/wp-content\/uploads\/sites\/15\/2020\/12\/aerosol.jpg\"><img loading=\"lazy\" decoding=\"async\" width=\"600\" height=\"400\" data-id=\"20941\" src=\"https:\/\/www.mines-stetienne.fr\/future-medicine-fr\/wp-content\/uploads\/sites\/15\/2020\/12\/aerosol.jpg\" alt=\"\" class=\"wp-image-20941\" srcset=\"https:\/\/www.mines-stetienne.fr\/future-medicine-fr\/wp-content\/uploads\/sites\/15\/2020\/12\/aerosol.jpg 600w, https:\/\/www.mines-stetienne.fr\/future-medicine-fr\/wp-content\/uploads\/sites\/15\/2020\/12\/aerosol-300x200.jpg 300w\" sizes=\"auto, (max-width: 600px) 100vw, 600px\" \/><\/a><\/figure>\n\n\n\n<figure class=\"wp-block-image size-large\"><a href=\"https:\/\/www.mines-stetienne.fr\/future-medicine-fr\/wp-content\/uploads\/sites\/15\/2021\/01\/carreblanc-3.jpg\"><img loading=\"lazy\" decoding=\"async\" width=\"225\" height=\"225\" data-id=\"21354\" src=\"https:\/\/www.mines-stetienne.fr\/future-medicine-fr\/wp-content\/uploads\/sites\/15\/2021\/01\/carreblanc-3.jpg\" alt=\"\" class=\"wp-image-21354\" srcset=\"https:\/\/www.mines-stetienne.fr\/future-medicine-fr\/wp-content\/uploads\/sites\/15\/2021\/01\/carreblanc-3.jpg 225w, https:\/\/www.mines-stetienne.fr\/future-medicine-fr\/wp-content\/uploads\/sites\/15\/2021\/01\/carreblanc-3-150x150.jpg 150w, https:\/\/www.mines-stetienne.fr\/future-medicine-fr\/wp-content\/uploads\/sites\/15\/2021\/01\/carreblanc-3-75x75.jpg 75w\" sizes=\"auto, (max-width: 225px) 100vw, 225px\" \/><\/a><\/figure>\n<\/figure>\n\n\n\n<h4 class=\"wp-block-heading\">Domaines applicatifs<\/h4>\n\n\n\n<ul class=\"wp-block-list\">\n<li>Toxicit\u00e9 de particules nano et microm\u00e9triques en lien avec leurs propri\u00e9t\u00e9s physico-chimiques.<\/li>\n\n\n\n<li>D\u00e9tection de particules dans des \u00e9chantillons biologiques de patients et lien avec pathologies<\/li>\n\n\n\n<li>M\u00e9trologie des a\u00e9rosols et analyse de l\u2019exposition aux postes de travail.<\/li>\n\n\n\n<li>A\u00e9rosolth\u00e9rapie (d\u00e9veloppement technologique, \u00e9valuation des performances, cartographie r\u00e9gionale de d\u00e9p\u00f4t dans les voies respiratoires).<\/li>\n\n\n\n<li>Cigarette \u00e9lectronique (caract\u00e9risation des \u00e9missions, toxicologie, \u00e9tudes observationnelles sur l\u2019effet passerelle).<\/li>\n\n\n\n<li>Efficacit\u00e9 de filtration bact\u00e9rienne des masques \u00e0 usage m\u00e9dical contre la Covid-19.<\/li>\n<\/ul>\n\n\n\n<h4 class=\"wp-block-heading\">Plateau technique :  Particules inhal\u00e9es<\/h4>\n\n\n\n<p><strong>A\u00e9rosol<\/strong> : m\u00e9trologie&nbsp;des a\u00e9rosols, mod\u00e8les anatomiques pour l\u2019\u00e9tude des d\u00e9p\u00f4ts d\u2019a\u00e9rosol <br><strong>Toxicit\u00e9<\/strong> : laboratoires&nbsp;nano et de culture cellulaire, techniques de caract\u00e9risation physico-chimique&nbsp;des particules, tests de toxicologie, exposition \u00e0 l\u2019interface air\/liquide (contact : Lara&nbsp;Leclerc)<\/p>\n\n\n\n<h4 class=\"wp-block-heading\">Partenaires<\/h4>\n\n\n\n<p>CHU de Saint-\u00c9tienne, UJM, Michelin, CEA, Dassault, INRS, LNE, Mines Paris Tech, Mines Al\u00e8s, Bolton University (UK), Universit\u00e9 de Turin (Italie), Anses, \u2026<\/p>\n\n\n\n<h4 class=\"wp-block-heading\"><strong>Exemples de projets en cours<\/strong> <strong>2020<\/strong><\/h4>\n\n\n\n<ul class=\"wp-block-list\">\n<li>Sels de nicotine et vapotage : enjeux&nbsp;toxicologiques et impact pharmacologique sur la d\u00e9livrance de nicotine. Institut&nbsp;National du Cancer.<\/li>\n\n\n\n<li>\u00c9valuation des&nbsp;masques faciaux contre le COVID-19 : efficacit\u00e9 de filtration virale et&nbsp;bact\u00e9rienne. ANR Programme Covid-19 (FAMAS).<\/li>\n\n\n\n<li>Caract\u00e9risation physico-chimique et toxicologique&nbsp;de pr\u00e9l\u00e8vements particulaires lors des diff\u00e9rentes \u00e9tapes des proc\u00e9d\u00e9s li\u00e9es \u00e0&nbsp;la fabrication additive m\u00e9tallique. Projet R\u00e9gion&nbsp;Rh\u00f4ne-Alpes, CEA, Dassault,&nbsp;Mines Saint-\u00c9tienne (AEROPRINT).<\/li>\n\n\n\n<li>Indicateur de l\u2019exposition aux nanoparticules et&nbsp;\u00e9valuation de la relation avec pathologies pulmonaires. Soci\u00e9t\u00e9 de Pneumologie&nbsp;de Langue Fran\u00e7aise, Canc\u00e9rop\u00f4le Lyon&nbsp;Auvergne Rh\u00f4ne-Alpes (NanoPI).<\/li>\n\n\n\n<li>Toxicit\u00e9 des d\u00e9chets d\u2019incin\u00e9ration de&nbsp;nanocomposites non recyclables. ADEME (Nano DeTox).<\/li>\n\n\n\n<li>Mod\u00e8les anatomiques&nbsp;pour la d\u00e9livrance pulmonaire d\u2019a\u00e9rosols pour pathologies obstructives.&nbsp;ANR (AMADEUS).&nbsp;<\/li>\n\n\n\n<li>2 th\u00e8ses CIFRE avec Michelin.<\/li>\n<\/ul>\n\n\n\n<h4 class=\"wp-block-heading\">Actualit\u00e9s<\/h4>\n\n\n\n<p>Accr\u00e9ditation temporaire de l\u2019Agence&nbsp;Nationale de la S\u00e9curit\u00e9 du M\u00e9dicament et des Produits de Sant\u00e9 (ANSM) pour la&nbsp;mesure de l\u2019efficacit\u00e9 de filtration bact\u00e9rienne des masques (<em><a href=\"https:\/\/www.mines-stetienne.fr\/lecole\/l-ecole-a-la-pointe-des-tests-sur-les-masques-anti-covid\/\" target=\"_blank\" rel=\"noreferrer noopener\">une Premi\u00e8re en France<\/a><\/em>, Mai 2020).<\/p>\n\n\n\n<h4 class=\"wp-block-heading\">Effectifs<\/h4>\n\n\n\n<p>Val\u00e9rie FOREST, responsable du d\u00e9pt, J\u00e9r\u00e9mie POURCHEZ, Lara LECLERC, Gwendoline SARRY, Cl\u00e9ment MERCIER,<\/p>\n\n\n\n<p>Doctorants :<br><\/p>\n\n\n\n<hr class=\"wp-block-separator has-css-opacity\" \/>\n\n\n\n<figure class=\"wp-block-gallery has-nested-images columns-default is-cropped wp-block-gallery-2 is-layout-flex wp-block-gallery-is-layout-flex\">\n<figure class=\"wp-block-image size-large\"><img loading=\"lazy\" decoding=\"async\" width=\"202\" height=\"202\" data-id=\"20907\" src=\"https:\/\/www.mines-stetienne.fr\/future-medicine-fr\/wp-content\/uploads\/sites\/15\/2020\/11\/Picto3DAerosol.jpg\" alt=\"\" class=\"wp-image-20907\" srcset=\"https:\/\/www.mines-stetienne.fr\/future-medicine-fr\/wp-content\/uploads\/sites\/15\/2020\/11\/Picto3DAerosol.jpg 202w, https:\/\/www.mines-stetienne.fr\/future-medicine-fr\/wp-content\/uploads\/sites\/15\/2020\/11\/Picto3DAerosol-150x150.jpg 150w, https:\/\/www.mines-stetienne.fr\/future-medicine-fr\/wp-content\/uploads\/sites\/15\/2020\/11\/Picto3DAerosol-75x75.jpg 75w\" sizes=\"auto, (max-width: 202px) 100vw, 202px\" \/><\/figure>\n\n\n\n<figure class=\"wp-block-image size-large\"><img loading=\"lazy\" decoding=\"async\" width=\"247\" height=\"247\" data-id=\"20341\" src=\"https:\/\/www.mines-stetienne.fr\/future-medicine-fr\/wp-content\/uploads\/sites\/15\/2020\/11\/vap.jpg\" alt=\"\" class=\"wp-image-20341\" srcset=\"https:\/\/www.mines-stetienne.fr\/future-medicine-fr\/wp-content\/uploads\/sites\/15\/2020\/11\/vap.jpg 247w, https:\/\/www.mines-stetienne.fr\/future-medicine-fr\/wp-content\/uploads\/sites\/15\/2020\/11\/vap-150x150.jpg 150w, https:\/\/www.mines-stetienne.fr\/future-medicine-fr\/wp-content\/uploads\/sites\/15\/2020\/11\/vap-75x75.jpg 75w\" sizes=\"auto, (max-width: 247px) 100vw, 247px\" \/><\/figure>\n\n\n\n<figure class=\"wp-block-image size-large\"><img loading=\"lazy\" decoding=\"async\" width=\"748\" height=\"748\" data-id=\"20340\" src=\"https:\/\/www.mines-stetienne.fr\/future-medicine-fr\/wp-content\/uploads\/sites\/15\/2020\/11\/poumon.jpg\" alt=\"\" class=\"wp-image-20340\" srcset=\"https:\/\/www.mines-stetienne.fr\/future-medicine-fr\/wp-content\/uploads\/sites\/15\/2020\/11\/poumon.jpg 748w, https:\/\/www.mines-stetienne.fr\/future-medicine-fr\/wp-content\/uploads\/sites\/15\/2020\/11\/poumon-300x300.jpg 300w, https:\/\/www.mines-stetienne.fr\/future-medicine-fr\/wp-content\/uploads\/sites\/15\/2020\/11\/poumon-150x150.jpg 150w, https:\/\/www.mines-stetienne.fr\/future-medicine-fr\/wp-content\/uploads\/sites\/15\/2020\/11\/poumon-75x75.jpg 75w, https:\/\/www.mines-stetienne.fr\/future-medicine-fr\/wp-content\/uploads\/sites\/15\/2020\/11\/poumon-360x360.jpg 360w\" sizes=\"auto, (max-width: 748px) 100vw, 748px\" \/><\/figure>\n<\/figure>\n\n\n\n<h5 class=\"wp-block-heading\"><a href=\"https:\/\/www.mines-stetienne.fr\/future-medicine-fr\/futuremedicine-2021\/\">#FutureMedicine &#8211; D\u00e9monstrateur Particules Inhal\u00e9es<\/a><\/h5>\n\n\n\n<hr class=\"wp-block-separator has-css-opacity\" \/>\n\n\n\n<h4 class=\"wp-block-heading\">\u00c0 d\u00e9couvrir aussi<\/h4>\n\n\n\n<ul class=\"wp-block-list\">\n<li><a href=\"https:\/\/www.scopus.com\/search\/form.uri?display=basic#affiliation\" target=\"_blank\" rel=\"noreferrer noopener\">Publications<\/a> <\/li>\n\n\n\n<li>Pharmacologie : vid\u00e9o Sainbiose\/TL7 (09\/2020)<\/li>\n\n\n\n<li>\u201c<a href=\"https:\/\/www.world-today-news.com\/a-saint-etienne-laboratory-at-the-cutting-edge-of-mask-testing\/\" target=\"_blank\" rel=\"noreferrer noopener\">A Saint-Etienne laboratory at the cutting edge&nbsp;of mask testing<\/a>\u201d&nbsp;(05\/2020)<\/li>\n\n\n\n<li><a href=\"https:\/\/youtu.be\/UZvtX_KsO7A\" target=\"_blank\" rel=\"noreferrer noopener\">Colloque IMT Healthcare 4.0<\/a> : nouvelles&nbsp;avanc\u00e9es en ing\u00e9nierie pour la sant\u00e9 (10\/2019)<\/li>\n\n\n\n<li>Parole d\u2019alumni ICM en Sant\u00e9,&nbsp;<a href=\"https:\/\/youtu.be\/h6LV9paJS5s\" target=\"_blank\" rel=\"noreferrer noopener\">Marie-Pauline Talabard<\/a>&nbsp;(07\/2020), double dipl\u00f4m\u00e9e ing\u00e9nieure\/m\u00e9decin.<\/li>\n\n\n\n<li><a href=\"https:\/\/youtu.be\/aZKnG0zJFkE\" target=\"_blank\" rel=\"noreferrer noopener\">Isabelle Largilli\u00e8re<\/a> &#8211; ICM E 2015&nbsp;(07\/2020), double dipl\u00f4m\u00e9e Imperial&nbsp;College London, doctorante \u00e0 Polytechnique Montr\u00e9al en g\u00e9nie biom\u00e9dical<\/li>\n\n\n\n<li><a href=\"https:\/\/www.polytechnique.edu\/fr\/content\/cecile-patte-laureate-pour-les-femmes-et-la-science-de-loreal-unesco\" target=\"_blank\" rel=\"noreferrer noopener\">C\u00e9cile Patte,&nbsp;laur\u00e9ate du Prix Jeunes Talents Loreal &#8211; UNESCO<\/a>&nbsp;pour les femmes et la science Dipl\u00f4m\u00e9e ICM elle d\u00e9veloppe un&nbsp;jumeau num\u00e9rique du poumon<\/li>\n<\/ul>\n\n\n\n<hr class=\"wp-block-separator has-css-opacity\" \/>\n","protected":false},"excerpt":{"rendered":"<p>Le d\u00e9partement propose une approche interdisciplinaire de l\u2019\u00e9tude de l\u2019inhalation des particules. Les activit\u00e9s sont focalis\u00e9es autour de l\u2019activit\u00e9 biologique des particules inhal\u00e9es aussi bien dans un cadre th\u00e9rapeutique (a\u00e9rosolth\u00e9rapie) que dans un contexte pathologique (nanotoxicit\u00e9). Le d\u00e9partement est rattach\u00e9 &hellip;<\/p>\n","protected":false},"author":3,"featured_media":0,"parent":20981,"menu_order":0,"comment_status":"closed","ping_status":"closed","template":"","meta":{"footnotes":""},"tags":[],"class_list":["post-19048","page","type-page","status-publish","hentry"],"pp_statuses_selecting_workflow":false,"pp_workflow_action":"current","pp_status_selection":"publish","pp_force_visibility":null,"pp_subpost_visibility":null,"pp_inherited_force_visibility":null,"pp_inherited_subpost_visibility":null,"yoast_head":"<!-- This site is optimized with the Yoast SEO plugin v27.4 - https:\/\/yoast.com\/product\/yoast-seo-wordpress\/ -->\n<title>D\u00e9partement Activit\u00e9 biologique des Particules Inhal\u00e9es (BioPi) - #FutureMedicine<\/title>\n<meta name=\"robots\" content=\"index, follow, max-snippet:-1, max-image-preview:large, max-video-preview:-1\" \/>\n<link rel=\"canonical\" href=\"https:\/\/www.mines-stetienne.fr\/future-medicine-fr\/centre-ingenierie-et-sante\/departement-activite-biologique-des-particules-inhalees-biopi\/\" \/>\n<meta property=\"og:locale\" content=\"fr_FR\" \/>\n<meta property=\"og:type\" content=\"article\" \/>\n<meta property=\"og:title\" content=\"D\u00e9partement Activit\u00e9 biologique des Particules Inhal\u00e9es (BioPi) - #FutureMedicine\" \/>\n<meta property=\"og:description\" content=\"Le d\u00e9partement propose une approche interdisciplinaire de l\u2019\u00e9tude de l\u2019inhalation des particules. Les activit\u00e9s sont focalis\u00e9es autour de l\u2019activit\u00e9 biologique des particules inhal\u00e9es aussi bien dans un cadre th\u00e9rapeutique (a\u00e9rosolth\u00e9rapie) que dans un contexte pathologique (nanotoxicit\u00e9). Le d\u00e9partement est rattach\u00e9 &hellip;\" \/>\n<meta property=\"og:url\" content=\"https:\/\/www.mines-stetienne.fr\/future-medicine-fr\/centre-ingenierie-et-sante\/departement-activite-biologique-des-particules-inhalees-biopi\/\" \/>\n<meta property=\"og:site_name\" content=\"#FutureMedicine\" \/>\n<meta property=\"article:publisher\" content=\"https:\/\/www.facebook.com\/MinesSaintEtienne\" \/>\n<meta property=\"article:modified_time\" content=\"2023-09-05T14:32:22+00:00\" \/>\n<meta property=\"og:image\" content=\"https:\/\/www.mines-stetienne.fr\/future-medicine-fr\/wp-content\/uploads\/sites\/15\/2020\/12\/W-biopi1.jpg\" \/>\n<meta name=\"twitter:card\" content=\"summary_large_image\" \/>\n<meta name=\"twitter:site\" content=\"@MINES_StEtienne\" \/>\n<meta name=\"twitter:label1\" content=\"Dur\u00e9e de lecture estim\u00e9e\" \/>\n\t<meta name=\"twitter:data1\" content=\"5 minutes\" \/>\n<script type=\"application\/ld+json\" class=\"yoast-schema-graph\">{\"@context\":\"https:\\\/\\\/schema.org\",\"@graph\":[{\"@type\":\"WebPage\",\"@id\":\"https:\\\/\\\/www.mines-stetienne.fr\\\/future-medicine-fr\\\/centre-ingenierie-et-sante\\\/departement-activite-biologique-des-particules-inhalees-biopi\\\/\",\"url\":\"https:\\\/\\\/www.mines-stetienne.fr\\\/future-medicine-fr\\\/centre-ingenierie-et-sante\\\/departement-activite-biologique-des-particules-inhalees-biopi\\\/\",\"name\":\"D\u00e9partement Activit\u00e9 biologique des Particules Inhal\u00e9es (BioPi) - #FutureMedicine\",\"isPartOf\":{\"@id\":\"https:\\\/\\\/www.mines-stetienne.fr\\\/future-medicine-fr\\\/#website\"},\"primaryImageOfPage\":{\"@id\":\"https:\\\/\\\/www.mines-stetienne.fr\\\/future-medicine-fr\\\/centre-ingenierie-et-sante\\\/departement-activite-biologique-des-particules-inhalees-biopi\\\/#primaryimage\"},\"image\":{\"@id\":\"https:\\\/\\\/www.mines-stetienne.fr\\\/future-medicine-fr\\\/centre-ingenierie-et-sante\\\/departement-activite-biologique-des-particules-inhalees-biopi\\\/#primaryimage\"},\"thumbnailUrl\":\"https:\\\/\\\/www.mines-stetienne.fr\\\/future-medicine-fr\\\/wp-content\\\/uploads\\\/sites\\\/15\\\/2020\\\/12\\\/W-biopi1.jpg\",\"datePublished\":\"2020-12-01T12:25:48+00:00\",\"dateModified\":\"2023-09-05T14:32:22+00:00\",\"breadcrumb\":{\"@id\":\"https:\\\/\\\/www.mines-stetienne.fr\\\/future-medicine-fr\\\/centre-ingenierie-et-sante\\\/departement-activite-biologique-des-particules-inhalees-biopi\\\/#breadcrumb\"},\"inLanguage\":\"fr-FR\",\"potentialAction\":[{\"@type\":\"ReadAction\",\"target\":[\"https:\\\/\\\/www.mines-stetienne.fr\\\/future-medicine-fr\\\/centre-ingenierie-et-sante\\\/departement-activite-biologique-des-particules-inhalees-biopi\\\/\"]}]},{\"@type\":\"ImageObject\",\"inLanguage\":\"fr-FR\",\"@id\":\"https:\\\/\\\/www.mines-stetienne.fr\\\/future-medicine-fr\\\/centre-ingenierie-et-sante\\\/departement-activite-biologique-des-particules-inhalees-biopi\\\/#primaryimage\",\"url\":\"https:\\\/\\\/www.mines-stetienne.fr\\\/future-medicine-fr\\\/wp-content\\\/uploads\\\/sites\\\/15\\\/2020\\\/12\\\/W-biopi1.jpg\",\"contentUrl\":\"https:\\\/\\\/www.mines-stetienne.fr\\\/future-medicine-fr\\\/wp-content\\\/uploads\\\/sites\\\/15\\\/2020\\\/12\\\/W-biopi1.jpg\",\"width\":576,\"height\":370},{\"@type\":\"BreadcrumbList\",\"@id\":\"https:\\\/\\\/www.mines-stetienne.fr\\\/future-medicine-fr\\\/centre-ingenierie-et-sante\\\/departement-activite-biologique-des-particules-inhalees-biopi\\\/#breadcrumb\",\"itemListElement\":[{\"@type\":\"ListItem\",\"position\":1,\"name\":\"Accueil\",\"item\":\"https:\\\/\\\/www.mines-stetienne.fr\\\/future-medicine-fr\\\/\"},{\"@type\":\"ListItem\",\"position\":2,\"name\":\"Centre Ing\u00e9nierie et Sant\u00e9\",\"item\":\"https:\\\/\\\/www.mines-stetienne.fr\\\/future-medicine-fr\\\/centre-ingenierie-et-sante\\\/\"},{\"@type\":\"ListItem\",\"position\":3,\"name\":\"D\u00e9partement Activit\u00e9 biologique des Particules Inhal\u00e9es (BioPi)\"}]},{\"@type\":\"WebSite\",\"@id\":\"https:\\\/\\\/www.mines-stetienne.fr\\\/future-medicine-fr\\\/#website\",\"url\":\"https:\\\/\\\/www.mines-stetienne.fr\\\/future-medicine-fr\\\/\",\"name\":\"#FutureMedicine\",\"description\":\"- Mines Saint-\u00c9tienne Tech\",\"potentialAction\":[{\"@type\":\"SearchAction\",\"target\":{\"@type\":\"EntryPoint\",\"urlTemplate\":\"https:\\\/\\\/www.mines-stetienne.fr\\\/future-medicine-fr\\\/?s={search_term_string}\"},\"query-input\":{\"@type\":\"PropertyValueSpecification\",\"valueRequired\":true,\"valueName\":\"search_term_string\"}}],\"inLanguage\":\"fr-FR\"}]}<\/script>\n<!-- \/ Yoast SEO plugin. -->","yoast_head_json":{"title":"D\u00e9partement Activit\u00e9 biologique des Particules Inhal\u00e9es (BioPi) - #FutureMedicine","robots":{"index":"index","follow":"follow","max-snippet":"max-snippet:-1","max-image-preview":"max-image-preview:large","max-video-preview":"max-video-preview:-1"},"canonical":"https:\/\/www.mines-stetienne.fr\/future-medicine-fr\/centre-ingenierie-et-sante\/departement-activite-biologique-des-particules-inhalees-biopi\/","og_locale":"fr_FR","og_type":"article","og_title":"D\u00e9partement Activit\u00e9 biologique des Particules Inhal\u00e9es (BioPi) - #FutureMedicine","og_description":"Le d\u00e9partement propose une approche interdisciplinaire de l\u2019\u00e9tude de l\u2019inhalation des particules. Les activit\u00e9s sont focalis\u00e9es autour de l\u2019activit\u00e9 biologique des particules inhal\u00e9es aussi bien dans un cadre th\u00e9rapeutique (a\u00e9rosolth\u00e9rapie) que dans un contexte pathologique (nanotoxicit\u00e9). Le d\u00e9partement est rattach\u00e9 &hellip;","og_url":"https:\/\/www.mines-stetienne.fr\/future-medicine-fr\/centre-ingenierie-et-sante\/departement-activite-biologique-des-particules-inhalees-biopi\/","og_site_name":"#FutureMedicine","article_publisher":"https:\/\/www.facebook.com\/MinesSaintEtienne","article_modified_time":"2023-09-05T14:32:22+00:00","og_image":[{"url":"https:\/\/www.mines-stetienne.fr\/future-medicine-fr\/wp-content\/uploads\/sites\/15\/2020\/12\/W-biopi1.jpg","type":"","width":"","height":""}],"twitter_card":"summary_large_image","twitter_site":"@MINES_StEtienne","twitter_misc":{"Dur\u00e9e de lecture estim\u00e9e":"5 minutes"},"schema":{"@context":"https:\/\/schema.org","@graph":[{"@type":"WebPage","@id":"https:\/\/www.mines-stetienne.fr\/future-medicine-fr\/centre-ingenierie-et-sante\/departement-activite-biologique-des-particules-inhalees-biopi\/","url":"https:\/\/www.mines-stetienne.fr\/future-medicine-fr\/centre-ingenierie-et-sante\/departement-activite-biologique-des-particules-inhalees-biopi\/","name":"D\u00e9partement Activit\u00e9 biologique des Particules Inhal\u00e9es (BioPi) - #FutureMedicine","isPartOf":{"@id":"https:\/\/www.mines-stetienne.fr\/future-medicine-fr\/#website"},"primaryImageOfPage":{"@id":"https:\/\/www.mines-stetienne.fr\/future-medicine-fr\/centre-ingenierie-et-sante\/departement-activite-biologique-des-particules-inhalees-biopi\/#primaryimage"},"image":{"@id":"https:\/\/www.mines-stetienne.fr\/future-medicine-fr\/centre-ingenierie-et-sante\/departement-activite-biologique-des-particules-inhalees-biopi\/#primaryimage"},"thumbnailUrl":"https:\/\/www.mines-stetienne.fr\/future-medicine-fr\/wp-content\/uploads\/sites\/15\/2020\/12\/W-biopi1.jpg","datePublished":"2020-12-01T12:25:48+00:00","dateModified":"2023-09-05T14:32:22+00:00","breadcrumb":{"@id":"https:\/\/www.mines-stetienne.fr\/future-medicine-fr\/centre-ingenierie-et-sante\/departement-activite-biologique-des-particules-inhalees-biopi\/#breadcrumb"},"inLanguage":"fr-FR","potentialAction":[{"@type":"ReadAction","target":["https:\/\/www.mines-stetienne.fr\/future-medicine-fr\/centre-ingenierie-et-sante\/departement-activite-biologique-des-particules-inhalees-biopi\/"]}]},{"@type":"ImageObject","inLanguage":"fr-FR","@id":"https:\/\/www.mines-stetienne.fr\/future-medicine-fr\/centre-ingenierie-et-sante\/departement-activite-biologique-des-particules-inhalees-biopi\/#primaryimage","url":"https:\/\/www.mines-stetienne.fr\/future-medicine-fr\/wp-content\/uploads\/sites\/15\/2020\/12\/W-biopi1.jpg","contentUrl":"https:\/\/www.mines-stetienne.fr\/future-medicine-fr\/wp-content\/uploads\/sites\/15\/2020\/12\/W-biopi1.jpg","width":576,"height":370},{"@type":"BreadcrumbList","@id":"https:\/\/www.mines-stetienne.fr\/future-medicine-fr\/centre-ingenierie-et-sante\/departement-activite-biologique-des-particules-inhalees-biopi\/#breadcrumb","itemListElement":[{"@type":"ListItem","position":1,"name":"Accueil","item":"https:\/\/www.mines-stetienne.fr\/future-medicine-fr\/"},{"@type":"ListItem","position":2,"name":"Centre Ing\u00e9nierie et Sant\u00e9","item":"https:\/\/www.mines-stetienne.fr\/future-medicine-fr\/centre-ingenierie-et-sante\/"},{"@type":"ListItem","position":3,"name":"D\u00e9partement Activit\u00e9 biologique des Particules Inhal\u00e9es (BioPi)"}]},{"@type":"WebSite","@id":"https:\/\/www.mines-stetienne.fr\/future-medicine-fr\/#website","url":"https:\/\/www.mines-stetienne.fr\/future-medicine-fr\/","name":"#FutureMedicine","description":"- Mines Saint-\u00c9tienne Tech","potentialAction":[{"@type":"SearchAction","target":{"@type":"EntryPoint","urlTemplate":"https:\/\/www.mines-stetienne.fr\/future-medicine-fr\/?s={search_term_string}"},"query-input":{"@type":"PropertyValueSpecification","valueRequired":true,"valueName":"search_term_string"}}],"inLanguage":"fr-FR"}]}},"_links":{"self":[{"href":"https:\/\/www.mines-stetienne.fr\/future-medicine-fr\/wp-json\/wp\/v2\/pages\/19048","targetHints":{"allow":["GET"]}}],"collection":[{"href":"https:\/\/www.mines-stetienne.fr\/future-medicine-fr\/wp-json\/wp\/v2\/pages"}],"about":[{"href":"https:\/\/www.mines-stetienne.fr\/future-medicine-fr\/wp-json\/wp\/v2\/types\/page"}],"author":[{"embeddable":true,"href":"https:\/\/www.mines-stetienne.fr\/future-medicine-fr\/wp-json\/wp\/v2\/users\/3"}],"replies":[{"embeddable":true,"href":"https:\/\/www.mines-stetienne.fr\/future-medicine-fr\/wp-json\/wp\/v2\/comments?post=19048"}],"version-history":[{"count":22,"href":"https:\/\/www.mines-stetienne.fr\/future-medicine-fr\/wp-json\/wp\/v2\/pages\/19048\/revisions"}],"predecessor-version":[{"id":21549,"href":"https:\/\/www.mines-stetienne.fr\/future-medicine-fr\/wp-json\/wp\/v2\/pages\/19048\/revisions\/21549"}],"up":[{"embeddable":true,"href":"https:\/\/www.mines-stetienne.fr\/future-medicine-fr\/wp-json\/wp\/v2\/pages\/20981"}],"wp:attachment":[{"href":"https:\/\/www.mines-stetienne.fr\/future-medicine-fr\/wp-json\/wp\/v2\/media?parent=19048"}],"wp:term":[{"taxonomy":"post_tag","embeddable":true,"href":"https:\/\/www.mines-stetienne.fr\/future-medicine-fr\/wp-json\/wp\/v2\/tags?post=19048"}],"curies":[{"name":"wp","href":"https:\/\/api.w.org\/{rel}","templated":true}]}}