{"id":664,"date":"2023-04-04T13:36:21","date_gmt":"2023-04-04T11:36:21","guid":{"rendered":"https:\/\/www.mines-stetienne.fr\/fayol\/?page_id=664"},"modified":"2023-04-04T13:36:23","modified_gmt":"2023-04-04T11:36:23","slug":"these-preparee-par-mohamed-harith-ibrahim","status":"publish","type":"page","link":"https:\/\/www.mines-stetienne.fr\/fayol\/theses\/these-preparee-par-mohamed-harith-ibrahim\/","title":{"rendered":"Th\u00e8se pr\u00e9par\u00e9e par Mohamed Harith Ibrahim\u00a0"},"content":{"rendered":"<p><strong>Titre : Apprentissage automatique et optimisation multicrit\u00e8re pour le pilotage intelligent d&rsquo;un dispositif<\/strong><br \/>\n<strong>de production d&rsquo;eau chaude sanitaire<\/strong><\/p>\n<p><strong>D\u00e9but de th\u00e8se : <\/strong>01\/09\/2021<strong><br \/>\nFin de th\u00e8se :\u00a0<\/strong><\/p>\n<p><strong>R\u00e9sum\u00e9 :\u00a0<\/strong>La th\u00e8se s\u2019inscrit dans un partenariat fort avec elm.leblanc, le leader fran\u00e7ais du confort thermique qui con\u00e7oit et fabrique en France des solutions de chauffage et de production d\u2019eau chaude gaz et aux \u00e9nergies renouvelables, dans un souci d\u2019apporter des solutions technologiques en vue d\u2019offrir le meilleur rapport qualit\u00e9\/prix aux utilisateurs. Pour atteindre ces objectifs, une dynamique d\u2019innovation est cultiv\u00e9e au sein du centre de recherche et d\u00e9veloppement de l\u2019entreprise.<\/p>\n<p>Le chauffage, la production et le stockage d\u2019eau chaude repr\u00e9sentent la majeure partie des d\u00e9penses \u00e9nerg\u00e9tiques des foyers. La fonction de stockage quel que soit le syst\u00e8me de chauffage, constitue un \u00e9l\u00e9ment cl\u00e9 pour r\u00e9guler la consommation d\u2019\u00e9nergie et le confort. Dans cette perspective, l\u2019entreprise elm.leblanc cherche \u00e0 cr\u00e9er l\u2019\u00e9l\u00e9ment de stockage d\u2019eau chaude sanitaire du futur, qui soit plus performant d\u2019un point de vue \u00e9nerg\u00e9tique, moins co\u00fbteux en mati\u00e8res premi\u00e8res, recyclable, auto-adaptatif et intelligent en fonction des besoins de l\u2019utilisateur final et plus durable gr\u00e2ce \u00e0 une conception adapt\u00e9e et un meilleur contr\u00f4le pour un fonctionnement optimal. Ce projet d\u2019ampleur r\u00e9pond aux enjeux strat\u00e9giques que tout industriel doit relever : innover de mani\u00e8re responsable en prenant en compte, d\u00e8s la phase de conception, le contexte d\u2019utilisation du produit pour s\u2019adapter \u00e0 son utilisateur, tout en anticipant la fin de son cycle de vie dans une approche d\u2019\u00e9conomie circulaire.<\/p>\n<p><strong>Mots cl\u00e9s\u00a0:<\/strong><\/p>\n<p><strong>Date de soutenance pr\u00e9vue :\u00a0<\/strong><\/p>\n<p><strong>Encadrement :<\/strong><\/p>\n<ul>\n<li>Directeur de th\u00e8se : <a href=\"&#109;a&#x69;l&#x74;o&#x3a;&#77;&#x69;&#114;&#x65;&#105;l&#x6c;e&#x2e;B&#x41;&#84;&#x54;&#79;&#x4e;&#45;&#x48;&#85;B&#x45;R&#x54;&#64;&#x65;&#109;&#x73;&#101;&#x2e;&#102;&#x72;\">Mireille Batton-Hubert<\/a>, Professeur Mines Saint Etienne, Limos<\/li>\n<li>Codirecteur de th\u00e8se : St\u00e9phane Lecoeuche, IMT Nord Europe<\/li>\n<\/ul>\n<p><strong>Partenaires ou\/et Financeurs<\/strong> :<\/p>\n","protected":false},"excerpt":{"rendered":"<p>Titre : Apprentissage automatique et optimisation multicrit\u00e8re pour le pilotage intelligent d&rsquo;un dispositif de production d&rsquo;eau chaude sanitaire D\u00e9but de th\u00e8se : 01\/09\/2021 Fin de th\u00e8se :\u00a0 R\u00e9sum\u00e9 :\u00a0La th\u00e8se s\u2019inscrit dans un partenariat fort avec elm.leblanc, le leader fran\u00e7ais &hellip;<\/p>\n","protected":false},"author":1536,"featured_media":0,"parent":286,"menu_order":0,"comment_status":"closed","ping_status":"closed","template":"","meta":{"footnotes":""},"tags":[],"class_list":["post-664","page","type-page","status-publish","hentry"],"pp_statuses_selecting_workflow":false,"pp_workflow_action":"current","pp_status_selection":"publish","pp_force_visibility":null,"pp_subpost_visibility":null,"pp_inherited_force_visibility":null,"pp_inherited_subpost_visibility":null,"yoast_head":"<!-- This site is optimized with the Yoast SEO plugin v27.5 - https:\/\/yoast.com\/product\/yoast-seo-wordpress\/ -->\n<title>Th\u00e8se pr\u00e9par\u00e9e par Mohamed Harith Ibrahim\u00a0 - Institut Henri Fayol<\/title>\n<meta name=\"robots\" content=\"index, follow, max-snippet:-1, max-image-preview:large, max-video-preview:-1\" \/>\n<link rel=\"canonical\" href=\"https:\/\/www.mines-stetienne.fr\/fayol\/theses\/these-preparee-par-mohamed-harith-ibrahim\/\" \/>\n<meta property=\"og:locale\" content=\"fr_FR\" \/>\n<meta property=\"og:type\" content=\"article\" \/>\n<meta property=\"og:title\" content=\"Th\u00e8se pr\u00e9par\u00e9e par Mohamed Harith Ibrahim\u00a0 - Institut Henri Fayol\" \/>\n<meta property=\"og:description\" content=\"Titre : Apprentissage automatique et optimisation multicrit\u00e8re pour le pilotage intelligent d&rsquo;un dispositif de production d&rsquo;eau chaude sanitaire D\u00e9but de th\u00e8se : 01\/09\/2021 Fin de th\u00e8se :\u00a0 R\u00e9sum\u00e9 :\u00a0La th\u00e8se s\u2019inscrit dans un partenariat fort avec elm.leblanc, le leader fran\u00e7ais &hellip;\" \/>\n<meta property=\"og:url\" content=\"https:\/\/www.mines-stetienne.fr\/fayol\/theses\/these-preparee-par-mohamed-harith-ibrahim\/\" \/>\n<meta property=\"og:site_name\" content=\"Institut Henri Fayol\" \/>\n<meta property=\"article:publisher\" content=\"https:\/\/www.facebook.com\/MinesSaintEtienne\" \/>\n<meta property=\"article:modified_time\" content=\"2023-04-04T11:36:23+00:00\" \/>\n<meta name=\"twitter:card\" content=\"summary_large_image\" \/>\n<meta name=\"twitter:site\" content=\"@MINES_StEtienne\" \/>\n<meta name=\"twitter:label1\" content=\"Dur\u00e9e de lecture estim\u00e9e\" \/>\n\t<meta name=\"twitter:data1\" content=\"2 minutes\" \/>\n<script type=\"application\/ld+json\" class=\"yoast-schema-graph\">{\"@context\":\"https:\\\/\\\/schema.org\",\"@graph\":[{\"@type\":\"WebPage\",\"@id\":\"https:\\\/\\\/www.mines-stetienne.fr\\\/fayol\\\/theses\\\/these-preparee-par-mohamed-harith-ibrahim\\\/\",\"url\":\"https:\\\/\\\/www.mines-stetienne.fr\\\/fayol\\\/theses\\\/these-preparee-par-mohamed-harith-ibrahim\\\/\",\"name\":\"Th\u00e8se pr\u00e9par\u00e9e par Mohamed Harith Ibrahim\u00a0 - Institut Henri Fayol\",\"isPartOf\":{\"@id\":\"https:\\\/\\\/www.mines-stetienne.fr\\\/fayol\\\/#website\"},\"datePublished\":\"2023-04-04T11:36:21+00:00\",\"dateModified\":\"2023-04-04T11:36:23+00:00\",\"breadcrumb\":{\"@id\":\"https:\\\/\\\/www.mines-stetienne.fr\\\/fayol\\\/theses\\\/these-preparee-par-mohamed-harith-ibrahim\\\/#breadcrumb\"},\"inLanguage\":\"fr-FR\",\"potentialAction\":[{\"@type\":\"ReadAction\",\"target\":[\"https:\\\/\\\/www.mines-stetienne.fr\\\/fayol\\\/theses\\\/these-preparee-par-mohamed-harith-ibrahim\\\/\"]}]},{\"@type\":\"BreadcrumbList\",\"@id\":\"https:\\\/\\\/www.mines-stetienne.fr\\\/fayol\\\/theses\\\/these-preparee-par-mohamed-harith-ibrahim\\\/#breadcrumb\",\"itemListElement\":[{\"@type\":\"ListItem\",\"position\":1,\"name\":\"Accueil\",\"item\":\"https:\\\/\\\/www.mines-stetienne.fr\\\/fayol\\\/\"},{\"@type\":\"ListItem\",\"position\":2,\"name\":\"Recherche\",\"item\":\"https:\\\/\\\/www.mines-stetienne.fr\\\/fayol\\\/theses\\\/\"},{\"@type\":\"ListItem\",\"position\":3,\"name\":\"Th\u00e8se pr\u00e9par\u00e9e par Mohamed Harith Ibrahim\u00a0\"}]},{\"@type\":\"WebSite\",\"@id\":\"https:\\\/\\\/www.mines-stetienne.fr\\\/fayol\\\/#website\",\"url\":\"https:\\\/\\\/www.mines-stetienne.fr\\\/fayol\\\/\",\"name\":\"Institut Henri Fayol\",\"description\":\"\",\"publisher\":{\"@id\":\"https:\\\/\\\/www.mines-stetienne.fr\\\/fayol\\\/#organization\"},\"potentialAction\":[{\"@type\":\"SearchAction\",\"target\":{\"@type\":\"EntryPoint\",\"urlTemplate\":\"https:\\\/\\\/www.mines-stetienne.fr\\\/fayol\\\/?s={search_term_string}\"},\"query-input\":{\"@type\":\"PropertyValueSpecification\",\"valueRequired\":true,\"valueName\":\"search_term_string\"}}],\"inLanguage\":\"fr-FR\"},{\"@type\":\"Organization\",\"@id\":\"https:\\\/\\\/www.mines-stetienne.fr\\\/fayol\\\/#organization\",\"name\":\"Institut Henri Fayol\",\"url\":\"https:\\\/\\\/www.mines-stetienne.fr\\\/fayol\\\/\",\"logo\":{\"@type\":\"ImageObject\",\"inLanguage\":\"fr-FR\",\"@id\":\"https:\\\/\\\/www.mines-stetienne.fr\\\/fayol\\\/#\\\/schema\\\/logo\\\/image\\\/\",\"url\":\"https:\\\/\\\/www.mines-stetienne.fr\\\/fayol\\\/wp-content\\\/uploads\\\/sites\\\/18\\\/2022\\\/09\\\/Mines_Saint_Etienne_IMT_RVB.png\",\"contentUrl\":\"https:\\\/\\\/www.mines-stetienne.fr\\\/fayol\\\/wp-content\\\/uploads\\\/sites\\\/18\\\/2022\\\/09\\\/Mines_Saint_Etienne_IMT_RVB.png\",\"width\":316,\"height\":315,\"caption\":\"Institut Henri Fayol\"},\"image\":{\"@id\":\"https:\\\/\\\/www.mines-stetienne.fr\\\/fayol\\\/#\\\/schema\\\/logo\\\/image\\\/\"},\"sameAs\":[\"https:\\\/\\\/www.facebook.com\\\/MinesSaintEtienne\",\"https:\\\/\\\/x.com\\\/MINES_StEtienne\",\"https:\\\/\\\/www.youtube.com\\\/channel\\\/UCVSdpdmJccvUngjJ2on1n3A\"]}]}<\/script>\n<!-- \/ Yoast SEO plugin. -->","yoast_head_json":{"title":"Th\u00e8se pr\u00e9par\u00e9e par Mohamed Harith Ibrahim\u00a0 - Institut Henri Fayol","robots":{"index":"index","follow":"follow","max-snippet":"max-snippet:-1","max-image-preview":"max-image-preview:large","max-video-preview":"max-video-preview:-1"},"canonical":"https:\/\/www.mines-stetienne.fr\/fayol\/theses\/these-preparee-par-mohamed-harith-ibrahim\/","og_locale":"fr_FR","og_type":"article","og_title":"Th\u00e8se pr\u00e9par\u00e9e par Mohamed Harith Ibrahim\u00a0 - Institut Henri Fayol","og_description":"Titre : Apprentissage automatique et optimisation multicrit\u00e8re pour le pilotage intelligent d&rsquo;un dispositif de production d&rsquo;eau chaude sanitaire D\u00e9but de th\u00e8se : 01\/09\/2021 Fin de th\u00e8se :\u00a0 R\u00e9sum\u00e9 :\u00a0La th\u00e8se s\u2019inscrit dans un partenariat fort avec elm.leblanc, le leader fran\u00e7ais &hellip;","og_url":"https:\/\/www.mines-stetienne.fr\/fayol\/theses\/these-preparee-par-mohamed-harith-ibrahim\/","og_site_name":"Institut Henri Fayol","article_publisher":"https:\/\/www.facebook.com\/MinesSaintEtienne","article_modified_time":"2023-04-04T11:36:23+00:00","twitter_card":"summary_large_image","twitter_site":"@MINES_StEtienne","twitter_misc":{"Dur\u00e9e de lecture estim\u00e9e":"2 minutes"},"schema":{"@context":"https:\/\/schema.org","@graph":[{"@type":"WebPage","@id":"https:\/\/www.mines-stetienne.fr\/fayol\/theses\/these-preparee-par-mohamed-harith-ibrahim\/","url":"https:\/\/www.mines-stetienne.fr\/fayol\/theses\/these-preparee-par-mohamed-harith-ibrahim\/","name":"Th\u00e8se pr\u00e9par\u00e9e par Mohamed Harith Ibrahim\u00a0 - Institut Henri Fayol","isPartOf":{"@id":"https:\/\/www.mines-stetienne.fr\/fayol\/#website"},"datePublished":"2023-04-04T11:36:21+00:00","dateModified":"2023-04-04T11:36:23+00:00","breadcrumb":{"@id":"https:\/\/www.mines-stetienne.fr\/fayol\/theses\/these-preparee-par-mohamed-harith-ibrahim\/#breadcrumb"},"inLanguage":"fr-FR","potentialAction":[{"@type":"ReadAction","target":["https:\/\/www.mines-stetienne.fr\/fayol\/theses\/these-preparee-par-mohamed-harith-ibrahim\/"]}]},{"@type":"BreadcrumbList","@id":"https:\/\/www.mines-stetienne.fr\/fayol\/theses\/these-preparee-par-mohamed-harith-ibrahim\/#breadcrumb","itemListElement":[{"@type":"ListItem","position":1,"name":"Accueil","item":"https:\/\/www.mines-stetienne.fr\/fayol\/"},{"@type":"ListItem","position":2,"name":"Recherche","item":"https:\/\/www.mines-stetienne.fr\/fayol\/theses\/"},{"@type":"ListItem","position":3,"name":"Th\u00e8se pr\u00e9par\u00e9e par Mohamed Harith Ibrahim\u00a0"}]},{"@type":"WebSite","@id":"https:\/\/www.mines-stetienne.fr\/fayol\/#website","url":"https:\/\/www.mines-stetienne.fr\/fayol\/","name":"Institut Henri Fayol","description":"","publisher":{"@id":"https:\/\/www.mines-stetienne.fr\/fayol\/#organization"},"potentialAction":[{"@type":"SearchAction","target":{"@type":"EntryPoint","urlTemplate":"https:\/\/www.mines-stetienne.fr\/fayol\/?s={search_term_string}"},"query-input":{"@type":"PropertyValueSpecification","valueRequired":true,"valueName":"search_term_string"}}],"inLanguage":"fr-FR"},{"@type":"Organization","@id":"https:\/\/www.mines-stetienne.fr\/fayol\/#organization","name":"Institut Henri Fayol","url":"https:\/\/www.mines-stetienne.fr\/fayol\/","logo":{"@type":"ImageObject","inLanguage":"fr-FR","@id":"https:\/\/www.mines-stetienne.fr\/fayol\/#\/schema\/logo\/image\/","url":"https:\/\/www.mines-stetienne.fr\/fayol\/wp-content\/uploads\/sites\/18\/2022\/09\/Mines_Saint_Etienne_IMT_RVB.png","contentUrl":"https:\/\/www.mines-stetienne.fr\/fayol\/wp-content\/uploads\/sites\/18\/2022\/09\/Mines_Saint_Etienne_IMT_RVB.png","width":316,"height":315,"caption":"Institut Henri Fayol"},"image":{"@id":"https:\/\/www.mines-stetienne.fr\/fayol\/#\/schema\/logo\/image\/"},"sameAs":["https:\/\/www.facebook.com\/MinesSaintEtienne","https:\/\/x.com\/MINES_StEtienne","https:\/\/www.youtube.com\/channel\/UCVSdpdmJccvUngjJ2on1n3A"]}]}},"_links":{"self":[{"href":"https:\/\/www.mines-stetienne.fr\/fayol\/wp-json\/wp\/v2\/pages\/664","targetHints":{"allow":["GET"]}}],"collection":[{"href":"https:\/\/www.mines-stetienne.fr\/fayol\/wp-json\/wp\/v2\/pages"}],"about":[{"href":"https:\/\/www.mines-stetienne.fr\/fayol\/wp-json\/wp\/v2\/types\/page"}],"author":[{"embeddable":true,"href":"https:\/\/www.mines-stetienne.fr\/fayol\/wp-json\/wp\/v2\/users\/1536"}],"replies":[{"embeddable":true,"href":"https:\/\/www.mines-stetienne.fr\/fayol\/wp-json\/wp\/v2\/comments?post=664"}],"version-history":[{"count":1,"href":"https:\/\/www.mines-stetienne.fr\/fayol\/wp-json\/wp\/v2\/pages\/664\/revisions"}],"predecessor-version":[{"id":665,"href":"https:\/\/www.mines-stetienne.fr\/fayol\/wp-json\/wp\/v2\/pages\/664\/revisions\/665"}],"up":[{"embeddable":true,"href":"https:\/\/www.mines-stetienne.fr\/fayol\/wp-json\/wp\/v2\/pages\/286"}],"wp:attachment":[{"href":"https:\/\/www.mines-stetienne.fr\/fayol\/wp-json\/wp\/v2\/media?parent=664"}],"wp:term":[{"taxonomy":"post_tag","embeddable":true,"href":"https:\/\/www.mines-stetienne.fr\/fayol\/wp-json\/wp\/v2\/tags?post=664"}],"curies":[{"name":"wp","href":"https:\/\/api.w.org\/{rel}","templated":true}]}}