{"id":657,"date":"2023-04-03T10:55:30","date_gmt":"2023-04-03T08:55:30","guid":{"rendered":"https:\/\/www.mines-stetienne.fr\/fayol\/?page_id=657"},"modified":"2023-04-03T11:34:07","modified_gmt":"2023-04-03T09:34:07","slug":"these-preparee-par-babacar-sow","status":"publish","type":"page","link":"https:\/\/www.mines-stetienne.fr\/fayol\/theses\/these-preparee-par-babacar-sow\/","title":{"rendered":"Th\u00e8se pr\u00e9par\u00e9e par Babacar Sow"},"content":{"rendered":"<p><strong>Titre : M\u00e9tamod\u00e8les et Optimisation Co\u00fbteuse Avec des variables mixtes cat\u00e9gorielles<\/strong><\/p>\n<p><strong>D\u00e9but de th\u00e8se : <\/strong>01\/11\/2021<strong><br \/>\nFin de th\u00e8se : <\/strong><\/p>\n<p><strong>R\u00e9sum\u00e9 : <\/strong>La conception de syst\u00e8mes industriels complexes donne souvent lieu \u00e0 un arbitrage entre les<br \/>\nperformances techniques esp\u00e9r\u00e9es du syst\u00e8me (ex. : puissance d\u2019un syst\u00e8me de production d\u2019\u00e9nergie,<br \/>\nefficacit\u00e9 d\u2019un r\u00e9seau de distribution) et le co\u00fbt \u00e9conomique associ\u00e9 (ex. : co\u00fbts de l\u2019investissement<br \/>\ninitial, co\u00fbts de maintenance, etc.), tout en s\u2019astreignant au respect des contraintes du syst\u00e8me (ex :<br \/>\ncompatibilit\u00e9 entre composants mis en \u0153uvre, plages de fonctionnement, etc.). Ce probl\u00e8me se formalise<br \/>\nnaturellement par un probl\u00e8me d\u2019optimisation sous contrainte G, mettant en \u0153uvre des variables de<br \/>\nd\u00e9cision X et une fonction objectif F.<br \/>\n<em>x<\/em><sup>\u2751<\/sup> \u03f5arg <em>min F <\/em>(<em> x <\/em>)(1)<br \/>\n<sup>\u00a0 \u00a0 \u00a0 \u00a0 \u00a0 \u00a0xtqG( x )&lt;0<\/sup><\/p>\n<p>Lorsque la fonction objectif F est co\u00fbteuse \u00e0 calculer (par ex. lorsqu\u2019elle est la r\u00e9sultante d\u2019un code de<br \/>\ncalcul complexe) et qu\u2019on ne dispose pas de son expression analytique, recourir aux m\u00e9thodes classiques<br \/>\nd\u2019optimisation mixte (typiquement les m\u00e9thodes \u00e9volutives ou les m\u00e9thodes de s\u00e9paration- \u00e9valuation)<br \/>\npeut s\u2019av\u00e9rer prohibitif ou inadapt\u00e9.<br \/>\nDe plus, il est courant en pratique que les variables d\u2019optimisation (ou plus largement de d\u00e9cision),<br \/>\nregroup\u00e9es sous la notation X, soient de nature mixte, continue pour les unes et discr\u00e8te, voire<br \/>\ncat\u00e9gorielle, pour les autres. Par exemple, la conception d\u2019un r\u00e9seau de neurones implique d\u2019ajuster des<br \/>\npoids continus, de choisir un nombre de neurones par couches cach\u00e9es, sans parler des choix cat\u00e9goriels<br \/>\nde la forme des fonctions d\u2019activation ou de l\u2019architecture g\u00e9n\u00e9rale du r\u00e9seau&#8230; parce que l\u2019optimisation<br \/>\nmixte correspond \u00e0 une formulation tr\u00e8s g\u00e9n\u00e9rale de ce type de probl\u00e8mes, on peut en trouver des<br \/>\nexemples dans des disciplines en apparence aussi diverses que l\u2019ing\u00e9nierie, les sciences physiques ou<br \/>\nl\u2019apprentissage statistique.<br \/>\nUn tel m\u00e9lange de variables continues et cat\u00e9gorielles pose de r\u00e9elles difficult\u00e9s aux techniques<br \/>\nd\u2019optimisation \u00e0 base de m\u00e9ta-mod\u00e8les, que ce soit dans la construction de ce dernier, ou dans le choix<br \/>\nd\u2019une strat\u00e9gie d\u2019optimisation efficace, les deux probl\u00e8mes \u00e9tant intimement li\u00e9s. En outre, une difficult\u00e9<br \/>\nd\u2019ordre plus pratique r\u00e9side dans le fait que les probl\u00e8mes d\u2019optimisation mixtes sont en g\u00e9n\u00e9ral trait\u00e9s<br \/>\npar des familles distinctes d\u2019approches qui correspondent \u00e0 des communaut\u00e9s scientifiques \u00e9galement<br \/>\ndistinctes. C\u2019est pourquoi l\u2019un des objectifs fondateurs de cette th\u00e8se est d\u2019aboutir \u00e0 une formulation<br \/>\nsuffisamment g\u00e9n\u00e9rique du probl\u00e8me d\u2019optimisation mixte, pour pouvoir unifier les approches existantes<br \/>\nen combinant leurs forces<strong><br \/>\n<\/strong><\/p>\n<p><strong>Mots cl\u00e9s :<\/strong><\/p>\n<p><strong>Date de soutenance pr\u00e9vue : <\/strong><\/p>\n<p><strong>Encadrement :<\/strong><\/p>\n<ul>\n<li><a href=\"&#x6d;&#97;i&#x6c;&#x74;&#111;:&#x72;&#x6f;&#100;o&#x6c;&#x70;&#104;e&#x2e;&#x6c;&#101;r&#x69;&#99;&#104;e&#x40;&#109;i&#x6e;&#x65;&#115;-&#x73;&#x74;&#101;t&#x69;&#x65;&#110;n&#x65;&#x2e;&#102;r\">Directeur de th\u00e8se<\/a> : Rodolphe Le Riche, Directeur de recherche, CNRS, Mines Saint Etienne, Limos<\/li>\n<\/ul>\n<p><strong>Partenaires ou\/et Financeurs<\/strong> :<\/p>\n","protected":false},"excerpt":{"rendered":"<p>Titre : M\u00e9tamod\u00e8les et Optimisation Co\u00fbteuse Avec des variables mixtes cat\u00e9gorielles D\u00e9but de th\u00e8se : 01\/11\/2021 Fin de th\u00e8se : R\u00e9sum\u00e9 : La conception de syst\u00e8mes industriels complexes donne souvent lieu \u00e0 un arbitrage entre les performances techniques esp\u00e9r\u00e9es du &hellip;<\/p>\n","protected":false},"author":1536,"featured_media":0,"parent":286,"menu_order":0,"comment_status":"closed","ping_status":"closed","template":"","meta":{"footnotes":""},"tags":[],"class_list":["post-657","page","type-page","status-publish","hentry"],"pp_statuses_selecting_workflow":false,"pp_workflow_action":"current","pp_status_selection":"publish","pp_force_visibility":null,"pp_subpost_visibility":null,"pp_inherited_force_visibility":null,"pp_inherited_subpost_visibility":null,"yoast_head":"<!-- This site is optimized with the Yoast SEO plugin v27.4 - https:\/\/yoast.com\/product\/yoast-seo-wordpress\/ -->\n<title>Th\u00e8se pr\u00e9par\u00e9e par Babacar Sow - Institut Henri Fayol<\/title>\n<meta name=\"robots\" content=\"index, follow, max-snippet:-1, max-image-preview:large, max-video-preview:-1\" \/>\n<link rel=\"canonical\" href=\"https:\/\/www.mines-stetienne.fr\/fayol\/theses\/these-preparee-par-babacar-sow\/\" \/>\n<meta property=\"og:locale\" content=\"fr_FR\" \/>\n<meta property=\"og:type\" content=\"article\" \/>\n<meta property=\"og:title\" content=\"Th\u00e8se pr\u00e9par\u00e9e par Babacar Sow - Institut Henri Fayol\" \/>\n<meta property=\"og:description\" content=\"Titre : M\u00e9tamod\u00e8les et Optimisation Co\u00fbteuse Avec des variables mixtes cat\u00e9gorielles D\u00e9but de th\u00e8se : 01\/11\/2021 Fin de th\u00e8se : R\u00e9sum\u00e9 : La conception de syst\u00e8mes industriels complexes donne souvent lieu \u00e0 un arbitrage entre les performances techniques esp\u00e9r\u00e9es du &hellip;\" \/>\n<meta property=\"og:url\" content=\"https:\/\/www.mines-stetienne.fr\/fayol\/theses\/these-preparee-par-babacar-sow\/\" \/>\n<meta property=\"og:site_name\" content=\"Institut Henri Fayol\" \/>\n<meta property=\"article:publisher\" content=\"https:\/\/www.facebook.com\/MinesSaintEtienne\" \/>\n<meta property=\"article:modified_time\" content=\"2023-04-03T09:34:07+00:00\" \/>\n<meta name=\"twitter:card\" content=\"summary_large_image\" \/>\n<meta name=\"twitter:site\" content=\"@MINES_StEtienne\" \/>\n<meta name=\"twitter:label1\" content=\"Dur\u00e9e de lecture estim\u00e9e\" \/>\n\t<meta name=\"twitter:data1\" content=\"3 minutes\" \/>\n<script type=\"application\/ld+json\" class=\"yoast-schema-graph\">{\"@context\":\"https:\\\/\\\/schema.org\",\"@graph\":[{\"@type\":\"WebPage\",\"@id\":\"https:\\\/\\\/www.mines-stetienne.fr\\\/fayol\\\/theses\\\/these-preparee-par-babacar-sow\\\/\",\"url\":\"https:\\\/\\\/www.mines-stetienne.fr\\\/fayol\\\/theses\\\/these-preparee-par-babacar-sow\\\/\",\"name\":\"Th\u00e8se pr\u00e9par\u00e9e par Babacar Sow - Institut Henri Fayol\",\"isPartOf\":{\"@id\":\"https:\\\/\\\/www.mines-stetienne.fr\\\/fayol\\\/#website\"},\"datePublished\":\"2023-04-03T08:55:30+00:00\",\"dateModified\":\"2023-04-03T09:34:07+00:00\",\"breadcrumb\":{\"@id\":\"https:\\\/\\\/www.mines-stetienne.fr\\\/fayol\\\/theses\\\/these-preparee-par-babacar-sow\\\/#breadcrumb\"},\"inLanguage\":\"fr-FR\",\"potentialAction\":[{\"@type\":\"ReadAction\",\"target\":[\"https:\\\/\\\/www.mines-stetienne.fr\\\/fayol\\\/theses\\\/these-preparee-par-babacar-sow\\\/\"]}]},{\"@type\":\"BreadcrumbList\",\"@id\":\"https:\\\/\\\/www.mines-stetienne.fr\\\/fayol\\\/theses\\\/these-preparee-par-babacar-sow\\\/#breadcrumb\",\"itemListElement\":[{\"@type\":\"ListItem\",\"position\":1,\"name\":\"Accueil\",\"item\":\"https:\\\/\\\/www.mines-stetienne.fr\\\/fayol\\\/\"},{\"@type\":\"ListItem\",\"position\":2,\"name\":\"Recherche\",\"item\":\"https:\\\/\\\/www.mines-stetienne.fr\\\/fayol\\\/theses\\\/\"},{\"@type\":\"ListItem\",\"position\":3,\"name\":\"Th\u00e8se pr\u00e9par\u00e9e par Babacar Sow\"}]},{\"@type\":\"WebSite\",\"@id\":\"https:\\\/\\\/www.mines-stetienne.fr\\\/fayol\\\/#website\",\"url\":\"https:\\\/\\\/www.mines-stetienne.fr\\\/fayol\\\/\",\"name\":\"Institut Henri Fayol\",\"description\":\"\",\"publisher\":{\"@id\":\"https:\\\/\\\/www.mines-stetienne.fr\\\/fayol\\\/#organization\"},\"potentialAction\":[{\"@type\":\"SearchAction\",\"target\":{\"@type\":\"EntryPoint\",\"urlTemplate\":\"https:\\\/\\\/www.mines-stetienne.fr\\\/fayol\\\/?s={search_term_string}\"},\"query-input\":{\"@type\":\"PropertyValueSpecification\",\"valueRequired\":true,\"valueName\":\"search_term_string\"}}],\"inLanguage\":\"fr-FR\"},{\"@type\":\"Organization\",\"@id\":\"https:\\\/\\\/www.mines-stetienne.fr\\\/fayol\\\/#organization\",\"name\":\"Institut Henri Fayol\",\"url\":\"https:\\\/\\\/www.mines-stetienne.fr\\\/fayol\\\/\",\"logo\":{\"@type\":\"ImageObject\",\"inLanguage\":\"fr-FR\",\"@id\":\"https:\\\/\\\/www.mines-stetienne.fr\\\/fayol\\\/#\\\/schema\\\/logo\\\/image\\\/\",\"url\":\"https:\\\/\\\/www.mines-stetienne.fr\\\/fayol\\\/wp-content\\\/uploads\\\/sites\\\/18\\\/2022\\\/09\\\/Mines_Saint_Etienne_IMT_RVB.png\",\"contentUrl\":\"https:\\\/\\\/www.mines-stetienne.fr\\\/fayol\\\/wp-content\\\/uploads\\\/sites\\\/18\\\/2022\\\/09\\\/Mines_Saint_Etienne_IMT_RVB.png\",\"width\":316,\"height\":315,\"caption\":\"Institut Henri Fayol\"},\"image\":{\"@id\":\"https:\\\/\\\/www.mines-stetienne.fr\\\/fayol\\\/#\\\/schema\\\/logo\\\/image\\\/\"},\"sameAs\":[\"https:\\\/\\\/www.facebook.com\\\/MinesSaintEtienne\",\"https:\\\/\\\/x.com\\\/MINES_StEtienne\",\"https:\\\/\\\/www.youtube.com\\\/channel\\\/UCVSdpdmJccvUngjJ2on1n3A\"]}]}<\/script>\n<!-- \/ Yoast SEO plugin. -->","yoast_head_json":{"title":"Th\u00e8se pr\u00e9par\u00e9e par Babacar Sow - Institut Henri Fayol","robots":{"index":"index","follow":"follow","max-snippet":"max-snippet:-1","max-image-preview":"max-image-preview:large","max-video-preview":"max-video-preview:-1"},"canonical":"https:\/\/www.mines-stetienne.fr\/fayol\/theses\/these-preparee-par-babacar-sow\/","og_locale":"fr_FR","og_type":"article","og_title":"Th\u00e8se pr\u00e9par\u00e9e par Babacar Sow - Institut Henri Fayol","og_description":"Titre : M\u00e9tamod\u00e8les et Optimisation Co\u00fbteuse Avec des variables mixtes cat\u00e9gorielles D\u00e9but de th\u00e8se : 01\/11\/2021 Fin de th\u00e8se : R\u00e9sum\u00e9 : La conception de syst\u00e8mes industriels complexes donne souvent lieu \u00e0 un arbitrage entre les performances techniques esp\u00e9r\u00e9es du &hellip;","og_url":"https:\/\/www.mines-stetienne.fr\/fayol\/theses\/these-preparee-par-babacar-sow\/","og_site_name":"Institut Henri Fayol","article_publisher":"https:\/\/www.facebook.com\/MinesSaintEtienne","article_modified_time":"2023-04-03T09:34:07+00:00","twitter_card":"summary_large_image","twitter_site":"@MINES_StEtienne","twitter_misc":{"Dur\u00e9e de lecture estim\u00e9e":"3 minutes"},"schema":{"@context":"https:\/\/schema.org","@graph":[{"@type":"WebPage","@id":"https:\/\/www.mines-stetienne.fr\/fayol\/theses\/these-preparee-par-babacar-sow\/","url":"https:\/\/www.mines-stetienne.fr\/fayol\/theses\/these-preparee-par-babacar-sow\/","name":"Th\u00e8se pr\u00e9par\u00e9e par Babacar Sow - Institut Henri Fayol","isPartOf":{"@id":"https:\/\/www.mines-stetienne.fr\/fayol\/#website"},"datePublished":"2023-04-03T08:55:30+00:00","dateModified":"2023-04-03T09:34:07+00:00","breadcrumb":{"@id":"https:\/\/www.mines-stetienne.fr\/fayol\/theses\/these-preparee-par-babacar-sow\/#breadcrumb"},"inLanguage":"fr-FR","potentialAction":[{"@type":"ReadAction","target":["https:\/\/www.mines-stetienne.fr\/fayol\/theses\/these-preparee-par-babacar-sow\/"]}]},{"@type":"BreadcrumbList","@id":"https:\/\/www.mines-stetienne.fr\/fayol\/theses\/these-preparee-par-babacar-sow\/#breadcrumb","itemListElement":[{"@type":"ListItem","position":1,"name":"Accueil","item":"https:\/\/www.mines-stetienne.fr\/fayol\/"},{"@type":"ListItem","position":2,"name":"Recherche","item":"https:\/\/www.mines-stetienne.fr\/fayol\/theses\/"},{"@type":"ListItem","position":3,"name":"Th\u00e8se pr\u00e9par\u00e9e par Babacar Sow"}]},{"@type":"WebSite","@id":"https:\/\/www.mines-stetienne.fr\/fayol\/#website","url":"https:\/\/www.mines-stetienne.fr\/fayol\/","name":"Institut Henri Fayol","description":"","publisher":{"@id":"https:\/\/www.mines-stetienne.fr\/fayol\/#organization"},"potentialAction":[{"@type":"SearchAction","target":{"@type":"EntryPoint","urlTemplate":"https:\/\/www.mines-stetienne.fr\/fayol\/?s={search_term_string}"},"query-input":{"@type":"PropertyValueSpecification","valueRequired":true,"valueName":"search_term_string"}}],"inLanguage":"fr-FR"},{"@type":"Organization","@id":"https:\/\/www.mines-stetienne.fr\/fayol\/#organization","name":"Institut Henri Fayol","url":"https:\/\/www.mines-stetienne.fr\/fayol\/","logo":{"@type":"ImageObject","inLanguage":"fr-FR","@id":"https:\/\/www.mines-stetienne.fr\/fayol\/#\/schema\/logo\/image\/","url":"https:\/\/www.mines-stetienne.fr\/fayol\/wp-content\/uploads\/sites\/18\/2022\/09\/Mines_Saint_Etienne_IMT_RVB.png","contentUrl":"https:\/\/www.mines-stetienne.fr\/fayol\/wp-content\/uploads\/sites\/18\/2022\/09\/Mines_Saint_Etienne_IMT_RVB.png","width":316,"height":315,"caption":"Institut Henri Fayol"},"image":{"@id":"https:\/\/www.mines-stetienne.fr\/fayol\/#\/schema\/logo\/image\/"},"sameAs":["https:\/\/www.facebook.com\/MinesSaintEtienne","https:\/\/x.com\/MINES_StEtienne","https:\/\/www.youtube.com\/channel\/UCVSdpdmJccvUngjJ2on1n3A"]}]}},"_links":{"self":[{"href":"https:\/\/www.mines-stetienne.fr\/fayol\/wp-json\/wp\/v2\/pages\/657","targetHints":{"allow":["GET"]}}],"collection":[{"href":"https:\/\/www.mines-stetienne.fr\/fayol\/wp-json\/wp\/v2\/pages"}],"about":[{"href":"https:\/\/www.mines-stetienne.fr\/fayol\/wp-json\/wp\/v2\/types\/page"}],"author":[{"embeddable":true,"href":"https:\/\/www.mines-stetienne.fr\/fayol\/wp-json\/wp\/v2\/users\/1536"}],"replies":[{"embeddable":true,"href":"https:\/\/www.mines-stetienne.fr\/fayol\/wp-json\/wp\/v2\/comments?post=657"}],"version-history":[{"count":1,"href":"https:\/\/www.mines-stetienne.fr\/fayol\/wp-json\/wp\/v2\/pages\/657\/revisions"}],"predecessor-version":[{"id":658,"href":"https:\/\/www.mines-stetienne.fr\/fayol\/wp-json\/wp\/v2\/pages\/657\/revisions\/658"}],"up":[{"embeddable":true,"href":"https:\/\/www.mines-stetienne.fr\/fayol\/wp-json\/wp\/v2\/pages\/286"}],"wp:attachment":[{"href":"https:\/\/www.mines-stetienne.fr\/fayol\/wp-json\/wp\/v2\/media?parent=657"}],"wp:term":[{"taxonomy":"post_tag","embeddable":true,"href":"https:\/\/www.mines-stetienne.fr\/fayol\/wp-json\/wp\/v2\/tags?post=657"}],"curies":[{"name":"wp","href":"https:\/\/api.w.org\/{rel}","templated":true}]}}