{"id":652,"date":"2023-04-03T10:07:54","date_gmt":"2023-04-03T08:07:54","guid":{"rendered":"https:\/\/www.mines-stetienne.fr\/fayol\/?page_id=652"},"modified":"2023-04-03T10:08:27","modified_gmt":"2023-04-03T08:08:27","slug":"these-preparee-par-nicolas-sauzeat","status":"publish","type":"page","link":"https:\/\/www.mines-stetienne.fr\/fayol\/theses\/these-preparee-par-nicolas-sauzeat\/","title":{"rendered":"Th\u00e8se pr\u00e9par\u00e9e par Nicolas Sauzeat"},"content":{"rendered":"<p><strong>Titre : <\/strong><strong>Transformation des r\u00e9seaux de valeur &#8211; vers des fili\u00e8res industrielles<\/strong>\u00a0<strong> agiles et r\u00e9silientes<\/strong><\/p>\n<p><strong>D\u00e9but de th\u00e8se : <\/strong>01\/12\/2022<strong><br \/>\nFin de th\u00e8se :\u00a0<\/strong><\/p>\n<p><strong>R\u00e9sum\u00e9 :\u00a0<\/strong><\/p>\n<p>Depuis quelques ann\u00e9es, les fili\u00e8res industrielles font face \u00e0 de nombreux changements les plongeant dans un environnement incertain.<br \/>\nEn effet, les diff\u00e9rentes annonces li\u00e9es \u00e0 la lutte contre le r\u00e9chauffement climatique (fin de production du moteur thermique et hybride en 2035 en UE, essor des \u00e9nergies renouvelables&#8230;), mais aussi le risque accru de pand\u00e9mie et l\u2019acc\u00e9l\u00e9ration des innovations technologiques sont autant d\u2019\u00e9v\u00e9nements qui viennent impacter la production de nombreuses fili\u00e8res industrielles.<\/p>\n<p>\u00ab La fili\u00e8re d\u00e9signe couramment \u00ab l\u2019ensemble des activit\u00e9s compl\u00e9mentaires qui concourent, d\u2019amont en aval, \u00e0 la r\u00e9alisation d\u2019un produit fini \u00bb.<\/p>\n<p>Ainsi, la notion de fili\u00e8re n\u2019englobe pas seulement les entreprises fabriquant le produit commercialis\u00e9, mais \u00e9galement l\u2019ensemble de ses fournisseurs, qu\u2019ils soient directs ou indirects. La fili\u00e8re industrielle automobile, par exemple, repr\u00e9sente l\u2019ensemble des producteurs de v\u00e9hicules, mais \u00e9galement les producteurs d\u2019acier, de plastiques, de pi\u00e8ces en m\u00e9tal, de batteries&#8230;<\/p>\n<p>Ainsi, la fili\u00e8re industrielle est autant impact\u00e9e par les choix faits au niveau de l\u2019entreprise, que par des \u00e9v\u00e9nements exog\u00e8nes impactant ses cha\u00eenes d\u2019approvisionnement (pand\u00e9mie, guerre \u00e9conomique ou conflit arm\u00e9, rupture technologique&#8230;).<\/p>\n<p>Dans un \u00e9cosyst\u00e8me \u00e9conomique de plus en plus interd\u00e9pendant, qui se caract\u00e9rise autant par une internationalisation des syst\u00e8mes productifs, que par une complexit\u00e9 croissante des produits n\u00e9cessitant de plus en plus de fournisseurs vari\u00e9s, les entreprises ont une difficult\u00e9 croissante \u00e0 identifier l\u2019ensemble des acteurs de leur cha\u00eene voire de leur r\u00e9seau de valeur ainsi que les \u00e9l\u00e9ments pouvant causer une d\u00e9faillance dans celles-ci. \u00a0Un des enjeux principaux des fili\u00e8res est donc d\u2019identifier les \u00e9l\u00e9ments les plus fragiles dans sa cha\u00eene de valeur mais aussi de caract\u00e9riser les \u00e9v\u00e9nements les plus impactant pour sa conjoncture \u00e9conomique.<\/p>\n<p>Ces enjeux mettent en exergue la n\u00e9cessit\u00e9 d\u2019un outil d\u2019aide \u00e0 la d\u00e9cision permettant de\u00a0 relier les facteurs de d\u00e9cisions au niveau de l\u2019entreprise \u00e0 ceux relevant plus globalement de l\u2019ensemble des acteurs de la fili\u00e8re industrielle.<\/p>\n<p>Cependant, cette t\u00e2che n\u2019est pas ais\u00e9e et demande de r\u00e9soudre plusieurs probl\u00e9matiques\u00a0:<\/p>\n<p>En effet, certaines fili\u00e8res industrielles sont vou\u00e9es \u00e0 dispara\u00eetre ou \u00e0 conna\u00eetre une tr\u00e8s forte transformation\u00a0 dans les prochaines ann\u00e9es. C\u2019est notamment le cas de la sous-fili\u00e8re automobile du groupe moto-propulseur, qui, dans le cadre de l\u2019annonce de fin de production des moteurs thermiques et hybrides en Europe d\u2019ici \u00e0 2035,\u00a0 devra accompagner une partie de ces acteurs \u00e0 se re-diriger vers d\u2019autres sous fili\u00e8res automobiles (production de moteurs \u00e9lectriques, reconditionnement \u00a0de v\u00e9hicules d\u00e9j\u00e0 sur le march\u00e9) ou vers d\u2019autres fili\u00e8res industrielles dont le savoir-faire est relativement proche (fili\u00e8re de l\u2019a\u00e9ronautique ou de l\u2019industrie navale\u00a0 par exemple).<\/p>\n<p>Pour pouvoir accompagner cette transition et proposer de nouvelles strat\u00e9gies industrielles\u00a0 aux acteurs d\u2019une fili\u00e8re, il faut tout d\u2019abord pouvoir identifier l\u2019ensemble des entreprises contribuant aux productions de cette fili\u00e8re.<\/p>\n<p>Cependant, une partie des fili\u00e8res industrielles \u00e9voqu\u00e9es par les f\u00e9d\u00e9rations industrielles ou les p\u00f4les de comp\u00e9titivit\u00e9 sont des sous-ensembles de fili\u00e8res industrielles au sens de l\u2019INSEE.<\/p>\n<p>Il devient alors plus complexe d\u2019en identifier les acteurs et de cadrer un p\u00e9rim\u00e8tre industriel autour de celles-ci, tant les facteurs venant les impacter sont nombreux.<\/p>\n<p>L\u2019agilit\u00e9 et la r\u00e9silience des entreprises et plus globalement du r\u00e9seau de valeur deviennent ainsi une n\u00e9cessit\u00e9, confront\u00e9e cependant \u00e0 plusieurs d\u00e9fis.<\/p>\n<p><strong>Mots cl\u00e9s\u00a0:<\/strong><\/p>\n<p><strong>Date de soutenance pr\u00e9vue :\u00a0<\/strong><\/p>\n<p><strong>Encadrement :<\/strong><\/p>\n<ul>\n<li>Directeur de th\u00e8se : <a href=\"mail&#116;&#111;&#58;&#107;&#104;&#x61;&#x6c;&#x65;&#x64;&#x2e;&#x6d;&#x65;dini&#64;&#101;&#109;&#115;&#101;&#x2e;&#x66;&#x72;\">Khaled M\u00e9dini<\/a>, Ma\u00eetre de Conf\u00e9rence IMT, Mines Saint Etienne, Limos<\/li>\n<li>Codirecteur de th\u00e8se : <a href=\"&#109;&#x61;i&#108;&#x74;o&#x3a;&#x6a;&#101;&#x61;n&#45;&#x6d;i&#99;&#x68;&#101;&#x6c;&#46;&#100;&#x65;g&#101;&#x6f;&#114;&#x67;&#x65;&#64;&#x65;m&#115;&#x65;&#46;&#x66;&#x72;\">Jean-Michel Degeorge<\/a>, Ma\u00eetre assis\u00adtant HDR, COACTIS<\/li>\n<\/ul>\n<p><strong>Partenaires ou\/et Financeurs<\/strong> :<\/p>\n","protected":false},"excerpt":{"rendered":"<p>Titre : Transformation des r\u00e9seaux de valeur &#8211; vers des fili\u00e8res industrielles\u00a0 agiles et r\u00e9silientes D\u00e9but de th\u00e8se : 01\/12\/2022 Fin de th\u00e8se :\u00a0 R\u00e9sum\u00e9 :\u00a0 Depuis quelques ann\u00e9es, les fili\u00e8res industrielles font face \u00e0 de nombreux changements les plongeant &hellip;<\/p>\n","protected":false},"author":1536,"featured_media":0,"parent":286,"menu_order":0,"comment_status":"closed","ping_status":"closed","template":"","meta":{"footnotes":""},"tags":[],"class_list":["post-652","page","type-page","status-publish","hentry"],"pp_statuses_selecting_workflow":false,"pp_workflow_action":"current","pp_status_selection":"publish","pp_force_visibility":null,"pp_subpost_visibility":null,"pp_inherited_force_visibility":null,"pp_inherited_subpost_visibility":null,"yoast_head":"<!-- This site is optimized with the Yoast SEO plugin v27.5 - https:\/\/yoast.com\/product\/yoast-seo-wordpress\/ -->\n<title>Th\u00e8se pr\u00e9par\u00e9e par Nicolas Sauzeat - Institut Henri Fayol<\/title>\n<meta name=\"robots\" content=\"index, follow, max-snippet:-1, max-image-preview:large, max-video-preview:-1\" \/>\n<link rel=\"canonical\" href=\"https:\/\/www.mines-stetienne.fr\/fayol\/theses\/these-preparee-par-nicolas-sauzeat\/\" \/>\n<meta property=\"og:locale\" content=\"fr_FR\" \/>\n<meta property=\"og:type\" content=\"article\" \/>\n<meta property=\"og:title\" content=\"Th\u00e8se pr\u00e9par\u00e9e par Nicolas Sauzeat - Institut Henri Fayol\" \/>\n<meta property=\"og:description\" content=\"Titre : Transformation des r\u00e9seaux de valeur &#8211; vers des fili\u00e8res industrielles\u00a0 agiles et r\u00e9silientes D\u00e9but de th\u00e8se : 01\/12\/2022 Fin de th\u00e8se :\u00a0 R\u00e9sum\u00e9 :\u00a0 Depuis quelques ann\u00e9es, les fili\u00e8res industrielles font face \u00e0 de nombreux changements les plongeant &hellip;\" \/>\n<meta property=\"og:url\" content=\"https:\/\/www.mines-stetienne.fr\/fayol\/theses\/these-preparee-par-nicolas-sauzeat\/\" \/>\n<meta property=\"og:site_name\" content=\"Institut Henri Fayol\" \/>\n<meta property=\"article:publisher\" content=\"https:\/\/www.facebook.com\/MinesSaintEtienne\" \/>\n<meta property=\"article:modified_time\" content=\"2023-04-03T08:08:27+00:00\" \/>\n<meta name=\"twitter:card\" content=\"summary_large_image\" \/>\n<meta name=\"twitter:site\" content=\"@MINES_StEtienne\" \/>\n<meta name=\"twitter:label1\" content=\"Dur\u00e9e de lecture estim\u00e9e\" \/>\n\t<meta name=\"twitter:data1\" content=\"3 minutes\" \/>\n<script type=\"application\/ld+json\" class=\"yoast-schema-graph\">{\"@context\":\"https:\\\/\\\/schema.org\",\"@graph\":[{\"@type\":\"WebPage\",\"@id\":\"https:\\\/\\\/www.mines-stetienne.fr\\\/fayol\\\/theses\\\/these-preparee-par-nicolas-sauzeat\\\/\",\"url\":\"https:\\\/\\\/www.mines-stetienne.fr\\\/fayol\\\/theses\\\/these-preparee-par-nicolas-sauzeat\\\/\",\"name\":\"Th\u00e8se pr\u00e9par\u00e9e par Nicolas Sauzeat - Institut Henri Fayol\",\"isPartOf\":{\"@id\":\"https:\\\/\\\/www.mines-stetienne.fr\\\/fayol\\\/#website\"},\"datePublished\":\"2023-04-03T08:07:54+00:00\",\"dateModified\":\"2023-04-03T08:08:27+00:00\",\"breadcrumb\":{\"@id\":\"https:\\\/\\\/www.mines-stetienne.fr\\\/fayol\\\/theses\\\/these-preparee-par-nicolas-sauzeat\\\/#breadcrumb\"},\"inLanguage\":\"fr-FR\",\"potentialAction\":[{\"@type\":\"ReadAction\",\"target\":[\"https:\\\/\\\/www.mines-stetienne.fr\\\/fayol\\\/theses\\\/these-preparee-par-nicolas-sauzeat\\\/\"]}]},{\"@type\":\"BreadcrumbList\",\"@id\":\"https:\\\/\\\/www.mines-stetienne.fr\\\/fayol\\\/theses\\\/these-preparee-par-nicolas-sauzeat\\\/#breadcrumb\",\"itemListElement\":[{\"@type\":\"ListItem\",\"position\":1,\"name\":\"Accueil\",\"item\":\"https:\\\/\\\/www.mines-stetienne.fr\\\/fayol\\\/\"},{\"@type\":\"ListItem\",\"position\":2,\"name\":\"Recherche\",\"item\":\"https:\\\/\\\/www.mines-stetienne.fr\\\/fayol\\\/theses\\\/\"},{\"@type\":\"ListItem\",\"position\":3,\"name\":\"Th\u00e8se pr\u00e9par\u00e9e par Nicolas Sauzeat\"}]},{\"@type\":\"WebSite\",\"@id\":\"https:\\\/\\\/www.mines-stetienne.fr\\\/fayol\\\/#website\",\"url\":\"https:\\\/\\\/www.mines-stetienne.fr\\\/fayol\\\/\",\"name\":\"Institut Henri Fayol\",\"description\":\"\",\"publisher\":{\"@id\":\"https:\\\/\\\/www.mines-stetienne.fr\\\/fayol\\\/#organization\"},\"potentialAction\":[{\"@type\":\"SearchAction\",\"target\":{\"@type\":\"EntryPoint\",\"urlTemplate\":\"https:\\\/\\\/www.mines-stetienne.fr\\\/fayol\\\/?s={search_term_string}\"},\"query-input\":{\"@type\":\"PropertyValueSpecification\",\"valueRequired\":true,\"valueName\":\"search_term_string\"}}],\"inLanguage\":\"fr-FR\"},{\"@type\":\"Organization\",\"@id\":\"https:\\\/\\\/www.mines-stetienne.fr\\\/fayol\\\/#organization\",\"name\":\"Institut Henri Fayol\",\"url\":\"https:\\\/\\\/www.mines-stetienne.fr\\\/fayol\\\/\",\"logo\":{\"@type\":\"ImageObject\",\"inLanguage\":\"fr-FR\",\"@id\":\"https:\\\/\\\/www.mines-stetienne.fr\\\/fayol\\\/#\\\/schema\\\/logo\\\/image\\\/\",\"url\":\"https:\\\/\\\/www.mines-stetienne.fr\\\/fayol\\\/wp-content\\\/uploads\\\/sites\\\/18\\\/2022\\\/09\\\/Mines_Saint_Etienne_IMT_RVB.png\",\"contentUrl\":\"https:\\\/\\\/www.mines-stetienne.fr\\\/fayol\\\/wp-content\\\/uploads\\\/sites\\\/18\\\/2022\\\/09\\\/Mines_Saint_Etienne_IMT_RVB.png\",\"width\":316,\"height\":315,\"caption\":\"Institut Henri Fayol\"},\"image\":{\"@id\":\"https:\\\/\\\/www.mines-stetienne.fr\\\/fayol\\\/#\\\/schema\\\/logo\\\/image\\\/\"},\"sameAs\":[\"https:\\\/\\\/www.facebook.com\\\/MinesSaintEtienne\",\"https:\\\/\\\/x.com\\\/MINES_StEtienne\",\"https:\\\/\\\/www.youtube.com\\\/channel\\\/UCVSdpdmJccvUngjJ2on1n3A\"]}]}<\/script>\n<!-- \/ Yoast SEO plugin. -->","yoast_head_json":{"title":"Th\u00e8se pr\u00e9par\u00e9e par Nicolas Sauzeat - Institut Henri Fayol","robots":{"index":"index","follow":"follow","max-snippet":"max-snippet:-1","max-image-preview":"max-image-preview:large","max-video-preview":"max-video-preview:-1"},"canonical":"https:\/\/www.mines-stetienne.fr\/fayol\/theses\/these-preparee-par-nicolas-sauzeat\/","og_locale":"fr_FR","og_type":"article","og_title":"Th\u00e8se pr\u00e9par\u00e9e par Nicolas Sauzeat - Institut Henri Fayol","og_description":"Titre : Transformation des r\u00e9seaux de valeur &#8211; vers des fili\u00e8res industrielles\u00a0 agiles et r\u00e9silientes D\u00e9but de th\u00e8se : 01\/12\/2022 Fin de th\u00e8se :\u00a0 R\u00e9sum\u00e9 :\u00a0 Depuis quelques ann\u00e9es, les fili\u00e8res industrielles font face \u00e0 de nombreux changements les plongeant &hellip;","og_url":"https:\/\/www.mines-stetienne.fr\/fayol\/theses\/these-preparee-par-nicolas-sauzeat\/","og_site_name":"Institut Henri Fayol","article_publisher":"https:\/\/www.facebook.com\/MinesSaintEtienne","article_modified_time":"2023-04-03T08:08:27+00:00","twitter_card":"summary_large_image","twitter_site":"@MINES_StEtienne","twitter_misc":{"Dur\u00e9e de lecture estim\u00e9e":"3 minutes"},"schema":{"@context":"https:\/\/schema.org","@graph":[{"@type":"WebPage","@id":"https:\/\/www.mines-stetienne.fr\/fayol\/theses\/these-preparee-par-nicolas-sauzeat\/","url":"https:\/\/www.mines-stetienne.fr\/fayol\/theses\/these-preparee-par-nicolas-sauzeat\/","name":"Th\u00e8se pr\u00e9par\u00e9e par Nicolas Sauzeat - Institut Henri Fayol","isPartOf":{"@id":"https:\/\/www.mines-stetienne.fr\/fayol\/#website"},"datePublished":"2023-04-03T08:07:54+00:00","dateModified":"2023-04-03T08:08:27+00:00","breadcrumb":{"@id":"https:\/\/www.mines-stetienne.fr\/fayol\/theses\/these-preparee-par-nicolas-sauzeat\/#breadcrumb"},"inLanguage":"fr-FR","potentialAction":[{"@type":"ReadAction","target":["https:\/\/www.mines-stetienne.fr\/fayol\/theses\/these-preparee-par-nicolas-sauzeat\/"]}]},{"@type":"BreadcrumbList","@id":"https:\/\/www.mines-stetienne.fr\/fayol\/theses\/these-preparee-par-nicolas-sauzeat\/#breadcrumb","itemListElement":[{"@type":"ListItem","position":1,"name":"Accueil","item":"https:\/\/www.mines-stetienne.fr\/fayol\/"},{"@type":"ListItem","position":2,"name":"Recherche","item":"https:\/\/www.mines-stetienne.fr\/fayol\/theses\/"},{"@type":"ListItem","position":3,"name":"Th\u00e8se pr\u00e9par\u00e9e par Nicolas Sauzeat"}]},{"@type":"WebSite","@id":"https:\/\/www.mines-stetienne.fr\/fayol\/#website","url":"https:\/\/www.mines-stetienne.fr\/fayol\/","name":"Institut Henri Fayol","description":"","publisher":{"@id":"https:\/\/www.mines-stetienne.fr\/fayol\/#organization"},"potentialAction":[{"@type":"SearchAction","target":{"@type":"EntryPoint","urlTemplate":"https:\/\/www.mines-stetienne.fr\/fayol\/?s={search_term_string}"},"query-input":{"@type":"PropertyValueSpecification","valueRequired":true,"valueName":"search_term_string"}}],"inLanguage":"fr-FR"},{"@type":"Organization","@id":"https:\/\/www.mines-stetienne.fr\/fayol\/#organization","name":"Institut Henri Fayol","url":"https:\/\/www.mines-stetienne.fr\/fayol\/","logo":{"@type":"ImageObject","inLanguage":"fr-FR","@id":"https:\/\/www.mines-stetienne.fr\/fayol\/#\/schema\/logo\/image\/","url":"https:\/\/www.mines-stetienne.fr\/fayol\/wp-content\/uploads\/sites\/18\/2022\/09\/Mines_Saint_Etienne_IMT_RVB.png","contentUrl":"https:\/\/www.mines-stetienne.fr\/fayol\/wp-content\/uploads\/sites\/18\/2022\/09\/Mines_Saint_Etienne_IMT_RVB.png","width":316,"height":315,"caption":"Institut Henri Fayol"},"image":{"@id":"https:\/\/www.mines-stetienne.fr\/fayol\/#\/schema\/logo\/image\/"},"sameAs":["https:\/\/www.facebook.com\/MinesSaintEtienne","https:\/\/x.com\/MINES_StEtienne","https:\/\/www.youtube.com\/channel\/UCVSdpdmJccvUngjJ2on1n3A"]}]}},"_links":{"self":[{"href":"https:\/\/www.mines-stetienne.fr\/fayol\/wp-json\/wp\/v2\/pages\/652","targetHints":{"allow":["GET"]}}],"collection":[{"href":"https:\/\/www.mines-stetienne.fr\/fayol\/wp-json\/wp\/v2\/pages"}],"about":[{"href":"https:\/\/www.mines-stetienne.fr\/fayol\/wp-json\/wp\/v2\/types\/page"}],"author":[{"embeddable":true,"href":"https:\/\/www.mines-stetienne.fr\/fayol\/wp-json\/wp\/v2\/users\/1536"}],"replies":[{"embeddable":true,"href":"https:\/\/www.mines-stetienne.fr\/fayol\/wp-json\/wp\/v2\/comments?post=652"}],"version-history":[{"count":1,"href":"https:\/\/www.mines-stetienne.fr\/fayol\/wp-json\/wp\/v2\/pages\/652\/revisions"}],"predecessor-version":[{"id":653,"href":"https:\/\/www.mines-stetienne.fr\/fayol\/wp-json\/wp\/v2\/pages\/652\/revisions\/653"}],"up":[{"embeddable":true,"href":"https:\/\/www.mines-stetienne.fr\/fayol\/wp-json\/wp\/v2\/pages\/286"}],"wp:attachment":[{"href":"https:\/\/www.mines-stetienne.fr\/fayol\/wp-json\/wp\/v2\/media?parent=652"}],"wp:term":[{"taxonomy":"post_tag","embeddable":true,"href":"https:\/\/www.mines-stetienne.fr\/fayol\/wp-json\/wp\/v2\/tags?post=652"}],"curies":[{"name":"wp","href":"https:\/\/api.w.org\/{rel}","templated":true}]}}