{"id":434,"date":"2023-01-11T10:23:49","date_gmt":"2023-01-11T09:23:49","guid":{"rendered":"https:\/\/www.mines-stetienne.fr\/fayol\/?page_id=434"},"modified":"2023-01-11T10:50:12","modified_gmt":"2023-01-11T09:50:12","slug":"la-cellule-c3i","status":"publish","type":"page","link":"https:\/\/www.mines-stetienne.fr\/fayol\/la-cellule-c3i\/","title":{"rendered":"La Cellule C3i"},"content":{"rendered":"\n<p>La Cellule <strong>Information<\/strong>, <strong>Industrie<\/strong>, <strong>Informatique,<\/strong> constitu\u00e9e de trois ing\u00e9nieurs recherche, intervient de fa\u00e7on transversale en soutien aux activit\u00e9s de formation, de recherche et de valorisation de l\u2019Institut Henri Fayol.<\/p>\n\n\n\n<p id=\"A\"><\/p>\n<div id=\"post-352\" class=\"col-md-4 col-sm-4 col-xs-6 formationListItem post-352 formation type-formation status-publish hentry categorie-formation-master crit01-formation-05-en-ecole-dingenieur crit01-formation-03-en-licence crit01-formation-04-en-master crit02-formation-01-lenergie crit02-formation-04-lenvironnement crit02-formation-02-les-transports crit03-formation-concevoir crit03-formation-entreprendre crit03-formation-innover crit03-formation-manager crit03-formation-transmettre crit03-formation-voyager crit04-formation-je-parle-5-langues-et-je-bouge-tous-les-3-ans crit04-formation-je-suis-entre-dans-le-cac-40 crit04-formation-mon-brevet-entre-dans-lhistoire crit04-formation-mon-metier-nexiste-pas-encore crit04-formation-on-grave-mon-nom-sur-la-facade-de-lecole crit04-formation-tu-nas-pas-entendu-parler-de-ma-start-up crit04-formation-tu-veux-un-pass-pour-ma-prochaine-conference langue-formation-francais campus-formation-cse\">\n\t\t\t\t\t\t<div class=\"formationListItemContainer click\">\n\t\t\t\t\t\t\t<p class=\"center\" style=\"font-size:18px\"><a href=\"https:\/\/www.mines-stetienne.fr\/fayol\/formations\/\" class=\"\">Formation<\/a><\/p><ul style=\"font-size:13px;text-align:left\"><li>Projets Etudiants (Tech, Indus, Price, Recherche, Citoyen): Encadrement &amp; Support technique\n<\/li><li>Enseignement (TP, MOOC, Toolbox, D\u00e9fi) : Montage &amp; Accompagnement<\/li><\/ul><br>\n\t\t\t\t\t\t<\/div>\n\t\t\t\t\t<\/div>\n<div id=\"post-352\" class=\"col-md-4 col-sm-4 col-xs-6 formationListItem post-352 formation type-formation status-publish hentry categorie-formation-master crit01-formation-05-en-ecole-dingenieur crit01-formation-03-en-licence crit01-formation-04-en-master crit02-formation-01-lenergie crit02-formation-04-lenvironnement crit02-formation-02-les-transports crit03-formation-concevoir crit03-formation-entreprendre crit03-formation-innover crit03-formation-manager crit03-formation-transmettre crit03-formation-voyager crit04-formation-je-parle-5-langues-et-je-bouge-tous-les-3-ans crit04-formation-je-suis-entre-dans-le-cac-40 crit04-formation-mon-brevet-entre-dans-lhistoire crit04-formation-mon-metier-nexiste-pas-encore crit04-formation-on-grave-mon-nom-sur-la-facade-de-lecole crit04-formation-tu-nas-pas-entendu-parler-de-ma-start-up crit04-formation-tu-veux-un-pass-pour-ma-prochaine-conference langue-formation-francais campus-formation-cse\">\n\t\t\t\t\t\t<div class=\"formationListItemContainer click\">\n\t\t\t\t\t\t\t<p class=\"center\" style=\"font-size:18px\"><a href=\"https:\/\/www.mines-stetienne.fr\/fayol\/recherche\/\" class=\"\">Recherche<\/a><\/p><ul style=\"font-size:13px;text-align:left\"><li>Gestion de projets (financi\u00e8re, administratif, RH\u2026)\n<\/li><li>Montage de projets\n<\/li><li>Expertise technique\n<\/li><li>Animation<\/li><\/ul><p>&nbsp;<br><br><\/p>\n\t\t\t\t\t<\/div><\/div>\n<div id=\"post-352\" class=\"col-md-4 col-sm-4 col-xs-6 formationListItem post-352 formation type-formation status-publish hentry categorie-formation-master crit01-formation-05-en-ecole-dingenieur crit01-formation-03-en-licence crit01-formation-04-en-master crit02-formation-01-lenergie crit02-formation-04-lenvironnement crit02-formation-02-les-transports crit03-formation-concevoir crit03-formation-entreprendre crit03-formation-innover crit03-formation-manager crit03-formation-transmettre crit03-formation-voyager crit04-formation-je-parle-5-langues-et-je-bouge-tous-les-3-ans crit04-formation-je-suis-entre-dans-le-cac-40 crit04-formation-mon-brevet-entre-dans-lhistoire crit04-formation-mon-metier-nexiste-pas-encore crit04-formation-on-grave-mon-nom-sur-la-facade-de-lecole crit04-formation-tu-nas-pas-entendu-parler-de-ma-start-up crit04-formation-tu-veux-un-pass-pour-ma-prochaine-conference langue-formation-francais campus-formation-cse\">\n\t\t\t\t\t\t<div class=\"formationListItemContainer click\">\n\t\t\t\t\t\t\t<p class=\"center\" style=\"font-size:18px\"><a href=\"https:\/\/www.mines-stetienne.fr\/fayol\/valorisation\/\" class=\"\">Valorisation<\/a><\/p><ul style=\"font-size:12px;text-align:left\"><li>Investissement mat\u00e9riel\n<\/li><li>Maintien op\u00e9rationnel des plateformes physiques et num\u00e9riques\n<\/li><li>Visite &amp; pr\u00e9sentation\n<\/li><li>Cr\u00e9ation et d\u00e9ploiement de sc\u00e9narios de d\u00e9mos \/ d\u2019usages \/ applications \/ modules<\/li><\/ul>\n\t\t\t\t\t<\/div><\/div>\n\n\n\n<figure class=\"wp-block-image size-large\"><img loading=\"lazy\" decoding=\"async\" width=\"1024\" height=\"417\" src=\"https:\/\/www.mines-stetienne.fr\/fayol\/wp-content\/uploads\/sites\/18\/2023\/01\/plate-forme-terri-1024x417.jpg\" alt=\"\" class=\"wp-image-435\" srcset=\"https:\/\/www.mines-stetienne.fr\/fayol\/wp-content\/uploads\/sites\/18\/2023\/01\/plate-forme-terri-1024x417.jpg 1024w, https:\/\/www.mines-stetienne.fr\/fayol\/wp-content\/uploads\/sites\/18\/2023\/01\/plate-forme-terri-300x122.jpg 300w, https:\/\/www.mines-stetienne.fr\/fayol\/wp-content\/uploads\/sites\/18\/2023\/01\/plate-forme-terri-768x313.jpg 768w, https:\/\/www.mines-stetienne.fr\/fayol\/wp-content\/uploads\/sites\/18\/2023\/01\/plate-forme-terri.jpg 1349w\" sizes=\"auto, (max-width: 1024px) 100vw, 1024px\" \/><figcaption class=\"wp-element-caption\"><em>Exemple : Plateforme territoire est un projet qui mobilise l\u2019ensemble des comp\u00e9tences transverses de la Cellule C3I.<\/em><\/figcaption><\/figure>\n\n\n\n<h3>Notre expertise<\/h3>\n<p id=\"B\"><\/p>\n<div id=\"post-352\" class=\"col-md-4 col-sm-4 col-xs-6 formationListItem post-352 formation type-formation status-publish hentry categorie-formation-master crit01-formation-05-en-ecole-dingenieur crit01-formation-03-en-licence crit01-formation-04-en-master crit02-formation-01-lenergie crit02-formation-04-lenvironnement crit02-formation-02-les-transports crit03-formation-concevoir crit03-formation-entreprendre crit03-formation-innover crit03-formation-manager crit03-formation-transmettre crit03-formation-voyager crit04-formation-je-parle-5-langues-et-je-bouge-tous-les-3-ans crit04-formation-je-suis-entre-dans-le-cac-40 crit04-formation-mon-brevet-entre-dans-lhistoire crit04-formation-mon-metier-nexiste-pas-encore crit04-formation-on-grave-mon-nom-sur-la-facade-de-lecole crit04-formation-tu-nas-pas-entendu-parler-de-ma-start-up crit04-formation-tu-veux-un-pass-pour-ma-prochaine-conference langue-formation-francais campus-formation-cse\">\n\t\t\t\t\t\t<div class=\"formationListItemContainer click\">\n\t\t\t\t\t\t\t<p class=\"center\" style=\"font-size:18px\"><a href=\"mailto:fbreu&#105;&#108;&#64;&#101;&#109;&#115;&#101;&#46;&#102;&#114;\" class=\"\">INFORMATION\n<\/a><\/p><p class=\"center\" style=\"font-size:12px\"><a href=\"#B\" class=\"\">Florent BREUIL<\/a><\/p><ul style=\"font-size:13px;text-align:left\"><li>Centralisation de l\u2019information\n<\/li><li>R\u00e9dactionnel de communication\n<\/li><li>Cr\u00e9ation de support\n<\/li><li>M\u00e9ta-mod\u00e9lisation<\/li><\/ul><p>&nbsp;<\/p><p>&nbsp;<\/p><p>&nbsp;<\/p>\n\t\t\t\t\t\t<\/div>\n\t\t\t\t\t<\/div>\n<div id=\"post-352\" class=\"col-md-4 col-sm-4 col-xs-6 formationListItem post-352 formation type-formation status-publish hentry categorie-formation-master crit01-formation-05-en-ecole-dingenieur crit01-formation-03-en-licence crit01-formation-04-en-master crit02-formation-01-lenergie crit02-formation-04-lenvironnement crit02-formation-02-les-transports crit03-formation-concevoir crit03-formation-entreprendre crit03-formation-innover crit03-formation-manager crit03-formation-transmettre crit03-formation-voyager crit04-formation-je-parle-5-langues-et-je-bouge-tous-les-3-ans crit04-formation-je-suis-entre-dans-le-cac-40 crit04-formation-mon-brevet-entre-dans-lhistoire crit04-formation-mon-metier-nexiste-pas-encore crit04-formation-on-grave-mon-nom-sur-la-facade-de-lecole crit04-formation-tu-nas-pas-entendu-parler-de-ma-start-up crit04-formation-tu-veux-un-pass-pour-ma-prochaine-conference langue-formation-francais campus-formation-cse\">\n\t\t\t\t\t\t<div class=\"formationListItemContainer click\">\n\t\t\t\t\t\t\t<p class=\"center\" style=\"font-size:18px\"><a href=\"&#x6d;&#97;i&#x6c;&#x74;&#111;:&#x6e;&#117;r&#x74;&#x65;&#110;&#46;&#x6d;&#101;s&#x73;&#x61;&#108;t&#x69;&#x40;&#101;&#x6d;&#x73;&#101;&#46;&#x66;&#x72;\" class=\"\">INDUSTRIE\n<\/a><\/p><p class=\"center\" style=\"font-size:12px\"><a href=\"#B\" class=\"\">Nurten MESSALTI<\/a><\/p><a href=\"#B\" class=\"\"><\/a><p><\/p><ul style=\"font-size:12px;text-align:left\"><li>Expertise technique outils \n<\/li><li>Analyse de performance\n<\/li><li>Surveillance et d\u00e9ploiement de d\u00e9marche d\u2019am\u00e9lioration\n<\/li><li>Syst\u00e8me de Management Industriel (QSE)\n<\/li><li>Mod\u00e9lisation, num\u00e9risation et impression 3D\n<\/li><\/ul><p>&nbsp;<\/p><br>\n\t\t\t\t\t<\/div><\/div>\n<div id=\"post-352\" class=\"col-md-4 col-sm-4 col-xs-6 formationListItem post-352 formation type-formation status-publish hentry categorie-formation-master crit01-formation-05-en-ecole-dingenieur crit01-formation-03-en-licence crit01-formation-04-en-master crit02-formation-01-lenergie crit02-formation-04-lenvironnement crit02-formation-02-les-transports crit03-formation-concevoir crit03-formation-entreprendre crit03-formation-innover crit03-formation-manager crit03-formation-transmettre crit03-formation-voyager crit04-formation-je-parle-5-langues-et-je-bouge-tous-les-3-ans crit04-formation-je-suis-entre-dans-le-cac-40 crit04-formation-mon-brevet-entre-dans-lhistoire crit04-formation-mon-metier-nexiste-pas-encore crit04-formation-on-grave-mon-nom-sur-la-facade-de-lecole crit04-formation-tu-nas-pas-entendu-parler-de-ma-start-up crit04-formation-tu-veux-un-pass-pour-ma-prochaine-conference langue-formation-francais campus-formation-cse\">\n\t\t\t\t\t\t<div class=\"formationListItemContainer click\">\n\t\t\t\t\t\t\t<p class=\"center\" style=\"font-size:18px\"><a href=\"m&#97;&#x69;&#x6c;t&#111;&#58;&#x66;&#x61;b&#105;&#x65;&#x6e;&#46;&#98;&#97;&#x64;&#x65;i&#103;&#x40;&#x65;m&#115;&#101;&#x2e;&#x66;r\" class=\"\">INFORMATIQUE\n<\/a><\/p><p class=\"center\" style=\"font-size:12px\"><a href=\"#B\" class=\"\">Fabien BADEIG<\/a><\/p><a href=\"#B\" class=\"\"><\/a><p><\/p><ul style=\"font-size:12px;text-align:left\"><li>Conception logicielle\n<\/li><li>Architecture distribu\u00e9e\n<\/li><li>Architecture REST\n<\/li><li>Prototypage avec des syst\u00e8mes robotiques\n<\/li><li>Ing\u00e9nierie du web (d\u00e9veloppement d\u2019applis, API, \u2026)\n<\/li><li>Gestion de donn\u00e9es\n<\/li><li>Syst\u00e8me de m\u00e9diation de la d\u00e9cision\n<\/li><\/ul><br>\n\t\t\t\t\t<\/div><\/div>\n\t\t\t\t\t\n<div class=\"ListeFormations-item col-md-4 col-md-4 col-sm-4 col-xs-6\">\n<div class=\"Formation click\">\n<p class=\"center\" style=\"font-size:13px\"><a class=\"\" href=\"&#109;&#97;&#x69;l&#116;&#x6f;&#x3a;f&#98;&#x72;&#x65;u&#105;&#x6c;&#64;&#101;&#x6d;&#x73;e&#46;&#x66;&#x72;\">Blogs, sites web, R\u00e9seaux sociaux, Adoxx, Plateformes (HAL, Sciences Conf, FUN \u2026)<\/a><\/p>\n<p>\n<\/p>\n<p class=\"Formation-contentHover\">Florent Breuil<\/p>\n<\/div>\n<\/div>\n<div class=\"ListeFormations-item col-md-4 col-md-4 col-sm-4 col-xs-6\">\n<div class=\"Formation click\">\n<p class=\"center\" style=\"font-size:13px\"><a class=\"\" href=\"m&#97;&#105;&#108;&#x74;&#x6f;&#x3a;nu&#114;&#116;&#x65;&#x6e;&#x2e;&#x6d;es&#115;&#97;&#x6c;&#x74;&#x69;&#x40;e&#109;&#115;&#101;&#x2e;&#x66;&#x72;\">Plateforme It\u2019mFactory, MES, ERP, IIoT, jumeau num\u00e9rique, CAO, AGV \u2026\n<\/a><\/p>\n<p>\n<\/p>\n<p class=\"Formation-contentHover\">Nurten Messalti<\/p>\n<\/div>\n<\/div>\n<div class=\"ListeFormations-item col-md-4 col-md-4 col-sm-4 col-xs-6\">\n<div class=\"Formation click\">\n<p class=\"center\" style=\"font-size:13px\"><a class=\"\" href=\"mail&#116;&#111;&#58;&#102;&#97;&#x62;&#x69;&#x65;&#x6e;&#x2e;&#x62;&#x61;deig&#64;&#101;&#109;&#115;&#101;&#x2e;&#x66;&#x72;\">Plateforme Territoire,  Make\u2019IT, langages de programmation, BDD\n<\/a><\/p>\n<p>\n<\/p>\n<p class=\"Formation-contentHover\">Fabien Badeig<\/p>\n<\/div>\n<\/div>\n\n\n\n<figure class=\"wp-block-image size-large\"><img loading=\"lazy\" decoding=\"async\" width=\"1024\" height=\"553\" src=\"https:\/\/www.mines-stetienne.fr\/fayol\/wp-content\/uploads\/sites\/18\/2023\/01\/digitalisation-des-entreprises-bis-1-1536x830-1-1024x553.jpg\" alt=\"\" class=\"wp-image-436\" srcset=\"https:\/\/www.mines-stetienne.fr\/fayol\/wp-content\/uploads\/sites\/18\/2023\/01\/digitalisation-des-entreprises-bis-1-1536x830-1-1024x553.jpg 1024w, https:\/\/www.mines-stetienne.fr\/fayol\/wp-content\/uploads\/sites\/18\/2023\/01\/digitalisation-des-entreprises-bis-1-1536x830-1-300x162.jpg 300w, https:\/\/www.mines-stetienne.fr\/fayol\/wp-content\/uploads\/sites\/18\/2023\/01\/digitalisation-des-entreprises-bis-1-1536x830-1-768x415.jpg 768w, https:\/\/www.mines-stetienne.fr\/fayol\/wp-content\/uploads\/sites\/18\/2023\/01\/digitalisation-des-entreprises-bis-1-1536x830-1.jpg 1536w\" sizes=\"auto, (max-width: 1024px) 100vw, 1024px\" \/><figcaption class=\"wp-element-caption\"><em>Exemple : l\u2019IT\u2019m Factory est un projet qui mobilise l\u2019ensemble des comp\u00e9tences transverses de la Cellule C3I.<\/em><\/figcaption><\/figure>\n\n\n\n<div style=\"height:100px\" aria-hidden=\"true\" class=\"wp-block-spacer\"><\/div>\n","protected":false},"excerpt":{"rendered":"<p>La Cellule Information, Industrie, Informatique, constitu\u00e9e de trois ing\u00e9nieurs recherche, intervient de fa\u00e7on transversale en soutien aux activit\u00e9s de formation, de recherche et de valorisation de l\u2019Institut Henri Fayol. Formation Projets Etudiants (Tech, Indus, Price, Recherche, Citoyen): Encadrement &amp; Support &hellip;<\/p>\n","protected":false},"author":1536,"featured_media":0,"parent":0,"menu_order":0,"comment_status":"closed","ping_status":"closed","template":"","meta":{"footnotes":""},"tags":[],"class_list":["post-434","page","type-page","status-publish","hentry"],"pp_statuses_selecting_workflow":false,"pp_workflow_action":"current","pp_status_selection":"publish","pp_force_visibility":null,"pp_subpost_visibility":null,"pp_inherited_force_visibility":null,"pp_inherited_subpost_visibility":null,"yoast_head":"<!-- This site is optimized with the Yoast SEO plugin v27.5 - https:\/\/yoast.com\/product\/yoast-seo-wordpress\/ -->\n<title>La Cellule C3i - Institut Henri Fayol<\/title>\n<meta name=\"robots\" content=\"index, follow, max-snippet:-1, max-image-preview:large, max-video-preview:-1\" \/>\n<link rel=\"canonical\" href=\"https:\/\/www.mines-stetienne.fr\/fayol\/la-cellule-c3i\/\" \/>\n<meta property=\"og:locale\" content=\"fr_FR\" \/>\n<meta property=\"og:type\" content=\"article\" \/>\n<meta property=\"og:title\" content=\"La Cellule C3i - Institut Henri Fayol\" \/>\n<meta property=\"og:description\" content=\"La Cellule Information, Industrie, Informatique, constitu\u00e9e de trois ing\u00e9nieurs recherche, intervient de fa\u00e7on transversale en soutien aux activit\u00e9s de formation, de recherche et de valorisation de l\u2019Institut Henri Fayol. Formation Projets Etudiants (Tech, Indus, Price, Recherche, Citoyen): Encadrement &amp; Support &hellip;\" \/>\n<meta property=\"og:url\" content=\"https:\/\/www.mines-stetienne.fr\/fayol\/la-cellule-c3i\/\" \/>\n<meta property=\"og:site_name\" content=\"Institut Henri Fayol\" \/>\n<meta property=\"article:publisher\" content=\"https:\/\/www.facebook.com\/MinesSaintEtienne\" \/>\n<meta property=\"article:modified_time\" content=\"2023-01-11T09:50:12+00:00\" \/>\n<meta property=\"og:image\" content=\"https:\/\/www.mines-stetienne.fr\/fayol\/wp-content\/uploads\/sites\/18\/2023\/01\/plate-forme-terri-1024x417.jpg\" \/>\n<meta name=\"twitter:card\" content=\"summary_large_image\" \/>\n<meta name=\"twitter:site\" content=\"@MINES_StEtienne\" \/>\n<meta name=\"twitter:label1\" content=\"Dur\u00e9e de lecture estim\u00e9e\" \/>\n\t<meta name=\"twitter:data1\" content=\"2 minutes\" \/>\n<script type=\"application\/ld+json\" class=\"yoast-schema-graph\">{\"@context\":\"https:\\\/\\\/schema.org\",\"@graph\":[{\"@type\":\"WebPage\",\"@id\":\"https:\\\/\\\/www.mines-stetienne.fr\\\/fayol\\\/la-cellule-c3i\\\/\",\"url\":\"https:\\\/\\\/www.mines-stetienne.fr\\\/fayol\\\/la-cellule-c3i\\\/\",\"name\":\"La Cellule C3i - Institut Henri Fayol\",\"isPartOf\":{\"@id\":\"https:\\\/\\\/www.mines-stetienne.fr\\\/fayol\\\/#website\"},\"primaryImageOfPage\":{\"@id\":\"https:\\\/\\\/www.mines-stetienne.fr\\\/fayol\\\/la-cellule-c3i\\\/#primaryimage\"},\"image\":{\"@id\":\"https:\\\/\\\/www.mines-stetienne.fr\\\/fayol\\\/la-cellule-c3i\\\/#primaryimage\"},\"thumbnailUrl\":\"https:\\\/\\\/www.mines-stetienne.fr\\\/fayol\\\/wp-content\\\/uploads\\\/sites\\\/18\\\/2023\\\/01\\\/plate-forme-terri-1024x417.jpg\",\"datePublished\":\"2023-01-11T09:23:49+00:00\",\"dateModified\":\"2023-01-11T09:50:12+00:00\",\"breadcrumb\":{\"@id\":\"https:\\\/\\\/www.mines-stetienne.fr\\\/fayol\\\/la-cellule-c3i\\\/#breadcrumb\"},\"inLanguage\":\"fr-FR\",\"potentialAction\":[{\"@type\":\"ReadAction\",\"target\":[\"https:\\\/\\\/www.mines-stetienne.fr\\\/fayol\\\/la-cellule-c3i\\\/\"]}]},{\"@type\":\"ImageObject\",\"inLanguage\":\"fr-FR\",\"@id\":\"https:\\\/\\\/www.mines-stetienne.fr\\\/fayol\\\/la-cellule-c3i\\\/#primaryimage\",\"url\":\"https:\\\/\\\/www.mines-stetienne.fr\\\/fayol\\\/wp-content\\\/uploads\\\/sites\\\/18\\\/2023\\\/01\\\/plate-forme-terri.jpg\",\"contentUrl\":\"https:\\\/\\\/www.mines-stetienne.fr\\\/fayol\\\/wp-content\\\/uploads\\\/sites\\\/18\\\/2023\\\/01\\\/plate-forme-terri.jpg\",\"width\":1349,\"height\":549},{\"@type\":\"BreadcrumbList\",\"@id\":\"https:\\\/\\\/www.mines-stetienne.fr\\\/fayol\\\/la-cellule-c3i\\\/#breadcrumb\",\"itemListElement\":[{\"@type\":\"ListItem\",\"position\":1,\"name\":\"Accueil\",\"item\":\"https:\\\/\\\/www.mines-stetienne.fr\\\/fayol\\\/\"},{\"@type\":\"ListItem\",\"position\":2,\"name\":\"La Cellule C3i\"}]},{\"@type\":\"WebSite\",\"@id\":\"https:\\\/\\\/www.mines-stetienne.fr\\\/fayol\\\/#website\",\"url\":\"https:\\\/\\\/www.mines-stetienne.fr\\\/fayol\\\/\",\"name\":\"Institut Henri Fayol\",\"description\":\"\",\"publisher\":{\"@id\":\"https:\\\/\\\/www.mines-stetienne.fr\\\/fayol\\\/#organization\"},\"potentialAction\":[{\"@type\":\"SearchAction\",\"target\":{\"@type\":\"EntryPoint\",\"urlTemplate\":\"https:\\\/\\\/www.mines-stetienne.fr\\\/fayol\\\/?s={search_term_string}\"},\"query-input\":{\"@type\":\"PropertyValueSpecification\",\"valueRequired\":true,\"valueName\":\"search_term_string\"}}],\"inLanguage\":\"fr-FR\"},{\"@type\":\"Organization\",\"@id\":\"https:\\\/\\\/www.mines-stetienne.fr\\\/fayol\\\/#organization\",\"name\":\"Institut Henri Fayol\",\"url\":\"https:\\\/\\\/www.mines-stetienne.fr\\\/fayol\\\/\",\"logo\":{\"@type\":\"ImageObject\",\"inLanguage\":\"fr-FR\",\"@id\":\"https:\\\/\\\/www.mines-stetienne.fr\\\/fayol\\\/#\\\/schema\\\/logo\\\/image\\\/\",\"url\":\"https:\\\/\\\/www.mines-stetienne.fr\\\/fayol\\\/wp-content\\\/uploads\\\/sites\\\/18\\\/2022\\\/09\\\/Mines_Saint_Etienne_IMT_RVB.png\",\"contentUrl\":\"https:\\\/\\\/www.mines-stetienne.fr\\\/fayol\\\/wp-content\\\/uploads\\\/sites\\\/18\\\/2022\\\/09\\\/Mines_Saint_Etienne_IMT_RVB.png\",\"width\":316,\"height\":315,\"caption\":\"Institut Henri Fayol\"},\"image\":{\"@id\":\"https:\\\/\\\/www.mines-stetienne.fr\\\/fayol\\\/#\\\/schema\\\/logo\\\/image\\\/\"},\"sameAs\":[\"https:\\\/\\\/www.facebook.com\\\/MinesSaintEtienne\",\"https:\\\/\\\/x.com\\\/MINES_StEtienne\",\"https:\\\/\\\/www.youtube.com\\\/channel\\\/UCVSdpdmJccvUngjJ2on1n3A\"]}]}<\/script>\n<!-- \/ Yoast SEO plugin. -->","yoast_head_json":{"title":"La Cellule C3i - Institut Henri Fayol","robots":{"index":"index","follow":"follow","max-snippet":"max-snippet:-1","max-image-preview":"max-image-preview:large","max-video-preview":"max-video-preview:-1"},"canonical":"https:\/\/www.mines-stetienne.fr\/fayol\/la-cellule-c3i\/","og_locale":"fr_FR","og_type":"article","og_title":"La Cellule C3i - Institut Henri Fayol","og_description":"La Cellule Information, Industrie, Informatique, constitu\u00e9e de trois ing\u00e9nieurs recherche, intervient de fa\u00e7on transversale en soutien aux activit\u00e9s de formation, de recherche et de valorisation de l\u2019Institut Henri Fayol. Formation Projets Etudiants (Tech, Indus, Price, Recherche, Citoyen): Encadrement &amp; Support &hellip;","og_url":"https:\/\/www.mines-stetienne.fr\/fayol\/la-cellule-c3i\/","og_site_name":"Institut Henri Fayol","article_publisher":"https:\/\/www.facebook.com\/MinesSaintEtienne","article_modified_time":"2023-01-11T09:50:12+00:00","og_image":[{"url":"https:\/\/www.mines-stetienne.fr\/fayol\/wp-content\/uploads\/sites\/18\/2023\/01\/plate-forme-terri-1024x417.jpg","type":"","width":"","height":""}],"twitter_card":"summary_large_image","twitter_site":"@MINES_StEtienne","twitter_misc":{"Dur\u00e9e de lecture estim\u00e9e":"2 minutes"},"schema":{"@context":"https:\/\/schema.org","@graph":[{"@type":"WebPage","@id":"https:\/\/www.mines-stetienne.fr\/fayol\/la-cellule-c3i\/","url":"https:\/\/www.mines-stetienne.fr\/fayol\/la-cellule-c3i\/","name":"La Cellule C3i - Institut Henri Fayol","isPartOf":{"@id":"https:\/\/www.mines-stetienne.fr\/fayol\/#website"},"primaryImageOfPage":{"@id":"https:\/\/www.mines-stetienne.fr\/fayol\/la-cellule-c3i\/#primaryimage"},"image":{"@id":"https:\/\/www.mines-stetienne.fr\/fayol\/la-cellule-c3i\/#primaryimage"},"thumbnailUrl":"https:\/\/www.mines-stetienne.fr\/fayol\/wp-content\/uploads\/sites\/18\/2023\/01\/plate-forme-terri-1024x417.jpg","datePublished":"2023-01-11T09:23:49+00:00","dateModified":"2023-01-11T09:50:12+00:00","breadcrumb":{"@id":"https:\/\/www.mines-stetienne.fr\/fayol\/la-cellule-c3i\/#breadcrumb"},"inLanguage":"fr-FR","potentialAction":[{"@type":"ReadAction","target":["https:\/\/www.mines-stetienne.fr\/fayol\/la-cellule-c3i\/"]}]},{"@type":"ImageObject","inLanguage":"fr-FR","@id":"https:\/\/www.mines-stetienne.fr\/fayol\/la-cellule-c3i\/#primaryimage","url":"https:\/\/www.mines-stetienne.fr\/fayol\/wp-content\/uploads\/sites\/18\/2023\/01\/plate-forme-terri.jpg","contentUrl":"https:\/\/www.mines-stetienne.fr\/fayol\/wp-content\/uploads\/sites\/18\/2023\/01\/plate-forme-terri.jpg","width":1349,"height":549},{"@type":"BreadcrumbList","@id":"https:\/\/www.mines-stetienne.fr\/fayol\/la-cellule-c3i\/#breadcrumb","itemListElement":[{"@type":"ListItem","position":1,"name":"Accueil","item":"https:\/\/www.mines-stetienne.fr\/fayol\/"},{"@type":"ListItem","position":2,"name":"La Cellule C3i"}]},{"@type":"WebSite","@id":"https:\/\/www.mines-stetienne.fr\/fayol\/#website","url":"https:\/\/www.mines-stetienne.fr\/fayol\/","name":"Institut Henri Fayol","description":"","publisher":{"@id":"https:\/\/www.mines-stetienne.fr\/fayol\/#organization"},"potentialAction":[{"@type":"SearchAction","target":{"@type":"EntryPoint","urlTemplate":"https:\/\/www.mines-stetienne.fr\/fayol\/?s={search_term_string}"},"query-input":{"@type":"PropertyValueSpecification","valueRequired":true,"valueName":"search_term_string"}}],"inLanguage":"fr-FR"},{"@type":"Organization","@id":"https:\/\/www.mines-stetienne.fr\/fayol\/#organization","name":"Institut Henri Fayol","url":"https:\/\/www.mines-stetienne.fr\/fayol\/","logo":{"@type":"ImageObject","inLanguage":"fr-FR","@id":"https:\/\/www.mines-stetienne.fr\/fayol\/#\/schema\/logo\/image\/","url":"https:\/\/www.mines-stetienne.fr\/fayol\/wp-content\/uploads\/sites\/18\/2022\/09\/Mines_Saint_Etienne_IMT_RVB.png","contentUrl":"https:\/\/www.mines-stetienne.fr\/fayol\/wp-content\/uploads\/sites\/18\/2022\/09\/Mines_Saint_Etienne_IMT_RVB.png","width":316,"height":315,"caption":"Institut Henri Fayol"},"image":{"@id":"https:\/\/www.mines-stetienne.fr\/fayol\/#\/schema\/logo\/image\/"},"sameAs":["https:\/\/www.facebook.com\/MinesSaintEtienne","https:\/\/x.com\/MINES_StEtienne","https:\/\/www.youtube.com\/channel\/UCVSdpdmJccvUngjJ2on1n3A"]}]}},"_links":{"self":[{"href":"https:\/\/www.mines-stetienne.fr\/fayol\/wp-json\/wp\/v2\/pages\/434","targetHints":{"allow":["GET"]}}],"collection":[{"href":"https:\/\/www.mines-stetienne.fr\/fayol\/wp-json\/wp\/v2\/pages"}],"about":[{"href":"https:\/\/www.mines-stetienne.fr\/fayol\/wp-json\/wp\/v2\/types\/page"}],"author":[{"embeddable":true,"href":"https:\/\/www.mines-stetienne.fr\/fayol\/wp-json\/wp\/v2\/users\/1536"}],"replies":[{"embeddable":true,"href":"https:\/\/www.mines-stetienne.fr\/fayol\/wp-json\/wp\/v2\/comments?post=434"}],"version-history":[{"count":9,"href":"https:\/\/www.mines-stetienne.fr\/fayol\/wp-json\/wp\/v2\/pages\/434\/revisions"}],"predecessor-version":[{"id":446,"href":"https:\/\/www.mines-stetienne.fr\/fayol\/wp-json\/wp\/v2\/pages\/434\/revisions\/446"}],"wp:attachment":[{"href":"https:\/\/www.mines-stetienne.fr\/fayol\/wp-json\/wp\/v2\/media?parent=434"}],"wp:term":[{"taxonomy":"post_tag","embeddable":true,"href":"https:\/\/www.mines-stetienne.fr\/fayol\/wp-json\/wp\/v2\/tags?post=434"}],"curies":[{"name":"wp","href":"https:\/\/api.w.org\/{rel}","templated":true}]}}