{"id":431,"date":"2023-01-10T17:19:55","date_gmt":"2023-01-10T16:19:55","guid":{"rendered":"https:\/\/www.mines-stetienne.fr\/fayol\/?page_id=431"},"modified":"2023-02-10T11:10:41","modified_gmt":"2023-02-10T10:10:41","slug":"journee-defii-de-linstitut-henri-fayol-2018","status":"publish","type":"page","link":"https:\/\/www.mines-stetienne.fr\/fayol\/actualites\/journees-fayol\/journee-defii-de-linstitut-henri-fayol-2018\/","title":{"rendered":"Journ\u00e9e DEFII de l\u2019Institut Henri Fayol 2018"},"content":{"rendered":"\n<p class=\"has-text-align-center\"><a href=\"https:\/\/www.mines-stetienne.fr\/fayol\/\">| Institut Henri Fayol | <\/a><a href=\"https:\/\/www.mines-stetienne.fr\/fayol\/actualites\/\">Actualit\u00e9 de l\u2019Institut<\/a><a href=\"https:\/\/www.mines-stetienne.fr\/recherche\/5-centres-de-formation-et-de-recherche\/institut-henri-fayol\/\"> |<\/a><a href=\"https:\/\/www.mines-stetienne.fr\/fayol\/toutes-nos-publications\/\">Publications<\/a><a href=\"https:\/\/www.mines-stetienne.fr\/recherche\/5-centres-de-formation-et-de-recherche\/institut-henri-fayol\/\">|<\/a> <a href=\"https:\/\/www.mines-stetienne.fr\/fayol\/valorisation\/3\/\">Projets phares<\/a><a href=\"https:\/\/www.mines-stetienne.fr\/recherche\/5-centres-de-formation-et-de-recherche\/institut-henri-fayol\/\"> |<\/a><a href=\"https:\/\/www.mines-stetienne.fr\/recherche\/departements\/departement-genie-de-l-environnement-et-des-organisations\/partenaires\/\"><\/a><\/p>\n\n\n\n<h3 class=\"wp-block-heading\"><strong>Le Num\u00e9rique : D\u00e9fis et Opportunit\u00e9s pour les Entreprises et les Territoires<\/strong><\/h3>\n\n\n\n<p><strong>Retour sur le s\u00e9minaire du Lundi 28 mai 2018<\/strong><\/p>\n\n\n\n<p><strong>T\u00c9MOIGNAGES, ATELIERS, TABLE RONDE &amp; NETWORKING :<\/strong><\/p>\n\n\n\n<p><strong>Des grands t\u00e9moins vous ont fait d\u00e9couvrir l\u2019industrie et la ville du futur &#8211; T\u00e9moignages de BOSCH, Creative IT, E.L.M. Leblanc, ENGIE, Renault Trucks et la Ville de Saint Etienne.<\/strong><\/p>\n\n\n\n<p>L\u2019objectif de cette journ\u00e9e \u00e9tait d\u2019\u00e9changer entre professionnels sur ces enjeux et de proposer des opportunit\u00e9s de collaborations entre acteurs, sur le territoire r\u00e9gional ou national.<\/p>\n\n\n\n<p>L\u2019Institut Henri Fayol se mobilise au service de l\u2019industrialisation durable des territoires et autour de 2 th\u00e9matiques cl\u00e9s, l\u2019industrie du futur et la ville du futur. L\u2019institut Fayol d\u00e9veloppe des m\u00e9thodes et des outils, tant quantitatifs que qualitatifs et manag\u00e9riaux,<br>support de la prise de d\u00e9cisions en entreprise et dans les organisations territoriales :<\/p>\n\n\n\n<ul class=\"wp-block-list\">\n<li>Concevoir des syst\u00e8mes et organisations industriels,<\/li>\n\n\n\n<li>Valoriser la donn\u00e9e et l\u2019information pour d\u00e9cider, optimiser et simuler,<\/li>\n\n\n\n<li>Piloter la performance globale des organisations et des territoires,<\/li>\n\n\n\n<li>Cr\u00e9er de la valeur partag\u00e9e en r\u00e9seaux d\u2019acteurs,<\/li>\n\n\n\n<li>Accompagner l\u2019appropriation des transformations des entreprises et des territoires.<\/li>\n<\/ul>\n\n\n\n<h4 class=\"wp-block-heading\"><strong>Session introductive \u2013 Mines Saint-\u00c9tienne et la Transition Num\u00e9rique<\/strong><\/h4>\n\n\n\n<p><em><strong>Bruno L\u00e9ger, Directeur, Institut FAYOL<\/strong><\/em><\/p>\n\n\n\n<figure class=\"wp-block-video\"><video controls poster=\"https:\/\/www.mines-stetienne.fr\/wp-content\/uploads\/2018\/06\/defii-actes01-1.jpg\" src=\"https:\/\/www.mines-stetienne.fr\/wp-content\/uploads\/2018\/06\/defii-actes01-web.mp4\"><\/video><\/figure>\n\n\n\n<p><strong>T\u00e9l\u00e9charger le support (<a href=\"https:\/\/www.mines-stetienne.fr\/wp-content\/uploads\/2018\/06\/2018_INSTITUT-FAYOL_B-LEGER.pdf\">pdf<\/a>)<\/strong><\/p>\n\n\n\n<p><em><strong>Xavier Boucher, Directeur d\u00e9l\u00e9gu\u00e9 \u00e0 la recherche, Institut FAYOL<\/strong><\/em><\/p>\n\n\n\n<figure class=\"wp-block-video\"><video controls poster=\"https:\/\/www.mines-stetienne.fr\/wp-content\/uploads\/2018\/06\/defii-actes02.jpg\" src=\"https:\/\/www.mines-stetienne.fr\/wp-content\/uploads\/2018\/06\/defii-actes02-web.mp4\"><\/video><\/figure>\n\n\n\n<p><strong>T\u00e9l\u00e9charger le support (<a href=\"https:\/\/www.mines-stetienne.fr\/wp-content\/uploads\/2018\/06\/2018_INSTITUT-FAYOL_X-BOUCHER.pdf\">pdf<\/a>)<\/strong><\/p>\n\n\n\n<h4 class=\"wp-block-heading\"><strong>Session 1 \u2013 Transformation du business par le digital : les chefs d\u2019entreprises t\u00e9moignent !<\/strong><\/h4>\n\n\n\n<ul class=\"wp-block-list\">\n<li>Mise en oeuvre de l\u2019industrie 4.0 sur un site industriel de Bosch : transformation de business model, par Pascal Laurin, Directeur Industrie 4.0, Bosch<\/li>\n<\/ul>\n\n\n\n<figure class=\"wp-block-video\"><video controls poster=\"https:\/\/www.mines-stetienne.fr\/wp-content\/uploads\/2018\/06\/defii-actes03.jpg\" src=\"https:\/\/www.mines-stetienne.fr\/wp-content\/uploads\/2018\/06\/defii-actes03-web2.mp4\"><\/video><\/figure>\n\n\n\n<figure class=\"wp-block-video\"><video controls poster=\"https:\/\/www.mines-stetienne.fr\/wp-content\/uploads\/2018\/06\/defii-actes04-1.jpg\" src=\"https:\/\/www.mines-stetienne.fr\/wp-content\/uploads\/2018\/06\/defii-actes04-web2.mp4\"><\/video><\/figure>\n\n\n\n<figure class=\"wp-block-video\"><video controls poster=\"https:\/\/www.mines-stetienne.fr\/wp-content\/uploads\/2018\/06\/defii-actes05-1.jpg\" src=\"https:\/\/www.mines-stetienne.fr\/wp-content\/uploads\/2018\/06\/defii-actes05-web2.mp4\"><\/video><\/figure>\n\n\n\n<ul class=\"wp-block-list\">\n<li>Des solutions pour l\u2019industrie du futur : une PME R\u00e9gionale dynamise la performance industrielle !&nbsp; par Philippe Rinaudo, Directeur, Creative-IT. <em>(non diffus\u00e9 pour des raisons de confidentialit\u00e9)<\/em><\/li>\n<\/ul>\n\n\n\n<h4 class=\"wp-block-heading\"><strong>Atelier 1 &#8211; Le num\u00e9rique en industrie : de <\/strong><strong>nouveaux leviers de performance pour<\/strong> <strong>transformer la production<\/strong><\/h4>\n\n\n\n<ul class=\"wp-block-list\">\n<li>Panorama des probl\u00e9matiques trait\u00e9es par l\u2019Institut Fayol,&nbsp;Xavier Delorme, MINES Saint-\u00c9tienne <em>T\u00e9l\u00e9charger le support (<a href=\"https:\/\/www.mines-stetienne.fr\/wp-content\/uploads\/2018\/06\/ATELIER1_EMSE_FAYOL_Delorme_Industrie-du-futur.pdf\">pdf<\/a>)<\/em><\/li>\n<\/ul>\n\n\n\n<figure class=\"wp-block-image\"><a href=\"https:\/\/www.mines-stetienne.fr\/wp-content\/uploads\/2018\/06\/ATELIER1_EMSE_FAYOL_Delorme_Industrie-du-futur.pdf\"><img decoding=\"async\" src=\"https:\/\/www.mines-stetienne.fr\/wp-content\/uploads\/2018\/06\/indus-futur.-300x227.jpg\" alt=\"\" class=\"wp-image-5157\" \/><\/a><\/figure>\n\n\n\n<ul class=\"wp-block-list\">\n<li>T\u00e9moignage d\u2019entreprise \u2013 D\u00e9velopper les services pour p\u00e9renniser nos produits industriels : Une strat\u00e9gie, Un programme R&amp;D, Une mutation industrielle, Fran\u00e7ois Vuillaume, Directeur R&amp;D, E.L.M. Leblanc <em>T\u00e9l\u00e9charger le support (<a href=\"https:\/\/www.mines-stetienne.fr\/wp-content\/uploads\/2018\/06\/ATELIER1_ELM_journee_defii_ELM_20180528.pdf\">pdf<\/a>)<\/em><\/li>\n<\/ul>\n\n\n\n<figure class=\"wp-block-image\"><a href=\"https:\/\/www.mines-stetienne.fr\/wp-content\/uploads\/2018\/06\/ATELIER1_ELM_journee_defii_ELM_20180528.pdf\"><img decoding=\"async\" src=\"https:\/\/www.mines-stetienne.fr\/wp-content\/uploads\/2018\/06\/elm-300x234.jpg\" alt=\"\" class=\"wp-image-5156\" \/><\/a><\/figure>\n\n\n\n<ul class=\"wp-block-list\">\n<li>T\u00e9moignage r\u00e9gional &#8211; Int\u00e9gration du num\u00e9rique pour la performance industrielle, &nbsp; Vincent Marlinge, Renault Truck, Directeur de site, VP Performance &nbsp; Globale chez CARA \u2013 European Cluster for Mobility Solutions <em>T\u00e9l\u00e9charger le support (<a href=\"https:\/\/www.mines-stetienne.fr\/wp-content\/uploads\/2018\/07\/ATELIER1_Numerique-RenaultTrucks-Mine-StEtienne-Pub.pdf\">pdf<\/a>)<\/em><\/li>\n<\/ul>\n\n\n\n<figure class=\"wp-block-image\"><a href=\"https:\/\/www.mines-stetienne.fr\/wp-content\/uploads\/2018\/07\/ATELIER1_Numerique-RenaultTrucks-Mine-StEtienne-Pub.pdf\"><img decoding=\"async\" src=\"https:\/\/www.mines-stetienne.fr\/wp-content\/uploads\/2018\/06\/renault-300x227.jpg\" alt=\"\" class=\"wp-image-5159\" \/><\/a><\/figure>\n\n\n\n<h4 class=\"wp-block-heading\"><strong>Atelier 2 &#8211; <\/strong><strong>La transition num\u00e9rique dans la ville et les territoires : l\u2019\u00e9mergence de nouveaux services<\/strong><\/h4>\n\n\n\n<ul class=\"wp-block-list\">\n<li>Panorama des probl\u00e9matiques trait\u00e9es par l\u2019Institut Fayol,&nbsp; Flavien Balbo, MINES Saint-\u00c9tienne <em>T\u00e9l\u00e9charger le support (<a href=\"https:\/\/www.mines-stetienne.fr\/wp-content\/uploads\/2018\/06\/Pr\u00e9sentation-Defii-1-1.pdf\">pdf<\/a>)<\/em><\/li>\n<\/ul>\n\n\n\n<figure class=\"wp-block-image\"><a href=\"https:\/\/www.mines-stetienne.fr\/wp-content\/uploads\/2018\/06\/Pr\u00e9sentation-Defii-1-1.pdf\"><img decoding=\"async\" src=\"https:\/\/www.mines-stetienne.fr\/wp-content\/uploads\/2018\/06\/balbo-300x215.jpg\" alt=\"\" class=\"wp-image-5167\" \/><\/a><\/figure>\n\n\n\n<ul class=\"wp-block-list\">\n<li>T\u00e9moignage Ville de Saint-\u00c9tienne : Vision et projet en cours pour la ville du futur, &nbsp; Virginie Raynaud, Directrice Mission Ville Durable, Ville de Saint-\u00c9tienne<\/li>\n\n\n\n<li>T\u00e9moignage d\u2019entreprise : Et si les villes prenaient l\u2019initiative de \u00ab s\u2019ub\u00e9riser \u00bb \u00e0 leur profit ?, &nbsp; Philippe Bourguignon, Senior executive R&amp;D, ENGIE <em>T\u00e9l\u00e9charger le support (<a href=\"https:\/\/www.mines-stetienne.fr\/wp-content\/uploads\/2018\/06\/ATELIER2_ENGIE_-20180530_-Et-si-les-territoires-prenaient-l%E2%80%99initiative-de-s%E2%80%99ub%C3%A9riser-1.pdf\">pdf<\/a>)<\/em><\/li>\n<\/ul>\n\n\n\n<figure class=\"wp-block-image\"><a href=\"https:\/\/www.mines-stetienne.fr\/wp-content\/uploads\/2018\/06\/ATELIER2_ENGIE_-20180530_-Et-si-les-territoires-prenaient-l%E2%80%99initiative-de-s%E2%80%99ub%C3%A9riser-1.pdf\"><img decoding=\"async\" src=\"https:\/\/www.mines-stetienne.fr\/wp-content\/uploads\/2018\/06\/engie-300x227.jpg\" alt=\"\" class=\"wp-image-5162\" \/><\/a><\/figure>\n\n\n\n<p class=\"has-text-align-center\"><a href=\"https:\/\/www.mines-stetienne.fr\/fayol\/\">| Institut Henri Fayol | <\/a><a href=\"https:\/\/www.mines-stetienne.fr\/fayol\/actualites\/\">Actualit\u00e9 de l\u2019Institut<\/a><a href=\"https:\/\/www.mines-stetienne.fr\/recherche\/5-centres-de-formation-et-de-recherche\/institut-henri-fayol\/\"> |<\/a><a href=\"https:\/\/www.mines-stetienne.fr\/fayol\/toutes-nos-publications\/\">Publications<\/a><a href=\"https:\/\/www.mines-stetienne.fr\/recherche\/5-centres-de-formation-et-de-recherche\/institut-henri-fayol\/\">|<\/a> <a href=\"https:\/\/www.mines-stetienne.fr\/fayol\/valorisation\/3\/\">Projets phares<\/a><a href=\"https:\/\/www.mines-stetienne.fr\/recherche\/5-centres-de-formation-et-de-recherche\/institut-henri-fayol\/\"> |<\/a><\/p>\n","protected":false},"excerpt":{"rendered":"<p>| Institut Henri Fayol | Actualit\u00e9 de l\u2019Institut |Publications| Projets phares | Le Num\u00e9rique : D\u00e9fis et Opportunit\u00e9s pour les Entreprises et les Territoires Retour sur le s\u00e9minaire du Lundi 28 mai 2018 T\u00c9MOIGNAGES, ATELIERS, TABLE RONDE &amp; NETWORKING : &hellip;<\/p>\n","protected":false},"author":1536,"featured_media":0,"parent":527,"menu_order":0,"comment_status":"closed","ping_status":"closed","template":"","meta":{"footnotes":""},"tags":[],"class_list":["post-431","page","type-page","status-publish","hentry"],"pp_statuses_selecting_workflow":false,"pp_workflow_action":"current","pp_status_selection":"publish","pp_force_visibility":null,"pp_subpost_visibility":null,"pp_inherited_force_visibility":null,"pp_inherited_subpost_visibility":null,"yoast_head":"<!-- This site is optimized with the Yoast SEO plugin v27.4 - https:\/\/yoast.com\/product\/yoast-seo-wordpress\/ -->\n<title>Journ\u00e9e DEFII de l\u2019Institut Henri Fayol 2018 - Institut Henri Fayol<\/title>\n<meta name=\"robots\" content=\"index, follow, max-snippet:-1, max-image-preview:large, max-video-preview:-1\" \/>\n<link rel=\"canonical\" href=\"https:\/\/www.mines-stetienne.fr\/fayol\/actualites\/journees-fayol\/journee-defii-de-linstitut-henri-fayol-2018\/\" \/>\n<meta property=\"og:locale\" content=\"fr_FR\" \/>\n<meta property=\"og:type\" content=\"article\" \/>\n<meta property=\"og:title\" content=\"Journ\u00e9e DEFII de l\u2019Institut Henri Fayol 2018 - Institut Henri Fayol\" \/>\n<meta property=\"og:description\" content=\"| Institut Henri Fayol | Actualit\u00e9 de l\u2019Institut |Publications| Projets phares | Le Num\u00e9rique : D\u00e9fis et Opportunit\u00e9s pour les Entreprises et les Territoires Retour sur le s\u00e9minaire du Lundi 28 mai 2018 T\u00c9MOIGNAGES, ATELIERS, TABLE RONDE &amp; NETWORKING : &hellip;\" \/>\n<meta property=\"og:url\" content=\"https:\/\/www.mines-stetienne.fr\/fayol\/actualites\/journees-fayol\/journee-defii-de-linstitut-henri-fayol-2018\/\" \/>\n<meta property=\"og:site_name\" content=\"Institut Henri Fayol\" \/>\n<meta property=\"article:publisher\" content=\"https:\/\/www.facebook.com\/MinesSaintEtienne\" \/>\n<meta property=\"article:modified_time\" content=\"2023-02-10T10:10:41+00:00\" \/>\n<meta property=\"og:image\" content=\"https:\/\/www.mines-stetienne.fr\/wp-content\/uploads\/2018\/06\/indus-futur.-300x227.jpg\" \/>\n<meta name=\"twitter:card\" content=\"summary_large_image\" \/>\n<meta name=\"twitter:site\" content=\"@MINES_StEtienne\" \/>\n<meta name=\"twitter:label1\" content=\"Dur\u00e9e de lecture estim\u00e9e\" \/>\n\t<meta name=\"twitter:data1\" content=\"4 minutes\" \/>\n<script type=\"application\/ld+json\" class=\"yoast-schema-graph\">{\"@context\":\"https:\\\/\\\/schema.org\",\"@graph\":[{\"@type\":\"WebPage\",\"@id\":\"https:\\\/\\\/www.mines-stetienne.fr\\\/fayol\\\/actualites\\\/journees-fayol\\\/journee-defii-de-linstitut-henri-fayol-2018\\\/\",\"url\":\"https:\\\/\\\/www.mines-stetienne.fr\\\/fayol\\\/actualites\\\/journees-fayol\\\/journee-defii-de-linstitut-henri-fayol-2018\\\/\",\"name\":\"Journ\u00e9e DEFII de l\u2019Institut Henri Fayol 2018 - Institut Henri Fayol\",\"isPartOf\":{\"@id\":\"https:\\\/\\\/www.mines-stetienne.fr\\\/fayol\\\/#website\"},\"primaryImageOfPage\":{\"@id\":\"https:\\\/\\\/www.mines-stetienne.fr\\\/fayol\\\/actualites\\\/journees-fayol\\\/journee-defii-de-linstitut-henri-fayol-2018\\\/#primaryimage\"},\"image\":{\"@id\":\"https:\\\/\\\/www.mines-stetienne.fr\\\/fayol\\\/actualites\\\/journees-fayol\\\/journee-defii-de-linstitut-henri-fayol-2018\\\/#primaryimage\"},\"thumbnailUrl\":\"https:\\\/\\\/www.mines-stetienne.fr\\\/wp-content\\\/uploads\\\/2018\\\/06\\\/indus-futur.-300x227.jpg\",\"datePublished\":\"2023-01-10T16:19:55+00:00\",\"dateModified\":\"2023-02-10T10:10:41+00:00\",\"breadcrumb\":{\"@id\":\"https:\\\/\\\/www.mines-stetienne.fr\\\/fayol\\\/actualites\\\/journees-fayol\\\/journee-defii-de-linstitut-henri-fayol-2018\\\/#breadcrumb\"},\"inLanguage\":\"fr-FR\",\"potentialAction\":[{\"@type\":\"ReadAction\",\"target\":[\"https:\\\/\\\/www.mines-stetienne.fr\\\/fayol\\\/actualites\\\/journees-fayol\\\/journee-defii-de-linstitut-henri-fayol-2018\\\/\"]}]},{\"@type\":\"ImageObject\",\"inLanguage\":\"fr-FR\",\"@id\":\"https:\\\/\\\/www.mines-stetienne.fr\\\/fayol\\\/actualites\\\/journees-fayol\\\/journee-defii-de-linstitut-henri-fayol-2018\\\/#primaryimage\",\"url\":\"https:\\\/\\\/www.mines-stetienne.fr\\\/wp-content\\\/uploads\\\/2018\\\/06\\\/indus-futur.-300x227.jpg\",\"contentUrl\":\"https:\\\/\\\/www.mines-stetienne.fr\\\/wp-content\\\/uploads\\\/2018\\\/06\\\/indus-futur.-300x227.jpg\"},{\"@type\":\"BreadcrumbList\",\"@id\":\"https:\\\/\\\/www.mines-stetienne.fr\\\/fayol\\\/actualites\\\/journees-fayol\\\/journee-defii-de-linstitut-henri-fayol-2018\\\/#breadcrumb\",\"itemListElement\":[{\"@type\":\"ListItem\",\"position\":1,\"name\":\"Accueil\",\"item\":\"https:\\\/\\\/www.mines-stetienne.fr\\\/fayol\\\/\"},{\"@type\":\"ListItem\",\"position\":2,\"name\":\"Actualit\u00e9s\",\"item\":\"https:\\\/\\\/www.mines-stetienne.fr\\\/fayol\\\/actualites\\\/\"},{\"@type\":\"ListItem\",\"position\":3,\"name\":\"Journ\u00e9es Fayol\",\"item\":\"https:\\\/\\\/www.mines-stetienne.fr\\\/fayol\\\/actualites\\\/journees-fayol\\\/\"},{\"@type\":\"ListItem\",\"position\":4,\"name\":\"Journ\u00e9e DEFII de l\u2019Institut Henri Fayol 2018\"}]},{\"@type\":\"WebSite\",\"@id\":\"https:\\\/\\\/www.mines-stetienne.fr\\\/fayol\\\/#website\",\"url\":\"https:\\\/\\\/www.mines-stetienne.fr\\\/fayol\\\/\",\"name\":\"Institut Henri Fayol\",\"description\":\"\",\"publisher\":{\"@id\":\"https:\\\/\\\/www.mines-stetienne.fr\\\/fayol\\\/#organization\"},\"potentialAction\":[{\"@type\":\"SearchAction\",\"target\":{\"@type\":\"EntryPoint\",\"urlTemplate\":\"https:\\\/\\\/www.mines-stetienne.fr\\\/fayol\\\/?s={search_term_string}\"},\"query-input\":{\"@type\":\"PropertyValueSpecification\",\"valueRequired\":true,\"valueName\":\"search_term_string\"}}],\"inLanguage\":\"fr-FR\"},{\"@type\":\"Organization\",\"@id\":\"https:\\\/\\\/www.mines-stetienne.fr\\\/fayol\\\/#organization\",\"name\":\"Institut Henri Fayol\",\"url\":\"https:\\\/\\\/www.mines-stetienne.fr\\\/fayol\\\/\",\"logo\":{\"@type\":\"ImageObject\",\"inLanguage\":\"fr-FR\",\"@id\":\"https:\\\/\\\/www.mines-stetienne.fr\\\/fayol\\\/#\\\/schema\\\/logo\\\/image\\\/\",\"url\":\"https:\\\/\\\/www.mines-stetienne.fr\\\/fayol\\\/wp-content\\\/uploads\\\/sites\\\/18\\\/2022\\\/09\\\/Mines_Saint_Etienne_IMT_RVB.png\",\"contentUrl\":\"https:\\\/\\\/www.mines-stetienne.fr\\\/fayol\\\/wp-content\\\/uploads\\\/sites\\\/18\\\/2022\\\/09\\\/Mines_Saint_Etienne_IMT_RVB.png\",\"width\":316,\"height\":315,\"caption\":\"Institut Henri Fayol\"},\"image\":{\"@id\":\"https:\\\/\\\/www.mines-stetienne.fr\\\/fayol\\\/#\\\/schema\\\/logo\\\/image\\\/\"},\"sameAs\":[\"https:\\\/\\\/www.facebook.com\\\/MinesSaintEtienne\",\"https:\\\/\\\/x.com\\\/MINES_StEtienne\",\"https:\\\/\\\/www.youtube.com\\\/channel\\\/UCVSdpdmJccvUngjJ2on1n3A\"]}]}<\/script>\n<!-- \/ Yoast SEO plugin. -->","yoast_head_json":{"title":"Journ\u00e9e DEFII de l\u2019Institut Henri Fayol 2018 - Institut Henri Fayol","robots":{"index":"index","follow":"follow","max-snippet":"max-snippet:-1","max-image-preview":"max-image-preview:large","max-video-preview":"max-video-preview:-1"},"canonical":"https:\/\/www.mines-stetienne.fr\/fayol\/actualites\/journees-fayol\/journee-defii-de-linstitut-henri-fayol-2018\/","og_locale":"fr_FR","og_type":"article","og_title":"Journ\u00e9e DEFII de l\u2019Institut Henri Fayol 2018 - Institut Henri Fayol","og_description":"| Institut Henri Fayol | Actualit\u00e9 de l\u2019Institut |Publications| Projets phares | Le Num\u00e9rique : D\u00e9fis et Opportunit\u00e9s pour les Entreprises et les Territoires Retour sur le s\u00e9minaire du Lundi 28 mai 2018 T\u00c9MOIGNAGES, ATELIERS, TABLE RONDE &amp; NETWORKING : &hellip;","og_url":"https:\/\/www.mines-stetienne.fr\/fayol\/actualites\/journees-fayol\/journee-defii-de-linstitut-henri-fayol-2018\/","og_site_name":"Institut Henri Fayol","article_publisher":"https:\/\/www.facebook.com\/MinesSaintEtienne","article_modified_time":"2023-02-10T10:10:41+00:00","og_image":[{"url":"https:\/\/www.mines-stetienne.fr\/wp-content\/uploads\/2018\/06\/indus-futur.-300x227.jpg","type":"","width":"","height":""}],"twitter_card":"summary_large_image","twitter_site":"@MINES_StEtienne","twitter_misc":{"Dur\u00e9e de lecture estim\u00e9e":"4 minutes"},"schema":{"@context":"https:\/\/schema.org","@graph":[{"@type":"WebPage","@id":"https:\/\/www.mines-stetienne.fr\/fayol\/actualites\/journees-fayol\/journee-defii-de-linstitut-henri-fayol-2018\/","url":"https:\/\/www.mines-stetienne.fr\/fayol\/actualites\/journees-fayol\/journee-defii-de-linstitut-henri-fayol-2018\/","name":"Journ\u00e9e DEFII de l\u2019Institut Henri Fayol 2018 - Institut Henri Fayol","isPartOf":{"@id":"https:\/\/www.mines-stetienne.fr\/fayol\/#website"},"primaryImageOfPage":{"@id":"https:\/\/www.mines-stetienne.fr\/fayol\/actualites\/journees-fayol\/journee-defii-de-linstitut-henri-fayol-2018\/#primaryimage"},"image":{"@id":"https:\/\/www.mines-stetienne.fr\/fayol\/actualites\/journees-fayol\/journee-defii-de-linstitut-henri-fayol-2018\/#primaryimage"},"thumbnailUrl":"https:\/\/www.mines-stetienne.fr\/wp-content\/uploads\/2018\/06\/indus-futur.-300x227.jpg","datePublished":"2023-01-10T16:19:55+00:00","dateModified":"2023-02-10T10:10:41+00:00","breadcrumb":{"@id":"https:\/\/www.mines-stetienne.fr\/fayol\/actualites\/journees-fayol\/journee-defii-de-linstitut-henri-fayol-2018\/#breadcrumb"},"inLanguage":"fr-FR","potentialAction":[{"@type":"ReadAction","target":["https:\/\/www.mines-stetienne.fr\/fayol\/actualites\/journees-fayol\/journee-defii-de-linstitut-henri-fayol-2018\/"]}]},{"@type":"ImageObject","inLanguage":"fr-FR","@id":"https:\/\/www.mines-stetienne.fr\/fayol\/actualites\/journees-fayol\/journee-defii-de-linstitut-henri-fayol-2018\/#primaryimage","url":"https:\/\/www.mines-stetienne.fr\/wp-content\/uploads\/2018\/06\/indus-futur.-300x227.jpg","contentUrl":"https:\/\/www.mines-stetienne.fr\/wp-content\/uploads\/2018\/06\/indus-futur.-300x227.jpg"},{"@type":"BreadcrumbList","@id":"https:\/\/www.mines-stetienne.fr\/fayol\/actualites\/journees-fayol\/journee-defii-de-linstitut-henri-fayol-2018\/#breadcrumb","itemListElement":[{"@type":"ListItem","position":1,"name":"Accueil","item":"https:\/\/www.mines-stetienne.fr\/fayol\/"},{"@type":"ListItem","position":2,"name":"Actualit\u00e9s","item":"https:\/\/www.mines-stetienne.fr\/fayol\/actualites\/"},{"@type":"ListItem","position":3,"name":"Journ\u00e9es Fayol","item":"https:\/\/www.mines-stetienne.fr\/fayol\/actualites\/journees-fayol\/"},{"@type":"ListItem","position":4,"name":"Journ\u00e9e DEFII de l\u2019Institut Henri Fayol 2018"}]},{"@type":"WebSite","@id":"https:\/\/www.mines-stetienne.fr\/fayol\/#website","url":"https:\/\/www.mines-stetienne.fr\/fayol\/","name":"Institut Henri Fayol","description":"","publisher":{"@id":"https:\/\/www.mines-stetienne.fr\/fayol\/#organization"},"potentialAction":[{"@type":"SearchAction","target":{"@type":"EntryPoint","urlTemplate":"https:\/\/www.mines-stetienne.fr\/fayol\/?s={search_term_string}"},"query-input":{"@type":"PropertyValueSpecification","valueRequired":true,"valueName":"search_term_string"}}],"inLanguage":"fr-FR"},{"@type":"Organization","@id":"https:\/\/www.mines-stetienne.fr\/fayol\/#organization","name":"Institut Henri Fayol","url":"https:\/\/www.mines-stetienne.fr\/fayol\/","logo":{"@type":"ImageObject","inLanguage":"fr-FR","@id":"https:\/\/www.mines-stetienne.fr\/fayol\/#\/schema\/logo\/image\/","url":"https:\/\/www.mines-stetienne.fr\/fayol\/wp-content\/uploads\/sites\/18\/2022\/09\/Mines_Saint_Etienne_IMT_RVB.png","contentUrl":"https:\/\/www.mines-stetienne.fr\/fayol\/wp-content\/uploads\/sites\/18\/2022\/09\/Mines_Saint_Etienne_IMT_RVB.png","width":316,"height":315,"caption":"Institut Henri Fayol"},"image":{"@id":"https:\/\/www.mines-stetienne.fr\/fayol\/#\/schema\/logo\/image\/"},"sameAs":["https:\/\/www.facebook.com\/MinesSaintEtienne","https:\/\/x.com\/MINES_StEtienne","https:\/\/www.youtube.com\/channel\/UCVSdpdmJccvUngjJ2on1n3A"]}]}},"_links":{"self":[{"href":"https:\/\/www.mines-stetienne.fr\/fayol\/wp-json\/wp\/v2\/pages\/431","targetHints":{"allow":["GET"]}}],"collection":[{"href":"https:\/\/www.mines-stetienne.fr\/fayol\/wp-json\/wp\/v2\/pages"}],"about":[{"href":"https:\/\/www.mines-stetienne.fr\/fayol\/wp-json\/wp\/v2\/types\/page"}],"author":[{"embeddable":true,"href":"https:\/\/www.mines-stetienne.fr\/fayol\/wp-json\/wp\/v2\/users\/1536"}],"replies":[{"embeddable":true,"href":"https:\/\/www.mines-stetienne.fr\/fayol\/wp-json\/wp\/v2\/comments?post=431"}],"version-history":[{"count":1,"href":"https:\/\/www.mines-stetienne.fr\/fayol\/wp-json\/wp\/v2\/pages\/431\/revisions"}],"predecessor-version":[{"id":432,"href":"https:\/\/www.mines-stetienne.fr\/fayol\/wp-json\/wp\/v2\/pages\/431\/revisions\/432"}],"up":[{"embeddable":true,"href":"https:\/\/www.mines-stetienne.fr\/fayol\/wp-json\/wp\/v2\/pages\/527"}],"wp:attachment":[{"href":"https:\/\/www.mines-stetienne.fr\/fayol\/wp-json\/wp\/v2\/media?parent=431"}],"wp:term":[{"taxonomy":"post_tag","embeddable":true,"href":"https:\/\/www.mines-stetienne.fr\/fayol\/wp-json\/wp\/v2\/tags?post=431"}],"curies":[{"name":"wp","href":"https:\/\/api.w.org\/{rel}","templated":true}]}}