{"id":425,"date":"2023-01-10T16:56:38","date_gmt":"2023-01-10T15:56:38","guid":{"rendered":"https:\/\/www.mines-stetienne.fr\/fayol\/?page_id=425"},"modified":"2023-01-10T16:56:39","modified_gmt":"2023-01-10T15:56:39","slug":"these-preparee-par-sonagnon-hounwanou","status":"publish","type":"page","link":"https:\/\/www.mines-stetienne.fr\/fayol\/theses\/these-preparee-par-sonagnon-hounwanou\/","title":{"rendered":"Th\u00e8se pr\u00e9par\u00e9e par Sonagnon HOUNWANOU"},"content":{"rendered":"<p style=\"text-align: center\"><a href=\"https:\/\/www.mines-stetienne.fr\/fayol\/recherche\/genie-de-lenvironnement-pour-les-organisations\/\">| D\u00e9partement G\u00e9nie de l\u2019environnement et des organisations |<\/a><strong><a href=\"https:\/\/www.mines-stetienne.fr\/recherche\/departements\/departement-management-responsable-et-innovation\/projets\/\"><br \/>\n<\/a><\/strong><a href=\"https:\/\/www.mines-stetienne.fr\/fayol\/recherche\/genie-de-lenvironnement-pour-les-organisations\/projets\/\">| Projets<\/a> | <em><a href=\"https:\/\/www.mines-stetienne.fr\/fayol\/recherche\/genie-de-lenvironnement-pour-les-organisations\/equipe-2\/\">\u00c9quipe<\/a><\/em> | <a href=\"https:\/\/www.mines-stetienne.fr\/fayol\/recherche\/genie-de-lenvironnement-pour-les-organisations\/publications\/\">Publications<\/a> | <a href=\"https:\/\/www.mines-stetienne.fr\/fayol\/recherche\/genie-de-lenvironnement-pour-les-organisations\/partenaires\/\">Partenaires |<\/a><\/p>\n<p><strong>Titre : <\/strong>Formes urbaines et performances environnementales de la logistique urbaine<\/p>\n<p><strong>R\u00e9sum\u00e9 : <\/strong>&#8212;<\/p>\n<p><strong>Financeur :<\/strong> Ecole des Mines de Saint-Etienne<\/p>\n<p><strong>Soutenance pr\u00e9vue :\u00a0<\/strong> 30 septembre 2018<\/p>\n<p><strong> Mots cl\u00e9s :\u00a0<\/strong> Localisation du commerce ; Flux amont-aval\u00a0; mod\u00e9lisation statistique\u00a0; Analyse de cycle de vie.<\/p>\n<p><strong>Directeurs de th\u00e8se :<\/strong><\/p>\n<ul>\n<li>Natacha GONDRAN\u00a0: Ma\u00eetre-assistante \u00e0 Mines Saint Etienne, UMR 5600 EVS<\/li>\n<li>Jesus Gonzalez-Feliu : Ma\u00eetre-assistant \u00e0 Mines Saint Etienne, UMR 5600 EVS<\/li>\n<\/ul>\n<p><strong>\u00a0<\/strong><\/p>\n<p style=\"text-align: center\"><a href=\"https:\/\/www.mines-stetienne.fr\/fayol\/recherche\/genie-de-lenvironnement-pour-les-organisations\/\">| D\u00e9partement G\u00e9nie de l\u2019environnement et des organisations |<\/a><strong><a href=\"https:\/\/www.mines-stetienne.fr\/recherche\/departements\/departement-management-responsable-et-innovation\/projets\/\"><br \/>\n<\/a><\/strong><a href=\"https:\/\/www.mines-stetienne.fr\/fayol\/recherche\/genie-de-lenvironnement-pour-les-organisations\/projets\/\">| Projets<\/a> | <em><a href=\"https:\/\/www.mines-stetienne.fr\/fayol\/recherche\/genie-de-lenvironnement-pour-les-organisations\/equipe-2\/\">\u00c9quipe<\/a><\/em> | <a href=\"https:\/\/www.mines-stetienne.fr\/fayol\/recherche\/genie-de-lenvironnement-pour-les-organisations\/publications\/\">Publications<\/a> | <a href=\"https:\/\/www.mines-stetienne.fr\/fayol\/recherche\/genie-de-lenvironnement-pour-les-organisations\/partenaires\/\">Partenaires |<\/a><\/p>\n","protected":false},"excerpt":{"rendered":"<p>| D\u00e9partement G\u00e9nie de l\u2019environnement et des organisations | | Projets | \u00c9quipe | Publications | Partenaires | Titre : Formes urbaines et performances environnementales de la logistique urbaine R\u00e9sum\u00e9 : &#8212; Financeur : Ecole des Mines de Saint-Etienne Soutenance &hellip;<\/p>\n","protected":false},"author":1536,"featured_media":0,"parent":286,"menu_order":0,"comment_status":"closed","ping_status":"closed","template":"","meta":{"footnotes":""},"tags":[],"class_list":["post-425","page","type-page","status-publish","hentry"],"pp_statuses_selecting_workflow":false,"pp_workflow_action":"current","pp_status_selection":"publish","pp_force_visibility":null,"pp_subpost_visibility":null,"pp_inherited_force_visibility":null,"pp_inherited_subpost_visibility":null,"yoast_head":"<!-- This site is optimized with the Yoast SEO plugin v27.5 - https:\/\/yoast.com\/product\/yoast-seo-wordpress\/ -->\n<title>Th\u00e8se pr\u00e9par\u00e9e par Sonagnon HOUNWANOU - Institut Henri Fayol<\/title>\n<meta name=\"robots\" content=\"index, follow, max-snippet:-1, max-image-preview:large, max-video-preview:-1\" \/>\n<link rel=\"canonical\" href=\"https:\/\/www.mines-stetienne.fr\/fayol\/theses\/these-preparee-par-sonagnon-hounwanou\/\" \/>\n<meta property=\"og:locale\" content=\"fr_FR\" \/>\n<meta property=\"og:type\" content=\"article\" \/>\n<meta property=\"og:title\" content=\"Th\u00e8se pr\u00e9par\u00e9e par Sonagnon HOUNWANOU - Institut Henri Fayol\" \/>\n<meta property=\"og:description\" content=\"| D\u00e9partement G\u00e9nie de l\u2019environnement et des organisations | | Projets | \u00c9quipe | Publications | Partenaires | Titre : Formes urbaines et performances environnementales de la logistique urbaine R\u00e9sum\u00e9 : &#8212; Financeur : Ecole des Mines de Saint-Etienne Soutenance &hellip;\" \/>\n<meta property=\"og:url\" content=\"https:\/\/www.mines-stetienne.fr\/fayol\/theses\/these-preparee-par-sonagnon-hounwanou\/\" \/>\n<meta property=\"og:site_name\" content=\"Institut Henri Fayol\" \/>\n<meta property=\"article:publisher\" content=\"https:\/\/www.facebook.com\/MinesSaintEtienne\" \/>\n<meta property=\"article:modified_time\" content=\"2023-01-10T15:56:39+00:00\" \/>\n<meta name=\"twitter:card\" content=\"summary_large_image\" \/>\n<meta name=\"twitter:site\" content=\"@MINES_StEtienne\" \/>\n<meta name=\"twitter:label1\" content=\"Dur\u00e9e de lecture estim\u00e9e\" \/>\n\t<meta name=\"twitter:data1\" content=\"1 minute\" \/>\n<script type=\"application\/ld+json\" class=\"yoast-schema-graph\">{\"@context\":\"https:\\\/\\\/schema.org\",\"@graph\":[{\"@type\":\"WebPage\",\"@id\":\"https:\\\/\\\/www.mines-stetienne.fr\\\/fayol\\\/theses\\\/these-preparee-par-sonagnon-hounwanou\\\/\",\"url\":\"https:\\\/\\\/www.mines-stetienne.fr\\\/fayol\\\/theses\\\/these-preparee-par-sonagnon-hounwanou\\\/\",\"name\":\"Th\u00e8se pr\u00e9par\u00e9e par Sonagnon HOUNWANOU - Institut Henri Fayol\",\"isPartOf\":{\"@id\":\"https:\\\/\\\/www.mines-stetienne.fr\\\/fayol\\\/#website\"},\"datePublished\":\"2023-01-10T15:56:38+00:00\",\"dateModified\":\"2023-01-10T15:56:39+00:00\",\"breadcrumb\":{\"@id\":\"https:\\\/\\\/www.mines-stetienne.fr\\\/fayol\\\/theses\\\/these-preparee-par-sonagnon-hounwanou\\\/#breadcrumb\"},\"inLanguage\":\"fr-FR\",\"potentialAction\":[{\"@type\":\"ReadAction\",\"target\":[\"https:\\\/\\\/www.mines-stetienne.fr\\\/fayol\\\/theses\\\/these-preparee-par-sonagnon-hounwanou\\\/\"]}]},{\"@type\":\"BreadcrumbList\",\"@id\":\"https:\\\/\\\/www.mines-stetienne.fr\\\/fayol\\\/theses\\\/these-preparee-par-sonagnon-hounwanou\\\/#breadcrumb\",\"itemListElement\":[{\"@type\":\"ListItem\",\"position\":1,\"name\":\"Accueil\",\"item\":\"https:\\\/\\\/www.mines-stetienne.fr\\\/fayol\\\/\"},{\"@type\":\"ListItem\",\"position\":2,\"name\":\"Recherche\",\"item\":\"https:\\\/\\\/www.mines-stetienne.fr\\\/fayol\\\/theses\\\/\"},{\"@type\":\"ListItem\",\"position\":3,\"name\":\"Th\u00e8se pr\u00e9par\u00e9e par Sonagnon HOUNWANOU\"}]},{\"@type\":\"WebSite\",\"@id\":\"https:\\\/\\\/www.mines-stetienne.fr\\\/fayol\\\/#website\",\"url\":\"https:\\\/\\\/www.mines-stetienne.fr\\\/fayol\\\/\",\"name\":\"Institut Henri Fayol\",\"description\":\"\",\"publisher\":{\"@id\":\"https:\\\/\\\/www.mines-stetienne.fr\\\/fayol\\\/#organization\"},\"potentialAction\":[{\"@type\":\"SearchAction\",\"target\":{\"@type\":\"EntryPoint\",\"urlTemplate\":\"https:\\\/\\\/www.mines-stetienne.fr\\\/fayol\\\/?s={search_term_string}\"},\"query-input\":{\"@type\":\"PropertyValueSpecification\",\"valueRequired\":true,\"valueName\":\"search_term_string\"}}],\"inLanguage\":\"fr-FR\"},{\"@type\":\"Organization\",\"@id\":\"https:\\\/\\\/www.mines-stetienne.fr\\\/fayol\\\/#organization\",\"name\":\"Institut Henri Fayol\",\"url\":\"https:\\\/\\\/www.mines-stetienne.fr\\\/fayol\\\/\",\"logo\":{\"@type\":\"ImageObject\",\"inLanguage\":\"fr-FR\",\"@id\":\"https:\\\/\\\/www.mines-stetienne.fr\\\/fayol\\\/#\\\/schema\\\/logo\\\/image\\\/\",\"url\":\"https:\\\/\\\/www.mines-stetienne.fr\\\/fayol\\\/wp-content\\\/uploads\\\/sites\\\/18\\\/2022\\\/09\\\/Mines_Saint_Etienne_IMT_RVB.png\",\"contentUrl\":\"https:\\\/\\\/www.mines-stetienne.fr\\\/fayol\\\/wp-content\\\/uploads\\\/sites\\\/18\\\/2022\\\/09\\\/Mines_Saint_Etienne_IMT_RVB.png\",\"width\":316,\"height\":315,\"caption\":\"Institut Henri Fayol\"},\"image\":{\"@id\":\"https:\\\/\\\/www.mines-stetienne.fr\\\/fayol\\\/#\\\/schema\\\/logo\\\/image\\\/\"},\"sameAs\":[\"https:\\\/\\\/www.facebook.com\\\/MinesSaintEtienne\",\"https:\\\/\\\/x.com\\\/MINES_StEtienne\",\"https:\\\/\\\/www.youtube.com\\\/channel\\\/UCVSdpdmJccvUngjJ2on1n3A\"]}]}<\/script>\n<!-- \/ Yoast SEO plugin. -->","yoast_head_json":{"title":"Th\u00e8se pr\u00e9par\u00e9e par Sonagnon HOUNWANOU - Institut Henri Fayol","robots":{"index":"index","follow":"follow","max-snippet":"max-snippet:-1","max-image-preview":"max-image-preview:large","max-video-preview":"max-video-preview:-1"},"canonical":"https:\/\/www.mines-stetienne.fr\/fayol\/theses\/these-preparee-par-sonagnon-hounwanou\/","og_locale":"fr_FR","og_type":"article","og_title":"Th\u00e8se pr\u00e9par\u00e9e par Sonagnon HOUNWANOU - Institut Henri Fayol","og_description":"| D\u00e9partement G\u00e9nie de l\u2019environnement et des organisations | | Projets | \u00c9quipe | Publications | Partenaires | Titre : Formes urbaines et performances environnementales de la logistique urbaine R\u00e9sum\u00e9 : &#8212; Financeur : Ecole des Mines de Saint-Etienne Soutenance &hellip;","og_url":"https:\/\/www.mines-stetienne.fr\/fayol\/theses\/these-preparee-par-sonagnon-hounwanou\/","og_site_name":"Institut Henri Fayol","article_publisher":"https:\/\/www.facebook.com\/MinesSaintEtienne","article_modified_time":"2023-01-10T15:56:39+00:00","twitter_card":"summary_large_image","twitter_site":"@MINES_StEtienne","twitter_misc":{"Dur\u00e9e de lecture estim\u00e9e":"1 minute"},"schema":{"@context":"https:\/\/schema.org","@graph":[{"@type":"WebPage","@id":"https:\/\/www.mines-stetienne.fr\/fayol\/theses\/these-preparee-par-sonagnon-hounwanou\/","url":"https:\/\/www.mines-stetienne.fr\/fayol\/theses\/these-preparee-par-sonagnon-hounwanou\/","name":"Th\u00e8se pr\u00e9par\u00e9e par Sonagnon HOUNWANOU - Institut Henri Fayol","isPartOf":{"@id":"https:\/\/www.mines-stetienne.fr\/fayol\/#website"},"datePublished":"2023-01-10T15:56:38+00:00","dateModified":"2023-01-10T15:56:39+00:00","breadcrumb":{"@id":"https:\/\/www.mines-stetienne.fr\/fayol\/theses\/these-preparee-par-sonagnon-hounwanou\/#breadcrumb"},"inLanguage":"fr-FR","potentialAction":[{"@type":"ReadAction","target":["https:\/\/www.mines-stetienne.fr\/fayol\/theses\/these-preparee-par-sonagnon-hounwanou\/"]}]},{"@type":"BreadcrumbList","@id":"https:\/\/www.mines-stetienne.fr\/fayol\/theses\/these-preparee-par-sonagnon-hounwanou\/#breadcrumb","itemListElement":[{"@type":"ListItem","position":1,"name":"Accueil","item":"https:\/\/www.mines-stetienne.fr\/fayol\/"},{"@type":"ListItem","position":2,"name":"Recherche","item":"https:\/\/www.mines-stetienne.fr\/fayol\/theses\/"},{"@type":"ListItem","position":3,"name":"Th\u00e8se pr\u00e9par\u00e9e par Sonagnon HOUNWANOU"}]},{"@type":"WebSite","@id":"https:\/\/www.mines-stetienne.fr\/fayol\/#website","url":"https:\/\/www.mines-stetienne.fr\/fayol\/","name":"Institut Henri Fayol","description":"","publisher":{"@id":"https:\/\/www.mines-stetienne.fr\/fayol\/#organization"},"potentialAction":[{"@type":"SearchAction","target":{"@type":"EntryPoint","urlTemplate":"https:\/\/www.mines-stetienne.fr\/fayol\/?s={search_term_string}"},"query-input":{"@type":"PropertyValueSpecification","valueRequired":true,"valueName":"search_term_string"}}],"inLanguage":"fr-FR"},{"@type":"Organization","@id":"https:\/\/www.mines-stetienne.fr\/fayol\/#organization","name":"Institut Henri Fayol","url":"https:\/\/www.mines-stetienne.fr\/fayol\/","logo":{"@type":"ImageObject","inLanguage":"fr-FR","@id":"https:\/\/www.mines-stetienne.fr\/fayol\/#\/schema\/logo\/image\/","url":"https:\/\/www.mines-stetienne.fr\/fayol\/wp-content\/uploads\/sites\/18\/2022\/09\/Mines_Saint_Etienne_IMT_RVB.png","contentUrl":"https:\/\/www.mines-stetienne.fr\/fayol\/wp-content\/uploads\/sites\/18\/2022\/09\/Mines_Saint_Etienne_IMT_RVB.png","width":316,"height":315,"caption":"Institut Henri Fayol"},"image":{"@id":"https:\/\/www.mines-stetienne.fr\/fayol\/#\/schema\/logo\/image\/"},"sameAs":["https:\/\/www.facebook.com\/MinesSaintEtienne","https:\/\/x.com\/MINES_StEtienne","https:\/\/www.youtube.com\/channel\/UCVSdpdmJccvUngjJ2on1n3A"]}]}},"_links":{"self":[{"href":"https:\/\/www.mines-stetienne.fr\/fayol\/wp-json\/wp\/v2\/pages\/425","targetHints":{"allow":["GET"]}}],"collection":[{"href":"https:\/\/www.mines-stetienne.fr\/fayol\/wp-json\/wp\/v2\/pages"}],"about":[{"href":"https:\/\/www.mines-stetienne.fr\/fayol\/wp-json\/wp\/v2\/types\/page"}],"author":[{"embeddable":true,"href":"https:\/\/www.mines-stetienne.fr\/fayol\/wp-json\/wp\/v2\/users\/1536"}],"replies":[{"embeddable":true,"href":"https:\/\/www.mines-stetienne.fr\/fayol\/wp-json\/wp\/v2\/comments?post=425"}],"version-history":[{"count":1,"href":"https:\/\/www.mines-stetienne.fr\/fayol\/wp-json\/wp\/v2\/pages\/425\/revisions"}],"predecessor-version":[{"id":426,"href":"https:\/\/www.mines-stetienne.fr\/fayol\/wp-json\/wp\/v2\/pages\/425\/revisions\/426"}],"up":[{"embeddable":true,"href":"https:\/\/www.mines-stetienne.fr\/fayol\/wp-json\/wp\/v2\/pages\/286"}],"wp:attachment":[{"href":"https:\/\/www.mines-stetienne.fr\/fayol\/wp-json\/wp\/v2\/media?parent=425"}],"wp:term":[{"taxonomy":"post_tag","embeddable":true,"href":"https:\/\/www.mines-stetienne.fr\/fayol\/wp-json\/wp\/v2\/tags?post=425"}],"curies":[{"name":"wp","href":"https:\/\/api.w.org\/{rel}","templated":true}]}}