{"id":422,"date":"2023-01-10T16:48:49","date_gmt":"2023-01-10T15:48:49","guid":{"rendered":"https:\/\/www.mines-stetienne.fr\/fayol\/?page_id=422"},"modified":"2023-01-10T16:54:43","modified_gmt":"2023-01-10T15:54:43","slug":"these-preparee-par-oudom-kem","status":"publish","type":"page","link":"https:\/\/www.mines-stetienne.fr\/fayol\/theses\/these-preparee-par-oudom-kem\/","title":{"rendered":"Th\u00e8se pr\u00e9par\u00e9e par Oudom KEM"},"content":{"rendered":"\n<p class=\"has-text-align-center\">&nbsp;| <a href=\"https:\/\/www.mines-stetienne.fr\/fayol\/recherche\/informatique-et-systemes-intelligents\/\">D\u00e9partement Informatique et syst\u00e8mes intelligents<\/a> |<a href=\"https:\/\/www.mines-stetienne.fr\/recherche\/departements\/departement-management-responsable-et-innovation\/projets\/\"> <\/a><\/p>\n\n\n\n<p class=\"has-text-align-center\"><a href=\"https:\/\/www.mines-stetienne.fr\/fayol\/recherche\/informatique-et-systemes-intelligents\/projets\/\">| Projets<\/a> | <em><a href=\"https:\/\/www.mines-stetienne.fr\/fayol\/recherche\/informatique-et-systemes-intelligents\/equipe\/\">\u00c9quipe<\/a><\/em> | <a href=\"https:\/\/www.mines-stetienne.fr\/fayol\/recherche\/informatique-et-systemes-intelligents\/publications\/\">Publications<\/a> | <a href=\"https:\/\/www.mines-stetienne.fr\/fayol\/recherche\/informatique-et-systemes-intelligents\/partenaires\/\">Partenaires |<\/a><\/p>\n\n\n\n<p><strong>Titre : <\/strong>Mod\u00e9lisation et exploitation des connaissances de l&rsquo;environnement : une approche multi-agents pour la recherche d&rsquo;itin\u00e9raires multi-objectifs dans des environnements ubiquitaires <\/p>\n\n\n\n<p><strong>R\u00e9sum\u00e9 :<\/strong> L&rsquo;utilisation des t\u00e9l\u00e9phones intelligents, le recours aux assistants personnels intelligents ou encore le d\u00e9veloppement des maisons intelligentes sont autant d&rsquo;exemples illustrant le d\u00e9veloppement toujours plus rapide de l&rsquo;informatique ubiquitaire, de l&rsquo;Internet des objets et de l&rsquo;intelligence artificielle. Le croisement des r\u00e9sultats issus de ces domaines de recherche contribue \u00e0 changer notre quotidien et constitue un environment fertil pour de nouveaux travaux. Ainsi, l\u2019int\u00e9gration des entit\u00e9s cyber-physiques dans des environnements sociaux de diff\u00e9rentes \u00e9chelles allant des maisons aux villes intelligentes am\u00e8ne de tr\u00e8s nombreuses perspectives. Ce changement de paradigme met \u00e0 notre disposition une \u00e9norme quantit\u00e9 d&rsquo;informations et de services utiles, offrant ainsi la possibilit\u00e9 de traiter les probl\u00e8mes classiques de mani\u00e8re nouvelle, diff\u00e9rente et potentiellement plus efficace. Si les solutions \u00e0 construire b\u00e9n\u00e9ficient de ces possibilit\u00e9s, elles doivent \u00e9galement r\u00e9pondre \u00e0 de nouvelles contraintes et nouveaux d\u00e9fis. La recherche d\u2019itin\u00e9raires multi-objectifs est un sous-cas du probl\u00e8me classique de recherche d&rsquo;un chemin entre un lieu de d\u00e9part et une destination auquel s&rsquo;ajoute la contrainte de passage par un ensemble de lieux permettant de satisfaire un ensemble de buts. L&rsquo;objectif de cette th\u00e8se est de proposer une solution pour la r\u00e9solution de la recherche d&rsquo;itin\u00e9raires multi-objectifs appliqu\u00e9s aux environnements cyber-physiques tels que les Smart Transits. Dans notre solution, nous avons propos\u00e9 une m\u00e9thode fond\u00e9e sur les technologies du web s\u00e9mantique pour mod\u00e9liser de mani\u00e8re int\u00e9gr\u00e9e un environnement cyber-physique dans toutes ses dimensions, i.e., cybern\u00e9tiques, physiques et sociales. Pour la recherche de chemin, nous avons propos\u00e9 une approche multi-agents, ex\u00e9cutant un algorithme de recherche collaborative et incr\u00e9mentale, qui utilise les connaissances de l&rsquo;environnement pour trouver le chemin optimal. Cet algorithme adapte aussi lechemin en prenant en compte la dynamique de l&rsquo;environnement. <strong>Financeur :\u00a0<\/strong><\/p>\n\n\n\n<p><strong>Soutenance :\u00a0<\/strong> 29 octobre 2018 <\/p>\n\n\n\n<p><strong>Mots cl\u00e9s :\u00a0<\/strong><\/p>\n\n\n\n<p><strong>Directeurs de th\u00e8se : <\/strong><\/p>\n\n\n\n<p>Pr. BALBO Flavien <\/p>\n\n\n\n<p><strong>Jury\u00a0:<\/strong> <\/p>\n\n\n\n<p>MONTICOLO Davy, Ma\u00eetre de conf\u00e9rences HDR, Universit\u00e9 de Lorraine (Rapporteur) <br>OCCELLO Michel, Professeur, Universit\u00e9 Grenoble Alpes (Rapporteur) <br>HERNANDEZ Nathalie, Ma\u00eetre de conf\u00e9rences, Universit\u00e9 de Toulouse (Examinatrice) <br>MANDIAU Ren\u00e9, Professeur, Universit\u00e9 de Valenciennes et du Hainaut-Cambr\u00e9sis (Examinateur) <br>BALBO Flavien, Professeur, \u00c9cole des Mines de Saint-\u00c9tienne (Directeur de th\u00e8se) <br>ZIMMERMANN Antoine, Ma\u00eetre Assistant, \u00c9cole des Mines de Saint-\u00c9tienne (Co-encadrant)<\/p>\n\n\n\n<p class=\"has-text-align-center\">&nbsp;| <a href=\"https:\/\/www.mines-stetienne.fr\/fayol\/recherche\/informatique-et-systemes-intelligents\/\">D\u00e9partement Informatique et syst\u00e8mes intelligents<\/a> |<a href=\"https:\/\/www.mines-stetienne.fr\/recherche\/departements\/departement-management-responsable-et-innovation\/projets\/\"> <\/a><\/p>\n\n\n\n<p class=\"has-text-align-center\"><a href=\"https:\/\/www.mines-stetienne.fr\/fayol\/recherche\/informatique-et-systemes-intelligents\/projets\/\">| Projets<\/a> | <em><a href=\"https:\/\/www.mines-stetienne.fr\/fayol\/recherche\/informatique-et-systemes-intelligents\/equipe\/\">\u00c9quipe<\/a><\/em> | <a href=\"https:\/\/www.mines-stetienne.fr\/fayol\/recherche\/informatique-et-systemes-intelligents\/publications\/\">Publications<\/a> | <a href=\"https:\/\/www.mines-stetienne.fr\/fayol\/recherche\/informatique-et-systemes-intelligents\/partenaires\/\">Partenaires |<\/a><\/p>\n","protected":false},"excerpt":{"rendered":"<p>&nbsp;| D\u00e9partement Informatique et syst\u00e8mes intelligents | | Projets | \u00c9quipe | Publications | Partenaires | Titre : Mod\u00e9lisation et exploitation des connaissances de l&rsquo;environnement : une approche multi-agents pour la recherche d&rsquo;itin\u00e9raires multi-objectifs dans des environnements ubiquitaires R\u00e9sum\u00e9 : &hellip;<\/p>\n","protected":false},"author":1536,"featured_media":0,"parent":286,"menu_order":0,"comment_status":"closed","ping_status":"closed","template":"","meta":{"footnotes":""},"tags":[],"class_list":["post-422","page","type-page","status-publish","hentry"],"pp_statuses_selecting_workflow":false,"pp_workflow_action":"current","pp_status_selection":"publish","pp_force_visibility":null,"pp_subpost_visibility":null,"pp_inherited_force_visibility":null,"pp_inherited_subpost_visibility":null,"yoast_head":"<!-- This site is optimized with the Yoast SEO plugin v27.5 - https:\/\/yoast.com\/product\/yoast-seo-wordpress\/ -->\n<title>Th\u00e8se pr\u00e9par\u00e9e par Oudom KEM - Institut Henri Fayol<\/title>\n<meta name=\"robots\" content=\"index, follow, max-snippet:-1, max-image-preview:large, max-video-preview:-1\" \/>\n<link rel=\"canonical\" href=\"https:\/\/www.mines-stetienne.fr\/fayol\/theses\/these-preparee-par-oudom-kem\/\" \/>\n<meta property=\"og:locale\" content=\"fr_FR\" \/>\n<meta property=\"og:type\" content=\"article\" \/>\n<meta property=\"og:title\" content=\"Th\u00e8se pr\u00e9par\u00e9e par Oudom KEM - Institut Henri Fayol\" \/>\n<meta property=\"og:description\" content=\"&nbsp;| D\u00e9partement Informatique et syst\u00e8mes intelligents | | Projets | \u00c9quipe | Publications | Partenaires | Titre : Mod\u00e9lisation et exploitation des connaissances de l&rsquo;environnement : une approche multi-agents pour la recherche d&rsquo;itin\u00e9raires multi-objectifs dans des environnements ubiquitaires R\u00e9sum\u00e9 : &hellip;\" \/>\n<meta property=\"og:url\" content=\"https:\/\/www.mines-stetienne.fr\/fayol\/theses\/these-preparee-par-oudom-kem\/\" \/>\n<meta property=\"og:site_name\" content=\"Institut Henri Fayol\" \/>\n<meta property=\"article:publisher\" content=\"https:\/\/www.facebook.com\/MinesSaintEtienne\" \/>\n<meta property=\"article:modified_time\" content=\"2023-01-10T15:54:43+00:00\" \/>\n<meta name=\"twitter:card\" content=\"summary_large_image\" \/>\n<meta name=\"twitter:site\" content=\"@MINES_StEtienne\" \/>\n<meta name=\"twitter:label1\" content=\"Dur\u00e9e de lecture estim\u00e9e\" \/>\n\t<meta name=\"twitter:data1\" content=\"3 minutes\" \/>\n<script type=\"application\/ld+json\" class=\"yoast-schema-graph\">{\"@context\":\"https:\\\/\\\/schema.org\",\"@graph\":[{\"@type\":\"WebPage\",\"@id\":\"https:\\\/\\\/www.mines-stetienne.fr\\\/fayol\\\/theses\\\/these-preparee-par-oudom-kem\\\/\",\"url\":\"https:\\\/\\\/www.mines-stetienne.fr\\\/fayol\\\/theses\\\/these-preparee-par-oudom-kem\\\/\",\"name\":\"Th\u00e8se pr\u00e9par\u00e9e par Oudom KEM - Institut Henri Fayol\",\"isPartOf\":{\"@id\":\"https:\\\/\\\/www.mines-stetienne.fr\\\/fayol\\\/#website\"},\"datePublished\":\"2023-01-10T15:48:49+00:00\",\"dateModified\":\"2023-01-10T15:54:43+00:00\",\"breadcrumb\":{\"@id\":\"https:\\\/\\\/www.mines-stetienne.fr\\\/fayol\\\/theses\\\/these-preparee-par-oudom-kem\\\/#breadcrumb\"},\"inLanguage\":\"fr-FR\",\"potentialAction\":[{\"@type\":\"ReadAction\",\"target\":[\"https:\\\/\\\/www.mines-stetienne.fr\\\/fayol\\\/theses\\\/these-preparee-par-oudom-kem\\\/\"]}]},{\"@type\":\"BreadcrumbList\",\"@id\":\"https:\\\/\\\/www.mines-stetienne.fr\\\/fayol\\\/theses\\\/these-preparee-par-oudom-kem\\\/#breadcrumb\",\"itemListElement\":[{\"@type\":\"ListItem\",\"position\":1,\"name\":\"Accueil\",\"item\":\"https:\\\/\\\/www.mines-stetienne.fr\\\/fayol\\\/\"},{\"@type\":\"ListItem\",\"position\":2,\"name\":\"Recherche\",\"item\":\"https:\\\/\\\/www.mines-stetienne.fr\\\/fayol\\\/theses\\\/\"},{\"@type\":\"ListItem\",\"position\":3,\"name\":\"Th\u00e8se pr\u00e9par\u00e9e par Oudom KEM\"}]},{\"@type\":\"WebSite\",\"@id\":\"https:\\\/\\\/www.mines-stetienne.fr\\\/fayol\\\/#website\",\"url\":\"https:\\\/\\\/www.mines-stetienne.fr\\\/fayol\\\/\",\"name\":\"Institut Henri Fayol\",\"description\":\"\",\"publisher\":{\"@id\":\"https:\\\/\\\/www.mines-stetienne.fr\\\/fayol\\\/#organization\"},\"potentialAction\":[{\"@type\":\"SearchAction\",\"target\":{\"@type\":\"EntryPoint\",\"urlTemplate\":\"https:\\\/\\\/www.mines-stetienne.fr\\\/fayol\\\/?s={search_term_string}\"},\"query-input\":{\"@type\":\"PropertyValueSpecification\",\"valueRequired\":true,\"valueName\":\"search_term_string\"}}],\"inLanguage\":\"fr-FR\"},{\"@type\":\"Organization\",\"@id\":\"https:\\\/\\\/www.mines-stetienne.fr\\\/fayol\\\/#organization\",\"name\":\"Institut Henri Fayol\",\"url\":\"https:\\\/\\\/www.mines-stetienne.fr\\\/fayol\\\/\",\"logo\":{\"@type\":\"ImageObject\",\"inLanguage\":\"fr-FR\",\"@id\":\"https:\\\/\\\/www.mines-stetienne.fr\\\/fayol\\\/#\\\/schema\\\/logo\\\/image\\\/\",\"url\":\"https:\\\/\\\/www.mines-stetienne.fr\\\/fayol\\\/wp-content\\\/uploads\\\/sites\\\/18\\\/2022\\\/09\\\/Mines_Saint_Etienne_IMT_RVB.png\",\"contentUrl\":\"https:\\\/\\\/www.mines-stetienne.fr\\\/fayol\\\/wp-content\\\/uploads\\\/sites\\\/18\\\/2022\\\/09\\\/Mines_Saint_Etienne_IMT_RVB.png\",\"width\":316,\"height\":315,\"caption\":\"Institut Henri Fayol\"},\"image\":{\"@id\":\"https:\\\/\\\/www.mines-stetienne.fr\\\/fayol\\\/#\\\/schema\\\/logo\\\/image\\\/\"},\"sameAs\":[\"https:\\\/\\\/www.facebook.com\\\/MinesSaintEtienne\",\"https:\\\/\\\/x.com\\\/MINES_StEtienne\",\"https:\\\/\\\/www.youtube.com\\\/channel\\\/UCVSdpdmJccvUngjJ2on1n3A\"]}]}<\/script>\n<!-- \/ Yoast SEO plugin. -->","yoast_head_json":{"title":"Th\u00e8se pr\u00e9par\u00e9e par Oudom KEM - Institut Henri Fayol","robots":{"index":"index","follow":"follow","max-snippet":"max-snippet:-1","max-image-preview":"max-image-preview:large","max-video-preview":"max-video-preview:-1"},"canonical":"https:\/\/www.mines-stetienne.fr\/fayol\/theses\/these-preparee-par-oudom-kem\/","og_locale":"fr_FR","og_type":"article","og_title":"Th\u00e8se pr\u00e9par\u00e9e par Oudom KEM - Institut Henri Fayol","og_description":"&nbsp;| D\u00e9partement Informatique et syst\u00e8mes intelligents | | Projets | \u00c9quipe | Publications | Partenaires | Titre : Mod\u00e9lisation et exploitation des connaissances de l&rsquo;environnement : une approche multi-agents pour la recherche d&rsquo;itin\u00e9raires multi-objectifs dans des environnements ubiquitaires R\u00e9sum\u00e9 : &hellip;","og_url":"https:\/\/www.mines-stetienne.fr\/fayol\/theses\/these-preparee-par-oudom-kem\/","og_site_name":"Institut Henri Fayol","article_publisher":"https:\/\/www.facebook.com\/MinesSaintEtienne","article_modified_time":"2023-01-10T15:54:43+00:00","twitter_card":"summary_large_image","twitter_site":"@MINES_StEtienne","twitter_misc":{"Dur\u00e9e de lecture estim\u00e9e":"3 minutes"},"schema":{"@context":"https:\/\/schema.org","@graph":[{"@type":"WebPage","@id":"https:\/\/www.mines-stetienne.fr\/fayol\/theses\/these-preparee-par-oudom-kem\/","url":"https:\/\/www.mines-stetienne.fr\/fayol\/theses\/these-preparee-par-oudom-kem\/","name":"Th\u00e8se pr\u00e9par\u00e9e par Oudom KEM - Institut Henri Fayol","isPartOf":{"@id":"https:\/\/www.mines-stetienne.fr\/fayol\/#website"},"datePublished":"2023-01-10T15:48:49+00:00","dateModified":"2023-01-10T15:54:43+00:00","breadcrumb":{"@id":"https:\/\/www.mines-stetienne.fr\/fayol\/theses\/these-preparee-par-oudom-kem\/#breadcrumb"},"inLanguage":"fr-FR","potentialAction":[{"@type":"ReadAction","target":["https:\/\/www.mines-stetienne.fr\/fayol\/theses\/these-preparee-par-oudom-kem\/"]}]},{"@type":"BreadcrumbList","@id":"https:\/\/www.mines-stetienne.fr\/fayol\/theses\/these-preparee-par-oudom-kem\/#breadcrumb","itemListElement":[{"@type":"ListItem","position":1,"name":"Accueil","item":"https:\/\/www.mines-stetienne.fr\/fayol\/"},{"@type":"ListItem","position":2,"name":"Recherche","item":"https:\/\/www.mines-stetienne.fr\/fayol\/theses\/"},{"@type":"ListItem","position":3,"name":"Th\u00e8se pr\u00e9par\u00e9e par Oudom KEM"}]},{"@type":"WebSite","@id":"https:\/\/www.mines-stetienne.fr\/fayol\/#website","url":"https:\/\/www.mines-stetienne.fr\/fayol\/","name":"Institut Henri Fayol","description":"","publisher":{"@id":"https:\/\/www.mines-stetienne.fr\/fayol\/#organization"},"potentialAction":[{"@type":"SearchAction","target":{"@type":"EntryPoint","urlTemplate":"https:\/\/www.mines-stetienne.fr\/fayol\/?s={search_term_string}"},"query-input":{"@type":"PropertyValueSpecification","valueRequired":true,"valueName":"search_term_string"}}],"inLanguage":"fr-FR"},{"@type":"Organization","@id":"https:\/\/www.mines-stetienne.fr\/fayol\/#organization","name":"Institut Henri Fayol","url":"https:\/\/www.mines-stetienne.fr\/fayol\/","logo":{"@type":"ImageObject","inLanguage":"fr-FR","@id":"https:\/\/www.mines-stetienne.fr\/fayol\/#\/schema\/logo\/image\/","url":"https:\/\/www.mines-stetienne.fr\/fayol\/wp-content\/uploads\/sites\/18\/2022\/09\/Mines_Saint_Etienne_IMT_RVB.png","contentUrl":"https:\/\/www.mines-stetienne.fr\/fayol\/wp-content\/uploads\/sites\/18\/2022\/09\/Mines_Saint_Etienne_IMT_RVB.png","width":316,"height":315,"caption":"Institut Henri Fayol"},"image":{"@id":"https:\/\/www.mines-stetienne.fr\/fayol\/#\/schema\/logo\/image\/"},"sameAs":["https:\/\/www.facebook.com\/MinesSaintEtienne","https:\/\/x.com\/MINES_StEtienne","https:\/\/www.youtube.com\/channel\/UCVSdpdmJccvUngjJ2on1n3A"]}]}},"_links":{"self":[{"href":"https:\/\/www.mines-stetienne.fr\/fayol\/wp-json\/wp\/v2\/pages\/422","targetHints":{"allow":["GET"]}}],"collection":[{"href":"https:\/\/www.mines-stetienne.fr\/fayol\/wp-json\/wp\/v2\/pages"}],"about":[{"href":"https:\/\/www.mines-stetienne.fr\/fayol\/wp-json\/wp\/v2\/types\/page"}],"author":[{"embeddable":true,"href":"https:\/\/www.mines-stetienne.fr\/fayol\/wp-json\/wp\/v2\/users\/1536"}],"replies":[{"embeddable":true,"href":"https:\/\/www.mines-stetienne.fr\/fayol\/wp-json\/wp\/v2\/comments?post=422"}],"version-history":[{"count":2,"href":"https:\/\/www.mines-stetienne.fr\/fayol\/wp-json\/wp\/v2\/pages\/422\/revisions"}],"predecessor-version":[{"id":424,"href":"https:\/\/www.mines-stetienne.fr\/fayol\/wp-json\/wp\/v2\/pages\/422\/revisions\/424"}],"up":[{"embeddable":true,"href":"https:\/\/www.mines-stetienne.fr\/fayol\/wp-json\/wp\/v2\/pages\/286"}],"wp:attachment":[{"href":"https:\/\/www.mines-stetienne.fr\/fayol\/wp-json\/wp\/v2\/media?parent=422"}],"wp:term":[{"taxonomy":"post_tag","embeddable":true,"href":"https:\/\/www.mines-stetienne.fr\/fayol\/wp-json\/wp\/v2\/tags?post=422"}],"curies":[{"name":"wp","href":"https:\/\/api.w.org\/{rel}","templated":true}]}}