{"id":411,"date":"2023-01-10T16:33:49","date_gmt":"2023-01-10T15:33:49","guid":{"rendered":"https:\/\/www.mines-stetienne.fr\/fayol\/?page_id=411"},"modified":"2023-01-10T16:37:12","modified_gmt":"2023-01-10T15:37:12","slug":"these-preparee-par-martha-orellano","status":"publish","type":"page","link":"https:\/\/www.mines-stetienne.fr\/fayol\/theses\/these-preparee-par-martha-orellano\/","title":{"rendered":"Th\u00e8se pr\u00e9par\u00e9e par Martha ORELLANO"},"content":{"rendered":"\n<p class=\"has-text-align-center\"><a href=\"https:\/\/www.mines-stetienne.fr\/fayol\/recherche\/genie-de-lenvironnement-pour-les-organisations\/\">| D\u00e9partement G\u00e9nie de l\u2019environnement et des organisations |<\/a><\/p>\n\n\n\n<p class=\"has-text-align-center\"><strong><a href=\"https:\/\/www.mines-stetienne.fr\/recherche\/departements\/departement-management-responsable-et-innovation\/projets\/\">\u00a0<\/a><\/strong><a href=\"https:\/\/www.mines-stetienne.fr\/fayol\/recherche\/genie-de-lenvironnement-pour-les-organisations\/projets\/\">| Projets<\/a>\u00a0|\u00a0<em><a href=\"https:\/\/www.mines-stetienne.fr\/fayol\/recherche\/genie-de-lenvironnement-pour-les-organisations\/equipe-2\/\">\u00c9quipe<\/a><\/em>\u00a0|\u00a0<a href=\"https:\/\/www.mines-stetienne.fr\/fayol\/recherche\/genie-de-lenvironnement-pour-les-organisations\/publications\/\">Publications<\/a>\u00a0|\u00a0<a href=\"https:\/\/www.mines-stetienne.fr\/fayol\/recherche\/genie-de-lenvironnement-pour-les-organisations\/partenaires\/\">Partenaires |<\/a><\/p>\n\n\n\n<p><strong>Titre :&nbsp;<\/strong>Cadre m\u00e9thodologique pour l\u2019analyse de la valeur durable dans la conception collaborative d\u2019offres innovantes<\/p>\n\n\n\n<p><strong>R\u00e9sum\u00e9 :&nbsp;<\/strong>L\u2019augmentation des pressions environnementales et sociales n\u00e9cessite l\u2019adoption de pratiques plus durables dans l\u2019industrie. Pour les entreprises, cela se traduit par la prise en compte dans le processus d\u2019innovation de nouveaux crit\u00e8res li\u00e9s a la cr\u00e9ation de valeur durable, dans le sens \u00e9conomique, mais aussi environnementale et sociale. L\u2019objectif principal de ce travail de th\u00e8se est de fournir un cadre m\u00e9thodologique aux entreprises pour l\u2019int\u00e9gration de crit\u00e8res ax\u00e9s sur le d\u00e9veloppement durable dans leurs processus d\u2019innovation. La contribution de cette th\u00e8se est triple. Tout d\u2019abord, un cadre permettant de conceptualiser la valeur cr\u00e9\u00e9e par une innovation est propos\u00e9. Ce cadre s\u2019appuie sur cinq dimensions de la valeur : les trois dimensions du d\u00e9veloppement durable, \u00e9conomique, environnementale, sociale, auxquelles s\u2019ajoutent deux dimensions, relationnelle et fonctionnelle. Deuxi\u00e8mement, une approche de mod\u00e9lisation des syst\u00e8mes est adopt\u00e9e pour analyser le processus d\u2019alignement entre les attentes des clients en termes de cr\u00e9ation de valeur et les alternatives possibles en termes de propositions de valeur par les fournisseurs. Enfin, compte tenu de la diversit\u00e9 des parties prenantes impliqu\u00e9es et du caract\u00e8re multidimensionnelle de la valeur durable, une approche d\u2019aide \u00e0 la d\u00e9cision multicrit\u00e8res et multi-acteurs est adopt\u00e9e pour \u00e9valuer les alternatives r\u00e9alisables au regard des objectifs de cr\u00e9ation de valeur. Le cadre propose est alors appliqu\u00e9 \u00e0 la transformation du syst\u00e8me de fourniture de v\u00eatements de s\u00e9curit\u00e9 aux employ\u00e9s d\u2019une grande entreprise fran\u00e7aise (EDF).<\/p>\n\n\n\n<p><strong>Soutenance pr\u00e9vue :&nbsp;<\/strong>&nbsp;Novembre 2019<\/p>\n\n\n\n<p><strong>Directeurs de th\u00e8se :<\/strong><\/p>\n\n\n\n<ul class=\"wp-block-list\">\n<li>Gilles NEUBERT, emlyon, France (Directeur)<\/li>\n\n\n\n<li>Khaled MEDINI, Mines Saint- \u00c9tienne, France (Co-encadrant)<\/li>\n\n\n\n<li>Christine LAMBEY-CHECCHIN, Universit\u00e9 Clermont Auvergne, France (Co-encadrante)<\/li>\n<\/ul>\n\n\n\n<p><a href=\"https:\/\/www.mines-stetienne.fr\/recherche\/departements\/departement-genie-de-l-environnement-et-des-organisations\/\"><\/a><\/p>\n\n\n\n<p class=\"has-text-align-center\"><a href=\"https:\/\/www.mines-stetienne.fr\/fayol\/recherche\/genie-de-lenvironnement-pour-les-organisations\/\">| D\u00e9partement G\u00e9nie de l\u2019environnement et des organisations |<\/a><\/p>\n\n\n\n<p class=\"has-text-align-center\"><strong><a href=\"https:\/\/www.mines-stetienne.fr\/recherche\/departements\/departement-management-responsable-et-innovation\/projets\/\">\u00a0<\/a><\/strong><a href=\"https:\/\/www.mines-stetienne.fr\/fayol\/recherche\/genie-de-lenvironnement-pour-les-organisations\/projets\/\">| Projets<\/a>\u00a0|\u00a0<em><a href=\"https:\/\/www.mines-stetienne.fr\/fayol\/recherche\/genie-de-lenvironnement-pour-les-organisations\/equipe-2\/\">\u00c9quipe<\/a><\/em>\u00a0|\u00a0<a href=\"https:\/\/www.mines-stetienne.fr\/fayol\/recherche\/genie-de-lenvironnement-pour-les-organisations\/publications\/\">Publications<\/a>\u00a0|\u00a0<a href=\"https:\/\/www.mines-stetienne.fr\/fayol\/recherche\/genie-de-lenvironnement-pour-les-organisations\/partenaires\/\">Partenaires |<\/a><\/p>\n","protected":false},"excerpt":{"rendered":"<p>| D\u00e9partement G\u00e9nie de l\u2019environnement et des organisations | \u00a0| Projets\u00a0|\u00a0\u00c9quipe\u00a0|\u00a0Publications\u00a0|\u00a0Partenaires | Titre :&nbsp;Cadre m\u00e9thodologique pour l\u2019analyse de la valeur durable dans la conception collaborative d\u2019offres innovantes R\u00e9sum\u00e9 :&nbsp;L\u2019augmentation des pressions environnementales et sociales n\u00e9cessite l\u2019adoption de pratiques plus durables &hellip;<\/p>\n","protected":false},"author":1536,"featured_media":0,"parent":286,"menu_order":0,"comment_status":"closed","ping_status":"closed","template":"","meta":{"footnotes":""},"tags":[],"class_list":["post-411","page","type-page","status-publish","hentry"],"pp_statuses_selecting_workflow":false,"pp_workflow_action":"current","pp_status_selection":"publish","pp_force_visibility":null,"pp_subpost_visibility":null,"pp_inherited_force_visibility":null,"pp_inherited_subpost_visibility":null,"yoast_head":"<!-- This site is optimized with the Yoast SEO plugin v27.5 - https:\/\/yoast.com\/product\/yoast-seo-wordpress\/ -->\n<title>Th\u00e8se pr\u00e9par\u00e9e par Martha ORELLANO - Institut Henri Fayol<\/title>\n<meta name=\"robots\" content=\"index, follow, max-snippet:-1, max-image-preview:large, max-video-preview:-1\" \/>\n<link rel=\"canonical\" href=\"https:\/\/www.mines-stetienne.fr\/fayol\/theses\/these-preparee-par-martha-orellano\/\" \/>\n<meta property=\"og:locale\" content=\"fr_FR\" \/>\n<meta property=\"og:type\" content=\"article\" \/>\n<meta property=\"og:title\" content=\"Th\u00e8se pr\u00e9par\u00e9e par Martha ORELLANO - Institut Henri Fayol\" \/>\n<meta property=\"og:description\" content=\"| D\u00e9partement G\u00e9nie de l\u2019environnement et des organisations | \u00a0| Projets\u00a0|\u00a0\u00c9quipe\u00a0|\u00a0Publications\u00a0|\u00a0Partenaires | Titre :&nbsp;Cadre m\u00e9thodologique pour l\u2019analyse de la valeur durable dans la conception collaborative d\u2019offres innovantes R\u00e9sum\u00e9 :&nbsp;L\u2019augmentation des pressions environnementales et sociales n\u00e9cessite l\u2019adoption de pratiques plus durables &hellip;\" \/>\n<meta property=\"og:url\" content=\"https:\/\/www.mines-stetienne.fr\/fayol\/theses\/these-preparee-par-martha-orellano\/\" \/>\n<meta property=\"og:site_name\" content=\"Institut Henri Fayol\" \/>\n<meta property=\"article:publisher\" content=\"https:\/\/www.facebook.com\/MinesSaintEtienne\" \/>\n<meta property=\"article:modified_time\" content=\"2023-01-10T15:37:12+00:00\" \/>\n<meta name=\"twitter:card\" content=\"summary_large_image\" \/>\n<meta name=\"twitter:site\" content=\"@MINES_StEtienne\" \/>\n<meta name=\"twitter:label1\" content=\"Dur\u00e9e de lecture estim\u00e9e\" \/>\n\t<meta name=\"twitter:data1\" content=\"2 minutes\" \/>\n<script type=\"application\/ld+json\" class=\"yoast-schema-graph\">{\"@context\":\"https:\\\/\\\/schema.org\",\"@graph\":[{\"@type\":\"WebPage\",\"@id\":\"https:\\\/\\\/www.mines-stetienne.fr\\\/fayol\\\/theses\\\/these-preparee-par-martha-orellano\\\/\",\"url\":\"https:\\\/\\\/www.mines-stetienne.fr\\\/fayol\\\/theses\\\/these-preparee-par-martha-orellano\\\/\",\"name\":\"Th\u00e8se pr\u00e9par\u00e9e par Martha ORELLANO - Institut Henri Fayol\",\"isPartOf\":{\"@id\":\"https:\\\/\\\/www.mines-stetienne.fr\\\/fayol\\\/#website\"},\"datePublished\":\"2023-01-10T15:33:49+00:00\",\"dateModified\":\"2023-01-10T15:37:12+00:00\",\"breadcrumb\":{\"@id\":\"https:\\\/\\\/www.mines-stetienne.fr\\\/fayol\\\/theses\\\/these-preparee-par-martha-orellano\\\/#breadcrumb\"},\"inLanguage\":\"fr-FR\",\"potentialAction\":[{\"@type\":\"ReadAction\",\"target\":[\"https:\\\/\\\/www.mines-stetienne.fr\\\/fayol\\\/theses\\\/these-preparee-par-martha-orellano\\\/\"]}]},{\"@type\":\"BreadcrumbList\",\"@id\":\"https:\\\/\\\/www.mines-stetienne.fr\\\/fayol\\\/theses\\\/these-preparee-par-martha-orellano\\\/#breadcrumb\",\"itemListElement\":[{\"@type\":\"ListItem\",\"position\":1,\"name\":\"Accueil\",\"item\":\"https:\\\/\\\/www.mines-stetienne.fr\\\/fayol\\\/\"},{\"@type\":\"ListItem\",\"position\":2,\"name\":\"Recherche\",\"item\":\"https:\\\/\\\/www.mines-stetienne.fr\\\/fayol\\\/theses\\\/\"},{\"@type\":\"ListItem\",\"position\":3,\"name\":\"Th\u00e8se pr\u00e9par\u00e9e par Martha ORELLANO\"}]},{\"@type\":\"WebSite\",\"@id\":\"https:\\\/\\\/www.mines-stetienne.fr\\\/fayol\\\/#website\",\"url\":\"https:\\\/\\\/www.mines-stetienne.fr\\\/fayol\\\/\",\"name\":\"Institut Henri Fayol\",\"description\":\"\",\"publisher\":{\"@id\":\"https:\\\/\\\/www.mines-stetienne.fr\\\/fayol\\\/#organization\"},\"potentialAction\":[{\"@type\":\"SearchAction\",\"target\":{\"@type\":\"EntryPoint\",\"urlTemplate\":\"https:\\\/\\\/www.mines-stetienne.fr\\\/fayol\\\/?s={search_term_string}\"},\"query-input\":{\"@type\":\"PropertyValueSpecification\",\"valueRequired\":true,\"valueName\":\"search_term_string\"}}],\"inLanguage\":\"fr-FR\"},{\"@type\":\"Organization\",\"@id\":\"https:\\\/\\\/www.mines-stetienne.fr\\\/fayol\\\/#organization\",\"name\":\"Institut Henri Fayol\",\"url\":\"https:\\\/\\\/www.mines-stetienne.fr\\\/fayol\\\/\",\"logo\":{\"@type\":\"ImageObject\",\"inLanguage\":\"fr-FR\",\"@id\":\"https:\\\/\\\/www.mines-stetienne.fr\\\/fayol\\\/#\\\/schema\\\/logo\\\/image\\\/\",\"url\":\"https:\\\/\\\/www.mines-stetienne.fr\\\/fayol\\\/wp-content\\\/uploads\\\/sites\\\/18\\\/2022\\\/09\\\/Mines_Saint_Etienne_IMT_RVB.png\",\"contentUrl\":\"https:\\\/\\\/www.mines-stetienne.fr\\\/fayol\\\/wp-content\\\/uploads\\\/sites\\\/18\\\/2022\\\/09\\\/Mines_Saint_Etienne_IMT_RVB.png\",\"width\":316,\"height\":315,\"caption\":\"Institut Henri Fayol\"},\"image\":{\"@id\":\"https:\\\/\\\/www.mines-stetienne.fr\\\/fayol\\\/#\\\/schema\\\/logo\\\/image\\\/\"},\"sameAs\":[\"https:\\\/\\\/www.facebook.com\\\/MinesSaintEtienne\",\"https:\\\/\\\/x.com\\\/MINES_StEtienne\",\"https:\\\/\\\/www.youtube.com\\\/channel\\\/UCVSdpdmJccvUngjJ2on1n3A\"]}]}<\/script>\n<!-- \/ Yoast SEO plugin. -->","yoast_head_json":{"title":"Th\u00e8se pr\u00e9par\u00e9e par Martha ORELLANO - Institut Henri Fayol","robots":{"index":"index","follow":"follow","max-snippet":"max-snippet:-1","max-image-preview":"max-image-preview:large","max-video-preview":"max-video-preview:-1"},"canonical":"https:\/\/www.mines-stetienne.fr\/fayol\/theses\/these-preparee-par-martha-orellano\/","og_locale":"fr_FR","og_type":"article","og_title":"Th\u00e8se pr\u00e9par\u00e9e par Martha ORELLANO - Institut Henri Fayol","og_description":"| D\u00e9partement G\u00e9nie de l\u2019environnement et des organisations | \u00a0| Projets\u00a0|\u00a0\u00c9quipe\u00a0|\u00a0Publications\u00a0|\u00a0Partenaires | Titre :&nbsp;Cadre m\u00e9thodologique pour l\u2019analyse de la valeur durable dans la conception collaborative d\u2019offres innovantes R\u00e9sum\u00e9 :&nbsp;L\u2019augmentation des pressions environnementales et sociales n\u00e9cessite l\u2019adoption de pratiques plus durables &hellip;","og_url":"https:\/\/www.mines-stetienne.fr\/fayol\/theses\/these-preparee-par-martha-orellano\/","og_site_name":"Institut Henri Fayol","article_publisher":"https:\/\/www.facebook.com\/MinesSaintEtienne","article_modified_time":"2023-01-10T15:37:12+00:00","twitter_card":"summary_large_image","twitter_site":"@MINES_StEtienne","twitter_misc":{"Dur\u00e9e de lecture estim\u00e9e":"2 minutes"},"schema":{"@context":"https:\/\/schema.org","@graph":[{"@type":"WebPage","@id":"https:\/\/www.mines-stetienne.fr\/fayol\/theses\/these-preparee-par-martha-orellano\/","url":"https:\/\/www.mines-stetienne.fr\/fayol\/theses\/these-preparee-par-martha-orellano\/","name":"Th\u00e8se pr\u00e9par\u00e9e par Martha ORELLANO - Institut Henri Fayol","isPartOf":{"@id":"https:\/\/www.mines-stetienne.fr\/fayol\/#website"},"datePublished":"2023-01-10T15:33:49+00:00","dateModified":"2023-01-10T15:37:12+00:00","breadcrumb":{"@id":"https:\/\/www.mines-stetienne.fr\/fayol\/theses\/these-preparee-par-martha-orellano\/#breadcrumb"},"inLanguage":"fr-FR","potentialAction":[{"@type":"ReadAction","target":["https:\/\/www.mines-stetienne.fr\/fayol\/theses\/these-preparee-par-martha-orellano\/"]}]},{"@type":"BreadcrumbList","@id":"https:\/\/www.mines-stetienne.fr\/fayol\/theses\/these-preparee-par-martha-orellano\/#breadcrumb","itemListElement":[{"@type":"ListItem","position":1,"name":"Accueil","item":"https:\/\/www.mines-stetienne.fr\/fayol\/"},{"@type":"ListItem","position":2,"name":"Recherche","item":"https:\/\/www.mines-stetienne.fr\/fayol\/theses\/"},{"@type":"ListItem","position":3,"name":"Th\u00e8se pr\u00e9par\u00e9e par Martha ORELLANO"}]},{"@type":"WebSite","@id":"https:\/\/www.mines-stetienne.fr\/fayol\/#website","url":"https:\/\/www.mines-stetienne.fr\/fayol\/","name":"Institut Henri Fayol","description":"","publisher":{"@id":"https:\/\/www.mines-stetienne.fr\/fayol\/#organization"},"potentialAction":[{"@type":"SearchAction","target":{"@type":"EntryPoint","urlTemplate":"https:\/\/www.mines-stetienne.fr\/fayol\/?s={search_term_string}"},"query-input":{"@type":"PropertyValueSpecification","valueRequired":true,"valueName":"search_term_string"}}],"inLanguage":"fr-FR"},{"@type":"Organization","@id":"https:\/\/www.mines-stetienne.fr\/fayol\/#organization","name":"Institut Henri Fayol","url":"https:\/\/www.mines-stetienne.fr\/fayol\/","logo":{"@type":"ImageObject","inLanguage":"fr-FR","@id":"https:\/\/www.mines-stetienne.fr\/fayol\/#\/schema\/logo\/image\/","url":"https:\/\/www.mines-stetienne.fr\/fayol\/wp-content\/uploads\/sites\/18\/2022\/09\/Mines_Saint_Etienne_IMT_RVB.png","contentUrl":"https:\/\/www.mines-stetienne.fr\/fayol\/wp-content\/uploads\/sites\/18\/2022\/09\/Mines_Saint_Etienne_IMT_RVB.png","width":316,"height":315,"caption":"Institut Henri Fayol"},"image":{"@id":"https:\/\/www.mines-stetienne.fr\/fayol\/#\/schema\/logo\/image\/"},"sameAs":["https:\/\/www.facebook.com\/MinesSaintEtienne","https:\/\/x.com\/MINES_StEtienne","https:\/\/www.youtube.com\/channel\/UCVSdpdmJccvUngjJ2on1n3A"]}]}},"_links":{"self":[{"href":"https:\/\/www.mines-stetienne.fr\/fayol\/wp-json\/wp\/v2\/pages\/411","targetHints":{"allow":["GET"]}}],"collection":[{"href":"https:\/\/www.mines-stetienne.fr\/fayol\/wp-json\/wp\/v2\/pages"}],"about":[{"href":"https:\/\/www.mines-stetienne.fr\/fayol\/wp-json\/wp\/v2\/types\/page"}],"author":[{"embeddable":true,"href":"https:\/\/www.mines-stetienne.fr\/fayol\/wp-json\/wp\/v2\/users\/1536"}],"replies":[{"embeddable":true,"href":"https:\/\/www.mines-stetienne.fr\/fayol\/wp-json\/wp\/v2\/comments?post=411"}],"version-history":[{"count":5,"href":"https:\/\/www.mines-stetienne.fr\/fayol\/wp-json\/wp\/v2\/pages\/411\/revisions"}],"predecessor-version":[{"id":416,"href":"https:\/\/www.mines-stetienne.fr\/fayol\/wp-json\/wp\/v2\/pages\/411\/revisions\/416"}],"up":[{"embeddable":true,"href":"https:\/\/www.mines-stetienne.fr\/fayol\/wp-json\/wp\/v2\/pages\/286"}],"wp:attachment":[{"href":"https:\/\/www.mines-stetienne.fr\/fayol\/wp-json\/wp\/v2\/media?parent=411"}],"wp:term":[{"taxonomy":"post_tag","embeddable":true,"href":"https:\/\/www.mines-stetienne.fr\/fayol\/wp-json\/wp\/v2\/tags?post=411"}],"curies":[{"name":"wp","href":"https:\/\/api.w.org\/{rel}","templated":true}]}}