{"id":401,"date":"2022-12-14T17:24:49","date_gmt":"2022-12-14T16:24:49","guid":{"rendered":"https:\/\/www.mines-stetienne.fr\/fayol\/?page_id=401"},"modified":"2022-12-14T17:24:50","modified_gmt":"2022-12-14T16:24:50","slug":"these-preparee-par-haroune-zaghdaoui","status":"publish","type":"page","link":"https:\/\/www.mines-stetienne.fr\/fayol\/theses\/these-preparee-par-haroune-zaghdaoui\/","title":{"rendered":"Th\u00e8se pr\u00e9par\u00e9e par Haroune ZAGHDAOUI"},"content":{"rendered":"<p style=\"text-align: center\"><a href=\"https:\/\/www.mines-stetienne.fr\/fayol\/recherche\/genie-de-lenvironnement-pour-les-organisations\/\">| D\u00e9partement G\u00e9nie de l\u2019environnement et des organisations |<\/a><br \/>\n<a href=\"https:\/\/www.mines-stetienne.fr\/fayol\/recherche\/genie-de-lenvironnement-pour-les-organisations\/projets\/\">| Projets<\/a>\u00a0|\u00a0<em><a href=\"https:\/\/www.mines-stetienne.fr\/fayol\/recherche\/genie-de-lenvironnement-pour-les-organisations\/equipe-2\/\">\u00c9quipe<\/a><\/em>\u00a0|\u00a0<a href=\"https:\/\/www.mines-stetienne.fr\/fayol\/recherche\/genie-de-lenvironnement-pour-les-organisations\/publications\/\">Publications<\/a>\u00a0|\u00a0<a href=\"https:\/\/www.mines-stetienne.fr\/fayol\/recherche\/genie-de-lenvironnement-pour-les-organisations\/partenaires\/\">Partenaires |<\/a><\/p>\n<p><strong>Titre :<\/strong>Evaluation de la durabilit\u00e9 dans la supply chain\u00a0: application au secteur des produits alimentaires frais<\/p>\n<p><strong>R\u00e9sum\u00e9 : <\/strong>La probl\u00e9matique \u00e9cologique fait l&rsquo;objet de d\u00e9bats internationaux \u00e0 tous les niveaux de la soci\u00e9t\u00e9 (gouvernement, scientifiques, ONG, &#8230;). Elle peut \u00eatre ainsi consid\u00e9r\u00e9 comme le plus grand d\u00e9fi auquel l&rsquo;humanit\u00e9 n\u2019ait jamais fait face. Aujourd&rsquo;hui, la prise de conscience g\u00e9n\u00e9ralis\u00e9e ainsi que les r\u00e9glementations poussent \u00e0 repenser la conception des cha\u00eenes logistiques afin d\u2019int\u00e9grer l\u2019aspect de durabilit\u00e9. Ceci doit \u00eatre analys\u00e9 en tenant compte des aspects environnementaux, \u00e9conomiques et sociaux.<\/p>\n<p>Nous avons d\u00e9cid\u00e9 de travailler sp\u00e9cifiquement sur les produits frais ou p\u00e9rissables parce que les consommateurs ont des attentes \u00e9lev\u00e9es en termes de s\u00e9curit\u00e9 alimentaire et de produits alimentaires issus de l\u2019agriculture locale et biologique. Le secteur alimentaire r\u00e9pond aux exigences requises aux questions de d\u00e9veloppement durable pour les raisons suivantes : d\u2019abord, il est constamment soumis \u00e0 un examen minutieux du public, ensuite parce que les questions environnementales sont r\u00e9guli\u00e8rement signal\u00e9es par les agences gouvernementales et les ONG, enfin l\u2019industrie alimentaire r\u00e9pond \u00e0 un besoin essentiel aux \u00eatres humains : manger. Par ailleurs, des consid\u00e9rations particuli\u00e8res sont prises en compte pour pr\u00e9server la fra\u00eecheur et la qualit\u00e9 des produits\u00a0: des d\u00e9lais de livraison plus limit\u00e9s, des conditions de stockage plus contr\u00f4l\u00e9es, une meilleure qualit\u00e9 des produits finis et la minimisation des pertes dues aux dommages.<\/p>\n<p>Parmi les diff\u00e9rentes m\u00e9thodes d&rsquo;\u00e9valuation de la durabilit\u00e9 dans les cha\u00eenes logistiques, l&rsquo;Analyse des Flux de Mati\u00e8res (AFM ou Material Flow Analysis en anglais \u2013 MFA) s&rsquo;est r\u00e9v\u00e9l\u00e9e efficace comme approche. En effet, \u00e9tant donn\u00e9 que le MFA \u00e9tudie le flux de ressources utilis\u00e9es et transform\u00e9es par un processus ou une combinaison de diff\u00e9rents processus, il est possible d&rsquo;identifier l&rsquo;utilisation des ressources et les \u00e9missions de d\u00e9chets dans les diff\u00e9rents processus et ainsi d\u2019identifier les probl\u00e8mes environnementaux. De nombreux auteurs ont fait valoir que, afin d\u2019obtenir de meilleurs indicateurs de durabilit\u00e9, l&rsquo;AFM doit \u00eatre coupl\u00e9e \u00e0 d&rsquo;autres m\u00e9thodes, incluant des mod\u00e8les sociaux, \u00e9conomiques et\/ou environnementaux.<\/p>\n<p>Cette th\u00e8se a ainsi pour objectif de d\u00e9velopper un mod\u00e8le permettant d&rsquo;\u00e9valuer simultan\u00e9ment les trois dimensions de la durabilit\u00e9 dans les cha\u00eenes logistiques de produits frais, en utilisant l&rsquo;AFM coupl\u00e9e \u00e0 d&rsquo;autres m\u00e9thodes (ACV, empreinte \u00e9cologique, &#8230;).<\/p>\n<p><strong>Abstract : <\/strong>Ecological issues are the subject of international debates at all levels of society (government, scientific, NGOs, &#8230;). It can be seen as the biggest challenge humanity has ever. Today, the widespread awareness as well as regulations lead us to rethink the design of supply chains to incorporate the sustainability aspect. This should be analyzed taking into account environmental, economic and social aspects.<\/p>\n<p>We decided to work specifically on fresh or perishable products because consumers have high expectations in terms of food security and food products demand for organic and local agriculture products is growing. The food industry meets the requirements necessary for sustainable development issues for the following reasons: first, because it is constantly under the close scrutiny of the public, then because environmental issues are regularly reported by government agencies and NGOs, third, it answers to an essential need of human beings: to eat. Moreover, special considerations are taken into account in order to preserve the freshness and quality of products, and require more limited delivery times, more controlled storage conditions, better quality of finished products and to minimize losses due to damage.<\/p>\n<p>Among the different methods to evaluate sustainability in supply chains, Material Flow Analysis (MFA) has appeared as an effective approach. Indeed, as MFA studies the flow of resources used and transformed by a single or a combination of various processes, it is possible to identify the use of resources and emissions of wastes in the different processes and thus, identify environmental problems. Many authors have argued that, in order to get better sustainable indicators, MFA should be coupled with other methods including social, economic and\/or environmental models.<\/p>\n<p>This thesis hence aims at developing a model to evaluate simultaneously the three dimensions of sustainability in fresh food supply chains, using MFA coupled with other methods (LCA, footprinting,\u2026).<\/p>\n<p><strong>Partenaires :<\/strong> Kedge Business School (Bordeaux) &amp; Universidad de La Sabana<\/p>\n<p><strong>Financeur :<\/strong> Kedge Business School (Bordeaux) &amp; Universidad de La Sabana<\/p>\n<p><strong>Soutenance pr\u00e9vue :\u00a0<\/strong> septembre 2019<\/p>\n<p><strong> Mots cl\u00e9s :\u00a0<\/strong> evaluation of supply chains, sustainable supply chains, Fresh Food Supply Chain, Material Flow Analysis (MFA).<\/p>\n<p><strong>Directeurs de th\u00e8se :<\/strong><\/p>\n<ul>\n<li>Natacha GONDRAN\u00a0: Ma\u00eetre-assistante \u00e0 Mines Saint Etienne, UMR 5600 EVS<\/li>\n<li>Jairo MONTOYA TORRES\u00a0: Professeur \u00e0 l\u2019Universidad de los Andes, Bogota, Colombie<\/li>\n<li>Anicia JAEGLER\u00a0: Professeur \u00e0 KEDGE Business School<\/li>\n<\/ul>\n<p><strong>Cotutelle :<\/strong> Universidad de La Sabana (Ch\u00eda, Cundinamarca, Colombie)<\/p>\n<p style=\"text-align: center\"><a href=\"https:\/\/www.mines-stetienne.fr\/fayol\/recherche\/genie-de-lenvironnement-pour-les-organisations\/\">| D\u00e9partement G\u00e9nie de l\u2019environnement et des organisations |<\/a><br \/>\n<a href=\"https:\/\/www.mines-stetienne.fr\/fayol\/recherche\/genie-de-lenvironnement-pour-les-organisations\/projets\/\">| Projets<\/a>\u00a0|\u00a0<em><a href=\"https:\/\/www.mines-stetienne.fr\/fayol\/recherche\/genie-de-lenvironnement-pour-les-organisations\/equipe-2\/\">\u00c9quipe<\/a><\/em>\u00a0|\u00a0<a href=\"https:\/\/www.mines-stetienne.fr\/fayol\/recherche\/genie-de-lenvironnement-pour-les-organisations\/publications\/\">Publications<\/a>\u00a0|\u00a0<a href=\"https:\/\/www.mines-stetienne.fr\/fayol\/recherche\/genie-de-lenvironnement-pour-les-organisations\/partenaires\/\">Partenaires |<\/a><\/p>\n","protected":false},"excerpt":{"rendered":"<p>| D\u00e9partement G\u00e9nie de l\u2019environnement et des organisations | | Projets\u00a0|\u00a0\u00c9quipe\u00a0|\u00a0Publications\u00a0|\u00a0Partenaires | Titre :Evaluation de la durabilit\u00e9 dans la supply chain\u00a0: application au secteur des produits alimentaires frais R\u00e9sum\u00e9 : La probl\u00e9matique \u00e9cologique fait l&rsquo;objet de d\u00e9bats internationaux \u00e0 tous &hellip;<\/p>\n","protected":false},"author":1536,"featured_media":0,"parent":286,"menu_order":0,"comment_status":"closed","ping_status":"closed","template":"","meta":{"footnotes":""},"tags":[],"class_list":["post-401","page","type-page","status-publish","hentry"],"pp_statuses_selecting_workflow":false,"pp_workflow_action":"current","pp_status_selection":"publish","pp_force_visibility":null,"pp_subpost_visibility":null,"pp_inherited_force_visibility":null,"pp_inherited_subpost_visibility":null,"yoast_head":"<!-- This site is optimized with the Yoast SEO plugin v27.4 - https:\/\/yoast.com\/product\/yoast-seo-wordpress\/ -->\n<title>Th\u00e8se pr\u00e9par\u00e9e par Haroune ZAGHDAOUI - Institut Henri Fayol<\/title>\n<meta name=\"robots\" content=\"index, follow, max-snippet:-1, max-image-preview:large, max-video-preview:-1\" \/>\n<link rel=\"canonical\" href=\"https:\/\/www.mines-stetienne.fr\/fayol\/theses\/these-preparee-par-haroune-zaghdaoui\/\" \/>\n<meta property=\"og:locale\" content=\"fr_FR\" \/>\n<meta property=\"og:type\" content=\"article\" \/>\n<meta property=\"og:title\" content=\"Th\u00e8se pr\u00e9par\u00e9e par Haroune ZAGHDAOUI - Institut Henri Fayol\" \/>\n<meta property=\"og:description\" content=\"| D\u00e9partement G\u00e9nie de l\u2019environnement et des organisations | | Projets\u00a0|\u00a0\u00c9quipe\u00a0|\u00a0Publications\u00a0|\u00a0Partenaires | Titre :Evaluation de la durabilit\u00e9 dans la supply chain\u00a0: application au secteur des produits alimentaires frais R\u00e9sum\u00e9 : La probl\u00e9matique \u00e9cologique fait l&rsquo;objet de d\u00e9bats internationaux \u00e0 tous &hellip;\" \/>\n<meta property=\"og:url\" content=\"https:\/\/www.mines-stetienne.fr\/fayol\/theses\/these-preparee-par-haroune-zaghdaoui\/\" \/>\n<meta property=\"og:site_name\" content=\"Institut Henri Fayol\" \/>\n<meta property=\"article:publisher\" content=\"https:\/\/www.facebook.com\/MinesSaintEtienne\" \/>\n<meta property=\"article:modified_time\" content=\"2022-12-14T16:24:50+00:00\" \/>\n<meta name=\"twitter:card\" content=\"summary_large_image\" \/>\n<meta name=\"twitter:site\" content=\"@MINES_StEtienne\" \/>\n<meta name=\"twitter:label1\" content=\"Dur\u00e9e de lecture estim\u00e9e\" \/>\n\t<meta name=\"twitter:data1\" content=\"4 minutes\" \/>\n<script type=\"application\/ld+json\" class=\"yoast-schema-graph\">{\"@context\":\"https:\\\/\\\/schema.org\",\"@graph\":[{\"@type\":\"WebPage\",\"@id\":\"https:\\\/\\\/www.mines-stetienne.fr\\\/fayol\\\/theses\\\/these-preparee-par-haroune-zaghdaoui\\\/\",\"url\":\"https:\\\/\\\/www.mines-stetienne.fr\\\/fayol\\\/theses\\\/these-preparee-par-haroune-zaghdaoui\\\/\",\"name\":\"Th\u00e8se pr\u00e9par\u00e9e par Haroune ZAGHDAOUI - Institut Henri Fayol\",\"isPartOf\":{\"@id\":\"https:\\\/\\\/www.mines-stetienne.fr\\\/fayol\\\/#website\"},\"datePublished\":\"2022-12-14T16:24:49+00:00\",\"dateModified\":\"2022-12-14T16:24:50+00:00\",\"breadcrumb\":{\"@id\":\"https:\\\/\\\/www.mines-stetienne.fr\\\/fayol\\\/theses\\\/these-preparee-par-haroune-zaghdaoui\\\/#breadcrumb\"},\"inLanguage\":\"fr-FR\",\"potentialAction\":[{\"@type\":\"ReadAction\",\"target\":[\"https:\\\/\\\/www.mines-stetienne.fr\\\/fayol\\\/theses\\\/these-preparee-par-haroune-zaghdaoui\\\/\"]}]},{\"@type\":\"BreadcrumbList\",\"@id\":\"https:\\\/\\\/www.mines-stetienne.fr\\\/fayol\\\/theses\\\/these-preparee-par-haroune-zaghdaoui\\\/#breadcrumb\",\"itemListElement\":[{\"@type\":\"ListItem\",\"position\":1,\"name\":\"Accueil\",\"item\":\"https:\\\/\\\/www.mines-stetienne.fr\\\/fayol\\\/\"},{\"@type\":\"ListItem\",\"position\":2,\"name\":\"Recherche\",\"item\":\"https:\\\/\\\/www.mines-stetienne.fr\\\/fayol\\\/theses\\\/\"},{\"@type\":\"ListItem\",\"position\":3,\"name\":\"Th\u00e8se pr\u00e9par\u00e9e par Haroune ZAGHDAOUI\"}]},{\"@type\":\"WebSite\",\"@id\":\"https:\\\/\\\/www.mines-stetienne.fr\\\/fayol\\\/#website\",\"url\":\"https:\\\/\\\/www.mines-stetienne.fr\\\/fayol\\\/\",\"name\":\"Institut Henri Fayol\",\"description\":\"\",\"publisher\":{\"@id\":\"https:\\\/\\\/www.mines-stetienne.fr\\\/fayol\\\/#organization\"},\"potentialAction\":[{\"@type\":\"SearchAction\",\"target\":{\"@type\":\"EntryPoint\",\"urlTemplate\":\"https:\\\/\\\/www.mines-stetienne.fr\\\/fayol\\\/?s={search_term_string}\"},\"query-input\":{\"@type\":\"PropertyValueSpecification\",\"valueRequired\":true,\"valueName\":\"search_term_string\"}}],\"inLanguage\":\"fr-FR\"},{\"@type\":\"Organization\",\"@id\":\"https:\\\/\\\/www.mines-stetienne.fr\\\/fayol\\\/#organization\",\"name\":\"Institut Henri Fayol\",\"url\":\"https:\\\/\\\/www.mines-stetienne.fr\\\/fayol\\\/\",\"logo\":{\"@type\":\"ImageObject\",\"inLanguage\":\"fr-FR\",\"@id\":\"https:\\\/\\\/www.mines-stetienne.fr\\\/fayol\\\/#\\\/schema\\\/logo\\\/image\\\/\",\"url\":\"https:\\\/\\\/www.mines-stetienne.fr\\\/fayol\\\/wp-content\\\/uploads\\\/sites\\\/18\\\/2022\\\/09\\\/Mines_Saint_Etienne_IMT_RVB.png\",\"contentUrl\":\"https:\\\/\\\/www.mines-stetienne.fr\\\/fayol\\\/wp-content\\\/uploads\\\/sites\\\/18\\\/2022\\\/09\\\/Mines_Saint_Etienne_IMT_RVB.png\",\"width\":316,\"height\":315,\"caption\":\"Institut Henri Fayol\"},\"image\":{\"@id\":\"https:\\\/\\\/www.mines-stetienne.fr\\\/fayol\\\/#\\\/schema\\\/logo\\\/image\\\/\"},\"sameAs\":[\"https:\\\/\\\/www.facebook.com\\\/MinesSaintEtienne\",\"https:\\\/\\\/x.com\\\/MINES_StEtienne\",\"https:\\\/\\\/www.youtube.com\\\/channel\\\/UCVSdpdmJccvUngjJ2on1n3A\"]}]}<\/script>\n<!-- \/ Yoast SEO plugin. -->","yoast_head_json":{"title":"Th\u00e8se pr\u00e9par\u00e9e par Haroune ZAGHDAOUI - Institut Henri Fayol","robots":{"index":"index","follow":"follow","max-snippet":"max-snippet:-1","max-image-preview":"max-image-preview:large","max-video-preview":"max-video-preview:-1"},"canonical":"https:\/\/www.mines-stetienne.fr\/fayol\/theses\/these-preparee-par-haroune-zaghdaoui\/","og_locale":"fr_FR","og_type":"article","og_title":"Th\u00e8se pr\u00e9par\u00e9e par Haroune ZAGHDAOUI - Institut Henri Fayol","og_description":"| D\u00e9partement G\u00e9nie de l\u2019environnement et des organisations | | Projets\u00a0|\u00a0\u00c9quipe\u00a0|\u00a0Publications\u00a0|\u00a0Partenaires | Titre :Evaluation de la durabilit\u00e9 dans la supply chain\u00a0: application au secteur des produits alimentaires frais R\u00e9sum\u00e9 : La probl\u00e9matique \u00e9cologique fait l&rsquo;objet de d\u00e9bats internationaux \u00e0 tous &hellip;","og_url":"https:\/\/www.mines-stetienne.fr\/fayol\/theses\/these-preparee-par-haroune-zaghdaoui\/","og_site_name":"Institut Henri Fayol","article_publisher":"https:\/\/www.facebook.com\/MinesSaintEtienne","article_modified_time":"2022-12-14T16:24:50+00:00","twitter_card":"summary_large_image","twitter_site":"@MINES_StEtienne","twitter_misc":{"Dur\u00e9e de lecture estim\u00e9e":"4 minutes"},"schema":{"@context":"https:\/\/schema.org","@graph":[{"@type":"WebPage","@id":"https:\/\/www.mines-stetienne.fr\/fayol\/theses\/these-preparee-par-haroune-zaghdaoui\/","url":"https:\/\/www.mines-stetienne.fr\/fayol\/theses\/these-preparee-par-haroune-zaghdaoui\/","name":"Th\u00e8se pr\u00e9par\u00e9e par Haroune ZAGHDAOUI - Institut Henri Fayol","isPartOf":{"@id":"https:\/\/www.mines-stetienne.fr\/fayol\/#website"},"datePublished":"2022-12-14T16:24:49+00:00","dateModified":"2022-12-14T16:24:50+00:00","breadcrumb":{"@id":"https:\/\/www.mines-stetienne.fr\/fayol\/theses\/these-preparee-par-haroune-zaghdaoui\/#breadcrumb"},"inLanguage":"fr-FR","potentialAction":[{"@type":"ReadAction","target":["https:\/\/www.mines-stetienne.fr\/fayol\/theses\/these-preparee-par-haroune-zaghdaoui\/"]}]},{"@type":"BreadcrumbList","@id":"https:\/\/www.mines-stetienne.fr\/fayol\/theses\/these-preparee-par-haroune-zaghdaoui\/#breadcrumb","itemListElement":[{"@type":"ListItem","position":1,"name":"Accueil","item":"https:\/\/www.mines-stetienne.fr\/fayol\/"},{"@type":"ListItem","position":2,"name":"Recherche","item":"https:\/\/www.mines-stetienne.fr\/fayol\/theses\/"},{"@type":"ListItem","position":3,"name":"Th\u00e8se pr\u00e9par\u00e9e par Haroune ZAGHDAOUI"}]},{"@type":"WebSite","@id":"https:\/\/www.mines-stetienne.fr\/fayol\/#website","url":"https:\/\/www.mines-stetienne.fr\/fayol\/","name":"Institut Henri Fayol","description":"","publisher":{"@id":"https:\/\/www.mines-stetienne.fr\/fayol\/#organization"},"potentialAction":[{"@type":"SearchAction","target":{"@type":"EntryPoint","urlTemplate":"https:\/\/www.mines-stetienne.fr\/fayol\/?s={search_term_string}"},"query-input":{"@type":"PropertyValueSpecification","valueRequired":true,"valueName":"search_term_string"}}],"inLanguage":"fr-FR"},{"@type":"Organization","@id":"https:\/\/www.mines-stetienne.fr\/fayol\/#organization","name":"Institut Henri Fayol","url":"https:\/\/www.mines-stetienne.fr\/fayol\/","logo":{"@type":"ImageObject","inLanguage":"fr-FR","@id":"https:\/\/www.mines-stetienne.fr\/fayol\/#\/schema\/logo\/image\/","url":"https:\/\/www.mines-stetienne.fr\/fayol\/wp-content\/uploads\/sites\/18\/2022\/09\/Mines_Saint_Etienne_IMT_RVB.png","contentUrl":"https:\/\/www.mines-stetienne.fr\/fayol\/wp-content\/uploads\/sites\/18\/2022\/09\/Mines_Saint_Etienne_IMT_RVB.png","width":316,"height":315,"caption":"Institut Henri Fayol"},"image":{"@id":"https:\/\/www.mines-stetienne.fr\/fayol\/#\/schema\/logo\/image\/"},"sameAs":["https:\/\/www.facebook.com\/MinesSaintEtienne","https:\/\/x.com\/MINES_StEtienne","https:\/\/www.youtube.com\/channel\/UCVSdpdmJccvUngjJ2on1n3A"]}]}},"_links":{"self":[{"href":"https:\/\/www.mines-stetienne.fr\/fayol\/wp-json\/wp\/v2\/pages\/401","targetHints":{"allow":["GET"]}}],"collection":[{"href":"https:\/\/www.mines-stetienne.fr\/fayol\/wp-json\/wp\/v2\/pages"}],"about":[{"href":"https:\/\/www.mines-stetienne.fr\/fayol\/wp-json\/wp\/v2\/types\/page"}],"author":[{"embeddable":true,"href":"https:\/\/www.mines-stetienne.fr\/fayol\/wp-json\/wp\/v2\/users\/1536"}],"replies":[{"embeddable":true,"href":"https:\/\/www.mines-stetienne.fr\/fayol\/wp-json\/wp\/v2\/comments?post=401"}],"version-history":[{"count":1,"href":"https:\/\/www.mines-stetienne.fr\/fayol\/wp-json\/wp\/v2\/pages\/401\/revisions"}],"predecessor-version":[{"id":402,"href":"https:\/\/www.mines-stetienne.fr\/fayol\/wp-json\/wp\/v2\/pages\/401\/revisions\/402"}],"up":[{"embeddable":true,"href":"https:\/\/www.mines-stetienne.fr\/fayol\/wp-json\/wp\/v2\/pages\/286"}],"wp:attachment":[{"href":"https:\/\/www.mines-stetienne.fr\/fayol\/wp-json\/wp\/v2\/media?parent=401"}],"wp:term":[{"taxonomy":"post_tag","embeddable":true,"href":"https:\/\/www.mines-stetienne.fr\/fayol\/wp-json\/wp\/v2\/tags?post=401"}],"curies":[{"name":"wp","href":"https:\/\/api.w.org\/{rel}","templated":true}]}}