{"id":399,"date":"2022-12-14T16:35:59","date_gmt":"2022-12-14T15:35:59","guid":{"rendered":"https:\/\/www.mines-stetienne.fr\/fayol\/?page_id=399"},"modified":"2022-12-14T16:36:00","modified_gmt":"2022-12-14T15:36:00","slug":"these-preparee-par-carlos-alberto-moreno-camacho","status":"publish","type":"page","link":"https:\/\/www.mines-stetienne.fr\/fayol\/theses\/these-preparee-par-carlos-alberto-moreno-camacho\/","title":{"rendered":"Th\u00e8se pr\u00e9par\u00e9e par Carlos-Alberto Moreno Camacho"},"content":{"rendered":"\n<p class=\"has-text-align-center\"> <a href=\"\/fayol\/recherche\/genie-de-lenvironnement-pour-les-organisations\/\">| D\u00e9partement G\u00e9nie de l\u2019environnement et des organisations |<\/a><br><a href=\"\/fayol\/recherche\/genie-de-lenvironnement-pour-les-organisations\/projets\/\">| Projets<\/a> | <em><a href=\"\/fayol\/recherche\/genie-de-lenvironnement-pour-les-organisations\/equipe-2\/\">\u00c9quipe<\/a><\/em> | <a href=\"\/fayol\/recherche\/genie-de-lenvironnement-pour-les-organisations\/publications\/\">Publications<\/a> | <a href=\"\/fayol\/recherche\/genie-de-lenvironnement-pour-les-organisations\/partenaires\/\">Partenaires |<\/a> <\/p>\n\n\n\n<p><strong>Title :<\/strong> Agrifood Supply Chain Network Design Under Sustainable Development Policies.<\/p>\n\n\n\n<p><strong>Titre :<\/strong> Conception de r\u00e9seaux de cha\u00eenes logistique agroalimentaires dans le cadre de politiques de d\u00e9veloppement durable<\/p>\n\n\n\n<p><strong>Abstract<\/strong> : <br>This work addresses the research problem of quantitative support for decision-making in sustainable supply chain network design (SSCND). We first identify the common key indicators utilized to assess sustainability in supply chain design applications. We propose both (i) a single-objective and (ii) multi-objective modeling approaches to deal with environmental and social criteria to the design of a supply chain network from a company perspective. Considering a broader perspective of sustainability in supply chains, the unit of analysis is extended from a company perspective to consider a wide-industry perspective for the sector. We specifically consider the effects of policy application on encompassing the sector towards sustainable development and its impacts on the supply network structure.<\/p>\n\n\n\n<p>The purpose of this work is to propose an efficient assessment procedure for the joint assessment of economic, environmental, and social performance for the design or redesign of the supply chain network. A mathematical formulation considering the evolution of the supply chain and the construction of capacities in the long term is presented. In this regard, we define sustainability objectives according to the current conditions of the sector and the country. We compare the supply chain structure changes over a time horizon following an ex-ante sustainability assessment approach. Moreover, sustainability key performance indicators are chosen considering the current sustainability challenges of the sector. The performance of the model is tested with an application in the dairy industry in a developing-economy country. It illustrates the utility of the model to evaluate national mitigation and adaptation activities in the design of supply chain networks. The need to set targets when measuring sustainability in the supply chain field is highlighted. Results offer meaningful decision support to policymakers in evaluating the implementation of policies and actions and defining strategical paths towards sustainability.<\/p>\n\n\n\n<p style=\"font-weight: 400\"><strong>R\u00e9sum\u00e9&nbsp;:<br><\/strong>Cette th\u00e8se s\u2019inscrit dans les recherches sur l&rsquo;aide quantitative \u00e0 la prise de d\u00e9cision dans la conception de r\u00e9seaux de cha\u00eenes d&rsquo;approvisionnement durables (SSCND). Dans un premier temp, nous identifions les indicateurs cl\u00e9s communs utilis\u00e9s dans des publications scientifiques pour \u00e9valuer la durabilit\u00e9 dans les applications de conception de cha\u00eenes d&rsquo;approvisionnement. Nous proposons ensuite (i) une approche de mod\u00e9lisation \u00e0 objectif unique et (ii) une approche de mod\u00e9lisation multi-objectifs pour inclure les crit\u00e8res environnementaux et sociaux dans la conception d&rsquo;un r\u00e9seau de cha\u00eene d&rsquo;approvisionnement du point de vue de l&rsquo;entreprise. En consid\u00e9rant la perspective plus large de la durabilit\u00e9 dans les cha\u00eenes d&rsquo;approvisionnement, l&rsquo;unit\u00e9 d&rsquo;analyse est \u00e9tendue d&rsquo;une perspective d&rsquo;entreprise pour consid\u00e9rer l\u2019ensemble d\u2019une fili\u00e8re au sein des diff\u00e9rentes r\u00e9gions d\u2019un pays donn\u00e9. En particulier, nous \u00e9tudions les effets de la mise en oeuvre des politiques de d\u00e9veloppement durable sur la structure du r\u00e9seau d\u2019approvisionnement pour l\u2019industrie laiti\u00e8re en Colombie.<\/p>\n<p style=\"font-weight: 400\">L&rsquo;objectif de ce travail est de proposer une proc\u00e9dure efficace d&rsquo;\u00e9valuation conjointe des performances \u00e9conomiques, environnementales et sociales pour la conception ou la reconception d&rsquo;un r\u00e9seau de cha\u00eenes d&rsquo;approvisionnement. Une formulation math\u00e9matique est pr\u00e9sent\u00e9e, qui tient compte de l&rsquo;\u00e9volution de la cha\u00eene d&rsquo;approvisionnement et du renforcement des capacit\u00e9s \u00e0 long terme. Nous proposons une approche d&rsquo;\u00e9valuation ex ante de la durabilit\u00e9 pour comparer les changements dans la structure du r\u00e9seau de la cha\u00eene d&rsquo;approvisionnement en vue d\u2019atteindre les objectifs de durabilit\u00e9. En outre, les indicateurs cl\u00e9s de performance en mati\u00e8re de durabilit\u00e9 sont choisis en tenant compte des d\u00e9fis actuels du secteur en mati\u00e8re de durabilit\u00e9. La performance du mod\u00e8le est test\u00e9e avec une application dans l&rsquo;industrie laiti\u00e8re d&rsquo;un pays \u00e0 \u00e9conomie en d\u00e9veloppement. Elle illustre l&rsquo;utilit\u00e9 du mod\u00e8le pour \u00e9valuer les activit\u00e9s nationales d&rsquo;att\u00e9nuation et d&rsquo;adaptation dans la conception des r\u00e9seaux de cha\u00eenes d&rsquo;approvisionnement. La n\u00e9cessit\u00e9 de fixer des objectifs pour mesurer la durabilit\u00e9 dans le domaine de la cha\u00eene d&rsquo;approvisionnement est soulign\u00e9e. Les r\u00e9sultats offrent une aide \u00e0 la d\u00e9cision significative aux d\u00e9cideurs politiques dans l&rsquo;\u00e9valuation de la mise en oeuvre des actions et la d\u00e9finition des voies strat\u00e9giques vers la durabilit\u00e9.<\/p>\n\n\n\n<p><strong>Fields: <\/strong>sustainability, supply chain management <\/p>\n\n\n\n<p> <strong>Duration: 3 years as follows: <\/strong>18 months in Colombia (January 2018 \u2013 June 2019) and 18 months in France (July 2019 \u2013 December 2020)<\/p>\n\n\n\n<p><strong>Funding: <\/strong>by universities <\/p>\n\n\n\n<p><strong>Defended<\/strong>: 2021 June  29<\/p>\n\n\n\n<p><strong>Thesis directors: <\/strong><\/p>\n\n\n\n<ul class=\"wp-block-list\">\n<li> <a href=\"&#x6d;&#x61;&#x69;&#108;&#116;o:&#x6a;&#x61;&#x69;&#114;&#111;&#46;m&#x6f;&#x6e;&#x74;&#111;&#121;a&#64;&#x75;&#x6e;&#x69;&#115;&#97;ba&#x6e;&#x61;&#x2e;&#101;&#100;u&#46;&#x63;&#x6f;\">Jairo R. MONTOYA TORRES<\/a>, PhD, HDR (Universidad de La Sabana, Ch\u00eda,  Colombia),  <\/li>\n\n\n\n<li>Anicia JAEGLER, PhD, HDR  (Kedge Business School, Bordeaux, France), <\/li>\n\n\n\n<li><a href=\"&#109;&#x61;&#x69;&#108;&#x74;&#x6f;:&#x67;&#x6f;n&#100;&#x72;a&#110;&#x40;e&#109;&#x73;e&#46;&#x66;r\">Natacha GONDRAN<\/a>, PhD, HDR  (Ecole des Mines de Saint Etienne, Institut Fayol, France,  )<\/li>\n<\/ul>\n","protected":false},"excerpt":{"rendered":"<p>| D\u00e9partement G\u00e9nie de l\u2019environnement et des organisations || Projets | \u00c9quipe | Publications | Partenaires | Title : Agrifood Supply Chain Network Design Under Sustainable Development Policies. Titre : Conception de r\u00e9seaux de cha\u00eenes logistique agroalimentaires dans le cadre &hellip;<\/p>\n","protected":false},"author":1536,"featured_media":0,"parent":286,"menu_order":0,"comment_status":"closed","ping_status":"closed","template":"","meta":{"footnotes":""},"tags":[],"class_list":["post-399","page","type-page","status-publish","hentry"],"pp_statuses_selecting_workflow":false,"pp_workflow_action":"current","pp_status_selection":"publish","pp_force_visibility":null,"pp_subpost_visibility":null,"pp_inherited_force_visibility":null,"pp_inherited_subpost_visibility":null,"yoast_head":"<!-- This site is optimized with the Yoast SEO plugin v27.5 - https:\/\/yoast.com\/product\/yoast-seo-wordpress\/ -->\n<title>Th\u00e8se pr\u00e9par\u00e9e par Carlos-Alberto Moreno Camacho - Institut Henri Fayol<\/title>\n<meta name=\"robots\" content=\"index, follow, max-snippet:-1, max-image-preview:large, max-video-preview:-1\" \/>\n<link rel=\"canonical\" href=\"https:\/\/www.mines-stetienne.fr\/fayol\/theses\/these-preparee-par-carlos-alberto-moreno-camacho\/\" \/>\n<meta property=\"og:locale\" content=\"fr_FR\" \/>\n<meta property=\"og:type\" content=\"article\" \/>\n<meta property=\"og:title\" content=\"Th\u00e8se pr\u00e9par\u00e9e par Carlos-Alberto Moreno Camacho - Institut Henri Fayol\" \/>\n<meta property=\"og:description\" content=\"| D\u00e9partement G\u00e9nie de l\u2019environnement et des organisations || Projets | \u00c9quipe | Publications | Partenaires | Title : Agrifood Supply Chain Network Design Under Sustainable Development Policies. Titre : Conception de r\u00e9seaux de cha\u00eenes logistique agroalimentaires dans le cadre &hellip;\" \/>\n<meta property=\"og:url\" content=\"https:\/\/www.mines-stetienne.fr\/fayol\/theses\/these-preparee-par-carlos-alberto-moreno-camacho\/\" \/>\n<meta property=\"og:site_name\" content=\"Institut Henri Fayol\" \/>\n<meta property=\"article:publisher\" content=\"https:\/\/www.facebook.com\/MinesSaintEtienne\" \/>\n<meta property=\"article:modified_time\" content=\"2022-12-14T15:36:00+00:00\" \/>\n<meta name=\"twitter:card\" content=\"summary_large_image\" \/>\n<meta name=\"twitter:site\" content=\"@MINES_StEtienne\" \/>\n<meta name=\"twitter:label1\" content=\"Dur\u00e9e de lecture estim\u00e9e\" \/>\n\t<meta name=\"twitter:data1\" content=\"4 minutes\" \/>\n<script type=\"application\/ld+json\" class=\"yoast-schema-graph\">{\"@context\":\"https:\\\/\\\/schema.org\",\"@graph\":[{\"@type\":\"WebPage\",\"@id\":\"https:\\\/\\\/www.mines-stetienne.fr\\\/fayol\\\/theses\\\/these-preparee-par-carlos-alberto-moreno-camacho\\\/\",\"url\":\"https:\\\/\\\/www.mines-stetienne.fr\\\/fayol\\\/theses\\\/these-preparee-par-carlos-alberto-moreno-camacho\\\/\",\"name\":\"Th\u00e8se pr\u00e9par\u00e9e par Carlos-Alberto Moreno Camacho - Institut Henri Fayol\",\"isPartOf\":{\"@id\":\"https:\\\/\\\/www.mines-stetienne.fr\\\/fayol\\\/#website\"},\"datePublished\":\"2022-12-14T15:35:59+00:00\",\"dateModified\":\"2022-12-14T15:36:00+00:00\",\"breadcrumb\":{\"@id\":\"https:\\\/\\\/www.mines-stetienne.fr\\\/fayol\\\/theses\\\/these-preparee-par-carlos-alberto-moreno-camacho\\\/#breadcrumb\"},\"inLanguage\":\"fr-FR\",\"potentialAction\":[{\"@type\":\"ReadAction\",\"target\":[\"https:\\\/\\\/www.mines-stetienne.fr\\\/fayol\\\/theses\\\/these-preparee-par-carlos-alberto-moreno-camacho\\\/\"]}]},{\"@type\":\"BreadcrumbList\",\"@id\":\"https:\\\/\\\/www.mines-stetienne.fr\\\/fayol\\\/theses\\\/these-preparee-par-carlos-alberto-moreno-camacho\\\/#breadcrumb\",\"itemListElement\":[{\"@type\":\"ListItem\",\"position\":1,\"name\":\"Accueil\",\"item\":\"https:\\\/\\\/www.mines-stetienne.fr\\\/fayol\\\/\"},{\"@type\":\"ListItem\",\"position\":2,\"name\":\"Recherche\",\"item\":\"https:\\\/\\\/www.mines-stetienne.fr\\\/fayol\\\/theses\\\/\"},{\"@type\":\"ListItem\",\"position\":3,\"name\":\"Th\u00e8se pr\u00e9par\u00e9e par Carlos-Alberto Moreno Camacho\"}]},{\"@type\":\"WebSite\",\"@id\":\"https:\\\/\\\/www.mines-stetienne.fr\\\/fayol\\\/#website\",\"url\":\"https:\\\/\\\/www.mines-stetienne.fr\\\/fayol\\\/\",\"name\":\"Institut Henri Fayol\",\"description\":\"\",\"publisher\":{\"@id\":\"https:\\\/\\\/www.mines-stetienne.fr\\\/fayol\\\/#organization\"},\"potentialAction\":[{\"@type\":\"SearchAction\",\"target\":{\"@type\":\"EntryPoint\",\"urlTemplate\":\"https:\\\/\\\/www.mines-stetienne.fr\\\/fayol\\\/?s={search_term_string}\"},\"query-input\":{\"@type\":\"PropertyValueSpecification\",\"valueRequired\":true,\"valueName\":\"search_term_string\"}}],\"inLanguage\":\"fr-FR\"},{\"@type\":\"Organization\",\"@id\":\"https:\\\/\\\/www.mines-stetienne.fr\\\/fayol\\\/#organization\",\"name\":\"Institut Henri Fayol\",\"url\":\"https:\\\/\\\/www.mines-stetienne.fr\\\/fayol\\\/\",\"logo\":{\"@type\":\"ImageObject\",\"inLanguage\":\"fr-FR\",\"@id\":\"https:\\\/\\\/www.mines-stetienne.fr\\\/fayol\\\/#\\\/schema\\\/logo\\\/image\\\/\",\"url\":\"https:\\\/\\\/www.mines-stetienne.fr\\\/fayol\\\/wp-content\\\/uploads\\\/sites\\\/18\\\/2022\\\/09\\\/Mines_Saint_Etienne_IMT_RVB.png\",\"contentUrl\":\"https:\\\/\\\/www.mines-stetienne.fr\\\/fayol\\\/wp-content\\\/uploads\\\/sites\\\/18\\\/2022\\\/09\\\/Mines_Saint_Etienne_IMT_RVB.png\",\"width\":316,\"height\":315,\"caption\":\"Institut Henri Fayol\"},\"image\":{\"@id\":\"https:\\\/\\\/www.mines-stetienne.fr\\\/fayol\\\/#\\\/schema\\\/logo\\\/image\\\/\"},\"sameAs\":[\"https:\\\/\\\/www.facebook.com\\\/MinesSaintEtienne\",\"https:\\\/\\\/x.com\\\/MINES_StEtienne\",\"https:\\\/\\\/www.youtube.com\\\/channel\\\/UCVSdpdmJccvUngjJ2on1n3A\"]}]}<\/script>\n<!-- \/ Yoast SEO plugin. -->","yoast_head_json":{"title":"Th\u00e8se pr\u00e9par\u00e9e par Carlos-Alberto Moreno Camacho - Institut Henri Fayol","robots":{"index":"index","follow":"follow","max-snippet":"max-snippet:-1","max-image-preview":"max-image-preview:large","max-video-preview":"max-video-preview:-1"},"canonical":"https:\/\/www.mines-stetienne.fr\/fayol\/theses\/these-preparee-par-carlos-alberto-moreno-camacho\/","og_locale":"fr_FR","og_type":"article","og_title":"Th\u00e8se pr\u00e9par\u00e9e par Carlos-Alberto Moreno Camacho - Institut Henri Fayol","og_description":"| D\u00e9partement G\u00e9nie de l\u2019environnement et des organisations || Projets | \u00c9quipe | Publications | Partenaires | Title : Agrifood Supply Chain Network Design Under Sustainable Development Policies. Titre : Conception de r\u00e9seaux de cha\u00eenes logistique agroalimentaires dans le cadre &hellip;","og_url":"https:\/\/www.mines-stetienne.fr\/fayol\/theses\/these-preparee-par-carlos-alberto-moreno-camacho\/","og_site_name":"Institut Henri Fayol","article_publisher":"https:\/\/www.facebook.com\/MinesSaintEtienne","article_modified_time":"2022-12-14T15:36:00+00:00","twitter_card":"summary_large_image","twitter_site":"@MINES_StEtienne","twitter_misc":{"Dur\u00e9e de lecture estim\u00e9e":"4 minutes"},"schema":{"@context":"https:\/\/schema.org","@graph":[{"@type":"WebPage","@id":"https:\/\/www.mines-stetienne.fr\/fayol\/theses\/these-preparee-par-carlos-alberto-moreno-camacho\/","url":"https:\/\/www.mines-stetienne.fr\/fayol\/theses\/these-preparee-par-carlos-alberto-moreno-camacho\/","name":"Th\u00e8se pr\u00e9par\u00e9e par Carlos-Alberto Moreno Camacho - Institut Henri Fayol","isPartOf":{"@id":"https:\/\/www.mines-stetienne.fr\/fayol\/#website"},"datePublished":"2022-12-14T15:35:59+00:00","dateModified":"2022-12-14T15:36:00+00:00","breadcrumb":{"@id":"https:\/\/www.mines-stetienne.fr\/fayol\/theses\/these-preparee-par-carlos-alberto-moreno-camacho\/#breadcrumb"},"inLanguage":"fr-FR","potentialAction":[{"@type":"ReadAction","target":["https:\/\/www.mines-stetienne.fr\/fayol\/theses\/these-preparee-par-carlos-alberto-moreno-camacho\/"]}]},{"@type":"BreadcrumbList","@id":"https:\/\/www.mines-stetienne.fr\/fayol\/theses\/these-preparee-par-carlos-alberto-moreno-camacho\/#breadcrumb","itemListElement":[{"@type":"ListItem","position":1,"name":"Accueil","item":"https:\/\/www.mines-stetienne.fr\/fayol\/"},{"@type":"ListItem","position":2,"name":"Recherche","item":"https:\/\/www.mines-stetienne.fr\/fayol\/theses\/"},{"@type":"ListItem","position":3,"name":"Th\u00e8se pr\u00e9par\u00e9e par Carlos-Alberto Moreno Camacho"}]},{"@type":"WebSite","@id":"https:\/\/www.mines-stetienne.fr\/fayol\/#website","url":"https:\/\/www.mines-stetienne.fr\/fayol\/","name":"Institut Henri Fayol","description":"","publisher":{"@id":"https:\/\/www.mines-stetienne.fr\/fayol\/#organization"},"potentialAction":[{"@type":"SearchAction","target":{"@type":"EntryPoint","urlTemplate":"https:\/\/www.mines-stetienne.fr\/fayol\/?s={search_term_string}"},"query-input":{"@type":"PropertyValueSpecification","valueRequired":true,"valueName":"search_term_string"}}],"inLanguage":"fr-FR"},{"@type":"Organization","@id":"https:\/\/www.mines-stetienne.fr\/fayol\/#organization","name":"Institut Henri Fayol","url":"https:\/\/www.mines-stetienne.fr\/fayol\/","logo":{"@type":"ImageObject","inLanguage":"fr-FR","@id":"https:\/\/www.mines-stetienne.fr\/fayol\/#\/schema\/logo\/image\/","url":"https:\/\/www.mines-stetienne.fr\/fayol\/wp-content\/uploads\/sites\/18\/2022\/09\/Mines_Saint_Etienne_IMT_RVB.png","contentUrl":"https:\/\/www.mines-stetienne.fr\/fayol\/wp-content\/uploads\/sites\/18\/2022\/09\/Mines_Saint_Etienne_IMT_RVB.png","width":316,"height":315,"caption":"Institut Henri Fayol"},"image":{"@id":"https:\/\/www.mines-stetienne.fr\/fayol\/#\/schema\/logo\/image\/"},"sameAs":["https:\/\/www.facebook.com\/MinesSaintEtienne","https:\/\/x.com\/MINES_StEtienne","https:\/\/www.youtube.com\/channel\/UCVSdpdmJccvUngjJ2on1n3A"]}]}},"_links":{"self":[{"href":"https:\/\/www.mines-stetienne.fr\/fayol\/wp-json\/wp\/v2\/pages\/399","targetHints":{"allow":["GET"]}}],"collection":[{"href":"https:\/\/www.mines-stetienne.fr\/fayol\/wp-json\/wp\/v2\/pages"}],"about":[{"href":"https:\/\/www.mines-stetienne.fr\/fayol\/wp-json\/wp\/v2\/types\/page"}],"author":[{"embeddable":true,"href":"https:\/\/www.mines-stetienne.fr\/fayol\/wp-json\/wp\/v2\/users\/1536"}],"replies":[{"embeddable":true,"href":"https:\/\/www.mines-stetienne.fr\/fayol\/wp-json\/wp\/v2\/comments?post=399"}],"version-history":[{"count":1,"href":"https:\/\/www.mines-stetienne.fr\/fayol\/wp-json\/wp\/v2\/pages\/399\/revisions"}],"predecessor-version":[{"id":400,"href":"https:\/\/www.mines-stetienne.fr\/fayol\/wp-json\/wp\/v2\/pages\/399\/revisions\/400"}],"up":[{"embeddable":true,"href":"https:\/\/www.mines-stetienne.fr\/fayol\/wp-json\/wp\/v2\/pages\/286"}],"wp:attachment":[{"href":"https:\/\/www.mines-stetienne.fr\/fayol\/wp-json\/wp\/v2\/media?parent=399"}],"wp:term":[{"taxonomy":"post_tag","embeddable":true,"href":"https:\/\/www.mines-stetienne.fr\/fayol\/wp-json\/wp\/v2\/tags?post=399"}],"curies":[{"name":"wp","href":"https:\/\/api.w.org\/{rel}","templated":true}]}}