{"id":397,"date":"2022-12-14T09:29:43","date_gmt":"2022-12-14T08:29:43","guid":{"rendered":"https:\/\/www.mines-stetienne.fr\/fayol\/?page_id=397"},"modified":"2022-12-14T09:29:44","modified_gmt":"2022-12-14T08:29:44","slug":"these-preparee-par-benjamin-doualle","status":"publish","type":"page","link":"https:\/\/www.mines-stetienne.fr\/fayol\/theses\/these-preparee-par-benjamin-doualle\/","title":{"rendered":"Th\u00e8se pr\u00e9par\u00e9e par Benjamin DOUALLE"},"content":{"rendered":"<p style=\"text-align: center\"><a href=\"\/fayol\/recherche\/genie-de-lenvironnement-pour-les-organisations\/\">| D\u00e9partement G\u00e9nie de l\u2019environnement et des organisations |<\/a><strong><a href=\"https:\/\/www.mines-stetienne.fr\/recherche\/departements\/departement-management-responsable-et-innovation\/projets\/\"><br \/>\n<\/a><\/strong><a href=\"\/fayol\/recherche\/genie-de-lenvironnement-pour-les-organisations\/projets\/\">| Projets<\/a> | <em><a href=\"\/fayol\/recherche\/genie-de-lenvironnement-pour-les-organisations\/equipe-2\/\">\u00c9quipe<\/a><\/em> | <a href=\"\/fayol\/recherche\/genie-de-lenvironnement-pour-les-organisations\/publications\/\">Publications<\/a> | <a href=\"\/fayol\/recherche\/genie-de-lenvironnement-pour-les-organisations\/partenaires\/\">Partenaires |<\/a><\/p>\n<p><strong>Titre :\u00a0<\/strong>M\u00e9thode d&rsquo;\u00e9valuation de la soutenabilit\u00e9 en conception de Syst\u00e8mes Produits-Services<\/p>\n<p><strong>R\u00e9sum\u00e9 :\u00a0<\/strong><\/p>\n<p class=\"gmail-MsoNormal\">De nos jours, l\u2019industrie doit faire face \u00e0 de nombreux d\u00e9fis. La concurrence accrue de l\u2019industrie manufacturi\u00e8re issue d\u2019une mondialisation du march\u00e9 ainsi que la rar\u00e9faction et la hausse du prix des ressources poussent les entreprises \u00e0 innover afin de rester comp\u00e9titives notamment en r\u00e9duisant les flux de mati\u00e8res et d\u2019\u00e9nergie. De plus, les consommateurs semblent \u00eatre de plus en plus conscients et soucieux des notions introduites par le concept de d\u00e9veloppement durable. Les syst\u00e8mes \u2018produits-services\u2019 (associ\u00e9s \u00e0 l\u2019\u00e9conomie de fonctionnalit\u00e9s) sont montr\u00e9s comme une opportunit\u00e9 pour l\u2019Industrie de proposer des solutions prosp\u00e8res et respectueuses de l\u2019environnement tout en r\u00e9pondant aux besoins du consommateur. Cependant, ces syst\u00e8mes ne sont pas soutenables de fa\u00e7on intrins\u00e8que. Il est, par cons\u00e9quent, n\u00e9cessaire de cr\u00e9er des outils et m\u00e9thodes afin d\u2019aider les entreprises \u00e0 d\u00e9velopper ce type de mod\u00e8le \u00e9conomique dans un objectif de soutenabilit\u00e9.<\/p>\n<p>Ce travail de th\u00e8se a donc pour objectif de fournir une m\u00e9thode d\u2019\u00e9valuation de la soutenabilit\u00e9 \u00e0 l\u2019int\u00e9rieur du processus de conception d\u2019un PSS. Les caract\u00e9ristiques sp\u00e9cifiques d&rsquo;une conception de PSS soutenable doivent \u00eatre prises en compte afin de fournir aux concepteurs une \u00e9valuation de la soutenabilit\u00e9 pr\u00e9cieuse et donc un soutien de leur processus de prise de d\u00e9cision. Cette m\u00e9thode a pour but de fournir un appui suppl\u00e9mentaire lors du processus de prise de d\u00e9cision par le biais d\u2019\u00e9valuations de soutenabilit\u00e9 qualitatives et quantitatives.<\/p>\n<p><strong>Soutenance pr\u00e9vue :\u00a0<\/strong> 31 janvier 2018<\/p>\n<p><strong> Mots cl\u00e9s :\u00a0<\/strong>Syst\u00e8me Produits-Services ; \u00e9valuation de la soutenabilit\u00e9 ; Aide \u00e0 la d\u00e9cision ; \u00e9coconception<\/p>\n<p><strong>Directeurs de th\u00e8se :<\/strong><\/p>\n<ul>\n<li>Xavier Boucher\u00a0Professeur \u00e0 Mines Saint Etienne<\/li>\n<li>Val\u00e9rie Laforest Directrice de recherche \u00e0 Mines Saint Etienne, UMR 5600 EVS<\/li>\n<\/ul>\n<p><strong>\u00a0Jury\u00a0:<\/strong><\/p>\n<p>Mme Nad\u00e8ge Troussier, Professeure HDR, Universit\u00e9 de Technologie de Troyes, Rapporteuse<br \/>\nM. Beno\u00eet Eynard, Professeur HDR, Universit\u00e9 de Technologie de Compi\u00e8gne, Rapporteur<br \/>\nM. Bernard Yannou, Professeur HDR, \u00c9cole Central Paris, Examinateur<br \/>\nMme . Flore Vallet, Enseignante Chercheuse, Ecole Centrale Paris, Examinatrice<br \/>\nM. Khaled Medini, Ma\u00eetre de Conf\u00e9rence, \u00c9cole des Mines de Saint-\u00c9tienne, Co-encadrant de th\u00e8se<br \/>\nM. Daniel Brissaud, Professeur HDR, Grenoble INP, Co-directeur de th\u00e8se<br \/>\nMme. Val\u00e9rie Laforest, Directrice de Recherche HDR, \u00c9cole des Mines de Saint-\u00c9tienne, Co-directrice de th\u00e8se<br \/>\nM. Xavier Boucher, Professeur HDR, \u00c9cole des Mines de Saint-\u00c9tienne, Directeur de th\u00e8se<\/p>\n<p><strong>T\u00e9l\u00e9charger la th\u00e8se<\/strong><a href=\"https:\/\/tel.archives-ouvertes.fr\/tel-01844263\/document\"><img loading=\"lazy\" decoding=\"async\" class=\"aligncenter wp-image-2677\" src=\"https:\/\/www.mines-stetienne.fr\/wp-content\/uploads\/2016\/01\/these.gif\" alt=\"\" width=\"50\" height=\"50\" \/><\/a><\/p>\n<p style=\"text-align: center\"><a href=\"\/fayol\/recherche\/genie-de-lenvironnement-pour-les-organisations\/\">| D\u00e9partement G\u00e9nie de l\u2019environnement et des organisations |<\/a><strong><a href=\"https:\/\/www.mines-stetienne.fr\/recherche\/departements\/departement-management-responsable-et-innovation\/projets\/\"><br \/>\n<\/a><\/strong><a href=\"\/fayol\/recherche\/genie-de-lenvironnement-pour-les-organisations\/projets\/\">| Projets<\/a> | <em><a href=\"\/fayol\/recherche\/genie-de-lenvironnement-pour-les-organisations\/equipe-2\/\">\u00c9quipe<\/a><\/em> | <a href=\"\/fayol\/recherche\/genie-de-lenvironnement-pour-les-organisations\/publications\/\">Publications<\/a> | <a href=\"\/fayol\/recherche\/genie-de-lenvironnement-pour-les-organisations\/partenaires\/\">Partenaires |<\/a><\/p>\n","protected":false},"excerpt":{"rendered":"<p>| D\u00e9partement G\u00e9nie de l\u2019environnement et des organisations | | Projets | \u00c9quipe | Publications | Partenaires | Titre :\u00a0M\u00e9thode d&rsquo;\u00e9valuation de la soutenabilit\u00e9 en conception de Syst\u00e8mes Produits-Services R\u00e9sum\u00e9 :\u00a0 De nos jours, l\u2019industrie doit faire face \u00e0 de &hellip;<\/p>\n","protected":false},"author":1536,"featured_media":0,"parent":286,"menu_order":0,"comment_status":"closed","ping_status":"closed","template":"","meta":{"footnotes":""},"tags":[],"class_list":["post-397","page","type-page","status-publish","hentry"],"pp_statuses_selecting_workflow":false,"pp_workflow_action":"current","pp_status_selection":"publish","pp_force_visibility":null,"pp_subpost_visibility":null,"pp_inherited_force_visibility":null,"pp_inherited_subpost_visibility":null,"yoast_head":"<!-- This site is optimized with the Yoast SEO plugin v27.5 - https:\/\/yoast.com\/product\/yoast-seo-wordpress\/ -->\n<title>Th\u00e8se pr\u00e9par\u00e9e par Benjamin DOUALLE - Institut Henri Fayol<\/title>\n<meta name=\"robots\" content=\"index, follow, max-snippet:-1, max-image-preview:large, max-video-preview:-1\" \/>\n<link rel=\"canonical\" href=\"https:\/\/www.mines-stetienne.fr\/fayol\/theses\/these-preparee-par-benjamin-doualle\/\" \/>\n<meta property=\"og:locale\" content=\"fr_FR\" \/>\n<meta property=\"og:type\" content=\"article\" \/>\n<meta property=\"og:title\" content=\"Th\u00e8se pr\u00e9par\u00e9e par Benjamin DOUALLE - Institut Henri Fayol\" \/>\n<meta property=\"og:description\" content=\"| D\u00e9partement G\u00e9nie de l\u2019environnement et des organisations | | Projets | \u00c9quipe | Publications | Partenaires | Titre :\u00a0M\u00e9thode d&rsquo;\u00e9valuation de la soutenabilit\u00e9 en conception de Syst\u00e8mes Produits-Services R\u00e9sum\u00e9 :\u00a0 De nos jours, l\u2019industrie doit faire face \u00e0 de &hellip;\" \/>\n<meta property=\"og:url\" content=\"https:\/\/www.mines-stetienne.fr\/fayol\/theses\/these-preparee-par-benjamin-doualle\/\" \/>\n<meta property=\"og:site_name\" content=\"Institut Henri Fayol\" \/>\n<meta property=\"article:publisher\" content=\"https:\/\/www.facebook.com\/MinesSaintEtienne\" \/>\n<meta property=\"article:modified_time\" content=\"2022-12-14T08:29:44+00:00\" \/>\n<meta property=\"og:image\" content=\"https:\/\/www.mines-stetienne.fr\/wp-content\/uploads\/2016\/01\/these.gif\" \/>\n<meta name=\"twitter:card\" content=\"summary_large_image\" \/>\n<meta name=\"twitter:site\" content=\"@MINES_StEtienne\" \/>\n<meta name=\"twitter:label1\" content=\"Dur\u00e9e de lecture estim\u00e9e\" \/>\n\t<meta name=\"twitter:data1\" content=\"3 minutes\" \/>\n<script type=\"application\/ld+json\" class=\"yoast-schema-graph\">{\"@context\":\"https:\\\/\\\/schema.org\",\"@graph\":[{\"@type\":\"WebPage\",\"@id\":\"https:\\\/\\\/www.mines-stetienne.fr\\\/fayol\\\/theses\\\/these-preparee-par-benjamin-doualle\\\/\",\"url\":\"https:\\\/\\\/www.mines-stetienne.fr\\\/fayol\\\/theses\\\/these-preparee-par-benjamin-doualle\\\/\",\"name\":\"Th\u00e8se pr\u00e9par\u00e9e par Benjamin DOUALLE - Institut Henri Fayol\",\"isPartOf\":{\"@id\":\"https:\\\/\\\/www.mines-stetienne.fr\\\/fayol\\\/#website\"},\"primaryImageOfPage\":{\"@id\":\"https:\\\/\\\/www.mines-stetienne.fr\\\/fayol\\\/theses\\\/these-preparee-par-benjamin-doualle\\\/#primaryimage\"},\"image\":{\"@id\":\"https:\\\/\\\/www.mines-stetienne.fr\\\/fayol\\\/theses\\\/these-preparee-par-benjamin-doualle\\\/#primaryimage\"},\"thumbnailUrl\":\"https:\\\/\\\/www.mines-stetienne.fr\\\/wp-content\\\/uploads\\\/2016\\\/01\\\/these.gif\",\"datePublished\":\"2022-12-14T08:29:43+00:00\",\"dateModified\":\"2022-12-14T08:29:44+00:00\",\"breadcrumb\":{\"@id\":\"https:\\\/\\\/www.mines-stetienne.fr\\\/fayol\\\/theses\\\/these-preparee-par-benjamin-doualle\\\/#breadcrumb\"},\"inLanguage\":\"fr-FR\",\"potentialAction\":[{\"@type\":\"ReadAction\",\"target\":[\"https:\\\/\\\/www.mines-stetienne.fr\\\/fayol\\\/theses\\\/these-preparee-par-benjamin-doualle\\\/\"]}]},{\"@type\":\"ImageObject\",\"inLanguage\":\"fr-FR\",\"@id\":\"https:\\\/\\\/www.mines-stetienne.fr\\\/fayol\\\/theses\\\/these-preparee-par-benjamin-doualle\\\/#primaryimage\",\"url\":\"https:\\\/\\\/www.mines-stetienne.fr\\\/wp-content\\\/uploads\\\/2016\\\/01\\\/these.gif\",\"contentUrl\":\"https:\\\/\\\/www.mines-stetienne.fr\\\/wp-content\\\/uploads\\\/2016\\\/01\\\/these.gif\"},{\"@type\":\"BreadcrumbList\",\"@id\":\"https:\\\/\\\/www.mines-stetienne.fr\\\/fayol\\\/theses\\\/these-preparee-par-benjamin-doualle\\\/#breadcrumb\",\"itemListElement\":[{\"@type\":\"ListItem\",\"position\":1,\"name\":\"Accueil\",\"item\":\"https:\\\/\\\/www.mines-stetienne.fr\\\/fayol\\\/\"},{\"@type\":\"ListItem\",\"position\":2,\"name\":\"Recherche\",\"item\":\"https:\\\/\\\/www.mines-stetienne.fr\\\/fayol\\\/theses\\\/\"},{\"@type\":\"ListItem\",\"position\":3,\"name\":\"Th\u00e8se pr\u00e9par\u00e9e par Benjamin DOUALLE\"}]},{\"@type\":\"WebSite\",\"@id\":\"https:\\\/\\\/www.mines-stetienne.fr\\\/fayol\\\/#website\",\"url\":\"https:\\\/\\\/www.mines-stetienne.fr\\\/fayol\\\/\",\"name\":\"Institut Henri Fayol\",\"description\":\"\",\"publisher\":{\"@id\":\"https:\\\/\\\/www.mines-stetienne.fr\\\/fayol\\\/#organization\"},\"potentialAction\":[{\"@type\":\"SearchAction\",\"target\":{\"@type\":\"EntryPoint\",\"urlTemplate\":\"https:\\\/\\\/www.mines-stetienne.fr\\\/fayol\\\/?s={search_term_string}\"},\"query-input\":{\"@type\":\"PropertyValueSpecification\",\"valueRequired\":true,\"valueName\":\"search_term_string\"}}],\"inLanguage\":\"fr-FR\"},{\"@type\":\"Organization\",\"@id\":\"https:\\\/\\\/www.mines-stetienne.fr\\\/fayol\\\/#organization\",\"name\":\"Institut Henri Fayol\",\"url\":\"https:\\\/\\\/www.mines-stetienne.fr\\\/fayol\\\/\",\"logo\":{\"@type\":\"ImageObject\",\"inLanguage\":\"fr-FR\",\"@id\":\"https:\\\/\\\/www.mines-stetienne.fr\\\/fayol\\\/#\\\/schema\\\/logo\\\/image\\\/\",\"url\":\"https:\\\/\\\/www.mines-stetienne.fr\\\/fayol\\\/wp-content\\\/uploads\\\/sites\\\/18\\\/2022\\\/09\\\/Mines_Saint_Etienne_IMT_RVB.png\",\"contentUrl\":\"https:\\\/\\\/www.mines-stetienne.fr\\\/fayol\\\/wp-content\\\/uploads\\\/sites\\\/18\\\/2022\\\/09\\\/Mines_Saint_Etienne_IMT_RVB.png\",\"width\":316,\"height\":315,\"caption\":\"Institut Henri Fayol\"},\"image\":{\"@id\":\"https:\\\/\\\/www.mines-stetienne.fr\\\/fayol\\\/#\\\/schema\\\/logo\\\/image\\\/\"},\"sameAs\":[\"https:\\\/\\\/www.facebook.com\\\/MinesSaintEtienne\",\"https:\\\/\\\/x.com\\\/MINES_StEtienne\",\"https:\\\/\\\/www.youtube.com\\\/channel\\\/UCVSdpdmJccvUngjJ2on1n3A\"]}]}<\/script>\n<!-- \/ Yoast SEO plugin. -->","yoast_head_json":{"title":"Th\u00e8se pr\u00e9par\u00e9e par Benjamin DOUALLE - Institut Henri Fayol","robots":{"index":"index","follow":"follow","max-snippet":"max-snippet:-1","max-image-preview":"max-image-preview:large","max-video-preview":"max-video-preview:-1"},"canonical":"https:\/\/www.mines-stetienne.fr\/fayol\/theses\/these-preparee-par-benjamin-doualle\/","og_locale":"fr_FR","og_type":"article","og_title":"Th\u00e8se pr\u00e9par\u00e9e par Benjamin DOUALLE - Institut Henri Fayol","og_description":"| D\u00e9partement G\u00e9nie de l\u2019environnement et des organisations | | Projets | \u00c9quipe | Publications | Partenaires | Titre :\u00a0M\u00e9thode d&rsquo;\u00e9valuation de la soutenabilit\u00e9 en conception de Syst\u00e8mes Produits-Services R\u00e9sum\u00e9 :\u00a0 De nos jours, l\u2019industrie doit faire face \u00e0 de &hellip;","og_url":"https:\/\/www.mines-stetienne.fr\/fayol\/theses\/these-preparee-par-benjamin-doualle\/","og_site_name":"Institut Henri Fayol","article_publisher":"https:\/\/www.facebook.com\/MinesSaintEtienne","article_modified_time":"2022-12-14T08:29:44+00:00","og_image":[{"url":"https:\/\/www.mines-stetienne.fr\/wp-content\/uploads\/2016\/01\/these.gif","type":"","width":"","height":""}],"twitter_card":"summary_large_image","twitter_site":"@MINES_StEtienne","twitter_misc":{"Dur\u00e9e de lecture estim\u00e9e":"3 minutes"},"schema":{"@context":"https:\/\/schema.org","@graph":[{"@type":"WebPage","@id":"https:\/\/www.mines-stetienne.fr\/fayol\/theses\/these-preparee-par-benjamin-doualle\/","url":"https:\/\/www.mines-stetienne.fr\/fayol\/theses\/these-preparee-par-benjamin-doualle\/","name":"Th\u00e8se pr\u00e9par\u00e9e par Benjamin DOUALLE - Institut Henri Fayol","isPartOf":{"@id":"https:\/\/www.mines-stetienne.fr\/fayol\/#website"},"primaryImageOfPage":{"@id":"https:\/\/www.mines-stetienne.fr\/fayol\/theses\/these-preparee-par-benjamin-doualle\/#primaryimage"},"image":{"@id":"https:\/\/www.mines-stetienne.fr\/fayol\/theses\/these-preparee-par-benjamin-doualle\/#primaryimage"},"thumbnailUrl":"https:\/\/www.mines-stetienne.fr\/wp-content\/uploads\/2016\/01\/these.gif","datePublished":"2022-12-14T08:29:43+00:00","dateModified":"2022-12-14T08:29:44+00:00","breadcrumb":{"@id":"https:\/\/www.mines-stetienne.fr\/fayol\/theses\/these-preparee-par-benjamin-doualle\/#breadcrumb"},"inLanguage":"fr-FR","potentialAction":[{"@type":"ReadAction","target":["https:\/\/www.mines-stetienne.fr\/fayol\/theses\/these-preparee-par-benjamin-doualle\/"]}]},{"@type":"ImageObject","inLanguage":"fr-FR","@id":"https:\/\/www.mines-stetienne.fr\/fayol\/theses\/these-preparee-par-benjamin-doualle\/#primaryimage","url":"https:\/\/www.mines-stetienne.fr\/wp-content\/uploads\/2016\/01\/these.gif","contentUrl":"https:\/\/www.mines-stetienne.fr\/wp-content\/uploads\/2016\/01\/these.gif"},{"@type":"BreadcrumbList","@id":"https:\/\/www.mines-stetienne.fr\/fayol\/theses\/these-preparee-par-benjamin-doualle\/#breadcrumb","itemListElement":[{"@type":"ListItem","position":1,"name":"Accueil","item":"https:\/\/www.mines-stetienne.fr\/fayol\/"},{"@type":"ListItem","position":2,"name":"Recherche","item":"https:\/\/www.mines-stetienne.fr\/fayol\/theses\/"},{"@type":"ListItem","position":3,"name":"Th\u00e8se pr\u00e9par\u00e9e par Benjamin DOUALLE"}]},{"@type":"WebSite","@id":"https:\/\/www.mines-stetienne.fr\/fayol\/#website","url":"https:\/\/www.mines-stetienne.fr\/fayol\/","name":"Institut Henri Fayol","description":"","publisher":{"@id":"https:\/\/www.mines-stetienne.fr\/fayol\/#organization"},"potentialAction":[{"@type":"SearchAction","target":{"@type":"EntryPoint","urlTemplate":"https:\/\/www.mines-stetienne.fr\/fayol\/?s={search_term_string}"},"query-input":{"@type":"PropertyValueSpecification","valueRequired":true,"valueName":"search_term_string"}}],"inLanguage":"fr-FR"},{"@type":"Organization","@id":"https:\/\/www.mines-stetienne.fr\/fayol\/#organization","name":"Institut Henri Fayol","url":"https:\/\/www.mines-stetienne.fr\/fayol\/","logo":{"@type":"ImageObject","inLanguage":"fr-FR","@id":"https:\/\/www.mines-stetienne.fr\/fayol\/#\/schema\/logo\/image\/","url":"https:\/\/www.mines-stetienne.fr\/fayol\/wp-content\/uploads\/sites\/18\/2022\/09\/Mines_Saint_Etienne_IMT_RVB.png","contentUrl":"https:\/\/www.mines-stetienne.fr\/fayol\/wp-content\/uploads\/sites\/18\/2022\/09\/Mines_Saint_Etienne_IMT_RVB.png","width":316,"height":315,"caption":"Institut Henri Fayol"},"image":{"@id":"https:\/\/www.mines-stetienne.fr\/fayol\/#\/schema\/logo\/image\/"},"sameAs":["https:\/\/www.facebook.com\/MinesSaintEtienne","https:\/\/x.com\/MINES_StEtienne","https:\/\/www.youtube.com\/channel\/UCVSdpdmJccvUngjJ2on1n3A"]}]}},"_links":{"self":[{"href":"https:\/\/www.mines-stetienne.fr\/fayol\/wp-json\/wp\/v2\/pages\/397","targetHints":{"allow":["GET"]}}],"collection":[{"href":"https:\/\/www.mines-stetienne.fr\/fayol\/wp-json\/wp\/v2\/pages"}],"about":[{"href":"https:\/\/www.mines-stetienne.fr\/fayol\/wp-json\/wp\/v2\/types\/page"}],"author":[{"embeddable":true,"href":"https:\/\/www.mines-stetienne.fr\/fayol\/wp-json\/wp\/v2\/users\/1536"}],"replies":[{"embeddable":true,"href":"https:\/\/www.mines-stetienne.fr\/fayol\/wp-json\/wp\/v2\/comments?post=397"}],"version-history":[{"count":1,"href":"https:\/\/www.mines-stetienne.fr\/fayol\/wp-json\/wp\/v2\/pages\/397\/revisions"}],"predecessor-version":[{"id":398,"href":"https:\/\/www.mines-stetienne.fr\/fayol\/wp-json\/wp\/v2\/pages\/397\/revisions\/398"}],"up":[{"embeddable":true,"href":"https:\/\/www.mines-stetienne.fr\/fayol\/wp-json\/wp\/v2\/pages\/286"}],"wp:attachment":[{"href":"https:\/\/www.mines-stetienne.fr\/fayol\/wp-json\/wp\/v2\/media?parent=397"}],"wp:term":[{"taxonomy":"post_tag","embeddable":true,"href":"https:\/\/www.mines-stetienne.fr\/fayol\/wp-json\/wp\/v2\/tags?post=397"}],"curies":[{"name":"wp","href":"https:\/\/api.w.org\/{rel}","templated":true}]}}