{"id":381,"date":"2022-12-13T16:29:23","date_gmt":"2022-12-13T15:29:23","guid":{"rendered":"https:\/\/www.mines-stetienne.fr\/fayol\/?page_id=381"},"modified":"2022-12-13T16:29:24","modified_gmt":"2022-12-13T15:29:24","slug":"projet-dilot-rafraichissant-educatif","status":"publish","type":"page","link":"https:\/\/www.mines-stetienne.fr\/fayol\/actualites\/projet-dilot-rafraichissant-educatif\/","title":{"rendered":"Projet d&rsquo;\u00eelot rafraichissant \u00e9ducatif"},"content":{"rendered":"\n<figure class=\"wp-block-pullquote\"><blockquote><p>Le fruit d&rsquo;une collaboration depuis 2020<br>entre<br> <img decoding=\"async\" class=\"wp-image-68347\" style=\"width: 390px\" src=\"https:\/\/www.mines-stetienne.fr\/wp-content\/uploads\/2022\/06\/icu-005.jpg\" alt=\"\"><\/p><\/blockquote><\/figure>\n\n\n\n<p style=\"font-weight: 400\"><strong>Le d\u00e9monstrateur d\u2019\u00eelot rafra\u00eechissant p\u00e9dagogique, d\u00e9velopp\u00e9 en 2021 avec l&rsquo;Ecole \u00e9l\u00e9mentaire Fauriel et VEOLIA, a \u00e9t\u00e9 expos\u00e9, au <span id=\"OBJ_PREFIX_DWT273_com_zimbra_url\" class=\"Object\" role=\"link\"><span id=\"OBJ_PREFIX_DWT280_com_zimbra_url\" class=\"Object\" role=\"link\"><a href=\"https:\/\/wuf.unhabitat.org\/\" target=\"_blank\" rel=\"noopener\">World Urban Forum<\/a><\/span><\/span> qui se tenait du 26 au <span id=\"OBJ_PREFIX_DWT274_com_zimbra_date\" class=\"Object\" role=\"link\"><span id=\"OBJ_PREFIX_DWT281_com_zimbra_date\" class=\"Object\" role=\"link\">30 juin 2022<\/span><\/span>, \u00e0 <span id=\"OBJ_PREFIX_DWT275_com_zimbra_url\" class=\"Object\" role=\"link\"><span id=\"OBJ_PREFIX_DWT282_com_zimbra_url\" class=\"Object\" role=\"link\"><a href=\"http:\/\/wuf11.katowice.eu\/\" target=\"_blank\" rel=\"noopener\">Katowice<\/a><\/span><\/span>, dans la zone \u00ab science \u00bb. Cet \u00eelot pourrait \u00eatre utilis\u00e9 par des collectivit\u00e9s locales de diff\u00e9rents pays.<\/strong><\/p>\n<p style=\"font-weight: 400\">L\u2019animation de ce stand \u00e9tait assur\u00e9e par <strong>Alicja TARDY<\/strong>, Enseignante \u2013 Chercheur \u00e0 l\u2019Institut Henri Fayol, Laboratoire G\u00e9nie de l\u2019Environnement et des Organisations (<a href=\"https:\/\/umr5600.cnrs.fr\/\" target=\"_blank\" rel=\"noopener\">EVS UM 5600<\/a>), de <a href=\"https:\/\/www.mines-stetienne.fr\/\">Mines Saint-Etienne<\/a> \u2013 une \u00e9cole de l\u2019<a href=\"https:\/\/www.imt.fr\/\" target=\"_blank\" rel=\"noopener\">IMT<\/a>.<\/p>\n\n\n\n<figure class=\"wp-block-gallery has-nested-images columns-default is-cropped wp-block-gallery-1 is-layout-flex wp-block-gallery-is-layout-flex\">\n<figure class=\"wp-block-image size-large\"><a href=\"https:\/\/www.mines-stetienne.fr\/wp-content\/uploads\/2022\/07\/WhatsApp-Image-2022-06-29-at-15.23.43.jpeg\"><img decoding=\"async\" data-id=\"69412\" src=\"https:\/\/www.mines-stetienne.fr\/wp-content\/uploads\/2022\/07\/WhatsApp-Image-2022-06-29-at-15.23.43-1024x769.jpeg\" alt=\"\" class=\"wp-image-69412\" \/><\/a><\/figure>\n\n\n\n<figure class=\"wp-block-image size-large\"><a href=\"https:\/\/www.mines-stetienne.fr\/wp-content\/uploads\/2022\/07\/WhatsApp-Image-2022-06-29-at-15.23.42.jpeg\"><img decoding=\"async\" data-id=\"69411\" src=\"https:\/\/www.mines-stetienne.fr\/wp-content\/uploads\/2022\/07\/WhatsApp-Image-2022-06-29-at-15.23.42-1024x767.jpeg\" alt=\"\" class=\"wp-image-69411\" \/><\/a><\/figure>\n\n\n\n<figure class=\"wp-block-image\"><a href=\"https:\/\/www.mines-stetienne.fr\/wp-content\/uploads\/2022\/07\/20220627_150424-scaled.jpg\"><img decoding=\"async\" data-id=\"69418\" src=\"https:\/\/www.mines-stetienne.fr\/wp-content\/uploads\/2022\/07\/20220627_150424-scaled.jpg\" alt=\"\" class=\"wp-image-69418\" \/><\/a><\/figure>\n<\/figure>\n\n\n\n<figure class=\"wp-block-gallery has-nested-images columns-default is-cropped wp-block-gallery-2 is-layout-flex wp-block-gallery-is-layout-flex\">\n<figure class=\"wp-block-image size-large\"><a href=\"https:\/\/www.mines-stetienne.fr\/wp-content\/uploads\/2022\/07\/IMG-20220704-WA0004.jpg\"><img decoding=\"async\" data-id=\"69417\" src=\"https:\/\/www.mines-stetienne.fr\/wp-content\/uploads\/2022\/07\/IMG-20220704-WA0004-1024x768.jpg\" alt=\"\" class=\"wp-image-69417\" \/><\/a><\/figure>\n\n\n\n<figure class=\"wp-block-image size-large\"><a href=\"https:\/\/www.mines-stetienne.fr\/wp-content\/uploads\/2022\/07\/20220627_145240-scaled.jpg\"><img decoding=\"async\" data-id=\"69419\" src=\"https:\/\/www.mines-stetienne.fr\/wp-content\/uploads\/2022\/07\/20220627_145240-1024x768.jpg\" alt=\"\" class=\"wp-image-69419\" \/><\/a><\/figure>\n<\/figure>\n\n\n\n<table class=\" aligncenter\" style=\"width: 90%;border-collapse: collapse\" cellspacing=\"10\">\n<tbody>\n<tr>\n<td style=\"width: 5.37037%;text-align: left;vertical-align: top\">&nbsp;<\/td>\n<td style=\"width: 48.5449%;text-align: left;vertical-align: top\"><sup>Mme <span id=\"DWT1635\" class=\"ZmSearchResult\"><span id=\"DWT1755\" class=\"ZmSearchResult\">Katarzyna<\/span><\/span>&nbsp;<span id=\"DWT1637\" class=\"ZmSearchResult\"><span id=\"DWT1757\" class=\"ZmSearchResult\">Dobrut<\/span><\/span>&nbsp;&#8211; Michalska responsable de ce projet chez Veolia Pologne et Mme Alicja TARDY, Enseignante \u2013 Chercheur \u00e0 l\u2019Institut Henri Fayol<\/sup><\/td>\n<td style=\"width: 5%\">&nbsp;<\/td>\n<td style=\"width: 44.8413%\"><sup>De gauche \u00e0 droite : Robert Pyka, Prof de l&rsquo;Universit\u00e9 de Sil\u00e9sie, Responsable de la Maison de Saint-\u00c9tienne \u00e0 Katowice, Prof Banas, ex Recteur de l&rsquo;Universit\u00e9 de Sil\u00e9sie, M. Fr\u00e9d\u00e9ric Billet, Ambassadeur de France en Pologne, Mme Anne Schmidt-Riou, Consul(e) G\u00e9n\u00e9ral de France \u00e0 Cracovie, Mme Alicja TARDY, Enseignante \u2013 Chercheur \u00e0 l\u2019Institut Henri Fayol, Mme Anna Krasucka-Terrillon, Consul(e) honoraire de France \u00e0 Katowice.<\/sup><\/td>\n<\/tr>\n<\/tbody>\n<\/table>\n\n\n\n<h2 class=\"wp-block-heading\">Le concept d&rsquo;\u00eelot rafraichissant \u00e9ducatif<\/h2>\n\n\n\n<p>Une solution qui regroupe de nombreux avantages : \u00e9ducatif , \u00e9cologique, modulaire, r\u00e9glable en fonction des besoins, facile \u00e0 monter et d\u00e9monter, facile \u00e0 entretenir, aliment\u00e9 par de l\u2019eau pluviale.<\/p>\n\n\n\n<div id=\"attachment_68460\" style=\"width: 778px\" class=\"wp-caption aligncenter\"><img loading=\"lazy\" decoding=\"async\" aria-describedby=\"caption-attachment-68460\" class=\"wp-image-68460\" src=\"https:\/\/www.mines-stetienne.fr\/wp-content\/uploads\/2022\/06\/icu-008.png\" alt=\"\" width=\"768\" height=\"339\"><p id=\"caption-attachment-68460\" class=\"wp-caption-text\"><em>Prototype d&rsquo;\u00eelot rafra\u00eechissant \u00e9ducatif install\u00e9 en avril 2021 \u00e0 l&rsquo;\u00e9cole \u00e9l\u00e9mentaire du cours Fauriel \u00e0 Saint-Etienne, en France, r\u00e9alis\u00e9 par l&rsquo;\u00e9quipe de Veolia de St Chamond.<\/em><\/p><\/div>\n\n\n\n<p><strong>Un d\u00e9ploiement modulaire possible selon cinq configurations<\/strong><\/p>\n<p>La conception en modules permet d&rsquo;envisager plusieurs configurations diff\u00e9rentes s&rsquo;adaptant \u00e0 l&rsquo;espace disponible tout en assurant un montage et un d\u00e9montage facile et rapide.<\/p>\n\n\n\n<p><strong>Comment \u00e7a marche ?<\/strong><\/p>\n<ol>\n<li>Le sol de l&rsquo;\u00eelot rafraichissant est constitu\u00e9 de pav\u00e9s blancs, r\u00e9alis\u00e9<span style=\"color: initial\">s \u00e0 partir de d\u00e9chets broy\u00e9s de coquilles Saint-Jacques (pecten jacobaeus). <\/span>Ce sont elles qui conf\u00e8rent aux pav\u00e9s les caract\u00e9ristiques techniques tr\u00e8s particuli\u00e8res et recherch\u00e9es : excellente r\u00e9sistance et une relativement grande porosit\u00e9.<\/li>\n<li>Les&nbsp; dalles &nbsp;blanches r\u00e9fl\u00e9chissent la lumi\u00e8re (gr\u00e2ce \u00e0 l&rsquo;alb\u00e9do) ce qui permet de r\u00e9duire la quantit\u00e9 de chaleur stock\u00e9e.<\/li>\n<li>Le mat\u00e9riau des dalles pr\u00e9sente des propri\u00e9t\u00e9s hydrophiles, c&rsquo;est-\u00e0-dire absorbant l&rsquo;eau. Ces pav\u00e9s poreux sont irrigu\u00e9s par le dessous \u00e0 partir d\u2019un r\u00e9servoir d\u2019eau pluviale, situ\u00e9 \u00e0 l\u2019arri\u00e8re du dispositif, (sous le banc).<\/li>\n<li>Sous l\u2019influence du rayonnement solaire et de la chaleur ambiante les pav\u00e9s poreux restituent l\u2019eau dans l\u2019environnement par \u00e9vaporation ce qui temp\u00e8re la temp\u00e9rature sous l&rsquo;\u00eelot rafraichissant.<\/li>\n<li>L\u2019effet rafra\u00eechissant est renforc\u00e9 par l\u2019ombrage et le ph\u00e9nom\u00e8ne d\u2019\u00e9vapotranspiration des plantes<br>plac\u00e9es autour de l&rsquo;\u00eelot rafraichissant.<\/li>\n<\/ol>\n\n\n\n<p style=\"font-weight: 400\">Cette innovation est une solution ayant pour but d\u2019att\u00e9nuer localement la hausse de la temp\u00e9rature dans certains espaces min\u00e9ralis\u00e9s d&rsquo;une ville impact\u00e9e par le ph\u00e9nom\u00e8ne d\u2019\u00eelots de chaleur urbain.<\/p>\n<p style=\"font-weight: 400\"><strong>Un support p\u00e9dagogique<\/strong><\/p>\n<p style=\"font-weight: 400\">Ind\u00e9pendamment de ses avantages techniques (modularit\u00e9, construction low-tech, alimentation par l\u2019eau pluviale, facilit\u00e9 de montage\/d\u00e9montage, pav\u00e9s rafraichissant, etc.), ce dispositif constitue un excellent support d\u2019apprentissage de tous les concepts concernant les d\u00e9r\u00e8glements climatiques (cycle de l&rsquo;eau, \u00e9cologie, biodiversit\u00e9, recyclage, sobri\u00e9t\u00e9 \u00e9cologique&#8230;), adapt\u00e9 \u00e0 public d&rsquo;enfants mais \u00e9galement aux jeunes adultes n\u00e9ophytes.<\/p>\n\n\n\n<p><a href=\"https:\/\/www.mines-stetienne.fr\/wp-content\/uploads\/2022\/06\/icu008.jpg\"><img loading=\"lazy\" decoding=\"async\" class=\"size-medium wp-image-68429 alignright\" src=\"https:\/\/www.mines-stetienne.fr\/wp-content\/uploads\/2022\/06\/icu008-251x300.jpg\" alt=\"\" width=\"251\" height=\"300\"><\/a>La r\u00e9alisation d\u2019un \u00eelot rafraichissant a \u00e9t\u00e9 accompagn\u00e9e par une action  p\u00e9dagogique conjointe avec des enseignantes d&rsquo;\u00e9cole \u00e9l\u00e9mentaire, ce qui a permis la conception et l&rsquo;exp\u00e9rimentation, par des \u00e9tudiants de Mines Saint-Etienne, d&rsquo;un guide p\u00e9dagogique parfaitement adapt\u00e9 \u00e0 un public scolaire.<\/p>\n<p>Il d\u00e9crit les activit\u00e9s \u00e0 r\u00e9aliser avec les enfants pour les sensibilliser \u00e0 la pr\u00e9servation de l&rsquo;environnement.<\/p>\n<p> <\/p>\n\n\n\n<h2 class=\"wp-block-heading\">Les \u00eelots de chaleur urbains, c&rsquo;est quoi ?<\/h2>\n\n\n\n<p><img loading=\"lazy\" decoding=\"async\" class=\"alignleft wp-image-68304 size-medium\" src=\"https:\/\/www.mines-stetienne.fr\/wp-content\/uploads\/2022\/06\/icu-001-300x203.jpg\" alt=\"\" width=\"300\" height=\"203\">L&rsquo;\u00eelot de chaleur urbain est un ph\u00e9nom\u00e8ne climatique qui consiste en un \u00e9cart positif de quelques degr\u00e9s, y compris la nuit, entre le centre des agglom\u00e9rations et les zones rurales ou naturelles p\u00e9riph\u00e9riques.<\/p>\n<p>Leur existence est li\u00e9e \u00e0 diff\u00e9rents param\u00e8tres, comme la densit\u00e9 et la forme urbaine, l\u2019artificialisation des sols, les propri\u00e9t\u00e9s d\u2019absorption et de stockage de la chaleur des mat\u00e9riaux de construction, les activit\u00e9s anthropiques (industrie, transport, \u00e9quipements domestiques), la rar\u00e9faction d\u2019espaces v\u00e9g\u00e9talis\u00e9s, le climat r\u00e9gional.<\/p>\n\n\n\n<blockquote class=\"wp-block-quote has-text-align-left is-layout-flow wp-block-quote-is-layout-flow\">\n<p>Les villes sont d&rsquo;autant plus vuln\u00e9rables aux vagues de chaleur, de plus en plus fr\u00e9quentes, qu&rsquo;elles sont constamment sujettes au ph\u00e9nom\u00e8ne d&rsquo;\u00eelot de chaleur urbain qui en intensifie l\u2019impact sur les populations et infrastructures.<\/p>\n<cite>Source: Centre fran\u00e7ais d&rsquo;\u00e9tudes et d&rsquo;expertise sur les risques, l&rsquo;environnement, la mobilit\u00e9 et l&rsquo;am\u00e9nagement (CEREMA)<\/cite><\/blockquote>\n\n\n\n\n\n<p><strong>Les partenaires<\/strong><\/p>\n<p>Auteurs \/concepteurs :<\/p>\n<p>Le concept de dispositif rafra\u00eechissant a \u00e9t\u00e9 imagin\u00e9 et con\u00e7u par les \u00e9tudiants de <a href=\"http:\/\/www.mines-stetienne.fr\">Mines Saint-Etienne<\/a> &#8211; une \u00e9cole de l\u2019IMT : E. Gravelat et L. Weber &#8211; dans le cadre de leur projet d\u2019ing\u00e9nieur, sous la direction de leur professeure Alicja TARDY (Institut Heni Fayol\/Lab. GEO), en collaboration avec Veolia Centre-Est en France, sous la direction de Nicolas VIVIAN, et en lien avec le bureau d\u2019\u00e9tudes <a href=\"http:\/\/www.seureca.veolia.com\">SEURECA<\/a> Climate &amp; Environmental Performance, Julien GRIMAUD.<\/p>\n<p>Sponsors :<\/p>\n<p>La construction du d\u00e9monstrateur pour le WUF \u00e0 Katowice 2022 a \u00e9t\u00e9 rendue possible gr\u00e2ce au soutien de plusieurs partenaires :&nbsp;<a href=\"http:\/\/energiadlawarszawy.pl\">Veolia Energie Polska<\/a>, <a href=\"http:\/\/www.veolia.fr\">Veolia France<\/a>, <a href=\"http:\/\/www.alkern.fr\">ALKERN France<\/a>, la <a href=\"http:\/\/www.maison-saint-etienne.com\">Maison de Saint-Etienne \u00e0 Katowice\/ ASEKMA<\/a> et R PYKA, la ville de <a href=\"http:\/\/www.katowice.eu\">Katowice.<\/a><\/p>\n<p>Constructeurs :&nbsp;<\/p>\n<p>La mise en \u0153uvre \u00e9tait assur\u00e9e gr\u00e2ce \u00e0&nbsp; l\u2019entreprise <a href=\"http:\/\/puk.katowice.pl\">PUK Sp.z o.o.<\/a> sous l\u2019\u0153il attentif de J. BARON en coop\u00e9ration avec R STUDZINSKI.<\/p>\n","protected":false},"excerpt":{"rendered":"<p>Le fruit d&rsquo;une collaboration depuis 2020entre Le concept d&rsquo;\u00eelot rafraichissant \u00e9ducatif Les \u00eelots de chaleur urbains, c&rsquo;est quoi ? Les villes sont d&rsquo;autant plus vuln\u00e9rables aux vagues de chaleur, de plus en plus fr\u00e9quentes, qu&rsquo;elles sont constamment sujettes au ph\u00e9nom\u00e8ne &hellip;<\/p>\n","protected":false},"author":1536,"featured_media":0,"parent":245,"menu_order":0,"comment_status":"closed","ping_status":"closed","template":"","meta":{"footnotes":""},"tags":[],"class_list":["post-381","page","type-page","status-publish","hentry"],"pp_statuses_selecting_workflow":false,"pp_workflow_action":"current","pp_status_selection":"publish","pp_force_visibility":null,"pp_subpost_visibility":null,"pp_inherited_force_visibility":null,"pp_inherited_subpost_visibility":null,"yoast_head":"<!-- This site is optimized with the Yoast SEO plugin v27.4 - https:\/\/yoast.com\/product\/yoast-seo-wordpress\/ -->\n<title>Projet d&#039;\u00eelot rafraichissant \u00e9ducatif - Institut Henri Fayol<\/title>\n<meta name=\"robots\" content=\"index, follow, max-snippet:-1, max-image-preview:large, max-video-preview:-1\" \/>\n<link rel=\"canonical\" href=\"https:\/\/www.mines-stetienne.fr\/fayol\/actualites\/projet-dilot-rafraichissant-educatif\/\" \/>\n<meta property=\"og:locale\" content=\"fr_FR\" \/>\n<meta property=\"og:type\" content=\"article\" \/>\n<meta property=\"og:title\" content=\"Projet d&#039;\u00eelot rafraichissant \u00e9ducatif - Institut Henri Fayol\" \/>\n<meta property=\"og:description\" content=\"Le fruit d&rsquo;une collaboration depuis 2020entre Le concept d&rsquo;\u00eelot rafraichissant \u00e9ducatif Les \u00eelots de chaleur urbains, c&rsquo;est quoi ? Les villes sont d&rsquo;autant plus vuln\u00e9rables aux vagues de chaleur, de plus en plus fr\u00e9quentes, qu&rsquo;elles sont constamment sujettes au ph\u00e9nom\u00e8ne &hellip;\" \/>\n<meta property=\"og:url\" content=\"https:\/\/www.mines-stetienne.fr\/fayol\/actualites\/projet-dilot-rafraichissant-educatif\/\" \/>\n<meta property=\"og:site_name\" content=\"Institut Henri Fayol\" \/>\n<meta property=\"article:publisher\" content=\"https:\/\/www.facebook.com\/MinesSaintEtienne\" \/>\n<meta property=\"article:modified_time\" content=\"2022-12-13T15:29:24+00:00\" \/>\n<meta property=\"og:image\" content=\"https:\/\/www.mines-stetienne.fr\/wp-content\/uploads\/2022\/06\/icu-005.jpg\" \/>\n<meta name=\"twitter:card\" content=\"summary_large_image\" \/>\n<meta name=\"twitter:site\" content=\"@MINES_StEtienne\" \/>\n<meta name=\"twitter:label1\" content=\"Dur\u00e9e de lecture estim\u00e9e\" \/>\n\t<meta name=\"twitter:data1\" content=\"7 minutes\" \/>\n<script type=\"application\/ld+json\" class=\"yoast-schema-graph\">{\"@context\":\"https:\\\/\\\/schema.org\",\"@graph\":[{\"@type\":\"WebPage\",\"@id\":\"https:\\\/\\\/www.mines-stetienne.fr\\\/fayol\\\/actualites\\\/projet-dilot-rafraichissant-educatif\\\/\",\"url\":\"https:\\\/\\\/www.mines-stetienne.fr\\\/fayol\\\/actualites\\\/projet-dilot-rafraichissant-educatif\\\/\",\"name\":\"Projet d'\u00eelot rafraichissant \u00e9ducatif - Institut Henri Fayol\",\"isPartOf\":{\"@id\":\"https:\\\/\\\/www.mines-stetienne.fr\\\/fayol\\\/#website\"},\"primaryImageOfPage\":{\"@id\":\"https:\\\/\\\/www.mines-stetienne.fr\\\/fayol\\\/actualites\\\/projet-dilot-rafraichissant-educatif\\\/#primaryimage\"},\"image\":{\"@id\":\"https:\\\/\\\/www.mines-stetienne.fr\\\/fayol\\\/actualites\\\/projet-dilot-rafraichissant-educatif\\\/#primaryimage\"},\"thumbnailUrl\":\"https:\\\/\\\/www.mines-stetienne.fr\\\/wp-content\\\/uploads\\\/2022\\\/06\\\/icu-005.jpg\",\"datePublished\":\"2022-12-13T15:29:23+00:00\",\"dateModified\":\"2022-12-13T15:29:24+00:00\",\"breadcrumb\":{\"@id\":\"https:\\\/\\\/www.mines-stetienne.fr\\\/fayol\\\/actualites\\\/projet-dilot-rafraichissant-educatif\\\/#breadcrumb\"},\"inLanguage\":\"fr-FR\",\"potentialAction\":[{\"@type\":\"ReadAction\",\"target\":[\"https:\\\/\\\/www.mines-stetienne.fr\\\/fayol\\\/actualites\\\/projet-dilot-rafraichissant-educatif\\\/\"]}]},{\"@type\":\"ImageObject\",\"inLanguage\":\"fr-FR\",\"@id\":\"https:\\\/\\\/www.mines-stetienne.fr\\\/fayol\\\/actualites\\\/projet-dilot-rafraichissant-educatif\\\/#primaryimage\",\"url\":\"https:\\\/\\\/www.mines-stetienne.fr\\\/wp-content\\\/uploads\\\/2022\\\/06\\\/icu-005.jpg\",\"contentUrl\":\"https:\\\/\\\/www.mines-stetienne.fr\\\/wp-content\\\/uploads\\\/2022\\\/06\\\/icu-005.jpg\"},{\"@type\":\"BreadcrumbList\",\"@id\":\"https:\\\/\\\/www.mines-stetienne.fr\\\/fayol\\\/actualites\\\/projet-dilot-rafraichissant-educatif\\\/#breadcrumb\",\"itemListElement\":[{\"@type\":\"ListItem\",\"position\":1,\"name\":\"Accueil\",\"item\":\"https:\\\/\\\/www.mines-stetienne.fr\\\/fayol\\\/\"},{\"@type\":\"ListItem\",\"position\":2,\"name\":\"Actualit\u00e9s\",\"item\":\"https:\\\/\\\/www.mines-stetienne.fr\\\/fayol\\\/actualites\\\/\"},{\"@type\":\"ListItem\",\"position\":3,\"name\":\"Projet d&rsquo;\u00eelot rafraichissant \u00e9ducatif\"}]},{\"@type\":\"WebSite\",\"@id\":\"https:\\\/\\\/www.mines-stetienne.fr\\\/fayol\\\/#website\",\"url\":\"https:\\\/\\\/www.mines-stetienne.fr\\\/fayol\\\/\",\"name\":\"Institut Henri Fayol\",\"description\":\"\",\"publisher\":{\"@id\":\"https:\\\/\\\/www.mines-stetienne.fr\\\/fayol\\\/#organization\"},\"potentialAction\":[{\"@type\":\"SearchAction\",\"target\":{\"@type\":\"EntryPoint\",\"urlTemplate\":\"https:\\\/\\\/www.mines-stetienne.fr\\\/fayol\\\/?s={search_term_string}\"},\"query-input\":{\"@type\":\"PropertyValueSpecification\",\"valueRequired\":true,\"valueName\":\"search_term_string\"}}],\"inLanguage\":\"fr-FR\"},{\"@type\":\"Organization\",\"@id\":\"https:\\\/\\\/www.mines-stetienne.fr\\\/fayol\\\/#organization\",\"name\":\"Institut Henri Fayol\",\"url\":\"https:\\\/\\\/www.mines-stetienne.fr\\\/fayol\\\/\",\"logo\":{\"@type\":\"ImageObject\",\"inLanguage\":\"fr-FR\",\"@id\":\"https:\\\/\\\/www.mines-stetienne.fr\\\/fayol\\\/#\\\/schema\\\/logo\\\/image\\\/\",\"url\":\"https:\\\/\\\/www.mines-stetienne.fr\\\/fayol\\\/wp-content\\\/uploads\\\/sites\\\/18\\\/2022\\\/09\\\/Mines_Saint_Etienne_IMT_RVB.png\",\"contentUrl\":\"https:\\\/\\\/www.mines-stetienne.fr\\\/fayol\\\/wp-content\\\/uploads\\\/sites\\\/18\\\/2022\\\/09\\\/Mines_Saint_Etienne_IMT_RVB.png\",\"width\":316,\"height\":315,\"caption\":\"Institut Henri Fayol\"},\"image\":{\"@id\":\"https:\\\/\\\/www.mines-stetienne.fr\\\/fayol\\\/#\\\/schema\\\/logo\\\/image\\\/\"},\"sameAs\":[\"https:\\\/\\\/www.facebook.com\\\/MinesSaintEtienne\",\"https:\\\/\\\/x.com\\\/MINES_StEtienne\",\"https:\\\/\\\/www.youtube.com\\\/channel\\\/UCVSdpdmJccvUngjJ2on1n3A\"]}]}<\/script>\n<!-- \/ Yoast SEO plugin. -->","yoast_head_json":{"title":"Projet d'\u00eelot rafraichissant \u00e9ducatif - Institut Henri Fayol","robots":{"index":"index","follow":"follow","max-snippet":"max-snippet:-1","max-image-preview":"max-image-preview:large","max-video-preview":"max-video-preview:-1"},"canonical":"https:\/\/www.mines-stetienne.fr\/fayol\/actualites\/projet-dilot-rafraichissant-educatif\/","og_locale":"fr_FR","og_type":"article","og_title":"Projet d'\u00eelot rafraichissant \u00e9ducatif - Institut Henri Fayol","og_description":"Le fruit d&rsquo;une collaboration depuis 2020entre Le concept d&rsquo;\u00eelot rafraichissant \u00e9ducatif Les \u00eelots de chaleur urbains, c&rsquo;est quoi ? Les villes sont d&rsquo;autant plus vuln\u00e9rables aux vagues de chaleur, de plus en plus fr\u00e9quentes, qu&rsquo;elles sont constamment sujettes au ph\u00e9nom\u00e8ne &hellip;","og_url":"https:\/\/www.mines-stetienne.fr\/fayol\/actualites\/projet-dilot-rafraichissant-educatif\/","og_site_name":"Institut Henri Fayol","article_publisher":"https:\/\/www.facebook.com\/MinesSaintEtienne","article_modified_time":"2022-12-13T15:29:24+00:00","og_image":[{"url":"https:\/\/www.mines-stetienne.fr\/wp-content\/uploads\/2022\/06\/icu-005.jpg","type":"","width":"","height":""}],"twitter_card":"summary_large_image","twitter_site":"@MINES_StEtienne","twitter_misc":{"Dur\u00e9e de lecture estim\u00e9e":"7 minutes"},"schema":{"@context":"https:\/\/schema.org","@graph":[{"@type":"WebPage","@id":"https:\/\/www.mines-stetienne.fr\/fayol\/actualites\/projet-dilot-rafraichissant-educatif\/","url":"https:\/\/www.mines-stetienne.fr\/fayol\/actualites\/projet-dilot-rafraichissant-educatif\/","name":"Projet d'\u00eelot rafraichissant \u00e9ducatif - Institut Henri Fayol","isPartOf":{"@id":"https:\/\/www.mines-stetienne.fr\/fayol\/#website"},"primaryImageOfPage":{"@id":"https:\/\/www.mines-stetienne.fr\/fayol\/actualites\/projet-dilot-rafraichissant-educatif\/#primaryimage"},"image":{"@id":"https:\/\/www.mines-stetienne.fr\/fayol\/actualites\/projet-dilot-rafraichissant-educatif\/#primaryimage"},"thumbnailUrl":"https:\/\/www.mines-stetienne.fr\/wp-content\/uploads\/2022\/06\/icu-005.jpg","datePublished":"2022-12-13T15:29:23+00:00","dateModified":"2022-12-13T15:29:24+00:00","breadcrumb":{"@id":"https:\/\/www.mines-stetienne.fr\/fayol\/actualites\/projet-dilot-rafraichissant-educatif\/#breadcrumb"},"inLanguage":"fr-FR","potentialAction":[{"@type":"ReadAction","target":["https:\/\/www.mines-stetienne.fr\/fayol\/actualites\/projet-dilot-rafraichissant-educatif\/"]}]},{"@type":"ImageObject","inLanguage":"fr-FR","@id":"https:\/\/www.mines-stetienne.fr\/fayol\/actualites\/projet-dilot-rafraichissant-educatif\/#primaryimage","url":"https:\/\/www.mines-stetienne.fr\/wp-content\/uploads\/2022\/06\/icu-005.jpg","contentUrl":"https:\/\/www.mines-stetienne.fr\/wp-content\/uploads\/2022\/06\/icu-005.jpg"},{"@type":"BreadcrumbList","@id":"https:\/\/www.mines-stetienne.fr\/fayol\/actualites\/projet-dilot-rafraichissant-educatif\/#breadcrumb","itemListElement":[{"@type":"ListItem","position":1,"name":"Accueil","item":"https:\/\/www.mines-stetienne.fr\/fayol\/"},{"@type":"ListItem","position":2,"name":"Actualit\u00e9s","item":"https:\/\/www.mines-stetienne.fr\/fayol\/actualites\/"},{"@type":"ListItem","position":3,"name":"Projet d&rsquo;\u00eelot rafraichissant \u00e9ducatif"}]},{"@type":"WebSite","@id":"https:\/\/www.mines-stetienne.fr\/fayol\/#website","url":"https:\/\/www.mines-stetienne.fr\/fayol\/","name":"Institut Henri Fayol","description":"","publisher":{"@id":"https:\/\/www.mines-stetienne.fr\/fayol\/#organization"},"potentialAction":[{"@type":"SearchAction","target":{"@type":"EntryPoint","urlTemplate":"https:\/\/www.mines-stetienne.fr\/fayol\/?s={search_term_string}"},"query-input":{"@type":"PropertyValueSpecification","valueRequired":true,"valueName":"search_term_string"}}],"inLanguage":"fr-FR"},{"@type":"Organization","@id":"https:\/\/www.mines-stetienne.fr\/fayol\/#organization","name":"Institut Henri Fayol","url":"https:\/\/www.mines-stetienne.fr\/fayol\/","logo":{"@type":"ImageObject","inLanguage":"fr-FR","@id":"https:\/\/www.mines-stetienne.fr\/fayol\/#\/schema\/logo\/image\/","url":"https:\/\/www.mines-stetienne.fr\/fayol\/wp-content\/uploads\/sites\/18\/2022\/09\/Mines_Saint_Etienne_IMT_RVB.png","contentUrl":"https:\/\/www.mines-stetienne.fr\/fayol\/wp-content\/uploads\/sites\/18\/2022\/09\/Mines_Saint_Etienne_IMT_RVB.png","width":316,"height":315,"caption":"Institut Henri Fayol"},"image":{"@id":"https:\/\/www.mines-stetienne.fr\/fayol\/#\/schema\/logo\/image\/"},"sameAs":["https:\/\/www.facebook.com\/MinesSaintEtienne","https:\/\/x.com\/MINES_StEtienne","https:\/\/www.youtube.com\/channel\/UCVSdpdmJccvUngjJ2on1n3A"]}]}},"_links":{"self":[{"href":"https:\/\/www.mines-stetienne.fr\/fayol\/wp-json\/wp\/v2\/pages\/381","targetHints":{"allow":["GET"]}}],"collection":[{"href":"https:\/\/www.mines-stetienne.fr\/fayol\/wp-json\/wp\/v2\/pages"}],"about":[{"href":"https:\/\/www.mines-stetienne.fr\/fayol\/wp-json\/wp\/v2\/types\/page"}],"author":[{"embeddable":true,"href":"https:\/\/www.mines-stetienne.fr\/fayol\/wp-json\/wp\/v2\/users\/1536"}],"replies":[{"embeddable":true,"href":"https:\/\/www.mines-stetienne.fr\/fayol\/wp-json\/wp\/v2\/comments?post=381"}],"version-history":[{"count":1,"href":"https:\/\/www.mines-stetienne.fr\/fayol\/wp-json\/wp\/v2\/pages\/381\/revisions"}],"predecessor-version":[{"id":382,"href":"https:\/\/www.mines-stetienne.fr\/fayol\/wp-json\/wp\/v2\/pages\/381\/revisions\/382"}],"up":[{"embeddable":true,"href":"https:\/\/www.mines-stetienne.fr\/fayol\/wp-json\/wp\/v2\/pages\/245"}],"wp:attachment":[{"href":"https:\/\/www.mines-stetienne.fr\/fayol\/wp-json\/wp\/v2\/media?parent=381"}],"wp:term":[{"taxonomy":"post_tag","embeddable":true,"href":"https:\/\/www.mines-stetienne.fr\/fayol\/wp-json\/wp\/v2\/tags?post=381"}],"curies":[{"name":"wp","href":"https:\/\/api.w.org\/{rel}","templated":true}]}}