{"id":365,"date":"2022-12-13T11:08:40","date_gmt":"2022-12-13T10:08:40","guid":{"rendered":"https:\/\/www.mines-stetienne.fr\/fayol\/?page_id=365"},"modified":"2022-12-13T11:08:41","modified_gmt":"2022-12-13T10:08:41","slug":"these-presentee-par-nicolas-garland","status":"publish","type":"page","link":"https:\/\/www.mines-stetienne.fr\/fayol\/theses\/these-presentee-par-nicolas-garland\/","title":{"rendered":"Th\u00e8se pr\u00e9sent\u00e9e par Nicolas Garland"},"content":{"rendered":"<p><strong>Titre :<\/strong>\u00a0 <strong>M\u00e9ta-mod\u00e9lisation introspective pour l&rsquo;analyse des ph\u00e9nom\u00e8nes physiques simul\u00e9s. Formalisation dans le cadre du co-krigeage et int\u00e9gration algorithmique en optimisation et inversion<\/strong><\/p>\n<p><strong>D\u00e9but de th\u00e8se : <\/strong>2014<br \/>\n<strong>Fin de th\u00e8se :<\/strong> 2020<\/p>\n<p><strong>R\u00e9sum\u00e9 :\u00a0<\/strong> L&rsquo;objectif de la th\u00e8se est d\u2019am\u00e9liorer des algorithmes actuellement utilis\u00e9s pour aider les experts en s\u00fbret\u00e9 \u00e0 analyser les r\u00e9ponses des simulateurs num\u00e9riques de ph\u00e9nom\u00e8nes physiques.<br \/>\nLes simulations \u00e9tant co\u00fbteuses, les algorithmes consid\u00e9r\u00e9s construisent des plans d\u2019exp\u00e9riences de mani\u00e8re it\u00e9rative, gr\u00e2ce \u00e0 des m\u00e9tamod\u00e8les capables de pr\u00e9dire les r\u00e9sultats des simulations. \u200bOn s\u2019int\u00e9resse en particulier aux simulations produites par des cha\u00eenes de calcul (encha\u00eenement s\u00e9quentiel de plusieurs codes de calculs distincts).<br \/>\nLes informations produites par les premiers codes permettent une analyse dite \u00ab\u00a0introspective \u00bb de la grandeur finale.<br \/>\nDans un premier temps, nous travaillons sur les diff\u00e9rents m\u00e9tamod\u00e8les introspectifs admissibles, qui traitent les r\u00e9sultats comme une fonction \u00e0 plusieurs sorties.<br \/>\nNous \u00e9tudions ainsi les diff\u00e9rentes formes de cokrigeage et proposons une am\u00e9lioration au probl\u00e8me de l\u2019optimisation de ses hyperparam\u00e8tres.\u00a0Nous d\u00e9veloppons \u00e9galement un autre m\u00e9tamod\u00e8le introspectif, l\u2019hyperkrigeage.\u00a0Nous faisons ensuite une comparaison des performances pr\u00e9dictives de ces m\u00e9tamod\u00e8les.<br \/>\nDans un second temps, nous travaillons sur les algorithmes.<br \/>\nUn premier algorithme d\u2019optimisation, appel\u00e9 \u00ab Step or Stop Optimization \u00bb, prenant en compte les sp\u00e9cificit\u00e9s du cas introspectif, est d\u00e9velopp\u00e9.\u00a0Il permet de ne pas poursuivre des calculs si les premi\u00e8res \u00e9tapes n&rsquo;y encouragent pas.<br \/>\nDes comparaisons avec l\u2019algorithme actuel tendent \u00e0 confirmer une \u00e9conomie importante des ressources de calcul gr\u00e2ce \u00e0 la meilleure prise en compte de la physique interm\u00e9diaire de la simulation.\u00a0La strat\u00e9gie utilis\u00e9e dans cet algorithme peut \u00eatre g\u00e9n\u00e9ralis\u00e9e, et \u00e9tendue \u00e0 des probl\u00e9matiques autres que l&rsquo;optimisation.<\/p>\n<p><strong>Mots cl\u00e9s\u00a0:\u00a0<\/strong>\u00a0krigeage, cokrigeage, processus gaussien, optimisation, simulations num\u00e9riques, multifid\u00e9lit\u00e9, cha\u00eene de calcul, plan s\u00e9quentiel<\/p>\n<p><strong>Soutenance :\u00a0<\/strong> 22 octobre 2020<\/p>\n<p><strong>Directeur de\u00a0th\u00e8se <\/strong><strong>: <\/strong><\/p>\n<ul>\n<li><a href=\"ma&#105;&#108;&#x74;&#x6f;&#x3a;&#x72;od&#111;&#108;&#x70;&#x68;&#x65;&#x2e;le&#114;&#105;&#99;&#x68;&#x65;&#x40;&#x6d;in&#101;&#115;&#x2d;&#x73;&#x74;&#x65;ti&#101;&#110;&#x6e;&#x65;&#x2e;&#x66;r\">Rodolphe Le Riche<\/a>\u00a0: Directeur de recherche, Mines Saint Etienne, CNRS, LIMOS<\/li>\n<\/ul>\n<p><strong>Partenariat : <\/strong>Institut de Radioprotection et de S\u00fbret\u00e9 Nucl\u00e9aire\u00a0(IRSN)<\/p>\n<p><strong>T\u00e9l\u00e9charger la th\u00e8se :\u00a0<\/strong><\/p>\n<p><a href=\"https:\/\/www.mines-stetienne.fr\/wp-content\/uploads\/2021\/04\/garland-nicolas-diff.pdf\"><img loading=\"lazy\" decoding=\"async\" class=\"aligncenter wp-image-2677\" src=\"https:\/\/www.mines-stetienne.fr\/wp-content\/uploads\/2016\/01\/these.gif\" alt=\"these\" width=\"32\" height=\"32\" \/><\/a><\/p>\n","protected":false},"excerpt":{"rendered":"<p>Titre :\u00a0 M\u00e9ta-mod\u00e9lisation introspective pour l&rsquo;analyse des ph\u00e9nom\u00e8nes physiques simul\u00e9s. Formalisation dans le cadre du co-krigeage et int\u00e9gration algorithmique en optimisation et inversion D\u00e9but de th\u00e8se : 2014 Fin de th\u00e8se : 2020 R\u00e9sum\u00e9 :\u00a0 L&rsquo;objectif de la th\u00e8se est &hellip;<\/p>\n","protected":false},"author":1536,"featured_media":0,"parent":286,"menu_order":0,"comment_status":"closed","ping_status":"closed","template":"","meta":{"footnotes":""},"tags":[],"class_list":["post-365","page","type-page","status-publish","hentry"],"pp_statuses_selecting_workflow":false,"pp_workflow_action":"current","pp_status_selection":"publish","pp_force_visibility":null,"pp_subpost_visibility":null,"pp_inherited_force_visibility":null,"pp_inherited_subpost_visibility":null,"yoast_head":"<!-- This site is optimized with the Yoast SEO plugin v27.5 - https:\/\/yoast.com\/product\/yoast-seo-wordpress\/ -->\n<title>Th\u00e8se pr\u00e9sent\u00e9e par Nicolas Garland - Institut Henri Fayol<\/title>\n<meta name=\"robots\" content=\"index, follow, max-snippet:-1, max-image-preview:large, max-video-preview:-1\" \/>\n<link rel=\"canonical\" href=\"https:\/\/www.mines-stetienne.fr\/fayol\/theses\/these-presentee-par-nicolas-garland\/\" \/>\n<meta property=\"og:locale\" content=\"fr_FR\" \/>\n<meta property=\"og:type\" content=\"article\" \/>\n<meta property=\"og:title\" content=\"Th\u00e8se pr\u00e9sent\u00e9e par Nicolas Garland - Institut Henri Fayol\" \/>\n<meta property=\"og:description\" content=\"Titre :\u00a0 M\u00e9ta-mod\u00e9lisation introspective pour l&rsquo;analyse des ph\u00e9nom\u00e8nes physiques simul\u00e9s. Formalisation dans le cadre du co-krigeage et int\u00e9gration algorithmique en optimisation et inversion D\u00e9but de th\u00e8se : 2014 Fin de th\u00e8se : 2020 R\u00e9sum\u00e9 :\u00a0 L&rsquo;objectif de la th\u00e8se est &hellip;\" \/>\n<meta property=\"og:url\" content=\"https:\/\/www.mines-stetienne.fr\/fayol\/theses\/these-presentee-par-nicolas-garland\/\" \/>\n<meta property=\"og:site_name\" content=\"Institut Henri Fayol\" \/>\n<meta property=\"article:publisher\" content=\"https:\/\/www.facebook.com\/MinesSaintEtienne\" \/>\n<meta property=\"article:modified_time\" content=\"2022-12-13T10:08:41+00:00\" \/>\n<meta property=\"og:image\" content=\"https:\/\/www.mines-stetienne.fr\/wp-content\/uploads\/2016\/01\/these.gif\" \/>\n<meta name=\"twitter:card\" content=\"summary_large_image\" \/>\n<meta name=\"twitter:site\" content=\"@MINES_StEtienne\" \/>\n<meta name=\"twitter:label1\" content=\"Dur\u00e9e de lecture estim\u00e9e\" \/>\n\t<meta name=\"twitter:data1\" content=\"2 minutes\" \/>\n<script type=\"application\/ld+json\" class=\"yoast-schema-graph\">{\"@context\":\"https:\\\/\\\/schema.org\",\"@graph\":[{\"@type\":\"WebPage\",\"@id\":\"https:\\\/\\\/www.mines-stetienne.fr\\\/fayol\\\/theses\\\/these-presentee-par-nicolas-garland\\\/\",\"url\":\"https:\\\/\\\/www.mines-stetienne.fr\\\/fayol\\\/theses\\\/these-presentee-par-nicolas-garland\\\/\",\"name\":\"Th\u00e8se pr\u00e9sent\u00e9e par Nicolas Garland - Institut Henri Fayol\",\"isPartOf\":{\"@id\":\"https:\\\/\\\/www.mines-stetienne.fr\\\/fayol\\\/#website\"},\"primaryImageOfPage\":{\"@id\":\"https:\\\/\\\/www.mines-stetienne.fr\\\/fayol\\\/theses\\\/these-presentee-par-nicolas-garland\\\/#primaryimage\"},\"image\":{\"@id\":\"https:\\\/\\\/www.mines-stetienne.fr\\\/fayol\\\/theses\\\/these-presentee-par-nicolas-garland\\\/#primaryimage\"},\"thumbnailUrl\":\"https:\\\/\\\/www.mines-stetienne.fr\\\/wp-content\\\/uploads\\\/2016\\\/01\\\/these.gif\",\"datePublished\":\"2022-12-13T10:08:40+00:00\",\"dateModified\":\"2022-12-13T10:08:41+00:00\",\"breadcrumb\":{\"@id\":\"https:\\\/\\\/www.mines-stetienne.fr\\\/fayol\\\/theses\\\/these-presentee-par-nicolas-garland\\\/#breadcrumb\"},\"inLanguage\":\"fr-FR\",\"potentialAction\":[{\"@type\":\"ReadAction\",\"target\":[\"https:\\\/\\\/www.mines-stetienne.fr\\\/fayol\\\/theses\\\/these-presentee-par-nicolas-garland\\\/\"]}]},{\"@type\":\"ImageObject\",\"inLanguage\":\"fr-FR\",\"@id\":\"https:\\\/\\\/www.mines-stetienne.fr\\\/fayol\\\/theses\\\/these-presentee-par-nicolas-garland\\\/#primaryimage\",\"url\":\"https:\\\/\\\/www.mines-stetienne.fr\\\/wp-content\\\/uploads\\\/2016\\\/01\\\/these.gif\",\"contentUrl\":\"https:\\\/\\\/www.mines-stetienne.fr\\\/wp-content\\\/uploads\\\/2016\\\/01\\\/these.gif\"},{\"@type\":\"BreadcrumbList\",\"@id\":\"https:\\\/\\\/www.mines-stetienne.fr\\\/fayol\\\/theses\\\/these-presentee-par-nicolas-garland\\\/#breadcrumb\",\"itemListElement\":[{\"@type\":\"ListItem\",\"position\":1,\"name\":\"Accueil\",\"item\":\"https:\\\/\\\/www.mines-stetienne.fr\\\/fayol\\\/\"},{\"@type\":\"ListItem\",\"position\":2,\"name\":\"Recherche\",\"item\":\"https:\\\/\\\/www.mines-stetienne.fr\\\/fayol\\\/theses\\\/\"},{\"@type\":\"ListItem\",\"position\":3,\"name\":\"Th\u00e8se pr\u00e9sent\u00e9e par Nicolas Garland\"}]},{\"@type\":\"WebSite\",\"@id\":\"https:\\\/\\\/www.mines-stetienne.fr\\\/fayol\\\/#website\",\"url\":\"https:\\\/\\\/www.mines-stetienne.fr\\\/fayol\\\/\",\"name\":\"Institut Henri Fayol\",\"description\":\"\",\"publisher\":{\"@id\":\"https:\\\/\\\/www.mines-stetienne.fr\\\/fayol\\\/#organization\"},\"potentialAction\":[{\"@type\":\"SearchAction\",\"target\":{\"@type\":\"EntryPoint\",\"urlTemplate\":\"https:\\\/\\\/www.mines-stetienne.fr\\\/fayol\\\/?s={search_term_string}\"},\"query-input\":{\"@type\":\"PropertyValueSpecification\",\"valueRequired\":true,\"valueName\":\"search_term_string\"}}],\"inLanguage\":\"fr-FR\"},{\"@type\":\"Organization\",\"@id\":\"https:\\\/\\\/www.mines-stetienne.fr\\\/fayol\\\/#organization\",\"name\":\"Institut Henri Fayol\",\"url\":\"https:\\\/\\\/www.mines-stetienne.fr\\\/fayol\\\/\",\"logo\":{\"@type\":\"ImageObject\",\"inLanguage\":\"fr-FR\",\"@id\":\"https:\\\/\\\/www.mines-stetienne.fr\\\/fayol\\\/#\\\/schema\\\/logo\\\/image\\\/\",\"url\":\"https:\\\/\\\/www.mines-stetienne.fr\\\/fayol\\\/wp-content\\\/uploads\\\/sites\\\/18\\\/2022\\\/09\\\/Mines_Saint_Etienne_IMT_RVB.png\",\"contentUrl\":\"https:\\\/\\\/www.mines-stetienne.fr\\\/fayol\\\/wp-content\\\/uploads\\\/sites\\\/18\\\/2022\\\/09\\\/Mines_Saint_Etienne_IMT_RVB.png\",\"width\":316,\"height\":315,\"caption\":\"Institut Henri Fayol\"},\"image\":{\"@id\":\"https:\\\/\\\/www.mines-stetienne.fr\\\/fayol\\\/#\\\/schema\\\/logo\\\/image\\\/\"},\"sameAs\":[\"https:\\\/\\\/www.facebook.com\\\/MinesSaintEtienne\",\"https:\\\/\\\/x.com\\\/MINES_StEtienne\",\"https:\\\/\\\/www.youtube.com\\\/channel\\\/UCVSdpdmJccvUngjJ2on1n3A\"]}]}<\/script>\n<!-- \/ Yoast SEO plugin. -->","yoast_head_json":{"title":"Th\u00e8se pr\u00e9sent\u00e9e par Nicolas Garland - Institut Henri Fayol","robots":{"index":"index","follow":"follow","max-snippet":"max-snippet:-1","max-image-preview":"max-image-preview:large","max-video-preview":"max-video-preview:-1"},"canonical":"https:\/\/www.mines-stetienne.fr\/fayol\/theses\/these-presentee-par-nicolas-garland\/","og_locale":"fr_FR","og_type":"article","og_title":"Th\u00e8se pr\u00e9sent\u00e9e par Nicolas Garland - Institut Henri Fayol","og_description":"Titre :\u00a0 M\u00e9ta-mod\u00e9lisation introspective pour l&rsquo;analyse des ph\u00e9nom\u00e8nes physiques simul\u00e9s. Formalisation dans le cadre du co-krigeage et int\u00e9gration algorithmique en optimisation et inversion D\u00e9but de th\u00e8se : 2014 Fin de th\u00e8se : 2020 R\u00e9sum\u00e9 :\u00a0 L&rsquo;objectif de la th\u00e8se est &hellip;","og_url":"https:\/\/www.mines-stetienne.fr\/fayol\/theses\/these-presentee-par-nicolas-garland\/","og_site_name":"Institut Henri Fayol","article_publisher":"https:\/\/www.facebook.com\/MinesSaintEtienne","article_modified_time":"2022-12-13T10:08:41+00:00","og_image":[{"url":"https:\/\/www.mines-stetienne.fr\/wp-content\/uploads\/2016\/01\/these.gif","type":"","width":"","height":""}],"twitter_card":"summary_large_image","twitter_site":"@MINES_StEtienne","twitter_misc":{"Dur\u00e9e de lecture estim\u00e9e":"2 minutes"},"schema":{"@context":"https:\/\/schema.org","@graph":[{"@type":"WebPage","@id":"https:\/\/www.mines-stetienne.fr\/fayol\/theses\/these-presentee-par-nicolas-garland\/","url":"https:\/\/www.mines-stetienne.fr\/fayol\/theses\/these-presentee-par-nicolas-garland\/","name":"Th\u00e8se pr\u00e9sent\u00e9e par Nicolas Garland - Institut Henri Fayol","isPartOf":{"@id":"https:\/\/www.mines-stetienne.fr\/fayol\/#website"},"primaryImageOfPage":{"@id":"https:\/\/www.mines-stetienne.fr\/fayol\/theses\/these-presentee-par-nicolas-garland\/#primaryimage"},"image":{"@id":"https:\/\/www.mines-stetienne.fr\/fayol\/theses\/these-presentee-par-nicolas-garland\/#primaryimage"},"thumbnailUrl":"https:\/\/www.mines-stetienne.fr\/wp-content\/uploads\/2016\/01\/these.gif","datePublished":"2022-12-13T10:08:40+00:00","dateModified":"2022-12-13T10:08:41+00:00","breadcrumb":{"@id":"https:\/\/www.mines-stetienne.fr\/fayol\/theses\/these-presentee-par-nicolas-garland\/#breadcrumb"},"inLanguage":"fr-FR","potentialAction":[{"@type":"ReadAction","target":["https:\/\/www.mines-stetienne.fr\/fayol\/theses\/these-presentee-par-nicolas-garland\/"]}]},{"@type":"ImageObject","inLanguage":"fr-FR","@id":"https:\/\/www.mines-stetienne.fr\/fayol\/theses\/these-presentee-par-nicolas-garland\/#primaryimage","url":"https:\/\/www.mines-stetienne.fr\/wp-content\/uploads\/2016\/01\/these.gif","contentUrl":"https:\/\/www.mines-stetienne.fr\/wp-content\/uploads\/2016\/01\/these.gif"},{"@type":"BreadcrumbList","@id":"https:\/\/www.mines-stetienne.fr\/fayol\/theses\/these-presentee-par-nicolas-garland\/#breadcrumb","itemListElement":[{"@type":"ListItem","position":1,"name":"Accueil","item":"https:\/\/www.mines-stetienne.fr\/fayol\/"},{"@type":"ListItem","position":2,"name":"Recherche","item":"https:\/\/www.mines-stetienne.fr\/fayol\/theses\/"},{"@type":"ListItem","position":3,"name":"Th\u00e8se pr\u00e9sent\u00e9e par Nicolas Garland"}]},{"@type":"WebSite","@id":"https:\/\/www.mines-stetienne.fr\/fayol\/#website","url":"https:\/\/www.mines-stetienne.fr\/fayol\/","name":"Institut Henri Fayol","description":"","publisher":{"@id":"https:\/\/www.mines-stetienne.fr\/fayol\/#organization"},"potentialAction":[{"@type":"SearchAction","target":{"@type":"EntryPoint","urlTemplate":"https:\/\/www.mines-stetienne.fr\/fayol\/?s={search_term_string}"},"query-input":{"@type":"PropertyValueSpecification","valueRequired":true,"valueName":"search_term_string"}}],"inLanguage":"fr-FR"},{"@type":"Organization","@id":"https:\/\/www.mines-stetienne.fr\/fayol\/#organization","name":"Institut Henri Fayol","url":"https:\/\/www.mines-stetienne.fr\/fayol\/","logo":{"@type":"ImageObject","inLanguage":"fr-FR","@id":"https:\/\/www.mines-stetienne.fr\/fayol\/#\/schema\/logo\/image\/","url":"https:\/\/www.mines-stetienne.fr\/fayol\/wp-content\/uploads\/sites\/18\/2022\/09\/Mines_Saint_Etienne_IMT_RVB.png","contentUrl":"https:\/\/www.mines-stetienne.fr\/fayol\/wp-content\/uploads\/sites\/18\/2022\/09\/Mines_Saint_Etienne_IMT_RVB.png","width":316,"height":315,"caption":"Institut Henri Fayol"},"image":{"@id":"https:\/\/www.mines-stetienne.fr\/fayol\/#\/schema\/logo\/image\/"},"sameAs":["https:\/\/www.facebook.com\/MinesSaintEtienne","https:\/\/x.com\/MINES_StEtienne","https:\/\/www.youtube.com\/channel\/UCVSdpdmJccvUngjJ2on1n3A"]}]}},"_links":{"self":[{"href":"https:\/\/www.mines-stetienne.fr\/fayol\/wp-json\/wp\/v2\/pages\/365","targetHints":{"allow":["GET"]}}],"collection":[{"href":"https:\/\/www.mines-stetienne.fr\/fayol\/wp-json\/wp\/v2\/pages"}],"about":[{"href":"https:\/\/www.mines-stetienne.fr\/fayol\/wp-json\/wp\/v2\/types\/page"}],"author":[{"embeddable":true,"href":"https:\/\/www.mines-stetienne.fr\/fayol\/wp-json\/wp\/v2\/users\/1536"}],"replies":[{"embeddable":true,"href":"https:\/\/www.mines-stetienne.fr\/fayol\/wp-json\/wp\/v2\/comments?post=365"}],"version-history":[{"count":1,"href":"https:\/\/www.mines-stetienne.fr\/fayol\/wp-json\/wp\/v2\/pages\/365\/revisions"}],"predecessor-version":[{"id":366,"href":"https:\/\/www.mines-stetienne.fr\/fayol\/wp-json\/wp\/v2\/pages\/365\/revisions\/366"}],"up":[{"embeddable":true,"href":"https:\/\/www.mines-stetienne.fr\/fayol\/wp-json\/wp\/v2\/pages\/286"}],"wp:attachment":[{"href":"https:\/\/www.mines-stetienne.fr\/fayol\/wp-json\/wp\/v2\/media?parent=365"}],"wp:term":[{"taxonomy":"post_tag","embeddable":true,"href":"https:\/\/www.mines-stetienne.fr\/fayol\/wp-json\/wp\/v2\/tags?post=365"}],"curies":[{"name":"wp","href":"https:\/\/api.w.org\/{rel}","templated":true}]}}