{"id":361,"date":"2022-12-13T11:07:21","date_gmt":"2022-12-13T10:07:21","guid":{"rendered":"https:\/\/www.mines-stetienne.fr\/fayol\/?page_id=361"},"modified":"2022-12-13T11:07:22","modified_gmt":"2022-12-13T10:07:22","slug":"these-preparee-par-zehor-thilleli-hounas","status":"publish","type":"page","link":"https:\/\/www.mines-stetienne.fr\/fayol\/theses\/these-preparee-par-zehor-thilleli-hounas\/","title":{"rendered":"Th\u00e8se pr\u00e9par\u00e9e par Zehor Thilleli Hounas"},"content":{"rendered":"<p><strong>Titre : Une approche hybride de mod\u00e9lisation s\u00e9mantique et de co-simulation pour une meilleure prise en compte des ph\u00e9nom\u00e8nes physiques dans un b\u00e2timent intelligent.<\/strong><\/p>\n<p><strong>D\u00e9but de th\u00e8se : <\/strong>2022<strong><br \/>\nFin de th\u00e8se : <\/strong>2025<\/p>\n<p><strong>R\u00e9sum\u00e9 : <\/strong>Les ph\u00e9nom\u00e8nes physiques survenant dans un syst\u00e8me cyber-physique complexe et h\u00e9t\u00e9rog\u00e8ne connect\u00e9 (par ex. b\u00e2timent intelligent) sont mal pris en compte dans les applications actuelles de l\u2019IoT (Internet of Things).<br \/>\nL\u2019objectif de cette th\u00e8se est d&rsquo;\u00e9tudier comment des mod\u00e8les de syst\u00e8mes dynamiques peuvent \u00eatre \u00e9chang\u00e9s et co-simul\u00e9s de mani\u00e8re distribu\u00e9e au sein m\u00eame du r\u00e9seau IoT d&rsquo;un syst\u00e8me cyber-physique de type b\u00e2timent intelligent.<br \/>\nPour ce faire, nous allons devoir r\u00e9pondre aux verrous scientifiques et technologiques suivants :<\/p>\n<ul>\n<li>L\u2019interop\u00e9rabilit\u00e9 s\u00e9mantique.<\/li>\n<li>La simulation en edge computing.<\/li>\n<li>La coordination entre les composants du syst\u00e8me IoT.<strong><br \/>\n<\/strong><\/li>\n<\/ul>\n<p><strong>Mots cl\u00e9s\u00a0:<\/strong> web s\u00e9mantique, interop\u00e9rabilit\u00e9 s\u00e9mantique, raisonnement, co-simulation, b\u00e2timent intelligent, syst\u00e8mes IoT, jumeaux num\u00e9riques, ph\u00e9nom\u00e8nes physiques, edge computing.<\/p>\n<p><strong>Date de soutenance pr\u00e9vue :<\/strong>23\/03\/2025<\/p>\n<p><strong>Encadrement :<\/strong><\/p>\n<ul id=\"block-67ec023b-3730-49e8-846e-f724794835d8\" class=\"block-editor-rich-text__editable block-editor-block-list__block wp-block is-selected rich-text\" role=\"group\" aria-label=\"Bloc\u00a0: Liste\" data-block=\"67ec023b-3730-49e8-846e-f724794835d8\" data-type=\"core\/list\" data-title=\"Liste\">\n<li>Directeur de th\u00e8se : <a href=\"&#x6d;&#97;&#x69;&#108;t&#x6f;&#58;a&#x6e;&#116;&#x6f;&#x69;n&#x65;&#46;z&#x69;&#109;&#x6d;&#x65;r&#x6d;&#97;n&#x6e;&#64;m&#x69;&#110;&#x65;&#115;-&#x73;&#116;e&#x74;&#105;&#x65;&#x6e;n&#x65;&#46;f&#x72;\">Antoine ZIMMERMANN<\/a>, Ma\u00eetre assis\u00adtant Mines Saint Etienne, LIMOS<\/li>\n<li>Co-encadrant acad\u00e9mique : <a href=\"&#109;&#97;&#x69;&#x6c;&#116;&#111;&#x3a;&#x6d;&#97;&#120;&#x69;&#x6d;&#101;&#46;&#x6c;&#x65;&#102;&#114;&#x61;&#x6e;&#99;&#111;&#x69;&#x73;&#64;&#109;&#x69;&#x6e;&#101;&#115;&#x2d;&#x73;&#116;&#101;&#x74;&#x69;&#101;&#110;&#x6e;&#x65;&#46;&#102;&#x72;\">Maxime LEFRAN\u00c7OIS<\/a>, Ma\u00eetre assis\u00adtant Mines Saint Etienne, LIMOS<\/li>\n<li>Co-encadrant entreprise : Bruno TRAVERSON, ing\u00e9nieur-chercheur EDF R&amp;D<\/li>\n<\/ul>\n<p><strong>Partenaires ou\/et Financeurs<\/strong> : Th\u00e8se CIFRE avec EDF R&amp;D.<\/p>\n","protected":false},"excerpt":{"rendered":"<p>Titre : Une approche hybride de mod\u00e9lisation s\u00e9mantique et de co-simulation pour une meilleure prise en compte des ph\u00e9nom\u00e8nes physiques dans un b\u00e2timent intelligent. D\u00e9but de th\u00e8se : 2022 Fin de th\u00e8se : 2025 R\u00e9sum\u00e9 : Les ph\u00e9nom\u00e8nes physiques survenant &hellip;<\/p>\n","protected":false},"author":1536,"featured_media":0,"parent":286,"menu_order":0,"comment_status":"closed","ping_status":"closed","template":"","meta":{"footnotes":""},"tags":[],"class_list":["post-361","page","type-page","status-publish","hentry"],"pp_statuses_selecting_workflow":false,"pp_workflow_action":"current","pp_status_selection":"publish","pp_force_visibility":null,"pp_subpost_visibility":null,"pp_inherited_force_visibility":null,"pp_inherited_subpost_visibility":null,"yoast_head":"<!-- This site is optimized with the Yoast SEO plugin v27.4 - https:\/\/yoast.com\/product\/yoast-seo-wordpress\/ -->\n<title>Th\u00e8se pr\u00e9par\u00e9e par Zehor Thilleli Hounas - Institut Henri Fayol<\/title>\n<meta name=\"robots\" content=\"index, follow, max-snippet:-1, max-image-preview:large, max-video-preview:-1\" \/>\n<link rel=\"canonical\" href=\"https:\/\/www.mines-stetienne.fr\/fayol\/theses\/these-preparee-par-zehor-thilleli-hounas\/\" \/>\n<meta property=\"og:locale\" content=\"fr_FR\" \/>\n<meta property=\"og:type\" content=\"article\" \/>\n<meta property=\"og:title\" content=\"Th\u00e8se pr\u00e9par\u00e9e par Zehor Thilleli Hounas - Institut Henri Fayol\" \/>\n<meta property=\"og:description\" content=\"Titre : Une approche hybride de mod\u00e9lisation s\u00e9mantique et de co-simulation pour une meilleure prise en compte des ph\u00e9nom\u00e8nes physiques dans un b\u00e2timent intelligent. D\u00e9but de th\u00e8se : 2022 Fin de th\u00e8se : 2025 R\u00e9sum\u00e9 : Les ph\u00e9nom\u00e8nes physiques survenant &hellip;\" \/>\n<meta property=\"og:url\" content=\"https:\/\/www.mines-stetienne.fr\/fayol\/theses\/these-preparee-par-zehor-thilleli-hounas\/\" \/>\n<meta property=\"og:site_name\" content=\"Institut Henri Fayol\" \/>\n<meta property=\"article:publisher\" content=\"https:\/\/www.facebook.com\/MinesSaintEtienne\" \/>\n<meta property=\"article:modified_time\" content=\"2022-12-13T10:07:22+00:00\" \/>\n<meta name=\"twitter:card\" content=\"summary_large_image\" \/>\n<meta name=\"twitter:site\" content=\"@MINES_StEtienne\" \/>\n<meta name=\"twitter:label1\" content=\"Dur\u00e9e de lecture estim\u00e9e\" \/>\n\t<meta name=\"twitter:data1\" content=\"1 minute\" \/>\n<script type=\"application\/ld+json\" class=\"yoast-schema-graph\">{\"@context\":\"https:\\\/\\\/schema.org\",\"@graph\":[{\"@type\":\"WebPage\",\"@id\":\"https:\\\/\\\/www.mines-stetienne.fr\\\/fayol\\\/theses\\\/these-preparee-par-zehor-thilleli-hounas\\\/\",\"url\":\"https:\\\/\\\/www.mines-stetienne.fr\\\/fayol\\\/theses\\\/these-preparee-par-zehor-thilleli-hounas\\\/\",\"name\":\"Th\u00e8se pr\u00e9par\u00e9e par Zehor Thilleli Hounas - Institut Henri Fayol\",\"isPartOf\":{\"@id\":\"https:\\\/\\\/www.mines-stetienne.fr\\\/fayol\\\/#website\"},\"datePublished\":\"2022-12-13T10:07:21+00:00\",\"dateModified\":\"2022-12-13T10:07:22+00:00\",\"breadcrumb\":{\"@id\":\"https:\\\/\\\/www.mines-stetienne.fr\\\/fayol\\\/theses\\\/these-preparee-par-zehor-thilleli-hounas\\\/#breadcrumb\"},\"inLanguage\":\"fr-FR\",\"potentialAction\":[{\"@type\":\"ReadAction\",\"target\":[\"https:\\\/\\\/www.mines-stetienne.fr\\\/fayol\\\/theses\\\/these-preparee-par-zehor-thilleli-hounas\\\/\"]}]},{\"@type\":\"BreadcrumbList\",\"@id\":\"https:\\\/\\\/www.mines-stetienne.fr\\\/fayol\\\/theses\\\/these-preparee-par-zehor-thilleli-hounas\\\/#breadcrumb\",\"itemListElement\":[{\"@type\":\"ListItem\",\"position\":1,\"name\":\"Accueil\",\"item\":\"https:\\\/\\\/www.mines-stetienne.fr\\\/fayol\\\/\"},{\"@type\":\"ListItem\",\"position\":2,\"name\":\"Recherche\",\"item\":\"https:\\\/\\\/www.mines-stetienne.fr\\\/fayol\\\/theses\\\/\"},{\"@type\":\"ListItem\",\"position\":3,\"name\":\"Th\u00e8se pr\u00e9par\u00e9e par Zehor Thilleli Hounas\"}]},{\"@type\":\"WebSite\",\"@id\":\"https:\\\/\\\/www.mines-stetienne.fr\\\/fayol\\\/#website\",\"url\":\"https:\\\/\\\/www.mines-stetienne.fr\\\/fayol\\\/\",\"name\":\"Institut Henri Fayol\",\"description\":\"\",\"publisher\":{\"@id\":\"https:\\\/\\\/www.mines-stetienne.fr\\\/fayol\\\/#organization\"},\"potentialAction\":[{\"@type\":\"SearchAction\",\"target\":{\"@type\":\"EntryPoint\",\"urlTemplate\":\"https:\\\/\\\/www.mines-stetienne.fr\\\/fayol\\\/?s={search_term_string}\"},\"query-input\":{\"@type\":\"PropertyValueSpecification\",\"valueRequired\":true,\"valueName\":\"search_term_string\"}}],\"inLanguage\":\"fr-FR\"},{\"@type\":\"Organization\",\"@id\":\"https:\\\/\\\/www.mines-stetienne.fr\\\/fayol\\\/#organization\",\"name\":\"Institut Henri Fayol\",\"url\":\"https:\\\/\\\/www.mines-stetienne.fr\\\/fayol\\\/\",\"logo\":{\"@type\":\"ImageObject\",\"inLanguage\":\"fr-FR\",\"@id\":\"https:\\\/\\\/www.mines-stetienne.fr\\\/fayol\\\/#\\\/schema\\\/logo\\\/image\\\/\",\"url\":\"https:\\\/\\\/www.mines-stetienne.fr\\\/fayol\\\/wp-content\\\/uploads\\\/sites\\\/18\\\/2022\\\/09\\\/Mines_Saint_Etienne_IMT_RVB.png\",\"contentUrl\":\"https:\\\/\\\/www.mines-stetienne.fr\\\/fayol\\\/wp-content\\\/uploads\\\/sites\\\/18\\\/2022\\\/09\\\/Mines_Saint_Etienne_IMT_RVB.png\",\"width\":316,\"height\":315,\"caption\":\"Institut Henri Fayol\"},\"image\":{\"@id\":\"https:\\\/\\\/www.mines-stetienne.fr\\\/fayol\\\/#\\\/schema\\\/logo\\\/image\\\/\"},\"sameAs\":[\"https:\\\/\\\/www.facebook.com\\\/MinesSaintEtienne\",\"https:\\\/\\\/x.com\\\/MINES_StEtienne\",\"https:\\\/\\\/www.youtube.com\\\/channel\\\/UCVSdpdmJccvUngjJ2on1n3A\"]}]}<\/script>\n<!-- \/ Yoast SEO plugin. -->","yoast_head_json":{"title":"Th\u00e8se pr\u00e9par\u00e9e par Zehor Thilleli Hounas - Institut Henri Fayol","robots":{"index":"index","follow":"follow","max-snippet":"max-snippet:-1","max-image-preview":"max-image-preview:large","max-video-preview":"max-video-preview:-1"},"canonical":"https:\/\/www.mines-stetienne.fr\/fayol\/theses\/these-preparee-par-zehor-thilleli-hounas\/","og_locale":"fr_FR","og_type":"article","og_title":"Th\u00e8se pr\u00e9par\u00e9e par Zehor Thilleli Hounas - Institut Henri Fayol","og_description":"Titre : Une approche hybride de mod\u00e9lisation s\u00e9mantique et de co-simulation pour une meilleure prise en compte des ph\u00e9nom\u00e8nes physiques dans un b\u00e2timent intelligent. D\u00e9but de th\u00e8se : 2022 Fin de th\u00e8se : 2025 R\u00e9sum\u00e9 : Les ph\u00e9nom\u00e8nes physiques survenant &hellip;","og_url":"https:\/\/www.mines-stetienne.fr\/fayol\/theses\/these-preparee-par-zehor-thilleli-hounas\/","og_site_name":"Institut Henri Fayol","article_publisher":"https:\/\/www.facebook.com\/MinesSaintEtienne","article_modified_time":"2022-12-13T10:07:22+00:00","twitter_card":"summary_large_image","twitter_site":"@MINES_StEtienne","twitter_misc":{"Dur\u00e9e de lecture estim\u00e9e":"1 minute"},"schema":{"@context":"https:\/\/schema.org","@graph":[{"@type":"WebPage","@id":"https:\/\/www.mines-stetienne.fr\/fayol\/theses\/these-preparee-par-zehor-thilleli-hounas\/","url":"https:\/\/www.mines-stetienne.fr\/fayol\/theses\/these-preparee-par-zehor-thilleli-hounas\/","name":"Th\u00e8se pr\u00e9par\u00e9e par Zehor Thilleli Hounas - Institut Henri Fayol","isPartOf":{"@id":"https:\/\/www.mines-stetienne.fr\/fayol\/#website"},"datePublished":"2022-12-13T10:07:21+00:00","dateModified":"2022-12-13T10:07:22+00:00","breadcrumb":{"@id":"https:\/\/www.mines-stetienne.fr\/fayol\/theses\/these-preparee-par-zehor-thilleli-hounas\/#breadcrumb"},"inLanguage":"fr-FR","potentialAction":[{"@type":"ReadAction","target":["https:\/\/www.mines-stetienne.fr\/fayol\/theses\/these-preparee-par-zehor-thilleli-hounas\/"]}]},{"@type":"BreadcrumbList","@id":"https:\/\/www.mines-stetienne.fr\/fayol\/theses\/these-preparee-par-zehor-thilleli-hounas\/#breadcrumb","itemListElement":[{"@type":"ListItem","position":1,"name":"Accueil","item":"https:\/\/www.mines-stetienne.fr\/fayol\/"},{"@type":"ListItem","position":2,"name":"Recherche","item":"https:\/\/www.mines-stetienne.fr\/fayol\/theses\/"},{"@type":"ListItem","position":3,"name":"Th\u00e8se pr\u00e9par\u00e9e par Zehor Thilleli Hounas"}]},{"@type":"WebSite","@id":"https:\/\/www.mines-stetienne.fr\/fayol\/#website","url":"https:\/\/www.mines-stetienne.fr\/fayol\/","name":"Institut Henri Fayol","description":"","publisher":{"@id":"https:\/\/www.mines-stetienne.fr\/fayol\/#organization"},"potentialAction":[{"@type":"SearchAction","target":{"@type":"EntryPoint","urlTemplate":"https:\/\/www.mines-stetienne.fr\/fayol\/?s={search_term_string}"},"query-input":{"@type":"PropertyValueSpecification","valueRequired":true,"valueName":"search_term_string"}}],"inLanguage":"fr-FR"},{"@type":"Organization","@id":"https:\/\/www.mines-stetienne.fr\/fayol\/#organization","name":"Institut Henri Fayol","url":"https:\/\/www.mines-stetienne.fr\/fayol\/","logo":{"@type":"ImageObject","inLanguage":"fr-FR","@id":"https:\/\/www.mines-stetienne.fr\/fayol\/#\/schema\/logo\/image\/","url":"https:\/\/www.mines-stetienne.fr\/fayol\/wp-content\/uploads\/sites\/18\/2022\/09\/Mines_Saint_Etienne_IMT_RVB.png","contentUrl":"https:\/\/www.mines-stetienne.fr\/fayol\/wp-content\/uploads\/sites\/18\/2022\/09\/Mines_Saint_Etienne_IMT_RVB.png","width":316,"height":315,"caption":"Institut Henri Fayol"},"image":{"@id":"https:\/\/www.mines-stetienne.fr\/fayol\/#\/schema\/logo\/image\/"},"sameAs":["https:\/\/www.facebook.com\/MinesSaintEtienne","https:\/\/x.com\/MINES_StEtienne","https:\/\/www.youtube.com\/channel\/UCVSdpdmJccvUngjJ2on1n3A"]}]}},"_links":{"self":[{"href":"https:\/\/www.mines-stetienne.fr\/fayol\/wp-json\/wp\/v2\/pages\/361","targetHints":{"allow":["GET"]}}],"collection":[{"href":"https:\/\/www.mines-stetienne.fr\/fayol\/wp-json\/wp\/v2\/pages"}],"about":[{"href":"https:\/\/www.mines-stetienne.fr\/fayol\/wp-json\/wp\/v2\/types\/page"}],"author":[{"embeddable":true,"href":"https:\/\/www.mines-stetienne.fr\/fayol\/wp-json\/wp\/v2\/users\/1536"}],"replies":[{"embeddable":true,"href":"https:\/\/www.mines-stetienne.fr\/fayol\/wp-json\/wp\/v2\/comments?post=361"}],"version-history":[{"count":1,"href":"https:\/\/www.mines-stetienne.fr\/fayol\/wp-json\/wp\/v2\/pages\/361\/revisions"}],"predecessor-version":[{"id":362,"href":"https:\/\/www.mines-stetienne.fr\/fayol\/wp-json\/wp\/v2\/pages\/361\/revisions\/362"}],"up":[{"embeddable":true,"href":"https:\/\/www.mines-stetienne.fr\/fayol\/wp-json\/wp\/v2\/pages\/286"}],"wp:attachment":[{"href":"https:\/\/www.mines-stetienne.fr\/fayol\/wp-json\/wp\/v2\/media?parent=361"}],"wp:term":[{"taxonomy":"post_tag","embeddable":true,"href":"https:\/\/www.mines-stetienne.fr\/fayol\/wp-json\/wp\/v2\/tags?post=361"}],"curies":[{"name":"wp","href":"https:\/\/api.w.org\/{rel}","templated":true}]}}