{"id":351,"date":"2022-12-13T10:58:46","date_gmt":"2022-12-13T09:58:46","guid":{"rendered":"https:\/\/www.mines-stetienne.fr\/fayol\/?page_id=351"},"modified":"2023-05-12T09:44:56","modified_gmt":"2023-05-12T07:44:56","slug":"these-preparee-par-stephanie-bayard","status":"publish","type":"page","link":"https:\/\/www.mines-stetienne.fr\/fayol\/theses\/these-preparee-par-stephanie-bayard\/","title":{"rendered":"Th\u00e8se pr\u00e9par\u00e9e par St\u00e9phanie Bayard"},"content":{"rendered":"<p><strong>Titre :\u00a0Proposition d\u2019un cadre m\u00e9thodologique adaptable pour l\u2019\u00e9valuation de la performance d\u2019un syst\u00e8me de planification de la production :\u00a0Application \u00e0 Demand Driven MRP<\/strong><\/p>\n<p><strong>D\u00e9but de th\u00e8se : <\/strong>2018<strong><br \/>\nFin de th\u00e8se : <\/strong>2023<\/p>\n<p><strong>R\u00e9sum\u00e9 :<\/strong><\/p>\n<p>L\u2019environnement \u00e9conomique est souvent caract\u00e9ris\u00e9 par l\u2019acronyme VUCA (Volatile, Incertain, Complexe et Ambigu) pour d\u00e9crire les fortes perturbations qu\u2019il subit. Les cons\u00e9quences sur les entreprises industrielles sont fortes et poussent les entreprises \u00e0 investiguer de nouvelles solutions pour maintenir ou am\u00e9liorer leur performance.<\/p>\n<p>Parmi elles, l\u2019adaptation ou le changement du syst\u00e8me de pilotage de la production offre des perspectives int\u00e9ressantes, conduisant \u00e0 l\u2019\u00e9mergence de nouvelles m\u00e9thodes de planification int\u00e9gr\u00e9es au sein des syst\u00e8mes de Production Planning and Control (PPC). La question du contexte de performance de ces nouvelles m\u00e9thodes se pose afin de les int\u00e9grer dans les choix potentiels. La revue de litt\u00e9rature montre que les principaux PPC peuvent \u00eatre utilis\u00e9s dans plusieurs contextes industriels ce qui laisse supposer qu\u2019une \u00e9valuation plus fine est n\u00e9cessaire pour choisir un PPC adapt\u00e9. D\u00e8s lors, il parait essentiel d\u2019\u00e9valuer leur performance de fa\u00e7on globale en int\u00e9grant \u00e0 la fois les retours d\u2019exp\u00e9riences des utilisateurs et une analyse objective de leur comportement.<\/p>\n<p>Face \u00e0 cette probl\u00e9matique, nous avons d\u00e9velopp\u00e9 un cadre m\u00e9thodologique r\u00e9pondant \u00e0 ce besoin. Nous proposons une approche bas\u00e9e sur 3 phases dont l\u2019utilisation et le contenu sont adaptables en fonction du contexte industriel et des objectifs fix\u00e9s. La proposition faite comprend le cadre lui-m\u00eame mais \u00e9galement un ensemble d\u2019outils et de m\u00e9thodes permettant de comprendre, positionner et \u00e9valuer qualitativement et quantitativement le PPC \u00e9tudi\u00e9. L\u2019utilisation de ce cadre est illustr\u00e9e \u00e0 travers l\u2019\u00e9tude de la m\u00e9thode Demand Driven Material Requirement Planning (DDMRP).<\/p>\n<p><strong>Mots cl\u00e9s\u00a0:<\/strong> Production and planning and control, mod\u00e9lisation, simulation \u00e0 \u00e9v\u00e9nements discrets, \u00e9valuation de la performance, DDMRP<\/p>\n<p><strong>Date de soutenance : <\/strong>Janvier 2023<\/p>\n<p><strong>Encadrement :<\/strong><\/p>\n<ul id=\"block-67ec023b-3730-49e8-846e-f724794835d8\" class=\"block-editor-rich-text__editable block-editor-block-list__block wp-block is-selected rich-text\" role=\"group\" aria-label=\"Bloc\u00a0: Liste\" data-block=\"67ec023b-3730-49e8-846e-f724794835d8\" data-type=\"core\/list\" data-title=\"Liste\">\n<li><a href=\"&#109;&#x61;i&#x6c;t&#111;&#x3a;&#120;&#x61;v&#105;&#x65;&#114;&#x2e;d&#x65;&#x6c;&#111;&#x72;m&#x65;&#64;&#109;&#x69;&#110;&#x65;s&#45;&#x73;&#116;&#x65;t&#105;&#x65;&#110;&#x6e;e&#x2e;&#x66;&#114;\">Xavier Delorme<\/a> : Professeur Mines Saint Etienne, Limos<\/li>\n<li><a href=\"&#109;&#x61;&#105;&#x6c;&#116;&#x6f;&#58;&#x66;&#114;&#x65;&#100;&#x65;r&#x69;c&#x2e;g&#x72;i&#x6d;a&#x75;d&#64;&#x6d;&#105;&#x6e;&#101;&#x73;&#45;&#x73;&#116;&#x65;&#116;&#x69;&#101;&#x6e;n&#x65;&#46;&#x66;r\">Fr\u00e9d\u00e9ric Grimaud<\/a> : Ma\u00eetre assistant Mines Saint Etienne, Limos<\/li>\n<\/ul>\n<p><strong>Partenaires ou\/et Financeurs<\/strong> : SPACE Aero<\/p>\n","protected":false},"excerpt":{"rendered":"<p>Titre :\u00a0Proposition d\u2019un cadre m\u00e9thodologique adaptable pour l\u2019\u00e9valuation de la performance d\u2019un syst\u00e8me de planification de la production :\u00a0Application \u00e0 Demand Driven MRP D\u00e9but de th\u00e8se : 2018 Fin de th\u00e8se : 2023 R\u00e9sum\u00e9 : L\u2019environnement \u00e9conomique est souvent caract\u00e9ris\u00e9 &hellip;<\/p>\n","protected":false},"author":1536,"featured_media":0,"parent":286,"menu_order":0,"comment_status":"closed","ping_status":"closed","template":"","meta":{"footnotes":""},"tags":[],"class_list":["post-351","page","type-page","status-publish","hentry"],"pp_statuses_selecting_workflow":false,"pp_workflow_action":"current","pp_status_selection":"publish","pp_force_visibility":null,"pp_subpost_visibility":null,"pp_inherited_force_visibility":null,"pp_inherited_subpost_visibility":null,"yoast_head":"<!-- This site is optimized with the Yoast SEO plugin v27.5 - https:\/\/yoast.com\/product\/yoast-seo-wordpress\/ -->\n<title>Th\u00e8se pr\u00e9par\u00e9e par St\u00e9phanie Bayard - Institut Henri Fayol<\/title>\n<meta name=\"robots\" content=\"index, follow, max-snippet:-1, max-image-preview:large, max-video-preview:-1\" \/>\n<link rel=\"canonical\" href=\"https:\/\/www.mines-stetienne.fr\/fayol\/theses\/these-preparee-par-stephanie-bayard\/\" \/>\n<meta property=\"og:locale\" content=\"fr_FR\" \/>\n<meta property=\"og:type\" content=\"article\" \/>\n<meta property=\"og:title\" content=\"Th\u00e8se pr\u00e9par\u00e9e par St\u00e9phanie Bayard - Institut Henri Fayol\" \/>\n<meta property=\"og:description\" content=\"Titre :\u00a0Proposition d\u2019un cadre m\u00e9thodologique adaptable pour l\u2019\u00e9valuation de la performance d\u2019un syst\u00e8me de planification de la production :\u00a0Application \u00e0 Demand Driven MRP D\u00e9but de th\u00e8se : 2018 Fin de th\u00e8se : 2023 R\u00e9sum\u00e9 : L\u2019environnement \u00e9conomique est souvent caract\u00e9ris\u00e9 &hellip;\" \/>\n<meta property=\"og:url\" content=\"https:\/\/www.mines-stetienne.fr\/fayol\/theses\/these-preparee-par-stephanie-bayard\/\" \/>\n<meta property=\"og:site_name\" content=\"Institut Henri Fayol\" \/>\n<meta property=\"article:publisher\" content=\"https:\/\/www.facebook.com\/MinesSaintEtienne\" \/>\n<meta property=\"article:modified_time\" content=\"2023-05-12T07:44:56+00:00\" \/>\n<meta name=\"twitter:card\" content=\"summary_large_image\" \/>\n<meta name=\"twitter:site\" content=\"@MINES_StEtienne\" \/>\n<meta name=\"twitter:label1\" content=\"Dur\u00e9e de lecture estim\u00e9e\" \/>\n\t<meta name=\"twitter:data1\" content=\"2 minutes\" \/>\n<script type=\"application\/ld+json\" class=\"yoast-schema-graph\">{\"@context\":\"https:\\\/\\\/schema.org\",\"@graph\":[{\"@type\":\"WebPage\",\"@id\":\"https:\\\/\\\/www.mines-stetienne.fr\\\/fayol\\\/theses\\\/these-preparee-par-stephanie-bayard\\\/\",\"url\":\"https:\\\/\\\/www.mines-stetienne.fr\\\/fayol\\\/theses\\\/these-preparee-par-stephanie-bayard\\\/\",\"name\":\"Th\u00e8se pr\u00e9par\u00e9e par St\u00e9phanie Bayard - Institut Henri Fayol\",\"isPartOf\":{\"@id\":\"https:\\\/\\\/www.mines-stetienne.fr\\\/fayol\\\/#website\"},\"datePublished\":\"2022-12-13T09:58:46+00:00\",\"dateModified\":\"2023-05-12T07:44:56+00:00\",\"breadcrumb\":{\"@id\":\"https:\\\/\\\/www.mines-stetienne.fr\\\/fayol\\\/theses\\\/these-preparee-par-stephanie-bayard\\\/#breadcrumb\"},\"inLanguage\":\"fr-FR\",\"potentialAction\":[{\"@type\":\"ReadAction\",\"target\":[\"https:\\\/\\\/www.mines-stetienne.fr\\\/fayol\\\/theses\\\/these-preparee-par-stephanie-bayard\\\/\"]}]},{\"@type\":\"BreadcrumbList\",\"@id\":\"https:\\\/\\\/www.mines-stetienne.fr\\\/fayol\\\/theses\\\/these-preparee-par-stephanie-bayard\\\/#breadcrumb\",\"itemListElement\":[{\"@type\":\"ListItem\",\"position\":1,\"name\":\"Accueil\",\"item\":\"https:\\\/\\\/www.mines-stetienne.fr\\\/fayol\\\/\"},{\"@type\":\"ListItem\",\"position\":2,\"name\":\"Recherche\",\"item\":\"https:\\\/\\\/www.mines-stetienne.fr\\\/fayol\\\/theses\\\/\"},{\"@type\":\"ListItem\",\"position\":3,\"name\":\"Th\u00e8se pr\u00e9par\u00e9e par St\u00e9phanie Bayard\"}]},{\"@type\":\"WebSite\",\"@id\":\"https:\\\/\\\/www.mines-stetienne.fr\\\/fayol\\\/#website\",\"url\":\"https:\\\/\\\/www.mines-stetienne.fr\\\/fayol\\\/\",\"name\":\"Institut Henri Fayol\",\"description\":\"\",\"publisher\":{\"@id\":\"https:\\\/\\\/www.mines-stetienne.fr\\\/fayol\\\/#organization\"},\"potentialAction\":[{\"@type\":\"SearchAction\",\"target\":{\"@type\":\"EntryPoint\",\"urlTemplate\":\"https:\\\/\\\/www.mines-stetienne.fr\\\/fayol\\\/?s={search_term_string}\"},\"query-input\":{\"@type\":\"PropertyValueSpecification\",\"valueRequired\":true,\"valueName\":\"search_term_string\"}}],\"inLanguage\":\"fr-FR\"},{\"@type\":\"Organization\",\"@id\":\"https:\\\/\\\/www.mines-stetienne.fr\\\/fayol\\\/#organization\",\"name\":\"Institut Henri Fayol\",\"url\":\"https:\\\/\\\/www.mines-stetienne.fr\\\/fayol\\\/\",\"logo\":{\"@type\":\"ImageObject\",\"inLanguage\":\"fr-FR\",\"@id\":\"https:\\\/\\\/www.mines-stetienne.fr\\\/fayol\\\/#\\\/schema\\\/logo\\\/image\\\/\",\"url\":\"https:\\\/\\\/www.mines-stetienne.fr\\\/fayol\\\/wp-content\\\/uploads\\\/sites\\\/18\\\/2022\\\/09\\\/Mines_Saint_Etienne_IMT_RVB.png\",\"contentUrl\":\"https:\\\/\\\/www.mines-stetienne.fr\\\/fayol\\\/wp-content\\\/uploads\\\/sites\\\/18\\\/2022\\\/09\\\/Mines_Saint_Etienne_IMT_RVB.png\",\"width\":316,\"height\":315,\"caption\":\"Institut Henri Fayol\"},\"image\":{\"@id\":\"https:\\\/\\\/www.mines-stetienne.fr\\\/fayol\\\/#\\\/schema\\\/logo\\\/image\\\/\"},\"sameAs\":[\"https:\\\/\\\/www.facebook.com\\\/MinesSaintEtienne\",\"https:\\\/\\\/x.com\\\/MINES_StEtienne\",\"https:\\\/\\\/www.youtube.com\\\/channel\\\/UCVSdpdmJccvUngjJ2on1n3A\"]}]}<\/script>\n<!-- \/ Yoast SEO plugin. -->","yoast_head_json":{"title":"Th\u00e8se pr\u00e9par\u00e9e par St\u00e9phanie Bayard - Institut Henri Fayol","robots":{"index":"index","follow":"follow","max-snippet":"max-snippet:-1","max-image-preview":"max-image-preview:large","max-video-preview":"max-video-preview:-1"},"canonical":"https:\/\/www.mines-stetienne.fr\/fayol\/theses\/these-preparee-par-stephanie-bayard\/","og_locale":"fr_FR","og_type":"article","og_title":"Th\u00e8se pr\u00e9par\u00e9e par St\u00e9phanie Bayard - Institut Henri Fayol","og_description":"Titre :\u00a0Proposition d\u2019un cadre m\u00e9thodologique adaptable pour l\u2019\u00e9valuation de la performance d\u2019un syst\u00e8me de planification de la production :\u00a0Application \u00e0 Demand Driven MRP D\u00e9but de th\u00e8se : 2018 Fin de th\u00e8se : 2023 R\u00e9sum\u00e9 : L\u2019environnement \u00e9conomique est souvent caract\u00e9ris\u00e9 &hellip;","og_url":"https:\/\/www.mines-stetienne.fr\/fayol\/theses\/these-preparee-par-stephanie-bayard\/","og_site_name":"Institut Henri Fayol","article_publisher":"https:\/\/www.facebook.com\/MinesSaintEtienne","article_modified_time":"2023-05-12T07:44:56+00:00","twitter_card":"summary_large_image","twitter_site":"@MINES_StEtienne","twitter_misc":{"Dur\u00e9e de lecture estim\u00e9e":"2 minutes"},"schema":{"@context":"https:\/\/schema.org","@graph":[{"@type":"WebPage","@id":"https:\/\/www.mines-stetienne.fr\/fayol\/theses\/these-preparee-par-stephanie-bayard\/","url":"https:\/\/www.mines-stetienne.fr\/fayol\/theses\/these-preparee-par-stephanie-bayard\/","name":"Th\u00e8se pr\u00e9par\u00e9e par St\u00e9phanie Bayard - Institut Henri Fayol","isPartOf":{"@id":"https:\/\/www.mines-stetienne.fr\/fayol\/#website"},"datePublished":"2022-12-13T09:58:46+00:00","dateModified":"2023-05-12T07:44:56+00:00","breadcrumb":{"@id":"https:\/\/www.mines-stetienne.fr\/fayol\/theses\/these-preparee-par-stephanie-bayard\/#breadcrumb"},"inLanguage":"fr-FR","potentialAction":[{"@type":"ReadAction","target":["https:\/\/www.mines-stetienne.fr\/fayol\/theses\/these-preparee-par-stephanie-bayard\/"]}]},{"@type":"BreadcrumbList","@id":"https:\/\/www.mines-stetienne.fr\/fayol\/theses\/these-preparee-par-stephanie-bayard\/#breadcrumb","itemListElement":[{"@type":"ListItem","position":1,"name":"Accueil","item":"https:\/\/www.mines-stetienne.fr\/fayol\/"},{"@type":"ListItem","position":2,"name":"Recherche","item":"https:\/\/www.mines-stetienne.fr\/fayol\/theses\/"},{"@type":"ListItem","position":3,"name":"Th\u00e8se pr\u00e9par\u00e9e par St\u00e9phanie Bayard"}]},{"@type":"WebSite","@id":"https:\/\/www.mines-stetienne.fr\/fayol\/#website","url":"https:\/\/www.mines-stetienne.fr\/fayol\/","name":"Institut Henri Fayol","description":"","publisher":{"@id":"https:\/\/www.mines-stetienne.fr\/fayol\/#organization"},"potentialAction":[{"@type":"SearchAction","target":{"@type":"EntryPoint","urlTemplate":"https:\/\/www.mines-stetienne.fr\/fayol\/?s={search_term_string}"},"query-input":{"@type":"PropertyValueSpecification","valueRequired":true,"valueName":"search_term_string"}}],"inLanguage":"fr-FR"},{"@type":"Organization","@id":"https:\/\/www.mines-stetienne.fr\/fayol\/#organization","name":"Institut Henri Fayol","url":"https:\/\/www.mines-stetienne.fr\/fayol\/","logo":{"@type":"ImageObject","inLanguage":"fr-FR","@id":"https:\/\/www.mines-stetienne.fr\/fayol\/#\/schema\/logo\/image\/","url":"https:\/\/www.mines-stetienne.fr\/fayol\/wp-content\/uploads\/sites\/18\/2022\/09\/Mines_Saint_Etienne_IMT_RVB.png","contentUrl":"https:\/\/www.mines-stetienne.fr\/fayol\/wp-content\/uploads\/sites\/18\/2022\/09\/Mines_Saint_Etienne_IMT_RVB.png","width":316,"height":315,"caption":"Institut Henri Fayol"},"image":{"@id":"https:\/\/www.mines-stetienne.fr\/fayol\/#\/schema\/logo\/image\/"},"sameAs":["https:\/\/www.facebook.com\/MinesSaintEtienne","https:\/\/x.com\/MINES_StEtienne","https:\/\/www.youtube.com\/channel\/UCVSdpdmJccvUngjJ2on1n3A"]}]}},"_links":{"self":[{"href":"https:\/\/www.mines-stetienne.fr\/fayol\/wp-json\/wp\/v2\/pages\/351","targetHints":{"allow":["GET"]}}],"collection":[{"href":"https:\/\/www.mines-stetienne.fr\/fayol\/wp-json\/wp\/v2\/pages"}],"about":[{"href":"https:\/\/www.mines-stetienne.fr\/fayol\/wp-json\/wp\/v2\/types\/page"}],"author":[{"embeddable":true,"href":"https:\/\/www.mines-stetienne.fr\/fayol\/wp-json\/wp\/v2\/users\/1536"}],"replies":[{"embeddable":true,"href":"https:\/\/www.mines-stetienne.fr\/fayol\/wp-json\/wp\/v2\/comments?post=351"}],"version-history":[{"count":2,"href":"https:\/\/www.mines-stetienne.fr\/fayol\/wp-json\/wp\/v2\/pages\/351\/revisions"}],"predecessor-version":[{"id":671,"href":"https:\/\/www.mines-stetienne.fr\/fayol\/wp-json\/wp\/v2\/pages\/351\/revisions\/671"}],"up":[{"embeddable":true,"href":"https:\/\/www.mines-stetienne.fr\/fayol\/wp-json\/wp\/v2\/pages\/286"}],"wp:attachment":[{"href":"https:\/\/www.mines-stetienne.fr\/fayol\/wp-json\/wp\/v2\/media?parent=351"}],"wp:term":[{"taxonomy":"post_tag","embeddable":true,"href":"https:\/\/www.mines-stetienne.fr\/fayol\/wp-json\/wp\/v2\/tags?post=351"}],"curies":[{"name":"wp","href":"https:\/\/api.w.org\/{rel}","templated":true}]}}