{"id":342,"date":"2022-12-13T10:06:21","date_gmt":"2022-12-13T09:06:21","guid":{"rendered":"https:\/\/www.mines-stetienne.fr\/fayol\/?page_id=342"},"modified":"2022-12-13T10:06:51","modified_gmt":"2022-12-13T09:06:51","slug":"these-preparee-par-quentin-dassibat","status":"publish","type":"page","link":"https:\/\/www.mines-stetienne.fr\/fayol\/theses\/these-preparee-par-quentin-dassibat\/","title":{"rendered":"Th\u00e8se pr\u00e9par\u00e9e par Quentin Dassibat"},"content":{"rendered":"<p><strong>Titre : La territorialisation du cadre des Limites Plan\u00e9taires<\/strong><\/p>\n<p><strong>D\u00e9but de th\u00e8se :<\/strong> 2021<strong><br \/>\nFin de th\u00e8se : <\/strong>2024<\/p>\n<p><strong>R\u00e9sum\u00e9 :<\/strong> Les limites plan\u00e9taires constituent un cadre syst\u00e9mique pour l\u2019analyse des impacts environnementaux li\u00e9s aux activit\u00e9s humaines. Ce cadre d\u00e9cline en neuf variables le fonctionnement du syst\u00e8me Terre et attribue \u00e0 chacune un seuil maximum de d\u00e9gradation (changement climatique, acidification des oc\u00e9ans, d\u00e9gradation de l\u2019ozone stratosph\u00e9rique, \u00e9rosion de la biodiversit\u00e9, changement d\u2019occupation des sols, consommation d\u2019eau douce, cycles de l\u2019azote et du phosphore, \u00e9missions d\u2019a\u00e9rosols, introduction d\u2019entit\u00e9s nouvelles dans l\u2019environnement). Ces seuils ont \u00e9t\u00e9 fix\u00e9s par rapport \u00e0 l\u2019\u00e9quilibre climatique de l\u2019Holoc\u00e8ne, qui est suppos\u00e9 \u00eatre le plus favorable aux activit\u00e9s humaines de tous les climats pass\u00e9s. Dans le but de ne pas d\u00e9passer les limites assign\u00e9es \u00e0 chacune de ces variables, et demeurer ainsi dans l\u2019\u00e9quilibre climatique actuel, les territoires de taille interm\u00e9diaire (entre la ville et la nation, typiquement les r\u00e9gions) doivent pouvoir appuyer leurs politiques environnementales sur la version \u00ab territorialis\u00e9e \u00bb de ces agr\u00e9gats globaux ; car c\u2019est en effet \u00e0 cette \u00e9chelle que sont prises la plupart des d\u00e9cisions d\u2019am\u00e9nagement ayant une incidence sur les variables du cadre des Limites Plan\u00e9taires. Quels indicateurs d\u00e9finir donc \u00e0 l\u2019\u00e9chelle d\u2019un m\u00e9so-territoire afin d\u2019assurer la comptabilit\u00e9 des choix de vie locaux avec les contraintes globales du syst\u00e8me Terre ?<\/p>\n<p><strong>Mots cl\u00e9s&nbsp;:<\/strong> absolute environmental sustainability assessment, limites plan\u00e9taires, analyse d\u2019impact environnemental, syst\u00e9mique, syst\u00e8mes complexes, descente d\u2019\u00e9chelle, territorialisation<\/p>\n<p><strong>Date de soutenance pr\u00e9vue : <\/strong>octobre 2024<\/p>\n<p><strong>Encadrement :<\/strong><\/p>\n<ul id=\"block-67ec023b-3730-49e8-846e-f724794835d8\" class=\"block-editor-rich-text__editable block-editor-block-list__block wp-block is-selected rich-text\" role=\"group\" aria-label=\"Bloc&nbsp;: Liste\" data-block=\"67ec023b-3730-49e8-846e-f724794835d8\" data-type=\"core\/list\" data-title=\"Liste\">\n<li><a href=\"&#x6d;&#x61;&#x69;&#108;&#116;&#111;:g&#x6f;&#x6e;&#x64;&#x72;&#97;&#110;&#64;e&#x6d;&#x73;&#x65;&#x2e;&#102;&#114;\">Natacha Gondran<\/a>, Professeur Mines Saint Etienne, UMR 5600 EVS<\/li>\n<li>Fabrice Bardet (EVS-RIVES)<\/li>\n<\/ul>\n<p><strong>Partenaires ou\/et Financeurs<\/strong> :&nbsp;\u00c9cole Urbaine de Lyon (financeur), Agence d\u2019urbanisme de la r\u00e9gion st\u00e9phanoise (partenaire)<\/p>\n<p><strong>Objectifs de d\u00e9veloppement durable concern\u00e9s.<\/strong><br \/><img loading=\"lazy\" decoding=\"async\" class=\"alignnone wp-image-20269 size-full\" src=\"https:\/\/www.mines-stetienne.fr\/wp-content\/uploads\/2020\/11\/odd11.jpg\" alt=\"\" width=\"150\" height=\"150\" \/> <img loading=\"lazy\" decoding=\"async\" class=\"alignnone wp-image-20389 size-thumbnail\" src=\"https:\/\/www.mines-stetienne.fr\/wp-content\/uploads\/2020\/11\/ODD-13-150x150.png\" alt=\"\" width=\"150\" height=\"150\" \/><\/p>\n","protected":false},"excerpt":{"rendered":"<p>Titre : La territorialisation du cadre des Limites Plan\u00e9taires D\u00e9but de th\u00e8se : 2021 Fin de th\u00e8se : 2024 R\u00e9sum\u00e9 : Les limites plan\u00e9taires constituent un cadre syst\u00e9mique pour l\u2019analyse des impacts environnementaux li\u00e9s aux activit\u00e9s humaines. Ce cadre d\u00e9cline &hellip;<\/p>\n","protected":false},"author":1536,"featured_media":0,"parent":286,"menu_order":0,"comment_status":"closed","ping_status":"closed","template":"","meta":{"footnotes":""},"tags":[],"class_list":["post-342","page","type-page","status-publish","hentry"],"pp_statuses_selecting_workflow":false,"pp_workflow_action":"current","pp_status_selection":"publish","pp_force_visibility":null,"pp_subpost_visibility":null,"pp_inherited_force_visibility":null,"pp_inherited_subpost_visibility":null,"yoast_head":"<!-- This site is optimized with the Yoast SEO plugin v27.5 - https:\/\/yoast.com\/product\/yoast-seo-wordpress\/ -->\n<title>Th\u00e8se pr\u00e9par\u00e9e par Quentin Dassibat - Institut Henri Fayol<\/title>\n<meta name=\"robots\" content=\"index, follow, max-snippet:-1, max-image-preview:large, max-video-preview:-1\" \/>\n<link rel=\"canonical\" href=\"https:\/\/www.mines-stetienne.fr\/fayol\/theses\/these-preparee-par-quentin-dassibat\/\" \/>\n<meta property=\"og:locale\" content=\"fr_FR\" \/>\n<meta property=\"og:type\" content=\"article\" \/>\n<meta property=\"og:title\" content=\"Th\u00e8se pr\u00e9par\u00e9e par Quentin Dassibat - Institut Henri Fayol\" \/>\n<meta property=\"og:description\" content=\"Titre : La territorialisation du cadre des Limites Plan\u00e9taires D\u00e9but de th\u00e8se : 2021 Fin de th\u00e8se : 2024 R\u00e9sum\u00e9 : Les limites plan\u00e9taires constituent un cadre syst\u00e9mique pour l\u2019analyse des impacts environnementaux li\u00e9s aux activit\u00e9s humaines. Ce cadre d\u00e9cline &hellip;\" \/>\n<meta property=\"og:url\" content=\"https:\/\/www.mines-stetienne.fr\/fayol\/theses\/these-preparee-par-quentin-dassibat\/\" \/>\n<meta property=\"og:site_name\" content=\"Institut Henri Fayol\" \/>\n<meta property=\"article:publisher\" content=\"https:\/\/www.facebook.com\/MinesSaintEtienne\" \/>\n<meta property=\"article:modified_time\" content=\"2022-12-13T09:06:51+00:00\" \/>\n<meta property=\"og:image\" content=\"https:\/\/www.mines-stetienne.fr\/wp-content\/uploads\/2020\/11\/odd11.jpg\" \/>\n<meta name=\"twitter:card\" content=\"summary_large_image\" \/>\n<meta name=\"twitter:site\" content=\"@MINES_StEtienne\" \/>\n<meta name=\"twitter:label1\" content=\"Dur\u00e9e de lecture estim\u00e9e\" \/>\n\t<meta name=\"twitter:data1\" content=\"2 minutes\" \/>\n<script type=\"application\/ld+json\" class=\"yoast-schema-graph\">{\"@context\":\"https:\\\/\\\/schema.org\",\"@graph\":[{\"@type\":\"WebPage\",\"@id\":\"https:\\\/\\\/www.mines-stetienne.fr\\\/fayol\\\/theses\\\/these-preparee-par-quentin-dassibat\\\/\",\"url\":\"https:\\\/\\\/www.mines-stetienne.fr\\\/fayol\\\/theses\\\/these-preparee-par-quentin-dassibat\\\/\",\"name\":\"Th\u00e8se pr\u00e9par\u00e9e par Quentin Dassibat - Institut Henri Fayol\",\"isPartOf\":{\"@id\":\"https:\\\/\\\/www.mines-stetienne.fr\\\/fayol\\\/#website\"},\"primaryImageOfPage\":{\"@id\":\"https:\\\/\\\/www.mines-stetienne.fr\\\/fayol\\\/theses\\\/these-preparee-par-quentin-dassibat\\\/#primaryimage\"},\"image\":{\"@id\":\"https:\\\/\\\/www.mines-stetienne.fr\\\/fayol\\\/theses\\\/these-preparee-par-quentin-dassibat\\\/#primaryimage\"},\"thumbnailUrl\":\"https:\\\/\\\/www.mines-stetienne.fr\\\/wp-content\\\/uploads\\\/2020\\\/11\\\/odd11.jpg\",\"datePublished\":\"2022-12-13T09:06:21+00:00\",\"dateModified\":\"2022-12-13T09:06:51+00:00\",\"breadcrumb\":{\"@id\":\"https:\\\/\\\/www.mines-stetienne.fr\\\/fayol\\\/theses\\\/these-preparee-par-quentin-dassibat\\\/#breadcrumb\"},\"inLanguage\":\"fr-FR\",\"potentialAction\":[{\"@type\":\"ReadAction\",\"target\":[\"https:\\\/\\\/www.mines-stetienne.fr\\\/fayol\\\/theses\\\/these-preparee-par-quentin-dassibat\\\/\"]}]},{\"@type\":\"ImageObject\",\"inLanguage\":\"fr-FR\",\"@id\":\"https:\\\/\\\/www.mines-stetienne.fr\\\/fayol\\\/theses\\\/these-preparee-par-quentin-dassibat\\\/#primaryimage\",\"url\":\"https:\\\/\\\/www.mines-stetienne.fr\\\/wp-content\\\/uploads\\\/2020\\\/11\\\/odd11.jpg\",\"contentUrl\":\"https:\\\/\\\/www.mines-stetienne.fr\\\/wp-content\\\/uploads\\\/2020\\\/11\\\/odd11.jpg\"},{\"@type\":\"BreadcrumbList\",\"@id\":\"https:\\\/\\\/www.mines-stetienne.fr\\\/fayol\\\/theses\\\/these-preparee-par-quentin-dassibat\\\/#breadcrumb\",\"itemListElement\":[{\"@type\":\"ListItem\",\"position\":1,\"name\":\"Accueil\",\"item\":\"https:\\\/\\\/www.mines-stetienne.fr\\\/fayol\\\/\"},{\"@type\":\"ListItem\",\"position\":2,\"name\":\"Recherche\",\"item\":\"https:\\\/\\\/www.mines-stetienne.fr\\\/fayol\\\/theses\\\/\"},{\"@type\":\"ListItem\",\"position\":3,\"name\":\"Th\u00e8se pr\u00e9par\u00e9e par Quentin Dassibat\"}]},{\"@type\":\"WebSite\",\"@id\":\"https:\\\/\\\/www.mines-stetienne.fr\\\/fayol\\\/#website\",\"url\":\"https:\\\/\\\/www.mines-stetienne.fr\\\/fayol\\\/\",\"name\":\"Institut Henri Fayol\",\"description\":\"\",\"publisher\":{\"@id\":\"https:\\\/\\\/www.mines-stetienne.fr\\\/fayol\\\/#organization\"},\"potentialAction\":[{\"@type\":\"SearchAction\",\"target\":{\"@type\":\"EntryPoint\",\"urlTemplate\":\"https:\\\/\\\/www.mines-stetienne.fr\\\/fayol\\\/?s={search_term_string}\"},\"query-input\":{\"@type\":\"PropertyValueSpecification\",\"valueRequired\":true,\"valueName\":\"search_term_string\"}}],\"inLanguage\":\"fr-FR\"},{\"@type\":\"Organization\",\"@id\":\"https:\\\/\\\/www.mines-stetienne.fr\\\/fayol\\\/#organization\",\"name\":\"Institut Henri Fayol\",\"url\":\"https:\\\/\\\/www.mines-stetienne.fr\\\/fayol\\\/\",\"logo\":{\"@type\":\"ImageObject\",\"inLanguage\":\"fr-FR\",\"@id\":\"https:\\\/\\\/www.mines-stetienne.fr\\\/fayol\\\/#\\\/schema\\\/logo\\\/image\\\/\",\"url\":\"https:\\\/\\\/www.mines-stetienne.fr\\\/fayol\\\/wp-content\\\/uploads\\\/sites\\\/18\\\/2022\\\/09\\\/Mines_Saint_Etienne_IMT_RVB.png\",\"contentUrl\":\"https:\\\/\\\/www.mines-stetienne.fr\\\/fayol\\\/wp-content\\\/uploads\\\/sites\\\/18\\\/2022\\\/09\\\/Mines_Saint_Etienne_IMT_RVB.png\",\"width\":316,\"height\":315,\"caption\":\"Institut Henri Fayol\"},\"image\":{\"@id\":\"https:\\\/\\\/www.mines-stetienne.fr\\\/fayol\\\/#\\\/schema\\\/logo\\\/image\\\/\"},\"sameAs\":[\"https:\\\/\\\/www.facebook.com\\\/MinesSaintEtienne\",\"https:\\\/\\\/x.com\\\/MINES_StEtienne\",\"https:\\\/\\\/www.youtube.com\\\/channel\\\/UCVSdpdmJccvUngjJ2on1n3A\"]}]}<\/script>\n<!-- \/ Yoast SEO plugin. -->","yoast_head_json":{"title":"Th\u00e8se pr\u00e9par\u00e9e par Quentin Dassibat - Institut Henri Fayol","robots":{"index":"index","follow":"follow","max-snippet":"max-snippet:-1","max-image-preview":"max-image-preview:large","max-video-preview":"max-video-preview:-1"},"canonical":"https:\/\/www.mines-stetienne.fr\/fayol\/theses\/these-preparee-par-quentin-dassibat\/","og_locale":"fr_FR","og_type":"article","og_title":"Th\u00e8se pr\u00e9par\u00e9e par Quentin Dassibat - Institut Henri Fayol","og_description":"Titre : La territorialisation du cadre des Limites Plan\u00e9taires D\u00e9but de th\u00e8se : 2021 Fin de th\u00e8se : 2024 R\u00e9sum\u00e9 : Les limites plan\u00e9taires constituent un cadre syst\u00e9mique pour l\u2019analyse des impacts environnementaux li\u00e9s aux activit\u00e9s humaines. Ce cadre d\u00e9cline &hellip;","og_url":"https:\/\/www.mines-stetienne.fr\/fayol\/theses\/these-preparee-par-quentin-dassibat\/","og_site_name":"Institut Henri Fayol","article_publisher":"https:\/\/www.facebook.com\/MinesSaintEtienne","article_modified_time":"2022-12-13T09:06:51+00:00","og_image":[{"url":"https:\/\/www.mines-stetienne.fr\/wp-content\/uploads\/2020\/11\/odd11.jpg","type":"","width":"","height":""}],"twitter_card":"summary_large_image","twitter_site":"@MINES_StEtienne","twitter_misc":{"Dur\u00e9e de lecture estim\u00e9e":"2 minutes"},"schema":{"@context":"https:\/\/schema.org","@graph":[{"@type":"WebPage","@id":"https:\/\/www.mines-stetienne.fr\/fayol\/theses\/these-preparee-par-quentin-dassibat\/","url":"https:\/\/www.mines-stetienne.fr\/fayol\/theses\/these-preparee-par-quentin-dassibat\/","name":"Th\u00e8se pr\u00e9par\u00e9e par Quentin Dassibat - Institut Henri Fayol","isPartOf":{"@id":"https:\/\/www.mines-stetienne.fr\/fayol\/#website"},"primaryImageOfPage":{"@id":"https:\/\/www.mines-stetienne.fr\/fayol\/theses\/these-preparee-par-quentin-dassibat\/#primaryimage"},"image":{"@id":"https:\/\/www.mines-stetienne.fr\/fayol\/theses\/these-preparee-par-quentin-dassibat\/#primaryimage"},"thumbnailUrl":"https:\/\/www.mines-stetienne.fr\/wp-content\/uploads\/2020\/11\/odd11.jpg","datePublished":"2022-12-13T09:06:21+00:00","dateModified":"2022-12-13T09:06:51+00:00","breadcrumb":{"@id":"https:\/\/www.mines-stetienne.fr\/fayol\/theses\/these-preparee-par-quentin-dassibat\/#breadcrumb"},"inLanguage":"fr-FR","potentialAction":[{"@type":"ReadAction","target":["https:\/\/www.mines-stetienne.fr\/fayol\/theses\/these-preparee-par-quentin-dassibat\/"]}]},{"@type":"ImageObject","inLanguage":"fr-FR","@id":"https:\/\/www.mines-stetienne.fr\/fayol\/theses\/these-preparee-par-quentin-dassibat\/#primaryimage","url":"https:\/\/www.mines-stetienne.fr\/wp-content\/uploads\/2020\/11\/odd11.jpg","contentUrl":"https:\/\/www.mines-stetienne.fr\/wp-content\/uploads\/2020\/11\/odd11.jpg"},{"@type":"BreadcrumbList","@id":"https:\/\/www.mines-stetienne.fr\/fayol\/theses\/these-preparee-par-quentin-dassibat\/#breadcrumb","itemListElement":[{"@type":"ListItem","position":1,"name":"Accueil","item":"https:\/\/www.mines-stetienne.fr\/fayol\/"},{"@type":"ListItem","position":2,"name":"Recherche","item":"https:\/\/www.mines-stetienne.fr\/fayol\/theses\/"},{"@type":"ListItem","position":3,"name":"Th\u00e8se pr\u00e9par\u00e9e par Quentin Dassibat"}]},{"@type":"WebSite","@id":"https:\/\/www.mines-stetienne.fr\/fayol\/#website","url":"https:\/\/www.mines-stetienne.fr\/fayol\/","name":"Institut Henri Fayol","description":"","publisher":{"@id":"https:\/\/www.mines-stetienne.fr\/fayol\/#organization"},"potentialAction":[{"@type":"SearchAction","target":{"@type":"EntryPoint","urlTemplate":"https:\/\/www.mines-stetienne.fr\/fayol\/?s={search_term_string}"},"query-input":{"@type":"PropertyValueSpecification","valueRequired":true,"valueName":"search_term_string"}}],"inLanguage":"fr-FR"},{"@type":"Organization","@id":"https:\/\/www.mines-stetienne.fr\/fayol\/#organization","name":"Institut Henri Fayol","url":"https:\/\/www.mines-stetienne.fr\/fayol\/","logo":{"@type":"ImageObject","inLanguage":"fr-FR","@id":"https:\/\/www.mines-stetienne.fr\/fayol\/#\/schema\/logo\/image\/","url":"https:\/\/www.mines-stetienne.fr\/fayol\/wp-content\/uploads\/sites\/18\/2022\/09\/Mines_Saint_Etienne_IMT_RVB.png","contentUrl":"https:\/\/www.mines-stetienne.fr\/fayol\/wp-content\/uploads\/sites\/18\/2022\/09\/Mines_Saint_Etienne_IMT_RVB.png","width":316,"height":315,"caption":"Institut Henri Fayol"},"image":{"@id":"https:\/\/www.mines-stetienne.fr\/fayol\/#\/schema\/logo\/image\/"},"sameAs":["https:\/\/www.facebook.com\/MinesSaintEtienne","https:\/\/x.com\/MINES_StEtienne","https:\/\/www.youtube.com\/channel\/UCVSdpdmJccvUngjJ2on1n3A"]}]}},"_links":{"self":[{"href":"https:\/\/www.mines-stetienne.fr\/fayol\/wp-json\/wp\/v2\/pages\/342","targetHints":{"allow":["GET"]}}],"collection":[{"href":"https:\/\/www.mines-stetienne.fr\/fayol\/wp-json\/wp\/v2\/pages"}],"about":[{"href":"https:\/\/www.mines-stetienne.fr\/fayol\/wp-json\/wp\/v2\/types\/page"}],"author":[{"embeddable":true,"href":"https:\/\/www.mines-stetienne.fr\/fayol\/wp-json\/wp\/v2\/users\/1536"}],"replies":[{"embeddable":true,"href":"https:\/\/www.mines-stetienne.fr\/fayol\/wp-json\/wp\/v2\/comments?post=342"}],"version-history":[{"count":2,"href":"https:\/\/www.mines-stetienne.fr\/fayol\/wp-json\/wp\/v2\/pages\/342\/revisions"}],"predecessor-version":[{"id":344,"href":"https:\/\/www.mines-stetienne.fr\/fayol\/wp-json\/wp\/v2\/pages\/342\/revisions\/344"}],"up":[{"embeddable":true,"href":"https:\/\/www.mines-stetienne.fr\/fayol\/wp-json\/wp\/v2\/pages\/286"}],"wp:attachment":[{"href":"https:\/\/www.mines-stetienne.fr\/fayol\/wp-json\/wp\/v2\/media?parent=342"}],"wp:term":[{"taxonomy":"post_tag","embeddable":true,"href":"https:\/\/www.mines-stetienne.fr\/fayol\/wp-json\/wp\/v2\/tags?post=342"}],"curies":[{"name":"wp","href":"https:\/\/api.w.org\/{rel}","templated":true}]}}