{"id":340,"date":"2022-12-13T09:59:42","date_gmt":"2022-12-13T08:59:42","guid":{"rendered":"https:\/\/www.mines-stetienne.fr\/fayol\/?page_id=340"},"modified":"2022-12-13T10:00:19","modified_gmt":"2022-12-13T09:00:19","slug":"these-preparee-par-nada-bendahmane","status":"publish","type":"page","link":"https:\/\/www.mines-stetienne.fr\/fayol\/theses\/these-preparee-par-nada-bendahmane\/","title":{"rendered":"Th\u00e8se pr\u00e9par\u00e9e par Nada BENDAHMANE"},"content":{"rendered":"\n<p> <strong>Titre :&nbsp;<\/strong> <strong>D\u00e9veloppement d\u2019indicateurs de pressions sur les ressources min\u00e9rales dans le secteur du b\u00e2timent<\/strong><\/p>\n\n\n\n<p> <strong>R\u00e9sum\u00e9 :&nbsp;<\/strong> Dans un contexte de croissance d\u00e9mographique et d\u2019am\u00e9lioration continue du niveau de vie, la quantit\u00e9 de ressources naturelles exploit\u00e9es par l\u2019humain ne cesse d\u2019augmenter. Face \u00e0 cette utilisation croissante des ressources et en prenant en compte le caract\u00e8re fini de la Terre, l\u2019humanit\u00e9 est confront\u00e9e au probl\u00e8me d\u2019\u00e9puisement des ressources. Face \u00e0 cette probl\u00e9matique, le gouvernement cherche \u00e0 promouvoir l\u2019\u00e9conomie-circulaire qui a pour objectif de r\u00e9duire la pression sur les ressources exerc\u00e9es par les activit\u00e9s anthropiques. <\/p>\n\n\n\n<p>Le secteur du b\u00e2timent est un des plus grands\nutilisateurs des ressources&nbsp;: La construction d\u2019une maison individuelle\nconsomme en moyenne 1,2 t\/m\u00b2 et celle d\u2019un b\u00e2timent de logements collectifs 1,6\nt\/m\u00b2 de ressources [Ademe, 2019]. De plus, c\u2019est un secteur qui produit\nbeaucoup de d\u00e9chets&nbsp;: 46 millions de tonnes de d\u00e9chets chaque ann\u00e9e\n[Ademe,2019]. Le secteur du b\u00e2timent repr\u00e9sente donc un vrai bras de levier pour\nl\u2019optimisation de l\u2019utilisation des ressources. <\/p>\n\n\n\n<p>Les travaux pass\u00e9s et actuels du CSTB sur\nl\u2019\u00e9conomie circulaire ont d\u00e9montr\u00e9 les limites des indicateurs disponibles\naujourd\u2019hui dans les bases de donn\u00e9es d\u2019analyse de cycle de vie pour \u00e9valuer\nles pressions d\u2019un syst\u00e8me sur les ressources biologiques, min\u00e9rales et\nfonci\u00e8res. Dans le cadre d\u2019une th\u00e8se effectu\u00e9e au sein du CSTB de Grenoble, le\nbut de ce travail est de proposer des indicateurs adapt\u00e9s aux probl\u00e9matiques du\nsecteur du b\u00e2timent et prenant en compte diff\u00e9rents param\u00e8tres ; disponibilit\u00e9\ng\u00e9ographique, acceptabilit\u00e9 sociale, criticit\u00e9, recyclabilit\u00e9, etc. afin d\u2019\u00e9valuer\nles pressions exerc\u00e9es sur les ressources min\u00e9rales.<\/p>\n\n\n\n<p><strong data-rich-text-format-boundary=\"true\">Soutenance pr\u00e9vue :&nbsp;<\/strong> Oct 2020<\/p>\n\n\n\n<p><strong>  Encadrement  : <\/strong><\/p>\n\n\n\n<ul class=\"wp-block-list\">\n<li>Jacques Chevalier (CSTB)<\/li>\n\n\n\n<li><a href=\"mai&#108;&#116;&#111;&#x3a;&#x6e;&#x61;&#x74;&#x61;&#x63;ha&#46;&#103;&#111;&#110;&#100;&#x72;&#x61;&#x6e;&#x40;&#x65;&#x6d;se&#46;&#102;&#114;\">Natacha Gondran<\/a> : Professeur \u00e0 Mines Saint Etienne, UMR 5600 EVS <\/li>\n<\/ul>\n\n\n\n<p><\/p>\n\n\n\n<figure class=\"wp-block-embed is-type-video is-provider-youtube wp-block-embed-youtube wp-embed-aspect-16-9 wp-has-aspect-ratio\"><div class=\"wp-block-embed__wrapper\">\n<iframe loading=\"lazy\" title=\"NADA BENDAHMANE, 26 ans - \u00ab Ma th\u00e8se en 180 secondes \u00bb\" width=\"640\" height=\"360\" src=\"https:\/\/www.youtube.com\/embed\/bSoHYnxleIQ?feature=oembed\" frameborder=\"0\" allow=\"accelerometer; autoplay; clipboard-write; encrypted-media; gyroscope; picture-in-picture; web-share\" referrerpolicy=\"strict-origin-when-cross-origin\" allowfullscreen><\/iframe>\n<\/div><figcaption class=\"wp-element-caption\">Une vid\u00e9o produite par le CSTB: Centre Scientifique et Technique du B\u00e2timent.<\/figcaption><\/figure>\n\n\n\n<figure class=\"wp-block-embed is-type-video is-provider-youtube wp-block-embed-youtube wp-embed-aspect-16-9 wp-has-aspect-ratio\"><div class=\"wp-block-embed__wrapper\">\n<iframe loading=\"lazy\" title=\"#ColloqueIMT\u200b [video-poster] - 15 - Mines Saint-\u00c9tienne - Bendahmane  Nada - th\u00e9matique Ressources\" width=\"640\" height=\"360\" src=\"https:\/\/www.youtube.com\/embed\/30Bo4WP_KXE?feature=oembed\" frameborder=\"0\" allow=\"accelerometer; autoplay; clipboard-write; encrypted-media; gyroscope; picture-in-picture; web-share\" referrerpolicy=\"strict-origin-when-cross-origin\" allowfullscreen><\/iframe>\n<\/div><\/figure>\n","protected":false},"excerpt":{"rendered":"<p>Titre :&nbsp; D\u00e9veloppement d\u2019indicateurs de pressions sur les ressources min\u00e9rales dans le secteur du b\u00e2timent R\u00e9sum\u00e9 :&nbsp; Dans un contexte de croissance d\u00e9mographique et d\u2019am\u00e9lioration continue du niveau de vie, la quantit\u00e9 de ressources naturelles exploit\u00e9es par l\u2019humain ne cesse &hellip;<\/p>\n","protected":false},"author":1536,"featured_media":0,"parent":286,"menu_order":0,"comment_status":"closed","ping_status":"closed","template":"","meta":{"footnotes":""},"tags":[],"class_list":["post-340","page","type-page","status-publish","hentry"],"pp_statuses_selecting_workflow":false,"pp_workflow_action":"current","pp_status_selection":"publish","pp_force_visibility":null,"pp_subpost_visibility":null,"pp_inherited_force_visibility":null,"pp_inherited_subpost_visibility":null,"yoast_head":"<!-- This site is optimized with the Yoast SEO plugin v27.5 - https:\/\/yoast.com\/product\/yoast-seo-wordpress\/ -->\n<title>Th\u00e8se pr\u00e9par\u00e9e par Nada BENDAHMANE - Institut Henri Fayol<\/title>\n<meta name=\"robots\" content=\"index, follow, max-snippet:-1, max-image-preview:large, max-video-preview:-1\" \/>\n<link rel=\"canonical\" href=\"https:\/\/www.mines-stetienne.fr\/fayol\/theses\/these-preparee-par-nada-bendahmane\/\" \/>\n<meta property=\"og:locale\" content=\"fr_FR\" \/>\n<meta property=\"og:type\" content=\"article\" \/>\n<meta property=\"og:title\" content=\"Th\u00e8se pr\u00e9par\u00e9e par Nada BENDAHMANE - Institut Henri Fayol\" \/>\n<meta property=\"og:description\" content=\"Titre :&nbsp; D\u00e9veloppement d\u2019indicateurs de pressions sur les ressources min\u00e9rales dans le secteur du b\u00e2timent R\u00e9sum\u00e9 :&nbsp; Dans un contexte de croissance d\u00e9mographique et d\u2019am\u00e9lioration continue du niveau de vie, la quantit\u00e9 de ressources naturelles exploit\u00e9es par l\u2019humain ne cesse &hellip;\" \/>\n<meta property=\"og:url\" content=\"https:\/\/www.mines-stetienne.fr\/fayol\/theses\/these-preparee-par-nada-bendahmane\/\" \/>\n<meta property=\"og:site_name\" content=\"Institut Henri Fayol\" \/>\n<meta property=\"article:publisher\" content=\"https:\/\/www.facebook.com\/MinesSaintEtienne\" \/>\n<meta property=\"article:modified_time\" content=\"2022-12-13T09:00:19+00:00\" \/>\n<meta name=\"twitter:card\" content=\"summary_large_image\" \/>\n<meta name=\"twitter:site\" content=\"@MINES_StEtienne\" \/>\n<meta name=\"twitter:label1\" content=\"Dur\u00e9e de lecture estim\u00e9e\" \/>\n\t<meta name=\"twitter:data1\" content=\"2 minutes\" \/>\n<script type=\"application\/ld+json\" class=\"yoast-schema-graph\">{\"@context\":\"https:\\\/\\\/schema.org\",\"@graph\":[{\"@type\":\"WebPage\",\"@id\":\"https:\\\/\\\/www.mines-stetienne.fr\\\/fayol\\\/theses\\\/these-preparee-par-nada-bendahmane\\\/\",\"url\":\"https:\\\/\\\/www.mines-stetienne.fr\\\/fayol\\\/theses\\\/these-preparee-par-nada-bendahmane\\\/\",\"name\":\"Th\u00e8se pr\u00e9par\u00e9e par Nada BENDAHMANE - Institut Henri Fayol\",\"isPartOf\":{\"@id\":\"https:\\\/\\\/www.mines-stetienne.fr\\\/fayol\\\/#website\"},\"datePublished\":\"2022-12-13T08:59:42+00:00\",\"dateModified\":\"2022-12-13T09:00:19+00:00\",\"breadcrumb\":{\"@id\":\"https:\\\/\\\/www.mines-stetienne.fr\\\/fayol\\\/theses\\\/these-preparee-par-nada-bendahmane\\\/#breadcrumb\"},\"inLanguage\":\"fr-FR\",\"potentialAction\":[{\"@type\":\"ReadAction\",\"target\":[\"https:\\\/\\\/www.mines-stetienne.fr\\\/fayol\\\/theses\\\/these-preparee-par-nada-bendahmane\\\/\"]}]},{\"@type\":\"BreadcrumbList\",\"@id\":\"https:\\\/\\\/www.mines-stetienne.fr\\\/fayol\\\/theses\\\/these-preparee-par-nada-bendahmane\\\/#breadcrumb\",\"itemListElement\":[{\"@type\":\"ListItem\",\"position\":1,\"name\":\"Accueil\",\"item\":\"https:\\\/\\\/www.mines-stetienne.fr\\\/fayol\\\/\"},{\"@type\":\"ListItem\",\"position\":2,\"name\":\"Recherche\",\"item\":\"https:\\\/\\\/www.mines-stetienne.fr\\\/fayol\\\/theses\\\/\"},{\"@type\":\"ListItem\",\"position\":3,\"name\":\"Th\u00e8se pr\u00e9par\u00e9e par Nada BENDAHMANE\"}]},{\"@type\":\"WebSite\",\"@id\":\"https:\\\/\\\/www.mines-stetienne.fr\\\/fayol\\\/#website\",\"url\":\"https:\\\/\\\/www.mines-stetienne.fr\\\/fayol\\\/\",\"name\":\"Institut Henri Fayol\",\"description\":\"\",\"publisher\":{\"@id\":\"https:\\\/\\\/www.mines-stetienne.fr\\\/fayol\\\/#organization\"},\"potentialAction\":[{\"@type\":\"SearchAction\",\"target\":{\"@type\":\"EntryPoint\",\"urlTemplate\":\"https:\\\/\\\/www.mines-stetienne.fr\\\/fayol\\\/?s={search_term_string}\"},\"query-input\":{\"@type\":\"PropertyValueSpecification\",\"valueRequired\":true,\"valueName\":\"search_term_string\"}}],\"inLanguage\":\"fr-FR\"},{\"@type\":\"Organization\",\"@id\":\"https:\\\/\\\/www.mines-stetienne.fr\\\/fayol\\\/#organization\",\"name\":\"Institut Henri Fayol\",\"url\":\"https:\\\/\\\/www.mines-stetienne.fr\\\/fayol\\\/\",\"logo\":{\"@type\":\"ImageObject\",\"inLanguage\":\"fr-FR\",\"@id\":\"https:\\\/\\\/www.mines-stetienne.fr\\\/fayol\\\/#\\\/schema\\\/logo\\\/image\\\/\",\"url\":\"https:\\\/\\\/www.mines-stetienne.fr\\\/fayol\\\/wp-content\\\/uploads\\\/sites\\\/18\\\/2022\\\/09\\\/Mines_Saint_Etienne_IMT_RVB.png\",\"contentUrl\":\"https:\\\/\\\/www.mines-stetienne.fr\\\/fayol\\\/wp-content\\\/uploads\\\/sites\\\/18\\\/2022\\\/09\\\/Mines_Saint_Etienne_IMT_RVB.png\",\"width\":316,\"height\":315,\"caption\":\"Institut Henri Fayol\"},\"image\":{\"@id\":\"https:\\\/\\\/www.mines-stetienne.fr\\\/fayol\\\/#\\\/schema\\\/logo\\\/image\\\/\"},\"sameAs\":[\"https:\\\/\\\/www.facebook.com\\\/MinesSaintEtienne\",\"https:\\\/\\\/x.com\\\/MINES_StEtienne\",\"https:\\\/\\\/www.youtube.com\\\/channel\\\/UCVSdpdmJccvUngjJ2on1n3A\"]}]}<\/script>\n<!-- \/ Yoast SEO plugin. -->","yoast_head_json":{"title":"Th\u00e8se pr\u00e9par\u00e9e par Nada BENDAHMANE - Institut Henri Fayol","robots":{"index":"index","follow":"follow","max-snippet":"max-snippet:-1","max-image-preview":"max-image-preview:large","max-video-preview":"max-video-preview:-1"},"canonical":"https:\/\/www.mines-stetienne.fr\/fayol\/theses\/these-preparee-par-nada-bendahmane\/","og_locale":"fr_FR","og_type":"article","og_title":"Th\u00e8se pr\u00e9par\u00e9e par Nada BENDAHMANE - Institut Henri Fayol","og_description":"Titre :&nbsp; D\u00e9veloppement d\u2019indicateurs de pressions sur les ressources min\u00e9rales dans le secteur du b\u00e2timent R\u00e9sum\u00e9 :&nbsp; Dans un contexte de croissance d\u00e9mographique et d\u2019am\u00e9lioration continue du niveau de vie, la quantit\u00e9 de ressources naturelles exploit\u00e9es par l\u2019humain ne cesse &hellip;","og_url":"https:\/\/www.mines-stetienne.fr\/fayol\/theses\/these-preparee-par-nada-bendahmane\/","og_site_name":"Institut Henri Fayol","article_publisher":"https:\/\/www.facebook.com\/MinesSaintEtienne","article_modified_time":"2022-12-13T09:00:19+00:00","twitter_card":"summary_large_image","twitter_site":"@MINES_StEtienne","twitter_misc":{"Dur\u00e9e de lecture estim\u00e9e":"2 minutes"},"schema":{"@context":"https:\/\/schema.org","@graph":[{"@type":"WebPage","@id":"https:\/\/www.mines-stetienne.fr\/fayol\/theses\/these-preparee-par-nada-bendahmane\/","url":"https:\/\/www.mines-stetienne.fr\/fayol\/theses\/these-preparee-par-nada-bendahmane\/","name":"Th\u00e8se pr\u00e9par\u00e9e par Nada BENDAHMANE - Institut Henri Fayol","isPartOf":{"@id":"https:\/\/www.mines-stetienne.fr\/fayol\/#website"},"datePublished":"2022-12-13T08:59:42+00:00","dateModified":"2022-12-13T09:00:19+00:00","breadcrumb":{"@id":"https:\/\/www.mines-stetienne.fr\/fayol\/theses\/these-preparee-par-nada-bendahmane\/#breadcrumb"},"inLanguage":"fr-FR","potentialAction":[{"@type":"ReadAction","target":["https:\/\/www.mines-stetienne.fr\/fayol\/theses\/these-preparee-par-nada-bendahmane\/"]}]},{"@type":"BreadcrumbList","@id":"https:\/\/www.mines-stetienne.fr\/fayol\/theses\/these-preparee-par-nada-bendahmane\/#breadcrumb","itemListElement":[{"@type":"ListItem","position":1,"name":"Accueil","item":"https:\/\/www.mines-stetienne.fr\/fayol\/"},{"@type":"ListItem","position":2,"name":"Recherche","item":"https:\/\/www.mines-stetienne.fr\/fayol\/theses\/"},{"@type":"ListItem","position":3,"name":"Th\u00e8se pr\u00e9par\u00e9e par Nada BENDAHMANE"}]},{"@type":"WebSite","@id":"https:\/\/www.mines-stetienne.fr\/fayol\/#website","url":"https:\/\/www.mines-stetienne.fr\/fayol\/","name":"Institut Henri Fayol","description":"","publisher":{"@id":"https:\/\/www.mines-stetienne.fr\/fayol\/#organization"},"potentialAction":[{"@type":"SearchAction","target":{"@type":"EntryPoint","urlTemplate":"https:\/\/www.mines-stetienne.fr\/fayol\/?s={search_term_string}"},"query-input":{"@type":"PropertyValueSpecification","valueRequired":true,"valueName":"search_term_string"}}],"inLanguage":"fr-FR"},{"@type":"Organization","@id":"https:\/\/www.mines-stetienne.fr\/fayol\/#organization","name":"Institut Henri Fayol","url":"https:\/\/www.mines-stetienne.fr\/fayol\/","logo":{"@type":"ImageObject","inLanguage":"fr-FR","@id":"https:\/\/www.mines-stetienne.fr\/fayol\/#\/schema\/logo\/image\/","url":"https:\/\/www.mines-stetienne.fr\/fayol\/wp-content\/uploads\/sites\/18\/2022\/09\/Mines_Saint_Etienne_IMT_RVB.png","contentUrl":"https:\/\/www.mines-stetienne.fr\/fayol\/wp-content\/uploads\/sites\/18\/2022\/09\/Mines_Saint_Etienne_IMT_RVB.png","width":316,"height":315,"caption":"Institut Henri Fayol"},"image":{"@id":"https:\/\/www.mines-stetienne.fr\/fayol\/#\/schema\/logo\/image\/"},"sameAs":["https:\/\/www.facebook.com\/MinesSaintEtienne","https:\/\/x.com\/MINES_StEtienne","https:\/\/www.youtube.com\/channel\/UCVSdpdmJccvUngjJ2on1n3A"]}]}},"_links":{"self":[{"href":"https:\/\/www.mines-stetienne.fr\/fayol\/wp-json\/wp\/v2\/pages\/340","targetHints":{"allow":["GET"]}}],"collection":[{"href":"https:\/\/www.mines-stetienne.fr\/fayol\/wp-json\/wp\/v2\/pages"}],"about":[{"href":"https:\/\/www.mines-stetienne.fr\/fayol\/wp-json\/wp\/v2\/types\/page"}],"author":[{"embeddable":true,"href":"https:\/\/www.mines-stetienne.fr\/fayol\/wp-json\/wp\/v2\/users\/1536"}],"replies":[{"embeddable":true,"href":"https:\/\/www.mines-stetienne.fr\/fayol\/wp-json\/wp\/v2\/comments?post=340"}],"version-history":[{"count":1,"href":"https:\/\/www.mines-stetienne.fr\/fayol\/wp-json\/wp\/v2\/pages\/340\/revisions"}],"predecessor-version":[{"id":341,"href":"https:\/\/www.mines-stetienne.fr\/fayol\/wp-json\/wp\/v2\/pages\/340\/revisions\/341"}],"up":[{"embeddable":true,"href":"https:\/\/www.mines-stetienne.fr\/fayol\/wp-json\/wp\/v2\/pages\/286"}],"wp:attachment":[{"href":"https:\/\/www.mines-stetienne.fr\/fayol\/wp-json\/wp\/v2\/media?parent=340"}],"wp:term":[{"taxonomy":"post_tag","embeddable":true,"href":"https:\/\/www.mines-stetienne.fr\/fayol\/wp-json\/wp\/v2\/tags?post=340"}],"curies":[{"name":"wp","href":"https:\/\/api.w.org\/{rel}","templated":true}]}}