{"id":335,"date":"2022-12-13T09:55:37","date_gmt":"2022-12-13T08:55:37","guid":{"rendered":"https:\/\/www.mines-stetienne.fr\/fayol\/?page_id=335"},"modified":"2022-12-13T09:58:43","modified_gmt":"2022-12-13T08:58:43","slug":"these-preparee-par-mohammed-amine-abdous","status":"publish","type":"page","link":"https:\/\/www.mines-stetienne.fr\/fayol\/theses\/these-preparee-par-mohammed-amine-abdous\/","title":{"rendered":"Th\u00e8se pr\u00e9par\u00e9e par Mohammed-Amine ABDOUS"},"content":{"rendered":"<p style=\"text-align: center\"><a href=\"\/fayol\/recherche\/genie-mathematique-et-industriel\/\">|D\u00e9partement G\u00e9nie math\u00e9matique et industriel |<\/a><br \/>\n<a href=\"\/fayol\/recherche\/genie-mathematique-et-industriel\/projets\/\">| Projets<\/a><a href=\"https:\/\/www.mines-stetienne.fr\/recherche\/departements\/departement-genie-de-l-environnement-et-des-organisations\/partenaires\/\"> | <\/a><em><a href=\"\/fayol\/recherche\/genie-mathematique-et-industriel\/equipe\/\">\u00c9quipe<\/a><\/em> | <a href=\"\/fayol\/recherche\/genie-mathematique-et-industriel\/publications\/\">Publications<\/a><a href=\"https:\/\/www.mines-stetienne.fr\/recherche\/departements\/departement-genie-de-l-environnement-et-des-organisations\/partenaires\/\"> | <\/a><a href=\"\/fayol\/recherche\/genie-mathematique-et-industriel\/partenaires\/\">Partenaires |<\/a><\/p>\n<p><strong>Titre :\u00a0<\/strong>Conception optimale des syst\u00e8mes de production avec ergonomie: application aux lignes d&rsquo;assemblage<\/p>\n<p><strong>R\u00e9sum\u00e9 :\u00a0<\/strong> Cette th\u00e8se contribue \u00e0 l&rsquo;\u00e9valuation et l&rsquo;optimisation de l&rsquo;ergonomie dans la phase de conception des syst\u00e8mes de production. Une mauvaise ergonomie physique dans les syst\u00e8mes de production se traduit par une productivit\u00e9 plus faible des op\u00e9rateurs, une motivation r\u00e9duite, des blessures, et augmente les co\u00fbts pour les entreprises. L&rsquo;objectif principal de ce travail est de proposer des m\u00e9thodes d&rsquo;optimisation pour la conception de syst\u00e8mes de production, tenant compte \u00e0 la fois de l&rsquo;ergonomie, de la productivit\u00e9 et des co\u00fbts. Ce travail se concentre sur la conception pr\u00e9liminaire des lignes d&rsquo;assemblage. L&rsquo;enjeu est de fournir aux d\u00e9cideurs des m\u00e9thodes d&rsquo;optimisation pour la prise en compte de l&rsquo;ergonomie, tout en satisfaisant toutes les contraintes technologiques et \u00e9conomiques. Les probl\u00e8mes combinatoires consid\u00e9r\u00e9s sont les probl\u00e8mes d&rsquo;\u00e9quilibrage de lignes d&rsquo;assemblage et de s\u00e9lection des \u00e9quipements. Nous avons consid\u00e9r\u00e9 un mod\u00e8le quantitatif d&rsquo;ergonomie bas\u00e9 sur des \u00e9quations de fatigue et de r\u00e9cup\u00e9ration tir\u00e9es de la litt\u00e9rature. Outre le caract\u00e8re combinatoire des probl\u00e8mes trait\u00e9s, le principal verrou scientifique provient du caract\u00e8re non lin\u00e9aire du mod\u00e8le d&rsquo;ergonomie. Nous avons ainsi propos\u00e9 une lin\u00e9arisation permettant de d\u00e9finir un programme lin\u00e9aire en variables enti\u00e8res pour ce probl\u00e8me et des m\u00e9thodes de r\u00e9solution optimale et approch\u00e9e. Nous avons \u00e9galement propos\u00e9 une g\u00e9n\u00e9ralisation de l&rsquo;approche, avec un mod\u00e8le multi-objectif optimisant le co\u00fbt et l&rsquo;ergonomie. Nous avons d\u00e9velopp\u00e9 un algorithme multi-objectif pour sa r\u00e9solution. Sur la base des mod\u00e8les et des algorithmes d&rsquo;optimisation propos\u00e9s, nous avons d\u00e9fini une m\u00e9thodologie pour la conception de lignes d&rsquo;assemblage avec l&rsquo;optimisation de l&rsquo;ergonomie d\u00e8s la phase de conception. Cette m\u00e9thodologie a \u00e9t\u00e9 appliqu\u00e9e avec succ\u00e8s dans deux cas industriels<\/p>\n<p><strong>Soutenance pr\u00e9vue :<\/strong> D\u00e9cembre 2019<\/p>\n<p><strong>Mots cl\u00e9s :<\/strong> Optimisation Multi-Objectif, M\u00e9ta-mod\u00e8les, M\u00e9canique des fluides num\u00e9rique<\/p>\n<p><strong>Directeurs de th\u00e8se :<\/strong> Xavier Delorme, Mines Saint-\u00c9tienne<\/p>\n<p><strong>Co-directeur de th\u00e8se :<\/strong> Sandrine Berger-Douce, Mines Saint-\u00c9tienne<\/p>\n<p><strong>Co-directeur de th\u00e8se : <\/strong>Daria Battini, Universit\u00e9 de Padoue<\/p>\n<p style=\"text-align: center\"><a href=\"\/fayol\/recherche\/genie-mathematique-et-industriel\/\">|D\u00e9partement G\u00e9nie math\u00e9matique et industriel |<\/a><br \/>\n<a href=\"\/fayol\/recherche\/genie-mathematique-et-industriel\/projets\/\">| Projets<\/a><a href=\"https:\/\/www.mines-stetienne.fr\/recherche\/departements\/departement-genie-de-l-environnement-et-des-organisations\/partenaires\/\"> | <\/a><em><a href=\"\/fayol\/recherche\/genie-mathematique-et-industriel\/equipe\/\">\u00c9quipe<\/a><\/em> | <a href=\"\/fayol\/recherche\/genie-mathematique-et-industriel\/publications\/\">Publications<\/a><a href=\"https:\/\/www.mines-stetienne.fr\/recherche\/departements\/departement-genie-de-l-environnement-et-des-organisations\/partenaires\/\"> | <\/a><a href=\"\/fayol\/recherche\/genie-mathematique-et-industriel\/partenaires\/\">Partenaires |<\/a><\/p>\n","protected":false},"excerpt":{"rendered":"<p>|D\u00e9partement G\u00e9nie math\u00e9matique et industriel | | Projets | \u00c9quipe | Publications | Partenaires | Titre :\u00a0Conception optimale des syst\u00e8mes de production avec ergonomie: application aux lignes d&rsquo;assemblage R\u00e9sum\u00e9 :\u00a0 Cette th\u00e8se contribue \u00e0 l&rsquo;\u00e9valuation et l&rsquo;optimisation de l&rsquo;ergonomie dans &hellip;<\/p>\n","protected":false},"author":1536,"featured_media":0,"parent":286,"menu_order":0,"comment_status":"closed","ping_status":"closed","template":"","meta":{"footnotes":""},"tags":[],"class_list":["post-335","page","type-page","status-publish","hentry"],"pp_statuses_selecting_workflow":false,"pp_workflow_action":"current","pp_status_selection":"publish","pp_force_visibility":null,"pp_subpost_visibility":null,"pp_inherited_force_visibility":null,"pp_inherited_subpost_visibility":null,"yoast_head":"<!-- This site is optimized with the Yoast SEO plugin v27.5 - https:\/\/yoast.com\/product\/yoast-seo-wordpress\/ -->\n<title>Th\u00e8se pr\u00e9par\u00e9e par Mohammed-Amine ABDOUS - Institut Henri Fayol<\/title>\n<meta name=\"robots\" content=\"index, follow, max-snippet:-1, max-image-preview:large, max-video-preview:-1\" \/>\n<link rel=\"canonical\" href=\"https:\/\/www.mines-stetienne.fr\/fayol\/theses\/these-preparee-par-mohammed-amine-abdous\/\" \/>\n<meta property=\"og:locale\" content=\"fr_FR\" \/>\n<meta property=\"og:type\" content=\"article\" \/>\n<meta property=\"og:title\" content=\"Th\u00e8se pr\u00e9par\u00e9e par Mohammed-Amine ABDOUS - Institut Henri Fayol\" \/>\n<meta property=\"og:description\" content=\"|D\u00e9partement G\u00e9nie math\u00e9matique et industriel | | Projets | \u00c9quipe | Publications | Partenaires | Titre :\u00a0Conception optimale des syst\u00e8mes de production avec ergonomie: application aux lignes d&rsquo;assemblage R\u00e9sum\u00e9 :\u00a0 Cette th\u00e8se contribue \u00e0 l&rsquo;\u00e9valuation et l&rsquo;optimisation de l&rsquo;ergonomie dans &hellip;\" \/>\n<meta property=\"og:url\" content=\"https:\/\/www.mines-stetienne.fr\/fayol\/theses\/these-preparee-par-mohammed-amine-abdous\/\" \/>\n<meta property=\"og:site_name\" content=\"Institut Henri Fayol\" \/>\n<meta property=\"article:publisher\" content=\"https:\/\/www.facebook.com\/MinesSaintEtienne\" \/>\n<meta property=\"article:modified_time\" content=\"2022-12-13T08:58:43+00:00\" \/>\n<meta name=\"twitter:card\" content=\"summary_large_image\" \/>\n<meta name=\"twitter:site\" content=\"@MINES_StEtienne\" \/>\n<meta name=\"twitter:label1\" content=\"Dur\u00e9e de lecture estim\u00e9e\" \/>\n\t<meta name=\"twitter:data1\" content=\"2 minutes\" \/>\n<script type=\"application\/ld+json\" class=\"yoast-schema-graph\">{\"@context\":\"https:\\\/\\\/schema.org\",\"@graph\":[{\"@type\":\"WebPage\",\"@id\":\"https:\\\/\\\/www.mines-stetienne.fr\\\/fayol\\\/theses\\\/these-preparee-par-mohammed-amine-abdous\\\/\",\"url\":\"https:\\\/\\\/www.mines-stetienne.fr\\\/fayol\\\/theses\\\/these-preparee-par-mohammed-amine-abdous\\\/\",\"name\":\"Th\u00e8se pr\u00e9par\u00e9e par Mohammed-Amine ABDOUS - Institut Henri Fayol\",\"isPartOf\":{\"@id\":\"https:\\\/\\\/www.mines-stetienne.fr\\\/fayol\\\/#website\"},\"datePublished\":\"2022-12-13T08:55:37+00:00\",\"dateModified\":\"2022-12-13T08:58:43+00:00\",\"breadcrumb\":{\"@id\":\"https:\\\/\\\/www.mines-stetienne.fr\\\/fayol\\\/theses\\\/these-preparee-par-mohammed-amine-abdous\\\/#breadcrumb\"},\"inLanguage\":\"fr-FR\",\"potentialAction\":[{\"@type\":\"ReadAction\",\"target\":[\"https:\\\/\\\/www.mines-stetienne.fr\\\/fayol\\\/theses\\\/these-preparee-par-mohammed-amine-abdous\\\/\"]}]},{\"@type\":\"BreadcrumbList\",\"@id\":\"https:\\\/\\\/www.mines-stetienne.fr\\\/fayol\\\/theses\\\/these-preparee-par-mohammed-amine-abdous\\\/#breadcrumb\",\"itemListElement\":[{\"@type\":\"ListItem\",\"position\":1,\"name\":\"Accueil\",\"item\":\"https:\\\/\\\/www.mines-stetienne.fr\\\/fayol\\\/\"},{\"@type\":\"ListItem\",\"position\":2,\"name\":\"Recherche\",\"item\":\"https:\\\/\\\/www.mines-stetienne.fr\\\/fayol\\\/theses\\\/\"},{\"@type\":\"ListItem\",\"position\":3,\"name\":\"Th\u00e8se pr\u00e9par\u00e9e par Mohammed-Amine ABDOUS\"}]},{\"@type\":\"WebSite\",\"@id\":\"https:\\\/\\\/www.mines-stetienne.fr\\\/fayol\\\/#website\",\"url\":\"https:\\\/\\\/www.mines-stetienne.fr\\\/fayol\\\/\",\"name\":\"Institut Henri Fayol\",\"description\":\"\",\"publisher\":{\"@id\":\"https:\\\/\\\/www.mines-stetienne.fr\\\/fayol\\\/#organization\"},\"potentialAction\":[{\"@type\":\"SearchAction\",\"target\":{\"@type\":\"EntryPoint\",\"urlTemplate\":\"https:\\\/\\\/www.mines-stetienne.fr\\\/fayol\\\/?s={search_term_string}\"},\"query-input\":{\"@type\":\"PropertyValueSpecification\",\"valueRequired\":true,\"valueName\":\"search_term_string\"}}],\"inLanguage\":\"fr-FR\"},{\"@type\":\"Organization\",\"@id\":\"https:\\\/\\\/www.mines-stetienne.fr\\\/fayol\\\/#organization\",\"name\":\"Institut Henri Fayol\",\"url\":\"https:\\\/\\\/www.mines-stetienne.fr\\\/fayol\\\/\",\"logo\":{\"@type\":\"ImageObject\",\"inLanguage\":\"fr-FR\",\"@id\":\"https:\\\/\\\/www.mines-stetienne.fr\\\/fayol\\\/#\\\/schema\\\/logo\\\/image\\\/\",\"url\":\"https:\\\/\\\/www.mines-stetienne.fr\\\/fayol\\\/wp-content\\\/uploads\\\/sites\\\/18\\\/2022\\\/09\\\/Mines_Saint_Etienne_IMT_RVB.png\",\"contentUrl\":\"https:\\\/\\\/www.mines-stetienne.fr\\\/fayol\\\/wp-content\\\/uploads\\\/sites\\\/18\\\/2022\\\/09\\\/Mines_Saint_Etienne_IMT_RVB.png\",\"width\":316,\"height\":315,\"caption\":\"Institut Henri Fayol\"},\"image\":{\"@id\":\"https:\\\/\\\/www.mines-stetienne.fr\\\/fayol\\\/#\\\/schema\\\/logo\\\/image\\\/\"},\"sameAs\":[\"https:\\\/\\\/www.facebook.com\\\/MinesSaintEtienne\",\"https:\\\/\\\/x.com\\\/MINES_StEtienne\",\"https:\\\/\\\/www.youtube.com\\\/channel\\\/UCVSdpdmJccvUngjJ2on1n3A\"]}]}<\/script>\n<!-- \/ Yoast SEO plugin. -->","yoast_head_json":{"title":"Th\u00e8se pr\u00e9par\u00e9e par Mohammed-Amine ABDOUS - Institut Henri Fayol","robots":{"index":"index","follow":"follow","max-snippet":"max-snippet:-1","max-image-preview":"max-image-preview:large","max-video-preview":"max-video-preview:-1"},"canonical":"https:\/\/www.mines-stetienne.fr\/fayol\/theses\/these-preparee-par-mohammed-amine-abdous\/","og_locale":"fr_FR","og_type":"article","og_title":"Th\u00e8se pr\u00e9par\u00e9e par Mohammed-Amine ABDOUS - Institut Henri Fayol","og_description":"|D\u00e9partement G\u00e9nie math\u00e9matique et industriel | | Projets | \u00c9quipe | Publications | Partenaires | Titre :\u00a0Conception optimale des syst\u00e8mes de production avec ergonomie: application aux lignes d&rsquo;assemblage R\u00e9sum\u00e9 :\u00a0 Cette th\u00e8se contribue \u00e0 l&rsquo;\u00e9valuation et l&rsquo;optimisation de l&rsquo;ergonomie dans &hellip;","og_url":"https:\/\/www.mines-stetienne.fr\/fayol\/theses\/these-preparee-par-mohammed-amine-abdous\/","og_site_name":"Institut Henri Fayol","article_publisher":"https:\/\/www.facebook.com\/MinesSaintEtienne","article_modified_time":"2022-12-13T08:58:43+00:00","twitter_card":"summary_large_image","twitter_site":"@MINES_StEtienne","twitter_misc":{"Dur\u00e9e de lecture estim\u00e9e":"2 minutes"},"schema":{"@context":"https:\/\/schema.org","@graph":[{"@type":"WebPage","@id":"https:\/\/www.mines-stetienne.fr\/fayol\/theses\/these-preparee-par-mohammed-amine-abdous\/","url":"https:\/\/www.mines-stetienne.fr\/fayol\/theses\/these-preparee-par-mohammed-amine-abdous\/","name":"Th\u00e8se pr\u00e9par\u00e9e par Mohammed-Amine ABDOUS - Institut Henri Fayol","isPartOf":{"@id":"https:\/\/www.mines-stetienne.fr\/fayol\/#website"},"datePublished":"2022-12-13T08:55:37+00:00","dateModified":"2022-12-13T08:58:43+00:00","breadcrumb":{"@id":"https:\/\/www.mines-stetienne.fr\/fayol\/theses\/these-preparee-par-mohammed-amine-abdous\/#breadcrumb"},"inLanguage":"fr-FR","potentialAction":[{"@type":"ReadAction","target":["https:\/\/www.mines-stetienne.fr\/fayol\/theses\/these-preparee-par-mohammed-amine-abdous\/"]}]},{"@type":"BreadcrumbList","@id":"https:\/\/www.mines-stetienne.fr\/fayol\/theses\/these-preparee-par-mohammed-amine-abdous\/#breadcrumb","itemListElement":[{"@type":"ListItem","position":1,"name":"Accueil","item":"https:\/\/www.mines-stetienne.fr\/fayol\/"},{"@type":"ListItem","position":2,"name":"Recherche","item":"https:\/\/www.mines-stetienne.fr\/fayol\/theses\/"},{"@type":"ListItem","position":3,"name":"Th\u00e8se pr\u00e9par\u00e9e par Mohammed-Amine ABDOUS"}]},{"@type":"WebSite","@id":"https:\/\/www.mines-stetienne.fr\/fayol\/#website","url":"https:\/\/www.mines-stetienne.fr\/fayol\/","name":"Institut Henri Fayol","description":"","publisher":{"@id":"https:\/\/www.mines-stetienne.fr\/fayol\/#organization"},"potentialAction":[{"@type":"SearchAction","target":{"@type":"EntryPoint","urlTemplate":"https:\/\/www.mines-stetienne.fr\/fayol\/?s={search_term_string}"},"query-input":{"@type":"PropertyValueSpecification","valueRequired":true,"valueName":"search_term_string"}}],"inLanguage":"fr-FR"},{"@type":"Organization","@id":"https:\/\/www.mines-stetienne.fr\/fayol\/#organization","name":"Institut Henri Fayol","url":"https:\/\/www.mines-stetienne.fr\/fayol\/","logo":{"@type":"ImageObject","inLanguage":"fr-FR","@id":"https:\/\/www.mines-stetienne.fr\/fayol\/#\/schema\/logo\/image\/","url":"https:\/\/www.mines-stetienne.fr\/fayol\/wp-content\/uploads\/sites\/18\/2022\/09\/Mines_Saint_Etienne_IMT_RVB.png","contentUrl":"https:\/\/www.mines-stetienne.fr\/fayol\/wp-content\/uploads\/sites\/18\/2022\/09\/Mines_Saint_Etienne_IMT_RVB.png","width":316,"height":315,"caption":"Institut Henri Fayol"},"image":{"@id":"https:\/\/www.mines-stetienne.fr\/fayol\/#\/schema\/logo\/image\/"},"sameAs":["https:\/\/www.facebook.com\/MinesSaintEtienne","https:\/\/x.com\/MINES_StEtienne","https:\/\/www.youtube.com\/channel\/UCVSdpdmJccvUngjJ2on1n3A"]}]}},"_links":{"self":[{"href":"https:\/\/www.mines-stetienne.fr\/fayol\/wp-json\/wp\/v2\/pages\/335","targetHints":{"allow":["GET"]}}],"collection":[{"href":"https:\/\/www.mines-stetienne.fr\/fayol\/wp-json\/wp\/v2\/pages"}],"about":[{"href":"https:\/\/www.mines-stetienne.fr\/fayol\/wp-json\/wp\/v2\/types\/page"}],"author":[{"embeddable":true,"href":"https:\/\/www.mines-stetienne.fr\/fayol\/wp-json\/wp\/v2\/users\/1536"}],"replies":[{"embeddable":true,"href":"https:\/\/www.mines-stetienne.fr\/fayol\/wp-json\/wp\/v2\/comments?post=335"}],"version-history":[{"count":3,"href":"https:\/\/www.mines-stetienne.fr\/fayol\/wp-json\/wp\/v2\/pages\/335\/revisions"}],"predecessor-version":[{"id":339,"href":"https:\/\/www.mines-stetienne.fr\/fayol\/wp-json\/wp\/v2\/pages\/335\/revisions\/339"}],"up":[{"embeddable":true,"href":"https:\/\/www.mines-stetienne.fr\/fayol\/wp-json\/wp\/v2\/pages\/286"}],"wp:attachment":[{"href":"https:\/\/www.mines-stetienne.fr\/fayol\/wp-json\/wp\/v2\/media?parent=335"}],"wp:term":[{"taxonomy":"post_tag","embeddable":true,"href":"https:\/\/www.mines-stetienne.fr\/fayol\/wp-json\/wp\/v2\/tags?post=335"}],"curies":[{"name":"wp","href":"https:\/\/api.w.org\/{rel}","templated":true}]}}