{"id":329,"date":"2022-12-13T09:51:32","date_gmt":"2022-12-13T08:51:32","guid":{"rendered":"https:\/\/www.mines-stetienne.fr\/fayol\/?page_id=329"},"modified":"2022-12-13T09:54:58","modified_gmt":"2022-12-13T08:54:58","slug":"these-preparee-par-melissa-escobar-cisternas","status":"publish","type":"page","link":"https:\/\/www.mines-stetienne.fr\/fayol\/theses\/these-preparee-par-melissa-escobar-cisternas\/","title":{"rendered":"Th\u00e8se pr\u00e9par\u00e9e par Melissa Escobar Cisternas"},"content":{"rendered":"\n<p><strong>Titre : Co-conception de produits int\u00e9grants la soutenabilit\u00e9 forte<\/strong><\/p>\n\n\n\n<p class=\"has-text-align-left\"><strong>D\u00e9but de th\u00e8se :<\/strong> 2021<strong><br>Fin de th\u00e8se : <\/strong>2024<\/p>\n\n\n\n<p class=\"has-text-align-left\"><strong>R\u00e9sum\u00e9 :&nbsp;<\/strong>En ing\u00e9nierie de la conception, les processus de conception d\u2019un produit et\/ou service sont mod\u00e9lis\u00e9s afin d\u2019en d\u00e9crire les leviers d\u2019am\u00e9lioration possibles, qui pourront ensuite \u00eatre int\u00e9gr\u00e9s par les entreprises. <br>Les processus de conception \u00e9voluent avec l\u2019adoption de nouvelles technologies, de nouveaux usages et\/ou de nouveaux enjeux. Ce projet de th\u00e8se s\u2019inscrit dans une volont\u00e9 de d\u00e9velopper des mod\u00e8les de conception s\u2019inscrivant dans un contexte de soutenabilit\u00e9 forte. <br>Afin d\u2019\u00e9valuer la performance des diff\u00e9rents processus de conception (actuels et \u00e0 d\u00e9velopper) au regard des enjeux de soutenabilit\u00e9 forte, un mod\u00e8le de m\u00e9trique des impacts sera construit. <br>Il pourra s\u2019inspirer de m\u00e9thodes ou m\u00e9triques existantes dans la litt\u00e9rature et devra notamment s\u2019inscrire en r\u00e9f\u00e9rence aux probl\u00e9matiques associ\u00e9es aux limites plan\u00e9taires.<\/p>\n\n\n\n<p>Cette \u00e9valuation se fera selon 4 \u00e9chelles de pratiques (individuelle, entreprise, r\u00e9gionale et plan\u00e9taire) et selon diff\u00e9rentes temporalit\u00e9s (court terme, moyen terme et long terme).<\/p>\n\n\n\n<p>Par ailleurs, l\u2019int\u00e9gration d\u2019une relation voire d\u2019une co-conception entreprise\/consommateur sera \u00e9tudi\u00e9e en tant que levier potentiel. Cette approche \u00ab consommateur \u00bb se fera en collaboration avec une doctorante en marketing, actuellement partenaire du projet.<\/p>\n\n\n\n<p>Ce projet a donc pour ambition de mieux comprendre et accompagner les transitions sociales ainsi que l\u2019adaptation n\u00e9cessaire du syst\u00e8me de production et des m\u00e9thodes de conception.<\/p>\n\n\n\n<p><strong>Mots cl\u00e9s&nbsp;:<\/strong> Conception en ressources limit\u00e9es \/ Soutenabilit\u00e9 forte \/ Limites plan\u00e9taires \/ R\u00e9g\u00e9n\u00e9ration \/ d\u00e9veloppement de produits soutenables \/<\/p>\n\n\n\n<p><strong>Date de soutenance pr\u00e9vue : Septembre 2024<\/strong><\/p>\n\n\n\n<p><strong>Encadrement :<\/strong><\/p>\n\n\n\n<ul class=\"wp-block-list\" id=\"block-67ec023b-3730-49e8-846e-f724794835d8\">\n<li>Directrice de th\u00e8se : <a href=\"&#109;&#97;&#x69;l&#116;&#x6f;&#x3a;l&#97;&#x66;&#x6f;r&#101;&#x73;&#x74;&#64;&#101;&#x6d;&#x73;e&#46;&#x66;&#x72;\">Val\u00e9rie Laforest<\/a>, Professeur Mines Saint Etienne, UMR 5600 EVS<\/li>\n\n\n\n<li><span style=\"font-size: revert;color: initial\">Co-directrice&nbsp;: Nad\u00e8ge Troussier, Professeur d\u2019Universit\u00e9, UTT<\/span><\/li>\n\n\n\n<li>Co-directrice&nbsp;: Jenny Faucheu, Professeur Mines Saint Etienne<\/li>\n<\/ul>\n\n\n\n<p><strong>Partenaires ou\/et Financeurs<\/strong> :<\/p>\n\n\n\n<p>Cette th\u00e8se s\u2019inscrit dans le projet de recherche D-TechnoSS de l\u2019Agence National de la Recherche. Projet-ANR-20-CE10-0006<img loading=\"lazy\" decoding=\"async\" width=\"300\" height=\"77\" class=\"alignnone size-medium wp-image-64128\" src=\"https:\/\/www.mines-stetienne.fr\/wp-content\/uploads\/2022\/01\/ANR-logo-2021-complet-300x77.jpg\" alt=\"\"><\/p>\n\n\n\n<p><strong>Objectifs de d\u00e9veloppement durable concern\u00e9s&nbsp;:<\/strong><\/p>\n\n\n<p><img decoding=\"async\" src=\"https:\/\/www.mines-stetienne.fr\/wp-content\/uploads\/2021\/06\/ODD9-150x150.jpg\" alt=\"L\u2019attribut alt de cette image est vide, son nom de fichier est ODD9-150x150.jpg.\"><img decoding=\"async\" src=\"https:\/\/www.mines-stetienne.fr\/wp-content\/uploads\/2020\/11\/odd12.jpg\" alt=\"L\u2019attribut alt de cette image est vide, son nom de fichier est odd12.jpg.\"><\/p>","protected":false},"excerpt":{"rendered":"<p>Titre : Co-conception de produits int\u00e9grants la soutenabilit\u00e9 forte D\u00e9but de th\u00e8se : 2021Fin de th\u00e8se : 2024 R\u00e9sum\u00e9 :&nbsp;En ing\u00e9nierie de la conception, les processus de conception d\u2019un produit et\/ou service sont mod\u00e9lis\u00e9s afin d\u2019en d\u00e9crire les leviers d\u2019am\u00e9lioration &hellip;<\/p>\n","protected":false},"author":1536,"featured_media":0,"parent":286,"menu_order":0,"comment_status":"closed","ping_status":"closed","template":"","meta":{"footnotes":""},"tags":[],"class_list":["post-329","page","type-page","status-publish","hentry"],"pp_statuses_selecting_workflow":false,"pp_workflow_action":"current","pp_status_selection":"publish","pp_force_visibility":null,"pp_subpost_visibility":null,"pp_inherited_force_visibility":null,"pp_inherited_subpost_visibility":null,"yoast_head":"<!-- This site is optimized with the Yoast SEO plugin v27.5 - https:\/\/yoast.com\/product\/yoast-seo-wordpress\/ -->\n<title>Th\u00e8se pr\u00e9par\u00e9e par Melissa Escobar Cisternas - Institut Henri Fayol<\/title>\n<meta name=\"robots\" content=\"index, follow, max-snippet:-1, max-image-preview:large, max-video-preview:-1\" \/>\n<link rel=\"canonical\" href=\"https:\/\/www.mines-stetienne.fr\/fayol\/theses\/these-preparee-par-melissa-escobar-cisternas\/\" \/>\n<meta property=\"og:locale\" content=\"fr_FR\" \/>\n<meta property=\"og:type\" content=\"article\" \/>\n<meta property=\"og:title\" content=\"Th\u00e8se pr\u00e9par\u00e9e par Melissa Escobar Cisternas - Institut Henri Fayol\" \/>\n<meta property=\"og:description\" content=\"Titre : Co-conception de produits int\u00e9grants la soutenabilit\u00e9 forte D\u00e9but de th\u00e8se : 2021Fin de th\u00e8se : 2024 R\u00e9sum\u00e9 :&nbsp;En ing\u00e9nierie de la conception, les processus de conception d\u2019un produit et\/ou service sont mod\u00e9lis\u00e9s afin d\u2019en d\u00e9crire les leviers d\u2019am\u00e9lioration &hellip;\" \/>\n<meta property=\"og:url\" content=\"https:\/\/www.mines-stetienne.fr\/fayol\/theses\/these-preparee-par-melissa-escobar-cisternas\/\" \/>\n<meta property=\"og:site_name\" content=\"Institut Henri Fayol\" \/>\n<meta property=\"article:publisher\" content=\"https:\/\/www.facebook.com\/MinesSaintEtienne\" \/>\n<meta property=\"article:modified_time\" content=\"2022-12-13T08:54:58+00:00\" \/>\n<meta property=\"og:image\" content=\"https:\/\/www.mines-stetienne.fr\/wp-content\/uploads\/2022\/01\/ANR-logo-2021-complet-300x77.jpg\" \/>\n<meta name=\"twitter:card\" content=\"summary_large_image\" \/>\n<meta name=\"twitter:site\" content=\"@MINES_StEtienne\" \/>\n<meta name=\"twitter:label1\" content=\"Dur\u00e9e de lecture estim\u00e9e\" \/>\n\t<meta name=\"twitter:data1\" content=\"3 minutes\" \/>\n<script type=\"application\/ld+json\" class=\"yoast-schema-graph\">{\"@context\":\"https:\\\/\\\/schema.org\",\"@graph\":[{\"@type\":\"WebPage\",\"@id\":\"https:\\\/\\\/www.mines-stetienne.fr\\\/fayol\\\/theses\\\/these-preparee-par-melissa-escobar-cisternas\\\/\",\"url\":\"https:\\\/\\\/www.mines-stetienne.fr\\\/fayol\\\/theses\\\/these-preparee-par-melissa-escobar-cisternas\\\/\",\"name\":\"Th\u00e8se pr\u00e9par\u00e9e par Melissa Escobar Cisternas - Institut Henri Fayol\",\"isPartOf\":{\"@id\":\"https:\\\/\\\/www.mines-stetienne.fr\\\/fayol\\\/#website\"},\"primaryImageOfPage\":{\"@id\":\"https:\\\/\\\/www.mines-stetienne.fr\\\/fayol\\\/theses\\\/these-preparee-par-melissa-escobar-cisternas\\\/#primaryimage\"},\"image\":{\"@id\":\"https:\\\/\\\/www.mines-stetienne.fr\\\/fayol\\\/theses\\\/these-preparee-par-melissa-escobar-cisternas\\\/#primaryimage\"},\"thumbnailUrl\":\"https:\\\/\\\/www.mines-stetienne.fr\\\/wp-content\\\/uploads\\\/2022\\\/01\\\/ANR-logo-2021-complet-300x77.jpg\",\"datePublished\":\"2022-12-13T08:51:32+00:00\",\"dateModified\":\"2022-12-13T08:54:58+00:00\",\"breadcrumb\":{\"@id\":\"https:\\\/\\\/www.mines-stetienne.fr\\\/fayol\\\/theses\\\/these-preparee-par-melissa-escobar-cisternas\\\/#breadcrumb\"},\"inLanguage\":\"fr-FR\",\"potentialAction\":[{\"@type\":\"ReadAction\",\"target\":[\"https:\\\/\\\/www.mines-stetienne.fr\\\/fayol\\\/theses\\\/these-preparee-par-melissa-escobar-cisternas\\\/\"]}]},{\"@type\":\"ImageObject\",\"inLanguage\":\"fr-FR\",\"@id\":\"https:\\\/\\\/www.mines-stetienne.fr\\\/fayol\\\/theses\\\/these-preparee-par-melissa-escobar-cisternas\\\/#primaryimage\",\"url\":\"https:\\\/\\\/www.mines-stetienne.fr\\\/wp-content\\\/uploads\\\/2022\\\/01\\\/ANR-logo-2021-complet-300x77.jpg\",\"contentUrl\":\"https:\\\/\\\/www.mines-stetienne.fr\\\/wp-content\\\/uploads\\\/2022\\\/01\\\/ANR-logo-2021-complet-300x77.jpg\"},{\"@type\":\"BreadcrumbList\",\"@id\":\"https:\\\/\\\/www.mines-stetienne.fr\\\/fayol\\\/theses\\\/these-preparee-par-melissa-escobar-cisternas\\\/#breadcrumb\",\"itemListElement\":[{\"@type\":\"ListItem\",\"position\":1,\"name\":\"Accueil\",\"item\":\"https:\\\/\\\/www.mines-stetienne.fr\\\/fayol\\\/\"},{\"@type\":\"ListItem\",\"position\":2,\"name\":\"Recherche\",\"item\":\"https:\\\/\\\/www.mines-stetienne.fr\\\/fayol\\\/theses\\\/\"},{\"@type\":\"ListItem\",\"position\":3,\"name\":\"Th\u00e8se pr\u00e9par\u00e9e par Melissa Escobar Cisternas\"}]},{\"@type\":\"WebSite\",\"@id\":\"https:\\\/\\\/www.mines-stetienne.fr\\\/fayol\\\/#website\",\"url\":\"https:\\\/\\\/www.mines-stetienne.fr\\\/fayol\\\/\",\"name\":\"Institut Henri Fayol\",\"description\":\"\",\"publisher\":{\"@id\":\"https:\\\/\\\/www.mines-stetienne.fr\\\/fayol\\\/#organization\"},\"potentialAction\":[{\"@type\":\"SearchAction\",\"target\":{\"@type\":\"EntryPoint\",\"urlTemplate\":\"https:\\\/\\\/www.mines-stetienne.fr\\\/fayol\\\/?s={search_term_string}\"},\"query-input\":{\"@type\":\"PropertyValueSpecification\",\"valueRequired\":true,\"valueName\":\"search_term_string\"}}],\"inLanguage\":\"fr-FR\"},{\"@type\":\"Organization\",\"@id\":\"https:\\\/\\\/www.mines-stetienne.fr\\\/fayol\\\/#organization\",\"name\":\"Institut Henri Fayol\",\"url\":\"https:\\\/\\\/www.mines-stetienne.fr\\\/fayol\\\/\",\"logo\":{\"@type\":\"ImageObject\",\"inLanguage\":\"fr-FR\",\"@id\":\"https:\\\/\\\/www.mines-stetienne.fr\\\/fayol\\\/#\\\/schema\\\/logo\\\/image\\\/\",\"url\":\"https:\\\/\\\/www.mines-stetienne.fr\\\/fayol\\\/wp-content\\\/uploads\\\/sites\\\/18\\\/2022\\\/09\\\/Mines_Saint_Etienne_IMT_RVB.png\",\"contentUrl\":\"https:\\\/\\\/www.mines-stetienne.fr\\\/fayol\\\/wp-content\\\/uploads\\\/sites\\\/18\\\/2022\\\/09\\\/Mines_Saint_Etienne_IMT_RVB.png\",\"width\":316,\"height\":315,\"caption\":\"Institut Henri Fayol\"},\"image\":{\"@id\":\"https:\\\/\\\/www.mines-stetienne.fr\\\/fayol\\\/#\\\/schema\\\/logo\\\/image\\\/\"},\"sameAs\":[\"https:\\\/\\\/www.facebook.com\\\/MinesSaintEtienne\",\"https:\\\/\\\/x.com\\\/MINES_StEtienne\",\"https:\\\/\\\/www.youtube.com\\\/channel\\\/UCVSdpdmJccvUngjJ2on1n3A\"]}]}<\/script>\n<!-- \/ Yoast SEO plugin. -->","yoast_head_json":{"title":"Th\u00e8se pr\u00e9par\u00e9e par Melissa Escobar Cisternas - Institut Henri Fayol","robots":{"index":"index","follow":"follow","max-snippet":"max-snippet:-1","max-image-preview":"max-image-preview:large","max-video-preview":"max-video-preview:-1"},"canonical":"https:\/\/www.mines-stetienne.fr\/fayol\/theses\/these-preparee-par-melissa-escobar-cisternas\/","og_locale":"fr_FR","og_type":"article","og_title":"Th\u00e8se pr\u00e9par\u00e9e par Melissa Escobar Cisternas - Institut Henri Fayol","og_description":"Titre : Co-conception de produits int\u00e9grants la soutenabilit\u00e9 forte D\u00e9but de th\u00e8se : 2021Fin de th\u00e8se : 2024 R\u00e9sum\u00e9 :&nbsp;En ing\u00e9nierie de la conception, les processus de conception d\u2019un produit et\/ou service sont mod\u00e9lis\u00e9s afin d\u2019en d\u00e9crire les leviers d\u2019am\u00e9lioration &hellip;","og_url":"https:\/\/www.mines-stetienne.fr\/fayol\/theses\/these-preparee-par-melissa-escobar-cisternas\/","og_site_name":"Institut Henri Fayol","article_publisher":"https:\/\/www.facebook.com\/MinesSaintEtienne","article_modified_time":"2022-12-13T08:54:58+00:00","og_image":[{"url":"https:\/\/www.mines-stetienne.fr\/wp-content\/uploads\/2022\/01\/ANR-logo-2021-complet-300x77.jpg","type":"","width":"","height":""}],"twitter_card":"summary_large_image","twitter_site":"@MINES_StEtienne","twitter_misc":{"Dur\u00e9e de lecture estim\u00e9e":"3 minutes"},"schema":{"@context":"https:\/\/schema.org","@graph":[{"@type":"WebPage","@id":"https:\/\/www.mines-stetienne.fr\/fayol\/theses\/these-preparee-par-melissa-escobar-cisternas\/","url":"https:\/\/www.mines-stetienne.fr\/fayol\/theses\/these-preparee-par-melissa-escobar-cisternas\/","name":"Th\u00e8se pr\u00e9par\u00e9e par Melissa Escobar Cisternas - Institut Henri Fayol","isPartOf":{"@id":"https:\/\/www.mines-stetienne.fr\/fayol\/#website"},"primaryImageOfPage":{"@id":"https:\/\/www.mines-stetienne.fr\/fayol\/theses\/these-preparee-par-melissa-escobar-cisternas\/#primaryimage"},"image":{"@id":"https:\/\/www.mines-stetienne.fr\/fayol\/theses\/these-preparee-par-melissa-escobar-cisternas\/#primaryimage"},"thumbnailUrl":"https:\/\/www.mines-stetienne.fr\/wp-content\/uploads\/2022\/01\/ANR-logo-2021-complet-300x77.jpg","datePublished":"2022-12-13T08:51:32+00:00","dateModified":"2022-12-13T08:54:58+00:00","breadcrumb":{"@id":"https:\/\/www.mines-stetienne.fr\/fayol\/theses\/these-preparee-par-melissa-escobar-cisternas\/#breadcrumb"},"inLanguage":"fr-FR","potentialAction":[{"@type":"ReadAction","target":["https:\/\/www.mines-stetienne.fr\/fayol\/theses\/these-preparee-par-melissa-escobar-cisternas\/"]}]},{"@type":"ImageObject","inLanguage":"fr-FR","@id":"https:\/\/www.mines-stetienne.fr\/fayol\/theses\/these-preparee-par-melissa-escobar-cisternas\/#primaryimage","url":"https:\/\/www.mines-stetienne.fr\/wp-content\/uploads\/2022\/01\/ANR-logo-2021-complet-300x77.jpg","contentUrl":"https:\/\/www.mines-stetienne.fr\/wp-content\/uploads\/2022\/01\/ANR-logo-2021-complet-300x77.jpg"},{"@type":"BreadcrumbList","@id":"https:\/\/www.mines-stetienne.fr\/fayol\/theses\/these-preparee-par-melissa-escobar-cisternas\/#breadcrumb","itemListElement":[{"@type":"ListItem","position":1,"name":"Accueil","item":"https:\/\/www.mines-stetienne.fr\/fayol\/"},{"@type":"ListItem","position":2,"name":"Recherche","item":"https:\/\/www.mines-stetienne.fr\/fayol\/theses\/"},{"@type":"ListItem","position":3,"name":"Th\u00e8se pr\u00e9par\u00e9e par Melissa Escobar Cisternas"}]},{"@type":"WebSite","@id":"https:\/\/www.mines-stetienne.fr\/fayol\/#website","url":"https:\/\/www.mines-stetienne.fr\/fayol\/","name":"Institut Henri Fayol","description":"","publisher":{"@id":"https:\/\/www.mines-stetienne.fr\/fayol\/#organization"},"potentialAction":[{"@type":"SearchAction","target":{"@type":"EntryPoint","urlTemplate":"https:\/\/www.mines-stetienne.fr\/fayol\/?s={search_term_string}"},"query-input":{"@type":"PropertyValueSpecification","valueRequired":true,"valueName":"search_term_string"}}],"inLanguage":"fr-FR"},{"@type":"Organization","@id":"https:\/\/www.mines-stetienne.fr\/fayol\/#organization","name":"Institut Henri Fayol","url":"https:\/\/www.mines-stetienne.fr\/fayol\/","logo":{"@type":"ImageObject","inLanguage":"fr-FR","@id":"https:\/\/www.mines-stetienne.fr\/fayol\/#\/schema\/logo\/image\/","url":"https:\/\/www.mines-stetienne.fr\/fayol\/wp-content\/uploads\/sites\/18\/2022\/09\/Mines_Saint_Etienne_IMT_RVB.png","contentUrl":"https:\/\/www.mines-stetienne.fr\/fayol\/wp-content\/uploads\/sites\/18\/2022\/09\/Mines_Saint_Etienne_IMT_RVB.png","width":316,"height":315,"caption":"Institut Henri Fayol"},"image":{"@id":"https:\/\/www.mines-stetienne.fr\/fayol\/#\/schema\/logo\/image\/"},"sameAs":["https:\/\/www.facebook.com\/MinesSaintEtienne","https:\/\/x.com\/MINES_StEtienne","https:\/\/www.youtube.com\/channel\/UCVSdpdmJccvUngjJ2on1n3A"]}]}},"_links":{"self":[{"href":"https:\/\/www.mines-stetienne.fr\/fayol\/wp-json\/wp\/v2\/pages\/329","targetHints":{"allow":["GET"]}}],"collection":[{"href":"https:\/\/www.mines-stetienne.fr\/fayol\/wp-json\/wp\/v2\/pages"}],"about":[{"href":"https:\/\/www.mines-stetienne.fr\/fayol\/wp-json\/wp\/v2\/types\/page"}],"author":[{"embeddable":true,"href":"https:\/\/www.mines-stetienne.fr\/fayol\/wp-json\/wp\/v2\/users\/1536"}],"replies":[{"embeddable":true,"href":"https:\/\/www.mines-stetienne.fr\/fayol\/wp-json\/wp\/v2\/comments?post=329"}],"version-history":[{"count":4,"href":"https:\/\/www.mines-stetienne.fr\/fayol\/wp-json\/wp\/v2\/pages\/329\/revisions"}],"predecessor-version":[{"id":334,"href":"https:\/\/www.mines-stetienne.fr\/fayol\/wp-json\/wp\/v2\/pages\/329\/revisions\/334"}],"up":[{"embeddable":true,"href":"https:\/\/www.mines-stetienne.fr\/fayol\/wp-json\/wp\/v2\/pages\/286"}],"wp:attachment":[{"href":"https:\/\/www.mines-stetienne.fr\/fayol\/wp-json\/wp\/v2\/media?parent=329"}],"wp:term":[{"taxonomy":"post_tag","embeddable":true,"href":"https:\/\/www.mines-stetienne.fr\/fayol\/wp-json\/wp\/v2\/tags?post=329"}],"curies":[{"name":"wp","href":"https:\/\/api.w.org\/{rel}","templated":true}]}}