{"id":327,"date":"2022-12-13T09:47:32","date_gmt":"2022-12-13T08:47:32","guid":{"rendered":"https:\/\/www.mines-stetienne.fr\/fayol\/?page_id=327"},"modified":"2022-12-13T09:47:33","modified_gmt":"2022-12-13T08:47:33","slug":"these-preparee-par-marie-dellise","status":"publish","type":"page","link":"https:\/\/www.mines-stetienne.fr\/fayol\/theses\/these-preparee-par-marie-dellise\/","title":{"rendered":"Th\u00e8se pr\u00e9par\u00e9e par Marie DELLISE"},"content":{"rendered":"\n<p><strong>Titre :<\/strong> <strong>M\u00e9thodologie d&rsquo;\u00e9valuation des performances environnementales des installations industrielles au regard des Meilleures Techniques Disponibles \u00e0 l&rsquo;\u00e9chelle locale : Cas de l&rsquo;absence de r\u00e9f\u00e9rentiel europ\u00e9en<\/strong><\/p>\n<p><strong>D\u00e9but de th\u00e8se : <\/strong>20..<br><strong>Fin de th\u00e8se :<\/strong> 2020<\/p>\n<p><strong>R\u00e9sum\u00e9 :&nbsp;<\/strong> La Directive sur les \u00e9missions industrielles (IED) r\u00e9glemente les impacts environnementaux d&rsquo;un large \u00e9ventail d&rsquo;activit\u00e9s industrielles et agricoles via une approche int\u00e9gr\u00e9e de leurs pollutions et consommations. En pratique, cette approche se traduit par l\u2019obligation de mettre en \u0153uvre les \u00ab Meilleures Techniques Disponibles \u00bb (MTD) d\u00e9crites dans des documents de r\u00e9f\u00e9rence europ\u00e9ens : les BREF. Cependant, lors de l\u2019\u00e9laboration ou de la r\u00e9vision d\u2019un BREF, il n\u2019est pas possible de couvrir chaque activit\u00e9 pour tout ou partie des enjeux environnementaux qu\u2019elle est susceptible de causer. Les exploitations concern\u00e9es par ces activit\u00e9s sans r\u00e9f\u00e9rence ne sont pas exemptes de mettre en \u0153uvre les MTD. Pourtant, les enqu\u00eates men\u00e9es sur l\u2019application des MTD en France montrent que le manque de MTD de r\u00e9f\u00e9rence conduit souvent \u00e0 ce que la mise en \u0153uvre des MTD ne soit pas effective sur site, et \/ ou v\u00e9rifi\u00e9e par l\u2019autorit\u00e9 comp\u00e9tente. Face \u00e0 ce constat, une m\u00e9thodologie permettant aux exploitants d\u2019installations soumises \u00e0 l\u2019obligation de mise en \u0153uvre des MTD de d\u00e9montrer leur conformit\u00e9 aux autorit\u00e9s comp\u00e9tentes en l\u2019absence de r\u00e9f\u00e9rence officielle est propos\u00e9e. Elle se compose de deux phases visant respectivement \u00e0 l\u2019identification des enjeux environnementaux majeurs d\u2019une installation et \u00e0 comparer les performances de celle-ci \u00e0 celles des MTD pour chacun de ces enjeux. Elle est test\u00e9e sur deux \u00e9tudes de cas issues de secteurs d\u2019activit\u00e9 diff\u00e9rents, puis ses avantages et ses limites sont discut\u00e9s \u00e0 la lumi\u00e8re du retour d\u2019exp\u00e9rience des exploitants. Enfin, des perspectives de travail et de recherche sont propos\u00e9es.<\/p>\n<p><strong>Mots cl\u00e9s&nbsp;:&nbsp;<\/strong> Meilleures techniques disponibles, performances environnementales, enjeux<br>environnementaux cl\u00e9s, KEI, Directive sur les Emissions Industrielles, IED<\/p>\n<p><strong>Soutenance :&nbsp;<\/strong> 03-12-2020<\/p>\n<p><strong>Directeur de&nbsp;th\u00e8se <\/strong><strong>: <\/strong><\/p>\n<ul>\n<li><a href=\"&#109;a&#x69;l&#x74;o&#x3a;&#108;&#x61;&#102;&#x6f;&#114;e&#x73;t&#x40;e&#x6d;&#115;&#x65;&#46;&#x66;&#114;\">Val\u00e9rie Laforest<\/a> : Directrice de recherche, Mines Saint Etienne, UMR 5600&nbsp;EVS<\/li>\n<\/ul>\n<p><strong> Partenariat :&nbsp;<\/strong><\/p>\n<p><strong>T\u00e9l\u00e9charger la th\u00e8se :&nbsp;<\/strong><\/p>\n<p><a href=\"https:\/\/tel.archives-ouvertes.fr\/tel-03187705\/document\"><img loading=\"lazy\" decoding=\"async\" class=\"aligncenter wp-image-2677\" src=\"https:\/\/www.mines-stetienne.fr\/wp-content\/uploads\/2016\/01\/these.gif\" alt=\"these\" width=\"32\" height=\"32\"><\/a><\/p>\n","protected":false},"excerpt":{"rendered":"","protected":false},"author":1536,"featured_media":0,"parent":286,"menu_order":0,"comment_status":"closed","ping_status":"closed","template":"","meta":{"footnotes":""},"tags":[],"class_list":["post-327","page","type-page","status-publish","hentry"],"pp_statuses_selecting_workflow":false,"pp_workflow_action":"current","pp_status_selection":"publish","pp_force_visibility":null,"pp_subpost_visibility":null,"pp_inherited_force_visibility":null,"pp_inherited_subpost_visibility":null,"yoast_head":"<!-- This site is optimized with the Yoast SEO plugin v27.4 - https:\/\/yoast.com\/product\/yoast-seo-wordpress\/ -->\n<title>Th\u00e8se pr\u00e9par\u00e9e par Marie DELLISE - Institut Henri Fayol<\/title>\n<meta name=\"robots\" content=\"index, follow, max-snippet:-1, max-image-preview:large, max-video-preview:-1\" \/>\n<link rel=\"canonical\" href=\"https:\/\/www.mines-stetienne.fr\/fayol\/theses\/these-preparee-par-marie-dellise\/\" \/>\n<meta property=\"og:locale\" content=\"fr_FR\" \/>\n<meta property=\"og:type\" content=\"article\" \/>\n<meta property=\"og:title\" content=\"Th\u00e8se pr\u00e9par\u00e9e par Marie DELLISE - Institut Henri Fayol\" \/>\n<meta property=\"og:url\" content=\"https:\/\/www.mines-stetienne.fr\/fayol\/theses\/these-preparee-par-marie-dellise\/\" \/>\n<meta property=\"og:site_name\" content=\"Institut Henri Fayol\" \/>\n<meta property=\"article:publisher\" content=\"https:\/\/www.facebook.com\/MinesSaintEtienne\" \/>\n<meta property=\"article:modified_time\" content=\"2022-12-13T08:47:33+00:00\" \/>\n<meta property=\"og:image\" content=\"https:\/\/www.mines-stetienne.fr\/wp-content\/uploads\/2016\/01\/these.gif\" \/>\n<meta name=\"twitter:card\" content=\"summary_large_image\" \/>\n<meta name=\"twitter:site\" content=\"@MINES_StEtienne\" \/>\n<meta name=\"twitter:label1\" content=\"Dur\u00e9e de lecture estim\u00e9e\" \/>\n\t<meta name=\"twitter:data1\" content=\"2 minutes\" \/>\n<script type=\"application\/ld+json\" class=\"yoast-schema-graph\">{\"@context\":\"https:\\\/\\\/schema.org\",\"@graph\":[{\"@type\":\"WebPage\",\"@id\":\"https:\\\/\\\/www.mines-stetienne.fr\\\/fayol\\\/theses\\\/these-preparee-par-marie-dellise\\\/\",\"url\":\"https:\\\/\\\/www.mines-stetienne.fr\\\/fayol\\\/theses\\\/these-preparee-par-marie-dellise\\\/\",\"name\":\"Th\u00e8se pr\u00e9par\u00e9e par Marie DELLISE - Institut Henri Fayol\",\"isPartOf\":{\"@id\":\"https:\\\/\\\/www.mines-stetienne.fr\\\/fayol\\\/#website\"},\"primaryImageOfPage\":{\"@id\":\"https:\\\/\\\/www.mines-stetienne.fr\\\/fayol\\\/theses\\\/these-preparee-par-marie-dellise\\\/#primaryimage\"},\"image\":{\"@id\":\"https:\\\/\\\/www.mines-stetienne.fr\\\/fayol\\\/theses\\\/these-preparee-par-marie-dellise\\\/#primaryimage\"},\"thumbnailUrl\":\"https:\\\/\\\/www.mines-stetienne.fr\\\/wp-content\\\/uploads\\\/2016\\\/01\\\/these.gif\",\"datePublished\":\"2022-12-13T08:47:32+00:00\",\"dateModified\":\"2022-12-13T08:47:33+00:00\",\"breadcrumb\":{\"@id\":\"https:\\\/\\\/www.mines-stetienne.fr\\\/fayol\\\/theses\\\/these-preparee-par-marie-dellise\\\/#breadcrumb\"},\"inLanguage\":\"fr-FR\",\"potentialAction\":[{\"@type\":\"ReadAction\",\"target\":[\"https:\\\/\\\/www.mines-stetienne.fr\\\/fayol\\\/theses\\\/these-preparee-par-marie-dellise\\\/\"]}]},{\"@type\":\"ImageObject\",\"inLanguage\":\"fr-FR\",\"@id\":\"https:\\\/\\\/www.mines-stetienne.fr\\\/fayol\\\/theses\\\/these-preparee-par-marie-dellise\\\/#primaryimage\",\"url\":\"https:\\\/\\\/www.mines-stetienne.fr\\\/wp-content\\\/uploads\\\/2016\\\/01\\\/these.gif\",\"contentUrl\":\"https:\\\/\\\/www.mines-stetienne.fr\\\/wp-content\\\/uploads\\\/2016\\\/01\\\/these.gif\"},{\"@type\":\"BreadcrumbList\",\"@id\":\"https:\\\/\\\/www.mines-stetienne.fr\\\/fayol\\\/theses\\\/these-preparee-par-marie-dellise\\\/#breadcrumb\",\"itemListElement\":[{\"@type\":\"ListItem\",\"position\":1,\"name\":\"Accueil\",\"item\":\"https:\\\/\\\/www.mines-stetienne.fr\\\/fayol\\\/\"},{\"@type\":\"ListItem\",\"position\":2,\"name\":\"Recherche\",\"item\":\"https:\\\/\\\/www.mines-stetienne.fr\\\/fayol\\\/theses\\\/\"},{\"@type\":\"ListItem\",\"position\":3,\"name\":\"Th\u00e8se pr\u00e9par\u00e9e par Marie DELLISE\"}]},{\"@type\":\"WebSite\",\"@id\":\"https:\\\/\\\/www.mines-stetienne.fr\\\/fayol\\\/#website\",\"url\":\"https:\\\/\\\/www.mines-stetienne.fr\\\/fayol\\\/\",\"name\":\"Institut Henri Fayol\",\"description\":\"\",\"publisher\":{\"@id\":\"https:\\\/\\\/www.mines-stetienne.fr\\\/fayol\\\/#organization\"},\"potentialAction\":[{\"@type\":\"SearchAction\",\"target\":{\"@type\":\"EntryPoint\",\"urlTemplate\":\"https:\\\/\\\/www.mines-stetienne.fr\\\/fayol\\\/?s={search_term_string}\"},\"query-input\":{\"@type\":\"PropertyValueSpecification\",\"valueRequired\":true,\"valueName\":\"search_term_string\"}}],\"inLanguage\":\"fr-FR\"},{\"@type\":\"Organization\",\"@id\":\"https:\\\/\\\/www.mines-stetienne.fr\\\/fayol\\\/#organization\",\"name\":\"Institut Henri Fayol\",\"url\":\"https:\\\/\\\/www.mines-stetienne.fr\\\/fayol\\\/\",\"logo\":{\"@type\":\"ImageObject\",\"inLanguage\":\"fr-FR\",\"@id\":\"https:\\\/\\\/www.mines-stetienne.fr\\\/fayol\\\/#\\\/schema\\\/logo\\\/image\\\/\",\"url\":\"https:\\\/\\\/www.mines-stetienne.fr\\\/fayol\\\/wp-content\\\/uploads\\\/sites\\\/18\\\/2022\\\/09\\\/Mines_Saint_Etienne_IMT_RVB.png\",\"contentUrl\":\"https:\\\/\\\/www.mines-stetienne.fr\\\/fayol\\\/wp-content\\\/uploads\\\/sites\\\/18\\\/2022\\\/09\\\/Mines_Saint_Etienne_IMT_RVB.png\",\"width\":316,\"height\":315,\"caption\":\"Institut Henri Fayol\"},\"image\":{\"@id\":\"https:\\\/\\\/www.mines-stetienne.fr\\\/fayol\\\/#\\\/schema\\\/logo\\\/image\\\/\"},\"sameAs\":[\"https:\\\/\\\/www.facebook.com\\\/MinesSaintEtienne\",\"https:\\\/\\\/x.com\\\/MINES_StEtienne\",\"https:\\\/\\\/www.youtube.com\\\/channel\\\/UCVSdpdmJccvUngjJ2on1n3A\"]}]}<\/script>\n<!-- \/ Yoast SEO plugin. -->","yoast_head_json":{"title":"Th\u00e8se pr\u00e9par\u00e9e par Marie DELLISE - Institut Henri Fayol","robots":{"index":"index","follow":"follow","max-snippet":"max-snippet:-1","max-image-preview":"max-image-preview:large","max-video-preview":"max-video-preview:-1"},"canonical":"https:\/\/www.mines-stetienne.fr\/fayol\/theses\/these-preparee-par-marie-dellise\/","og_locale":"fr_FR","og_type":"article","og_title":"Th\u00e8se pr\u00e9par\u00e9e par Marie DELLISE - Institut Henri Fayol","og_url":"https:\/\/www.mines-stetienne.fr\/fayol\/theses\/these-preparee-par-marie-dellise\/","og_site_name":"Institut Henri Fayol","article_publisher":"https:\/\/www.facebook.com\/MinesSaintEtienne","article_modified_time":"2022-12-13T08:47:33+00:00","og_image":[{"url":"https:\/\/www.mines-stetienne.fr\/wp-content\/uploads\/2016\/01\/these.gif","type":"","width":"","height":""}],"twitter_card":"summary_large_image","twitter_site":"@MINES_StEtienne","twitter_misc":{"Dur\u00e9e de lecture estim\u00e9e":"2 minutes"},"schema":{"@context":"https:\/\/schema.org","@graph":[{"@type":"WebPage","@id":"https:\/\/www.mines-stetienne.fr\/fayol\/theses\/these-preparee-par-marie-dellise\/","url":"https:\/\/www.mines-stetienne.fr\/fayol\/theses\/these-preparee-par-marie-dellise\/","name":"Th\u00e8se pr\u00e9par\u00e9e par Marie DELLISE - Institut Henri Fayol","isPartOf":{"@id":"https:\/\/www.mines-stetienne.fr\/fayol\/#website"},"primaryImageOfPage":{"@id":"https:\/\/www.mines-stetienne.fr\/fayol\/theses\/these-preparee-par-marie-dellise\/#primaryimage"},"image":{"@id":"https:\/\/www.mines-stetienne.fr\/fayol\/theses\/these-preparee-par-marie-dellise\/#primaryimage"},"thumbnailUrl":"https:\/\/www.mines-stetienne.fr\/wp-content\/uploads\/2016\/01\/these.gif","datePublished":"2022-12-13T08:47:32+00:00","dateModified":"2022-12-13T08:47:33+00:00","breadcrumb":{"@id":"https:\/\/www.mines-stetienne.fr\/fayol\/theses\/these-preparee-par-marie-dellise\/#breadcrumb"},"inLanguage":"fr-FR","potentialAction":[{"@type":"ReadAction","target":["https:\/\/www.mines-stetienne.fr\/fayol\/theses\/these-preparee-par-marie-dellise\/"]}]},{"@type":"ImageObject","inLanguage":"fr-FR","@id":"https:\/\/www.mines-stetienne.fr\/fayol\/theses\/these-preparee-par-marie-dellise\/#primaryimage","url":"https:\/\/www.mines-stetienne.fr\/wp-content\/uploads\/2016\/01\/these.gif","contentUrl":"https:\/\/www.mines-stetienne.fr\/wp-content\/uploads\/2016\/01\/these.gif"},{"@type":"BreadcrumbList","@id":"https:\/\/www.mines-stetienne.fr\/fayol\/theses\/these-preparee-par-marie-dellise\/#breadcrumb","itemListElement":[{"@type":"ListItem","position":1,"name":"Accueil","item":"https:\/\/www.mines-stetienne.fr\/fayol\/"},{"@type":"ListItem","position":2,"name":"Recherche","item":"https:\/\/www.mines-stetienne.fr\/fayol\/theses\/"},{"@type":"ListItem","position":3,"name":"Th\u00e8se pr\u00e9par\u00e9e par Marie DELLISE"}]},{"@type":"WebSite","@id":"https:\/\/www.mines-stetienne.fr\/fayol\/#website","url":"https:\/\/www.mines-stetienne.fr\/fayol\/","name":"Institut Henri Fayol","description":"","publisher":{"@id":"https:\/\/www.mines-stetienne.fr\/fayol\/#organization"},"potentialAction":[{"@type":"SearchAction","target":{"@type":"EntryPoint","urlTemplate":"https:\/\/www.mines-stetienne.fr\/fayol\/?s={search_term_string}"},"query-input":{"@type":"PropertyValueSpecification","valueRequired":true,"valueName":"search_term_string"}}],"inLanguage":"fr-FR"},{"@type":"Organization","@id":"https:\/\/www.mines-stetienne.fr\/fayol\/#organization","name":"Institut Henri Fayol","url":"https:\/\/www.mines-stetienne.fr\/fayol\/","logo":{"@type":"ImageObject","inLanguage":"fr-FR","@id":"https:\/\/www.mines-stetienne.fr\/fayol\/#\/schema\/logo\/image\/","url":"https:\/\/www.mines-stetienne.fr\/fayol\/wp-content\/uploads\/sites\/18\/2022\/09\/Mines_Saint_Etienne_IMT_RVB.png","contentUrl":"https:\/\/www.mines-stetienne.fr\/fayol\/wp-content\/uploads\/sites\/18\/2022\/09\/Mines_Saint_Etienne_IMT_RVB.png","width":316,"height":315,"caption":"Institut Henri Fayol"},"image":{"@id":"https:\/\/www.mines-stetienne.fr\/fayol\/#\/schema\/logo\/image\/"},"sameAs":["https:\/\/www.facebook.com\/MinesSaintEtienne","https:\/\/x.com\/MINES_StEtienne","https:\/\/www.youtube.com\/channel\/UCVSdpdmJccvUngjJ2on1n3A"]}]}},"_links":{"self":[{"href":"https:\/\/www.mines-stetienne.fr\/fayol\/wp-json\/wp\/v2\/pages\/327","targetHints":{"allow":["GET"]}}],"collection":[{"href":"https:\/\/www.mines-stetienne.fr\/fayol\/wp-json\/wp\/v2\/pages"}],"about":[{"href":"https:\/\/www.mines-stetienne.fr\/fayol\/wp-json\/wp\/v2\/types\/page"}],"author":[{"embeddable":true,"href":"https:\/\/www.mines-stetienne.fr\/fayol\/wp-json\/wp\/v2\/users\/1536"}],"replies":[{"embeddable":true,"href":"https:\/\/www.mines-stetienne.fr\/fayol\/wp-json\/wp\/v2\/comments?post=327"}],"version-history":[{"count":1,"href":"https:\/\/www.mines-stetienne.fr\/fayol\/wp-json\/wp\/v2\/pages\/327\/revisions"}],"predecessor-version":[{"id":328,"href":"https:\/\/www.mines-stetienne.fr\/fayol\/wp-json\/wp\/v2\/pages\/327\/revisions\/328"}],"up":[{"embeddable":true,"href":"https:\/\/www.mines-stetienne.fr\/fayol\/wp-json\/wp\/v2\/pages\/286"}],"wp:attachment":[{"href":"https:\/\/www.mines-stetienne.fr\/fayol\/wp-json\/wp\/v2\/media?parent=327"}],"wp:term":[{"taxonomy":"post_tag","embeddable":true,"href":"https:\/\/www.mines-stetienne.fr\/fayol\/wp-json\/wp\/v2\/tags?post=327"}],"curies":[{"name":"wp","href":"https:\/\/api.w.org\/{rel}","templated":true}]}}