{"id":325,"date":"2022-12-09T16:15:23","date_gmt":"2022-12-09T15:15:23","guid":{"rendered":"https:\/\/www.mines-stetienne.fr\/fayol\/?page_id=325"},"modified":"2022-12-09T16:15:24","modified_gmt":"2022-12-09T15:15:24","slug":"these-preparee-par-marc-grossouvre","status":"publish","type":"page","link":"https:\/\/www.mines-stetienne.fr\/fayol\/theses\/these-preparee-par-marc-grossouvre\/","title":{"rendered":"Th\u00e8se pr\u00e9par\u00e9e par Marc Grossouvre"},"content":{"rendered":"\n<p><strong>Titre : Analyse de la dynamique de r\u00e9novation \u00e9nerg\u00e9tique \u00e0 fine \u00e9chelle dans une optique de massification des travaux et d\u2019atteinte des objectifs nationaux<\/strong><\/p>\n<p><strong>Title: Analysis of energy refurbishing dynamics at micro in a context of renovation massification so as to meet national targets<\/strong><\/p>\n<p style=\"text-align: left\"><strong>D\u00e9but de th\u00e8se : <\/strong>2021<strong><br>Fin de th\u00e8se : <\/strong>2024<\/p>\n<p style=\"text-align: left\"><strong>R\u00e9sum\u00e9 : <\/strong>Les collectivit\u00e9 locales ont besoin de conna\u00eetre la performance \u00e9nerg\u00e9tique des logements pour planifier leur transition \u00e9nerg\u00e9tique. URBS (http:\/\/www.imope.fr\/) leur fournit un logiciel d\u2019analyse cartographique. Mais en 2021, les diagnostics \u00e9nerg\u00e9tiques disponibles ne couvrent que 20% des logements. La th\u00e8se CIFRE men\u00e9e conjointement pour l\u2019entreprise URBS et l\u2019EMSE consiste \u00e0 d\u00e9velopper des m\u00e9thodes g\u00e9ostatistiques pour :<br>&#8211; pr\u00e9dire les donn\u00e9es manquantes de performance \u00e9nerg\u00e9tique ;<br>&#8211; construire un indicateur du type r\u00e9nov\u00e9\/\u00e0 r\u00e9nover.<strong><br><\/strong><\/p>\n<p><strong>Abstract :&nbsp;<\/strong>Regional agencies need to know dwellings energy efficiency in order to plan energy transition. URBS (<a href=\"http:\/\/www.imope.fr\/\">http:\/\/www.imope.fr\/<\/a>) provides them with a data analysis and visualization software. But available energy efficiency data covers no more than 20% of dwellings in 2021. This thesis work aims at designing new geostatistical methods in order to :<\/p>\n<ul>\n<li>predict missing data about energy efficiency<\/li>\n<li>build a renovated\/to be renovated indicator.<\/li>\n<\/ul>\n<p><strong>Mots cl\u00e9s&nbsp;:<\/strong> krigeage, distribution de m\u00e9lange, r\u00e9novation \u00e9nerg\u00e9tique, gouvernance de la transition<\/p>\n<p><strong>Keywords<\/strong> <strong>:<\/strong> Kriging, mixture distribution, energy refurbishment, governance of energy transition<\/p>\n<p><strong>Date de soutenance pr\u00e9vue : <\/strong>2024<\/p>\n<p><strong>Encadrement :<\/strong><\/p>\n<ul id=\"block-67ec023b-3730-49e8-846e-f724794835d8\" class=\"block-editor-rich-text__editable block-editor-block-list__block wp-block is-selected rich-text\" role=\"group\" aria-label=\"Bloc&nbsp;: Liste\" data-block=\"67ec023b-3730-49e8-846e-f724794835d8\" data-type=\"core\/list\" data-title=\"Liste\">\n<li><a href=\"&#109;&#x61;&#x69;l&#116;&#x6f;:&#100;&#x72;u&#108;&#x6c;i&#101;&#x72;&#x65;&#64;&#x65;&#x6d;s&#101;&#x2e;f&#114;\">Didier Rulliere<\/a> : Professeur Mines Saint Etienne, LIMOS<\/li>\n<li><a href=\"&#109;a&#x69;l&#x74;o&#x3a;&#118;&#x69;&#108;&#x6c;&#111;t&#x40;e&#x6d;s&#x65;&#46;&#x66;&#114;\">Jonathan Villot<\/a>, co-encadrant CIFRE, co-fondateur de l&rsquo;entreprise URBS<\/li>\n<\/ul>\n<p><strong>Partenaires ou\/et Financeurs<\/strong> : <a href=\"http:\/\/www.imope.fr\/\" target=\"_blank\" rel=\"noopener\">URBS<\/a>, <a href=\"https:\/\/www.anrt.asso.fr\/fr\" target=\"_blank\" rel=\"noopener\">ANRT<\/a><\/p>\n<p><strong>Poster<\/strong><\/p>\n<p><a href=\"https:\/\/www.mines-stetienne.fr\/wp-content\/uploads\/2022\/01\/posterGROSSOUVRE.pdf\"><img loading=\"lazy\" decoding=\"async\" class=\"alignnone size-full wp-image-64595\" src=\"https:\/\/www.mines-stetienne.fr\/wp-content\/uploads\/2022\/01\/posterGROSSOUVRE.jpg\" alt=\"\" width=\"161\" height=\"223\"><\/a>&nbsp;<\/p>\n<p><strong>Objectifs de d\u00e9veloppement durable concern\u00e9s<\/strong><\/p>\n<p><img loading=\"lazy\" decoding=\"async\" class=\"alignnone wp-image-20269 size-full\" src=\"https:\/\/www.mines-stetienne.fr\/wp-content\/uploads\/2020\/11\/odd11.jpg\" alt=\"\" width=\"150\" height=\"150\"> <img loading=\"lazy\" decoding=\"async\" class=\"alignnone wp-image-20271 size-full\" src=\"https:\/\/www.mines-stetienne.fr\/wp-content\/uploads\/2020\/11\/odd12.jpg\" alt=\"\" width=\"150\" height=\"150\"> <img loading=\"lazy\" decoding=\"async\" class=\"alignnone wp-image-20389 size-thumbnail\" src=\"https:\/\/www.mines-stetienne.fr\/wp-content\/uploads\/2020\/11\/ODD-13-150x150.png\" alt=\"\" width=\"150\" height=\"150\"><\/p>\n","protected":false},"excerpt":{"rendered":"","protected":false},"author":1536,"featured_media":0,"parent":286,"menu_order":0,"comment_status":"closed","ping_status":"closed","template":"","meta":{"footnotes":""},"tags":[],"class_list":["post-325","page","type-page","status-publish","hentry"],"pp_statuses_selecting_workflow":false,"pp_workflow_action":"current","pp_status_selection":"publish","pp_force_visibility":null,"pp_subpost_visibility":null,"pp_inherited_force_visibility":null,"pp_inherited_subpost_visibility":null,"yoast_head":"<!-- This site is optimized with the Yoast SEO plugin v27.5 - https:\/\/yoast.com\/product\/yoast-seo-wordpress\/ -->\n<title>Th\u00e8se pr\u00e9par\u00e9e par Marc Grossouvre - Institut Henri Fayol<\/title>\n<meta name=\"robots\" content=\"index, follow, max-snippet:-1, max-image-preview:large, max-video-preview:-1\" \/>\n<link rel=\"canonical\" href=\"https:\/\/www.mines-stetienne.fr\/fayol\/theses\/these-preparee-par-marc-grossouvre\/\" \/>\n<meta property=\"og:locale\" content=\"fr_FR\" \/>\n<meta property=\"og:type\" content=\"article\" \/>\n<meta property=\"og:title\" content=\"Th\u00e8se pr\u00e9par\u00e9e par Marc Grossouvre - Institut Henri Fayol\" \/>\n<meta property=\"og:url\" content=\"https:\/\/www.mines-stetienne.fr\/fayol\/theses\/these-preparee-par-marc-grossouvre\/\" \/>\n<meta property=\"og:site_name\" content=\"Institut Henri Fayol\" \/>\n<meta property=\"article:publisher\" content=\"https:\/\/www.facebook.com\/MinesSaintEtienne\" \/>\n<meta property=\"article:modified_time\" content=\"2022-12-09T15:15:24+00:00\" \/>\n<meta property=\"og:image\" content=\"https:\/\/www.mines-stetienne.fr\/wp-content\/uploads\/2022\/01\/posterGROSSOUVRE.jpg\" \/>\n<meta name=\"twitter:card\" content=\"summary_large_image\" \/>\n<meta name=\"twitter:site\" content=\"@MINES_StEtienne\" \/>\n<meta name=\"twitter:label1\" content=\"Dur\u00e9e de lecture estim\u00e9e\" \/>\n\t<meta name=\"twitter:data1\" content=\"3 minutes\" \/>\n<script type=\"application\/ld+json\" class=\"yoast-schema-graph\">{\"@context\":\"https:\\\/\\\/schema.org\",\"@graph\":[{\"@type\":\"WebPage\",\"@id\":\"https:\\\/\\\/www.mines-stetienne.fr\\\/fayol\\\/theses\\\/these-preparee-par-marc-grossouvre\\\/\",\"url\":\"https:\\\/\\\/www.mines-stetienne.fr\\\/fayol\\\/theses\\\/these-preparee-par-marc-grossouvre\\\/\",\"name\":\"Th\u00e8se pr\u00e9par\u00e9e par Marc Grossouvre - Institut Henri Fayol\",\"isPartOf\":{\"@id\":\"https:\\\/\\\/www.mines-stetienne.fr\\\/fayol\\\/#website\"},\"primaryImageOfPage\":{\"@id\":\"https:\\\/\\\/www.mines-stetienne.fr\\\/fayol\\\/theses\\\/these-preparee-par-marc-grossouvre\\\/#primaryimage\"},\"image\":{\"@id\":\"https:\\\/\\\/www.mines-stetienne.fr\\\/fayol\\\/theses\\\/these-preparee-par-marc-grossouvre\\\/#primaryimage\"},\"thumbnailUrl\":\"https:\\\/\\\/www.mines-stetienne.fr\\\/wp-content\\\/uploads\\\/2022\\\/01\\\/posterGROSSOUVRE.jpg\",\"datePublished\":\"2022-12-09T15:15:23+00:00\",\"dateModified\":\"2022-12-09T15:15:24+00:00\",\"breadcrumb\":{\"@id\":\"https:\\\/\\\/www.mines-stetienne.fr\\\/fayol\\\/theses\\\/these-preparee-par-marc-grossouvre\\\/#breadcrumb\"},\"inLanguage\":\"fr-FR\",\"potentialAction\":[{\"@type\":\"ReadAction\",\"target\":[\"https:\\\/\\\/www.mines-stetienne.fr\\\/fayol\\\/theses\\\/these-preparee-par-marc-grossouvre\\\/\"]}]},{\"@type\":\"ImageObject\",\"inLanguage\":\"fr-FR\",\"@id\":\"https:\\\/\\\/www.mines-stetienne.fr\\\/fayol\\\/theses\\\/these-preparee-par-marc-grossouvre\\\/#primaryimage\",\"url\":\"https:\\\/\\\/www.mines-stetienne.fr\\\/wp-content\\\/uploads\\\/2022\\\/01\\\/posterGROSSOUVRE.jpg\",\"contentUrl\":\"https:\\\/\\\/www.mines-stetienne.fr\\\/wp-content\\\/uploads\\\/2022\\\/01\\\/posterGROSSOUVRE.jpg\"},{\"@type\":\"BreadcrumbList\",\"@id\":\"https:\\\/\\\/www.mines-stetienne.fr\\\/fayol\\\/theses\\\/these-preparee-par-marc-grossouvre\\\/#breadcrumb\",\"itemListElement\":[{\"@type\":\"ListItem\",\"position\":1,\"name\":\"Accueil\",\"item\":\"https:\\\/\\\/www.mines-stetienne.fr\\\/fayol\\\/\"},{\"@type\":\"ListItem\",\"position\":2,\"name\":\"Recherche\",\"item\":\"https:\\\/\\\/www.mines-stetienne.fr\\\/fayol\\\/theses\\\/\"},{\"@type\":\"ListItem\",\"position\":3,\"name\":\"Th\u00e8se pr\u00e9par\u00e9e par Marc Grossouvre\"}]},{\"@type\":\"WebSite\",\"@id\":\"https:\\\/\\\/www.mines-stetienne.fr\\\/fayol\\\/#website\",\"url\":\"https:\\\/\\\/www.mines-stetienne.fr\\\/fayol\\\/\",\"name\":\"Institut Henri Fayol\",\"description\":\"\",\"publisher\":{\"@id\":\"https:\\\/\\\/www.mines-stetienne.fr\\\/fayol\\\/#organization\"},\"potentialAction\":[{\"@type\":\"SearchAction\",\"target\":{\"@type\":\"EntryPoint\",\"urlTemplate\":\"https:\\\/\\\/www.mines-stetienne.fr\\\/fayol\\\/?s={search_term_string}\"},\"query-input\":{\"@type\":\"PropertyValueSpecification\",\"valueRequired\":true,\"valueName\":\"search_term_string\"}}],\"inLanguage\":\"fr-FR\"},{\"@type\":\"Organization\",\"@id\":\"https:\\\/\\\/www.mines-stetienne.fr\\\/fayol\\\/#organization\",\"name\":\"Institut Henri Fayol\",\"url\":\"https:\\\/\\\/www.mines-stetienne.fr\\\/fayol\\\/\",\"logo\":{\"@type\":\"ImageObject\",\"inLanguage\":\"fr-FR\",\"@id\":\"https:\\\/\\\/www.mines-stetienne.fr\\\/fayol\\\/#\\\/schema\\\/logo\\\/image\\\/\",\"url\":\"https:\\\/\\\/www.mines-stetienne.fr\\\/fayol\\\/wp-content\\\/uploads\\\/sites\\\/18\\\/2022\\\/09\\\/Mines_Saint_Etienne_IMT_RVB.png\",\"contentUrl\":\"https:\\\/\\\/www.mines-stetienne.fr\\\/fayol\\\/wp-content\\\/uploads\\\/sites\\\/18\\\/2022\\\/09\\\/Mines_Saint_Etienne_IMT_RVB.png\",\"width\":316,\"height\":315,\"caption\":\"Institut Henri Fayol\"},\"image\":{\"@id\":\"https:\\\/\\\/www.mines-stetienne.fr\\\/fayol\\\/#\\\/schema\\\/logo\\\/image\\\/\"},\"sameAs\":[\"https:\\\/\\\/www.facebook.com\\\/MinesSaintEtienne\",\"https:\\\/\\\/x.com\\\/MINES_StEtienne\",\"https:\\\/\\\/www.youtube.com\\\/channel\\\/UCVSdpdmJccvUngjJ2on1n3A\"]}]}<\/script>\n<!-- \/ Yoast SEO plugin. -->","yoast_head_json":{"title":"Th\u00e8se pr\u00e9par\u00e9e par Marc Grossouvre - Institut Henri Fayol","robots":{"index":"index","follow":"follow","max-snippet":"max-snippet:-1","max-image-preview":"max-image-preview:large","max-video-preview":"max-video-preview:-1"},"canonical":"https:\/\/www.mines-stetienne.fr\/fayol\/theses\/these-preparee-par-marc-grossouvre\/","og_locale":"fr_FR","og_type":"article","og_title":"Th\u00e8se pr\u00e9par\u00e9e par Marc Grossouvre - Institut Henri Fayol","og_url":"https:\/\/www.mines-stetienne.fr\/fayol\/theses\/these-preparee-par-marc-grossouvre\/","og_site_name":"Institut Henri Fayol","article_publisher":"https:\/\/www.facebook.com\/MinesSaintEtienne","article_modified_time":"2022-12-09T15:15:24+00:00","og_image":[{"url":"https:\/\/www.mines-stetienne.fr\/wp-content\/uploads\/2022\/01\/posterGROSSOUVRE.jpg","type":"","width":"","height":""}],"twitter_card":"summary_large_image","twitter_site":"@MINES_StEtienne","twitter_misc":{"Dur\u00e9e de lecture estim\u00e9e":"3 minutes"},"schema":{"@context":"https:\/\/schema.org","@graph":[{"@type":"WebPage","@id":"https:\/\/www.mines-stetienne.fr\/fayol\/theses\/these-preparee-par-marc-grossouvre\/","url":"https:\/\/www.mines-stetienne.fr\/fayol\/theses\/these-preparee-par-marc-grossouvre\/","name":"Th\u00e8se pr\u00e9par\u00e9e par Marc Grossouvre - Institut Henri Fayol","isPartOf":{"@id":"https:\/\/www.mines-stetienne.fr\/fayol\/#website"},"primaryImageOfPage":{"@id":"https:\/\/www.mines-stetienne.fr\/fayol\/theses\/these-preparee-par-marc-grossouvre\/#primaryimage"},"image":{"@id":"https:\/\/www.mines-stetienne.fr\/fayol\/theses\/these-preparee-par-marc-grossouvre\/#primaryimage"},"thumbnailUrl":"https:\/\/www.mines-stetienne.fr\/wp-content\/uploads\/2022\/01\/posterGROSSOUVRE.jpg","datePublished":"2022-12-09T15:15:23+00:00","dateModified":"2022-12-09T15:15:24+00:00","breadcrumb":{"@id":"https:\/\/www.mines-stetienne.fr\/fayol\/theses\/these-preparee-par-marc-grossouvre\/#breadcrumb"},"inLanguage":"fr-FR","potentialAction":[{"@type":"ReadAction","target":["https:\/\/www.mines-stetienne.fr\/fayol\/theses\/these-preparee-par-marc-grossouvre\/"]}]},{"@type":"ImageObject","inLanguage":"fr-FR","@id":"https:\/\/www.mines-stetienne.fr\/fayol\/theses\/these-preparee-par-marc-grossouvre\/#primaryimage","url":"https:\/\/www.mines-stetienne.fr\/wp-content\/uploads\/2022\/01\/posterGROSSOUVRE.jpg","contentUrl":"https:\/\/www.mines-stetienne.fr\/wp-content\/uploads\/2022\/01\/posterGROSSOUVRE.jpg"},{"@type":"BreadcrumbList","@id":"https:\/\/www.mines-stetienne.fr\/fayol\/theses\/these-preparee-par-marc-grossouvre\/#breadcrumb","itemListElement":[{"@type":"ListItem","position":1,"name":"Accueil","item":"https:\/\/www.mines-stetienne.fr\/fayol\/"},{"@type":"ListItem","position":2,"name":"Recherche","item":"https:\/\/www.mines-stetienne.fr\/fayol\/theses\/"},{"@type":"ListItem","position":3,"name":"Th\u00e8se pr\u00e9par\u00e9e par Marc Grossouvre"}]},{"@type":"WebSite","@id":"https:\/\/www.mines-stetienne.fr\/fayol\/#website","url":"https:\/\/www.mines-stetienne.fr\/fayol\/","name":"Institut Henri Fayol","description":"","publisher":{"@id":"https:\/\/www.mines-stetienne.fr\/fayol\/#organization"},"potentialAction":[{"@type":"SearchAction","target":{"@type":"EntryPoint","urlTemplate":"https:\/\/www.mines-stetienne.fr\/fayol\/?s={search_term_string}"},"query-input":{"@type":"PropertyValueSpecification","valueRequired":true,"valueName":"search_term_string"}}],"inLanguage":"fr-FR"},{"@type":"Organization","@id":"https:\/\/www.mines-stetienne.fr\/fayol\/#organization","name":"Institut Henri Fayol","url":"https:\/\/www.mines-stetienne.fr\/fayol\/","logo":{"@type":"ImageObject","inLanguage":"fr-FR","@id":"https:\/\/www.mines-stetienne.fr\/fayol\/#\/schema\/logo\/image\/","url":"https:\/\/www.mines-stetienne.fr\/fayol\/wp-content\/uploads\/sites\/18\/2022\/09\/Mines_Saint_Etienne_IMT_RVB.png","contentUrl":"https:\/\/www.mines-stetienne.fr\/fayol\/wp-content\/uploads\/sites\/18\/2022\/09\/Mines_Saint_Etienne_IMT_RVB.png","width":316,"height":315,"caption":"Institut Henri Fayol"},"image":{"@id":"https:\/\/www.mines-stetienne.fr\/fayol\/#\/schema\/logo\/image\/"},"sameAs":["https:\/\/www.facebook.com\/MinesSaintEtienne","https:\/\/x.com\/MINES_StEtienne","https:\/\/www.youtube.com\/channel\/UCVSdpdmJccvUngjJ2on1n3A"]}]}},"_links":{"self":[{"href":"https:\/\/www.mines-stetienne.fr\/fayol\/wp-json\/wp\/v2\/pages\/325","targetHints":{"allow":["GET"]}}],"collection":[{"href":"https:\/\/www.mines-stetienne.fr\/fayol\/wp-json\/wp\/v2\/pages"}],"about":[{"href":"https:\/\/www.mines-stetienne.fr\/fayol\/wp-json\/wp\/v2\/types\/page"}],"author":[{"embeddable":true,"href":"https:\/\/www.mines-stetienne.fr\/fayol\/wp-json\/wp\/v2\/users\/1536"}],"replies":[{"embeddable":true,"href":"https:\/\/www.mines-stetienne.fr\/fayol\/wp-json\/wp\/v2\/comments?post=325"}],"version-history":[{"count":1,"href":"https:\/\/www.mines-stetienne.fr\/fayol\/wp-json\/wp\/v2\/pages\/325\/revisions"}],"predecessor-version":[{"id":326,"href":"https:\/\/www.mines-stetienne.fr\/fayol\/wp-json\/wp\/v2\/pages\/325\/revisions\/326"}],"up":[{"embeddable":true,"href":"https:\/\/www.mines-stetienne.fr\/fayol\/wp-json\/wp\/v2\/pages\/286"}],"wp:attachment":[{"href":"https:\/\/www.mines-stetienne.fr\/fayol\/wp-json\/wp\/v2\/media?parent=325"}],"wp:term":[{"taxonomy":"post_tag","embeddable":true,"href":"https:\/\/www.mines-stetienne.fr\/fayol\/wp-json\/wp\/v2\/tags?post=325"}],"curies":[{"name":"wp","href":"https:\/\/api.w.org\/{rel}","templated":true}]}}