{"id":317,"date":"2022-12-09T15:31:54","date_gmt":"2022-12-09T14:31:54","guid":{"rendered":"https:\/\/www.mines-stetienne.fr\/fayol\/?page_id=317"},"modified":"2022-12-09T15:31:55","modified_gmt":"2022-12-09T14:31:55","slug":"these-preparee-par-jean-charles-croix","status":"publish","type":"page","link":"https:\/\/www.mines-stetienne.fr\/fayol\/theses\/these-preparee-par-jean-charles-croix\/","title":{"rendered":"Th\u00e8se pr\u00e9par\u00e9e par Jean-Charles CROIX"},"content":{"rendered":"\n<p class=\"has-text-align-center\"><a href=\"https:\/\/www.mines-stetienne.fr\/recherche\/departements\/departement-genie-mathematique-et-industriel\/\"><a href=\"https:\/\/www.mines-stetienne.fr\/fayol\/recherche\/genie-mathematique-et-industriel\/\">|D\u00e9partement G\u00e9nie math\u00e9matique et industriel |<\/a><br><a href=\"https:\/\/www.mines-stetienne.fr\/fayol\/recherche\/genie-mathematique-et-industriel\/projets\/\">| Projets<\/a><a href=\"https:\/\/www.mines-stetienne.fr\/recherche\/departements\/departement-genie-de-l-environnement-et-des-organisations\/partenaires\/\">\u00a0|\u00a0<\/a><em><a href=\"https:\/\/www.mines-stetienne.fr\/fayol\/recherche\/genie-mathematique-et-industriel\/equipe\/\">\u00c9quipe<\/a><\/em>\u00a0|\u00a0<a href=\"https:\/\/www.mines-stetienne.fr\/fayol\/recherche\/genie-mathematique-et-industriel\/publications\/\">Publications<\/a><a href=\"https:\/\/www.mines-stetienne.fr\/fayol\/recherche\/genie-mathematique-et-industriel\/partenaires\/\">\u00a0|\u00a0Partenaires |<\/a><\/a><\/p>\n\n\n\n<p><strong>Titre :&nbsp;<\/strong>A new decomposition of Gaussian random elements in Banach spaces with application to Bayesian inversion<\/p>\n\n\n\n<p><strong>R\u00e9sum\u00e9 :&nbsp;<\/strong><\/p>\n\n\n\n<p>L\u2019inf\u00e9rence est une activit\u00e9 fondamentale en sciences et en ing\u00e9nierie: elle permet de confronter et d\u2019ajuster des mod\u00e8les th\u00e9oriques aux donn\u00e9es issues de l\u2019exp\u00e9rience. Ces mesures \u00e9tant finies par nature et les param\u00e8tres des mod\u00e8les souvent fonctionnels, il est n\u00e9cessaire de compenser cette perte d\u2019information par l\u2019ajout de contraintes externes au probl\u00e8me, via les m\u00e9thodes de r\u00e9gularisation. La solution ainsi associ\u00e9e satisfait alors un compromis entre d\u2019une part sa proximit\u00e9 aux donn\u00e9es, et d\u2019autre part une forme de r\u00e9gularit\u00e9.<\/p>\n\n\n\n<p>Depuis une quinzaine d\u2019ann\u00e9es, ces m\u00e9thodes int\u00e8grent un formalisme probabiliste, ce qui permet la prise en compte d\u2019incertitudes. La r\u00e9gularisation consiste alors \u00e0 choisir une mesure de probabilit\u00e9 sur les param\u00e8tres du mod\u00e8le, expliciter le lien entre donn\u00e9es et param\u00e8tres et d\u00e9duire une mise-\u00e0-jour de la mesure initiale. Cette probabilit\u00e9 a posteriori, permet alors de d\u00e9terminer un ensemble de param\u00e8tres compatibles avec les donn\u00e9es tout en pr\u00e9cisant leurs vraisemblances respectives, m\u00eame en dimension infinie.<\/p>\n\n\n\n<p>Dans le cadre de cette th\u00e8se, la question de l\u2019approximation de tels probl\u00e8mes est abord\u00e9e. En effet, l\u2019utilisation de lois infini-dimensionnelles, bien que th\u00e9oriquement attrayante, n\u00e9cessite souvent une discr\u00e9tisation pour l\u2019extraction d\u2019information (calcul d\u2019estimateurs, \u00e9chantillonnage). Lorsque la mesure a priori est Gaussienne, la d&rsquo;ecomposition de Karhunen-Lo\u00e8ve est une r\u00e9ponse \u00e0 cette question. Le r\u00e9sultat principal de cette th\u00e8se est sa g \u0301en \u0301eralisation aux espaces de Banach, beaucoup plus naturels et moins restrictifs que les espaces de Hilbert. Les autres travaux d\u00e9velopp\u00e9s concernent son utilisation dans des applications avec donn\u00e9es r\u00e9elles.<\/p>\n\n\n\n<p><strong>Financeur :<\/strong><\/p>\n\n\n\n<p><strong>Soutenance pr\u00e9vue :<\/strong> Octobre 2018<\/p>\n\n\n\n<p><strong>Mots cl\u00e9s :<\/strong><\/p>\n\n\n\n<p><strong>Directeurs de th\u00e8se :<\/strong><\/p>\n\n\n\n<p><strong>Co-encadrement&nbsp;:<\/strong><\/p>\n\n\n\n<p class=\"has-text-align-center\"><a href=\"https:\/\/www.mines-stetienne.fr\/recherche\/departements\/departement-genie-mathematique-et-industriel\/\"><a href=\"https:\/\/www.mines-stetienne.fr\/fayol\/recherche\/genie-mathematique-et-industriel\/\">|D\u00e9partement G\u00e9nie math\u00e9matique et industriel |<\/a><br><a href=\"https:\/\/www.mines-stetienne.fr\/fayol\/recherche\/genie-mathematique-et-industriel\/projets\/\">| Projets<\/a><a href=\"https:\/\/www.mines-stetienne.fr\/recherche\/departements\/departement-genie-de-l-environnement-et-des-organisations\/partenaires\/\">\u00a0|\u00a0<\/a><em><a href=\"https:\/\/www.mines-stetienne.fr\/fayol\/recherche\/genie-mathematique-et-industriel\/equipe\/\">\u00c9quipe<\/a><\/em>\u00a0|\u00a0<a href=\"https:\/\/www.mines-stetienne.fr\/fayol\/recherche\/genie-mathematique-et-industriel\/publications\/\">Publications<\/a><a href=\"https:\/\/www.mines-stetienne.fr\/fayol\/recherche\/genie-mathematique-et-industriel\/partenaires\/\">\u00a0|\u00a0Partenaires |<\/a><\/a><\/p>\n\n\n\n<p><\/p>\n","protected":false},"excerpt":{"rendered":"<p>|D\u00e9partement G\u00e9nie math\u00e9matique et industriel || Projets\u00a0|\u00a0\u00c9quipe\u00a0|\u00a0Publications\u00a0|\u00a0Partenaires | Titre :&nbsp;A new decomposition of Gaussian random elements in Banach spaces with application to Bayesian inversion R\u00e9sum\u00e9 :&nbsp; L\u2019inf\u00e9rence est une activit\u00e9 fondamentale en sciences et en ing\u00e9nierie: elle permet de confronter &hellip;<\/p>\n","protected":false},"author":1536,"featured_media":0,"parent":286,"menu_order":0,"comment_status":"closed","ping_status":"closed","template":"","meta":{"footnotes":""},"tags":[],"class_list":["post-317","page","type-page","status-publish","hentry"],"pp_statuses_selecting_workflow":false,"pp_workflow_action":"current","pp_status_selection":"publish","pp_force_visibility":null,"pp_subpost_visibility":null,"pp_inherited_force_visibility":null,"pp_inherited_subpost_visibility":null,"yoast_head":"<!-- This site is optimized with the Yoast SEO plugin v27.5 - https:\/\/yoast.com\/product\/yoast-seo-wordpress\/ -->\n<title>Th\u00e8se pr\u00e9par\u00e9e par Jean-Charles CROIX - Institut Henri Fayol<\/title>\n<meta name=\"robots\" content=\"index, follow, max-snippet:-1, max-image-preview:large, max-video-preview:-1\" \/>\n<link rel=\"canonical\" href=\"https:\/\/www.mines-stetienne.fr\/fayol\/theses\/these-preparee-par-jean-charles-croix\/\" \/>\n<meta property=\"og:locale\" content=\"fr_FR\" \/>\n<meta property=\"og:type\" content=\"article\" \/>\n<meta property=\"og:title\" content=\"Th\u00e8se pr\u00e9par\u00e9e par Jean-Charles CROIX - Institut Henri Fayol\" \/>\n<meta property=\"og:description\" content=\"|D\u00e9partement G\u00e9nie math\u00e9matique et industriel || Projets\u00a0|\u00a0\u00c9quipe\u00a0|\u00a0Publications\u00a0|\u00a0Partenaires | Titre :&nbsp;A new decomposition of Gaussian random elements in Banach spaces with application to Bayesian inversion R\u00e9sum\u00e9 :&nbsp; L\u2019inf\u00e9rence est une activit\u00e9 fondamentale en sciences et en ing\u00e9nierie: elle permet de confronter &hellip;\" \/>\n<meta property=\"og:url\" content=\"https:\/\/www.mines-stetienne.fr\/fayol\/theses\/these-preparee-par-jean-charles-croix\/\" \/>\n<meta property=\"og:site_name\" content=\"Institut Henri Fayol\" \/>\n<meta property=\"article:publisher\" content=\"https:\/\/www.facebook.com\/MinesSaintEtienne\" \/>\n<meta property=\"article:modified_time\" content=\"2022-12-09T14:31:55+00:00\" \/>\n<meta name=\"twitter:card\" content=\"summary_large_image\" \/>\n<meta name=\"twitter:site\" content=\"@MINES_StEtienne\" \/>\n<meta name=\"twitter:label1\" content=\"Dur\u00e9e de lecture estim\u00e9e\" \/>\n\t<meta name=\"twitter:data1\" content=\"2 minutes\" \/>\n<script type=\"application\/ld+json\" class=\"yoast-schema-graph\">{\"@context\":\"https:\\\/\\\/schema.org\",\"@graph\":[{\"@type\":\"WebPage\",\"@id\":\"https:\\\/\\\/www.mines-stetienne.fr\\\/fayol\\\/theses\\\/these-preparee-par-jean-charles-croix\\\/\",\"url\":\"https:\\\/\\\/www.mines-stetienne.fr\\\/fayol\\\/theses\\\/these-preparee-par-jean-charles-croix\\\/\",\"name\":\"Th\u00e8se pr\u00e9par\u00e9e par Jean-Charles CROIX - Institut Henri Fayol\",\"isPartOf\":{\"@id\":\"https:\\\/\\\/www.mines-stetienne.fr\\\/fayol\\\/#website\"},\"datePublished\":\"2022-12-09T14:31:54+00:00\",\"dateModified\":\"2022-12-09T14:31:55+00:00\",\"breadcrumb\":{\"@id\":\"https:\\\/\\\/www.mines-stetienne.fr\\\/fayol\\\/theses\\\/these-preparee-par-jean-charles-croix\\\/#breadcrumb\"},\"inLanguage\":\"fr-FR\",\"potentialAction\":[{\"@type\":\"ReadAction\",\"target\":[\"https:\\\/\\\/www.mines-stetienne.fr\\\/fayol\\\/theses\\\/these-preparee-par-jean-charles-croix\\\/\"]}]},{\"@type\":\"BreadcrumbList\",\"@id\":\"https:\\\/\\\/www.mines-stetienne.fr\\\/fayol\\\/theses\\\/these-preparee-par-jean-charles-croix\\\/#breadcrumb\",\"itemListElement\":[{\"@type\":\"ListItem\",\"position\":1,\"name\":\"Accueil\",\"item\":\"https:\\\/\\\/www.mines-stetienne.fr\\\/fayol\\\/\"},{\"@type\":\"ListItem\",\"position\":2,\"name\":\"Recherche\",\"item\":\"https:\\\/\\\/www.mines-stetienne.fr\\\/fayol\\\/theses\\\/\"},{\"@type\":\"ListItem\",\"position\":3,\"name\":\"Th\u00e8se pr\u00e9par\u00e9e par Jean-Charles CROIX\"}]},{\"@type\":\"WebSite\",\"@id\":\"https:\\\/\\\/www.mines-stetienne.fr\\\/fayol\\\/#website\",\"url\":\"https:\\\/\\\/www.mines-stetienne.fr\\\/fayol\\\/\",\"name\":\"Institut Henri Fayol\",\"description\":\"\",\"publisher\":{\"@id\":\"https:\\\/\\\/www.mines-stetienne.fr\\\/fayol\\\/#organization\"},\"potentialAction\":[{\"@type\":\"SearchAction\",\"target\":{\"@type\":\"EntryPoint\",\"urlTemplate\":\"https:\\\/\\\/www.mines-stetienne.fr\\\/fayol\\\/?s={search_term_string}\"},\"query-input\":{\"@type\":\"PropertyValueSpecification\",\"valueRequired\":true,\"valueName\":\"search_term_string\"}}],\"inLanguage\":\"fr-FR\"},{\"@type\":\"Organization\",\"@id\":\"https:\\\/\\\/www.mines-stetienne.fr\\\/fayol\\\/#organization\",\"name\":\"Institut Henri Fayol\",\"url\":\"https:\\\/\\\/www.mines-stetienne.fr\\\/fayol\\\/\",\"logo\":{\"@type\":\"ImageObject\",\"inLanguage\":\"fr-FR\",\"@id\":\"https:\\\/\\\/www.mines-stetienne.fr\\\/fayol\\\/#\\\/schema\\\/logo\\\/image\\\/\",\"url\":\"https:\\\/\\\/www.mines-stetienne.fr\\\/fayol\\\/wp-content\\\/uploads\\\/sites\\\/18\\\/2022\\\/09\\\/Mines_Saint_Etienne_IMT_RVB.png\",\"contentUrl\":\"https:\\\/\\\/www.mines-stetienne.fr\\\/fayol\\\/wp-content\\\/uploads\\\/sites\\\/18\\\/2022\\\/09\\\/Mines_Saint_Etienne_IMT_RVB.png\",\"width\":316,\"height\":315,\"caption\":\"Institut Henri Fayol\"},\"image\":{\"@id\":\"https:\\\/\\\/www.mines-stetienne.fr\\\/fayol\\\/#\\\/schema\\\/logo\\\/image\\\/\"},\"sameAs\":[\"https:\\\/\\\/www.facebook.com\\\/MinesSaintEtienne\",\"https:\\\/\\\/x.com\\\/MINES_StEtienne\",\"https:\\\/\\\/www.youtube.com\\\/channel\\\/UCVSdpdmJccvUngjJ2on1n3A\"]}]}<\/script>\n<!-- \/ Yoast SEO plugin. -->","yoast_head_json":{"title":"Th\u00e8se pr\u00e9par\u00e9e par Jean-Charles CROIX - Institut Henri Fayol","robots":{"index":"index","follow":"follow","max-snippet":"max-snippet:-1","max-image-preview":"max-image-preview:large","max-video-preview":"max-video-preview:-1"},"canonical":"https:\/\/www.mines-stetienne.fr\/fayol\/theses\/these-preparee-par-jean-charles-croix\/","og_locale":"fr_FR","og_type":"article","og_title":"Th\u00e8se pr\u00e9par\u00e9e par Jean-Charles CROIX - Institut Henri Fayol","og_description":"|D\u00e9partement G\u00e9nie math\u00e9matique et industriel || Projets\u00a0|\u00a0\u00c9quipe\u00a0|\u00a0Publications\u00a0|\u00a0Partenaires | Titre :&nbsp;A new decomposition of Gaussian random elements in Banach spaces with application to Bayesian inversion R\u00e9sum\u00e9 :&nbsp; L\u2019inf\u00e9rence est une activit\u00e9 fondamentale en sciences et en ing\u00e9nierie: elle permet de confronter &hellip;","og_url":"https:\/\/www.mines-stetienne.fr\/fayol\/theses\/these-preparee-par-jean-charles-croix\/","og_site_name":"Institut Henri Fayol","article_publisher":"https:\/\/www.facebook.com\/MinesSaintEtienne","article_modified_time":"2022-12-09T14:31:55+00:00","twitter_card":"summary_large_image","twitter_site":"@MINES_StEtienne","twitter_misc":{"Dur\u00e9e de lecture estim\u00e9e":"2 minutes"},"schema":{"@context":"https:\/\/schema.org","@graph":[{"@type":"WebPage","@id":"https:\/\/www.mines-stetienne.fr\/fayol\/theses\/these-preparee-par-jean-charles-croix\/","url":"https:\/\/www.mines-stetienne.fr\/fayol\/theses\/these-preparee-par-jean-charles-croix\/","name":"Th\u00e8se pr\u00e9par\u00e9e par Jean-Charles CROIX - Institut Henri Fayol","isPartOf":{"@id":"https:\/\/www.mines-stetienne.fr\/fayol\/#website"},"datePublished":"2022-12-09T14:31:54+00:00","dateModified":"2022-12-09T14:31:55+00:00","breadcrumb":{"@id":"https:\/\/www.mines-stetienne.fr\/fayol\/theses\/these-preparee-par-jean-charles-croix\/#breadcrumb"},"inLanguage":"fr-FR","potentialAction":[{"@type":"ReadAction","target":["https:\/\/www.mines-stetienne.fr\/fayol\/theses\/these-preparee-par-jean-charles-croix\/"]}]},{"@type":"BreadcrumbList","@id":"https:\/\/www.mines-stetienne.fr\/fayol\/theses\/these-preparee-par-jean-charles-croix\/#breadcrumb","itemListElement":[{"@type":"ListItem","position":1,"name":"Accueil","item":"https:\/\/www.mines-stetienne.fr\/fayol\/"},{"@type":"ListItem","position":2,"name":"Recherche","item":"https:\/\/www.mines-stetienne.fr\/fayol\/theses\/"},{"@type":"ListItem","position":3,"name":"Th\u00e8se pr\u00e9par\u00e9e par Jean-Charles CROIX"}]},{"@type":"WebSite","@id":"https:\/\/www.mines-stetienne.fr\/fayol\/#website","url":"https:\/\/www.mines-stetienne.fr\/fayol\/","name":"Institut Henri Fayol","description":"","publisher":{"@id":"https:\/\/www.mines-stetienne.fr\/fayol\/#organization"},"potentialAction":[{"@type":"SearchAction","target":{"@type":"EntryPoint","urlTemplate":"https:\/\/www.mines-stetienne.fr\/fayol\/?s={search_term_string}"},"query-input":{"@type":"PropertyValueSpecification","valueRequired":true,"valueName":"search_term_string"}}],"inLanguage":"fr-FR"},{"@type":"Organization","@id":"https:\/\/www.mines-stetienne.fr\/fayol\/#organization","name":"Institut Henri Fayol","url":"https:\/\/www.mines-stetienne.fr\/fayol\/","logo":{"@type":"ImageObject","inLanguage":"fr-FR","@id":"https:\/\/www.mines-stetienne.fr\/fayol\/#\/schema\/logo\/image\/","url":"https:\/\/www.mines-stetienne.fr\/fayol\/wp-content\/uploads\/sites\/18\/2022\/09\/Mines_Saint_Etienne_IMT_RVB.png","contentUrl":"https:\/\/www.mines-stetienne.fr\/fayol\/wp-content\/uploads\/sites\/18\/2022\/09\/Mines_Saint_Etienne_IMT_RVB.png","width":316,"height":315,"caption":"Institut Henri Fayol"},"image":{"@id":"https:\/\/www.mines-stetienne.fr\/fayol\/#\/schema\/logo\/image\/"},"sameAs":["https:\/\/www.facebook.com\/MinesSaintEtienne","https:\/\/x.com\/MINES_StEtienne","https:\/\/www.youtube.com\/channel\/UCVSdpdmJccvUngjJ2on1n3A"]}]}},"_links":{"self":[{"href":"https:\/\/www.mines-stetienne.fr\/fayol\/wp-json\/wp\/v2\/pages\/317","targetHints":{"allow":["GET"]}}],"collection":[{"href":"https:\/\/www.mines-stetienne.fr\/fayol\/wp-json\/wp\/v2\/pages"}],"about":[{"href":"https:\/\/www.mines-stetienne.fr\/fayol\/wp-json\/wp\/v2\/types\/page"}],"author":[{"embeddable":true,"href":"https:\/\/www.mines-stetienne.fr\/fayol\/wp-json\/wp\/v2\/users\/1536"}],"replies":[{"embeddable":true,"href":"https:\/\/www.mines-stetienne.fr\/fayol\/wp-json\/wp\/v2\/comments?post=317"}],"version-history":[{"count":1,"href":"https:\/\/www.mines-stetienne.fr\/fayol\/wp-json\/wp\/v2\/pages\/317\/revisions"}],"predecessor-version":[{"id":318,"href":"https:\/\/www.mines-stetienne.fr\/fayol\/wp-json\/wp\/v2\/pages\/317\/revisions\/318"}],"up":[{"embeddable":true,"href":"https:\/\/www.mines-stetienne.fr\/fayol\/wp-json\/wp\/v2\/pages\/286"}],"wp:attachment":[{"href":"https:\/\/www.mines-stetienne.fr\/fayol\/wp-json\/wp\/v2\/media?parent=317"}],"wp:term":[{"taxonomy":"post_tag","embeddable":true,"href":"https:\/\/www.mines-stetienne.fr\/fayol\/wp-json\/wp\/v2\/tags?post=317"}],"curies":[{"name":"wp","href":"https:\/\/api.w.org\/{rel}","templated":true}]}}