{"id":315,"date":"2022-12-09T15:16:25","date_gmt":"2022-12-09T14:16:25","guid":{"rendered":"https:\/\/www.mines-stetienne.fr\/fayol\/?page_id=315"},"modified":"2022-12-09T15:16:27","modified_gmt":"2022-12-09T14:16:27","slug":"these-preparee-par-iago-felipe-trentin","status":"publish","type":"page","link":"https:\/\/www.mines-stetienne.fr\/fayol\/theses\/these-preparee-par-iago-felipe-trentin\/","title":{"rendered":"Th\u00e8se pr\u00e9par\u00e9e par Iago Felipe Trentin"},"content":{"rendered":"\n<p><strong>Titre : Adaptation d&rsquo;Environnements Intelligents Centr\u00e9e sur l&rsquo;Humain : une Approche de Raisonnement Multi-agents et Bas\u00e9e sur les Valeurs<\/strong><\/p>\n<p><strong>Title : Human-centered Adaptation of Smart Environments: a Multi-agent and Value-based Reasoning Approach<\/strong><\/p>\n<p><strong>Beginning of thesis&nbsp;:<\/strong> 2018<br><strong>End of thesis&nbsp;:<\/strong> 2021<\/p>\n<p><strong>R\u00e9sum\u00e9 : <\/strong>Les espaces sociaux \u00e9quip\u00e9s d&rsquo;appareils de l&rsquo;Internet des Objets (IdO) sont plus courants. Ces environnements intelligents sont possibles gr\u00e2ce \u00e0 l&rsquo;Intelligence Artificielle (IA), et leur objectif est de rendre la vie des habitants plus confortable. Ainsi, les humains sont un aspect central des environnements intelligents.<br>La motivation premi\u00e8re de notre travail est de contribuer \u00e0 la r\u00e9alisation d&rsquo;une adaptation plus centr\u00e9e sur l&rsquo;humain dans les environnements intelligents. Nous d\u00e9finissons une telle adaptation comme une approche pour concevoir un syst\u00e8me intelligent dont l&rsquo;adaptabilit\u00e9 consid\u00e8re des aspects de la subjectivit\u00e9 humaine.<br>Le domaine des Syst\u00e8mes Multi-Agents (SMA) est une approche prometteuse pour relever les d\u00e9fis de l&rsquo;adaptabilit\u00e9 des syst\u00e8mes, tels que l&rsquo;h\u00e9t\u00e9rog\u00e9n\u00e9it\u00e9 et la d\u00e9centralisation, le besoin de collaboration entre les services, et la capacit\u00e9 de planifier. Dans la litt\u00e9rature, les architectures d&rsquo;agents courantes ont des raisonnements centr\u00e9s sur des aspects techniques, tels que les buts, plans et actions, ne pr\u00e9sentant pas les aspects de subjectivit\u00e9 humaine.<br>En explorant ces limitations, nous identifions la Th\u00e9orie des Valeurs Humaines Fondamentales. Elle a le potentiel d&rsquo;am\u00e9liorer l&rsquo;adaptation des mod\u00e8les de raisonnement actuels, \u00e9tant donn\u00e9 qu&rsquo;elle se base sur les principes directeurs des personnes (les valeurs humaines). Par cons\u00e9quent, notre recherche se concentre sur la proposition d&rsquo;une nouvelle approche, le SMASH, qui mod\u00e9lise un composant de raisonnement, une architecture d&rsquo;agent, et un MAS. Une telle application a le potentiel d&rsquo;atteindre un nouveau niveau d&rsquo;adaptation collaborative centr\u00e9e sur l&rsquo;humain dans les environnements intelligents.<strong><br><\/strong><\/p>\n<p><strong>Abstract :<\/strong>Social spaces equipped with intelligent IoT (Internet of Things) devices are more common. These smart environments are made possible thanks to AI (Artificial Intelligence), and their goal is to make the lives of inhabitants more comfortable, improving the quality of life. Therefore, humans are a central aspect of smart environments.<br>The prime motivation of our work is to help bringing into fruition a more human-centered adaptation on smart environments. We define such adaptation as an approach to engineer an intelligent system, whose adaptability takes into account aspects of human subjectivity.<br>The AI domain of Multi-Agent Systems (MAS) is a promising approach to tackle the challenges in the adaptiveness of systems, such as the heterogeneity and decentralization in IoT, the need for collaboration among services, and the ability to plan for new situations. In the literature, common agent architectures have reasonings centered on technical aspects, such as goals, plans and actions, not presenting human subjectivity aspects as first-class citizens.<br>Exploring such limitations, we identified the Theory of Basic Human Values. It has the potential to enhance the adaptation on current reasoning models, since it is based on the guiding principles of people (the human values), related to their motivations and expectations. Therefore, our research focus on the proposition of a novel approach, the SMASH, in which we model a human values reasoning component, an agent architecture that uses such component, and a MAS incorporating this agent architecture. Such application has the potential to achieve a new level of collaborative human-centered adaptation in smart environments.<\/p>\n<p><strong>Mots cl\u00e9s&nbsp;:<\/strong> agents intelligents, adaptation, environnements intelligents, intelligence artificielle, internet des objets, maison intelligente, syst\u00e8mes multi-agents, valeurs humaines.<\/p>\n<p><strong>Keywords<\/strong> : adaptation, artificial intelligence, human values, intelligent agents, internet of things, multi-agent systems, smart environments, smart home.<\/p>\n<p><strong data-rich-text-format-boundary=\"true\">Date de Soutenance pr\u00e9vue : <\/strong> dernier trimestre de 2021<\/p>\n<p><strong>Encadrement :<\/strong><\/p>\n<ul>\n<li><a href=\"m&#97;&#x69;&#x6c;t&#111;&#x3a;&#x4f;l&#105;&#118;&#x69;&#x65;r&#46;&#x42;&#x6f;i&#115;&#x73;&#x69;e&#114;&#64;&#x65;&#x6d;s&#101;&#x2e;&#x66;r\">Olivier Boissier<\/a>, Professeur, Mines Saint\u2010Etienne, LIMOS<\/li>\n<li>Fano Ramparany, Orange SA<\/li>\n<\/ul>\n<p><strong>Partners or\/and funders<\/strong> : &#8212;<\/p>\n","protected":false},"excerpt":{"rendered":"","protected":false},"author":1536,"featured_media":0,"parent":286,"menu_order":0,"comment_status":"closed","ping_status":"closed","template":"","meta":{"footnotes":""},"tags":[],"class_list":["post-315","page","type-page","status-publish","hentry"],"pp_statuses_selecting_workflow":false,"pp_workflow_action":"current","pp_status_selection":"publish","pp_force_visibility":null,"pp_subpost_visibility":null,"pp_inherited_force_visibility":null,"pp_inherited_subpost_visibility":null,"yoast_head":"<!-- This site is optimized with the Yoast SEO plugin v27.5 - https:\/\/yoast.com\/product\/yoast-seo-wordpress\/ -->\n<title>Th\u00e8se pr\u00e9par\u00e9e par Iago Felipe Trentin - Institut Henri Fayol<\/title>\n<meta name=\"robots\" content=\"index, follow, max-snippet:-1, max-image-preview:large, max-video-preview:-1\" \/>\n<link rel=\"canonical\" href=\"https:\/\/www.mines-stetienne.fr\/fayol\/theses\/these-preparee-par-iago-felipe-trentin\/\" \/>\n<meta property=\"og:locale\" content=\"fr_FR\" \/>\n<meta property=\"og:type\" content=\"article\" \/>\n<meta property=\"og:title\" content=\"Th\u00e8se pr\u00e9par\u00e9e par Iago Felipe Trentin - Institut Henri Fayol\" \/>\n<meta property=\"og:url\" content=\"https:\/\/www.mines-stetienne.fr\/fayol\/theses\/these-preparee-par-iago-felipe-trentin\/\" \/>\n<meta property=\"og:site_name\" content=\"Institut Henri Fayol\" \/>\n<meta property=\"article:publisher\" content=\"https:\/\/www.facebook.com\/MinesSaintEtienne\" \/>\n<meta property=\"article:modified_time\" content=\"2022-12-09T14:16:27+00:00\" \/>\n<meta name=\"twitter:card\" content=\"summary_large_image\" \/>\n<meta name=\"twitter:site\" content=\"@MINES_StEtienne\" \/>\n<meta name=\"twitter:label1\" content=\"Dur\u00e9e de lecture estim\u00e9e\" \/>\n\t<meta name=\"twitter:data1\" content=\"4 minutes\" \/>\n<script type=\"application\/ld+json\" class=\"yoast-schema-graph\">{\"@context\":\"https:\\\/\\\/schema.org\",\"@graph\":[{\"@type\":\"WebPage\",\"@id\":\"https:\\\/\\\/www.mines-stetienne.fr\\\/fayol\\\/theses\\\/these-preparee-par-iago-felipe-trentin\\\/\",\"url\":\"https:\\\/\\\/www.mines-stetienne.fr\\\/fayol\\\/theses\\\/these-preparee-par-iago-felipe-trentin\\\/\",\"name\":\"Th\u00e8se pr\u00e9par\u00e9e par Iago Felipe Trentin - Institut Henri Fayol\",\"isPartOf\":{\"@id\":\"https:\\\/\\\/www.mines-stetienne.fr\\\/fayol\\\/#website\"},\"datePublished\":\"2022-12-09T14:16:25+00:00\",\"dateModified\":\"2022-12-09T14:16:27+00:00\",\"breadcrumb\":{\"@id\":\"https:\\\/\\\/www.mines-stetienne.fr\\\/fayol\\\/theses\\\/these-preparee-par-iago-felipe-trentin\\\/#breadcrumb\"},\"inLanguage\":\"fr-FR\",\"potentialAction\":[{\"@type\":\"ReadAction\",\"target\":[\"https:\\\/\\\/www.mines-stetienne.fr\\\/fayol\\\/theses\\\/these-preparee-par-iago-felipe-trentin\\\/\"]}]},{\"@type\":\"BreadcrumbList\",\"@id\":\"https:\\\/\\\/www.mines-stetienne.fr\\\/fayol\\\/theses\\\/these-preparee-par-iago-felipe-trentin\\\/#breadcrumb\",\"itemListElement\":[{\"@type\":\"ListItem\",\"position\":1,\"name\":\"Accueil\",\"item\":\"https:\\\/\\\/www.mines-stetienne.fr\\\/fayol\\\/\"},{\"@type\":\"ListItem\",\"position\":2,\"name\":\"Recherche\",\"item\":\"https:\\\/\\\/www.mines-stetienne.fr\\\/fayol\\\/theses\\\/\"},{\"@type\":\"ListItem\",\"position\":3,\"name\":\"Th\u00e8se pr\u00e9par\u00e9e par Iago Felipe Trentin\"}]},{\"@type\":\"WebSite\",\"@id\":\"https:\\\/\\\/www.mines-stetienne.fr\\\/fayol\\\/#website\",\"url\":\"https:\\\/\\\/www.mines-stetienne.fr\\\/fayol\\\/\",\"name\":\"Institut Henri Fayol\",\"description\":\"\",\"publisher\":{\"@id\":\"https:\\\/\\\/www.mines-stetienne.fr\\\/fayol\\\/#organization\"},\"potentialAction\":[{\"@type\":\"SearchAction\",\"target\":{\"@type\":\"EntryPoint\",\"urlTemplate\":\"https:\\\/\\\/www.mines-stetienne.fr\\\/fayol\\\/?s={search_term_string}\"},\"query-input\":{\"@type\":\"PropertyValueSpecification\",\"valueRequired\":true,\"valueName\":\"search_term_string\"}}],\"inLanguage\":\"fr-FR\"},{\"@type\":\"Organization\",\"@id\":\"https:\\\/\\\/www.mines-stetienne.fr\\\/fayol\\\/#organization\",\"name\":\"Institut Henri Fayol\",\"url\":\"https:\\\/\\\/www.mines-stetienne.fr\\\/fayol\\\/\",\"logo\":{\"@type\":\"ImageObject\",\"inLanguage\":\"fr-FR\",\"@id\":\"https:\\\/\\\/www.mines-stetienne.fr\\\/fayol\\\/#\\\/schema\\\/logo\\\/image\\\/\",\"url\":\"https:\\\/\\\/www.mines-stetienne.fr\\\/fayol\\\/wp-content\\\/uploads\\\/sites\\\/18\\\/2022\\\/09\\\/Mines_Saint_Etienne_IMT_RVB.png\",\"contentUrl\":\"https:\\\/\\\/www.mines-stetienne.fr\\\/fayol\\\/wp-content\\\/uploads\\\/sites\\\/18\\\/2022\\\/09\\\/Mines_Saint_Etienne_IMT_RVB.png\",\"width\":316,\"height\":315,\"caption\":\"Institut Henri Fayol\"},\"image\":{\"@id\":\"https:\\\/\\\/www.mines-stetienne.fr\\\/fayol\\\/#\\\/schema\\\/logo\\\/image\\\/\"},\"sameAs\":[\"https:\\\/\\\/www.facebook.com\\\/MinesSaintEtienne\",\"https:\\\/\\\/x.com\\\/MINES_StEtienne\",\"https:\\\/\\\/www.youtube.com\\\/channel\\\/UCVSdpdmJccvUngjJ2on1n3A\"]}]}<\/script>\n<!-- \/ Yoast SEO plugin. -->","yoast_head_json":{"title":"Th\u00e8se pr\u00e9par\u00e9e par Iago Felipe Trentin - Institut Henri Fayol","robots":{"index":"index","follow":"follow","max-snippet":"max-snippet:-1","max-image-preview":"max-image-preview:large","max-video-preview":"max-video-preview:-1"},"canonical":"https:\/\/www.mines-stetienne.fr\/fayol\/theses\/these-preparee-par-iago-felipe-trentin\/","og_locale":"fr_FR","og_type":"article","og_title":"Th\u00e8se pr\u00e9par\u00e9e par Iago Felipe Trentin - Institut Henri Fayol","og_url":"https:\/\/www.mines-stetienne.fr\/fayol\/theses\/these-preparee-par-iago-felipe-trentin\/","og_site_name":"Institut Henri Fayol","article_publisher":"https:\/\/www.facebook.com\/MinesSaintEtienne","article_modified_time":"2022-12-09T14:16:27+00:00","twitter_card":"summary_large_image","twitter_site":"@MINES_StEtienne","twitter_misc":{"Dur\u00e9e de lecture estim\u00e9e":"4 minutes"},"schema":{"@context":"https:\/\/schema.org","@graph":[{"@type":"WebPage","@id":"https:\/\/www.mines-stetienne.fr\/fayol\/theses\/these-preparee-par-iago-felipe-trentin\/","url":"https:\/\/www.mines-stetienne.fr\/fayol\/theses\/these-preparee-par-iago-felipe-trentin\/","name":"Th\u00e8se pr\u00e9par\u00e9e par Iago Felipe Trentin - Institut Henri Fayol","isPartOf":{"@id":"https:\/\/www.mines-stetienne.fr\/fayol\/#website"},"datePublished":"2022-12-09T14:16:25+00:00","dateModified":"2022-12-09T14:16:27+00:00","breadcrumb":{"@id":"https:\/\/www.mines-stetienne.fr\/fayol\/theses\/these-preparee-par-iago-felipe-trentin\/#breadcrumb"},"inLanguage":"fr-FR","potentialAction":[{"@type":"ReadAction","target":["https:\/\/www.mines-stetienne.fr\/fayol\/theses\/these-preparee-par-iago-felipe-trentin\/"]}]},{"@type":"BreadcrumbList","@id":"https:\/\/www.mines-stetienne.fr\/fayol\/theses\/these-preparee-par-iago-felipe-trentin\/#breadcrumb","itemListElement":[{"@type":"ListItem","position":1,"name":"Accueil","item":"https:\/\/www.mines-stetienne.fr\/fayol\/"},{"@type":"ListItem","position":2,"name":"Recherche","item":"https:\/\/www.mines-stetienne.fr\/fayol\/theses\/"},{"@type":"ListItem","position":3,"name":"Th\u00e8se pr\u00e9par\u00e9e par Iago Felipe Trentin"}]},{"@type":"WebSite","@id":"https:\/\/www.mines-stetienne.fr\/fayol\/#website","url":"https:\/\/www.mines-stetienne.fr\/fayol\/","name":"Institut Henri Fayol","description":"","publisher":{"@id":"https:\/\/www.mines-stetienne.fr\/fayol\/#organization"},"potentialAction":[{"@type":"SearchAction","target":{"@type":"EntryPoint","urlTemplate":"https:\/\/www.mines-stetienne.fr\/fayol\/?s={search_term_string}"},"query-input":{"@type":"PropertyValueSpecification","valueRequired":true,"valueName":"search_term_string"}}],"inLanguage":"fr-FR"},{"@type":"Organization","@id":"https:\/\/www.mines-stetienne.fr\/fayol\/#organization","name":"Institut Henri Fayol","url":"https:\/\/www.mines-stetienne.fr\/fayol\/","logo":{"@type":"ImageObject","inLanguage":"fr-FR","@id":"https:\/\/www.mines-stetienne.fr\/fayol\/#\/schema\/logo\/image\/","url":"https:\/\/www.mines-stetienne.fr\/fayol\/wp-content\/uploads\/sites\/18\/2022\/09\/Mines_Saint_Etienne_IMT_RVB.png","contentUrl":"https:\/\/www.mines-stetienne.fr\/fayol\/wp-content\/uploads\/sites\/18\/2022\/09\/Mines_Saint_Etienne_IMT_RVB.png","width":316,"height":315,"caption":"Institut Henri Fayol"},"image":{"@id":"https:\/\/www.mines-stetienne.fr\/fayol\/#\/schema\/logo\/image\/"},"sameAs":["https:\/\/www.facebook.com\/MinesSaintEtienne","https:\/\/x.com\/MINES_StEtienne","https:\/\/www.youtube.com\/channel\/UCVSdpdmJccvUngjJ2on1n3A"]}]}},"_links":{"self":[{"href":"https:\/\/www.mines-stetienne.fr\/fayol\/wp-json\/wp\/v2\/pages\/315","targetHints":{"allow":["GET"]}}],"collection":[{"href":"https:\/\/www.mines-stetienne.fr\/fayol\/wp-json\/wp\/v2\/pages"}],"about":[{"href":"https:\/\/www.mines-stetienne.fr\/fayol\/wp-json\/wp\/v2\/types\/page"}],"author":[{"embeddable":true,"href":"https:\/\/www.mines-stetienne.fr\/fayol\/wp-json\/wp\/v2\/users\/1536"}],"replies":[{"embeddable":true,"href":"https:\/\/www.mines-stetienne.fr\/fayol\/wp-json\/wp\/v2\/comments?post=315"}],"version-history":[{"count":1,"href":"https:\/\/www.mines-stetienne.fr\/fayol\/wp-json\/wp\/v2\/pages\/315\/revisions"}],"predecessor-version":[{"id":316,"href":"https:\/\/www.mines-stetienne.fr\/fayol\/wp-json\/wp\/v2\/pages\/315\/revisions\/316"}],"up":[{"embeddable":true,"href":"https:\/\/www.mines-stetienne.fr\/fayol\/wp-json\/wp\/v2\/pages\/286"}],"wp:attachment":[{"href":"https:\/\/www.mines-stetienne.fr\/fayol\/wp-json\/wp\/v2\/media?parent=315"}],"wp:term":[{"taxonomy":"post_tag","embeddable":true,"href":"https:\/\/www.mines-stetienne.fr\/fayol\/wp-json\/wp\/v2\/tags?post=315"}],"curies":[{"name":"wp","href":"https:\/\/api.w.org\/{rel}","templated":true}]}}