{"id":284,"date":"2022-12-07T16:04:08","date_gmt":"2022-12-07T15:04:08","guid":{"rendered":"https:\/\/www.mines-stetienne.fr\/fayol\/?page_id=284"},"modified":"2022-12-09T14:24:36","modified_gmt":"2022-12-09T13:24:36","slug":"these-preparee-par-alaa-daoud","status":"publish","type":"page","link":"https:\/\/www.mines-stetienne.fr\/fayol\/theses\/these-preparee-par-alaa-daoud\/","title":{"rendered":"Th\u00e8se pr\u00e9par\u00e9e par Alaa Daoud"},"content":{"rendered":"\n\n<strong>Titre : Approche d\u00e9centralis\u00e9e pour l&rsquo;allocation de courses \u00e0 la demande \u00e0 une flotte de v\u00e9hicules autonomes<\/strong>\n\n<strong>Title : Decentralized On-Demand Resource Allocation for Autonomous Vehicle Fleets<\/strong>\n\n<strong>Beginning of thesis\u00a0:<\/strong> 2018\n<strong>End of thesis\u00a0:<\/strong> 2021\n\n<strong>R\u00e9sum\u00e9 : <\/strong>Le d\u00e9veloppement de v\u00e9hicules autonomes, capables de communiquer de pair \u00e0 pair, ainsi que l&rsquo;int\u00e9r\u00eat pour les solutions \u00e0 la demande sont les principales motivations de cette \u00e9tude. En l&rsquo;absence de contr\u00f4le central, nous sommes int\u00e9ress\u00e9s par la formation d&rsquo;une flotte de v\u00e9hicules autonomes capables de r\u00e9pondre aux demandes de d\u00e9placement \u00e0 l&rsquo;\u00e9chelle de la ville.\nTypiquement, ce probl\u00e8me est r\u00e9solu de mani\u00e8re centralis\u00e9e, ce qui implique que les v\u00e9hicules ont un acc\u00e8s continu \u00e0 un portail de r\u00e9partition. Cependant, cet acc\u00e8s \u00e0 une telle infrastructure de commutation mondiale (pour la collecte de donn\u00e9es et la livraison des commandes) est co\u00fbteux et repr\u00e9sente un goulot d&rsquo;\u00e9tranglement critique. L&rsquo;id\u00e9e est d&rsquo;utiliser des technologies de communication de v\u00e9hicule \u00e0 v\u00e9hicule (V2V) \u00e0 faible co\u00fbt pour coordonner les v\u00e9hicules sans infrastructure de communication globale.\nNous proposons de mod\u00e9liser les diff\u00e9rents aspects des probl\u00e8mes de d\u00e9cision et d&rsquo;optimisation li\u00e9s \u00e0 ce probl\u00e8me plus g\u00e9n\u00e9ral. Apr\u00e8s avoir mod\u00e9lis\u00e9 ces probl\u00e8mes, la question se pose du choix des m\u00e9thodes de solution centralis\u00e9es et d\u00e9centralis\u00e9es. Sur le plan m\u00e9thodologique, nous explorons les orientations et comparons les performances des techniques d&rsquo;optimisation des contraintes distribu\u00e9es (DCOP), des techniques multi-agents auto-organis\u00e9es, des approches bas\u00e9es sur le march\u00e9 et des solutions centralis\u00e9es de recherche op\u00e9rationnelle.\u00a0<strong>\n<\/strong>\n\n<strong>Abstract : <\/strong>The development of autonomous vehicles, capable of peer-to-peer communication, as well as the interest in on-demand solutions are the primary motivations for this study. In the absence of central control, we are interested in forming a fleet of autonomous vehicles capable of responding to city-scale travel demands.\nTypically, this problem is solved centrally, this implies that the vehicles have continuous access to a dispatching portal. However, such access to such a global switching infrastructure (for data collection and order delivery) is costly and represents a critical bottleneck. The idea is to use low-cost vehicle-to-vehicle (V2V) communication technologies to coordinate vehicles without a global communication infrastructure.\nWe propose to model the different aspects of decision and optimization problems related to this more general problem. After modeling these problems, the question arises as to the choice of centralized and decentralized solution methods. Methodologically, we explore the directions and compare the performance of distributed constraint optimization techniques (DCOP), self-organized multi-agent techniques, market-based approaches, and centralized operations research solutions.\n\n<strong>Mots cl\u00e9s\u00a0:<\/strong> Transport \u00e0 la demande, V\u00e9hicules autonomes, Allocation des ressources, Syst\u00e8mes multi-agents\n\n<strong>Keywords<\/strong> : Multi-agent systems, On-demand transport, Resource allocation, Autonomous vehicles\n\n<strong data-rich-text-format-boundary=\"true\">Date de Soutenance pr\u00e9vue : <\/strong> dernier trimestre de 2021\n\n<strong>Encadrement :<\/strong>\n<ul>\n \t<li><a href=\"&#109;&#x61;&#x69;l&#116;&#x6f;:&#102;&#x6c;&#x61;v&#105;&#x65;n&#46;&#x62;&#x61;l&#98;&#x6f;&#64;&#109;&#x69;&#x6e;&#101;&#115;&#x2d;s&#116;&#x65;&#x74;&#105;&#x65;&#x6e;n&#101;&#x2e;f&#114;\">Flavien Balbo<\/a>, Professeur, Mines Saint\u2010Etienne, LIMOS<\/li>\n \t<li><a href=\"m&#97;&#x69;&#x6c;t&#111;&#58;&#x67;&#x61;u&#116;&#104;&#x69;&#x65;r&#46;&#x70;&#x69;&#x63;a&#114;&#x64;&#x40;o&#110;&#101;&#x72;&#x61;&#46;&#102;&#114;\">Gauthier Picard<\/a>, ONERA Toulouse<\/li>\n \t<li><a href=\"&#109;a&#x69;l&#x74;&#111;&#x3a;&#112;&#x61;&#111;l&#x6f;&#46;&#x67;&#105;&#x61;&#110;&#x65;&#115;&#x73;&#105;&#64;&#x6d;i&#x6e;&#101;&#x73;&#45;&#x73;&#116;e&#x74;i&#x65;&#110;&#x6e;&#101;&#x2e;&#102;&#x72;\">Paolo Gianessi<\/a>, Ma\u00eetre assistant, Mines Saint\u2010Etienne, LIMOS<\/li>\n<\/ul>\n<strong>Partners or\/and funders<\/strong> : &#8212;\n\n<strong>T\u00e9l\u00e9charger la th\u00e8se<\/strong>\n\n<a href=\"https:\/\/theses.hal.science\/tel-03867294\"><img loading=\"lazy\" decoding=\"async\" class=\"aligncenter wp-image-2677\" src=\"https:\/\/www.mines-stetienne.fr\/wp-content\/uploads\/2016\/01\/these.gif\" alt=\"\" width=\"50\" height=\"50\" \/><\/a>\n\n","protected":false},"excerpt":{"rendered":"","protected":false},"author":1536,"featured_media":0,"parent":286,"menu_order":0,"comment_status":"closed","ping_status":"closed","template":"","meta":{"footnotes":""},"tags":[],"class_list":["post-284","page","type-page","status-publish","hentry"],"pp_statuses_selecting_workflow":false,"pp_workflow_action":"current","pp_status_selection":"publish","pp_force_visibility":null,"pp_subpost_visibility":null,"pp_inherited_force_visibility":null,"pp_inherited_subpost_visibility":null,"yoast_head":"<!-- This site is optimized with the Yoast SEO plugin v27.5 - https:\/\/yoast.com\/product\/yoast-seo-wordpress\/ -->\n<title>Th\u00e8se pr\u00e9par\u00e9e par Alaa Daoud - Institut Henri Fayol<\/title>\n<meta name=\"robots\" content=\"index, follow, max-snippet:-1, max-image-preview:large, max-video-preview:-1\" \/>\n<link rel=\"canonical\" href=\"https:\/\/www.mines-stetienne.fr\/fayol\/theses\/these-preparee-par-alaa-daoud\/\" \/>\n<meta property=\"og:locale\" content=\"fr_FR\" \/>\n<meta property=\"og:type\" content=\"article\" \/>\n<meta property=\"og:title\" content=\"Th\u00e8se pr\u00e9par\u00e9e par Alaa Daoud - Institut Henri Fayol\" \/>\n<meta property=\"og:url\" content=\"https:\/\/www.mines-stetienne.fr\/fayol\/theses\/these-preparee-par-alaa-daoud\/\" \/>\n<meta property=\"og:site_name\" content=\"Institut Henri Fayol\" \/>\n<meta property=\"article:publisher\" content=\"https:\/\/www.facebook.com\/MinesSaintEtienne\" \/>\n<meta property=\"article:modified_time\" content=\"2022-12-09T13:24:36+00:00\" \/>\n<meta property=\"og:image\" content=\"https:\/\/www.mines-stetienne.fr\/wp-content\/uploads\/2016\/01\/these.gif\" \/>\n<meta name=\"twitter:card\" content=\"summary_large_image\" \/>\n<meta name=\"twitter:site\" content=\"@MINES_StEtienne\" \/>\n<meta name=\"twitter:label1\" content=\"Dur\u00e9e de lecture estim\u00e9e\" \/>\n\t<meta name=\"twitter:data1\" content=\"3 minutes\" \/>\n<script type=\"application\/ld+json\" class=\"yoast-schema-graph\">{\"@context\":\"https:\\\/\\\/schema.org\",\"@graph\":[{\"@type\":\"WebPage\",\"@id\":\"https:\\\/\\\/www.mines-stetienne.fr\\\/fayol\\\/theses\\\/these-preparee-par-alaa-daoud\\\/\",\"url\":\"https:\\\/\\\/www.mines-stetienne.fr\\\/fayol\\\/theses\\\/these-preparee-par-alaa-daoud\\\/\",\"name\":\"Th\u00e8se pr\u00e9par\u00e9e par Alaa Daoud - Institut Henri Fayol\",\"isPartOf\":{\"@id\":\"https:\\\/\\\/www.mines-stetienne.fr\\\/fayol\\\/#website\"},\"primaryImageOfPage\":{\"@id\":\"https:\\\/\\\/www.mines-stetienne.fr\\\/fayol\\\/theses\\\/these-preparee-par-alaa-daoud\\\/#primaryimage\"},\"image\":{\"@id\":\"https:\\\/\\\/www.mines-stetienne.fr\\\/fayol\\\/theses\\\/these-preparee-par-alaa-daoud\\\/#primaryimage\"},\"thumbnailUrl\":\"https:\\\/\\\/www.mines-stetienne.fr\\\/wp-content\\\/uploads\\\/2016\\\/01\\\/these.gif\",\"datePublished\":\"2022-12-07T15:04:08+00:00\",\"dateModified\":\"2022-12-09T13:24:36+00:00\",\"breadcrumb\":{\"@id\":\"https:\\\/\\\/www.mines-stetienne.fr\\\/fayol\\\/theses\\\/these-preparee-par-alaa-daoud\\\/#breadcrumb\"},\"inLanguage\":\"fr-FR\",\"potentialAction\":[{\"@type\":\"ReadAction\",\"target\":[\"https:\\\/\\\/www.mines-stetienne.fr\\\/fayol\\\/theses\\\/these-preparee-par-alaa-daoud\\\/\"]}]},{\"@type\":\"ImageObject\",\"inLanguage\":\"fr-FR\",\"@id\":\"https:\\\/\\\/www.mines-stetienne.fr\\\/fayol\\\/theses\\\/these-preparee-par-alaa-daoud\\\/#primaryimage\",\"url\":\"https:\\\/\\\/www.mines-stetienne.fr\\\/wp-content\\\/uploads\\\/2016\\\/01\\\/these.gif\",\"contentUrl\":\"https:\\\/\\\/www.mines-stetienne.fr\\\/wp-content\\\/uploads\\\/2016\\\/01\\\/these.gif\"},{\"@type\":\"BreadcrumbList\",\"@id\":\"https:\\\/\\\/www.mines-stetienne.fr\\\/fayol\\\/theses\\\/these-preparee-par-alaa-daoud\\\/#breadcrumb\",\"itemListElement\":[{\"@type\":\"ListItem\",\"position\":1,\"name\":\"Accueil\",\"item\":\"https:\\\/\\\/www.mines-stetienne.fr\\\/fayol\\\/\"},{\"@type\":\"ListItem\",\"position\":2,\"name\":\"Recherche\",\"item\":\"https:\\\/\\\/www.mines-stetienne.fr\\\/fayol\\\/theses\\\/\"},{\"@type\":\"ListItem\",\"position\":3,\"name\":\"Th\u00e8se pr\u00e9par\u00e9e par Alaa Daoud\"}]},{\"@type\":\"WebSite\",\"@id\":\"https:\\\/\\\/www.mines-stetienne.fr\\\/fayol\\\/#website\",\"url\":\"https:\\\/\\\/www.mines-stetienne.fr\\\/fayol\\\/\",\"name\":\"Institut Henri Fayol\",\"description\":\"\",\"publisher\":{\"@id\":\"https:\\\/\\\/www.mines-stetienne.fr\\\/fayol\\\/#organization\"},\"potentialAction\":[{\"@type\":\"SearchAction\",\"target\":{\"@type\":\"EntryPoint\",\"urlTemplate\":\"https:\\\/\\\/www.mines-stetienne.fr\\\/fayol\\\/?s={search_term_string}\"},\"query-input\":{\"@type\":\"PropertyValueSpecification\",\"valueRequired\":true,\"valueName\":\"search_term_string\"}}],\"inLanguage\":\"fr-FR\"},{\"@type\":\"Organization\",\"@id\":\"https:\\\/\\\/www.mines-stetienne.fr\\\/fayol\\\/#organization\",\"name\":\"Institut Henri Fayol\",\"url\":\"https:\\\/\\\/www.mines-stetienne.fr\\\/fayol\\\/\",\"logo\":{\"@type\":\"ImageObject\",\"inLanguage\":\"fr-FR\",\"@id\":\"https:\\\/\\\/www.mines-stetienne.fr\\\/fayol\\\/#\\\/schema\\\/logo\\\/image\\\/\",\"url\":\"https:\\\/\\\/www.mines-stetienne.fr\\\/fayol\\\/wp-content\\\/uploads\\\/sites\\\/18\\\/2022\\\/09\\\/Mines_Saint_Etienne_IMT_RVB.png\",\"contentUrl\":\"https:\\\/\\\/www.mines-stetienne.fr\\\/fayol\\\/wp-content\\\/uploads\\\/sites\\\/18\\\/2022\\\/09\\\/Mines_Saint_Etienne_IMT_RVB.png\",\"width\":316,\"height\":315,\"caption\":\"Institut Henri Fayol\"},\"image\":{\"@id\":\"https:\\\/\\\/www.mines-stetienne.fr\\\/fayol\\\/#\\\/schema\\\/logo\\\/image\\\/\"},\"sameAs\":[\"https:\\\/\\\/www.facebook.com\\\/MinesSaintEtienne\",\"https:\\\/\\\/x.com\\\/MINES_StEtienne\",\"https:\\\/\\\/www.youtube.com\\\/channel\\\/UCVSdpdmJccvUngjJ2on1n3A\"]}]}<\/script>\n<!-- \/ Yoast SEO plugin. -->","yoast_head_json":{"title":"Th\u00e8se pr\u00e9par\u00e9e par Alaa Daoud - Institut Henri Fayol","robots":{"index":"index","follow":"follow","max-snippet":"max-snippet:-1","max-image-preview":"max-image-preview:large","max-video-preview":"max-video-preview:-1"},"canonical":"https:\/\/www.mines-stetienne.fr\/fayol\/theses\/these-preparee-par-alaa-daoud\/","og_locale":"fr_FR","og_type":"article","og_title":"Th\u00e8se pr\u00e9par\u00e9e par Alaa Daoud - Institut Henri Fayol","og_url":"https:\/\/www.mines-stetienne.fr\/fayol\/theses\/these-preparee-par-alaa-daoud\/","og_site_name":"Institut Henri Fayol","article_publisher":"https:\/\/www.facebook.com\/MinesSaintEtienne","article_modified_time":"2022-12-09T13:24:36+00:00","og_image":[{"url":"https:\/\/www.mines-stetienne.fr\/wp-content\/uploads\/2016\/01\/these.gif","type":"","width":"","height":""}],"twitter_card":"summary_large_image","twitter_site":"@MINES_StEtienne","twitter_misc":{"Dur\u00e9e de lecture estim\u00e9e":"3 minutes"},"schema":{"@context":"https:\/\/schema.org","@graph":[{"@type":"WebPage","@id":"https:\/\/www.mines-stetienne.fr\/fayol\/theses\/these-preparee-par-alaa-daoud\/","url":"https:\/\/www.mines-stetienne.fr\/fayol\/theses\/these-preparee-par-alaa-daoud\/","name":"Th\u00e8se pr\u00e9par\u00e9e par Alaa Daoud - Institut Henri Fayol","isPartOf":{"@id":"https:\/\/www.mines-stetienne.fr\/fayol\/#website"},"primaryImageOfPage":{"@id":"https:\/\/www.mines-stetienne.fr\/fayol\/theses\/these-preparee-par-alaa-daoud\/#primaryimage"},"image":{"@id":"https:\/\/www.mines-stetienne.fr\/fayol\/theses\/these-preparee-par-alaa-daoud\/#primaryimage"},"thumbnailUrl":"https:\/\/www.mines-stetienne.fr\/wp-content\/uploads\/2016\/01\/these.gif","datePublished":"2022-12-07T15:04:08+00:00","dateModified":"2022-12-09T13:24:36+00:00","breadcrumb":{"@id":"https:\/\/www.mines-stetienne.fr\/fayol\/theses\/these-preparee-par-alaa-daoud\/#breadcrumb"},"inLanguage":"fr-FR","potentialAction":[{"@type":"ReadAction","target":["https:\/\/www.mines-stetienne.fr\/fayol\/theses\/these-preparee-par-alaa-daoud\/"]}]},{"@type":"ImageObject","inLanguage":"fr-FR","@id":"https:\/\/www.mines-stetienne.fr\/fayol\/theses\/these-preparee-par-alaa-daoud\/#primaryimage","url":"https:\/\/www.mines-stetienne.fr\/wp-content\/uploads\/2016\/01\/these.gif","contentUrl":"https:\/\/www.mines-stetienne.fr\/wp-content\/uploads\/2016\/01\/these.gif"},{"@type":"BreadcrumbList","@id":"https:\/\/www.mines-stetienne.fr\/fayol\/theses\/these-preparee-par-alaa-daoud\/#breadcrumb","itemListElement":[{"@type":"ListItem","position":1,"name":"Accueil","item":"https:\/\/www.mines-stetienne.fr\/fayol\/"},{"@type":"ListItem","position":2,"name":"Recherche","item":"https:\/\/www.mines-stetienne.fr\/fayol\/theses\/"},{"@type":"ListItem","position":3,"name":"Th\u00e8se pr\u00e9par\u00e9e par Alaa Daoud"}]},{"@type":"WebSite","@id":"https:\/\/www.mines-stetienne.fr\/fayol\/#website","url":"https:\/\/www.mines-stetienne.fr\/fayol\/","name":"Institut Henri Fayol","description":"","publisher":{"@id":"https:\/\/www.mines-stetienne.fr\/fayol\/#organization"},"potentialAction":[{"@type":"SearchAction","target":{"@type":"EntryPoint","urlTemplate":"https:\/\/www.mines-stetienne.fr\/fayol\/?s={search_term_string}"},"query-input":{"@type":"PropertyValueSpecification","valueRequired":true,"valueName":"search_term_string"}}],"inLanguage":"fr-FR"},{"@type":"Organization","@id":"https:\/\/www.mines-stetienne.fr\/fayol\/#organization","name":"Institut Henri Fayol","url":"https:\/\/www.mines-stetienne.fr\/fayol\/","logo":{"@type":"ImageObject","inLanguage":"fr-FR","@id":"https:\/\/www.mines-stetienne.fr\/fayol\/#\/schema\/logo\/image\/","url":"https:\/\/www.mines-stetienne.fr\/fayol\/wp-content\/uploads\/sites\/18\/2022\/09\/Mines_Saint_Etienne_IMT_RVB.png","contentUrl":"https:\/\/www.mines-stetienne.fr\/fayol\/wp-content\/uploads\/sites\/18\/2022\/09\/Mines_Saint_Etienne_IMT_RVB.png","width":316,"height":315,"caption":"Institut Henri Fayol"},"image":{"@id":"https:\/\/www.mines-stetienne.fr\/fayol\/#\/schema\/logo\/image\/"},"sameAs":["https:\/\/www.facebook.com\/MinesSaintEtienne","https:\/\/x.com\/MINES_StEtienne","https:\/\/www.youtube.com\/channel\/UCVSdpdmJccvUngjJ2on1n3A"]}]}},"_links":{"self":[{"href":"https:\/\/www.mines-stetienne.fr\/fayol\/wp-json\/wp\/v2\/pages\/284","targetHints":{"allow":["GET"]}}],"collection":[{"href":"https:\/\/www.mines-stetienne.fr\/fayol\/wp-json\/wp\/v2\/pages"}],"about":[{"href":"https:\/\/www.mines-stetienne.fr\/fayol\/wp-json\/wp\/v2\/types\/page"}],"author":[{"embeddable":true,"href":"https:\/\/www.mines-stetienne.fr\/fayol\/wp-json\/wp\/v2\/users\/1536"}],"replies":[{"embeddable":true,"href":"https:\/\/www.mines-stetienne.fr\/fayol\/wp-json\/wp\/v2\/comments?post=284"}],"version-history":[{"count":2,"href":"https:\/\/www.mines-stetienne.fr\/fayol\/wp-json\/wp\/v2\/pages\/284\/revisions"}],"predecessor-version":[{"id":298,"href":"https:\/\/www.mines-stetienne.fr\/fayol\/wp-json\/wp\/v2\/pages\/284\/revisions\/298"}],"up":[{"embeddable":true,"href":"https:\/\/www.mines-stetienne.fr\/fayol\/wp-json\/wp\/v2\/pages\/286"}],"wp:attachment":[{"href":"https:\/\/www.mines-stetienne.fr\/fayol\/wp-json\/wp\/v2\/media?parent=284"}],"wp:term":[{"taxonomy":"post_tag","embeddable":true,"href":"https:\/\/www.mines-stetienne.fr\/fayol\/wp-json\/wp\/v2\/tags?post=284"}],"curies":[{"name":"wp","href":"https:\/\/api.w.org\/{rel}","templated":true}]}}