{"id":278,"date":"2022-12-07T15:54:22","date_gmt":"2022-12-07T14:54:22","guid":{"rendered":"https:\/\/www.mines-stetienne.fr\/fayol\/?page_id=278"},"modified":"2022-12-07T16:33:32","modified_gmt":"2022-12-07T15:33:32","slug":"these-preparee-par-abir-fekih","status":"publish","type":"page","link":"https:\/\/www.mines-stetienne.fr\/fayol\/theses\/these-preparee-par-abir-fekih\/","title":{"rendered":"Th\u00e8se pr\u00e9par\u00e9e par Abir Fekih"},"content":{"rendered":"\n<p><strong>Titre : Transformation num\u00e9rique des entreprises, responsabilit\u00e9 environnementale&nbsp;: Etude par les paradoxes<\/strong><\/p>\n<p style=\"text-align: left\"><strong>D\u00e9but de th\u00e8se : <\/strong>2020<strong><br>Fin de th\u00e8se : <\/strong>2023<\/p>\n<p style=\"text-align: left\"><strong>R\u00e9sum\u00e9 :&nbsp;<\/strong>Une d\u00e9marche de transformation num\u00e9rique dans l\u2019organisation ne peut plus \u00e9chapper aujourd\u2019hui \u00e0 la prise en consid\u00e9ration des cons\u00e9quences environnementales que les Technologies de l\u2019Information et de la Communication engendrent. N\u00e9anmoins, cet enjeu de transformation num\u00e9rique conduit \u00e0 interroger les tensions pouvant \u00e9merger entre des injonctions environnementales et \u00e9conomiques qui peuvent \u00eatre envisag\u00e9es comme paradoxales. Ainsi, \u00e0 travers l\u2019approche des paradoxes, ainsi que le cadre th\u00e9orique \u00ab Technologie, Organisation, Environnement \u00bb (T.O.E.), notre recherche vise \u00e0 comprendre comment une organisation cherche \u00e0 concilier les valeurs \u00e9cologiques qui sont au c\u0153ur de son activit\u00e9 avec sa strat\u00e9gie de transformation num\u00e9rique qui lui permettrait d\u2019\u00eatre plus performante \u00e9conomiquement.<\/p>\n<p><strong>Mots cl\u00e9s&nbsp;:<\/strong> Transformation num\u00e9rique, responsabilit\u00e9 environnementale, Paradoxe<\/p>\n<p><strong>Date de soutenance pr\u00e9vue :&nbsp;<\/strong> 2023<\/p>\n<p><strong>Encadrement :<\/strong><\/p>\n<ul id=\"block-67ec023b-3730-49e8-846e-f724794835d8\" class=\"block-editor-rich-text__editable block-editor-block-list__block wp-block is-selected rich-text\" role=\"group\" aria-label=\"Bloc&nbsp;: Liste\" data-block=\"67ec023b-3730-49e8-846e-f724794835d8\" data-type=\"core\/list\" data-title=\"Liste\">\n<li><a href=\"m&#97;&#105;&#108;&#x74;&#x6f;&#x3a;be&#114;&#103;&#x65;&#x72;&#x64;&#x6f;uc&#101;&#64;&#x65;&#x6d;&#x73;&#x65;&#46;&#102;&#114;\">Sandrine Berger-Douce<\/a> : Professeur Mines Saint Etienne, COACTIS<\/li>\n<li><a href=\"&#109;&#x61;i&#x6c;&#x74;&#111;&#x3a;n&#x61;&#x74;&#97;&#x63;h&#x61;&#x2e;&#103;&#x6f;n&#x64;&#x72;&#97;&#x6e;&#64;&#x65;&#x6d;&#115;&#x65;&#46;&#x66;&#x72;\" data-rich-text-format-boundary=\"true\">Natacha Gondran<\/a> : Professeur Mines Saint Etienne, UMR 5600 EVS<\/li>\n<li><a href=\"&#x6d;&#x61;&#105;l&#x74;&#x6f;&#58;ju&#x6c;&#x69;&#101;n&#x2e;&#x64;&#101;&#45;b&#x65;&#x6e;&#101;d&#x69;&#x74;&#116;&#105;s&#x40;&#x6d;&#105;n&#x65;&#x73;&#45;&#115;t&#x65;&#x74;&#105;e&#x6e;&#x6e;&#101;&#46;f&#x72;\">Julien De Benedettis<\/a> : Ma\u00eetre assistant Mines Saint Etienne, COACTIS<\/li>\n<\/ul>\n","protected":false},"excerpt":{"rendered":"","protected":false},"author":1536,"featured_media":0,"parent":286,"menu_order":0,"comment_status":"closed","ping_status":"closed","template":"","meta":{"footnotes":""},"tags":[],"class_list":["post-278","page","type-page","status-publish","hentry"],"pp_statuses_selecting_workflow":false,"pp_workflow_action":"current","pp_status_selection":"publish","pp_force_visibility":null,"pp_subpost_visibility":null,"pp_inherited_force_visibility":null,"pp_inherited_subpost_visibility":null,"yoast_head":"<!-- This site is optimized with the Yoast SEO plugin v27.4 - https:\/\/yoast.com\/product\/yoast-seo-wordpress\/ -->\n<title>Th\u00e8se pr\u00e9par\u00e9e par Abir Fekih - Institut Henri Fayol<\/title>\n<meta name=\"robots\" content=\"index, follow, max-snippet:-1, max-image-preview:large, max-video-preview:-1\" \/>\n<link rel=\"canonical\" href=\"https:\/\/www.mines-stetienne.fr\/fayol\/theses\/these-preparee-par-abir-fekih\/\" \/>\n<meta property=\"og:locale\" content=\"fr_FR\" \/>\n<meta property=\"og:type\" content=\"article\" \/>\n<meta property=\"og:title\" content=\"Th\u00e8se pr\u00e9par\u00e9e par Abir Fekih - Institut Henri Fayol\" \/>\n<meta property=\"og:url\" content=\"https:\/\/www.mines-stetienne.fr\/fayol\/theses\/these-preparee-par-abir-fekih\/\" \/>\n<meta property=\"og:site_name\" content=\"Institut Henri Fayol\" \/>\n<meta property=\"article:publisher\" content=\"https:\/\/www.facebook.com\/MinesSaintEtienne\" \/>\n<meta property=\"article:modified_time\" content=\"2022-12-07T15:33:32+00:00\" \/>\n<meta name=\"twitter:card\" content=\"summary_large_image\" \/>\n<meta name=\"twitter:site\" content=\"@MINES_StEtienne\" \/>\n<meta name=\"twitter:label1\" content=\"Dur\u00e9e de lecture estim\u00e9e\" \/>\n\t<meta name=\"twitter:data1\" content=\"1 minute\" \/>\n<script type=\"application\/ld+json\" class=\"yoast-schema-graph\">{\"@context\":\"https:\\\/\\\/schema.org\",\"@graph\":[{\"@type\":\"WebPage\",\"@id\":\"https:\\\/\\\/www.mines-stetienne.fr\\\/fayol\\\/theses\\\/these-preparee-par-abir-fekih\\\/\",\"url\":\"https:\\\/\\\/www.mines-stetienne.fr\\\/fayol\\\/theses\\\/these-preparee-par-abir-fekih\\\/\",\"name\":\"Th\u00e8se pr\u00e9par\u00e9e par Abir Fekih - Institut Henri Fayol\",\"isPartOf\":{\"@id\":\"https:\\\/\\\/www.mines-stetienne.fr\\\/fayol\\\/#website\"},\"datePublished\":\"2022-12-07T14:54:22+00:00\",\"dateModified\":\"2022-12-07T15:33:32+00:00\",\"breadcrumb\":{\"@id\":\"https:\\\/\\\/www.mines-stetienne.fr\\\/fayol\\\/theses\\\/these-preparee-par-abir-fekih\\\/#breadcrumb\"},\"inLanguage\":\"fr-FR\",\"potentialAction\":[{\"@type\":\"ReadAction\",\"target\":[\"https:\\\/\\\/www.mines-stetienne.fr\\\/fayol\\\/theses\\\/these-preparee-par-abir-fekih\\\/\"]}]},{\"@type\":\"BreadcrumbList\",\"@id\":\"https:\\\/\\\/www.mines-stetienne.fr\\\/fayol\\\/theses\\\/these-preparee-par-abir-fekih\\\/#breadcrumb\",\"itemListElement\":[{\"@type\":\"ListItem\",\"position\":1,\"name\":\"Accueil\",\"item\":\"https:\\\/\\\/www.mines-stetienne.fr\\\/fayol\\\/\"},{\"@type\":\"ListItem\",\"position\":2,\"name\":\"Recherche\",\"item\":\"https:\\\/\\\/www.mines-stetienne.fr\\\/fayol\\\/theses\\\/\"},{\"@type\":\"ListItem\",\"position\":3,\"name\":\"Th\u00e8se pr\u00e9par\u00e9e par Abir Fekih\"}]},{\"@type\":\"WebSite\",\"@id\":\"https:\\\/\\\/www.mines-stetienne.fr\\\/fayol\\\/#website\",\"url\":\"https:\\\/\\\/www.mines-stetienne.fr\\\/fayol\\\/\",\"name\":\"Institut Henri Fayol\",\"description\":\"\",\"publisher\":{\"@id\":\"https:\\\/\\\/www.mines-stetienne.fr\\\/fayol\\\/#organization\"},\"potentialAction\":[{\"@type\":\"SearchAction\",\"target\":{\"@type\":\"EntryPoint\",\"urlTemplate\":\"https:\\\/\\\/www.mines-stetienne.fr\\\/fayol\\\/?s={search_term_string}\"},\"query-input\":{\"@type\":\"PropertyValueSpecification\",\"valueRequired\":true,\"valueName\":\"search_term_string\"}}],\"inLanguage\":\"fr-FR\"},{\"@type\":\"Organization\",\"@id\":\"https:\\\/\\\/www.mines-stetienne.fr\\\/fayol\\\/#organization\",\"name\":\"Institut Henri Fayol\",\"url\":\"https:\\\/\\\/www.mines-stetienne.fr\\\/fayol\\\/\",\"logo\":{\"@type\":\"ImageObject\",\"inLanguage\":\"fr-FR\",\"@id\":\"https:\\\/\\\/www.mines-stetienne.fr\\\/fayol\\\/#\\\/schema\\\/logo\\\/image\\\/\",\"url\":\"https:\\\/\\\/www.mines-stetienne.fr\\\/fayol\\\/wp-content\\\/uploads\\\/sites\\\/18\\\/2022\\\/09\\\/Mines_Saint_Etienne_IMT_RVB.png\",\"contentUrl\":\"https:\\\/\\\/www.mines-stetienne.fr\\\/fayol\\\/wp-content\\\/uploads\\\/sites\\\/18\\\/2022\\\/09\\\/Mines_Saint_Etienne_IMT_RVB.png\",\"width\":316,\"height\":315,\"caption\":\"Institut Henri Fayol\"},\"image\":{\"@id\":\"https:\\\/\\\/www.mines-stetienne.fr\\\/fayol\\\/#\\\/schema\\\/logo\\\/image\\\/\"},\"sameAs\":[\"https:\\\/\\\/www.facebook.com\\\/MinesSaintEtienne\",\"https:\\\/\\\/x.com\\\/MINES_StEtienne\",\"https:\\\/\\\/www.youtube.com\\\/channel\\\/UCVSdpdmJccvUngjJ2on1n3A\"]}]}<\/script>\n<!-- \/ Yoast SEO plugin. -->","yoast_head_json":{"title":"Th\u00e8se pr\u00e9par\u00e9e par Abir Fekih - Institut Henri Fayol","robots":{"index":"index","follow":"follow","max-snippet":"max-snippet:-1","max-image-preview":"max-image-preview:large","max-video-preview":"max-video-preview:-1"},"canonical":"https:\/\/www.mines-stetienne.fr\/fayol\/theses\/these-preparee-par-abir-fekih\/","og_locale":"fr_FR","og_type":"article","og_title":"Th\u00e8se pr\u00e9par\u00e9e par Abir Fekih - Institut Henri Fayol","og_url":"https:\/\/www.mines-stetienne.fr\/fayol\/theses\/these-preparee-par-abir-fekih\/","og_site_name":"Institut Henri Fayol","article_publisher":"https:\/\/www.facebook.com\/MinesSaintEtienne","article_modified_time":"2022-12-07T15:33:32+00:00","twitter_card":"summary_large_image","twitter_site":"@MINES_StEtienne","twitter_misc":{"Dur\u00e9e de lecture estim\u00e9e":"1 minute"},"schema":{"@context":"https:\/\/schema.org","@graph":[{"@type":"WebPage","@id":"https:\/\/www.mines-stetienne.fr\/fayol\/theses\/these-preparee-par-abir-fekih\/","url":"https:\/\/www.mines-stetienne.fr\/fayol\/theses\/these-preparee-par-abir-fekih\/","name":"Th\u00e8se pr\u00e9par\u00e9e par Abir Fekih - Institut Henri Fayol","isPartOf":{"@id":"https:\/\/www.mines-stetienne.fr\/fayol\/#website"},"datePublished":"2022-12-07T14:54:22+00:00","dateModified":"2022-12-07T15:33:32+00:00","breadcrumb":{"@id":"https:\/\/www.mines-stetienne.fr\/fayol\/theses\/these-preparee-par-abir-fekih\/#breadcrumb"},"inLanguage":"fr-FR","potentialAction":[{"@type":"ReadAction","target":["https:\/\/www.mines-stetienne.fr\/fayol\/theses\/these-preparee-par-abir-fekih\/"]}]},{"@type":"BreadcrumbList","@id":"https:\/\/www.mines-stetienne.fr\/fayol\/theses\/these-preparee-par-abir-fekih\/#breadcrumb","itemListElement":[{"@type":"ListItem","position":1,"name":"Accueil","item":"https:\/\/www.mines-stetienne.fr\/fayol\/"},{"@type":"ListItem","position":2,"name":"Recherche","item":"https:\/\/www.mines-stetienne.fr\/fayol\/theses\/"},{"@type":"ListItem","position":3,"name":"Th\u00e8se pr\u00e9par\u00e9e par Abir Fekih"}]},{"@type":"WebSite","@id":"https:\/\/www.mines-stetienne.fr\/fayol\/#website","url":"https:\/\/www.mines-stetienne.fr\/fayol\/","name":"Institut Henri Fayol","description":"","publisher":{"@id":"https:\/\/www.mines-stetienne.fr\/fayol\/#organization"},"potentialAction":[{"@type":"SearchAction","target":{"@type":"EntryPoint","urlTemplate":"https:\/\/www.mines-stetienne.fr\/fayol\/?s={search_term_string}"},"query-input":{"@type":"PropertyValueSpecification","valueRequired":true,"valueName":"search_term_string"}}],"inLanguage":"fr-FR"},{"@type":"Organization","@id":"https:\/\/www.mines-stetienne.fr\/fayol\/#organization","name":"Institut Henri Fayol","url":"https:\/\/www.mines-stetienne.fr\/fayol\/","logo":{"@type":"ImageObject","inLanguage":"fr-FR","@id":"https:\/\/www.mines-stetienne.fr\/fayol\/#\/schema\/logo\/image\/","url":"https:\/\/www.mines-stetienne.fr\/fayol\/wp-content\/uploads\/sites\/18\/2022\/09\/Mines_Saint_Etienne_IMT_RVB.png","contentUrl":"https:\/\/www.mines-stetienne.fr\/fayol\/wp-content\/uploads\/sites\/18\/2022\/09\/Mines_Saint_Etienne_IMT_RVB.png","width":316,"height":315,"caption":"Institut Henri Fayol"},"image":{"@id":"https:\/\/www.mines-stetienne.fr\/fayol\/#\/schema\/logo\/image\/"},"sameAs":["https:\/\/www.facebook.com\/MinesSaintEtienne","https:\/\/x.com\/MINES_StEtienne","https:\/\/www.youtube.com\/channel\/UCVSdpdmJccvUngjJ2on1n3A"]}]}},"_links":{"self":[{"href":"https:\/\/www.mines-stetienne.fr\/fayol\/wp-json\/wp\/v2\/pages\/278","targetHints":{"allow":["GET"]}}],"collection":[{"href":"https:\/\/www.mines-stetienne.fr\/fayol\/wp-json\/wp\/v2\/pages"}],"about":[{"href":"https:\/\/www.mines-stetienne.fr\/fayol\/wp-json\/wp\/v2\/types\/page"}],"author":[{"embeddable":true,"href":"https:\/\/www.mines-stetienne.fr\/fayol\/wp-json\/wp\/v2\/users\/1536"}],"replies":[{"embeddable":true,"href":"https:\/\/www.mines-stetienne.fr\/fayol\/wp-json\/wp\/v2\/comments?post=278"}],"version-history":[{"count":1,"href":"https:\/\/www.mines-stetienne.fr\/fayol\/wp-json\/wp\/v2\/pages\/278\/revisions"}],"predecessor-version":[{"id":279,"href":"https:\/\/www.mines-stetienne.fr\/fayol\/wp-json\/wp\/v2\/pages\/278\/revisions\/279"}],"up":[{"embeddable":true,"href":"https:\/\/www.mines-stetienne.fr\/fayol\/wp-json\/wp\/v2\/pages\/286"}],"wp:attachment":[{"href":"https:\/\/www.mines-stetienne.fr\/fayol\/wp-json\/wp\/v2\/media?parent=278"}],"wp:term":[{"taxonomy":"post_tag","embeddable":true,"href":"https:\/\/www.mines-stetienne.fr\/fayol\/wp-json\/wp\/v2\/tags?post=278"}],"curies":[{"name":"wp","href":"https:\/\/api.w.org\/{rel}","templated":true}]}}