{"id":238,"date":"2022-12-07T09:48:44","date_gmt":"2022-12-07T08:48:44","guid":{"rendered":"https:\/\/www.mines-stetienne.fr\/fayol\/?page_id=238"},"modified":"2022-12-07T09:48:45","modified_gmt":"2022-12-07T08:48:45","slug":"international","status":"publish","type":"page","link":"https:\/\/www.mines-stetienne.fr\/fayol\/international\/","title":{"rendered":"International"},"content":{"rendered":"\n<div class=\"wp-block-columns is-layout-flex wp-container-core-columns-is-layout-9d6595d7 wp-block-columns-is-layout-flex\">\n<div class=\"wp-block-column is-layout-flow wp-block-column-is-layout-flow\" style=\"flex-basis:100%\">\n<p>L&rsquo;Institut Henri Fayol entretient des d\u2019\u00e9changes et des partenariats avec plus de 20 universit\u00e9s \u00e9trang\u00e8res r\u00e9parties sur tous les continents.&nbsp;<\/p>\n<\/div>\n<\/div>\n\n\n\n<div class=\"ListeFormations-item col-md-3 col-md-3 col-sm-3 col-xs-6\">\n<div class=\"Formation click\"><p class=\"Formation-title\">\n<a class=\"\" href=\"https:\/\/www.biba.uni-bremen.de\/\" target=\"_blank\" rel=\"noopener\">ALLEMAGNE<\/a><\/br><\/br><img decoding=\"async\" src=\"https:\/\/www.mines-stetienne.fr\/wp-content\/uploads\/2021\/04\/biba-300x114-1.png\" width=\"90\"><\/P>\n<p style=\"font-size:12px\" class=\"Formation-contentHover\">Institut de production et de logistique de Br\u00eame<\/p>\n<\/div>\n<\/div>\n<div class=\"ListeFormations-item col-md-3 col-md-3 col-sm-3 col-xs-6\">\n<div class=\"Formation click\"><p class=\"Formation-title\">\n<a class=\"\" href=\"https:\/\/www.tu.berlin\/\" target=\"_blank\" rel=\"noopener\">ALLEMAGNE<\/a><\/br><img decoding=\"async\" src=\"https:\/\/www.mines-stetienne.fr\/wp-content\/uploads\/2016\/01\/logo-TUBerlin.png\" width=\"85\"><\/P>\n<p style=\"font-size:12px\" class=\"Formation-contentHover\">Universit\u00e9 technique de Berlin<\/p>\n<\/div>\n<\/div>\n<div class=\"ListeFormations-item col-md-3 col-md-3 col-sm-3 col-xs-6\">\n<div class=\"Formation click\"><p class=\"Formation-title\">\n<a class=\"\" href=\"https:\/\/www.tu-dortmund.de\/\" target=\"_blank\" rel=\"noopener\">ALLEMAGNE<\/a><\/br><img decoding=\"async\" src=\"https:\/\/www.mines-stetienne.fr\/wp-content\/uploads\/2021\/03\/Dortmund_Logo.png\" width=\"80\"><\/P>\n<p style=\"font-size:12px\" class=\"Formation-contentHover\">Universit\u00e9 technique de Dortmund<\/p>\n<\/div>\n<\/div>\n<div class=\"ListeFormations-item col-md-3 col-md-3 col-sm-3 col-xs-6\">\n<div class=\"Formation click\"><p class=\"Formation-title\">\n<a class=\"\" href=\"https:\/\/www.tum.de\/\" target=\"_blank\" rel=\"noopener\">ALLEMAGNE<\/a><\/br><br><img decoding=\"async\" src=\"https:\/\/www.mines-stetienne.fr\/wp-content\/uploads\/2021\/05\/tum-logo.png\" width=\"80\"><\/P>\n<p style=\"font-size:12px\" class=\"Formation-contentHover\">Universit\u00e9 technique de Munich<\/p>\n<\/div>\n<\/div>\n<div class=\"ListeFormations-item col-md-3 col-md-3 col-sm-3 col-xs-6\">\n<div class=\"Formation click\"><p class=\"Formation-title\">\n<a class=\"\" href=\"http:\/\/www5.usp.br\/\" target=\"_blank\" rel=\"noopener\">BRESIL<\/a><\/br><\/br><img decoding=\"async\" src=\"https:\/\/www.mines-stetienne.fr\/wp-content\/uploads\/2016\/01\/USP_Logo-transp.png\" width=\"110\"><\/P>\n<p class=\"Formation-contentHover\">Universit\u00e9 de S\u00e3o Paulo<\/p>\n<\/div>\n<\/div>\n<div class=\"ListeFormations-item col-md-3 col-md-3 col-sm-3 col-xs-6\">\n<div class=\"Formation click\"><p class=\"Formation-title\">\n<a class=\"\" href=\"http:\/\/www5.usp.br\/\" target=\"_blank\" rel=\"noopener\">BRESIL<\/a><\/br><img decoding=\"async\" src=\"https:\/\/www.mines-stetienne.fr\/wp-content\/uploads\/2021\/03\/brasao_site_ufsc.png\" width=\"70\"><\/P>\n<p class=\"Formation-contentHover\">Universit\u00e9 F\u00e9d\u00e9rale de Santa Catarina<\/p>\n<\/div>\n<\/div>\n<div class=\"ListeFormations-item col-md-3 col-md-3 col-sm-3 col-xs-6\">\n<div class=\"Formation click\"><p class=\"Formation-title\">\n<a class=\"\" href=\"https:\/\/www.pucrs.br\/\" target=\"_blank\" rel=\"noopener\">BRESIL<\/a><\/br><img decoding=\"async\" src=\"https:\/\/www.mines-stetienne.fr\/wp-content\/uploads\/2016\/01\/pucrs.png\" width=\"43\"><\/P>\n<p style=\"font-size:10px\" class=\"Formation-contentHover\">Universit\u00e9 pontificale catholique de Rio Grande do Sul<\/p>\n<\/div>\n<\/div>\n<div class=\"ListeFormations-item col-md-3 col-md-3 col-sm-3 col-xs-6\">\n<div class=\"Formation click\"><p class=\"Formation-title\">\n<a class=\"\" href=\"http:\/\/www.mcgill.ca\/fr\" target=\"_blank\" rel=\"noopener\">CANADA<\/a><\/br><\/BR><img decoding=\"async\" src=\"https:\/\/www.mines-stetienne.fr\/wp-content\/uploads\/2021\/03\/mcgill-red_on_white.png\" width=\"110\"><\/P>\n<p style=\"font-size:12px\" class=\"Formation-contentHover\">Universit\u00e9 McGill<\/p>\n<\/div>\n<\/div>\n<div class=\"ListeFormations-item col-md-3 col-md-3 col-sm-3 col-xs-6\">\n<div class=\"Formation click\"><p class=\"Formation-title\">\n<a class=\"\" href=\"https:\/\/www2.ulaval.ca\/\" target=\"_blank\" rel=\"noopener\">CANADA<\/a><\/br><\/BR><img decoding=\"async\" src=\"https:\/\/www.mines-stetienne.fr\/wp-content\/uploads\/2021\/03\/Universite_Laval-300x130.png\" width=\"110\"><\/P>\n<p style=\"font-size:12px\" class=\"Formation-contentHover\">Universit\u00e9 Laval<\/p>\n<\/div>\n<\/div>\n<div class=\"ListeFormations-item col-md-3 col-md-3 col-sm-3 col-xs-6\">\n<div class=\"Formation click\"><p class=\"Formation-title\">\n<a class=\"\" href=\"http:\/\/www.uqam.ca\/\" target=\"_blank\" rel=\"noopener\">CANADA<\/a><\/br><\/BR><img decoding=\"async\" src=\"https:\/\/www.mines-stetienne.fr\/wp-content\/uploads\/2016\/01\/uqam-2.png\" width=\"105\"><\/P>\n<p style=\"font-size:12px\" class=\"Formation-contentHover\">Universit\u00e9 du Qu\u00e9bec \u00e0 Montr\u00e9al<\/p>\n<\/div>\n<\/div>\n<div class=\"ListeFormations-item col-md-3 col-md-3 col-sm-3 col-xs-6\">\n<div class=\"Formation click\"><p class=\"Formation-title\">\n<a class=\"\" href=\"https:\/\/www.usherbrooke.ca\/\" target=\"_blank\" rel=\"noopener\">CANADA<\/a><br><br><img decoding=\"async\" src=\"https:\/\/www.mines-stetienne.fr\/wp-content\/uploads\/2021\/05\/Universite_de_Sherbrook.png\" width=\"160\"><\/P>\n<p style=\"font-size:12px\" class=\"Formation-contentHover\">Universit\u00e9 de Sherbrooke<\/p>\n<\/div>\n<\/div>\n<div class=\"ListeFormations-item col-md-3 col-md-3 col-sm-3 col-xs-6\">\n<div class=\"Formation click\"><p class=\"Formation-title\">\n<a class=\"\" href=\"https:\/\/www.unisabana.edu.co\/\" target=\"_blank\" rel=\"noopener\">COLOMBIE<\/a><\/br><img decoding=\"async\" src=\"https:\/\/www.mines-stetienne.fr\/wp-content\/uploads\/2021\/03\/Universidad_de_la_Sabana-225x300.png\" width=\"65\"><\/P>\n<p style=\"font-size:12px\" class=\"Formation-contentHover\">Universit\u00e9 de La Sabana<\/p>\n<\/div>\n<\/div>\n<div class=\"ListeFormations-item col-md-3 col-md-3 col-sm-3 col-xs-6\">\n<div class=\"Formation click\"><p class=\"Formation-title\">\n<a class=\"\" href=\"https:\/\/www.en.aau.dk\/\" target=\"_blank\" rel=\"noopener\">DANEMARK<\/a><img decoding=\"async\" src=\"https:\/\/www.mines-stetienne.fr\/wp-content\/uploads\/2021\/04\/Aalborg-University-AAU-logo.png\" width=\"160\"><\/P>\n<p style=\"font-size:12px\" class=\"Formation-contentHover\">Universit\u00e9 d&rsquo;Aalborg<\/p>\n<\/div>\n<\/div>\n<div class=\"ListeFormations-item col-md-3 col-md-3 col-sm-3 col-xs-6\">\n<div class=\"Formation click\"><p class=\"Formation-title\">\n<a class=\"\" href=\"https:\/\/www.upc.edu\/ca\" target=\"_blank\" rel=\"noopener\">ESPAGNE<\/a><\/br><img decoding=\"async\" src=\"https:\/\/www.mines-stetienne.fr\/wp-content\/uploads\/2021\/03\/UPC.png\" width=\"85\"><\/P>\n<p style=\"font-size:12px\" class=\"Formation-contentHover\">Universit\u00e9 polytechnique de Catalogne<\/p>\n<\/div>\n<\/div>\n<div class=\"ListeFormations-item col-md-3 col-md-3 col-sm-3 col-xs-6\">\n<div class=\"Formation click\"><p class=\"Formation-title\">\n<a class=\"\" href=\"https:\/\/www.polyu.edu.hk\/en\/\" target=\"_blank\" rel=\"noopener\">HONG KONG<\/a><\/br><img decoding=\"async\" src=\"https:\/\/www.mines-stetienne.fr\/wp-content\/uploads\/2021\/03\/hong-kong.png\" width=\"80\"><\/P>\n<p style=\"font-size:12px\" class=\"Formation-contentHover\">Universit\u00e9 polytechnique de Hong Kong<\/p>\n<\/div>\n<\/div>\n<div class=\"ListeFormations-item col-md-3 col-md-3 col-sm-3 col-xs-6\">\n<div class=\"Formation click\"><p class=\"Formation-title\">\n<a class=\"\" href=\"https:\/\/www.polito.it\/\" target=\"_blank\" rel=\"noopener\">ITALIE<\/a><\/br><img decoding=\"async\" src=\"https:\/\/www.mines-stetienne.fr\/wp-content\/uploads\/2021\/03\/politecnico_turin-1024x1024.png\" width=\"85\" style=\"background-color:#FFFFFF\"><\/P>\n<p style=\"font-size:12px\" class=\"Formation-contentHover\">\u00c9cole polytechnique de Turin<\/p>\n<\/div>\n<\/div>\n<div class=\"ListeFormations-item col-md-3 col-md-3 col-sm-3 col-xs-6\">\n<div class=\"Formation click\"><p class=\"Formation-title\">\n<a class=\"\" href=\"https:\/\/www.unibo.it\/it\" target=\"_blank\" rel=\"noopener\">ITALIE<\/a><\/br><img decoding=\"async\" src=\"https:\/\/www.mines-stetienne.fr\/wp-content\/uploads\/2016\/01\/univ-bologne-150x150.png\" width=\"80\"><\/P>\n<p style=\"font-size:12px\" class=\"Formation-contentHover\">Universit\u00e9 de Bologne<\/p>\n<\/div>\n<\/div>\n<div class=\"ListeFormations-item col-md-3 col-md-3 col-sm-3 col-xs-6\">\n<div class=\"Formation click\"><p class=\"Formation-title\">\n<a class=\"\" href=\"http:\/\/www.ul.edu.lb\/\" target=\"_blank\" rel=\"noopener\">LIBAN<\/a><\/br><img decoding=\"async\" src=\"https:\/\/www.mines-stetienne.fr\/wp-content\/uploads\/2021\/03\/Lebanese_University-230x300.png\" width=\"65\"><\/P>\n<p style=\"font-size:12px\" class=\"Formation-contentHover\">Universit\u00e9 Libanaise<\/p>\n<\/div>\n<\/div>\n<div class=\"ListeFormations-item col-md-3 col-md-3 col-sm-3 col-xs-6\">\n<div class=\"Formation click\"><p class=\"Formation-title\">\n<a class=\"\" href=\"https:\/\/upb.ro\/en\/\" target=\"_blank\" rel=\"noopener\">ROUMANIE<\/a><\/br><img decoding=\"async\" src=\"https:\/\/www.mines-stetienne.fr\/wp-content\/uploads\/2016\/01\/politehnica-bucarest-150x150.png\" width=\"80\"><\/P>\n<p class=\"Formation-contentHover\">Universit\u00e9 Politechnique de Bucharest<\/p>\n<\/div>\n<\/div>\n<div class=\"ListeFormations-item col-md-3 col-md-3 col-sm-3 col-xs-6\">\n<div class=\"Formation click\"><p class=\"Formation-title\">\n<a class=\"\" href=\"http:\/\/www.nottingham.ac.uk\/\" target=\"_blank\" rel=\"noopener\">ROYAUME UNI<\/a><\/br><img decoding=\"async\" src=\"https:\/\/www.mines-stetienne.fr\/wp-content\/uploads\/2021\/03\/university-of-nottingham.png\" width=\"80\"><\/P>\n<p style=\"font-size:12px\" class=\"Formation-contentHover\">Universit\u00e9 de Nottingham<\/p>\n<\/div>\n<\/div>\n<div class=\"ListeFormations-item col-md-3 col-md-3 col-sm-3 col-xs-6\">\n<div class=\"Formation click\"><p class=\"Formation-title\">\n<a class=\"\" href=\"http:\/\/www.unibe.ch\/\" target=\"_blank\" rel=\"noopener\">SUISSE<\/a><\/br><img decoding=\"async\" src=\"https:\/\/www.mines-stetienne.fr\/wp-content\/uploads\/2021\/03\/Universite_de_Berne-300x233.png\" width=\"90\"><\/P>\n<p style=\"font-size:12px\" class=\"Formation-contentHover\">Universit\u00e9 de Berne<\/p>\n<\/div>\n<\/div>\n<div class=\"ListeFormations-item col-md-3 col-md-3 col-sm-3 col-xs-6\">\n<div class=\"Formation click\"><p class=\"Formation-title\">\n<a class=\"\" href=\"http:\/\/www.uma.rnu.tn\/\" target=\"_blank\" rel=\"noopener\">TUNISIE<\/a><\/br><img decoding=\"async\" src=\"https:\/\/www.mines-stetienne.fr\/wp-content\/uploads\/2021\/03\/Universite-de-la-Manouba.png\" width=\"65\"><\/P>\n<p style=\"font-size:12px\" class=\"Formation-contentHover\">Universit\u00e9 de la Manouba<\/p>\n<\/div>\n<\/div>\n<div class=\"ListeFormations-item col-md-3 col-md-3 col-sm-3 col-xs-6\">\n<div class=\"Formation click\"><p class=\"Formation-title\">\n<a class=\"\" href=\"http:\/\/www.ufl.edu\/\" target=\"_blank\" rel=\"noopener\">USA<\/a><\/br><img decoding=\"async\" src=\"https:\/\/www.mines-stetienne.fr\/wp-content\/uploads\/2021\/03\/Ufloride.png\" width=\"85\"><\/P>\n<p style=\"font-size:12px\" class=\"Formation-contentHover\">Universit\u00e9 de Floride<\/p>\n<\/div>\n<\/div>\n<div class=\"ListeFormations-item col-md-3 col-md-3 col-sm-3 col-xs-6\">\n<div class=\"Formation click\"><p class=\"Formation-title\">\n<a class=\"\" href=\"https:\/\/www.wvu.edu\/\" target=\"_blank\" rel=\"noopener\">USA<\/a><img decoding=\"async\" src=\"https:\/\/www.mines-stetienne.fr\/wp-content\/uploads\/2021\/04\/WVU-768x255-1.jpg\" width=\"160\"><\/P>\n<p style=\"font-size:12px\" class=\"Formation-contentHover\">Universit\u00e9 de Virginie-Occidentale<\/p>\n<\/div>\n<\/div>\n<div class=\"ListeFormations-item col-md-3 col-md-3 col-sm-3 col-xs-6\">\n<div class=\"Formation click\"><p class=\"Formation-title\">\n<a class=\"\" href=\"http:\/\/umich.edu\/\" target=\"_blank\" rel=\"noopener\">USA<\/a><\/br><img decoding=\"async\" src=\"https:\/\/www.mines-stetienne.fr\/wp-content\/uploads\/2021\/03\/University-of-Michigan.png\" width=\"189\"><\/P>\n<p style=\"font-size:12px\" class=\"Formation-contentHover\">Universit\u00e9 du Michigan<\/p>\n<\/div>\n<\/div>\n<div class=\"ListeFormations-item col-md-3 col-md-3 col-sm-3 col-xs-6\">\n<div class=\"Formation click\"><p class=\"Formation-title\">\n<a class=\"\" href=\"https:\/\/www.purdue.edu\/\" target=\"_blank\" rel=\"noopener\">USA<\/a><\/br><img decoding=\"async\" src=\"https:\/\/www.mines-stetienne.fr\/wp-content\/uploads\/2021\/03\/PU-V-Full-RGB.png\" width=\"90\"><\/P>\n<p style=\"font-size:12px\" class=\"Formation-contentHover\">Universit\u00e9 Purdue<\/p>\n<\/div>\n<\/div>\n","protected":false},"excerpt":{"rendered":"<p>ALLEMAGNE Institut de production et de logistique de Br\u00eame ALLEMAGNE Universit\u00e9 technique de Berlin ALLEMAGNE Universit\u00e9 technique de Dortmund ALLEMAGNE Universit\u00e9 technique de Munich BRESIL Universit\u00e9 de S\u00e3o Paulo BRESIL Universit\u00e9 F\u00e9d\u00e9rale de Santa Catarina BRESIL Universit\u00e9 pontificale catholique de &hellip;<\/p>\n","protected":false},"author":1536,"featured_media":0,"parent":0,"menu_order":0,"comment_status":"closed","ping_status":"closed","template":"","meta":{"footnotes":""},"tags":[],"class_list":["post-238","page","type-page","status-publish","hentry"],"pp_statuses_selecting_workflow":false,"pp_workflow_action":"current","pp_status_selection":"publish","pp_force_visibility":null,"pp_subpost_visibility":null,"pp_inherited_force_visibility":null,"pp_inherited_subpost_visibility":null,"yoast_head":"<!-- This site is optimized with the Yoast SEO plugin v27.4 - https:\/\/yoast.com\/product\/yoast-seo-wordpress\/ -->\n<title>International - Institut Henri Fayol<\/title>\n<meta name=\"robots\" content=\"index, follow, max-snippet:-1, max-image-preview:large, max-video-preview:-1\" \/>\n<link rel=\"canonical\" href=\"https:\/\/www.mines-stetienne.fr\/fayol\/international\/\" \/>\n<meta property=\"og:locale\" content=\"fr_FR\" \/>\n<meta property=\"og:type\" content=\"article\" \/>\n<meta property=\"og:title\" content=\"International - Institut Henri Fayol\" \/>\n<meta property=\"og:description\" content=\"ALLEMAGNE Institut de production et de logistique de Br\u00eame ALLEMAGNE Universit\u00e9 technique de Berlin ALLEMAGNE Universit\u00e9 technique de Dortmund ALLEMAGNE Universit\u00e9 technique de Munich BRESIL Universit\u00e9 de S\u00e3o Paulo BRESIL Universit\u00e9 F\u00e9d\u00e9rale de Santa Catarina BRESIL Universit\u00e9 pontificale catholique de &hellip;\" \/>\n<meta property=\"og:url\" content=\"https:\/\/www.mines-stetienne.fr\/fayol\/international\/\" \/>\n<meta property=\"og:site_name\" content=\"Institut Henri Fayol\" \/>\n<meta property=\"article:publisher\" content=\"https:\/\/www.facebook.com\/MinesSaintEtienne\" \/>\n<meta property=\"article:modified_time\" content=\"2022-12-07T08:48:45+00:00\" \/>\n<meta property=\"og:image\" content=\"https:\/\/www.mines-stetienne.fr\/wp-content\/uploads\/2021\/04\/biba-300x114-1.png\" \/>\n<meta name=\"twitter:card\" content=\"summary_large_image\" \/>\n<meta name=\"twitter:site\" content=\"@MINES_StEtienne\" \/>\n<meta name=\"twitter:label1\" content=\"Dur\u00e9e de lecture estim\u00e9e\" \/>\n\t<meta name=\"twitter:data1\" content=\"6 minutes\" \/>\n<script type=\"application\/ld+json\" class=\"yoast-schema-graph\">{\"@context\":\"https:\\\/\\\/schema.org\",\"@graph\":[{\"@type\":\"WebPage\",\"@id\":\"https:\\\/\\\/www.mines-stetienne.fr\\\/fayol\\\/international\\\/\",\"url\":\"https:\\\/\\\/www.mines-stetienne.fr\\\/fayol\\\/international\\\/\",\"name\":\"International - Institut Henri Fayol\",\"isPartOf\":{\"@id\":\"https:\\\/\\\/www.mines-stetienne.fr\\\/fayol\\\/#website\"},\"primaryImageOfPage\":{\"@id\":\"https:\\\/\\\/www.mines-stetienne.fr\\\/fayol\\\/international\\\/#primaryimage\"},\"image\":{\"@id\":\"https:\\\/\\\/www.mines-stetienne.fr\\\/fayol\\\/international\\\/#primaryimage\"},\"thumbnailUrl\":\"https:\\\/\\\/www.mines-stetienne.fr\\\/wp-content\\\/uploads\\\/2021\\\/04\\\/biba-300x114-1.png\",\"datePublished\":\"2022-12-07T08:48:44+00:00\",\"dateModified\":\"2022-12-07T08:48:45+00:00\",\"breadcrumb\":{\"@id\":\"https:\\\/\\\/www.mines-stetienne.fr\\\/fayol\\\/international\\\/#breadcrumb\"},\"inLanguage\":\"fr-FR\",\"potentialAction\":[{\"@type\":\"ReadAction\",\"target\":[\"https:\\\/\\\/www.mines-stetienne.fr\\\/fayol\\\/international\\\/\"]}]},{\"@type\":\"ImageObject\",\"inLanguage\":\"fr-FR\",\"@id\":\"https:\\\/\\\/www.mines-stetienne.fr\\\/fayol\\\/international\\\/#primaryimage\",\"url\":\"https:\\\/\\\/www.mines-stetienne.fr\\\/wp-content\\\/uploads\\\/2021\\\/04\\\/biba-300x114-1.png\",\"contentUrl\":\"https:\\\/\\\/www.mines-stetienne.fr\\\/wp-content\\\/uploads\\\/2021\\\/04\\\/biba-300x114-1.png\"},{\"@type\":\"BreadcrumbList\",\"@id\":\"https:\\\/\\\/www.mines-stetienne.fr\\\/fayol\\\/international\\\/#breadcrumb\",\"itemListElement\":[{\"@type\":\"ListItem\",\"position\":1,\"name\":\"Accueil\",\"item\":\"https:\\\/\\\/www.mines-stetienne.fr\\\/fayol\\\/\"},{\"@type\":\"ListItem\",\"position\":2,\"name\":\"International\"}]},{\"@type\":\"WebSite\",\"@id\":\"https:\\\/\\\/www.mines-stetienne.fr\\\/fayol\\\/#website\",\"url\":\"https:\\\/\\\/www.mines-stetienne.fr\\\/fayol\\\/\",\"name\":\"Institut Henri Fayol\",\"description\":\"\",\"publisher\":{\"@id\":\"https:\\\/\\\/www.mines-stetienne.fr\\\/fayol\\\/#organization\"},\"potentialAction\":[{\"@type\":\"SearchAction\",\"target\":{\"@type\":\"EntryPoint\",\"urlTemplate\":\"https:\\\/\\\/www.mines-stetienne.fr\\\/fayol\\\/?s={search_term_string}\"},\"query-input\":{\"@type\":\"PropertyValueSpecification\",\"valueRequired\":true,\"valueName\":\"search_term_string\"}}],\"inLanguage\":\"fr-FR\"},{\"@type\":\"Organization\",\"@id\":\"https:\\\/\\\/www.mines-stetienne.fr\\\/fayol\\\/#organization\",\"name\":\"Institut Henri Fayol\",\"url\":\"https:\\\/\\\/www.mines-stetienne.fr\\\/fayol\\\/\",\"logo\":{\"@type\":\"ImageObject\",\"inLanguage\":\"fr-FR\",\"@id\":\"https:\\\/\\\/www.mines-stetienne.fr\\\/fayol\\\/#\\\/schema\\\/logo\\\/image\\\/\",\"url\":\"https:\\\/\\\/www.mines-stetienne.fr\\\/fayol\\\/wp-content\\\/uploads\\\/sites\\\/18\\\/2022\\\/09\\\/Mines_Saint_Etienne_IMT_RVB.png\",\"contentUrl\":\"https:\\\/\\\/www.mines-stetienne.fr\\\/fayol\\\/wp-content\\\/uploads\\\/sites\\\/18\\\/2022\\\/09\\\/Mines_Saint_Etienne_IMT_RVB.png\",\"width\":316,\"height\":315,\"caption\":\"Institut Henri Fayol\"},\"image\":{\"@id\":\"https:\\\/\\\/www.mines-stetienne.fr\\\/fayol\\\/#\\\/schema\\\/logo\\\/image\\\/\"},\"sameAs\":[\"https:\\\/\\\/www.facebook.com\\\/MinesSaintEtienne\",\"https:\\\/\\\/x.com\\\/MINES_StEtienne\",\"https:\\\/\\\/www.youtube.com\\\/channel\\\/UCVSdpdmJccvUngjJ2on1n3A\"]}]}<\/script>\n<!-- \/ Yoast SEO plugin. -->","yoast_head_json":{"title":"International - Institut Henri Fayol","robots":{"index":"index","follow":"follow","max-snippet":"max-snippet:-1","max-image-preview":"max-image-preview:large","max-video-preview":"max-video-preview:-1"},"canonical":"https:\/\/www.mines-stetienne.fr\/fayol\/international\/","og_locale":"fr_FR","og_type":"article","og_title":"International - Institut Henri Fayol","og_description":"ALLEMAGNE Institut de production et de logistique de Br\u00eame ALLEMAGNE Universit\u00e9 technique de Berlin ALLEMAGNE Universit\u00e9 technique de Dortmund ALLEMAGNE Universit\u00e9 technique de Munich BRESIL Universit\u00e9 de S\u00e3o Paulo BRESIL Universit\u00e9 F\u00e9d\u00e9rale de Santa Catarina BRESIL Universit\u00e9 pontificale catholique de &hellip;","og_url":"https:\/\/www.mines-stetienne.fr\/fayol\/international\/","og_site_name":"Institut Henri Fayol","article_publisher":"https:\/\/www.facebook.com\/MinesSaintEtienne","article_modified_time":"2022-12-07T08:48:45+00:00","og_image":[{"url":"https:\/\/www.mines-stetienne.fr\/wp-content\/uploads\/2021\/04\/biba-300x114-1.png","type":"","width":"","height":""}],"twitter_card":"summary_large_image","twitter_site":"@MINES_StEtienne","twitter_misc":{"Dur\u00e9e de lecture estim\u00e9e":"6 minutes"},"schema":{"@context":"https:\/\/schema.org","@graph":[{"@type":"WebPage","@id":"https:\/\/www.mines-stetienne.fr\/fayol\/international\/","url":"https:\/\/www.mines-stetienne.fr\/fayol\/international\/","name":"International - Institut Henri Fayol","isPartOf":{"@id":"https:\/\/www.mines-stetienne.fr\/fayol\/#website"},"primaryImageOfPage":{"@id":"https:\/\/www.mines-stetienne.fr\/fayol\/international\/#primaryimage"},"image":{"@id":"https:\/\/www.mines-stetienne.fr\/fayol\/international\/#primaryimage"},"thumbnailUrl":"https:\/\/www.mines-stetienne.fr\/wp-content\/uploads\/2021\/04\/biba-300x114-1.png","datePublished":"2022-12-07T08:48:44+00:00","dateModified":"2022-12-07T08:48:45+00:00","breadcrumb":{"@id":"https:\/\/www.mines-stetienne.fr\/fayol\/international\/#breadcrumb"},"inLanguage":"fr-FR","potentialAction":[{"@type":"ReadAction","target":["https:\/\/www.mines-stetienne.fr\/fayol\/international\/"]}]},{"@type":"ImageObject","inLanguage":"fr-FR","@id":"https:\/\/www.mines-stetienne.fr\/fayol\/international\/#primaryimage","url":"https:\/\/www.mines-stetienne.fr\/wp-content\/uploads\/2021\/04\/biba-300x114-1.png","contentUrl":"https:\/\/www.mines-stetienne.fr\/wp-content\/uploads\/2021\/04\/biba-300x114-1.png"},{"@type":"BreadcrumbList","@id":"https:\/\/www.mines-stetienne.fr\/fayol\/international\/#breadcrumb","itemListElement":[{"@type":"ListItem","position":1,"name":"Accueil","item":"https:\/\/www.mines-stetienne.fr\/fayol\/"},{"@type":"ListItem","position":2,"name":"International"}]},{"@type":"WebSite","@id":"https:\/\/www.mines-stetienne.fr\/fayol\/#website","url":"https:\/\/www.mines-stetienne.fr\/fayol\/","name":"Institut Henri Fayol","description":"","publisher":{"@id":"https:\/\/www.mines-stetienne.fr\/fayol\/#organization"},"potentialAction":[{"@type":"SearchAction","target":{"@type":"EntryPoint","urlTemplate":"https:\/\/www.mines-stetienne.fr\/fayol\/?s={search_term_string}"},"query-input":{"@type":"PropertyValueSpecification","valueRequired":true,"valueName":"search_term_string"}}],"inLanguage":"fr-FR"},{"@type":"Organization","@id":"https:\/\/www.mines-stetienne.fr\/fayol\/#organization","name":"Institut Henri Fayol","url":"https:\/\/www.mines-stetienne.fr\/fayol\/","logo":{"@type":"ImageObject","inLanguage":"fr-FR","@id":"https:\/\/www.mines-stetienne.fr\/fayol\/#\/schema\/logo\/image\/","url":"https:\/\/www.mines-stetienne.fr\/fayol\/wp-content\/uploads\/sites\/18\/2022\/09\/Mines_Saint_Etienne_IMT_RVB.png","contentUrl":"https:\/\/www.mines-stetienne.fr\/fayol\/wp-content\/uploads\/sites\/18\/2022\/09\/Mines_Saint_Etienne_IMT_RVB.png","width":316,"height":315,"caption":"Institut Henri Fayol"},"image":{"@id":"https:\/\/www.mines-stetienne.fr\/fayol\/#\/schema\/logo\/image\/"},"sameAs":["https:\/\/www.facebook.com\/MinesSaintEtienne","https:\/\/x.com\/MINES_StEtienne","https:\/\/www.youtube.com\/channel\/UCVSdpdmJccvUngjJ2on1n3A"]}]}},"_links":{"self":[{"href":"https:\/\/www.mines-stetienne.fr\/fayol\/wp-json\/wp\/v2\/pages\/238","targetHints":{"allow":["GET"]}}],"collection":[{"href":"https:\/\/www.mines-stetienne.fr\/fayol\/wp-json\/wp\/v2\/pages"}],"about":[{"href":"https:\/\/www.mines-stetienne.fr\/fayol\/wp-json\/wp\/v2\/types\/page"}],"author":[{"embeddable":true,"href":"https:\/\/www.mines-stetienne.fr\/fayol\/wp-json\/wp\/v2\/users\/1536"}],"replies":[{"embeddable":true,"href":"https:\/\/www.mines-stetienne.fr\/fayol\/wp-json\/wp\/v2\/comments?post=238"}],"version-history":[{"count":1,"href":"https:\/\/www.mines-stetienne.fr\/fayol\/wp-json\/wp\/v2\/pages\/238\/revisions"}],"predecessor-version":[{"id":239,"href":"https:\/\/www.mines-stetienne.fr\/fayol\/wp-json\/wp\/v2\/pages\/238\/revisions\/239"}],"wp:attachment":[{"href":"https:\/\/www.mines-stetienne.fr\/fayol\/wp-json\/wp\/v2\/media?parent=238"}],"wp:term":[{"taxonomy":"post_tag","embeddable":true,"href":"https:\/\/www.mines-stetienne.fr\/fayol\/wp-json\/wp\/v2\/tags?post=238"}],"curies":[{"name":"wp","href":"https:\/\/api.w.org\/{rel}","templated":true}]}}