{"id":143,"date":"2022-11-25T15:09:07","date_gmt":"2022-11-25T14:09:07","guid":{"rendered":"https:\/\/www.mines-stetienne.fr\/fayol\/?page_id=143"},"modified":"2025-01-21T11:44:38","modified_gmt":"2025-01-21T10:44:38","slug":"management-responsable-et-innovation","status":"publish","type":"page","link":"https:\/\/www.mines-stetienne.fr\/fayol\/recherche\/management-responsable-et-innovation\/","title":{"rendered":"Management responsable et innovation"},"content":{"rendered":"\n<h3 class=\"wp-block-heading\">Performance globale des entreprises par l\u2019innovation durable<\/h3>\n\n\n\n<div class=\"wp-block-columns is-layout-flex wp-container-core-columns-is-layout-9d6595d7 wp-block-columns-is-layout-flex\">\n<div class=\"wp-block-column is-layout-flow wp-block-column-is-layout-flow\" style=\"flex-basis:100%\">\n<h5><a href=\"https:\/\/www.mines-stetienne.fr\/wp-content\/uploads\/2021\/04\/MRIwordcloud-01-sm.png\"><img loading=\"lazy\" decoding=\"async\" class=\"wp-image-24017  alignright\" src=\"https:\/\/www.mines-stetienne.fr\/wp-content\/uploads\/2021\/04\/MRIwordcloud-01-sm.png\" alt=\"\" width=\"331\" height=\"229\" \/><\/a>Responsable de d\u00e9partement<\/h5>\n<div class=\"ListeFormations-item col-md-3 col-md-3 col-sm-3 col-xs-6\">\n<div class=\"Formation click\">\n<p class=\"Formation-title\"><a class=\"\" href=\"&#x6d;&#x61;&#105;&#108;t&#x6f;&#x3a;&#x70;&#101;il&#x6c;&#x6f;&#110;&#64;m&#x69;&#x6e;&#x65;&#115;-s&#x74;&#x65;&#116;&#105;e&#x6e;&#x6e;&#x65;&#46;fr\" target=\"_blank\" rel=\"noopener\"><br><\/a><p style=\"font-size:14px\"><strong>Sophie Peillon<\/strong><\/p><p style=\"font-size:10px\">T\u00e9l. :+33 4 77 42 66 42<br><\/p>\n<p style=\"font-size:12px\" class=\"Formation-contentHover\">&#112;&#101;&#x69;l&#108;&#x6f;&#x6e;&#64;&#109;&#x69;&#x6e;e&#115;&#x2d;s&#116;&#x65;&#x74;i&#101;&#x6e;&#x6e;e&#46;&#x66;r<\/p>\n<\/div>\n<\/div>\n\n<div style=\"height:15px\" aria-hidden=\"true\" class=\"wp-block-spacer\"><\/div>\n\n<h5>Appartenance Acad\u00e9mique<\/h5>\n<div class=\"ListeFormations-item col-md-3 col-md-3 col-sm-3 col-xs-6\">\n<div class=\"Formation click\">\n<p class=\"Formation-title\"><a class=\"\" href=\"https:\/\/coactis.org\/\" target=\"_blank\" rel=\"noopener\"><br \/><\/a><img decoding=\"async\" src=\"https:\/\/www.mines-stetienne.fr\/wp-content\/uploads\/2016\/01\/logo-coactis-300x90.gif\" width=\"120\" \/><\/p>\n<p class=\"Formation-contentHover\">Coactis<\/p>\n<\/div>\n<\/div>\n<\/div>\n<\/div>\n\n\n\n<div style=\"height:15px\" aria-hidden=\"true\" class=\"wp-block-spacer\"><\/div>\n\n\n<p><img loading=\"lazy\" decoding=\"async\" class=\" wp-image-3386 alignright\" src=\"https:\/\/www.mines-stetienne.fr\/wp-content\/uploads\/2016\/01\/image018-bis.jpg\" alt=\"\" width=\"203\" height=\"139\" \/>Le d\u00e9partement MRI regroupe les enseignants-chercheurs en sciences \u00e9conomiques et de gestion de Mines Saint-\u00c9tienne.<br \/>Au niveau p\u00e9dagogique, ils sont en charge des enseignements de base (tronc commun) en SEG destin\u00e9s aux \u00e9l\u00e8ves ing\u00e9nieurs (Economie, Droit, Management Strat\u00e9gique, Management de l\u2019Innovation, Entrepreneuriat, Marketing, Comptabilit\u00e9\/Gestion, Propri\u00e9t\u00e9 Intellectuelle, Syst\u00e8mes d\u2019Information &#8230;) ainsi que d&rsquo;un ensemble de cours \u00e9lectifs en lien avec les diff\u00e9rentes facettes du Management des Organisations (Gestion\/Finance, GRH durable, Management de la transition num\u00e9rique, Responsabilit\u00e9 Soci\u00e9tale des Entreprises &#8230;).<img loading=\"lazy\" decoding=\"async\" class=\"alignnone size-full wp-image-64312\" src=\"https:\/\/www.mines-stetienne.fr\/wp-content\/uploads\/2022\/01\/MRI.gif\" alt=\"\" width=\"960\" height=\"679\" \/><\/p>\n<p>Au niveau de la recherche, l\u2019objectif du d\u00e9partement MRI est de r\u00e9pondre aux probl\u00e9matiques de croissance et de performance durable des entreprises, plus particuli\u00e8rement des TPE\/PME. Nous adoptons ainsi une approche transdisplinaire permettant d\u2019effectuer des recherches sur les diff\u00e9rentes phases du cycle de vie de l\u2019entreprise, de sa cr\u00e9ation aux diff\u00e9rentes \u00e9tapes de croissance, et sur les dynamiques d\u2019\u00e9volution des organisations.<\/p>\n<p>Nous abordons la performance durable de l\u2019entreprise aux travers des <strong>dimensions \u00e9conomiques, sociales et environnementales<\/strong><strong>.<br \/><\/strong><img loading=\"lazy\" decoding=\"async\" class=\"alignleft wp-image-24015\" src=\"https:\/\/www.mines-stetienne.fr\/wp-content\/uploads\/2021\/04\/business-1989131_640-300x200.jpg\" alt=\"\" width=\"226\" height=\"150\" \/>Nos interventions sont bas\u00e9es sur une acception large de l\u2019<strong>innovation <\/strong>(produit\/service\/usage, Technologique, Strat\u00e9gique\/Business Model, Marketing, Proc\u00e9d\u00e9s et Organisations, RSE). La singularit\u00e9 de notre \u00e9quipe provient de l\u2019approche transversale des travaux en Sciences de Gestion. Nous abordons plus sp\u00e9cifiquement les probl\u00e9matiques suivantes\u00a0:<\/p>\n<p>Entrepreneuriat\/Innovation\u00a0: cr\u00e9ation, reprise et croissance des entreprises innovantes \/ Construction des opportunit\u00e9s de croissance \/ D\u00e9finition des business models des start-ups \/ Corporate Entrepreneurship \u2026<\/p>\n<p>Management Strat\u00e9gique : innovation de business model, servicisation (passage d&rsquo;une offre de produit \u00e0 une offre de service), Transition num\u00e9rique \u2026<\/p>\n<p>Gestion des Ressources Humaines : accompagnement au changement des \u00e9quipes et des organisations, apprentissage organisationnel, design thinking&#8230;\u00a0<img loading=\"lazy\" decoding=\"async\" class=\"wp-image-3412 alignright\" src=\"https:\/\/www.mines-stetienne.fr\/wp-content\/uploads\/2016\/01\/image021-bis.jpg\" alt=\"\" width=\"226\" height=\"180\" \/>Management des Syst\u00e8mes d\u2019Information et des connaissances : transition num\u00e9rique et Green IT, adoption et appropriation des technologies num\u00e9riques.<br \/>Responsabilit\u00e9 Soci\u00e9tale des Entreprises\u00a0: Accompagnement au changement, Diversit\u00e9, Innovation durable (\u00e9co-innovation vs frugales\u00a0; impact sur le climat et l&rsquo;environnement).<\/p>\n<p>Les r\u00e9sultats de notre recherche acad\u00e9mique se d\u00e9ploient dans nos activit\u00e9s p\u00e9dagogiques (innovation p\u00e9dagogique, Design Thinking, apprentissage par probl\u00e8me \u2026) mais \u00e9galement dans des programmes \u00e0 destination des entreprises et des organisations (par l\u2019interm\u00e9diaire des plateformes de l\u2019Institut Fayol, dans le r\u00e9seau de l\u2019IMT \u2026).<\/p>\n\n\n\n\n<ul class=\"fixed-top-menu\">\n<li class=\"page_item page-item-782 current_page_item\" style=\"text-align: center\"><a href=\"https:\/\/www.mines-stetienne.fr\/recherche\/5-centres-de-formation-et-de-recherche\/institut-henri-fayol\/\">Institut Henri Fayol<\/a><\/li>\n<li class=\"page_item page-item-782 current_page_item\" style=\"text-align: center\"><a href=\"https:\/\/www.mines-stetienne.fr\/recherche\/departements\/departement-management-responsable-et-innovation\/\">D\u00e9partement Management responsable et innovation<\/a><\/li>\n<\/ul>\n","protected":false},"excerpt":{"rendered":"<p>Performance globale des entreprises par l\u2019innovation durable Le d\u00e9partement MRI regroupe les enseignants-chercheurs en sciences \u00e9conomiques et de gestion de Mines Saint-\u00c9tienne.Au niveau p\u00e9dagogique, ils sont en charge des enseignements de base (tronc commun) en SEG destin\u00e9s aux \u00e9l\u00e8ves ing\u00e9nieurs &hellip;<\/p>\n","protected":false},"author":1536,"featured_media":0,"parent":77,"menu_order":3,"comment_status":"closed","ping_status":"closed","template":"","meta":{"footnotes":""},"tags":[],"class_list":["post-143","page","type-page","status-publish","hentry"],"pp_statuses_selecting_workflow":false,"pp_workflow_action":"current","pp_status_selection":"publish","pp_force_visibility":null,"pp_subpost_visibility":null,"pp_inherited_force_visibility":null,"pp_inherited_subpost_visibility":null,"yoast_head":"<!-- This site is optimized with the Yoast SEO plugin v27.5 - https:\/\/yoast.com\/product\/yoast-seo-wordpress\/ -->\n<title>Management responsable et innovation - Institut Henri Fayol<\/title>\n<meta name=\"robots\" content=\"index, follow, max-snippet:-1, max-image-preview:large, max-video-preview:-1\" \/>\n<link rel=\"canonical\" href=\"https:\/\/www.mines-stetienne.fr\/fayol\/recherche\/management-responsable-et-innovation\/\" \/>\n<meta property=\"og:locale\" content=\"fr_FR\" \/>\n<meta property=\"og:type\" content=\"article\" \/>\n<meta property=\"og:title\" content=\"Management responsable et innovation - Institut Henri Fayol\" \/>\n<meta property=\"og:description\" content=\"Performance globale des entreprises par l\u2019innovation durable Le d\u00e9partement MRI regroupe les enseignants-chercheurs en sciences \u00e9conomiques et de gestion de Mines Saint-\u00c9tienne.Au niveau p\u00e9dagogique, ils sont en charge des enseignements de base (tronc commun) en SEG destin\u00e9s aux \u00e9l\u00e8ves ing\u00e9nieurs &hellip;\" \/>\n<meta property=\"og:url\" content=\"https:\/\/www.mines-stetienne.fr\/fayol\/recherche\/management-responsable-et-innovation\/\" \/>\n<meta property=\"og:site_name\" content=\"Institut Henri Fayol\" \/>\n<meta property=\"article:publisher\" content=\"https:\/\/www.facebook.com\/MinesSaintEtienne\" \/>\n<meta property=\"article:modified_time\" content=\"2025-01-21T10:44:38+00:00\" \/>\n<meta name=\"twitter:card\" content=\"summary_large_image\" \/>\n<meta name=\"twitter:site\" content=\"@MINES_StEtienne\" \/>\n<meta name=\"twitter:label1\" content=\"Dur\u00e9e de lecture estim\u00e9e\" \/>\n\t<meta name=\"twitter:data1\" content=\"4 minutes\" \/>\n<script type=\"application\/ld+json\" class=\"yoast-schema-graph\">{\"@context\":\"https:\\\/\\\/schema.org\",\"@graph\":[{\"@type\":\"WebPage\",\"@id\":\"https:\\\/\\\/www.mines-stetienne.fr\\\/fayol\\\/recherche\\\/management-responsable-et-innovation\\\/\",\"url\":\"https:\\\/\\\/www.mines-stetienne.fr\\\/fayol\\\/recherche\\\/management-responsable-et-innovation\\\/\",\"name\":\"Management responsable et innovation - Institut Henri Fayol\",\"isPartOf\":{\"@id\":\"https:\\\/\\\/www.mines-stetienne.fr\\\/fayol\\\/#website\"},\"primaryImageOfPage\":{\"@id\":\"https:\\\/\\\/www.mines-stetienne.fr\\\/fayol\\\/recherche\\\/management-responsable-et-innovation\\\/#primaryimage\"},\"image\":{\"@id\":\"https:\\\/\\\/www.mines-stetienne.fr\\\/fayol\\\/recherche\\\/management-responsable-et-innovation\\\/#primaryimage\"},\"thumbnailUrl\":\"https:\\\/\\\/www.mines-stetienne.fr\\\/wp-content\\\/uploads\\\/2021\\\/04\\\/MRIwordcloud-01-sm.png\",\"datePublished\":\"2022-11-25T14:09:07+00:00\",\"dateModified\":\"2025-01-21T10:44:38+00:00\",\"breadcrumb\":{\"@id\":\"https:\\\/\\\/www.mines-stetienne.fr\\\/fayol\\\/recherche\\\/management-responsable-et-innovation\\\/#breadcrumb\"},\"inLanguage\":\"fr-FR\",\"potentialAction\":[{\"@type\":\"ReadAction\",\"target\":[\"https:\\\/\\\/www.mines-stetienne.fr\\\/fayol\\\/recherche\\\/management-responsable-et-innovation\\\/\"]}]},{\"@type\":\"ImageObject\",\"inLanguage\":\"fr-FR\",\"@id\":\"https:\\\/\\\/www.mines-stetienne.fr\\\/fayol\\\/recherche\\\/management-responsable-et-innovation\\\/#primaryimage\",\"url\":\"https:\\\/\\\/www.mines-stetienne.fr\\\/wp-content\\\/uploads\\\/2021\\\/04\\\/MRIwordcloud-01-sm.png\",\"contentUrl\":\"https:\\\/\\\/www.mines-stetienne.fr\\\/wp-content\\\/uploads\\\/2021\\\/04\\\/MRIwordcloud-01-sm.png\"},{\"@type\":\"BreadcrumbList\",\"@id\":\"https:\\\/\\\/www.mines-stetienne.fr\\\/fayol\\\/recherche\\\/management-responsable-et-innovation\\\/#breadcrumb\",\"itemListElement\":[{\"@type\":\"ListItem\",\"position\":1,\"name\":\"Accueil\",\"item\":\"https:\\\/\\\/www.mines-stetienne.fr\\\/fayol\\\/\"},{\"@type\":\"ListItem\",\"position\":2,\"name\":\"Recherche\",\"item\":\"https:\\\/\\\/www.mines-stetienne.fr\\\/fayol\\\/recherche\\\/\"},{\"@type\":\"ListItem\",\"position\":3,\"name\":\"Management responsable et innovation\"}]},{\"@type\":\"WebSite\",\"@id\":\"https:\\\/\\\/www.mines-stetienne.fr\\\/fayol\\\/#website\",\"url\":\"https:\\\/\\\/www.mines-stetienne.fr\\\/fayol\\\/\",\"name\":\"Institut Henri Fayol\",\"description\":\"\",\"publisher\":{\"@id\":\"https:\\\/\\\/www.mines-stetienne.fr\\\/fayol\\\/#organization\"},\"potentialAction\":[{\"@type\":\"SearchAction\",\"target\":{\"@type\":\"EntryPoint\",\"urlTemplate\":\"https:\\\/\\\/www.mines-stetienne.fr\\\/fayol\\\/?s={search_term_string}\"},\"query-input\":{\"@type\":\"PropertyValueSpecification\",\"valueRequired\":true,\"valueName\":\"search_term_string\"}}],\"inLanguage\":\"fr-FR\"},{\"@type\":\"Organization\",\"@id\":\"https:\\\/\\\/www.mines-stetienne.fr\\\/fayol\\\/#organization\",\"name\":\"Institut Henri Fayol\",\"url\":\"https:\\\/\\\/www.mines-stetienne.fr\\\/fayol\\\/\",\"logo\":{\"@type\":\"ImageObject\",\"inLanguage\":\"fr-FR\",\"@id\":\"https:\\\/\\\/www.mines-stetienne.fr\\\/fayol\\\/#\\\/schema\\\/logo\\\/image\\\/\",\"url\":\"https:\\\/\\\/www.mines-stetienne.fr\\\/fayol\\\/wp-content\\\/uploads\\\/sites\\\/18\\\/2022\\\/09\\\/Mines_Saint_Etienne_IMT_RVB.png\",\"contentUrl\":\"https:\\\/\\\/www.mines-stetienne.fr\\\/fayol\\\/wp-content\\\/uploads\\\/sites\\\/18\\\/2022\\\/09\\\/Mines_Saint_Etienne_IMT_RVB.png\",\"width\":316,\"height\":315,\"caption\":\"Institut Henri Fayol\"},\"image\":{\"@id\":\"https:\\\/\\\/www.mines-stetienne.fr\\\/fayol\\\/#\\\/schema\\\/logo\\\/image\\\/\"},\"sameAs\":[\"https:\\\/\\\/www.facebook.com\\\/MinesSaintEtienne\",\"https:\\\/\\\/x.com\\\/MINES_StEtienne\",\"https:\\\/\\\/www.youtube.com\\\/channel\\\/UCVSdpdmJccvUngjJ2on1n3A\"]}]}<\/script>\n<!-- \/ Yoast SEO plugin. -->","yoast_head_json":{"title":"Management responsable et innovation - Institut Henri Fayol","robots":{"index":"index","follow":"follow","max-snippet":"max-snippet:-1","max-image-preview":"max-image-preview:large","max-video-preview":"max-video-preview:-1"},"canonical":"https:\/\/www.mines-stetienne.fr\/fayol\/recherche\/management-responsable-et-innovation\/","og_locale":"fr_FR","og_type":"article","og_title":"Management responsable et innovation - Institut Henri Fayol","og_description":"Performance globale des entreprises par l\u2019innovation durable Le d\u00e9partement MRI regroupe les enseignants-chercheurs en sciences \u00e9conomiques et de gestion de Mines Saint-\u00c9tienne.Au niveau p\u00e9dagogique, ils sont en charge des enseignements de base (tronc commun) en SEG destin\u00e9s aux \u00e9l\u00e8ves ing\u00e9nieurs &hellip;","og_url":"https:\/\/www.mines-stetienne.fr\/fayol\/recherche\/management-responsable-et-innovation\/","og_site_name":"Institut Henri Fayol","article_publisher":"https:\/\/www.facebook.com\/MinesSaintEtienne","article_modified_time":"2025-01-21T10:44:38+00:00","twitter_card":"summary_large_image","twitter_site":"@MINES_StEtienne","twitter_misc":{"Dur\u00e9e de lecture estim\u00e9e":"4 minutes"},"schema":{"@context":"https:\/\/schema.org","@graph":[{"@type":"WebPage","@id":"https:\/\/www.mines-stetienne.fr\/fayol\/recherche\/management-responsable-et-innovation\/","url":"https:\/\/www.mines-stetienne.fr\/fayol\/recherche\/management-responsable-et-innovation\/","name":"Management responsable et innovation - Institut Henri Fayol","isPartOf":{"@id":"https:\/\/www.mines-stetienne.fr\/fayol\/#website"},"primaryImageOfPage":{"@id":"https:\/\/www.mines-stetienne.fr\/fayol\/recherche\/management-responsable-et-innovation\/#primaryimage"},"image":{"@id":"https:\/\/www.mines-stetienne.fr\/fayol\/recherche\/management-responsable-et-innovation\/#primaryimage"},"thumbnailUrl":"https:\/\/www.mines-stetienne.fr\/wp-content\/uploads\/2021\/04\/MRIwordcloud-01-sm.png","datePublished":"2022-11-25T14:09:07+00:00","dateModified":"2025-01-21T10:44:38+00:00","breadcrumb":{"@id":"https:\/\/www.mines-stetienne.fr\/fayol\/recherche\/management-responsable-et-innovation\/#breadcrumb"},"inLanguage":"fr-FR","potentialAction":[{"@type":"ReadAction","target":["https:\/\/www.mines-stetienne.fr\/fayol\/recherche\/management-responsable-et-innovation\/"]}]},{"@type":"ImageObject","inLanguage":"fr-FR","@id":"https:\/\/www.mines-stetienne.fr\/fayol\/recherche\/management-responsable-et-innovation\/#primaryimage","url":"https:\/\/www.mines-stetienne.fr\/wp-content\/uploads\/2021\/04\/MRIwordcloud-01-sm.png","contentUrl":"https:\/\/www.mines-stetienne.fr\/wp-content\/uploads\/2021\/04\/MRIwordcloud-01-sm.png"},{"@type":"BreadcrumbList","@id":"https:\/\/www.mines-stetienne.fr\/fayol\/recherche\/management-responsable-et-innovation\/#breadcrumb","itemListElement":[{"@type":"ListItem","position":1,"name":"Accueil","item":"https:\/\/www.mines-stetienne.fr\/fayol\/"},{"@type":"ListItem","position":2,"name":"Recherche","item":"https:\/\/www.mines-stetienne.fr\/fayol\/recherche\/"},{"@type":"ListItem","position":3,"name":"Management responsable et innovation"}]},{"@type":"WebSite","@id":"https:\/\/www.mines-stetienne.fr\/fayol\/#website","url":"https:\/\/www.mines-stetienne.fr\/fayol\/","name":"Institut Henri Fayol","description":"","publisher":{"@id":"https:\/\/www.mines-stetienne.fr\/fayol\/#organization"},"potentialAction":[{"@type":"SearchAction","target":{"@type":"EntryPoint","urlTemplate":"https:\/\/www.mines-stetienne.fr\/fayol\/?s={search_term_string}"},"query-input":{"@type":"PropertyValueSpecification","valueRequired":true,"valueName":"search_term_string"}}],"inLanguage":"fr-FR"},{"@type":"Organization","@id":"https:\/\/www.mines-stetienne.fr\/fayol\/#organization","name":"Institut Henri Fayol","url":"https:\/\/www.mines-stetienne.fr\/fayol\/","logo":{"@type":"ImageObject","inLanguage":"fr-FR","@id":"https:\/\/www.mines-stetienne.fr\/fayol\/#\/schema\/logo\/image\/","url":"https:\/\/www.mines-stetienne.fr\/fayol\/wp-content\/uploads\/sites\/18\/2022\/09\/Mines_Saint_Etienne_IMT_RVB.png","contentUrl":"https:\/\/www.mines-stetienne.fr\/fayol\/wp-content\/uploads\/sites\/18\/2022\/09\/Mines_Saint_Etienne_IMT_RVB.png","width":316,"height":315,"caption":"Institut Henri Fayol"},"image":{"@id":"https:\/\/www.mines-stetienne.fr\/fayol\/#\/schema\/logo\/image\/"},"sameAs":["https:\/\/www.facebook.com\/MinesSaintEtienne","https:\/\/x.com\/MINES_StEtienne","https:\/\/www.youtube.com\/channel\/UCVSdpdmJccvUngjJ2on1n3A"]}]}},"_links":{"self":[{"href":"https:\/\/www.mines-stetienne.fr\/fayol\/wp-json\/wp\/v2\/pages\/143","targetHints":{"allow":["GET"]}}],"collection":[{"href":"https:\/\/www.mines-stetienne.fr\/fayol\/wp-json\/wp\/v2\/pages"}],"about":[{"href":"https:\/\/www.mines-stetienne.fr\/fayol\/wp-json\/wp\/v2\/types\/page"}],"author":[{"embeddable":true,"href":"https:\/\/www.mines-stetienne.fr\/fayol\/wp-json\/wp\/v2\/users\/1536"}],"replies":[{"embeddable":true,"href":"https:\/\/www.mines-stetienne.fr\/fayol\/wp-json\/wp\/v2\/comments?post=143"}],"version-history":[{"count":4,"href":"https:\/\/www.mines-stetienne.fr\/fayol\/wp-json\/wp\/v2\/pages\/143\/revisions"}],"predecessor-version":[{"id":804,"href":"https:\/\/www.mines-stetienne.fr\/fayol\/wp-json\/wp\/v2\/pages\/143\/revisions\/804"}],"up":[{"embeddable":true,"href":"https:\/\/www.mines-stetienne.fr\/fayol\/wp-json\/wp\/v2\/pages\/77"}],"wp:attachment":[{"href":"https:\/\/www.mines-stetienne.fr\/fayol\/wp-json\/wp\/v2\/media?parent=143"}],"wp:term":[{"taxonomy":"post_tag","embeddable":true,"href":"https:\/\/www.mines-stetienne.fr\/fayol\/wp-json\/wp\/v2\/tags?post=143"}],"curies":[{"name":"wp","href":"https:\/\/api.w.org\/{rel}","templated":true}]}}