{"id":124,"date":"2022-11-24T11:04:16","date_gmt":"2022-11-24T10:04:16","guid":{"rendered":"https:\/\/www.mines-stetienne.fr\/fayol\/?page_id=124"},"modified":"2025-01-10T14:46:15","modified_gmt":"2025-01-10T13:46:15","slug":"partenaires","status":"publish","type":"page","link":"https:\/\/www.mines-stetienne.fr\/fayol\/recherche\/informatique-et-systemes-intelligents\/partenaires\/","title":{"rendered":"Partenaires"},"content":{"rendered":"\n<h3 class=\"wp-block-heading\">Partenaires industriels et institutionnels<\/h3>\n\n\n\n<div class=\"ListeFormations-item col-md-3 col-md-3 col-sm-3 col-xs-6\">\n<div class=\"Formation click\"><p class=\"Formation-title\">\n<a class=\"\" href=\"http:\/\/www.orange.com\/fr\/accueil\" target=\"_blank\" rel=\"noopener\"><\/a><\/br><img decoding=\"async\" src=\"https:\/\/www.mines-stetienne.fr\/wp-content\/uploads\/2016\/01\/logo-orange-1.gif\" width=\"80\"><\/P>\n<p class=\"Formation-contentHover\">Orange<\/p>\n<\/div>\n<\/div>\n<div class=\"ListeFormations-item col-md-3 col-md-3 col-sm-3 col-xs-6\">\n<div class=\"Formation click\"><p class=\"Formation-title\">\n<a class=\"\" href=\"http:\/\/www.armines.net\/\" target=\"_blank\" rel=\"noopener\"><\/a><img decoding=\"async\" src=\"https:\/\/www.mines-stetienne.fr\/wp-content\/uploads\/2016\/01\/logo_armines-2.gif\" width=\"100\"><\/P>\n<p class=\"Formation-contentHover\">Armines<\/p>\n<\/div>\n<\/div>\n<div class=\"ListeFormations-item col-md-3 col-md-3 col-sm-3 col-xs-6\">\n<div class=\"Formation click\"><p class=\"Formation-title\">\n<a class=\"\" href=\"https:\/\/www.renault.fr\/\" target=\"_blank\" rel=\"noopener\"><\/a><\/br><img decoding=\"async\" src=\"https:\/\/www.mines-stetienne.fr\/wp-content\/uploads\/2016\/01\/logo-renault.jpg\" width=\"80\"><\/P>\n<p class=\"Formation-contentHover\">Renault<\/p>\n<\/div>\n<\/div>\n<div class=\"ListeFormations-item col-md-3 col-md-3 col-sm-3 col-xs-6\">\n<div class=\"Formation click\"><p class=\"Formation-title\">\n<a class=\"\" href=\"https:\/\/entreprises-collectivites.engie.fr\/\" target=\"_blank\" rel=\"noopener\"><\/a><\/br><img decoding=\"async\" src=\"https:\/\/www.mines-stetienne.fr\/wp-content\/uploads\/2016\/01\/logo-engie.gif\" width=\"100\"><\/P>\n<p style=\"font-size:10px\" class=\"Formation-contentHover\">Engie<\/p>\n<\/div>\n<\/div>\n\n\n\n<div style=\"height:54px\" aria-hidden=\"true\" class=\"wp-block-spacer\"><\/div>\n\n\n\n<h3 class=\"wp-block-heading\">Partenaires acad\u00e9miques \u00e0 l\u2019international<\/h3>\n\n\n\n<div class=\"ListeFormations-item col-md-3 col-md-3 col-sm-3 col-xs-6\">\n<div class=\"Formation click\"><p class=\"Formation-title\">\n<a class=\"\" href=\"https:\/\/upb.ro\/en\/\" target=\"_blank\" rel=\"noopener\">ROUMANIE<\/a><\/br><img decoding=\"async\" src=\"https:\/\/www.mines-stetienne.fr\/wp-content\/uploads\/2016\/01\/politehnica-bucarest-150x150.png\" width=\"80\"><\/P>\n<p class=\"Formation-contentHover\">Universit\u00e9 Politechnique de Bucharest<\/p>\n<\/div>\n<\/div>\n<div class=\"ListeFormations-item col-md-3 col-md-3 col-sm-3 col-xs-6\">\n<div class=\"Formation click\"><p class=\"Formation-title\">\n<a class=\"\" href=\"http:\/\/www5.usp.br\/\" target=\"_blank\" rel=\"noopener\">BRESIL<\/a><\/br><\/br><img decoding=\"async\" src=\"https:\/\/www.mines-stetienne.fr\/wp-content\/uploads\/2016\/01\/USP_Logo-transp.png\" width=\"110\"><\/P>\n<p class=\"Formation-contentHover\">Universit\u00e9 de S\u00e3o Paulo<\/p>\n<\/div>\n<\/div>\n<div class=\"ListeFormations-item col-md-3 col-md-3 col-sm-3 col-xs-6\">\n<div class=\"Formation click\"><p class=\"Formation-title\">\n<a class=\"\" href=\"http:\/\/www5.usp.br\/\" target=\"_blank\" rel=\"noopener\">BRESIL<\/a><\/br><img decoding=\"async\" src=\"https:\/\/www.mines-stetienne.fr\/wp-content\/uploads\/2021\/03\/brasao_site_ufsc.png\" width=\"70\"><\/P>\n<p class=\"Formation-contentHover\">Universit\u00e9 F\u00e9d\u00e9rale de Santa Catarina<\/p>\n<\/div>\n<\/div>\n<div class=\"ListeFormations-item col-md-3 col-md-3 col-sm-3 col-xs-6\">\n<div class=\"Formation click\"><p class=\"Formation-title\">\n<a class=\"\" href=\"https:\/\/www.pucrs.br\/\" target=\"_blank\" rel=\"noopener\">BRESIL<\/a><\/br><img decoding=\"async\" src=\"https:\/\/www.mines-stetienne.fr\/wp-content\/uploads\/2016\/01\/pucrs.png\" width=\"43\"><\/P>\n<p style=\"font-size:10px\" class=\"Formation-contentHover\">Universit\u00e9 pontificale catholique de Rio Grande do Sul<\/p>\n<\/div>\n<\/div>\n<div class=\"ListeFormations-item col-md-3 col-md-3 col-sm-3 col-xs-6\">\n<div class=\"Formation click\"><p class=\"Formation-title\">\n<a class=\"\" href=\"https:\/\/www.unibo.it\/it\" target=\"_blank\" rel=\"noopener\">ITALIE<\/a><\/br><img decoding=\"async\" src=\"https:\/\/www.mines-stetienne.fr\/wp-content\/uploads\/2016\/01\/univ-bologne-150x150.png\" width=\"80\"><\/P>\n<p style=\"font-size:12px\" class=\"Formation-contentHover\">Universit\u00e9 de Bologne<\/p>\n<\/div>\n<\/div>\n\n\n\n<ul class=\"fixed-top-menu\">\n<li class=\"page_item page-item-782 current_page_item\" style=\"text-align: center\"><a href=\"\/fayol\/informatique-et-systemes-intelligents\/\">D\u00e9partement Informatique et syst\u00e8mes intelligents<br><\/a><\/li>\n<li class=\"page_item page-item-782 current_page_item\" style=\"text-align: center\"><a href=\"\/fayol\/informatique-et-systemes-intelligents\/projets\/\">Projets<\/a><\/li>\n<li class=\"page_item page-item-782 current_page_item\" style=\"text-align: center\"><a href=\"\/fayol\/informatique-et-systemes-intelligents\/equipe\/\">Equipe<\/a><\/li>\n<li class=\"page_item page-item-782 current_page_item\" style=\"text-align: center\"><a href=\"\/fayol\/informatique-et-systemes-intelligents\/publications\/\">Publications<\/a><\/li>\n\n<\/ul>\n","protected":false},"excerpt":{"rendered":"<p>Partenaires industriels et institutionnels Orange Armines Renault Engie Partenaires acad\u00e9miques \u00e0 l\u2019international ROUMANIE Universit\u00e9 Politechnique de Bucharest BRESIL Universit\u00e9 de S\u00e3o Paulo BRESIL Universit\u00e9 F\u00e9d\u00e9rale de Santa Catarina BRESIL Universit\u00e9 pontificale catholique de Rio Grande do Sul ITALIE Universit\u00e9 de &hellip;<\/p>\n","protected":false},"author":1536,"featured_media":0,"parent":106,"menu_order":3,"comment_status":"closed","ping_status":"closed","template":"","meta":{"footnotes":""},"tags":[],"class_list":["post-124","page","type-page","status-publish","hentry"],"pp_statuses_selecting_workflow":false,"pp_workflow_action":"current","pp_status_selection":"publish","pp_force_visibility":null,"pp_subpost_visibility":null,"pp_inherited_force_visibility":null,"pp_inherited_subpost_visibility":null,"yoast_head":"<!-- This site is optimized with the Yoast SEO plugin v27.5 - https:\/\/yoast.com\/product\/yoast-seo-wordpress\/ -->\n<title>Partenaires - Institut Henri Fayol<\/title>\n<meta name=\"robots\" content=\"index, follow, max-snippet:-1, max-image-preview:large, max-video-preview:-1\" \/>\n<link rel=\"canonical\" href=\"https:\/\/www.mines-stetienne.fr\/fayol\/recherche\/informatique-et-systemes-intelligents\/partenaires\/\" \/>\n<meta property=\"og:locale\" content=\"fr_FR\" \/>\n<meta property=\"og:type\" content=\"article\" \/>\n<meta property=\"og:title\" content=\"Partenaires - Institut Henri Fayol\" \/>\n<meta property=\"og:description\" content=\"Partenaires industriels et institutionnels Orange Armines Renault Engie Partenaires acad\u00e9miques \u00e0 l\u2019international ROUMANIE Universit\u00e9 Politechnique de Bucharest BRESIL Universit\u00e9 de S\u00e3o Paulo BRESIL Universit\u00e9 F\u00e9d\u00e9rale de Santa Catarina BRESIL Universit\u00e9 pontificale catholique de Rio Grande do Sul ITALIE Universit\u00e9 de &hellip;\" \/>\n<meta property=\"og:url\" content=\"https:\/\/www.mines-stetienne.fr\/fayol\/recherche\/informatique-et-systemes-intelligents\/partenaires\/\" \/>\n<meta property=\"og:site_name\" content=\"Institut Henri Fayol\" \/>\n<meta property=\"article:publisher\" content=\"https:\/\/www.facebook.com\/MinesSaintEtienne\" \/>\n<meta property=\"article:modified_time\" content=\"2025-01-10T13:46:15+00:00\" \/>\n<meta property=\"og:image\" content=\"https:\/\/www.mines-stetienne.fr\/wp-content\/uploads\/2016\/01\/logo-orange-1.gif\" \/>\n<meta name=\"twitter:card\" content=\"summary_large_image\" \/>\n<meta name=\"twitter:site\" content=\"@MINES_StEtienne\" \/>\n<meta name=\"twitter:label1\" content=\"Dur\u00e9e de lecture estim\u00e9e\" \/>\n\t<meta name=\"twitter:data1\" content=\"3 minutes\" \/>\n<script type=\"application\/ld+json\" class=\"yoast-schema-graph\">{\"@context\":\"https:\\\/\\\/schema.org\",\"@graph\":[{\"@type\":\"WebPage\",\"@id\":\"https:\\\/\\\/www.mines-stetienne.fr\\\/fayol\\\/recherche\\\/informatique-et-systemes-intelligents\\\/partenaires\\\/\",\"url\":\"https:\\\/\\\/www.mines-stetienne.fr\\\/fayol\\\/recherche\\\/informatique-et-systemes-intelligents\\\/partenaires\\\/\",\"name\":\"Partenaires - Institut Henri Fayol\",\"isPartOf\":{\"@id\":\"https:\\\/\\\/www.mines-stetienne.fr\\\/fayol\\\/#website\"},\"primaryImageOfPage\":{\"@id\":\"https:\\\/\\\/www.mines-stetienne.fr\\\/fayol\\\/recherche\\\/informatique-et-systemes-intelligents\\\/partenaires\\\/#primaryimage\"},\"image\":{\"@id\":\"https:\\\/\\\/www.mines-stetienne.fr\\\/fayol\\\/recherche\\\/informatique-et-systemes-intelligents\\\/partenaires\\\/#primaryimage\"},\"thumbnailUrl\":\"https:\\\/\\\/www.mines-stetienne.fr\\\/wp-content\\\/uploads\\\/2016\\\/01\\\/logo-orange-1.gif\",\"datePublished\":\"2022-11-24T10:04:16+00:00\",\"dateModified\":\"2025-01-10T13:46:15+00:00\",\"breadcrumb\":{\"@id\":\"https:\\\/\\\/www.mines-stetienne.fr\\\/fayol\\\/recherche\\\/informatique-et-systemes-intelligents\\\/partenaires\\\/#breadcrumb\"},\"inLanguage\":\"fr-FR\",\"potentialAction\":[{\"@type\":\"ReadAction\",\"target\":[\"https:\\\/\\\/www.mines-stetienne.fr\\\/fayol\\\/recherche\\\/informatique-et-systemes-intelligents\\\/partenaires\\\/\"]}]},{\"@type\":\"ImageObject\",\"inLanguage\":\"fr-FR\",\"@id\":\"https:\\\/\\\/www.mines-stetienne.fr\\\/fayol\\\/recherche\\\/informatique-et-systemes-intelligents\\\/partenaires\\\/#primaryimage\",\"url\":\"https:\\\/\\\/www.mines-stetienne.fr\\\/wp-content\\\/uploads\\\/2016\\\/01\\\/logo-orange-1.gif\",\"contentUrl\":\"https:\\\/\\\/www.mines-stetienne.fr\\\/wp-content\\\/uploads\\\/2016\\\/01\\\/logo-orange-1.gif\"},{\"@type\":\"BreadcrumbList\",\"@id\":\"https:\\\/\\\/www.mines-stetienne.fr\\\/fayol\\\/recherche\\\/informatique-et-systemes-intelligents\\\/partenaires\\\/#breadcrumb\",\"itemListElement\":[{\"@type\":\"ListItem\",\"position\":1,\"name\":\"Accueil\",\"item\":\"https:\\\/\\\/www.mines-stetienne.fr\\\/fayol\\\/\"},{\"@type\":\"ListItem\",\"position\":2,\"name\":\"Recherche\",\"item\":\"https:\\\/\\\/www.mines-stetienne.fr\\\/fayol\\\/recherche\\\/\"},{\"@type\":\"ListItem\",\"position\":3,\"name\":\"Informatique et syst\u00e8mes intelligents\",\"item\":\"https:\\\/\\\/www.mines-stetienne.fr\\\/fayol\\\/recherche\\\/informatique-et-systemes-intelligents\\\/\"},{\"@type\":\"ListItem\",\"position\":4,\"name\":\"Partenaires\"}]},{\"@type\":\"WebSite\",\"@id\":\"https:\\\/\\\/www.mines-stetienne.fr\\\/fayol\\\/#website\",\"url\":\"https:\\\/\\\/www.mines-stetienne.fr\\\/fayol\\\/\",\"name\":\"Institut Henri Fayol\",\"description\":\"\",\"publisher\":{\"@id\":\"https:\\\/\\\/www.mines-stetienne.fr\\\/fayol\\\/#organization\"},\"potentialAction\":[{\"@type\":\"SearchAction\",\"target\":{\"@type\":\"EntryPoint\",\"urlTemplate\":\"https:\\\/\\\/www.mines-stetienne.fr\\\/fayol\\\/?s={search_term_string}\"},\"query-input\":{\"@type\":\"PropertyValueSpecification\",\"valueRequired\":true,\"valueName\":\"search_term_string\"}}],\"inLanguage\":\"fr-FR\"},{\"@type\":\"Organization\",\"@id\":\"https:\\\/\\\/www.mines-stetienne.fr\\\/fayol\\\/#organization\",\"name\":\"Institut Henri Fayol\",\"url\":\"https:\\\/\\\/www.mines-stetienne.fr\\\/fayol\\\/\",\"logo\":{\"@type\":\"ImageObject\",\"inLanguage\":\"fr-FR\",\"@id\":\"https:\\\/\\\/www.mines-stetienne.fr\\\/fayol\\\/#\\\/schema\\\/logo\\\/image\\\/\",\"url\":\"https:\\\/\\\/www.mines-stetienne.fr\\\/fayol\\\/wp-content\\\/uploads\\\/sites\\\/18\\\/2022\\\/09\\\/Mines_Saint_Etienne_IMT_RVB.png\",\"contentUrl\":\"https:\\\/\\\/www.mines-stetienne.fr\\\/fayol\\\/wp-content\\\/uploads\\\/sites\\\/18\\\/2022\\\/09\\\/Mines_Saint_Etienne_IMT_RVB.png\",\"width\":316,\"height\":315,\"caption\":\"Institut Henri Fayol\"},\"image\":{\"@id\":\"https:\\\/\\\/www.mines-stetienne.fr\\\/fayol\\\/#\\\/schema\\\/logo\\\/image\\\/\"},\"sameAs\":[\"https:\\\/\\\/www.facebook.com\\\/MinesSaintEtienne\",\"https:\\\/\\\/x.com\\\/MINES_StEtienne\",\"https:\\\/\\\/www.youtube.com\\\/channel\\\/UCVSdpdmJccvUngjJ2on1n3A\"]}]}<\/script>\n<!-- \/ Yoast SEO plugin. -->","yoast_head_json":{"title":"Partenaires - Institut Henri Fayol","robots":{"index":"index","follow":"follow","max-snippet":"max-snippet:-1","max-image-preview":"max-image-preview:large","max-video-preview":"max-video-preview:-1"},"canonical":"https:\/\/www.mines-stetienne.fr\/fayol\/recherche\/informatique-et-systemes-intelligents\/partenaires\/","og_locale":"fr_FR","og_type":"article","og_title":"Partenaires - Institut Henri Fayol","og_description":"Partenaires industriels et institutionnels Orange Armines Renault Engie Partenaires acad\u00e9miques \u00e0 l\u2019international ROUMANIE Universit\u00e9 Politechnique de Bucharest BRESIL Universit\u00e9 de S\u00e3o Paulo BRESIL Universit\u00e9 F\u00e9d\u00e9rale de Santa Catarina BRESIL Universit\u00e9 pontificale catholique de Rio Grande do Sul ITALIE Universit\u00e9 de &hellip;","og_url":"https:\/\/www.mines-stetienne.fr\/fayol\/recherche\/informatique-et-systemes-intelligents\/partenaires\/","og_site_name":"Institut Henri Fayol","article_publisher":"https:\/\/www.facebook.com\/MinesSaintEtienne","article_modified_time":"2025-01-10T13:46:15+00:00","og_image":[{"url":"https:\/\/www.mines-stetienne.fr\/wp-content\/uploads\/2016\/01\/logo-orange-1.gif","type":"","width":"","height":""}],"twitter_card":"summary_large_image","twitter_site":"@MINES_StEtienne","twitter_misc":{"Dur\u00e9e de lecture estim\u00e9e":"3 minutes"},"schema":{"@context":"https:\/\/schema.org","@graph":[{"@type":"WebPage","@id":"https:\/\/www.mines-stetienne.fr\/fayol\/recherche\/informatique-et-systemes-intelligents\/partenaires\/","url":"https:\/\/www.mines-stetienne.fr\/fayol\/recherche\/informatique-et-systemes-intelligents\/partenaires\/","name":"Partenaires - Institut Henri Fayol","isPartOf":{"@id":"https:\/\/www.mines-stetienne.fr\/fayol\/#website"},"primaryImageOfPage":{"@id":"https:\/\/www.mines-stetienne.fr\/fayol\/recherche\/informatique-et-systemes-intelligents\/partenaires\/#primaryimage"},"image":{"@id":"https:\/\/www.mines-stetienne.fr\/fayol\/recherche\/informatique-et-systemes-intelligents\/partenaires\/#primaryimage"},"thumbnailUrl":"https:\/\/www.mines-stetienne.fr\/wp-content\/uploads\/2016\/01\/logo-orange-1.gif","datePublished":"2022-11-24T10:04:16+00:00","dateModified":"2025-01-10T13:46:15+00:00","breadcrumb":{"@id":"https:\/\/www.mines-stetienne.fr\/fayol\/recherche\/informatique-et-systemes-intelligents\/partenaires\/#breadcrumb"},"inLanguage":"fr-FR","potentialAction":[{"@type":"ReadAction","target":["https:\/\/www.mines-stetienne.fr\/fayol\/recherche\/informatique-et-systemes-intelligents\/partenaires\/"]}]},{"@type":"ImageObject","inLanguage":"fr-FR","@id":"https:\/\/www.mines-stetienne.fr\/fayol\/recherche\/informatique-et-systemes-intelligents\/partenaires\/#primaryimage","url":"https:\/\/www.mines-stetienne.fr\/wp-content\/uploads\/2016\/01\/logo-orange-1.gif","contentUrl":"https:\/\/www.mines-stetienne.fr\/wp-content\/uploads\/2016\/01\/logo-orange-1.gif"},{"@type":"BreadcrumbList","@id":"https:\/\/www.mines-stetienne.fr\/fayol\/recherche\/informatique-et-systemes-intelligents\/partenaires\/#breadcrumb","itemListElement":[{"@type":"ListItem","position":1,"name":"Accueil","item":"https:\/\/www.mines-stetienne.fr\/fayol\/"},{"@type":"ListItem","position":2,"name":"Recherche","item":"https:\/\/www.mines-stetienne.fr\/fayol\/recherche\/"},{"@type":"ListItem","position":3,"name":"Informatique et syst\u00e8mes intelligents","item":"https:\/\/www.mines-stetienne.fr\/fayol\/recherche\/informatique-et-systemes-intelligents\/"},{"@type":"ListItem","position":4,"name":"Partenaires"}]},{"@type":"WebSite","@id":"https:\/\/www.mines-stetienne.fr\/fayol\/#website","url":"https:\/\/www.mines-stetienne.fr\/fayol\/","name":"Institut Henri Fayol","description":"","publisher":{"@id":"https:\/\/www.mines-stetienne.fr\/fayol\/#organization"},"potentialAction":[{"@type":"SearchAction","target":{"@type":"EntryPoint","urlTemplate":"https:\/\/www.mines-stetienne.fr\/fayol\/?s={search_term_string}"},"query-input":{"@type":"PropertyValueSpecification","valueRequired":true,"valueName":"search_term_string"}}],"inLanguage":"fr-FR"},{"@type":"Organization","@id":"https:\/\/www.mines-stetienne.fr\/fayol\/#organization","name":"Institut Henri Fayol","url":"https:\/\/www.mines-stetienne.fr\/fayol\/","logo":{"@type":"ImageObject","inLanguage":"fr-FR","@id":"https:\/\/www.mines-stetienne.fr\/fayol\/#\/schema\/logo\/image\/","url":"https:\/\/www.mines-stetienne.fr\/fayol\/wp-content\/uploads\/sites\/18\/2022\/09\/Mines_Saint_Etienne_IMT_RVB.png","contentUrl":"https:\/\/www.mines-stetienne.fr\/fayol\/wp-content\/uploads\/sites\/18\/2022\/09\/Mines_Saint_Etienne_IMT_RVB.png","width":316,"height":315,"caption":"Institut Henri Fayol"},"image":{"@id":"https:\/\/www.mines-stetienne.fr\/fayol\/#\/schema\/logo\/image\/"},"sameAs":["https:\/\/www.facebook.com\/MinesSaintEtienne","https:\/\/x.com\/MINES_StEtienne","https:\/\/www.youtube.com\/channel\/UCVSdpdmJccvUngjJ2on1n3A"]}]}},"_links":{"self":[{"href":"https:\/\/www.mines-stetienne.fr\/fayol\/wp-json\/wp\/v2\/pages\/124","targetHints":{"allow":["GET"]}}],"collection":[{"href":"https:\/\/www.mines-stetienne.fr\/fayol\/wp-json\/wp\/v2\/pages"}],"about":[{"href":"https:\/\/www.mines-stetienne.fr\/fayol\/wp-json\/wp\/v2\/types\/page"}],"author":[{"embeddable":true,"href":"https:\/\/www.mines-stetienne.fr\/fayol\/wp-json\/wp\/v2\/users\/1536"}],"replies":[{"embeddable":true,"href":"https:\/\/www.mines-stetienne.fr\/fayol\/wp-json\/wp\/v2\/comments?post=124"}],"version-history":[{"count":2,"href":"https:\/\/www.mines-stetienne.fr\/fayol\/wp-json\/wp\/v2\/pages\/124\/revisions"}],"predecessor-version":[{"id":761,"href":"https:\/\/www.mines-stetienne.fr\/fayol\/wp-json\/wp\/v2\/pages\/124\/revisions\/761"}],"up":[{"embeddable":true,"href":"https:\/\/www.mines-stetienne.fr\/fayol\/wp-json\/wp\/v2\/pages\/106"}],"wp:attachment":[{"href":"https:\/\/www.mines-stetienne.fr\/fayol\/wp-json\/wp\/v2\/media?parent=124"}],"wp:term":[{"taxonomy":"post_tag","embeddable":true,"href":"https:\/\/www.mines-stetienne.fr\/fayol\/wp-json\/wp\/v2\/tags?post=124"}],"curies":[{"name":"wp","href":"https:\/\/api.w.org\/{rel}","templated":true}]}}