{"id":106,"date":"2022-11-22T17:24:21","date_gmt":"2022-11-22T16:24:21","guid":{"rendered":"https:\/\/www.mines-stetienne.fr\/fayol\/?page_id=106"},"modified":"2025-01-13T10:38:14","modified_gmt":"2025-01-13T09:38:14","slug":"informatique-et-systemes-intelligents","status":"publish","type":"page","link":"https:\/\/www.mines-stetienne.fr\/fayol\/recherche\/informatique-et-systemes-intelligents\/","title":{"rendered":"Informatique et syst\u00e8mes intelligents"},"content":{"rendered":"\n<h3 class=\"wp-block-heading\">Interconnexion de contenus, de services, d\u2019objets et de<br>personnes<\/h3>\n\n\n\n<h5><a href=\"https:\/\/www.mines-stetienne.fr\/wp-content\/uploads\/2020\/03\/nuage-isi.gif\"><img loading=\"lazy\" decoding=\"async\" class=\"wp-image-13138 size-medium alignright\" src=\"https:\/\/www.mines-stetienne.fr\/wp-content\/uploads\/2020\/03\/nuage-isi-300x300.gif\" alt=\"\" width=\"300\" height=\"300\" \/><\/a>Responsable de d\u00e9partement<\/h5>\n<div class=\"ListeFormations-item col-md-3 col-md-3 col-sm-3 col-xs-6\">\n<div class=\"Formation click\">\n<p class=\"Formation-title\"><a class=\"\" href=\"&#109;&#x61;i&#x6c;&#x74;&#111;&#x3a;z&#105;&#x6d;&#109;&#x65;r&#109;&#x61;n&#x6e;&#64;&#109;&#x69;n&#x65;&#x73;&#45;&#x73;t&#101;&#x74;&#105;&#x65;n&#110;&#x65;&#46;&#x66;r\" target=\"_blank\" rel=\"noopener\"><br><\/a><p style=\"font-size:14px\"><strong>Antoine Zimmermann<\/strong><\/p><p style=\"font-size:10px\">T\u00e9l. : 04 77 49 97 02<br><\/p>\n<p style=\"font-size:12px\" class=\"Formation-contentHover\">z&#105;&#109;&#x6d;&#x65;r&#109;&#97;&#x6e;&#x6e;&#x40;m&#105;&#110;&#x65;&#x73;-s&#116;&#x65;&#x74;&#x69;e&#110;&#110;&#x65;&#x2e;fr<\/p>\n<\/div>\n<\/div>\n\n<div style=\"height:34px\" aria-hidden=\"true\" class=\"wp-block-spacer\"><\/div>\n\n\n<h5>Appartenance Acad\u00e9mique<\/h5>\n<div class=\"ListeFormations-item col-md-3 col-md-3 col-sm-3 col-xs-6\">\n<div class=\"Formation click\">\n<p class=\"Formation-title\"><a class=\"\" href=\"https:\/\/limos.fr\/\" target=\"_blank\" rel=\"noopener\"><br><\/a><img decoding=\"async\" src=\"https:\/\/www.mines-stetienne.fr\/wp-content\/uploads\/2021\/03\/limos.png\" width=\"110\"><\/p>\n<p>&nbsp;<\/p>\n<p class=\"Formation-contentHover\">LIMOS<\/p>\n<\/div>\n<\/div>\n\n<div style=\"height:34px\" aria-hidden=\"true\" class=\"wp-block-spacer\">\n<\/div>\n\n<h5>Objectifs<\/h5>\n<p>L\u2019objectif du d\u00e9partement est de contribuer au d\u00e9veloppement de mod\u00e8les, d\u2019algorithmes et d\u2019architectures informatiques pour l\u2019interconnexion des mondes physiques, num\u00e9riques et sociaux. Il s\u2019agit de prendre en compte toutes les dimensions n\u00e9cessaires au d\u00e9ploiement d\u2019applications dans un environnement sociotechnique de plus en plus complexe tels que l\u2019 \u00ab Industrie du futur \u00bb et la \u00ab Ville du futur \u00bb.<\/p>\n<p>Les verrous scientifiques consid\u00e9r\u00e9s sont li\u00e9s \u00e0 l\u2019automatisation croissante des t\u00e2ches cognitives d\u00e9coulant de la transformation num\u00e9rique des entreprises et des territoires.<\/p>\n<p><img loading=\"lazy\" decoding=\"async\" class=\"alignleft wp-image-23767 \" src=\"https:\/\/www.mines-stetienne.fr\/wp-content\/uploads\/2021\/03\/ISI-001.png\" alt=\"\" width=\"440\" height=\"293\" \/>Les comp\u00e9tences du d\u00e9partement en repr\u00e9sentation des connaissances, raisonnements et ontologies, en coordination et simulation multi\u2010agents, fouille de donn\u00e9es ainsi qu\u2019en s\u00e9curit\u00e9, visent \u00e0 r\u00e9pondre \u00e0 ces verrous en d\u00e9veloppant des recherches contribuant \u00e0 la mise en place des raisonnements automatiques sur des masses de donn\u00e9es h\u00e9t\u00e9rog\u00e8nes, de mod\u00e8les de coordination multi\u2010agent pour assurer la coop\u00e9ration entre syst\u00e8mes intelligents dans des environnements \u00e9volutifs et centr\u00e9s sur les utilisateurs.<\/p>\n<p>En support \u00e0 ces activit\u00e9s et aux enseignement qui en d\u00e9coulent, le d\u00e9partement a mis en place\u00a0un laboratoire objets connect\u00e9s\u00a0au sein duquel de petits dispositifs communicants sont con\u00e7us et d\u00e9velopp\u00e9s par des \u00e9tudiants et des chercheurs, puis d\u00e9ploy\u00e9s et exploit\u00e9s.<\/p>\n<p>Pour valider, valoriser et enseigner les travaux r\u00e9alis\u00e9s au sein de l\u2019Institut dans des conditions quasi r\u00e9elles, des dispositifs technologiques sont \u00e9t\u00e9 d\u00e9velopp\u00e9s au sein du <a href=\"https:\/\/www.mines-stetienne.fr\/recherche\/centres-et-departements\/institut-henri-fayol\/valorisation\/2\/\">Laboratoire des transitions<\/a> de l\u2019Institut Fayol. Ces environnements offrent des espaces uniques pour exp\u00e9rimenter et explorer des solutions innovantes face aux enjeux de la transition \u00e9cologique et num\u00e9rique.<\/p>\n<p style=\"text-align: center\">\u00a0<\/p>\n\n\n\n\n\n<ul class=\"fixed-top-menu\">\n<li class=\"page_item page-item-782 current_page_item\" style=\"text-align: center\"><a href=\"https:\/\/www.mines-stetienne.fr\/recherche\/5-centres-de-formation-et-de-recherche\/institut-henri-fayol\/\">Institut Henri Fayol<\/a><\/li>\n<li class=\"page_item page-item-782 current_page_item\" style=\"text-align: center\"><a href=\"https:\/\/www.mines-stetienne.fr\/recherche\/departements\/departement-informatique-et-systemes-intelligents\/\">Informatique et syst\u00e8mes intelligents<\/a><\/li>\n<\/ul>\n","protected":false},"excerpt":{"rendered":"<p>Interconnexion de contenus, de services, d\u2019objets et depersonnes Institut Henri Fayol Informatique et syst\u00e8mes intelligents<\/p>\n","protected":false},"author":1536,"featured_media":0,"parent":77,"menu_order":0,"comment_status":"closed","ping_status":"closed","template":"","meta":{"footnotes":""},"tags":[],"class_list":["post-106","page","type-page","status-publish","hentry"],"pp_statuses_selecting_workflow":false,"pp_workflow_action":"current","pp_status_selection":"publish","pp_force_visibility":null,"pp_subpost_visibility":null,"pp_inherited_force_visibility":null,"pp_inherited_subpost_visibility":null,"yoast_head":"<!-- This site is optimized with the Yoast SEO plugin v27.5 - https:\/\/yoast.com\/product\/yoast-seo-wordpress\/ -->\n<title>Informatique et syst\u00e8mes intelligents - Institut Henri Fayol<\/title>\n<meta name=\"robots\" content=\"index, follow, max-snippet:-1, max-image-preview:large, max-video-preview:-1\" \/>\n<link rel=\"canonical\" href=\"https:\/\/www.mines-stetienne.fr\/fayol\/recherche\/informatique-et-systemes-intelligents\/\" \/>\n<meta property=\"og:locale\" content=\"fr_FR\" \/>\n<meta property=\"og:type\" content=\"article\" \/>\n<meta property=\"og:title\" content=\"Informatique et syst\u00e8mes intelligents - Institut Henri Fayol\" \/>\n<meta property=\"og:description\" content=\"Interconnexion de contenus, de services, d\u2019objets et depersonnes Institut Henri Fayol Informatique et syst\u00e8mes intelligents\" \/>\n<meta property=\"og:url\" content=\"https:\/\/www.mines-stetienne.fr\/fayol\/recherche\/informatique-et-systemes-intelligents\/\" \/>\n<meta property=\"og:site_name\" content=\"Institut Henri Fayol\" \/>\n<meta property=\"article:publisher\" content=\"https:\/\/www.facebook.com\/MinesSaintEtienne\" \/>\n<meta property=\"article:modified_time\" content=\"2025-01-13T09:38:14+00:00\" \/>\n<meta name=\"twitter:card\" content=\"summary_large_image\" \/>\n<meta name=\"twitter:site\" content=\"@MINES_StEtienne\" \/>\n<meta name=\"twitter:label1\" content=\"Dur\u00e9e de lecture estim\u00e9e\" \/>\n\t<meta name=\"twitter:data1\" content=\"2 minutes\" \/>\n<script type=\"application\/ld+json\" class=\"yoast-schema-graph\">{\"@context\":\"https:\\\/\\\/schema.org\",\"@graph\":[{\"@type\":\"WebPage\",\"@id\":\"https:\\\/\\\/www.mines-stetienne.fr\\\/fayol\\\/recherche\\\/informatique-et-systemes-intelligents\\\/\",\"url\":\"https:\\\/\\\/www.mines-stetienne.fr\\\/fayol\\\/recherche\\\/informatique-et-systemes-intelligents\\\/\",\"name\":\"Informatique et syst\u00e8mes intelligents - Institut Henri Fayol\",\"isPartOf\":{\"@id\":\"https:\\\/\\\/www.mines-stetienne.fr\\\/fayol\\\/#website\"},\"primaryImageOfPage\":{\"@id\":\"https:\\\/\\\/www.mines-stetienne.fr\\\/fayol\\\/recherche\\\/informatique-et-systemes-intelligents\\\/#primaryimage\"},\"image\":{\"@id\":\"https:\\\/\\\/www.mines-stetienne.fr\\\/fayol\\\/recherche\\\/informatique-et-systemes-intelligents\\\/#primaryimage\"},\"thumbnailUrl\":\"https:\\\/\\\/www.mines-stetienne.fr\\\/wp-content\\\/uploads\\\/2020\\\/03\\\/nuage-isi-300x300.gif\",\"datePublished\":\"2022-11-22T16:24:21+00:00\",\"dateModified\":\"2025-01-13T09:38:14+00:00\",\"breadcrumb\":{\"@id\":\"https:\\\/\\\/www.mines-stetienne.fr\\\/fayol\\\/recherche\\\/informatique-et-systemes-intelligents\\\/#breadcrumb\"},\"inLanguage\":\"fr-FR\",\"potentialAction\":[{\"@type\":\"ReadAction\",\"target\":[\"https:\\\/\\\/www.mines-stetienne.fr\\\/fayol\\\/recherche\\\/informatique-et-systemes-intelligents\\\/\"]}]},{\"@type\":\"ImageObject\",\"inLanguage\":\"fr-FR\",\"@id\":\"https:\\\/\\\/www.mines-stetienne.fr\\\/fayol\\\/recherche\\\/informatique-et-systemes-intelligents\\\/#primaryimage\",\"url\":\"https:\\\/\\\/www.mines-stetienne.fr\\\/wp-content\\\/uploads\\\/2020\\\/03\\\/nuage-isi-300x300.gif\",\"contentUrl\":\"https:\\\/\\\/www.mines-stetienne.fr\\\/wp-content\\\/uploads\\\/2020\\\/03\\\/nuage-isi-300x300.gif\"},{\"@type\":\"BreadcrumbList\",\"@id\":\"https:\\\/\\\/www.mines-stetienne.fr\\\/fayol\\\/recherche\\\/informatique-et-systemes-intelligents\\\/#breadcrumb\",\"itemListElement\":[{\"@type\":\"ListItem\",\"position\":1,\"name\":\"Accueil\",\"item\":\"https:\\\/\\\/www.mines-stetienne.fr\\\/fayol\\\/\"},{\"@type\":\"ListItem\",\"position\":2,\"name\":\"Recherche\",\"item\":\"https:\\\/\\\/www.mines-stetienne.fr\\\/fayol\\\/recherche\\\/\"},{\"@type\":\"ListItem\",\"position\":3,\"name\":\"Informatique et syst\u00e8mes intelligents\"}]},{\"@type\":\"WebSite\",\"@id\":\"https:\\\/\\\/www.mines-stetienne.fr\\\/fayol\\\/#website\",\"url\":\"https:\\\/\\\/www.mines-stetienne.fr\\\/fayol\\\/\",\"name\":\"Institut Henri Fayol\",\"description\":\"\",\"publisher\":{\"@id\":\"https:\\\/\\\/www.mines-stetienne.fr\\\/fayol\\\/#organization\"},\"potentialAction\":[{\"@type\":\"SearchAction\",\"target\":{\"@type\":\"EntryPoint\",\"urlTemplate\":\"https:\\\/\\\/www.mines-stetienne.fr\\\/fayol\\\/?s={search_term_string}\"},\"query-input\":{\"@type\":\"PropertyValueSpecification\",\"valueRequired\":true,\"valueName\":\"search_term_string\"}}],\"inLanguage\":\"fr-FR\"},{\"@type\":\"Organization\",\"@id\":\"https:\\\/\\\/www.mines-stetienne.fr\\\/fayol\\\/#organization\",\"name\":\"Institut Henri Fayol\",\"url\":\"https:\\\/\\\/www.mines-stetienne.fr\\\/fayol\\\/\",\"logo\":{\"@type\":\"ImageObject\",\"inLanguage\":\"fr-FR\",\"@id\":\"https:\\\/\\\/www.mines-stetienne.fr\\\/fayol\\\/#\\\/schema\\\/logo\\\/image\\\/\",\"url\":\"https:\\\/\\\/www.mines-stetienne.fr\\\/fayol\\\/wp-content\\\/uploads\\\/sites\\\/18\\\/2022\\\/09\\\/Mines_Saint_Etienne_IMT_RVB.png\",\"contentUrl\":\"https:\\\/\\\/www.mines-stetienne.fr\\\/fayol\\\/wp-content\\\/uploads\\\/sites\\\/18\\\/2022\\\/09\\\/Mines_Saint_Etienne_IMT_RVB.png\",\"width\":316,\"height\":315,\"caption\":\"Institut Henri Fayol\"},\"image\":{\"@id\":\"https:\\\/\\\/www.mines-stetienne.fr\\\/fayol\\\/#\\\/schema\\\/logo\\\/image\\\/\"},\"sameAs\":[\"https:\\\/\\\/www.facebook.com\\\/MinesSaintEtienne\",\"https:\\\/\\\/x.com\\\/MINES_StEtienne\",\"https:\\\/\\\/www.youtube.com\\\/channel\\\/UCVSdpdmJccvUngjJ2on1n3A\"]}]}<\/script>\n<!-- \/ Yoast SEO plugin. -->","yoast_head_json":{"title":"Informatique et syst\u00e8mes intelligents - Institut Henri Fayol","robots":{"index":"index","follow":"follow","max-snippet":"max-snippet:-1","max-image-preview":"max-image-preview:large","max-video-preview":"max-video-preview:-1"},"canonical":"https:\/\/www.mines-stetienne.fr\/fayol\/recherche\/informatique-et-systemes-intelligents\/","og_locale":"fr_FR","og_type":"article","og_title":"Informatique et syst\u00e8mes intelligents - Institut Henri Fayol","og_description":"Interconnexion de contenus, de services, d\u2019objets et depersonnes Institut Henri Fayol Informatique et syst\u00e8mes intelligents","og_url":"https:\/\/www.mines-stetienne.fr\/fayol\/recherche\/informatique-et-systemes-intelligents\/","og_site_name":"Institut Henri Fayol","article_publisher":"https:\/\/www.facebook.com\/MinesSaintEtienne","article_modified_time":"2025-01-13T09:38:14+00:00","twitter_card":"summary_large_image","twitter_site":"@MINES_StEtienne","twitter_misc":{"Dur\u00e9e de lecture estim\u00e9e":"2 minutes"},"schema":{"@context":"https:\/\/schema.org","@graph":[{"@type":"WebPage","@id":"https:\/\/www.mines-stetienne.fr\/fayol\/recherche\/informatique-et-systemes-intelligents\/","url":"https:\/\/www.mines-stetienne.fr\/fayol\/recherche\/informatique-et-systemes-intelligents\/","name":"Informatique et syst\u00e8mes intelligents - Institut Henri Fayol","isPartOf":{"@id":"https:\/\/www.mines-stetienne.fr\/fayol\/#website"},"primaryImageOfPage":{"@id":"https:\/\/www.mines-stetienne.fr\/fayol\/recherche\/informatique-et-systemes-intelligents\/#primaryimage"},"image":{"@id":"https:\/\/www.mines-stetienne.fr\/fayol\/recherche\/informatique-et-systemes-intelligents\/#primaryimage"},"thumbnailUrl":"https:\/\/www.mines-stetienne.fr\/wp-content\/uploads\/2020\/03\/nuage-isi-300x300.gif","datePublished":"2022-11-22T16:24:21+00:00","dateModified":"2025-01-13T09:38:14+00:00","breadcrumb":{"@id":"https:\/\/www.mines-stetienne.fr\/fayol\/recherche\/informatique-et-systemes-intelligents\/#breadcrumb"},"inLanguage":"fr-FR","potentialAction":[{"@type":"ReadAction","target":["https:\/\/www.mines-stetienne.fr\/fayol\/recherche\/informatique-et-systemes-intelligents\/"]}]},{"@type":"ImageObject","inLanguage":"fr-FR","@id":"https:\/\/www.mines-stetienne.fr\/fayol\/recherche\/informatique-et-systemes-intelligents\/#primaryimage","url":"https:\/\/www.mines-stetienne.fr\/wp-content\/uploads\/2020\/03\/nuage-isi-300x300.gif","contentUrl":"https:\/\/www.mines-stetienne.fr\/wp-content\/uploads\/2020\/03\/nuage-isi-300x300.gif"},{"@type":"BreadcrumbList","@id":"https:\/\/www.mines-stetienne.fr\/fayol\/recherche\/informatique-et-systemes-intelligents\/#breadcrumb","itemListElement":[{"@type":"ListItem","position":1,"name":"Accueil","item":"https:\/\/www.mines-stetienne.fr\/fayol\/"},{"@type":"ListItem","position":2,"name":"Recherche","item":"https:\/\/www.mines-stetienne.fr\/fayol\/recherche\/"},{"@type":"ListItem","position":3,"name":"Informatique et syst\u00e8mes intelligents"}]},{"@type":"WebSite","@id":"https:\/\/www.mines-stetienne.fr\/fayol\/#website","url":"https:\/\/www.mines-stetienne.fr\/fayol\/","name":"Institut Henri Fayol","description":"","publisher":{"@id":"https:\/\/www.mines-stetienne.fr\/fayol\/#organization"},"potentialAction":[{"@type":"SearchAction","target":{"@type":"EntryPoint","urlTemplate":"https:\/\/www.mines-stetienne.fr\/fayol\/?s={search_term_string}"},"query-input":{"@type":"PropertyValueSpecification","valueRequired":true,"valueName":"search_term_string"}}],"inLanguage":"fr-FR"},{"@type":"Organization","@id":"https:\/\/www.mines-stetienne.fr\/fayol\/#organization","name":"Institut Henri Fayol","url":"https:\/\/www.mines-stetienne.fr\/fayol\/","logo":{"@type":"ImageObject","inLanguage":"fr-FR","@id":"https:\/\/www.mines-stetienne.fr\/fayol\/#\/schema\/logo\/image\/","url":"https:\/\/www.mines-stetienne.fr\/fayol\/wp-content\/uploads\/sites\/18\/2022\/09\/Mines_Saint_Etienne_IMT_RVB.png","contentUrl":"https:\/\/www.mines-stetienne.fr\/fayol\/wp-content\/uploads\/sites\/18\/2022\/09\/Mines_Saint_Etienne_IMT_RVB.png","width":316,"height":315,"caption":"Institut Henri Fayol"},"image":{"@id":"https:\/\/www.mines-stetienne.fr\/fayol\/#\/schema\/logo\/image\/"},"sameAs":["https:\/\/www.facebook.com\/MinesSaintEtienne","https:\/\/x.com\/MINES_StEtienne","https:\/\/www.youtube.com\/channel\/UCVSdpdmJccvUngjJ2on1n3A"]}]}},"_links":{"self":[{"href":"https:\/\/www.mines-stetienne.fr\/fayol\/wp-json\/wp\/v2\/pages\/106","targetHints":{"allow":["GET"]}}],"collection":[{"href":"https:\/\/www.mines-stetienne.fr\/fayol\/wp-json\/wp\/v2\/pages"}],"about":[{"href":"https:\/\/www.mines-stetienne.fr\/fayol\/wp-json\/wp\/v2\/types\/page"}],"author":[{"embeddable":true,"href":"https:\/\/www.mines-stetienne.fr\/fayol\/wp-json\/wp\/v2\/users\/1536"}],"replies":[{"embeddable":true,"href":"https:\/\/www.mines-stetienne.fr\/fayol\/wp-json\/wp\/v2\/comments?post=106"}],"version-history":[{"count":8,"href":"https:\/\/www.mines-stetienne.fr\/fayol\/wp-json\/wp\/v2\/pages\/106\/revisions"}],"predecessor-version":[{"id":767,"href":"https:\/\/www.mines-stetienne.fr\/fayol\/wp-json\/wp\/v2\/pages\/106\/revisions\/767"}],"up":[{"embeddable":true,"href":"https:\/\/www.mines-stetienne.fr\/fayol\/wp-json\/wp\/v2\/pages\/77"}],"wp:attachment":[{"href":"https:\/\/www.mines-stetienne.fr\/fayol\/wp-json\/wp\/v2\/media?parent=106"}],"wp:term":[{"taxonomy":"post_tag","embeddable":true,"href":"https:\/\/www.mines-stetienne.fr\/fayol\/wp-json\/wp\/v2\/tags?post=106"}],"curies":[{"name":"wp","href":"https:\/\/api.w.org\/{rel}","templated":true}]}}