{"id":968,"date":"2016-11-09T10:48:13","date_gmt":"2016-11-09T09:48:13","guid":{"rendered":"https:\/\/www.mines-stetienne.fr\/en\/?page_id=968"},"modified":"2025-02-23T11:52:44","modified_gmt":"2025-02-23T10:52:44","slug":"publications","status":"publish","type":"page","link":"https:\/\/www.mines-stetienne.fr\/en\/research\/centres-and-departments\/manufacturing-sciences-logistics-department-sfl\/publications\/","title":{"rendered":"Publications"},"content":{"rendered":"\n<div class=\"page\" title=\"Page 1\">\n<div class=\"section\">\n<div class=\"layoutArea\">\n<div class=\"column\">\n<p><\/p><\/div><\/div><\/div><\/div>\n\n\n<div id=\"wphal-content\"><div id=\"meta\">\n        <div class=\"display\" id=\"wphal-contact\" style=\"display: none\">\n            <h3 class=\"wphal-titre\">Contact<\/h3>\n\n            <ul id=\"wphal-cont\" style=\"list-style-type: none\"><\/ul>\n        <\/div>\n        <div class=\"display\" id=\"wphal-disciplines\" style=\"display: none\">\n            <h3 class=\"wphal-titre\">Domains<\/h3><\/div>\n        <div class=\"display\" id=\"wphal-keywords\" style=\"display: none\">\n            <h3 class=\"wphal-titre\">Keywords<\/h3><\/div>\n        <div class=\"display\" id=\"wphal-auteurs\" style=\"display: none\">\n            <h3 class=\"wphal-titre\">Authors<\/h3><\/div>\n        <div class=\"display\" id=\"wphal-affiliated\" style=\"display: none\">\n            <h3 class=\"wphal-titre\">Affiliated authors<\/h3><\/div>\n        <div class=\"display\" id=\"wphal-revues\" style=\"display: none\">\n            <h3 class=\"wphal-titre\">Journals<\/h3><\/div>\n        <div class=\"display\" id=\"wphal-annees\" style=\"display: none\">\n            <h3 class=\"wphal-titre\">Year of production<\/h3><\/div>\n        <div class=\"display\" id=\"wphal-insts\" style=\"display: none\">\n            <h3 class=\"wphal-titre\">Institutions<\/h3><\/div>\n       <div class=\"display\" id=\"wphal-labs\" style=\"display: none\">\n            <h3 class=\"wphal-titre\">Laboratories<\/h3><\/div>\n       <div class=\"display\" id=\"wphal-depts\" style=\"display: none\">\n            <h3 class=\"wphal-titre\">Departments<\/h3><\/div>\n       <div class=\"display\" id=\"wphal-equipes\" style=\"display: none\">\n            <h3 class=\"wphal-titre\">Research team<\/h3><\/div>\n    <div class=\"display\" id=\"publications\"><div class=\"counter-doc\"><span class=\"wphal-nbtot\">510 <\/span>documents<\/div><br><ul><li>Pablo Garc\u00eda G\u00f3mez, St\u00e9phane Dauz\u00e8re-P\u00e9r\u00e8s, Camino Vela, In\u00e9s Gonz\u00e1lez-Rodr\u00edguez. New bounds for move evaluation in the flexible job-shop scheduling problem. <i>Computers &amp; Industrial Engineering<\/i>, 2026, 212, pp.111696. <a target=\"_blank\" href=\"https:\/\/dx.doi.org\/10.1016\/j.cie.2025.111696\">&#x27E8;10.1016\/j.cie.2025.111696&#x27E9;<\/a>. <a target=\"_blank\" href=\"https:\/\/hal.science\/hal-05519276v1\">&#x27E8;hal-05519276&#x27E9;<\/a><\/li><li>Yang Yang, Bin Zhang, St\u00e9phane Dauz\u00e8re-P\u00e9r\u00e8s, Cheng-Hung Wu. Control-limit policies for coordinated dispatching and preventive maintenance in multi-product manufacturing systems. <i>European Journal of Operational Research<\/i>, 2025, <a target=\"_blank\" href=\"https:\/\/dx.doi.org\/10.1016\/j.ejor.2025.12.041\">&#x27E8;10.1016\/j.ejor.2025.12.041&#x27E9;<\/a>. <a target=\"_blank\" href=\"https:\/\/hal.science\/hal-05519273v1\">&#x27E8;hal-05519273&#x27E9;<\/a><\/li><li>Kejun Qiu, Lu Chen, St\u00e9phane Dauz\u00e8re-P\u00e9r\u00e8s. Robust optimization approach for the resource-constrained project scheduling problem with uncertain activity release times. <i>Computers and Operations Research<\/i>, 2025, 184, pp.107215. <a target=\"_blank\" href=\"https:\/\/dx.doi.org\/10.1016\/j.cor.2025.107215\">&#x27E8;10.1016\/j.cor.2025.107215&#x27E9;<\/a>. <a target=\"_blank\" href=\"https:\/\/hal.science\/hal-05519265v1\">&#x27E8;hal-05519265&#x27E9;<\/a><\/li><li>Laurent Slonim, Oussama Ben-Ammar, Elodie Suzanne, Pierre Slangen, Nabil Absi. From MoCap and Unity to ergonomic scores and KPI. <i>MIM 2025 - 11th IFAC Conference on Manufacturing Modelling, Management and Control<\/i>, Jun 2025, Trondheim ( Norv\u00e8ge), Norway. <a target=\"_blank\" href=\"https:\/\/dx.doi.org\/10.1016\/j.ifacol.2025.09.169\">&#x27E8;10.1016\/j.ifacol.2025.09.169&#x27E9;<\/a>. <a target=\"_blank\" href=\"https:\/\/hal.science\/hal-05198769v1\">&#x27E8;hal-05198769&#x27E9;<\/a><\/li><li>Pedro Jos\u00e9 Correia Duarte, St\u00e9phane Dauz\u00e8re-P\u00e9r\u00e8s, Dennis Huisman, Carlo Mannino, Giorgio Sartor, et al.. 50 years of OR in railway timetabling and rolling stock planning. <i>EURO Journal on Transportation and Logistics<\/i>, 2025, 14, pp.100155. <a target=\"_blank\" href=\"https:\/\/dx.doi.org\/10.1016\/j.ejtl.2025.100155\">&#x27E8;10.1016\/j.ejtl.2025.100155&#x27E9;<\/a>. <a target=\"_blank\" href=\"https:\/\/hal.science\/hal-05519086v1\">&#x27E8;hal-05519086&#x27E9;<\/a><\/li><li>Jean Jodeau, Nabil Absi, R\u00e9my Chevrier, Dominique Feillet. The rail-road Dial-a-Ride problem. <i>European Journal of Operational Research<\/i>, 2024, 318 (2), pp.486-499. <a target=\"_blank\" href=\"https:\/\/dx.doi.org\/10.1016\/j.ejor.2024.05.036\">&#x27E8;10.1016\/j.ejor.2024.05.036&#x27E9;<\/a>. <a target=\"_blank\" href=\"https:\/\/hal.science\/hal-04865993v1\">&#x27E8;hal-04865993&#x27E9;<\/a><\/li><li>Nabil Absi, Wilco van den Heuvel, St\u00e9phane Dauz\u00e8re-P\u00e9r\u00e8s. Complexity analysis of integrated dynamic lot sizing and maintenance planning problems. <i>European Journal of Operational Research<\/i>, 2024, 318 (1), pp.100-109. <a target=\"_blank\" href=\"https:\/\/dx.doi.org\/10.1016\/j.ejor.2024.04.025\">&#x27E8;10.1016\/j.ejor.2024.04.025&#x27E9;<\/a>. <a target=\"_blank\" href=\"https:\/\/hal.science\/hal-04937179v1\">&#x27E8;hal-04937179&#x27E9;<\/a><\/li><li>Wei-Ting Yang, Karim Tamssaouet, St\u00e9phane Dauz\u00e8re-P\u00e9r\u00e8s. Bayesian network structure learning using scatter search. <i>Knowledge-Based Systems<\/i>, 2024, 300, pp.112149. <a target=\"_blank\" href=\"https:\/\/dx.doi.org\/10.1016\/j.knosys.2024.112149\">&#x27E8;10.1016\/j.knosys.2024.112149&#x27E9;<\/a>. <a target=\"_blank\" href=\"https:\/\/hal.science\/hal-04937177v1\">&#x27E8;hal-04937177&#x27E9;<\/a><\/li><li>Maxime Agius, Nabil Absi, Dominique Feillet, Thierry Garaix. Workload equity in vehicle routing with a medium-term perspective. <i>4OR: A Quarterly Journal of Operations Research<\/i>, In press, <a target=\"_blank\" href=\"https:\/\/dx.doi.org\/10.1007\/s10288-024-00573-9\">&#x27E8;10.1007\/s10288-024-00573-9&#x27E9;<\/a>. <a target=\"_blank\" href=\"https:\/\/hal.science\/hal-04865972v1\">&#x27E8;hal-04865972&#x27E9;<\/a><\/li><li>St\u00e9phane Dauz\u00e8re-P\u00e9r\u00e8s, Junwen Ding, Liji Shen, Karim Tamssaouet. The flexible job shop scheduling problem: A review. <i>European Journal of Operational Research<\/i>, 2024, 314 (2), pp.409-432. <a target=\"_blank\" href=\"https:\/\/dx.doi.org\/10.1016\/j.ejor.2023.05.017\">&#x27E8;10.1016\/j.ejor.2023.05.017&#x27E9;<\/a>. <a target=\"_blank\" href=\"https:\/\/hal-emse.ccsd.cnrs.fr\/emse-04408333v1\">&#x27E8;emse-04408333&#x27E9;<\/a><\/li><\/ul><ul class=\"wphal-pagination\"><li class=\"active\"><a href=\"#\">1<\/a><\/li><li><a href=\"https:\/\/www.mines-stetienne.fr\/en\/wp-json\/wp\/v2\/pages\/968?hal_page=2\">2<\/a><\/li><li><a href=\"https:\/\/www.mines-stetienne.fr\/en\/wp-json\/wp\/v2\/pages\/968?hal_page=3\">3<\/a><\/li><li><a href=\"https:\/\/www.mines-stetienne.fr\/en\/wp-json\/wp\/v2\/pages\/968?hal_page=4\">4<\/a><\/li><li class=\"disabled\"><a href=\"#\">&hellip;<\/a><\/li><li><a href=\"https:\/\/www.mines-stetienne.fr\/en\/wp-json\/wp\/v2\/pages\/968?hal_page=50\">50<\/a><\/li><li><a href=\"https:\/\/www.mines-stetienne.fr\/en\/wp-json\/wp\/v2\/pages\/968?hal_page=51\">51<\/a><\/li><li><a href=\"https:\/\/www.mines-stetienne.fr\/en\/wp-json\/wp\/v2\/pages\/968?hal_page=2\">&raquo;<\/a><\/li><\/ul><\/div>\n    <\/div>\n<\/div><div class=\"wphal-footer\"><p style=\"color:#B3B2B0\">Powered by HAL&nbsp;<a href=\"https:\/\/hal.science\/\" target=\"_blank\"><img decoding=\"async\" alt=\"logo\" src=\"https:\/\/www.mines-stetienne.fr\/en\/wp-content\/plugins\/hal\/img\/logo-hal.png\" style=\"width:90px\"><\/a><\/p><\/div>\n","protected":false},"excerpt":{"rendered":"","protected":false},"author":2,"featured_media":0,"parent":913,"menu_order":40,"comment_status":"closed","ping_status":"closed","template":"","meta":{"_relevanssi_hide_post":"","_relevanssi_hide_content":"","_relevanssi_pin_for_all":"","_relevanssi_pin_keywords":"","_relevanssi_unpin_keywords":"","_relevanssi_related_keywords":"","_relevanssi_related_include_ids":"","_relevanssi_related_exclude_ids":"","_relevanssi_related_no_append":"","_relevanssi_related_not_related":"","_relevanssi_related_posts":"492,2385,497","_relevanssi_noindex_reason":"","footnotes":"","_links_to":"","_links_to_target":""},"tags":[],"class_list":["post-968","page","type-page","status-publish","hentry"],"pp_statuses_selecting_workflow":false,"pp_workflow_action":"current","pp_status_selection":"publish","pp_force_visibility":null,"pp_subpost_visibility":null,"pp_inherited_force_visibility":null,"pp_inherited_subpost_visibility":null,"yoast_head":"<!-- This site is optimized with the Yoast SEO plugin v27.5 - https:\/\/yoast.com\/product\/yoast-seo-wordpress\/ -->\n<title>Publications - MINES Saint-\u00c9tienne<\/title>\n<meta name=\"robots\" content=\"index, follow, max-snippet:-1, max-image-preview:large, max-video-preview:-1\" \/>\n<link rel=\"canonical\" href=\"https:\/\/www.mines-stetienne.fr\/en\/research\/centres-and-departments\/manufacturing-sciences-logistics-department-sfl\/publications\/\" \/>\n<meta property=\"og:locale\" content=\"en_GB\" \/>\n<meta property=\"og:type\" content=\"article\" \/>\n<meta property=\"og:title\" content=\"Publications - MINES Saint-\u00c9tienne\" \/>\n<meta property=\"og:url\" content=\"https:\/\/www.mines-stetienne.fr\/en\/research\/centres-and-departments\/manufacturing-sciences-logistics-department-sfl\/publications\/\" \/>\n<meta property=\"og:site_name\" content=\"MINES Saint-\u00c9tienne\" \/>\n<meta property=\"article:publisher\" content=\"https:\/\/www.facebook.com\/MinesSaintEtienne\" \/>\n<meta property=\"article:modified_time\" content=\"2025-02-23T10:52:44+00:00\" \/>\n<meta name=\"twitter:card\" content=\"summary_large_image\" \/>\n<meta name=\"twitter:site\" content=\"@MINES_StEtienne\" \/>\n<meta name=\"twitter:label1\" content=\"Estimated reading time\" \/>\n\t<meta name=\"twitter:data1\" content=\"1 minute\" \/>\n<script type=\"application\/ld+json\" class=\"yoast-schema-graph\">{\"@context\":\"https:\\\/\\\/schema.org\",\"@graph\":[{\"@type\":\"WebPage\",\"@id\":\"https:\\\/\\\/www.mines-stetienne.fr\\\/en\\\/research\\\/centres-and-departments\\\/manufacturing-sciences-logistics-department-sfl\\\/publications\\\/\",\"url\":\"https:\\\/\\\/www.mines-stetienne.fr\\\/en\\\/research\\\/centres-and-departments\\\/manufacturing-sciences-logistics-department-sfl\\\/publications\\\/\",\"name\":\"Publications - MINES Saint-\u00c9tienne\",\"isPartOf\":{\"@id\":\"https:\\\/\\\/www.mines-stetienne.fr\\\/en\\\/#website\"},\"datePublished\":\"2016-11-09T09:48:13+00:00\",\"dateModified\":\"2025-02-23T10:52:44+00:00\",\"breadcrumb\":{\"@id\":\"https:\\\/\\\/www.mines-stetienne.fr\\\/en\\\/research\\\/centres-and-departments\\\/manufacturing-sciences-logistics-department-sfl\\\/publications\\\/#breadcrumb\"},\"inLanguage\":\"en-GB\",\"potentialAction\":[{\"@type\":\"ReadAction\",\"target\":[\"https:\\\/\\\/www.mines-stetienne.fr\\\/en\\\/research\\\/centres-and-departments\\\/manufacturing-sciences-logistics-department-sfl\\\/publications\\\/\"]}]},{\"@type\":\"BreadcrumbList\",\"@id\":\"https:\\\/\\\/www.mines-stetienne.fr\\\/en\\\/research\\\/centres-and-departments\\\/manufacturing-sciences-logistics-department-sfl\\\/publications\\\/#breadcrumb\",\"itemListElement\":[{\"@type\":\"ListItem\",\"position\":1,\"name\":\"Home\",\"item\":\"https:\\\/\\\/www.mines-stetienne.fr\\\/en\\\/\"},{\"@type\":\"ListItem\",\"position\":2,\"name\":\"Research\",\"item\":\"https:\\\/\\\/www.mines-stetienne.fr\\\/en\\\/research\\\/\"},{\"@type\":\"ListItem\",\"position\":3,\"name\":\"Centres and Departments\",\"item\":\"https:\\\/\\\/www.mines-stetienne.fr\\\/en\\\/research\\\/centres-and-departments\\\/\"},{\"@type\":\"ListItem\",\"position\":4,\"name\":\"Manufacturing Sciences and Logistics Department (SFL)\",\"item\":\"https:\\\/\\\/www.mines-stetienne.fr\\\/en\\\/research\\\/centres-and-departments\\\/manufacturing-sciences-logistics-department-sfl\\\/\"},{\"@type\":\"ListItem\",\"position\":5,\"name\":\"Publications\"}]},{\"@type\":\"WebSite\",\"@id\":\"https:\\\/\\\/www.mines-stetienne.fr\\\/en\\\/#website\",\"url\":\"https:\\\/\\\/www.mines-stetienne.fr\\\/en\\\/\",\"name\":\"MINES Saint-\u00c9tienne\",\"description\":\"Inspiring innovation\",\"publisher\":{\"@id\":\"https:\\\/\\\/www.mines-stetienne.fr\\\/en\\\/#organization\"},\"potentialAction\":[{\"@type\":\"SearchAction\",\"target\":{\"@type\":\"EntryPoint\",\"urlTemplate\":\"https:\\\/\\\/www.mines-stetienne.fr\\\/en\\\/?s={search_term_string}\"},\"query-input\":{\"@type\":\"PropertyValueSpecification\",\"valueRequired\":true,\"valueName\":\"search_term_string\"}}],\"inLanguage\":\"en-GB\"},{\"@type\":\"Organization\",\"@id\":\"https:\\\/\\\/www.mines-stetienne.fr\\\/en\\\/#organization\",\"name\":\"MINES Saint-\u00c9tienne\",\"url\":\"https:\\\/\\\/www.mines-stetienne.fr\\\/en\\\/\",\"logo\":{\"@type\":\"ImageObject\",\"inLanguage\":\"en-GB\",\"@id\":\"https:\\\/\\\/www.mines-stetienne.fr\\\/en\\\/#\\\/schema\\\/logo\\\/image\\\/\",\"url\":\"https:\\\/\\\/www.mines-stetienne.fr\\\/en\\\/wp-content\\\/uploads\\\/sites\\\/4\\\/2022\\\/09\\\/Mines_Saint_Etienne_IMT_RVB.png\",\"contentUrl\":\"https:\\\/\\\/www.mines-stetienne.fr\\\/en\\\/wp-content\\\/uploads\\\/sites\\\/4\\\/2022\\\/09\\\/Mines_Saint_Etienne_IMT_RVB.png\",\"width\":316,\"height\":315,\"caption\":\"MINES Saint-\u00c9tienne\"},\"image\":{\"@id\":\"https:\\\/\\\/www.mines-stetienne.fr\\\/en\\\/#\\\/schema\\\/logo\\\/image\\\/\"},\"sameAs\":[\"https:\\\/\\\/www.facebook.com\\\/MinesSaintEtienne\",\"https:\\\/\\\/x.com\\\/MINES_StEtienne\",\"https:\\\/\\\/www.linkedin.com\\\/school\\\/527715\\\/\",\"https:\\\/\\\/www.youtube.com\\\/c\\\/Mines-stetienneFr\",\"https:\\\/\\\/www.instagram.com\\\/mines_stetienne\\\/\"]}]}<\/script>\n<!-- \/ Yoast SEO plugin. -->","yoast_head_json":{"title":"Publications - MINES Saint-\u00c9tienne","robots":{"index":"index","follow":"follow","max-snippet":"max-snippet:-1","max-image-preview":"max-image-preview:large","max-video-preview":"max-video-preview:-1"},"canonical":"https:\/\/www.mines-stetienne.fr\/en\/research\/centres-and-departments\/manufacturing-sciences-logistics-department-sfl\/publications\/","og_locale":"en_GB","og_type":"article","og_title":"Publications - MINES Saint-\u00c9tienne","og_url":"https:\/\/www.mines-stetienne.fr\/en\/research\/centres-and-departments\/manufacturing-sciences-logistics-department-sfl\/publications\/","og_site_name":"MINES Saint-\u00c9tienne","article_publisher":"https:\/\/www.facebook.com\/MinesSaintEtienne","article_modified_time":"2025-02-23T10:52:44+00:00","twitter_card":"summary_large_image","twitter_site":"@MINES_StEtienne","twitter_misc":{"Estimated reading time":"1 minute"},"schema":{"@context":"https:\/\/schema.org","@graph":[{"@type":"WebPage","@id":"https:\/\/www.mines-stetienne.fr\/en\/research\/centres-and-departments\/manufacturing-sciences-logistics-department-sfl\/publications\/","url":"https:\/\/www.mines-stetienne.fr\/en\/research\/centres-and-departments\/manufacturing-sciences-logistics-department-sfl\/publications\/","name":"Publications - MINES Saint-\u00c9tienne","isPartOf":{"@id":"https:\/\/www.mines-stetienne.fr\/en\/#website"},"datePublished":"2016-11-09T09:48:13+00:00","dateModified":"2025-02-23T10:52:44+00:00","breadcrumb":{"@id":"https:\/\/www.mines-stetienne.fr\/en\/research\/centres-and-departments\/manufacturing-sciences-logistics-department-sfl\/publications\/#breadcrumb"},"inLanguage":"en-GB","potentialAction":[{"@type":"ReadAction","target":["https:\/\/www.mines-stetienne.fr\/en\/research\/centres-and-departments\/manufacturing-sciences-logistics-department-sfl\/publications\/"]}]},{"@type":"BreadcrumbList","@id":"https:\/\/www.mines-stetienne.fr\/en\/research\/centres-and-departments\/manufacturing-sciences-logistics-department-sfl\/publications\/#breadcrumb","itemListElement":[{"@type":"ListItem","position":1,"name":"Home","item":"https:\/\/www.mines-stetienne.fr\/en\/"},{"@type":"ListItem","position":2,"name":"Research","item":"https:\/\/www.mines-stetienne.fr\/en\/research\/"},{"@type":"ListItem","position":3,"name":"Centres and Departments","item":"https:\/\/www.mines-stetienne.fr\/en\/research\/centres-and-departments\/"},{"@type":"ListItem","position":4,"name":"Manufacturing Sciences and Logistics Department (SFL)","item":"https:\/\/www.mines-stetienne.fr\/en\/research\/centres-and-departments\/manufacturing-sciences-logistics-department-sfl\/"},{"@type":"ListItem","position":5,"name":"Publications"}]},{"@type":"WebSite","@id":"https:\/\/www.mines-stetienne.fr\/en\/#website","url":"https:\/\/www.mines-stetienne.fr\/en\/","name":"MINES Saint-\u00c9tienne","description":"Inspiring innovation","publisher":{"@id":"https:\/\/www.mines-stetienne.fr\/en\/#organization"},"potentialAction":[{"@type":"SearchAction","target":{"@type":"EntryPoint","urlTemplate":"https:\/\/www.mines-stetienne.fr\/en\/?s={search_term_string}"},"query-input":{"@type":"PropertyValueSpecification","valueRequired":true,"valueName":"search_term_string"}}],"inLanguage":"en-GB"},{"@type":"Organization","@id":"https:\/\/www.mines-stetienne.fr\/en\/#organization","name":"MINES Saint-\u00c9tienne","url":"https:\/\/www.mines-stetienne.fr\/en\/","logo":{"@type":"ImageObject","inLanguage":"en-GB","@id":"https:\/\/www.mines-stetienne.fr\/en\/#\/schema\/logo\/image\/","url":"https:\/\/www.mines-stetienne.fr\/en\/wp-content\/uploads\/sites\/4\/2022\/09\/Mines_Saint_Etienne_IMT_RVB.png","contentUrl":"https:\/\/www.mines-stetienne.fr\/en\/wp-content\/uploads\/sites\/4\/2022\/09\/Mines_Saint_Etienne_IMT_RVB.png","width":316,"height":315,"caption":"MINES Saint-\u00c9tienne"},"image":{"@id":"https:\/\/www.mines-stetienne.fr\/en\/#\/schema\/logo\/image\/"},"sameAs":["https:\/\/www.facebook.com\/MinesSaintEtienne","https:\/\/x.com\/MINES_StEtienne","https:\/\/www.linkedin.com\/school\/527715\/","https:\/\/www.youtube.com\/c\/Mines-stetienneFr","https:\/\/www.instagram.com\/mines_stetienne\/"]}]}},"publishpress_future_workflow_manual_trigger":{"enabledWorkflows":[]},"_links":{"self":[{"href":"https:\/\/www.mines-stetienne.fr\/en\/wp-json\/wp\/v2\/pages\/968","targetHints":{"allow":["GET"]}}],"collection":[{"href":"https:\/\/www.mines-stetienne.fr\/en\/wp-json\/wp\/v2\/pages"}],"about":[{"href":"https:\/\/www.mines-stetienne.fr\/en\/wp-json\/wp\/v2\/types\/page"}],"author":[{"embeddable":true,"href":"https:\/\/www.mines-stetienne.fr\/en\/wp-json\/wp\/v2\/users\/2"}],"replies":[{"embeddable":true,"href":"https:\/\/www.mines-stetienne.fr\/en\/wp-json\/wp\/v2\/comments?post=968"}],"version-history":[{"count":13,"href":"https:\/\/www.mines-stetienne.fr\/en\/wp-json\/wp\/v2\/pages\/968\/revisions"}],"predecessor-version":[{"id":15233,"href":"https:\/\/www.mines-stetienne.fr\/en\/wp-json\/wp\/v2\/pages\/968\/revisions\/15233"}],"up":[{"embeddable":true,"href":"https:\/\/www.mines-stetienne.fr\/en\/wp-json\/wp\/v2\/pages\/913"}],"wp:attachment":[{"href":"https:\/\/www.mines-stetienne.fr\/en\/wp-json\/wp\/v2\/media?parent=968"}],"wp:term":[{"taxonomy":"post_tag","embeddable":true,"href":"https:\/\/www.mines-stetienne.fr\/en\/wp-json\/wp\/v2\/tags?post=968"}],"curies":[{"name":"wp","href":"https:\/\/api.w.org\/{rel}","templated":true}]}}