{"id":9,"date":"2016-01-13T21:36:45","date_gmt":"2016-01-13T20:36:45","guid":{"rendered":"https:\/\/www.mines-stetienne.fr\/en\/?page_id=9"},"modified":"2021-01-22T10:32:33","modified_gmt":"2021-01-22T09:32:33","slug":"history","status":"publish","type":"page","link":"https:\/\/www.mines-stetienne.fr\/en\/about-us\/history\/","title":{"rendered":"History"},"content":{"rendered":"<h1>Exploring the frontiers of science, engineering, and industrial innovation<\/h1>\n<p>Since the mid-18th century, French engineering schools have been the spearhead of the nation\u2019s economic development and social progress.<\/p>\n<p>\u00c9cole des Mines de Saint-\u00c9tienne is France\u2019s oldest elite engineering school outside Paris, and the fifth oldest among France\u2019s 250 \u00ab\u00a0Grandes \u00c9coles\u00a0\u00bb.<\/p>\n<p>The school is part of a family of seven \u201cNational Schools of Mines\u201d created between 1783 and 1992.<\/p>\n<p>The history of the school is all about \u201cvalue exploration and value mining\u201d. No wonder that the old mine safety lamp (patented by a school alumnus, Jean-Baptiste Marsaut, class of 1850, is still today the school\u2019s symbol: all we do is about discovery and enlightening!<\/p>\n<p>The school is proud of its substantial share in France&#8217;s educational and industrial heritage. But in no way is the school haunted by nostalgic memories. It has always been at the forefront of engineering education and innovations. The school \u201ctrademark\u201d has recently been\u00a0illustrated by the foundation of two new, fast developing research units exploring the frontiers between engineering and life sciences: the Health and Engineering centre, and the Department of Bioelectronics.<\/p>\n<p>Institut Mines-T\u00e9l\u00e9com: creation of the first group of engineering and business schools in France.<\/p>\n<p>The creation of the Institut Mines-T\u00e9l\u00e9com on 1st March 2012, made official by the decree of 28th February 2012, brings the Mines Schools and Institut T\u00e9l\u00e9com Schools together to form the first group of engineering and business schools in France, making it a key player in higher education, research and innovation.<\/p>\n<p>Teaching, Research, Innovation: the new institute&#8217;s 3 key missions<\/p>\n<p>In terms of Teaching, the Institut Mines-T\u00e9l\u00e9com offers new opportunities for students in terms of mobility but also double degrees, particularly for engineers\/managers, facilitated by the presence of T\u00e9l\u00e9com Business School. This group now enjoys a higher international profile enabling it to develop partnerships with top-ranking academic institutions.<\/p>\n<p>In terms of Research and Innovation, the research staff at Institut Mines-T\u00e9l\u00e9com cover a wide spectrum of knowledge in engineering, digital technology, economic and social sciences and in management. By combining its assets, the Institute has established itself in its disciplines and areas of application for academic and industrial partners at national, as well as European and international, levels.<\/p>\n<h3>Find out more about famous alumni<\/h3>\n<ul>\n<li><strong>Jean-Baptiste Joseph Dieudonn\u00e9\u00a0Boussingault<\/strong>\u00a0(2 February 1802 \u2013 11 May 1887) was a French\u00a0chemist\u00a0who made significant contributions to agricultural science, petroleum science and metallurgy.<\/li>\n<li><strong>Pierre Chevenard<\/strong>\u00a0(promotion 1907):\u00a0engineer and enquiring specialist in special steels\u00a0and\u00a0metallography, member of the\u00a0Academy of Science<\/li>\n<li><strong>Pierre-Fr\u00e9d\u00e9ric Dorian\u00a0<\/strong>(auditeur libre 1831-1832): French politician and ironmaster. Member of\u00a0the Government of National defense\u00a0(1870-1871).<\/li>\n<li><strong>Henri Fayol\u00a0<\/strong>(Istanbul, 29 July 1841 \u2013\u00a0Paris, 19 November 1925) was a\u00a0French\u00a0mining engineer\u00a0and director of mines who developed a general theory of\u00a0business administration. He and his colleagues developed this theory independently &#8211; but roughly at the same time as\u00a0scientific management. He was one of the most influential contributors to modern concepts of\u00a0management.<\/li>\n<li><strong>Olivier Fleurot<\/strong>\u00a0(promotion 1971):\u00a0head\u00a0of\u00a0Les\u00a0Echos\u00a0(1996),\u00a0first French\u00a0director of\u00a0Financial Times\u00a0(1998).\u00a0On October 2006,\u00a0Maurice L\u00e9vy\u00a0called\u00a0him to chair Publicis Worldwide.<\/li>\n<li><strong>Beno\u00eet\u00a0F<\/strong><strong>ourneyron<\/strong>:\u00a0inventor of\u00a0the water\u00a0turbine.<\/li>\n<li><strong>Jules Garnier<\/strong>: discoverer of\u00a0nickel\u00a0in\u00a0New Caledonia.<\/li>\n<li><strong>Ignace Xavier\u00a0Morand Hommaire de Hell<\/strong>, often known as\u00a0<strong>Xavier Hommaire de Hell<\/strong>, (24 November 1812,\u00a0Altkirch\u2013 29 August 1848,\u00a0Isfahan) was a French geographer, engineer and traveller who carried out research in\u00a0Turkey, southern\u00a0Russia\u00a0and\u00a0Persia.<\/li>\n<li><strong>Mahamadou Issoufou\u00a0<\/strong>(born 1952) is a\u00a0Nigerien\u00a0politician who has been\u00a0President of Niger\u00a0since 7 April 2011. Issoufou was\u00a0Prime Minister of Niger\u00a0from 1993 to 1994,\u00a0President of the National Assembly\u00a0from 1995 to 1996, and was a candidate in each presidential election since 1993. He led the\u00a0Nigerien Party for Democracy and Socialism\u00a0(PNDS-Tarayya), a social democratic party, from its foundation in 1990 until his election as President of Niger in 2011. During the Presidency of\u00a0Mamadou Tandja\u00a0(1999\u20132010), Issoufou was the main opposition leader.<\/li>\n<li><strong>Beno\u00eet Rouquayrol<\/strong> one of the inventors of the aqualung.<\/li>\n<\/ul>\n","protected":false},"excerpt":{"rendered":"<p>Exploring the frontiers of science, engineering, and industrial innovation Since the mid-18th century, French engineering schools have been the spearhead of the nation\u2019s economic development and social progress. \u00c9cole des Mines de Saint-\u00c9tienne is France\u2019s oldest elite engineering school outside &hellip;<\/p>\n","protected":false},"author":2,"featured_media":0,"parent":7,"menu_order":140,"comment_status":"closed","ping_status":"closed","template":"","meta":{"_relevanssi_hide_post":"","_relevanssi_hide_content":"","_relevanssi_pin_for_all":"","_relevanssi_pin_keywords":"","_relevanssi_unpin_keywords":"","_relevanssi_related_keywords":"","_relevanssi_related_include_ids":"","_relevanssi_related_exclude_ids":"","_relevanssi_related_no_append":"","_relevanssi_related_not_related":"","_relevanssi_related_posts":"1887,2644,2002,2228,2446,2402","_relevanssi_noindex_reason":"","footnotes":"","_links_to":"","_links_to_target":""},"tags":[],"class_list":["post-9","page","type-page","status-publish","hentry"],"pp_statuses_selecting_workflow":false,"pp_workflow_action":"current","pp_status_selection":"publish","pp_force_visibility":null,"pp_subpost_visibility":null,"pp_inherited_force_visibility":null,"pp_inherited_subpost_visibility":null,"yoast_head":"<!-- This site is optimized with the Yoast SEO plugin v27.5 - https:\/\/yoast.com\/product\/yoast-seo-wordpress\/ -->\n<title>History - MINES Saint-\u00c9tienne<\/title>\n<meta name=\"robots\" content=\"index, follow, max-snippet:-1, max-image-preview:large, max-video-preview:-1\" \/>\n<link rel=\"canonical\" href=\"https:\/\/www.mines-stetienne.fr\/en\/about-us\/history\/\" \/>\n<meta property=\"og:locale\" content=\"en_GB\" \/>\n<meta property=\"og:type\" content=\"article\" \/>\n<meta property=\"og:title\" content=\"History - MINES Saint-\u00c9tienne\" \/>\n<meta property=\"og:description\" content=\"Exploring the frontiers of science, engineering, and industrial innovation Since the mid-18th century, French engineering schools have been the spearhead of the nation\u2019s economic development and social progress. \u00c9cole des Mines de Saint-\u00c9tienne is France\u2019s oldest elite engineering school outside &hellip;\" \/>\n<meta property=\"og:url\" content=\"https:\/\/www.mines-stetienne.fr\/en\/about-us\/history\/\" \/>\n<meta property=\"og:site_name\" content=\"MINES Saint-\u00c9tienne\" \/>\n<meta property=\"article:publisher\" content=\"https:\/\/www.facebook.com\/MinesSaintEtienne\" \/>\n<meta property=\"article:modified_time\" content=\"2021-01-22T09:32:33+00:00\" \/>\n<meta name=\"twitter:card\" content=\"summary_large_image\" \/>\n<meta name=\"twitter:site\" content=\"@MINES_StEtienne\" \/>\n<meta name=\"twitter:label1\" content=\"Estimated reading time\" \/>\n\t<meta name=\"twitter:data1\" content=\"3 minutes\" \/>\n<script type=\"application\/ld+json\" class=\"yoast-schema-graph\">{\"@context\":\"https:\\\/\\\/schema.org\",\"@graph\":[{\"@type\":\"WebPage\",\"@id\":\"https:\\\/\\\/www.mines-stetienne.fr\\\/en\\\/about-us\\\/history\\\/\",\"url\":\"https:\\\/\\\/www.mines-stetienne.fr\\\/en\\\/about-us\\\/history\\\/\",\"name\":\"History - MINES Saint-\u00c9tienne\",\"isPartOf\":{\"@id\":\"https:\\\/\\\/www.mines-stetienne.fr\\\/en\\\/#website\"},\"datePublished\":\"2016-01-13T20:36:45+00:00\",\"dateModified\":\"2021-01-22T09:32:33+00:00\",\"breadcrumb\":{\"@id\":\"https:\\\/\\\/www.mines-stetienne.fr\\\/en\\\/about-us\\\/history\\\/#breadcrumb\"},\"inLanguage\":\"en-GB\",\"potentialAction\":[{\"@type\":\"ReadAction\",\"target\":[\"https:\\\/\\\/www.mines-stetienne.fr\\\/en\\\/about-us\\\/history\\\/\"]}]},{\"@type\":\"BreadcrumbList\",\"@id\":\"https:\\\/\\\/www.mines-stetienne.fr\\\/en\\\/about-us\\\/history\\\/#breadcrumb\",\"itemListElement\":[{\"@type\":\"ListItem\",\"position\":1,\"name\":\"Home\",\"item\":\"https:\\\/\\\/www.mines-stetienne.fr\\\/en\\\/\"},{\"@type\":\"ListItem\",\"position\":2,\"name\":\"About Us\",\"item\":\"https:\\\/\\\/www.mines-stetienne.fr\\\/en\\\/about-us\\\/\"},{\"@type\":\"ListItem\",\"position\":3,\"name\":\"History\"}]},{\"@type\":\"WebSite\",\"@id\":\"https:\\\/\\\/www.mines-stetienne.fr\\\/en\\\/#website\",\"url\":\"https:\\\/\\\/www.mines-stetienne.fr\\\/en\\\/\",\"name\":\"MINES Saint-\u00c9tienne\",\"description\":\"Inspiring innovation\",\"publisher\":{\"@id\":\"https:\\\/\\\/www.mines-stetienne.fr\\\/en\\\/#organization\"},\"potentialAction\":[{\"@type\":\"SearchAction\",\"target\":{\"@type\":\"EntryPoint\",\"urlTemplate\":\"https:\\\/\\\/www.mines-stetienne.fr\\\/en\\\/?s={search_term_string}\"},\"query-input\":{\"@type\":\"PropertyValueSpecification\",\"valueRequired\":true,\"valueName\":\"search_term_string\"}}],\"inLanguage\":\"en-GB\"},{\"@type\":\"Organization\",\"@id\":\"https:\\\/\\\/www.mines-stetienne.fr\\\/en\\\/#organization\",\"name\":\"MINES Saint-\u00c9tienne\",\"url\":\"https:\\\/\\\/www.mines-stetienne.fr\\\/en\\\/\",\"logo\":{\"@type\":\"ImageObject\",\"inLanguage\":\"en-GB\",\"@id\":\"https:\\\/\\\/www.mines-stetienne.fr\\\/en\\\/#\\\/schema\\\/logo\\\/image\\\/\",\"url\":\"https:\\\/\\\/www.mines-stetienne.fr\\\/en\\\/wp-content\\\/uploads\\\/sites\\\/4\\\/2022\\\/09\\\/Mines_Saint_Etienne_IMT_RVB.png\",\"contentUrl\":\"https:\\\/\\\/www.mines-stetienne.fr\\\/en\\\/wp-content\\\/uploads\\\/sites\\\/4\\\/2022\\\/09\\\/Mines_Saint_Etienne_IMT_RVB.png\",\"width\":316,\"height\":315,\"caption\":\"MINES Saint-\u00c9tienne\"},\"image\":{\"@id\":\"https:\\\/\\\/www.mines-stetienne.fr\\\/en\\\/#\\\/schema\\\/logo\\\/image\\\/\"},\"sameAs\":[\"https:\\\/\\\/www.facebook.com\\\/MinesSaintEtienne\",\"https:\\\/\\\/x.com\\\/MINES_StEtienne\",\"https:\\\/\\\/www.linkedin.com\\\/school\\\/527715\\\/\",\"https:\\\/\\\/www.youtube.com\\\/c\\\/Mines-stetienneFr\",\"https:\\\/\\\/www.instagram.com\\\/mines_stetienne\\\/\"]}]}<\/script>\n<!-- \/ Yoast SEO plugin. -->","yoast_head_json":{"title":"History - MINES Saint-\u00c9tienne","robots":{"index":"index","follow":"follow","max-snippet":"max-snippet:-1","max-image-preview":"max-image-preview:large","max-video-preview":"max-video-preview:-1"},"canonical":"https:\/\/www.mines-stetienne.fr\/en\/about-us\/history\/","og_locale":"en_GB","og_type":"article","og_title":"History - MINES Saint-\u00c9tienne","og_description":"Exploring the frontiers of science, engineering, and industrial innovation Since the mid-18th century, French engineering schools have been the spearhead of the nation\u2019s economic development and social progress. \u00c9cole des Mines de Saint-\u00c9tienne is France\u2019s oldest elite engineering school outside &hellip;","og_url":"https:\/\/www.mines-stetienne.fr\/en\/about-us\/history\/","og_site_name":"MINES Saint-\u00c9tienne","article_publisher":"https:\/\/www.facebook.com\/MinesSaintEtienne","article_modified_time":"2021-01-22T09:32:33+00:00","twitter_card":"summary_large_image","twitter_site":"@MINES_StEtienne","twitter_misc":{"Estimated reading time":"3 minutes"},"schema":{"@context":"https:\/\/schema.org","@graph":[{"@type":"WebPage","@id":"https:\/\/www.mines-stetienne.fr\/en\/about-us\/history\/","url":"https:\/\/www.mines-stetienne.fr\/en\/about-us\/history\/","name":"History - MINES Saint-\u00c9tienne","isPartOf":{"@id":"https:\/\/www.mines-stetienne.fr\/en\/#website"},"datePublished":"2016-01-13T20:36:45+00:00","dateModified":"2021-01-22T09:32:33+00:00","breadcrumb":{"@id":"https:\/\/www.mines-stetienne.fr\/en\/about-us\/history\/#breadcrumb"},"inLanguage":"en-GB","potentialAction":[{"@type":"ReadAction","target":["https:\/\/www.mines-stetienne.fr\/en\/about-us\/history\/"]}]},{"@type":"BreadcrumbList","@id":"https:\/\/www.mines-stetienne.fr\/en\/about-us\/history\/#breadcrumb","itemListElement":[{"@type":"ListItem","position":1,"name":"Home","item":"https:\/\/www.mines-stetienne.fr\/en\/"},{"@type":"ListItem","position":2,"name":"About Us","item":"https:\/\/www.mines-stetienne.fr\/en\/about-us\/"},{"@type":"ListItem","position":3,"name":"History"}]},{"@type":"WebSite","@id":"https:\/\/www.mines-stetienne.fr\/en\/#website","url":"https:\/\/www.mines-stetienne.fr\/en\/","name":"MINES Saint-\u00c9tienne","description":"Inspiring innovation","publisher":{"@id":"https:\/\/www.mines-stetienne.fr\/en\/#organization"},"potentialAction":[{"@type":"SearchAction","target":{"@type":"EntryPoint","urlTemplate":"https:\/\/www.mines-stetienne.fr\/en\/?s={search_term_string}"},"query-input":{"@type":"PropertyValueSpecification","valueRequired":true,"valueName":"search_term_string"}}],"inLanguage":"en-GB"},{"@type":"Organization","@id":"https:\/\/www.mines-stetienne.fr\/en\/#organization","name":"MINES Saint-\u00c9tienne","url":"https:\/\/www.mines-stetienne.fr\/en\/","logo":{"@type":"ImageObject","inLanguage":"en-GB","@id":"https:\/\/www.mines-stetienne.fr\/en\/#\/schema\/logo\/image\/","url":"https:\/\/www.mines-stetienne.fr\/en\/wp-content\/uploads\/sites\/4\/2022\/09\/Mines_Saint_Etienne_IMT_RVB.png","contentUrl":"https:\/\/www.mines-stetienne.fr\/en\/wp-content\/uploads\/sites\/4\/2022\/09\/Mines_Saint_Etienne_IMT_RVB.png","width":316,"height":315,"caption":"MINES Saint-\u00c9tienne"},"image":{"@id":"https:\/\/www.mines-stetienne.fr\/en\/#\/schema\/logo\/image\/"},"sameAs":["https:\/\/www.facebook.com\/MinesSaintEtienne","https:\/\/x.com\/MINES_StEtienne","https:\/\/www.linkedin.com\/school\/527715\/","https:\/\/www.youtube.com\/c\/Mines-stetienneFr","https:\/\/www.instagram.com\/mines_stetienne\/"]}]}},"publishpress_future_workflow_manual_trigger":{"enabledWorkflows":[]},"_links":{"self":[{"href":"https:\/\/www.mines-stetienne.fr\/en\/wp-json\/wp\/v2\/pages\/9","targetHints":{"allow":["GET"]}}],"collection":[{"href":"https:\/\/www.mines-stetienne.fr\/en\/wp-json\/wp\/v2\/pages"}],"about":[{"href":"https:\/\/www.mines-stetienne.fr\/en\/wp-json\/wp\/v2\/types\/page"}],"author":[{"embeddable":true,"href":"https:\/\/www.mines-stetienne.fr\/en\/wp-json\/wp\/v2\/users\/2"}],"replies":[{"embeddable":true,"href":"https:\/\/www.mines-stetienne.fr\/en\/wp-json\/wp\/v2\/comments?post=9"}],"version-history":[{"count":4,"href":"https:\/\/www.mines-stetienne.fr\/en\/wp-json\/wp\/v2\/pages\/9\/revisions"}],"predecessor-version":[{"id":1756,"href":"https:\/\/www.mines-stetienne.fr\/en\/wp-json\/wp\/v2\/pages\/9\/revisions\/1756"}],"up":[{"embeddable":true,"href":"https:\/\/www.mines-stetienne.fr\/en\/wp-json\/wp\/v2\/pages\/7"}],"wp:attachment":[{"href":"https:\/\/www.mines-stetienne.fr\/en\/wp-json\/wp\/v2\/media?parent=9"}],"wp:term":[{"taxonomy":"post_tag","embeddable":true,"href":"https:\/\/www.mines-stetienne.fr\/en\/wp-json\/wp\/v2\/tags?post=9"}],"curies":[{"name":"wp","href":"https:\/\/api.w.org\/{rel}","templated":true}]}}