{"id":865,"date":"2016-08-11T09:53:21","date_gmt":"2016-08-11T08:53:21","guid":{"rendered":"https:\/\/www.mines-stetienne.fr\/en\/?page_id=865"},"modified":"2025-06-24T09:53:51","modified_gmt":"2025-06-24T08:53:51","slug":"masters-degrees-engineering-titres-dingenieur-grande-ecole","status":"publish","type":"page","link":"https:\/\/www.mines-stetienne.fr\/en\/international\/opportunities-for-international-students\/masters-degrees-engineering-titres-dingenieur-grande-ecole\/","title":{"rendered":"Master\u2019s degrees in engineering or \u2018titres d\u2019ing\u00e9nieur Grande \u00c9cole\u2019"},"content":{"rendered":"\n<h4 class=\"wp-block-heading\">Ing\u00e9nieur Civil des Mines (ICM) &amp; Ing\u00e9nieur Syst\u00e8mes Micro\u00e9lectronique et Informatique (ISMIN)<\/h4>\n\n\n\n<p>2-year programmes for international students seeking a qualification in engineering:<br>\u2018Obtain a Master\u2019s Degree in Engineering in 2 years\u2019!<\/p>\n\n\n\n<p>The ICM and ISMIN graduate engineering diplomas are obtained after 5 years of higher education of which the last 3 are taken at the MINES Saint-\u00c9tienne.<\/p>\n\n\n\n<p><strong>International students who have completed a first cycle in Science and Engineering can be admitted (see requirements) for the last 2 years and obtain a Master\u2019s Degree in Engineering. After graduation, they have the possibility to continue as PhD students.<\/strong><\/p>\n\n\n\n<p>The engineering programmes are qualified Masters in Engineering taught in French and English, accredited by the \u201cCommission des Titres d\u2019Ing\u00e9nieurs\u201d. &nbsp;They combine broad theoretical knowledge with hands-on projects, development of management and communication skills through mandatory international experience and practical training in partner companies. Small-group teaching and close educational supervision are essential features of the programme.<\/p>\n\n\n\n<p>Substantial Internships in Industry during the Master\u2019s in Engineering!<\/p>\n\n\n\n<h4 class=\"wp-block-heading\">Master\u2019s Degree in Engineering &#8211; \u2018Ing\u00e9nieur Civil des Mines\u2019 (ICM)<\/h4>\n\n\n\n<p>This degree was originally created to meet the needs of elite executive staff in the French mining industry. Associated with the \u201cMines\u201d label, a symbol of excellence for over 120 years, ICM now offers a broad educational programme dedicated to responding to the current and future needs of industry in Material Science, Mechanical Engineering, Process and Energy Engineering, Information Technology, Data Science, Industrial Engineering, Urban and Industrial environments, Corporate Finance, Biomedical Engineering\u2026 ICM engineering students combine two majors from a choice of ten and build a unique interdisciplinary profile.<br>(<a href=\"https:\/\/portail.emse.fr\/syllabus\/ICM\/en\">Syllabus online<\/a>)<\/p>\n\n\n\n<p>After graduating from EMSE, an &#8220;Ing\u00e9nieur Civil des Mines&#8221; will be a high-level generalist engineer who is able to:<\/p>\n\n\n\n<p>Innovate in a chosen field of expertise, interact with experts in other fields, manage complex organizations and lead teams, operate in a multicultural and global context and respond quickly to professional challenges.<\/p>\n\n\n\n<h4 class=\"wp-block-heading\">Master\u2019s Degree in Microelectronics Engineering \u2013\u2018 Ing\u00e9nieur Syst\u00e8mes Micro\u00e9lectronique et Informatique\u2019 (ISMIN)<\/h4>\n\n\n\n<p>Since 2003, the ISMIN degree has been educating highly specialized engineers in the sectors of nanotechnology, information systems and new technologies.<\/p>\n\n\n\n<p>After graduating from EMSE, an &#8220;Ing\u00e9nieur Syst\u00e8mes Micro\u00e9lectronique et Informatique&#8221; will be a specialist &#8211; qualified to innovate, design, set up, organize and manage large-scale industrial projects in an international and global environment in this specific domain.<\/p>\n\n\n\n<p>One year or one semester of academic studies (transferable credits):&nbsp; access to all French and English-taught graduate courses in applied science and engineering. Lab projects lasting several months lab projects in fields related to the ten majors covered proposed by the programmes. Design your programme \u2018\u00e0 la carte\u2019!<\/p>\n\n\n\n<ul class=\"wp-block-list\">\n<li><a href=\"https:\/\/www.mines-stetienne.fr\/en\/fact_sheet_international_student\">Fact sheet for international students<\/a>\u00a0(PDF)<\/li>\n<\/ul>\n","protected":false},"excerpt":{"rendered":"<p>Ing\u00e9nieur Civil des Mines (ICM) &amp; Ing\u00e9nieur Syst\u00e8mes Micro\u00e9lectronique et Informatique (ISMIN) 2-year programmes for international students seeking a qualification in engineering:\u2018Obtain a Master\u2019s Degree in Engineering in 2 years\u2019! The ICM and ISMIN graduate engineering diplomas are obtained after &hellip;<\/p>\n","protected":false},"author":2,"featured_media":0,"parent":273,"menu_order":10,"comment_status":"closed","ping_status":"closed","template":"","meta":{"_relevanssi_hide_post":"","_relevanssi_hide_content":"","_relevanssi_pin_for_all":"","_relevanssi_pin_keywords":"","_relevanssi_unpin_keywords":"","_relevanssi_related_keywords":"","_relevanssi_related_include_ids":"","_relevanssi_related_exclude_ids":"","_relevanssi_related_no_append":"","_relevanssi_related_not_related":"","_relevanssi_related_posts":"2446,1887,2228,2385,2002,492","_relevanssi_noindex_reason":"","footnotes":"","_links_to":"","_links_to_target":""},"tags":[],"class_list":["post-865","page","type-page","status-publish","hentry"],"pp_statuses_selecting_workflow":false,"pp_workflow_action":"current","pp_status_selection":"publish","pp_force_visibility":null,"pp_subpost_visibility":null,"pp_inherited_force_visibility":null,"pp_inherited_subpost_visibility":null,"yoast_head":"<!-- This site is optimized with the Yoast SEO plugin v27.4 - https:\/\/yoast.com\/product\/yoast-seo-wordpress\/ -->\n<title>Master\u2019s degrees in engineering or \u2018titres d\u2019ing\u00e9nieur Grande \u00c9cole\u2019 - MINES Saint-\u00c9tienne<\/title>\n<meta name=\"robots\" content=\"index, follow, max-snippet:-1, max-image-preview:large, max-video-preview:-1\" \/>\n<link rel=\"canonical\" href=\"https:\/\/www.mines-stetienne.fr\/en\/international\/opportunities-for-international-students\/masters-degrees-engineering-titres-dingenieur-grande-ecole\/\" \/>\n<meta property=\"og:locale\" content=\"en_GB\" \/>\n<meta property=\"og:type\" content=\"article\" \/>\n<meta property=\"og:title\" content=\"Master\u2019s degrees in engineering or \u2018titres d\u2019ing\u00e9nieur Grande \u00c9cole\u2019 - MINES Saint-\u00c9tienne\" \/>\n<meta property=\"og:description\" content=\"Ing\u00e9nieur Civil des Mines (ICM) &amp; Ing\u00e9nieur Syst\u00e8mes Micro\u00e9lectronique et Informatique (ISMIN) 2-year programmes for international students seeking a qualification in engineering:\u2018Obtain a Master\u2019s Degree in Engineering in 2 years\u2019! The ICM and ISMIN graduate engineering diplomas are obtained after &hellip;\" \/>\n<meta property=\"og:url\" content=\"https:\/\/www.mines-stetienne.fr\/en\/international\/opportunities-for-international-students\/masters-degrees-engineering-titres-dingenieur-grande-ecole\/\" \/>\n<meta property=\"og:site_name\" content=\"MINES Saint-\u00c9tienne\" \/>\n<meta property=\"article:publisher\" content=\"https:\/\/www.facebook.com\/MinesSaintEtienne\" \/>\n<meta property=\"article:modified_time\" content=\"2025-06-24T08:53:51+00:00\" \/>\n<meta name=\"twitter:card\" content=\"summary_large_image\" \/>\n<meta name=\"twitter:site\" content=\"@MINES_StEtienne\" \/>\n<meta name=\"twitter:label1\" content=\"Estimated reading time\" \/>\n\t<meta name=\"twitter:data1\" content=\"2 minutes\" \/>\n<script type=\"application\/ld+json\" class=\"yoast-schema-graph\">{\"@context\":\"https:\\\/\\\/schema.org\",\"@graph\":[{\"@type\":\"WebPage\",\"@id\":\"https:\\\/\\\/www.mines-stetienne.fr\\\/en\\\/international\\\/opportunities-for-international-students\\\/masters-degrees-engineering-titres-dingenieur-grande-ecole\\\/\",\"url\":\"https:\\\/\\\/www.mines-stetienne.fr\\\/en\\\/international\\\/opportunities-for-international-students\\\/masters-degrees-engineering-titres-dingenieur-grande-ecole\\\/\",\"name\":\"Master\u2019s degrees in engineering or \u2018titres d\u2019ing\u00e9nieur Grande \u00c9cole\u2019 - MINES Saint-\u00c9tienne\",\"isPartOf\":{\"@id\":\"https:\\\/\\\/www.mines-stetienne.fr\\\/en\\\/#website\"},\"datePublished\":\"2016-08-11T08:53:21+00:00\",\"dateModified\":\"2025-06-24T08:53:51+00:00\",\"breadcrumb\":{\"@id\":\"https:\\\/\\\/www.mines-stetienne.fr\\\/en\\\/international\\\/opportunities-for-international-students\\\/masters-degrees-engineering-titres-dingenieur-grande-ecole\\\/#breadcrumb\"},\"inLanguage\":\"en-GB\",\"potentialAction\":[{\"@type\":\"ReadAction\",\"target\":[\"https:\\\/\\\/www.mines-stetienne.fr\\\/en\\\/international\\\/opportunities-for-international-students\\\/masters-degrees-engineering-titres-dingenieur-grande-ecole\\\/\"]}]},{\"@type\":\"BreadcrumbList\",\"@id\":\"https:\\\/\\\/www.mines-stetienne.fr\\\/en\\\/international\\\/opportunities-for-international-students\\\/masters-degrees-engineering-titres-dingenieur-grande-ecole\\\/#breadcrumb\",\"itemListElement\":[{\"@type\":\"ListItem\",\"position\":1,\"name\":\"Home\",\"item\":\"https:\\\/\\\/www.mines-stetienne.fr\\\/en\\\/\"},{\"@type\":\"ListItem\",\"position\":2,\"name\":\"International\",\"item\":\"https:\\\/\\\/www.mines-stetienne.fr\\\/en\\\/international\\\/\"},{\"@type\":\"ListItem\",\"position\":3,\"name\":\"Opportunities for international students\",\"item\":\"https:\\\/\\\/www.mines-stetienne.fr\\\/en\\\/international\\\/opportunities-for-international-students\\\/\"},{\"@type\":\"ListItem\",\"position\":4,\"name\":\"Master\u2019s degrees in engineering or \u2018titres d\u2019ing\u00e9nieur Grande \u00c9cole\u2019\"}]},{\"@type\":\"WebSite\",\"@id\":\"https:\\\/\\\/www.mines-stetienne.fr\\\/en\\\/#website\",\"url\":\"https:\\\/\\\/www.mines-stetienne.fr\\\/en\\\/\",\"name\":\"MINES Saint-\u00c9tienne\",\"description\":\"Inspiring innovation\",\"publisher\":{\"@id\":\"https:\\\/\\\/www.mines-stetienne.fr\\\/en\\\/#organization\"},\"potentialAction\":[{\"@type\":\"SearchAction\",\"target\":{\"@type\":\"EntryPoint\",\"urlTemplate\":\"https:\\\/\\\/www.mines-stetienne.fr\\\/en\\\/?s={search_term_string}\"},\"query-input\":{\"@type\":\"PropertyValueSpecification\",\"valueRequired\":true,\"valueName\":\"search_term_string\"}}],\"inLanguage\":\"en-GB\"},{\"@type\":\"Organization\",\"@id\":\"https:\\\/\\\/www.mines-stetienne.fr\\\/en\\\/#organization\",\"name\":\"MINES Saint-\u00c9tienne\",\"url\":\"https:\\\/\\\/www.mines-stetienne.fr\\\/en\\\/\",\"logo\":{\"@type\":\"ImageObject\",\"inLanguage\":\"en-GB\",\"@id\":\"https:\\\/\\\/www.mines-stetienne.fr\\\/en\\\/#\\\/schema\\\/logo\\\/image\\\/\",\"url\":\"https:\\\/\\\/www.mines-stetienne.fr\\\/en\\\/wp-content\\\/uploads\\\/sites\\\/4\\\/2022\\\/09\\\/Mines_Saint_Etienne_IMT_RVB.png\",\"contentUrl\":\"https:\\\/\\\/www.mines-stetienne.fr\\\/en\\\/wp-content\\\/uploads\\\/sites\\\/4\\\/2022\\\/09\\\/Mines_Saint_Etienne_IMT_RVB.png\",\"width\":316,\"height\":315,\"caption\":\"MINES Saint-\u00c9tienne\"},\"image\":{\"@id\":\"https:\\\/\\\/www.mines-stetienne.fr\\\/en\\\/#\\\/schema\\\/logo\\\/image\\\/\"},\"sameAs\":[\"https:\\\/\\\/www.facebook.com\\\/MinesSaintEtienne\",\"https:\\\/\\\/x.com\\\/MINES_StEtienne\",\"https:\\\/\\\/www.linkedin.com\\\/school\\\/527715\\\/\",\"https:\\\/\\\/www.youtube.com\\\/c\\\/Mines-stetienneFr\",\"https:\\\/\\\/www.instagram.com\\\/mines_stetienne\\\/\"]}]}<\/script>\n<!-- \/ Yoast SEO plugin. -->","yoast_head_json":{"title":"Master\u2019s degrees in engineering or \u2018titres d\u2019ing\u00e9nieur Grande \u00c9cole\u2019 - MINES Saint-\u00c9tienne","robots":{"index":"index","follow":"follow","max-snippet":"max-snippet:-1","max-image-preview":"max-image-preview:large","max-video-preview":"max-video-preview:-1"},"canonical":"https:\/\/www.mines-stetienne.fr\/en\/international\/opportunities-for-international-students\/masters-degrees-engineering-titres-dingenieur-grande-ecole\/","og_locale":"en_GB","og_type":"article","og_title":"Master\u2019s degrees in engineering or \u2018titres d\u2019ing\u00e9nieur Grande \u00c9cole\u2019 - MINES Saint-\u00c9tienne","og_description":"Ing\u00e9nieur Civil des Mines (ICM) &amp; Ing\u00e9nieur Syst\u00e8mes Micro\u00e9lectronique et Informatique (ISMIN) 2-year programmes for international students seeking a qualification in engineering:\u2018Obtain a Master\u2019s Degree in Engineering in 2 years\u2019! The ICM and ISMIN graduate engineering diplomas are obtained after &hellip;","og_url":"https:\/\/www.mines-stetienne.fr\/en\/international\/opportunities-for-international-students\/masters-degrees-engineering-titres-dingenieur-grande-ecole\/","og_site_name":"MINES Saint-\u00c9tienne","article_publisher":"https:\/\/www.facebook.com\/MinesSaintEtienne","article_modified_time":"2025-06-24T08:53:51+00:00","twitter_card":"summary_large_image","twitter_site":"@MINES_StEtienne","twitter_misc":{"Estimated reading time":"2 minutes"},"schema":{"@context":"https:\/\/schema.org","@graph":[{"@type":"WebPage","@id":"https:\/\/www.mines-stetienne.fr\/en\/international\/opportunities-for-international-students\/masters-degrees-engineering-titres-dingenieur-grande-ecole\/","url":"https:\/\/www.mines-stetienne.fr\/en\/international\/opportunities-for-international-students\/masters-degrees-engineering-titres-dingenieur-grande-ecole\/","name":"Master\u2019s degrees in engineering or \u2018titres d\u2019ing\u00e9nieur Grande \u00c9cole\u2019 - MINES Saint-\u00c9tienne","isPartOf":{"@id":"https:\/\/www.mines-stetienne.fr\/en\/#website"},"datePublished":"2016-08-11T08:53:21+00:00","dateModified":"2025-06-24T08:53:51+00:00","breadcrumb":{"@id":"https:\/\/www.mines-stetienne.fr\/en\/international\/opportunities-for-international-students\/masters-degrees-engineering-titres-dingenieur-grande-ecole\/#breadcrumb"},"inLanguage":"en-GB","potentialAction":[{"@type":"ReadAction","target":["https:\/\/www.mines-stetienne.fr\/en\/international\/opportunities-for-international-students\/masters-degrees-engineering-titres-dingenieur-grande-ecole\/"]}]},{"@type":"BreadcrumbList","@id":"https:\/\/www.mines-stetienne.fr\/en\/international\/opportunities-for-international-students\/masters-degrees-engineering-titres-dingenieur-grande-ecole\/#breadcrumb","itemListElement":[{"@type":"ListItem","position":1,"name":"Home","item":"https:\/\/www.mines-stetienne.fr\/en\/"},{"@type":"ListItem","position":2,"name":"International","item":"https:\/\/www.mines-stetienne.fr\/en\/international\/"},{"@type":"ListItem","position":3,"name":"Opportunities for international students","item":"https:\/\/www.mines-stetienne.fr\/en\/international\/opportunities-for-international-students\/"},{"@type":"ListItem","position":4,"name":"Master\u2019s degrees in engineering or \u2018titres d\u2019ing\u00e9nieur Grande \u00c9cole\u2019"}]},{"@type":"WebSite","@id":"https:\/\/www.mines-stetienne.fr\/en\/#website","url":"https:\/\/www.mines-stetienne.fr\/en\/","name":"MINES Saint-\u00c9tienne","description":"Inspiring innovation","publisher":{"@id":"https:\/\/www.mines-stetienne.fr\/en\/#organization"},"potentialAction":[{"@type":"SearchAction","target":{"@type":"EntryPoint","urlTemplate":"https:\/\/www.mines-stetienne.fr\/en\/?s={search_term_string}"},"query-input":{"@type":"PropertyValueSpecification","valueRequired":true,"valueName":"search_term_string"}}],"inLanguage":"en-GB"},{"@type":"Organization","@id":"https:\/\/www.mines-stetienne.fr\/en\/#organization","name":"MINES Saint-\u00c9tienne","url":"https:\/\/www.mines-stetienne.fr\/en\/","logo":{"@type":"ImageObject","inLanguage":"en-GB","@id":"https:\/\/www.mines-stetienne.fr\/en\/#\/schema\/logo\/image\/","url":"https:\/\/www.mines-stetienne.fr\/en\/wp-content\/uploads\/sites\/4\/2022\/09\/Mines_Saint_Etienne_IMT_RVB.png","contentUrl":"https:\/\/www.mines-stetienne.fr\/en\/wp-content\/uploads\/sites\/4\/2022\/09\/Mines_Saint_Etienne_IMT_RVB.png","width":316,"height":315,"caption":"MINES Saint-\u00c9tienne"},"image":{"@id":"https:\/\/www.mines-stetienne.fr\/en\/#\/schema\/logo\/image\/"},"sameAs":["https:\/\/www.facebook.com\/MinesSaintEtienne","https:\/\/x.com\/MINES_StEtienne","https:\/\/www.linkedin.com\/school\/527715\/","https:\/\/www.youtube.com\/c\/Mines-stetienneFr","https:\/\/www.instagram.com\/mines_stetienne\/"]}]}},"publishpress_future_workflow_manual_trigger":{"enabledWorkflows":[]},"_links":{"self":[{"href":"https:\/\/www.mines-stetienne.fr\/en\/wp-json\/wp\/v2\/pages\/865","targetHints":{"allow":["GET"]}}],"collection":[{"href":"https:\/\/www.mines-stetienne.fr\/en\/wp-json\/wp\/v2\/pages"}],"about":[{"href":"https:\/\/www.mines-stetienne.fr\/en\/wp-json\/wp\/v2\/types\/page"}],"author":[{"embeddable":true,"href":"https:\/\/www.mines-stetienne.fr\/en\/wp-json\/wp\/v2\/users\/2"}],"replies":[{"embeddable":true,"href":"https:\/\/www.mines-stetienne.fr\/en\/wp-json\/wp\/v2\/comments?post=865"}],"version-history":[{"count":9,"href":"https:\/\/www.mines-stetienne.fr\/en\/wp-json\/wp\/v2\/pages\/865\/revisions"}],"predecessor-version":[{"id":16095,"href":"https:\/\/www.mines-stetienne.fr\/en\/wp-json\/wp\/v2\/pages\/865\/revisions\/16095"}],"up":[{"embeddable":true,"href":"https:\/\/www.mines-stetienne.fr\/en\/wp-json\/wp\/v2\/pages\/273"}],"wp:attachment":[{"href":"https:\/\/www.mines-stetienne.fr\/en\/wp-json\/wp\/v2\/media?parent=865"}],"wp:term":[{"taxonomy":"post_tag","embeddable":true,"href":"https:\/\/www.mines-stetienne.fr\/en\/wp-json\/wp\/v2\/tags?post=865"}],"curies":[{"name":"wp","href":"https:\/\/api.w.org\/{rel}","templated":true}]}}