{"id":5843,"date":"2020-11-18T17:51:15","date_gmt":"2020-11-18T16:51:15","guid":{"rendered":"https:\/\/www.mines-stetienne.fr\/en\/?page_id=5843"},"modified":"2025-02-05T11:53:53","modified_gmt":"2025-02-05T10:53:53","slug":"student-life","status":"publish","type":"page","link":"https:\/\/www.mines-stetienne.fr\/en\/academics\/student-life\/","title":{"rendered":"Student life"},"content":{"rendered":"\n<h2 class=\"wp-block-heading\">Campus of Saint-\u00c9tienne<\/h2>\n\n\n\n<h3 class=\"wp-block-heading\">Housing<\/h3>\n\n\n\n<p><strong><a href=\"https:\/\/www.me-mines-saint-etienne.org\/?lang=en\" target=\"_blank\" rel=\"noreferrer noopener\">Residence Hall on Saint-\u00c9tienne Campus<\/a>: a world apart<\/strong><\/p>\n\n\n\n<p><a href=\"https:\/\/www.me-mines-saint-etienne.org\/?lang=en\">Maison des \u00e9l\u00e8ves de l\u2019\u00c9cole des mines<\/a><br>20, boulevard Alexandre de Fraissinette<br>F-42030 Saint-\u00c9tienne Cedex 2<br>France<br>Phone: +33 4 77 46 31 00<br><a href=\"&#x6d;&#97;&#x69;&#x6c;&#116;&#x6f;&#58;a&#x64;&#109;i&#x6e;&#105;s&#x74;&#114;a&#x74;&#105;&#x6f;&#x6e;&#45;&#x6d;&#x65;&#64;&#x6d;&#105;n&#x65;&#115;-&#x73;&#116;e&#x74;&#105;e&#x6e;&#110;&#x65;&#x2e;&#102;&#x72;\">&#97;&#x64;&#109;&#x69;&#110;&#x69;&#115;&#x74;&#114;&#x61;&#116;&#x69;&#111;&#x6e;&#45;&#x6d;&#101;&#x40;&#109;&#x69;&#110;&#x65;&#115;&#x2d;&#115;&#x74;&#101;&#x74;&#105;&#x65;&#110;&#x6e;&#101;&#x2e;&#102;&#x72;<\/a><\/p>\n\n\n\n<h2 class=\"wp-block-heading\">Gardanne Campus, Provence<span style=\"background-color:#fcb900\" class=\"tadv-background-color\"><\/span><\/h2>\n\n\n\n<h3 class=\"wp-block-heading\">Club &amp; Societies, Sports<\/h3>\n\n\n\n<ul class=\"wp-block-list\">\n<li><a href=\"https:\/\/www.mines-stetienne.fr\/plaquette_ismin_alpha\" target=\"_blank\" rel=\"noreferrer noopener\">&#8220;Sp\u00e9cial Alpha ISMIN&#8221;<\/a><\/li>\n<\/ul>\n\n\n<div class=\"wp-block-image is-style-default\">\n<figure class=\"aligncenter size-large\"><img decoding=\"async\" width=\"400\" height=\"600\" src=\"https:\/\/www.mines-stetienne.fr\/en\/wp-content\/uploads\/sites\/4\/2021\/01\/Gardanne2018-0117-600X400.jpg\" alt=\"\" class=\"wp-image-6197\" srcset=\"https:\/\/www.mines-stetienne.fr\/en\/wp-content\/uploads\/sites\/4\/2021\/01\/Gardanne2018-0117-600X400.jpg 400w, https:\/\/www.mines-stetienne.fr\/en\/wp-content\/uploads\/sites\/4\/2021\/01\/Gardanne2018-0117-600X400-200x300.jpg 200w\" sizes=\"(max-width: 400px) 100vw, 400px\" \/><\/figure>\n<\/div>","protected":false},"excerpt":{"rendered":"<p>Campus of Saint-\u00c9tienne Housing Residence Hall on Saint-\u00c9tienne Campus: a world apart Maison des \u00e9l\u00e8ves de l\u2019\u00c9cole des mines20, boulevard Alexandre de FraissinetteF-42030 Saint-\u00c9tienne Cedex 2FrancePhone: +33 4 77 46 31 00&#97;&#x64;&#109;&#x69;&#110;&#x69;&#115;&#x74;r&#x61;t&#x69;o&#x6e;-&#109;&#x65;&#64;&#x6d;&#105;&#x6e;&#101;&#x73;&#45;&#x73;t&#x65;t&#x69;e&#x6e;n&#101;&#x2e;&#102;&#x72; Gardanne Campus, Provence Club &amp; Societies, Sports<\/p>\n","protected":false},"author":2,"featured_media":0,"parent":32,"menu_order":42,"comment_status":"closed","ping_status":"closed","template":"","meta":{"_relevanssi_hide_post":"","_relevanssi_hide_content":"","_relevanssi_pin_for_all":"","_relevanssi_pin_keywords":"","_relevanssi_unpin_keywords":"","_relevanssi_related_keywords":"","_relevanssi_related_include_ids":"","_relevanssi_related_exclude_ids":"","_relevanssi_related_no_append":"","_relevanssi_related_not_related":"","_relevanssi_related_posts":"492,2402,1887,2385,2494,2446","_relevanssi_noindex_reason":"","footnotes":"","_links_to":"","_links_to_target":""},"tags":[],"class_list":["post-5843","page","type-page","status-publish","hentry"],"pp_statuses_selecting_workflow":false,"pp_workflow_action":"current","pp_status_selection":"publish","pp_force_visibility":null,"pp_subpost_visibility":null,"pp_inherited_force_visibility":null,"pp_inherited_subpost_visibility":null,"yoast_head":"<!-- This site is optimized with the Yoast SEO plugin v27.5 - https:\/\/yoast.com\/product\/yoast-seo-wordpress\/ -->\n<title>Student life - MINES Saint-\u00c9tienne<\/title>\n<meta name=\"robots\" content=\"index, follow, max-snippet:-1, max-image-preview:large, max-video-preview:-1\" \/>\n<link rel=\"canonical\" href=\"https:\/\/www.mines-stetienne.fr\/en\/academics\/student-life\/\" \/>\n<meta property=\"og:locale\" content=\"en_GB\" \/>\n<meta property=\"og:type\" content=\"article\" \/>\n<meta property=\"og:title\" content=\"Student life - MINES Saint-\u00c9tienne\" \/>\n<meta property=\"og:description\" content=\"Campus of Saint-\u00c9tienne Housing Residence Hall on Saint-\u00c9tienne Campus: a world apart Maison des \u00e9l\u00e8ves de l\u2019\u00c9cole des mines20, boulevard Alexandre de FraissinetteF-42030 Saint-\u00c9tienne Cedex 2FrancePhone: +33 4 77 46 31 00admi&#110;&#105;&#115;&#116;&#114;&#x61;&#x74;&#x69;&#x6f;&#x6e;&#x2d;&#x6d;e&#064;mi&#110;&#101;&#115;&#045;&#115;&#x74;&#x65;&#x74;&#x69;&#x65;&#x6e;&#x6e;&#x65;&#046;fr Gardanne Campus, Provence Club &amp; Societies, Sports\" \/>\n<meta property=\"og:url\" content=\"https:\/\/www.mines-stetienne.fr\/en\/academics\/student-life\/\" \/>\n<meta property=\"og:site_name\" content=\"MINES Saint-\u00c9tienne\" \/>\n<meta property=\"article:publisher\" content=\"https:\/\/www.facebook.com\/MinesSaintEtienne\" \/>\n<meta property=\"article:modified_time\" content=\"2025-02-05T10:53:53+00:00\" \/>\n<meta property=\"og:image\" content=\"https:\/\/www.mines-stetienne.fr\/en\/wp-content\/uploads\/sites\/4\/2021\/01\/Gardanne2018-0117-600X400.jpg\" \/>\n\t<meta property=\"og:image:width\" content=\"400\" \/>\n\t<meta property=\"og:image:height\" content=\"600\" \/>\n\t<meta property=\"og:image:type\" content=\"image\/jpeg\" \/>\n<meta name=\"twitter:card\" content=\"summary_large_image\" \/>\n<meta name=\"twitter:site\" content=\"@MINES_StEtienne\" \/>\n<meta name=\"twitter:label1\" content=\"Estimated reading time\" \/>\n\t<meta name=\"twitter:data1\" content=\"1 minute\" \/>\n<script type=\"application\/ld+json\" class=\"yoast-schema-graph\">{\"@context\":\"https:\\\/\\\/schema.org\",\"@graph\":[{\"@type\":\"WebPage\",\"@id\":\"https:\\\/\\\/www.mines-stetienne.fr\\\/en\\\/academics\\\/student-life\\\/\",\"url\":\"https:\\\/\\\/www.mines-stetienne.fr\\\/en\\\/academics\\\/student-life\\\/\",\"name\":\"Student life - MINES Saint-\u00c9tienne\",\"isPartOf\":{\"@id\":\"https:\\\/\\\/www.mines-stetienne.fr\\\/en\\\/#website\"},\"primaryImageOfPage\":{\"@id\":\"https:\\\/\\\/www.mines-stetienne.fr\\\/en\\\/academics\\\/student-life\\\/#primaryimage\"},\"image\":{\"@id\":\"https:\\\/\\\/www.mines-stetienne.fr\\\/en\\\/academics\\\/student-life\\\/#primaryimage\"},\"thumbnailUrl\":\"https:\\\/\\\/www.mines-stetienne.fr\\\/en\\\/wp-content\\\/uploads\\\/sites\\\/4\\\/2021\\\/01\\\/Gardanne2018-0117-600X400.jpg\",\"datePublished\":\"2020-11-18T16:51:15+00:00\",\"dateModified\":\"2025-02-05T10:53:53+00:00\",\"breadcrumb\":{\"@id\":\"https:\\\/\\\/www.mines-stetienne.fr\\\/en\\\/academics\\\/student-life\\\/#breadcrumb\"},\"inLanguage\":\"en-GB\",\"potentialAction\":[{\"@type\":\"ReadAction\",\"target\":[\"https:\\\/\\\/www.mines-stetienne.fr\\\/en\\\/academics\\\/student-life\\\/\"]}]},{\"@type\":\"ImageObject\",\"inLanguage\":\"en-GB\",\"@id\":\"https:\\\/\\\/www.mines-stetienne.fr\\\/en\\\/academics\\\/student-life\\\/#primaryimage\",\"url\":\"https:\\\/\\\/www.mines-stetienne.fr\\\/en\\\/wp-content\\\/uploads\\\/sites\\\/4\\\/2021\\\/01\\\/Gardanne2018-0117-600X400.jpg\",\"contentUrl\":\"https:\\\/\\\/www.mines-stetienne.fr\\\/en\\\/wp-content\\\/uploads\\\/sites\\\/4\\\/2021\\\/01\\\/Gardanne2018-0117-600X400.jpg\",\"width\":400,\"height\":600},{\"@type\":\"BreadcrumbList\",\"@id\":\"https:\\\/\\\/www.mines-stetienne.fr\\\/en\\\/academics\\\/student-life\\\/#breadcrumb\",\"itemListElement\":[{\"@type\":\"ListItem\",\"position\":1,\"name\":\"Home\",\"item\":\"https:\\\/\\\/www.mines-stetienne.fr\\\/en\\\/\"},{\"@type\":\"ListItem\",\"position\":2,\"name\":\"Academics\",\"item\":\"https:\\\/\\\/www.mines-stetienne.fr\\\/en\\\/academics\\\/\"},{\"@type\":\"ListItem\",\"position\":3,\"name\":\"Student life\"}]},{\"@type\":\"WebSite\",\"@id\":\"https:\\\/\\\/www.mines-stetienne.fr\\\/en\\\/#website\",\"url\":\"https:\\\/\\\/www.mines-stetienne.fr\\\/en\\\/\",\"name\":\"MINES Saint-\u00c9tienne\",\"description\":\"Inspiring innovation\",\"publisher\":{\"@id\":\"https:\\\/\\\/www.mines-stetienne.fr\\\/en\\\/#organization\"},\"potentialAction\":[{\"@type\":\"SearchAction\",\"target\":{\"@type\":\"EntryPoint\",\"urlTemplate\":\"https:\\\/\\\/www.mines-stetienne.fr\\\/en\\\/?s={search_term_string}\"},\"query-input\":{\"@type\":\"PropertyValueSpecification\",\"valueRequired\":true,\"valueName\":\"search_term_string\"}}],\"inLanguage\":\"en-GB\"},{\"@type\":\"Organization\",\"@id\":\"https:\\\/\\\/www.mines-stetienne.fr\\\/en\\\/#organization\",\"name\":\"MINES Saint-\u00c9tienne\",\"url\":\"https:\\\/\\\/www.mines-stetienne.fr\\\/en\\\/\",\"logo\":{\"@type\":\"ImageObject\",\"inLanguage\":\"en-GB\",\"@id\":\"https:\\\/\\\/www.mines-stetienne.fr\\\/en\\\/#\\\/schema\\\/logo\\\/image\\\/\",\"url\":\"https:\\\/\\\/www.mines-stetienne.fr\\\/en\\\/wp-content\\\/uploads\\\/sites\\\/4\\\/2022\\\/09\\\/Mines_Saint_Etienne_IMT_RVB.png\",\"contentUrl\":\"https:\\\/\\\/www.mines-stetienne.fr\\\/en\\\/wp-content\\\/uploads\\\/sites\\\/4\\\/2022\\\/09\\\/Mines_Saint_Etienne_IMT_RVB.png\",\"width\":316,\"height\":315,\"caption\":\"MINES Saint-\u00c9tienne\"},\"image\":{\"@id\":\"https:\\\/\\\/www.mines-stetienne.fr\\\/en\\\/#\\\/schema\\\/logo\\\/image\\\/\"},\"sameAs\":[\"https:\\\/\\\/www.facebook.com\\\/MinesSaintEtienne\",\"https:\\\/\\\/x.com\\\/MINES_StEtienne\",\"https:\\\/\\\/www.linkedin.com\\\/school\\\/527715\\\/\",\"https:\\\/\\\/www.youtube.com\\\/c\\\/Mines-stetienneFr\",\"https:\\\/\\\/www.instagram.com\\\/mines_stetienne\\\/\"]}]}<\/script>\n<!-- \/ Yoast SEO plugin. -->","yoast_head_json":{"title":"Student life - MINES Saint-\u00c9tienne","robots":{"index":"index","follow":"follow","max-snippet":"max-snippet:-1","max-image-preview":"max-image-preview:large","max-video-preview":"max-video-preview:-1"},"canonical":"https:\/\/www.mines-stetienne.fr\/en\/academics\/student-life\/","og_locale":"en_GB","og_type":"article","og_title":"Student life - MINES Saint-\u00c9tienne","og_description":"Campus of Saint-\u00c9tienne Housing Residence Hall on Saint-\u00c9tienne Campus: a world apart Maison des \u00e9l\u00e8ves de l\u2019\u00c9cole des mines20, boulevard Alexandre de FraissinetteF-42030 Saint-\u00c9tienne Cedex 2FrancePhone: +33 4 77 46 31 00admi&#110;&#105;&#115;&#116;&#114;&#x61;&#x74;&#x69;&#x6f;&#x6e;&#x2d;&#x6d;e&#64;mi&#110;&#101;&#115;&#45;&#115;&#x74;&#x65;&#x74;&#x69;&#x65;&#x6e;&#x6e;&#x65;&#46;fr Gardanne Campus, Provence Club &amp; Societies, Sports","og_url":"https:\/\/www.mines-stetienne.fr\/en\/academics\/student-life\/","og_site_name":"MINES Saint-\u00c9tienne","article_publisher":"https:\/\/www.facebook.com\/MinesSaintEtienne","article_modified_time":"2025-02-05T10:53:53+00:00","og_image":[{"width":400,"height":600,"url":"https:\/\/www.mines-stetienne.fr\/en\/wp-content\/uploads\/sites\/4\/2021\/01\/Gardanne2018-0117-600X400.jpg","type":"image\/jpeg"}],"twitter_card":"summary_large_image","twitter_site":"@MINES_StEtienne","twitter_misc":{"Estimated reading time":"1 minute"},"schema":{"@context":"https:\/\/schema.org","@graph":[{"@type":"WebPage","@id":"https:\/\/www.mines-stetienne.fr\/en\/academics\/student-life\/","url":"https:\/\/www.mines-stetienne.fr\/en\/academics\/student-life\/","name":"Student life - MINES Saint-\u00c9tienne","isPartOf":{"@id":"https:\/\/www.mines-stetienne.fr\/en\/#website"},"primaryImageOfPage":{"@id":"https:\/\/www.mines-stetienne.fr\/en\/academics\/student-life\/#primaryimage"},"image":{"@id":"https:\/\/www.mines-stetienne.fr\/en\/academics\/student-life\/#primaryimage"},"thumbnailUrl":"https:\/\/www.mines-stetienne.fr\/en\/wp-content\/uploads\/sites\/4\/2021\/01\/Gardanne2018-0117-600X400.jpg","datePublished":"2020-11-18T16:51:15+00:00","dateModified":"2025-02-05T10:53:53+00:00","breadcrumb":{"@id":"https:\/\/www.mines-stetienne.fr\/en\/academics\/student-life\/#breadcrumb"},"inLanguage":"en-GB","potentialAction":[{"@type":"ReadAction","target":["https:\/\/www.mines-stetienne.fr\/en\/academics\/student-life\/"]}]},{"@type":"ImageObject","inLanguage":"en-GB","@id":"https:\/\/www.mines-stetienne.fr\/en\/academics\/student-life\/#primaryimage","url":"https:\/\/www.mines-stetienne.fr\/en\/wp-content\/uploads\/sites\/4\/2021\/01\/Gardanne2018-0117-600X400.jpg","contentUrl":"https:\/\/www.mines-stetienne.fr\/en\/wp-content\/uploads\/sites\/4\/2021\/01\/Gardanne2018-0117-600X400.jpg","width":400,"height":600},{"@type":"BreadcrumbList","@id":"https:\/\/www.mines-stetienne.fr\/en\/academics\/student-life\/#breadcrumb","itemListElement":[{"@type":"ListItem","position":1,"name":"Home","item":"https:\/\/www.mines-stetienne.fr\/en\/"},{"@type":"ListItem","position":2,"name":"Academics","item":"https:\/\/www.mines-stetienne.fr\/en\/academics\/"},{"@type":"ListItem","position":3,"name":"Student life"}]},{"@type":"WebSite","@id":"https:\/\/www.mines-stetienne.fr\/en\/#website","url":"https:\/\/www.mines-stetienne.fr\/en\/","name":"MINES Saint-\u00c9tienne","description":"Inspiring innovation","publisher":{"@id":"https:\/\/www.mines-stetienne.fr\/en\/#organization"},"potentialAction":[{"@type":"SearchAction","target":{"@type":"EntryPoint","urlTemplate":"https:\/\/www.mines-stetienne.fr\/en\/?s={search_term_string}"},"query-input":{"@type":"PropertyValueSpecification","valueRequired":true,"valueName":"search_term_string"}}],"inLanguage":"en-GB"},{"@type":"Organization","@id":"https:\/\/www.mines-stetienne.fr\/en\/#organization","name":"MINES Saint-\u00c9tienne","url":"https:\/\/www.mines-stetienne.fr\/en\/","logo":{"@type":"ImageObject","inLanguage":"en-GB","@id":"https:\/\/www.mines-stetienne.fr\/en\/#\/schema\/logo\/image\/","url":"https:\/\/www.mines-stetienne.fr\/en\/wp-content\/uploads\/sites\/4\/2022\/09\/Mines_Saint_Etienne_IMT_RVB.png","contentUrl":"https:\/\/www.mines-stetienne.fr\/en\/wp-content\/uploads\/sites\/4\/2022\/09\/Mines_Saint_Etienne_IMT_RVB.png","width":316,"height":315,"caption":"MINES Saint-\u00c9tienne"},"image":{"@id":"https:\/\/www.mines-stetienne.fr\/en\/#\/schema\/logo\/image\/"},"sameAs":["https:\/\/www.facebook.com\/MinesSaintEtienne","https:\/\/x.com\/MINES_StEtienne","https:\/\/www.linkedin.com\/school\/527715\/","https:\/\/www.youtube.com\/c\/Mines-stetienneFr","https:\/\/www.instagram.com\/mines_stetienne\/"]}]}},"publishpress_future_workflow_manual_trigger":{"enabledWorkflows":[]},"_links":{"self":[{"href":"https:\/\/www.mines-stetienne.fr\/en\/wp-json\/wp\/v2\/pages\/5843","targetHints":{"allow":["GET"]}}],"collection":[{"href":"https:\/\/www.mines-stetienne.fr\/en\/wp-json\/wp\/v2\/pages"}],"about":[{"href":"https:\/\/www.mines-stetienne.fr\/en\/wp-json\/wp\/v2\/types\/page"}],"author":[{"embeddable":true,"href":"https:\/\/www.mines-stetienne.fr\/en\/wp-json\/wp\/v2\/users\/2"}],"replies":[{"embeddable":true,"href":"https:\/\/www.mines-stetienne.fr\/en\/wp-json\/wp\/v2\/comments?post=5843"}],"version-history":[{"count":18,"href":"https:\/\/www.mines-stetienne.fr\/en\/wp-json\/wp\/v2\/pages\/5843\/revisions"}],"predecessor-version":[{"id":15877,"href":"https:\/\/www.mines-stetienne.fr\/en\/wp-json\/wp\/v2\/pages\/5843\/revisions\/15877"}],"up":[{"embeddable":true,"href":"https:\/\/www.mines-stetienne.fr\/en\/wp-json\/wp\/v2\/pages\/32"}],"wp:attachment":[{"href":"https:\/\/www.mines-stetienne.fr\/en\/wp-json\/wp\/v2\/media?parent=5843"}],"wp:term":[{"taxonomy":"post_tag","embeddable":true,"href":"https:\/\/www.mines-stetienne.fr\/en\/wp-json\/wp\/v2\/tags?post=5843"}],"curies":[{"name":"wp","href":"https:\/\/api.w.org\/{rel}","templated":true}]}}