{"id":5828,"date":"2020-11-18T17:30:30","date_gmt":"2020-11-18T16:30:30","guid":{"rendered":"https:\/\/www.mines-stetienne.fr\/en\/?page_id=5828"},"modified":"2025-07-07T12:47:50","modified_gmt":"2025-07-07T11:47:50","slug":"graduate-engineering-programmes-grande-ecole","status":"publish","type":"page","link":"https:\/\/www.mines-stetienne.fr\/en\/academics\/graduate-engineering-programmes-grande-ecole\/","title":{"rendered":"Graduate Engineering Programmes \u00abGrande \u00c9cole\u00bb"},"content":{"rendered":"\n<h2 class=\"wp-block-heading\">Campus of Saint-\u00c9tienne<\/h2>\n\n\n\n<h3 class=\"wp-block-heading\"><strong>Work-ready graduates<\/strong><\/h3>\n\n\n\n<h4 class=\"wp-block-heading\"><strong>ICM \u2013 Master\u2019s Degree in Science and Executive Engineering<\/strong><\/h4>\n\n\n\n<p>This Master, named \u201cdipl\u00f4me d\u2019Ing\u00e9nieur Civil des Mines&nbsp;(ICM)\u201d in French, is the signature diploma of three French elite Schools of Engineering, Mines Paris-Tech, Mines Saint-\u00c9tienne, and Mines Nancy. The aim of the \u2018<em>Ing\u00e9nieur Civil des Mines\u2019<\/em> Master\u2019s degree in Engineering is to train executive engineers for top-level management and technical positions in industrial and service companies in a globalized context.<\/p>\n\n\n\n<p>Regularly ranked among the top 15 of the 230 French engineering courses, ICM combines broad theoretical knowledge with hands-on projects, development of management and communication skills through mandatory international experience and practical training through long term internships in partner companies. Teaching in small classes, and close educational supervision, are essential features of the programme. Research-oriented projects are offered to students wishing to start a PhD programme after graduation.<\/p>\n\n\n\n<p>After graduating from Mines Saint-\u00c9tienne, an \u201c<em>Ing\u00e9nieur Civil des Mines<\/em>\u201d is able to innovate in a chosen field of expertise, interact with experts in other fields, manage complex organizations, lead teams, operate in a multicultural and global context, and respond quickly to professional challenges.<\/p>\n\n\n\n<h3 class=\"wp-block-heading\">Contact us<\/h3>\n\n\n\n<p>For any information, please contact:<\/p>\n\n\n\n<ul class=\"wp-block-list\">\n<li><strong>Narjis Kournif<\/strong><br>International incoming student coordinator<br><a href=\"&#x6d;&#97;i&#x6c;&#116;o&#x3a;&#105;n&#x63;&#111;m&#x69;&#110;g&#x40;&#109;i&#x6e;&#101;s&#x2d;&#115;t&#x65;&#116;i&#x65;&#110;n&#x65;&#46;f&#x72;\">&#105;&#x6e;c&#x6f;&#x6d;&#105;&#x6e;g&#x40;&#x6d;&#105;&#x6e;e&#x73;&#x2d;&#115;&#x74;e&#x74;&#x69;&#101;&#x6e;n&#x65;&#x2e;&#102;&#x72;<\/a> or <a href=\"&#x6d;&#x61;&#105;l&#x74;&#x6f;&#x3a;&#110;a&#x72;&#x6a;&#x69;&#115;&#46;&#x6b;&#x6f;&#x75;&#114;n&#x69;&#x66;&#x40;&#109;i&#x6e;&#x65;&#x73;&#45;s&#x74;&#x65;&#x74;&#105;e&#x6e;&#x6e;&#x65;&#46;f&#x72;\">&#110;&#97;&#x72;&#x6a;&#105;&#115;&#x2e;&#x6b;&#111;&#117;&#x72;&#x6e;&#105;&#102;&#x40;&#x6d;&#105;&#110;&#x65;&#x73;&#45;&#115;&#x74;&#x65;&#116;&#105;&#x65;&#x6e;&#110;&#101;&#x2e;&#x66;&#114;<\/a><\/li>\n\n\n\n<li><strong>Marc&nbsp;Roelens<\/strong><br>Head of the Master\u2019s Degree in Science and Executive Engineering<br><a href=\"&#x6d;&#x61;&#105;&#108;t&#x6f;&#x3a;&#x6d;&#97;&#114;c&#x2e;&#x72;&#x6f;&#101;&#108;e&#x6e;&#x73;&#x40;&#109;&#105;n&#x65;&#x73;&#x2d;&#115;te&#x74;&#x69;&#x65;&#110;ne&#x2e;&#x66;&#114;\">&#x6d;&#97;r&#x63;&#46;&#114;&#x6f;&#x65;&#108;e&#x6e;&#115;&#64;&#x6d;&#x69;&#110;e&#x73;&#45;s&#x74;&#x65;&#116;i&#x65;&#110;n&#x65;&#x2e;&#102;r<\/a><br>Phone: +33 4 77 42 01 73<\/li>\n<\/ul>\n\n\n\n<h2 class=\"wp-block-heading\">Campus of Gardanne<\/h2>\n\n\n\n<h3 class=\"wp-block-heading\"><strong>Work-ready graduates<\/strong><\/h3>\n\n\n\n<h4 class=\"wp-block-heading\"><strong><strong>ISMIN \u2013 \u00a0Master\u2019s Degree in Microelectronic Systems Engineering and Computer Science<\/strong><\/strong><\/h4>\n\n\n\n<p>The ISMIN engineering degree was set up at Mines Saint-\u00c9tienne in 2003. From the beginning, it has been associated with the Centre of Microelectronics in Provence research centre (CMP). The CMP has four cutting-edge research departments, Manufacturing Sciences &amp; Logistics, Bioelectronics, Digital Hardware Security and Flexible Electronics. It is located in Gardanne, between Aix-en-Provence and Marseille in the heart of Provence.<\/p>\n\n\n\n<p>An \u201c<em>Ing\u00e9nieur ISMIN<\/em>\u201d will be qualified to innovate, design, set up, organize and manage industrial projects in the global environment of microelectronics, computer science and new technologies.<\/p>\n\n\n\n<p>The ISMIN engineering programme is a degree in engineering mostly taught in French, and accredited by the national \u201c<em>Commission des Titres d\u2019Ing\u00e9nieurs<\/em>\u201d. ISMIN offers an educational programme focused on four different majors. It combines theoretical knowledge with hands-on projects, development of management and communication skills through international experience and practical training in partner companies. Small classes and close educational supervision are essential features of the programme.<\/p>\n\n\n\n<blockquote class=\"wp-block-quote is-layout-flow wp-block-quote-is-layout-flow\">\n<p>A course tailored to meet the needs of both students and industry<\/p>\n<\/blockquote>\n\n\n\n<p>In order to meet the demands&nbsp;of industry and to anticipate the development of technologies and innovations in microelectronics design and computer science, ISMIN provides a learning environment which enables future engineers to:<\/p>\n\n\n\n<ul class=\"wp-block-list\">\n<li>Master the sciences and techniques in this highly-specialised field;<\/li>\n\n\n\n<li>Understand the working methods of associated companies both from a human and economic point of view;<\/li>\n\n\n\n<li>Develop the skills needed to study and work abroad, notably through practical involvement (particularly in English and other foreign languages).<\/li>\n<\/ul>\n\n\n\n<p>In their final year (Master 2) students can major in one of three fields:<\/p>\n\n\n\n<ul class=\"wp-block-list\">\n<li>Computer Science<\/li>\n\n\n\n<li>Embedded Systems<\/li>\n\n\n\n<li>Micro-electronics design<\/li>\n<\/ul>\n\n\n\n<p>and choose one of the following specialisations:<\/p>\n\n\n\n<ul class=\"wp-block-list\">\n<li>Mobility and Security<\/li>\n\n\n\n<li>Electronics and Energy<\/li>\n\n\n\n<li>Information Technology and Supply Chain<\/li>\n\n\n\n<li>Bio-Medical Devices<\/li>\n<\/ul>\n\n\n\n<h3 class=\"wp-block-heading\">Contact us<\/h3>\n\n\n\n<p><strong>Narjis Kournif<\/strong><br>International incoming student coordinator<br><a href=\"&#109;a&#105;l&#116;o&#x3a;i&#x6e;c&#x6f;m&#x69;n&#x67;&#64;&#x6d;i&#x6e;e&#x73;-&#x73;t&#x65;&#116;&#x69;&#101;&#x6e;&#110;&#x65;&#46;&#x66;&#114;\">&#105;&#x6e;c&#x6f;m&#105;&#x6e;&#103;&#x40;m&#105;&#x6e;&#101;&#x73;-&#x73;&#x74;&#101;&#x74;i&#x65;n&#110;&#x65;&#46;&#x66;r<\/a> or <a href=\"&#x6d;&#x61;&#x69;&#108;&#116;&#111;:n&#x61;&#x72;&#x6a;&#x69;&#115;&#46;ko&#x75;&#x72;&#x6e;&#x69;&#102;&#64;mi&#x6e;&#x65;&#x73;&#x2d;&#115;&#116;&#101;ti&#x65;&#x6e;&#x6e;&#x65;&#46;&#102;r\">&#110;&#x61;&#x72;j&#105;&#x73;&#x2e;k&#111;&#x75;r&#110;&#x69;&#x66;&#64;&#109;&#x69;n&#101;&#x73;&#x2d;s&#116;&#x65;&#x74;&#105;&#x65;&#x6e;n&#101;&#x2e;&#x66;r<\/a><\/p>\n\n\n\n<ul class=\"wp-block-list\">\n<li>International incoming student coordinator<br><a href=\"m&#97;&#x69;&#x6c;&#x74;o&#58;&#x69;&#x6e;&#x63;o&#109;&#x69;&#x6e;&#x67;&#64;&#109;&#x69;&#x6e;&#x65;s&#45;&#x73;&#x74;&#x65;t&#105;&#x65;&#x6e;&#x6e;e&#46;&#x66;&#x72;\">&#x69;&#110;&#x63;&#111;m&#x69;&#110;g&#x40;&#109;&#x69;&#x6e;e&#x73;&#45;s&#x74;&#101;&#x74;&#x69;e&#x6e;&#110;e&#x2e;&#102;r<\/a> or <a href=\"&#x6d;&#x61;&#105;lt&#x6f;&#x3a;&#107;&#111;u&#x72;&#x6e;&#105;&#102;&#64;&#x65;&#x6d;&#x73;&#101;&#46;f&#x72;\">&#x6b;&#x6f;&#117;r&#x6e;&#x69;&#x66;&#64;e&#x6d;&#x73;&#x65;&#46;f&#x72;<\/a><\/li>\n\n\n\n<li><strong>Benjamin Massis<\/strong><br>Head of Master\u2019s Degree in Microelectronics and Computer Science<br><a href=\"&#x6d;a&#x69;&#108;&#x74;&#x6f;:&#x62;&#101;&#x6e;&#x6a;a&#x6d;&#105;&#x6e;&#x2e;m&#x61;&#115;&#x73;&#x69;s&#x40;&#109;&#x69;&#x6e;e&#x73;&#45;&#x73;&#x74;e&#x74;&#105;&#x65;&#x6e;n&#x65;&#46;&#x66;&#x72;\">&#98;&#x65;n&#x6a;&#x61;&#109;&#x69;n&#46;&#x6d;&#97;&#x73;s&#105;&#x73;&#64;&#x6d;i&#110;&#x65;s&#x2d;&#x73;&#116;&#x65;t&#105;&#x65;&#110;&#x6e;e&#46;&#x66;&#114;<\/a><br>Phone: +33 4 42 61 66 31<\/li>\n<\/ul>\n\n\n\n<h2 class=\"wp-block-heading\">Requirements \/ICM &amp; ISMIN<\/h2>\n\n\n\n<p><strong>The ICM &amp; ISMIN curriculum are flexible and adaptable two-year programmes<\/strong> designed to allow students to explore and to achieve their own career aspirations. International students can be admitted in these programmes either as:<\/p>\n\n\n\n<ul class=\"wp-block-list\">\n<li>Visiting or exchange students: as exchange students for a semester or a year, they will get credits for their studies at Mines Saint-\u00c9tienne, but will not be eligible for a Mines Saint-\u00c9tienne\u2019s degree. These credits can be recognised by their institution of origin for graduation.<\/li>\n\n\n\n<li>Graduating or full degree students (including Double Degrees): as regular students for the programme these international students will follow the same curriculum as local students for the final two years of study. They are expected to graduate from Mines Saint-\u00c9tienne with the Master&#8217;s Degree in Science and Executive Engineering, or the Master\u2019s Degree in Microelectronics and Computer Science, and can also be eligible for their home university\u2019s degree in the case of a double-degree agreement.<\/li>\n<\/ul>\n\n\n\n<p>Candidates holding an M1 degree in Science or Engineering (equivalent to 240 European credits) can join the programme as Master\u2019s students.<\/p>\n\n\n\n<p>The graduate course in science and executive engineering &#8211; ICM (<em>Ing\u00e9nieur Civil des Mines<\/em>) &amp; ISMIN (<em>Ing\u00e9nieur Syst\u00e8mes Micro\u00e9lectronique et INformatique<\/em>) also welcomes international exchange students from partner universities as visiting\/exchange students for one or two academic semesters and for lab internships at graduate level.<\/p>\n\n\n\n<p>Before arrival: French Summer Schools and integration programmes for international students are available in partner institutions:<\/p>\n\n\n\n<p><strong>French Summer Schools<\/strong><\/p>\n\n\n\n<ul class=\"wp-block-list\">\n<li><a href=\"https:\/\/www.univ-st-etienne.fr\/fr\/international-1\/apprendre-le-francais.html\" target=\"_blank\" rel=\"noreferrer noopener\">University of Saint-\u00c9tienne<\/a><\/li>\n\n\n\n<li><a href=\"http:\/\/www.imt-atlantique.fr\/fr\/formation\/french-summer-school\/campus-de-nantes\" target=\"_blank\" rel=\"noreferrer noopener\">IMT Atlantique<\/a><\/li>\n<\/ul>\n\n\n\n<h4 class=\"wp-block-heading\">Academic requirements<\/h4>\n\n\n\n<p>Bachelor of Science in Engineering with honours or equivalent, with a minimum 4-year education at the University (240 equivalent European credits), or admission under the framework of a partnership agreement (contact your international relations office).<\/p>\n\n\n\n<h4 class=\"wp-block-heading\">Language requirements<\/h4>\n\n\n\n<h5 class=\"wp-block-heading\">What level are you expected to have in French?<\/h5>\n\n\n\n<p>If you are applying for:<\/p>\n\n\n\n<ul class=\"wp-block-list\">\n<li>a B1-level is mandatory.<\/li>\n<\/ul>\n\n\n\n<p>In all cases, classes of French as a foreign language are available from October to May with different level groups and 2 to 3 hours per week.<\/p>\n\n\n\n<p><a href=\"https:\/\/www.mines-stetienne.fr\/en\/academic\/icm-masters-degree-in-science-and-executive-engineering\/#formationTab02\">Admission procedures<\/a><\/p>\n\n\n\n<ul class=\"wp-block-list\">\n<li><strong>Step 1<\/strong><br><a href=\"https:\/\/www.mines-stetienne.fr\/en\/international\/international-exchange-programs\/\" target=\"_blank\" rel=\"noreferrer noopener\">Check our list of international academic&nbsp;partners<\/a>.<\/li>\n<\/ul>\n\n\n\n<ul class=\"wp-block-list\">\n<li><strong>Step 2<\/strong>\n<ul class=\"wp-block-list\">\n<li><strong>If your university of origin is a Mines Saint-\u00c9tienne partner<\/strong><br>You have to be preselected to apply to Mines Saint-\u00c9tienne. The study abroad team of your university or the contact faculty in charge of the partnership will inform you about the application process, the course choice, as well as the funding opportunities, and will get in touch with us to nominate the preselected students.<\/li>\n\n\n\n<li><strong>If you want to apply as an independent candidate (free mover) please contact: <\/strong><a href=\"mailto:incoming&#64;mines-st&#101;&#116;&#105;&#101;&#110;&#110;&#101;&#46;&#102;&#114;\"><strong>&#105;&#x6e;&#x63;o&#109;&#x69;n&#103;&#x40;&#x6d;&#105;&#x6e;&#x65;s&#45;&#x73;t&#101;&#x74;&#x69;&#101;&#x6e;&#x6e;e&#46;&#x66;r<\/strong><\/a>.<\/li>\n<\/ul>\n<\/li>\n<\/ul>\n\n\n\n<h5 class=\"wp-block-heading\">Syllabus <\/h5>\n\n\n\n<ul class=\"wp-block-list\">\n<li><a href=\"https:\/\/portail.emse.fr\/syllabus\/ICM\/en\" target=\"_blank\" rel=\"noreferrer noopener\">ICM<\/a> <\/li>\n\n\n\n<li><a href=\"https:\/\/portail.emse.fr\/syllabus\/ISMIN\/en\" target=\"_blank\" rel=\"noreferrer noopener\">ISMIN<\/a><\/li>\n<\/ul>\n","protected":false},"excerpt":{"rendered":"<p>Campus of Saint-\u00c9tienne Work-ready graduates ICM \u2013 Master\u2019s Degree in Science and Executive Engineering This Master, named \u201cdipl\u00f4me d\u2019Ing\u00e9nieur Civil des Mines&nbsp;(ICM)\u201d in French, is the signature diploma of three French elite Schools of Engineering, Mines Paris-Tech, Mines Saint-\u00c9tienne, and &hellip;<\/p>\n","protected":false},"author":2,"featured_media":0,"parent":32,"menu_order":11,"comment_status":"closed","ping_status":"closed","template":"","meta":{"_relevanssi_hide_post":"","_relevanssi_hide_content":"","_relevanssi_pin_for_all":"","_relevanssi_pin_keywords":"","_relevanssi_unpin_keywords":"","_relevanssi_related_keywords":"","_relevanssi_related_include_ids":"","_relevanssi_related_exclude_ids":"","_relevanssi_related_no_append":"","_relevanssi_related_not_related":"","_relevanssi_related_posts":"492,2385,2494,497,2402,2446","_relevanssi_noindex_reason":"","footnotes":"","_links_to":"","_links_to_target":""},"tags":[],"class_list":["post-5828","page","type-page","status-publish","hentry"],"pp_statuses_selecting_workflow":false,"pp_workflow_action":"current","pp_status_selection":"publish","pp_force_visibility":null,"pp_subpost_visibility":null,"pp_inherited_force_visibility":null,"pp_inherited_subpost_visibility":null,"yoast_head":"<!-- This site is optimized with the Yoast SEO plugin v27.5 - https:\/\/yoast.com\/product\/yoast-seo-wordpress\/ -->\n<title>Graduate Engineering Programmes \u00abGrande \u00c9cole\u00bb - MINES Saint-\u00c9tienne<\/title>\n<meta name=\"robots\" content=\"index, follow, max-snippet:-1, max-image-preview:large, max-video-preview:-1\" \/>\n<link rel=\"canonical\" href=\"https:\/\/www.mines-stetienne.fr\/en\/academics\/graduate-engineering-programmes-grande-ecole\/\" \/>\n<meta property=\"og:locale\" content=\"en_GB\" \/>\n<meta property=\"og:type\" content=\"article\" \/>\n<meta property=\"og:title\" content=\"Graduate Engineering Programmes \u00abGrande \u00c9cole\u00bb - MINES Saint-\u00c9tienne\" \/>\n<meta property=\"og:description\" content=\"Campus of Saint-\u00c9tienne Work-ready graduates ICM \u2013 Master\u2019s Degree in Science and Executive Engineering This Master, named \u201cdipl\u00f4me d\u2019Ing\u00e9nieur Civil des Mines&nbsp;(ICM)\u201d in French, is the signature diploma of three French elite Schools of Engineering, Mines Paris-Tech, Mines Saint-\u00c9tienne, and &hellip;\" \/>\n<meta property=\"og:url\" content=\"https:\/\/www.mines-stetienne.fr\/en\/academics\/graduate-engineering-programmes-grande-ecole\/\" \/>\n<meta property=\"og:site_name\" content=\"MINES Saint-\u00c9tienne\" \/>\n<meta property=\"article:publisher\" content=\"https:\/\/www.facebook.com\/MinesSaintEtienne\" \/>\n<meta property=\"article:modified_time\" content=\"2025-07-07T11:47:50+00:00\" \/>\n<meta name=\"twitter:card\" content=\"summary_large_image\" \/>\n<meta name=\"twitter:site\" content=\"@MINES_StEtienne\" \/>\n<meta name=\"twitter:label1\" content=\"Estimated reading time\" \/>\n\t<meta name=\"twitter:data1\" content=\"5 minutes\" \/>\n<script type=\"application\/ld+json\" class=\"yoast-schema-graph\">{\"@context\":\"https:\\\/\\\/schema.org\",\"@graph\":[{\"@type\":\"WebPage\",\"@id\":\"https:\\\/\\\/www.mines-stetienne.fr\\\/en\\\/academics\\\/graduate-engineering-programmes-grande-ecole\\\/\",\"url\":\"https:\\\/\\\/www.mines-stetienne.fr\\\/en\\\/academics\\\/graduate-engineering-programmes-grande-ecole\\\/\",\"name\":\"Graduate Engineering Programmes \u00abGrande \u00c9cole\u00bb - MINES Saint-\u00c9tienne\",\"isPartOf\":{\"@id\":\"https:\\\/\\\/www.mines-stetienne.fr\\\/en\\\/#website\"},\"datePublished\":\"2020-11-18T16:30:30+00:00\",\"dateModified\":\"2025-07-07T11:47:50+00:00\",\"breadcrumb\":{\"@id\":\"https:\\\/\\\/www.mines-stetienne.fr\\\/en\\\/academics\\\/graduate-engineering-programmes-grande-ecole\\\/#breadcrumb\"},\"inLanguage\":\"en-GB\",\"potentialAction\":[{\"@type\":\"ReadAction\",\"target\":[\"https:\\\/\\\/www.mines-stetienne.fr\\\/en\\\/academics\\\/graduate-engineering-programmes-grande-ecole\\\/\"]}]},{\"@type\":\"BreadcrumbList\",\"@id\":\"https:\\\/\\\/www.mines-stetienne.fr\\\/en\\\/academics\\\/graduate-engineering-programmes-grande-ecole\\\/#breadcrumb\",\"itemListElement\":[{\"@type\":\"ListItem\",\"position\":1,\"name\":\"Home\",\"item\":\"https:\\\/\\\/www.mines-stetienne.fr\\\/en\\\/\"},{\"@type\":\"ListItem\",\"position\":2,\"name\":\"Academics\",\"item\":\"https:\\\/\\\/www.mines-stetienne.fr\\\/en\\\/academics\\\/\"},{\"@type\":\"ListItem\",\"position\":3,\"name\":\"Graduate Engineering Programmes \u00abGrande \u00c9cole\u00bb\"}]},{\"@type\":\"WebSite\",\"@id\":\"https:\\\/\\\/www.mines-stetienne.fr\\\/en\\\/#website\",\"url\":\"https:\\\/\\\/www.mines-stetienne.fr\\\/en\\\/\",\"name\":\"MINES Saint-\u00c9tienne\",\"description\":\"Inspiring innovation\",\"publisher\":{\"@id\":\"https:\\\/\\\/www.mines-stetienne.fr\\\/en\\\/#organization\"},\"potentialAction\":[{\"@type\":\"SearchAction\",\"target\":{\"@type\":\"EntryPoint\",\"urlTemplate\":\"https:\\\/\\\/www.mines-stetienne.fr\\\/en\\\/?s={search_term_string}\"},\"query-input\":{\"@type\":\"PropertyValueSpecification\",\"valueRequired\":true,\"valueName\":\"search_term_string\"}}],\"inLanguage\":\"en-GB\"},{\"@type\":\"Organization\",\"@id\":\"https:\\\/\\\/www.mines-stetienne.fr\\\/en\\\/#organization\",\"name\":\"MINES Saint-\u00c9tienne\",\"url\":\"https:\\\/\\\/www.mines-stetienne.fr\\\/en\\\/\",\"logo\":{\"@type\":\"ImageObject\",\"inLanguage\":\"en-GB\",\"@id\":\"https:\\\/\\\/www.mines-stetienne.fr\\\/en\\\/#\\\/schema\\\/logo\\\/image\\\/\",\"url\":\"https:\\\/\\\/www.mines-stetienne.fr\\\/en\\\/wp-content\\\/uploads\\\/sites\\\/4\\\/2022\\\/09\\\/Mines_Saint_Etienne_IMT_RVB.png\",\"contentUrl\":\"https:\\\/\\\/www.mines-stetienne.fr\\\/en\\\/wp-content\\\/uploads\\\/sites\\\/4\\\/2022\\\/09\\\/Mines_Saint_Etienne_IMT_RVB.png\",\"width\":316,\"height\":315,\"caption\":\"MINES Saint-\u00c9tienne\"},\"image\":{\"@id\":\"https:\\\/\\\/www.mines-stetienne.fr\\\/en\\\/#\\\/schema\\\/logo\\\/image\\\/\"},\"sameAs\":[\"https:\\\/\\\/www.facebook.com\\\/MinesSaintEtienne\",\"https:\\\/\\\/x.com\\\/MINES_StEtienne\",\"https:\\\/\\\/www.linkedin.com\\\/school\\\/527715\\\/\",\"https:\\\/\\\/www.youtube.com\\\/c\\\/Mines-stetienneFr\",\"https:\\\/\\\/www.instagram.com\\\/mines_stetienne\\\/\"]}]}<\/script>\n<!-- \/ Yoast SEO plugin. -->","yoast_head_json":{"title":"Graduate Engineering Programmes \u00abGrande \u00c9cole\u00bb - MINES Saint-\u00c9tienne","robots":{"index":"index","follow":"follow","max-snippet":"max-snippet:-1","max-image-preview":"max-image-preview:large","max-video-preview":"max-video-preview:-1"},"canonical":"https:\/\/www.mines-stetienne.fr\/en\/academics\/graduate-engineering-programmes-grande-ecole\/","og_locale":"en_GB","og_type":"article","og_title":"Graduate Engineering Programmes \u00abGrande \u00c9cole\u00bb - MINES Saint-\u00c9tienne","og_description":"Campus of Saint-\u00c9tienne Work-ready graduates ICM \u2013 Master\u2019s Degree in Science and Executive Engineering This Master, named \u201cdipl\u00f4me d\u2019Ing\u00e9nieur Civil des Mines&nbsp;(ICM)\u201d in French, is the signature diploma of three French elite Schools of Engineering, Mines Paris-Tech, Mines Saint-\u00c9tienne, and &hellip;","og_url":"https:\/\/www.mines-stetienne.fr\/en\/academics\/graduate-engineering-programmes-grande-ecole\/","og_site_name":"MINES Saint-\u00c9tienne","article_publisher":"https:\/\/www.facebook.com\/MinesSaintEtienne","article_modified_time":"2025-07-07T11:47:50+00:00","twitter_card":"summary_large_image","twitter_site":"@MINES_StEtienne","twitter_misc":{"Estimated reading time":"5 minutes"},"schema":{"@context":"https:\/\/schema.org","@graph":[{"@type":"WebPage","@id":"https:\/\/www.mines-stetienne.fr\/en\/academics\/graduate-engineering-programmes-grande-ecole\/","url":"https:\/\/www.mines-stetienne.fr\/en\/academics\/graduate-engineering-programmes-grande-ecole\/","name":"Graduate Engineering Programmes \u00abGrande \u00c9cole\u00bb - MINES Saint-\u00c9tienne","isPartOf":{"@id":"https:\/\/www.mines-stetienne.fr\/en\/#website"},"datePublished":"2020-11-18T16:30:30+00:00","dateModified":"2025-07-07T11:47:50+00:00","breadcrumb":{"@id":"https:\/\/www.mines-stetienne.fr\/en\/academics\/graduate-engineering-programmes-grande-ecole\/#breadcrumb"},"inLanguage":"en-GB","potentialAction":[{"@type":"ReadAction","target":["https:\/\/www.mines-stetienne.fr\/en\/academics\/graduate-engineering-programmes-grande-ecole\/"]}]},{"@type":"BreadcrumbList","@id":"https:\/\/www.mines-stetienne.fr\/en\/academics\/graduate-engineering-programmes-grande-ecole\/#breadcrumb","itemListElement":[{"@type":"ListItem","position":1,"name":"Home","item":"https:\/\/www.mines-stetienne.fr\/en\/"},{"@type":"ListItem","position":2,"name":"Academics","item":"https:\/\/www.mines-stetienne.fr\/en\/academics\/"},{"@type":"ListItem","position":3,"name":"Graduate Engineering Programmes \u00abGrande \u00c9cole\u00bb"}]},{"@type":"WebSite","@id":"https:\/\/www.mines-stetienne.fr\/en\/#website","url":"https:\/\/www.mines-stetienne.fr\/en\/","name":"MINES Saint-\u00c9tienne","description":"Inspiring innovation","publisher":{"@id":"https:\/\/www.mines-stetienne.fr\/en\/#organization"},"potentialAction":[{"@type":"SearchAction","target":{"@type":"EntryPoint","urlTemplate":"https:\/\/www.mines-stetienne.fr\/en\/?s={search_term_string}"},"query-input":{"@type":"PropertyValueSpecification","valueRequired":true,"valueName":"search_term_string"}}],"inLanguage":"en-GB"},{"@type":"Organization","@id":"https:\/\/www.mines-stetienne.fr\/en\/#organization","name":"MINES Saint-\u00c9tienne","url":"https:\/\/www.mines-stetienne.fr\/en\/","logo":{"@type":"ImageObject","inLanguage":"en-GB","@id":"https:\/\/www.mines-stetienne.fr\/en\/#\/schema\/logo\/image\/","url":"https:\/\/www.mines-stetienne.fr\/en\/wp-content\/uploads\/sites\/4\/2022\/09\/Mines_Saint_Etienne_IMT_RVB.png","contentUrl":"https:\/\/www.mines-stetienne.fr\/en\/wp-content\/uploads\/sites\/4\/2022\/09\/Mines_Saint_Etienne_IMT_RVB.png","width":316,"height":315,"caption":"MINES Saint-\u00c9tienne"},"image":{"@id":"https:\/\/www.mines-stetienne.fr\/en\/#\/schema\/logo\/image\/"},"sameAs":["https:\/\/www.facebook.com\/MinesSaintEtienne","https:\/\/x.com\/MINES_StEtienne","https:\/\/www.linkedin.com\/school\/527715\/","https:\/\/www.youtube.com\/c\/Mines-stetienneFr","https:\/\/www.instagram.com\/mines_stetienne\/"]}]}},"publishpress_future_workflow_manual_trigger":{"enabledWorkflows":[]},"_links":{"self":[{"href":"https:\/\/www.mines-stetienne.fr\/en\/wp-json\/wp\/v2\/pages\/5828","targetHints":{"allow":["GET"]}}],"collection":[{"href":"https:\/\/www.mines-stetienne.fr\/en\/wp-json\/wp\/v2\/pages"}],"about":[{"href":"https:\/\/www.mines-stetienne.fr\/en\/wp-json\/wp\/v2\/types\/page"}],"author":[{"embeddable":true,"href":"https:\/\/www.mines-stetienne.fr\/en\/wp-json\/wp\/v2\/users\/2"}],"replies":[{"embeddable":true,"href":"https:\/\/www.mines-stetienne.fr\/en\/wp-json\/wp\/v2\/comments?post=5828"}],"version-history":[{"count":14,"href":"https:\/\/www.mines-stetienne.fr\/en\/wp-json\/wp\/v2\/pages\/5828\/revisions"}],"predecessor-version":[{"id":16129,"href":"https:\/\/www.mines-stetienne.fr\/en\/wp-json\/wp\/v2\/pages\/5828\/revisions\/16129"}],"up":[{"embeddable":true,"href":"https:\/\/www.mines-stetienne.fr\/en\/wp-json\/wp\/v2\/pages\/32"}],"wp:attachment":[{"href":"https:\/\/www.mines-stetienne.fr\/en\/wp-json\/wp\/v2\/media?parent=5828"}],"wp:term":[{"taxonomy":"post_tag","embeddable":true,"href":"https:\/\/www.mines-stetienne.fr\/en\/wp-json\/wp\/v2\/tags?post=5828"}],"curies":[{"name":"wp","href":"https:\/\/api.w.org\/{rel}","templated":true}]}}