{"id":490,"date":"2016-01-18T21:04:36","date_gmt":"2016-01-18T20:04:36","guid":{"rendered":"https:\/\/www.mines-stetienne.fr\/en\/?page_id=490"},"modified":"2024-12-18T07:56:32","modified_gmt":"2024-12-18T06:56:32","slug":"legal-notice","status":"publish","type":"page","link":"https:\/\/www.mines-stetienne.fr\/en\/legal-notice\/","title":{"rendered":"Legal Notice"},"content":{"rendered":"\n<h2 class=\"wp-block-heading\" id=\"site-presentation\">Site presentation<\/h2>\n\n\n\n<p>Under Article 6 of Law No. 2004-575 of 21 June 2004 on confidence in the digital economy, users of the site www.mines-stetienne.fr\/en are informed of the identity of the various stakeholders in the framework for its implementation and monitoring.<\/p>\n\n\n\n<h3 class=\"wp-block-heading\" id=\"owner\">Owner<\/h3>\n\n\n\n<p>\u00c9cole nationale sup\u00e9rieure des Mines de Saint-\u00c9tienne<br>158, cours Fauriel,&nbsp;CS 62362,&nbsp;42023, Saint-\u00c9tienne Cedex 2<\/p>\n\n\n\n<h3 class=\"wp-block-heading\" id=\"head-of-publication\">Head of Publication<\/h3>\n\n\n\n<ul class=\"wp-block-list\">\n<li>Jacques Fayolle<br>Director of \u00c9cole des Mines de Saint-\u00c9tienne<\/li>\n<\/ul>\n\n\n\n<h3 class=\"wp-block-heading\" id=\"editorial-manager\">Editorial Manager<\/h3>\n\n\n\n<ul class=\"wp-block-list\">\n<li>Communications management<br>Phone : +33 4 77 42 01 23<\/li>\n<\/ul>\n\n\n\n<h3 class=\"wp-block-heading\" id=\"design-and-production\">Design and production<\/h3>\n\n\n\n<ul class=\"wp-block-list\">\n<li><a title=\"http:\/\/www.iris-interactive.fr\/\" href=\"http:\/\/www.iris-interactive.fr\/\" data-from-md=\"\">IRIS Interactive<\/a><\/li>\n\n\n\n<li><a title=\"&#109;&#x61;&#105;&#x6c;t&#x6f;:&#103;&#x72;&#101;&#x67;&#111;&#x69;r&#x65;&#46;&#98;&#x65;&#114;&#x74;h&#x65;z&#x65;&#x6e;&#101;&#x40;&#109;&#x69;n&#x65;s&#45;&#x73;&#116;&#x65;&#116;&#x69;e&#x6e;n&#101;&#x2e;&#102;&#x72;\" href=\"&#x6d;&#97;i&#x6c;&#x74;&#111;:&#x67;&#x72;&#101;g&#x6f;&#105;r&#x65;&#x2e;&#98;e&#x72;&#x74;&#104;e&#x7a;&#101;&#110;&#x65;&#x40;&#109;i&#x6e;&#x65;&#115;-&#x73;&#116;&#101;t&#x69;&#101;n&#x6e;&#x65;&#46;f&#x72;\" data-from-md=\"\">Gr\u00e9goire Berth\u00e9z\u00e8ne<\/a><br>Communications management<br>\u00c9cole des Mines de Saint-\u00c9tienne<\/li>\n\n\n\n<li>This site was created with&nbsp;<a title=\"https:\/\/woocommerce.com\/\" href=\"https:\/\/woocommerce.com\/\" data-from-md=\"\">WordPress<\/a>.<\/li>\n<\/ul>\n\n\n\n<h3 class=\"wp-block-heading\" id=\"host\">Host<\/h3>\n\n\n\n<ul class=\"wp-block-list\">\n<li>\u00c9cole des mines de Saint-\u00c9tienne<br>158, cours Fauriel<br>CS 62362<br>42023 Saint-\u00c9tienne cedex 2<br><a title=\"&#x6d;&#x61;&#105;&#108;t&#x6f;&#x3a;&#x77;&#101;bm&#x61;&#x73;&#116;&#101;r&#x40;&#x6d;&#x69;&#110;es&#x2d;&#x73;&#116;&#101;t&#x69;&#x65;&#x6e;&#110;e&#46;&#x66;&#x72;\" href=\"&#x6d;a&#x69;l&#x74;&#111;&#x3a;&#119;e&#x62;m&#x61;&#115;&#x74;&#101;&#x72;&#64;m&#x69;n&#x65;&#115;&#x2d;&#115;&#x74;&#x65;t&#x69;e&#x6e;&#110;&#x65;&#46;f&#x72;\" data-from-md=\"\">&#119;&#101;&#x62;&#x6d;&#97;&#115;&#x74;&#x65;&#114;&#64;&#x6d;&#x69;&#110;&#101;&#x73;&#x2d;&#115;&#116;&#x65;&#x74;&#105;&#101;&#x6e;&#x6e;&#101;&#46;&#x66;&#x72;<\/a><\/li>\n<\/ul>\n\n\n\n<h3 class=\"wp-block-heading\" id=\"photo-credits\">Photo credits<\/h3>\n\n\n\n<p>Unless otherwise stated:<\/p>\n\n\n\n<ul class=\"wp-block-list\">\n<li>Mines Saint-\u00c9tienne<\/li>\n\n\n\n<li><a title=\"http:\/\/www.freepik.com\" data-from-md=\"\" href=\"http:\/\/www.freepik.com\">Designed by D3Images \/ Freepik<\/a><\/li>\n\n\n\n<li><a href=\"https:\/\/www.alexis-cheziere.fr\/\" target=\"_blank\" rel=\"noreferrer noopener\">Alexis Ch\u00e9ziere<\/a><\/li>\n<\/ul>\n\n\n\n<h2 class=\"wp-block-heading\" id=\"intellectual-property\">Intellectual Property<\/h2>\n\n\n\n<p>This entire site is protected by French intellectual property laws. All rights are reserved.<br>All elements of this website are the exclusive property of their respective owners in accordance with the Intellectual Property Code.<\/p>\n\n\n\n<p>Reproduction of material from this site is permitted for educational purposes, subject to the following conditions: free distribution, respect for the integrity of the reproduced documents, clear and legible source for example as follows: \u201cThis document comes from the website of the Ecole Nationale Sup\u00e9rieure des Mines de Saint-\u00c9tienne (<a title=\"https:\/\/www.mines-stetienne.fr\/\" href=\"https:\/\/www.mines-stetienne.fr\/\" data-from-md=\"\">www.mines-stetienne.fr<\/a>). All rights are reserved.\u201d<\/p>\n\n\n\n<p>Any act of reproduction and any representation, adaptation, translation and \/ or modification in whole or in part, in any medium whatsoever from this website or its components, whether text, graphics animated or not, icons, photographs, drawings, maps, logos, video clips, sounds or images (\u2026) is prohibited without prior written consent of MINES Saint-\u00c9tienne.&nbsp; The transfer of any part of this site to another site is prohibited unless prior express authorization of MINES Saint-\u00c9tienne.<br>Non-compliance with these regulations constitutes an infringement may result in civil and \/ or criminal liability for the perpetrator.&nbsp;MINES Saint-\u00c9tienne reserves the right to take legal action against anyone who does not respect these regulations.<\/p>\n\n\n\n<p>To demand authorization, please first contact the&nbsp;<a title=\"mail&#116;&#111;&#58;&#119;&#101;&#98;&#109;&#x61;&#x73;&#x74;&#x65;&#x72;&#x40;&#x6d;&#x69;&#x6e;es-s&#116;&#101;&#116;&#105;&#101;&#110;&#110;&#x65;&#x2e;&#x66;&#x72;\" href=\"&#x6d;&#97;i&#x6c;&#x74;&#111;:&#x77;&#x65;&#98;m&#x61;&#115;t&#x65;&#x72;&#64;m&#x69;&#x6e;&#101;s&#x2d;&#115;&#116;&#x65;&#x74;&#105;e&#x6e;&#x6e;&#101;&#46;&#x66;&#114;\" data-from-md=\"\">webmaster<\/a>.<\/p>\n\n\n\n<h2 class=\"wp-block-heading\" id=\"conditions-of-use\">Conditions of use<\/h2>\n\n\n\n<p>The information on this collaborative and open source site are subject to errors and\/or omissions. Dates shown on the site are provided only for information purposes only. Information contained in this site is subject to modification or deletion at any time and without notice. Links to other sites are provided for information only. The presence of hyperlinks to other websites does not bind in any way the \u00c9cole Nationale Sup\u00e9rieure des Mines de Saint-\u00c9tienne to these sites nor imply an endorsement.<\/p>\n\n\n\n<h2 class=\"wp-block-heading\" id=\"contact-us\">Contact us<\/h2>\n\n\n\n<p>For any questions, comments or observations, do not hesitate to contact us:<\/p>\n\n\n\n<ul class=\"wp-block-list\">\n<li>directly to: &#119;&#101;&#x62;m&#97;&#x73;&#x74;e&#114;&#x40;&#x6d;i&#110;&#x65;&#x73;-&#115;&#x74;&#x65;t&#105;&#x65;&#x6e;n&#101;&#x2e;f&#114;<\/li>\n\n\n\n<li>by phone: 04 77 42 01 23<\/li>\n<\/ul>\n\n\n\n<p>You can also reach us by post at the following address:<\/p>\n\n\n\n<p><strong>\u00c9cole des mines de Saint-\u00c9tienne<\/strong><br>Communications management<br>158, cours Fauriel<br>CS 62362<br>42023 Saint-\u00c9tienne Cedex 2<\/p>\n","protected":false},"excerpt":{"rendered":"<p>Site presentation Under Article 6 of Law No. 2004-575 of 21 June 2004 on confidence in the digital economy, users of the site www.mines-stetienne.fr\/en are informed of the identity of the various stakeholders in the framework for its implementation and &hellip;<\/p>\n","protected":false},"author":1,"featured_media":0,"parent":0,"menu_order":990,"comment_status":"closed","ping_status":"closed","template":"","meta":{"_relevanssi_hide_post":"","_relevanssi_hide_content":"","_relevanssi_pin_for_all":"","_relevanssi_pin_keywords":"","_relevanssi_unpin_keywords":"","_relevanssi_related_keywords":"","_relevanssi_related_include_ids":"","_relevanssi_related_exclude_ids":"","_relevanssi_related_no_append":"","_relevanssi_related_not_related":"","_relevanssi_related_posts":"492,2385,497","_relevanssi_noindex_reason":"","footnotes":"","_links_to":"","_links_to_target":""},"tags":[],"class_list":["post-490","page","type-page","status-publish","hentry"],"pp_statuses_selecting_workflow":false,"pp_workflow_action":"current","pp_status_selection":"publish","pp_force_visibility":null,"pp_subpost_visibility":null,"pp_inherited_force_visibility":null,"pp_inherited_subpost_visibility":null,"yoast_head":"<!-- This site is optimized with the Yoast SEO plugin v27.4 - https:\/\/yoast.com\/product\/yoast-seo-wordpress\/ -->\n<title>Legal Notice - MINES Saint-\u00c9tienne<\/title>\n<meta name=\"robots\" content=\"index, follow, max-snippet:-1, max-image-preview:large, max-video-preview:-1\" \/>\n<link rel=\"canonical\" href=\"https:\/\/www.mines-stetienne.fr\/en\/legal-notice\/\" \/>\n<meta property=\"og:locale\" content=\"en_GB\" \/>\n<meta property=\"og:type\" content=\"article\" \/>\n<meta property=\"og:title\" content=\"Legal Notice - MINES Saint-\u00c9tienne\" \/>\n<meta property=\"og:description\" content=\"Site presentation Under Article 6 of Law No. 2004-575 of 21 June 2004 on confidence in the digital economy, users of the site www.mines-stetienne.fr\/en are informed of the identity of the various stakeholders in the framework for its implementation and &hellip;\" \/>\n<meta property=\"og:url\" content=\"https:\/\/www.mines-stetienne.fr\/en\/legal-notice\/\" \/>\n<meta property=\"og:site_name\" content=\"MINES Saint-\u00c9tienne\" \/>\n<meta property=\"article:publisher\" content=\"https:\/\/www.facebook.com\/MinesSaintEtienne\" \/>\n<meta property=\"article:modified_time\" content=\"2024-12-18T06:56:32+00:00\" \/>\n<meta name=\"twitter:card\" content=\"summary_large_image\" \/>\n<meta name=\"twitter:site\" content=\"@MINES_StEtienne\" \/>\n<meta name=\"twitter:label1\" content=\"Estimated reading time\" \/>\n\t<meta name=\"twitter:data1\" content=\"3 minutes\" \/>\n<script type=\"application\/ld+json\" class=\"yoast-schema-graph\">{\"@context\":\"https:\\\/\\\/schema.org\",\"@graph\":[{\"@type\":\"WebPage\",\"@id\":\"https:\\\/\\\/www.mines-stetienne.fr\\\/en\\\/legal-notice\\\/\",\"url\":\"https:\\\/\\\/www.mines-stetienne.fr\\\/en\\\/legal-notice\\\/\",\"name\":\"Legal Notice - MINES Saint-\u00c9tienne\",\"isPartOf\":{\"@id\":\"https:\\\/\\\/www.mines-stetienne.fr\\\/en\\\/#website\"},\"datePublished\":\"2016-01-18T20:04:36+00:00\",\"dateModified\":\"2024-12-18T06:56:32+00:00\",\"breadcrumb\":{\"@id\":\"https:\\\/\\\/www.mines-stetienne.fr\\\/en\\\/legal-notice\\\/#breadcrumb\"},\"inLanguage\":\"en-GB\",\"potentialAction\":[{\"@type\":\"ReadAction\",\"target\":[\"https:\\\/\\\/www.mines-stetienne.fr\\\/en\\\/legal-notice\\\/\"]}]},{\"@type\":\"BreadcrumbList\",\"@id\":\"https:\\\/\\\/www.mines-stetienne.fr\\\/en\\\/legal-notice\\\/#breadcrumb\",\"itemListElement\":[{\"@type\":\"ListItem\",\"position\":1,\"name\":\"Home\",\"item\":\"https:\\\/\\\/www.mines-stetienne.fr\\\/en\\\/\"},{\"@type\":\"ListItem\",\"position\":2,\"name\":\"Legal Notice\"}]},{\"@type\":\"WebSite\",\"@id\":\"https:\\\/\\\/www.mines-stetienne.fr\\\/en\\\/#website\",\"url\":\"https:\\\/\\\/www.mines-stetienne.fr\\\/en\\\/\",\"name\":\"MINES Saint-\u00c9tienne\",\"description\":\"Inspiring innovation\",\"publisher\":{\"@id\":\"https:\\\/\\\/www.mines-stetienne.fr\\\/en\\\/#organization\"},\"potentialAction\":[{\"@type\":\"SearchAction\",\"target\":{\"@type\":\"EntryPoint\",\"urlTemplate\":\"https:\\\/\\\/www.mines-stetienne.fr\\\/en\\\/?s={search_term_string}\"},\"query-input\":{\"@type\":\"PropertyValueSpecification\",\"valueRequired\":true,\"valueName\":\"search_term_string\"}}],\"inLanguage\":\"en-GB\"},{\"@type\":\"Organization\",\"@id\":\"https:\\\/\\\/www.mines-stetienne.fr\\\/en\\\/#organization\",\"name\":\"MINES Saint-\u00c9tienne\",\"url\":\"https:\\\/\\\/www.mines-stetienne.fr\\\/en\\\/\",\"logo\":{\"@type\":\"ImageObject\",\"inLanguage\":\"en-GB\",\"@id\":\"https:\\\/\\\/www.mines-stetienne.fr\\\/en\\\/#\\\/schema\\\/logo\\\/image\\\/\",\"url\":\"https:\\\/\\\/www.mines-stetienne.fr\\\/en\\\/wp-content\\\/uploads\\\/sites\\\/4\\\/2022\\\/09\\\/Mines_Saint_Etienne_IMT_RVB.png\",\"contentUrl\":\"https:\\\/\\\/www.mines-stetienne.fr\\\/en\\\/wp-content\\\/uploads\\\/sites\\\/4\\\/2022\\\/09\\\/Mines_Saint_Etienne_IMT_RVB.png\",\"width\":316,\"height\":315,\"caption\":\"MINES Saint-\u00c9tienne\"},\"image\":{\"@id\":\"https:\\\/\\\/www.mines-stetienne.fr\\\/en\\\/#\\\/schema\\\/logo\\\/image\\\/\"},\"sameAs\":[\"https:\\\/\\\/www.facebook.com\\\/MinesSaintEtienne\",\"https:\\\/\\\/x.com\\\/MINES_StEtienne\",\"https:\\\/\\\/www.linkedin.com\\\/school\\\/527715\\\/\",\"https:\\\/\\\/www.youtube.com\\\/c\\\/Mines-stetienneFr\",\"https:\\\/\\\/www.instagram.com\\\/mines_stetienne\\\/\"]}]}<\/script>\n<!-- \/ Yoast SEO plugin. -->","yoast_head_json":{"title":"Legal Notice - MINES Saint-\u00c9tienne","robots":{"index":"index","follow":"follow","max-snippet":"max-snippet:-1","max-image-preview":"max-image-preview:large","max-video-preview":"max-video-preview:-1"},"canonical":"https:\/\/www.mines-stetienne.fr\/en\/legal-notice\/","og_locale":"en_GB","og_type":"article","og_title":"Legal Notice - MINES Saint-\u00c9tienne","og_description":"Site presentation Under Article 6 of Law No. 2004-575 of 21 June 2004 on confidence in the digital economy, users of the site www.mines-stetienne.fr\/en are informed of the identity of the various stakeholders in the framework for its implementation and &hellip;","og_url":"https:\/\/www.mines-stetienne.fr\/en\/legal-notice\/","og_site_name":"MINES Saint-\u00c9tienne","article_publisher":"https:\/\/www.facebook.com\/MinesSaintEtienne","article_modified_time":"2024-12-18T06:56:32+00:00","twitter_card":"summary_large_image","twitter_site":"@MINES_StEtienne","twitter_misc":{"Estimated reading time":"3 minutes"},"schema":{"@context":"https:\/\/schema.org","@graph":[{"@type":"WebPage","@id":"https:\/\/www.mines-stetienne.fr\/en\/legal-notice\/","url":"https:\/\/www.mines-stetienne.fr\/en\/legal-notice\/","name":"Legal Notice - MINES Saint-\u00c9tienne","isPartOf":{"@id":"https:\/\/www.mines-stetienne.fr\/en\/#website"},"datePublished":"2016-01-18T20:04:36+00:00","dateModified":"2024-12-18T06:56:32+00:00","breadcrumb":{"@id":"https:\/\/www.mines-stetienne.fr\/en\/legal-notice\/#breadcrumb"},"inLanguage":"en-GB","potentialAction":[{"@type":"ReadAction","target":["https:\/\/www.mines-stetienne.fr\/en\/legal-notice\/"]}]},{"@type":"BreadcrumbList","@id":"https:\/\/www.mines-stetienne.fr\/en\/legal-notice\/#breadcrumb","itemListElement":[{"@type":"ListItem","position":1,"name":"Home","item":"https:\/\/www.mines-stetienne.fr\/en\/"},{"@type":"ListItem","position":2,"name":"Legal Notice"}]},{"@type":"WebSite","@id":"https:\/\/www.mines-stetienne.fr\/en\/#website","url":"https:\/\/www.mines-stetienne.fr\/en\/","name":"MINES Saint-\u00c9tienne","description":"Inspiring innovation","publisher":{"@id":"https:\/\/www.mines-stetienne.fr\/en\/#organization"},"potentialAction":[{"@type":"SearchAction","target":{"@type":"EntryPoint","urlTemplate":"https:\/\/www.mines-stetienne.fr\/en\/?s={search_term_string}"},"query-input":{"@type":"PropertyValueSpecification","valueRequired":true,"valueName":"search_term_string"}}],"inLanguage":"en-GB"},{"@type":"Organization","@id":"https:\/\/www.mines-stetienne.fr\/en\/#organization","name":"MINES Saint-\u00c9tienne","url":"https:\/\/www.mines-stetienne.fr\/en\/","logo":{"@type":"ImageObject","inLanguage":"en-GB","@id":"https:\/\/www.mines-stetienne.fr\/en\/#\/schema\/logo\/image\/","url":"https:\/\/www.mines-stetienne.fr\/en\/wp-content\/uploads\/sites\/4\/2022\/09\/Mines_Saint_Etienne_IMT_RVB.png","contentUrl":"https:\/\/www.mines-stetienne.fr\/en\/wp-content\/uploads\/sites\/4\/2022\/09\/Mines_Saint_Etienne_IMT_RVB.png","width":316,"height":315,"caption":"MINES Saint-\u00c9tienne"},"image":{"@id":"https:\/\/www.mines-stetienne.fr\/en\/#\/schema\/logo\/image\/"},"sameAs":["https:\/\/www.facebook.com\/MinesSaintEtienne","https:\/\/x.com\/MINES_StEtienne","https:\/\/www.linkedin.com\/school\/527715\/","https:\/\/www.youtube.com\/c\/Mines-stetienneFr","https:\/\/www.instagram.com\/mines_stetienne\/"]}]}},"publishpress_future_workflow_manual_trigger":{"enabledWorkflows":[]},"_links":{"self":[{"href":"https:\/\/www.mines-stetienne.fr\/en\/wp-json\/wp\/v2\/pages\/490","targetHints":{"allow":["GET"]}}],"collection":[{"href":"https:\/\/www.mines-stetienne.fr\/en\/wp-json\/wp\/v2\/pages"}],"about":[{"href":"https:\/\/www.mines-stetienne.fr\/en\/wp-json\/wp\/v2\/types\/page"}],"author":[{"embeddable":true,"href":"https:\/\/www.mines-stetienne.fr\/en\/wp-json\/wp\/v2\/users\/1"}],"replies":[{"embeddable":true,"href":"https:\/\/www.mines-stetienne.fr\/en\/wp-json\/wp\/v2\/comments?post=490"}],"version-history":[{"count":13,"href":"https:\/\/www.mines-stetienne.fr\/en\/wp-json\/wp\/v2\/pages\/490\/revisions"}],"predecessor-version":[{"id":14808,"href":"https:\/\/www.mines-stetienne.fr\/en\/wp-json\/wp\/v2\/pages\/490\/revisions\/14808"}],"wp:attachment":[{"href":"https:\/\/www.mines-stetienne.fr\/en\/wp-json\/wp\/v2\/media?parent=490"}],"wp:term":[{"taxonomy":"post_tag","embeddable":true,"href":"https:\/\/www.mines-stetienne.fr\/en\/wp-json\/wp\/v2\/tags?post=490"}],"curies":[{"name":"wp","href":"https:\/\/api.w.org\/{rel}","templated":true}]}}