{"id":47,"date":"2016-01-06T22:04:48","date_gmt":"2016-01-06T21:04:48","guid":{"rendered":"https:\/\/www.mines-stetienne.fr\/en\/?page_id=47"},"modified":"2017-10-25T21:43:46","modified_gmt":"2017-10-25T20:43:46","slug":"scientific-culture","status":"publish","type":"page","link":"https:\/\/www.mines-stetienne.fr\/en\/scientific-culture\/","title":{"rendered":"Scientific culture"},"content":{"rendered":"<div id=\"attachment_48\" style=\"width: 690px\" class=\"wp-caption aligncenter\"><a href=\"https:\/\/www.mines-stetienne.fr\/en\/wp-content\/uploads\/sites\/4\/2016\/01\/La-Rotonde.jpg\" rel=\"attachment wp-att-48\"><img decoding=\"async\" aria-describedby=\"caption-attachment-48\" class=\"wp-image-48 size-full\" src=\"https:\/\/www.mines-stetienne.fr\/en\/wp-content\/uploads\/sites\/4\/2016\/01\/La-Rotonde.jpg\" alt=\"La Rotonde\" width=\"680\" height=\"247\" srcset=\"https:\/\/www.mines-stetienne.fr\/en\/wp-content\/uploads\/sites\/4\/2016\/01\/La-Rotonde.jpg 680w, https:\/\/www.mines-stetienne.fr\/en\/wp-content\/uploads\/sites\/4\/2016\/01\/La-Rotonde-300x109.jpg 300w\" sizes=\"(max-width: 680px) 100vw, 680px\" \/><\/a><p id=\"caption-attachment-48\" class=\"wp-caption-text\">La Rotonde<\/p><\/div>\n<p>As a national Higher Education Institute, Mines Saint-\u00c9tienne feels naturally vested with social and educational responsibilities<\/p>\n<p>For more than twelve years, the \u00c9cole des Mines has been decisively committed to promoting scientific, technical and industrial culture and to fostering closer links between research and industry. At the same time, programmes of scientific literacy dedicated to students from elementary and secondary schools were implemented and graduate \u2014 and doctoral-level students were involved in our policy of scientific culture that we consider both as a major community service in\u00a0return to the general public and a nice opportunity of cultural enrichment for all.<\/p>\n<p>To achieve this ambition of becoming an important and original actor of the scientific culture, the \u00c9cole des Mines created <em>\u201cLa Rotonde\u201d<\/em> in 1990.<\/p>\n<p>La Rotonde is the only Science Centre in France which is integrated into a graduate school of engineering. It is recognized as a laboratory of ideas and innovations which, by its multidisciplinary activities, helps to increase and enhance the ability of questioning in the field of scientific culture, in view of sharing knowledge, opening up and adaptation, and collective knowledge progress.<\/p>\n<p>Many scientific mediation tools have been created at La Rotonde. The centre also works with students of the \u00c9cole des Mines who, through their involvement in this Science and Society project, have had access to humanistic education, complementary to their scientific training for excellence.<\/p>\n<h2>The main tasks of La Rotonde<\/h2>\n<ol>\n<li>To be a cultural actor carried by cross-cutting themes, reinforcing the essential dialogue between Science and Society bringing &#8220;hard&#8221; sciences and social sciences closer together.<\/li>\n<li>To be a developer of the territory, implanted in the \u00c9cole des Mines, with an original approach of upgrading research and understanding of industrial innovation.<\/li>\n<li>To be a mediation centre, open to all audiences (people, schools, associations\u2026)<\/li>\n<li>To be a producer of resources (multimedia, education, exhibitions, audiovisual\u2026) and expertise, not only at a departmental, regional and national level, but also on a wider scale such as Europe and the French-speaking world.<\/li>\n<\/ol>\n<p>In 2008, La Rotonde was awarded the label &#8220;Science and Culture, innovation&#8221; (SCI), for a 4-year period by the French Ministry of Research and Higher Education for its actions.<\/p>\n<p><img decoding=\"async\" class=\"aligncenter wp-image-937 size-full\" src=\"https:\/\/www.mines-stetienne.fr\/en\/wp-content\/uploads\/sites\/4\/2016\/01\/logo_anime_la_rotonde.gif\" width=\"480\" height=\"200\" \/>Website :\u00a0<a href=\"http:\/\/www.larotonde-sciences.com\" target=\"_blank\" rel=\"noopener\">La Rotonde<\/a><\/p>\n<h3>Contact<\/h3>\n<p>CCSTI La Rotonde<br \/>\n\u00c9cole des Mines de Saint-\u00c9tienne<br \/>\n158, cours fauriel<br \/>\n42023 Saint-\u00c9tienne cedex 2<\/p>\n<p><strong>Phone:<\/strong> +33 4 77 420 278<br \/>\n<strong>Mail:<\/strong> <a class=\"moz-txt-link-abbreviated\" href=\"&#109;&#x61;&#x69;l&#116;&#x6f;:&#108;&#x61;r&#111;&#x74;o&#110;&#x64;&#x65;&#64;&#x6d;&#x69;n&#101;&#x73;-&#115;&#x74;e&#116;&#x69;&#x65;&#110;&#x6e;&#x65;&#46;&#102;&#x72;\">la&#114;&#111;&#116;&#x6f;&#x6e;&#x64;&#x65;&#64;m&#105;&#110;&#101;&#x73;&#x2d;&#x73;&#x74;et&#105;&#101;&#110;&#x6e;&#x65;&#x2e;&#x66;r<\/a><\/p>\n<p>Open by appointment for school on Mondays, Tuesdays, Thursdays and Fridays, from 8.30 to 12 and from 14 to 18.<br \/>\nOpen on Wednesdays from 14 to 17.30, by appointment for groups.<br \/>\nClosed for the summer holidays.<\/p>\n","protected":false},"excerpt":{"rendered":"<p>As a national Higher Education Institute, Mines Saint-\u00c9tienne feels naturally vested with social and educational responsibilities For more than twelve years, the \u00c9cole des Mines has been decisively committed to promoting scientific, technical and industrial culture and to fostering closer &hellip;<\/p>\n","protected":false},"author":2,"featured_media":0,"parent":0,"menu_order":80,"comment_status":"closed","ping_status":"closed","template":"","meta":{"_relevanssi_hide_post":"","_relevanssi_hide_content":"","_relevanssi_pin_for_all":"","_relevanssi_pin_keywords":"","_relevanssi_unpin_keywords":"","_relevanssi_related_keywords":"","_relevanssi_related_include_ids":"","_relevanssi_related_exclude_ids":"","_relevanssi_related_no_append":"","_relevanssi_related_not_related":"","_relevanssi_related_posts":"","_relevanssi_noindex_reason":"","footnotes":"","_links_to":"","_links_to_target":""},"tags":[],"class_list":["post-47","page","type-page","status-publish","hentry"],"pp_statuses_selecting_workflow":false,"pp_workflow_action":"current","pp_status_selection":"publish","pp_force_visibility":null,"pp_subpost_visibility":null,"pp_inherited_force_visibility":null,"pp_inherited_subpost_visibility":null,"yoast_head":"<!-- This site is optimized with the Yoast SEO plugin v27.5 - https:\/\/yoast.com\/product\/yoast-seo-wordpress\/ -->\n<title>Scientific culture - MINES Saint-\u00c9tienne<\/title>\n<meta name=\"robots\" content=\"index, follow, max-snippet:-1, max-image-preview:large, max-video-preview:-1\" \/>\n<link rel=\"canonical\" href=\"https:\/\/www.mines-stetienne.fr\/en\/scientific-culture\/\" \/>\n<meta property=\"og:locale\" content=\"en_GB\" \/>\n<meta property=\"og:type\" content=\"article\" \/>\n<meta property=\"og:title\" content=\"Scientific culture - MINES Saint-\u00c9tienne\" \/>\n<meta property=\"og:description\" content=\"As a national Higher Education Institute, Mines Saint-\u00c9tienne feels naturally vested with social and educational responsibilities For more than twelve years, the \u00c9cole des Mines has been decisively committed to promoting scientific, technical and industrial culture and to fostering closer &hellip;\" \/>\n<meta property=\"og:url\" content=\"https:\/\/www.mines-stetienne.fr\/en\/scientific-culture\/\" \/>\n<meta property=\"og:site_name\" content=\"MINES Saint-\u00c9tienne\" \/>\n<meta property=\"article:publisher\" content=\"https:\/\/www.facebook.com\/MinesSaintEtienne\" \/>\n<meta property=\"article:modified_time\" content=\"2017-10-25T20:43:46+00:00\" \/>\n<meta property=\"og:image\" content=\"https:\/\/www.mines-stetienne.fr\/en\/wp-content\/uploads\/sites\/4\/2016\/01\/La-Rotonde.jpg\" \/>\n<meta name=\"twitter:card\" content=\"summary_large_image\" \/>\n<meta name=\"twitter:site\" content=\"@MINES_StEtienne\" \/>\n<meta name=\"twitter:label1\" content=\"Estimated reading time\" \/>\n\t<meta name=\"twitter:data1\" content=\"2 minutes\" \/>\n<script type=\"application\/ld+json\" class=\"yoast-schema-graph\">{\"@context\":\"https:\\\/\\\/schema.org\",\"@graph\":[{\"@type\":\"WebPage\",\"@id\":\"https:\\\/\\\/www.mines-stetienne.fr\\\/en\\\/scientific-culture\\\/\",\"url\":\"https:\\\/\\\/www.mines-stetienne.fr\\\/en\\\/scientific-culture\\\/\",\"name\":\"Scientific culture - MINES Saint-\u00c9tienne\",\"isPartOf\":{\"@id\":\"https:\\\/\\\/www.mines-stetienne.fr\\\/en\\\/#website\"},\"primaryImageOfPage\":{\"@id\":\"https:\\\/\\\/www.mines-stetienne.fr\\\/en\\\/scientific-culture\\\/#primaryimage\"},\"image\":{\"@id\":\"https:\\\/\\\/www.mines-stetienne.fr\\\/en\\\/scientific-culture\\\/#primaryimage\"},\"thumbnailUrl\":\"https:\\\/\\\/www.mines-stetienne.fr\\\/en\\\/wp-content\\\/uploads\\\/sites\\\/4\\\/2016\\\/01\\\/La-Rotonde.jpg\",\"datePublished\":\"2016-01-06T21:04:48+00:00\",\"dateModified\":\"2017-10-25T20:43:46+00:00\",\"breadcrumb\":{\"@id\":\"https:\\\/\\\/www.mines-stetienne.fr\\\/en\\\/scientific-culture\\\/#breadcrumb\"},\"inLanguage\":\"en-GB\",\"potentialAction\":[{\"@type\":\"ReadAction\",\"target\":[\"https:\\\/\\\/www.mines-stetienne.fr\\\/en\\\/scientific-culture\\\/\"]}]},{\"@type\":\"ImageObject\",\"inLanguage\":\"en-GB\",\"@id\":\"https:\\\/\\\/www.mines-stetienne.fr\\\/en\\\/scientific-culture\\\/#primaryimage\",\"url\":\"https:\\\/\\\/www.mines-stetienne.fr\\\/en\\\/wp-content\\\/uploads\\\/sites\\\/4\\\/2016\\\/01\\\/La-Rotonde.jpg\",\"contentUrl\":\"https:\\\/\\\/www.mines-stetienne.fr\\\/en\\\/wp-content\\\/uploads\\\/sites\\\/4\\\/2016\\\/01\\\/La-Rotonde.jpg\"},{\"@type\":\"BreadcrumbList\",\"@id\":\"https:\\\/\\\/www.mines-stetienne.fr\\\/en\\\/scientific-culture\\\/#breadcrumb\",\"itemListElement\":[{\"@type\":\"ListItem\",\"position\":1,\"name\":\"Home\",\"item\":\"https:\\\/\\\/www.mines-stetienne.fr\\\/en\\\/\"},{\"@type\":\"ListItem\",\"position\":2,\"name\":\"Scientific culture\"}]},{\"@type\":\"WebSite\",\"@id\":\"https:\\\/\\\/www.mines-stetienne.fr\\\/en\\\/#website\",\"url\":\"https:\\\/\\\/www.mines-stetienne.fr\\\/en\\\/\",\"name\":\"MINES Saint-\u00c9tienne\",\"description\":\"Inspiring innovation\",\"publisher\":{\"@id\":\"https:\\\/\\\/www.mines-stetienne.fr\\\/en\\\/#organization\"},\"potentialAction\":[{\"@type\":\"SearchAction\",\"target\":{\"@type\":\"EntryPoint\",\"urlTemplate\":\"https:\\\/\\\/www.mines-stetienne.fr\\\/en\\\/?s={search_term_string}\"},\"query-input\":{\"@type\":\"PropertyValueSpecification\",\"valueRequired\":true,\"valueName\":\"search_term_string\"}}],\"inLanguage\":\"en-GB\"},{\"@type\":\"Organization\",\"@id\":\"https:\\\/\\\/www.mines-stetienne.fr\\\/en\\\/#organization\",\"name\":\"MINES Saint-\u00c9tienne\",\"url\":\"https:\\\/\\\/www.mines-stetienne.fr\\\/en\\\/\",\"logo\":{\"@type\":\"ImageObject\",\"inLanguage\":\"en-GB\",\"@id\":\"https:\\\/\\\/www.mines-stetienne.fr\\\/en\\\/#\\\/schema\\\/logo\\\/image\\\/\",\"url\":\"https:\\\/\\\/www.mines-stetienne.fr\\\/en\\\/wp-content\\\/uploads\\\/sites\\\/4\\\/2022\\\/09\\\/Mines_Saint_Etienne_IMT_RVB.png\",\"contentUrl\":\"https:\\\/\\\/www.mines-stetienne.fr\\\/en\\\/wp-content\\\/uploads\\\/sites\\\/4\\\/2022\\\/09\\\/Mines_Saint_Etienne_IMT_RVB.png\",\"width\":316,\"height\":315,\"caption\":\"MINES Saint-\u00c9tienne\"},\"image\":{\"@id\":\"https:\\\/\\\/www.mines-stetienne.fr\\\/en\\\/#\\\/schema\\\/logo\\\/image\\\/\"},\"sameAs\":[\"https:\\\/\\\/www.facebook.com\\\/MinesSaintEtienne\",\"https:\\\/\\\/x.com\\\/MINES_StEtienne\",\"https:\\\/\\\/www.linkedin.com\\\/school\\\/527715\\\/\",\"https:\\\/\\\/www.youtube.com\\\/c\\\/Mines-stetienneFr\",\"https:\\\/\\\/www.instagram.com\\\/mines_stetienne\\\/\"]}]}<\/script>\n<!-- \/ Yoast SEO plugin. -->","yoast_head_json":{"title":"Scientific culture - MINES Saint-\u00c9tienne","robots":{"index":"index","follow":"follow","max-snippet":"max-snippet:-1","max-image-preview":"max-image-preview:large","max-video-preview":"max-video-preview:-1"},"canonical":"https:\/\/www.mines-stetienne.fr\/en\/scientific-culture\/","og_locale":"en_GB","og_type":"article","og_title":"Scientific culture - MINES Saint-\u00c9tienne","og_description":"As a national Higher Education Institute, Mines Saint-\u00c9tienne feels naturally vested with social and educational responsibilities For more than twelve years, the \u00c9cole des Mines has been decisively committed to promoting scientific, technical and industrial culture and to fostering closer &hellip;","og_url":"https:\/\/www.mines-stetienne.fr\/en\/scientific-culture\/","og_site_name":"MINES Saint-\u00c9tienne","article_publisher":"https:\/\/www.facebook.com\/MinesSaintEtienne","article_modified_time":"2017-10-25T20:43:46+00:00","og_image":[{"url":"https:\/\/www.mines-stetienne.fr\/en\/wp-content\/uploads\/sites\/4\/2016\/01\/La-Rotonde.jpg","type":"","width":"","height":""}],"twitter_card":"summary_large_image","twitter_site":"@MINES_StEtienne","twitter_misc":{"Estimated reading time":"2 minutes"},"schema":{"@context":"https:\/\/schema.org","@graph":[{"@type":"WebPage","@id":"https:\/\/www.mines-stetienne.fr\/en\/scientific-culture\/","url":"https:\/\/www.mines-stetienne.fr\/en\/scientific-culture\/","name":"Scientific culture - MINES Saint-\u00c9tienne","isPartOf":{"@id":"https:\/\/www.mines-stetienne.fr\/en\/#website"},"primaryImageOfPage":{"@id":"https:\/\/www.mines-stetienne.fr\/en\/scientific-culture\/#primaryimage"},"image":{"@id":"https:\/\/www.mines-stetienne.fr\/en\/scientific-culture\/#primaryimage"},"thumbnailUrl":"https:\/\/www.mines-stetienne.fr\/en\/wp-content\/uploads\/sites\/4\/2016\/01\/La-Rotonde.jpg","datePublished":"2016-01-06T21:04:48+00:00","dateModified":"2017-10-25T20:43:46+00:00","breadcrumb":{"@id":"https:\/\/www.mines-stetienne.fr\/en\/scientific-culture\/#breadcrumb"},"inLanguage":"en-GB","potentialAction":[{"@type":"ReadAction","target":["https:\/\/www.mines-stetienne.fr\/en\/scientific-culture\/"]}]},{"@type":"ImageObject","inLanguage":"en-GB","@id":"https:\/\/www.mines-stetienne.fr\/en\/scientific-culture\/#primaryimage","url":"https:\/\/www.mines-stetienne.fr\/en\/wp-content\/uploads\/sites\/4\/2016\/01\/La-Rotonde.jpg","contentUrl":"https:\/\/www.mines-stetienne.fr\/en\/wp-content\/uploads\/sites\/4\/2016\/01\/La-Rotonde.jpg"},{"@type":"BreadcrumbList","@id":"https:\/\/www.mines-stetienne.fr\/en\/scientific-culture\/#breadcrumb","itemListElement":[{"@type":"ListItem","position":1,"name":"Home","item":"https:\/\/www.mines-stetienne.fr\/en\/"},{"@type":"ListItem","position":2,"name":"Scientific culture"}]},{"@type":"WebSite","@id":"https:\/\/www.mines-stetienne.fr\/en\/#website","url":"https:\/\/www.mines-stetienne.fr\/en\/","name":"MINES Saint-\u00c9tienne","description":"Inspiring innovation","publisher":{"@id":"https:\/\/www.mines-stetienne.fr\/en\/#organization"},"potentialAction":[{"@type":"SearchAction","target":{"@type":"EntryPoint","urlTemplate":"https:\/\/www.mines-stetienne.fr\/en\/?s={search_term_string}"},"query-input":{"@type":"PropertyValueSpecification","valueRequired":true,"valueName":"search_term_string"}}],"inLanguage":"en-GB"},{"@type":"Organization","@id":"https:\/\/www.mines-stetienne.fr\/en\/#organization","name":"MINES Saint-\u00c9tienne","url":"https:\/\/www.mines-stetienne.fr\/en\/","logo":{"@type":"ImageObject","inLanguage":"en-GB","@id":"https:\/\/www.mines-stetienne.fr\/en\/#\/schema\/logo\/image\/","url":"https:\/\/www.mines-stetienne.fr\/en\/wp-content\/uploads\/sites\/4\/2022\/09\/Mines_Saint_Etienne_IMT_RVB.png","contentUrl":"https:\/\/www.mines-stetienne.fr\/en\/wp-content\/uploads\/sites\/4\/2022\/09\/Mines_Saint_Etienne_IMT_RVB.png","width":316,"height":315,"caption":"MINES Saint-\u00c9tienne"},"image":{"@id":"https:\/\/www.mines-stetienne.fr\/en\/#\/schema\/logo\/image\/"},"sameAs":["https:\/\/www.facebook.com\/MinesSaintEtienne","https:\/\/x.com\/MINES_StEtienne","https:\/\/www.linkedin.com\/school\/527715\/","https:\/\/www.youtube.com\/c\/Mines-stetienneFr","https:\/\/www.instagram.com\/mines_stetienne\/"]}]}},"publishpress_future_workflow_manual_trigger":{"enabledWorkflows":[]},"_links":{"self":[{"href":"https:\/\/www.mines-stetienne.fr\/en\/wp-json\/wp\/v2\/pages\/47","targetHints":{"allow":["GET"]}}],"collection":[{"href":"https:\/\/www.mines-stetienne.fr\/en\/wp-json\/wp\/v2\/pages"}],"about":[{"href":"https:\/\/www.mines-stetienne.fr\/en\/wp-json\/wp\/v2\/types\/page"}],"author":[{"embeddable":true,"href":"https:\/\/www.mines-stetienne.fr\/en\/wp-json\/wp\/v2\/users\/2"}],"replies":[{"embeddable":true,"href":"https:\/\/www.mines-stetienne.fr\/en\/wp-json\/wp\/v2\/comments?post=47"}],"version-history":[{"count":11,"href":"https:\/\/www.mines-stetienne.fr\/en\/wp-json\/wp\/v2\/pages\/47\/revisions"}],"predecessor-version":[{"id":1826,"href":"https:\/\/www.mines-stetienne.fr\/en\/wp-json\/wp\/v2\/pages\/47\/revisions\/1826"}],"wp:attachment":[{"href":"https:\/\/www.mines-stetienne.fr\/en\/wp-json\/wp\/v2\/media?parent=47"}],"wp:term":[{"taxonomy":"post_tag","embeddable":true,"href":"https:\/\/www.mines-stetienne.fr\/en\/wp-json\/wp\/v2\/tags?post=47"}],"curies":[{"name":"wp","href":"https:\/\/api.w.org\/{rel}","templated":true}]}}