{"id":2631,"date":"2019-09-23T10:34:50","date_gmt":"2019-09-23T09:34:50","guid":{"rendered":"https:\/\/www.mines-stetienne.fr\/en\/?page_id=2631"},"modified":"2025-02-05T11:39:09","modified_gmt":"2025-02-05T10:39:09","slug":"rankings","status":"publish","type":"page","link":"https:\/\/www.mines-stetienne.fr\/en\/about-us\/rankings\/","title":{"rendered":"Rankings"},"content":{"rendered":"\n<p><strong>Latest Engineering School Rankings Position Mines Saint-\u00c9tienne Among France\u2019s Top 15<\/strong><\/p>\n\n\n\n<p>Various rankings confirm that&nbsp;<strong>\u00c9cole nationale sup\u00e9rieure des mines de Saint-\u00c9tienne<\/strong>&nbsp;is among the best engineering schools in France. However, results vary depending on selection criteria, media sources, and survey methodologies. Additionally, the school conducts its&nbsp;<strong>own study on student integration into the professional world<\/strong>.<\/p>\n\n\n\n<h2 class=\"wp-block-heading\"><strong>National Ranking (France)<\/strong><\/h2>\n\n\n\n<p>In&nbsp;<strong>France<\/strong>,&nbsp;<strong>Mines Saint-\u00c9tienne<\/strong>&nbsp;is ranked&nbsp;<strong>11th among engineering schools<\/strong>&nbsp;(<strong>L&#8217;\u00c9tudiant, 2025<\/strong>).<\/p>\n\n\n\n<h2 class=\"wp-block-heading\"><strong>Times Higher Education (THE) World University Ranking<\/strong><\/h2>\n\n\n\n<p>According to the internationally recognized&nbsp;<strong>Times Higher Education (THE) World University Ranking<\/strong>,&nbsp;<strong>Mines Saint-\u00c9tienne is ranked among the top 600 engineering schools worldwide (ranked 501-600).<\/strong><\/p>\n\n\n\n<p>The school has shown progress across all evaluation criteria and, for the first time, has reached&nbsp;<strong>182nd place worldwide<\/strong>for&nbsp;<strong>Industry Relations<\/strong>, ranking:<\/p>\n\n\n\n<ul class=\"wp-block-list\">\n<li><strong>5th among French engineering schools<\/strong><\/li>\n\n\n\n<li><strong>2nd in the Auvergne-Rh\u00f4ne-Alpes region<\/strong><\/li>\n\n\n\n<li><strong>1st in the Southern region<\/strong><\/li>\n<\/ul>\n\n\n\n<p>The&nbsp;<strong>Industry Relations<\/strong>&nbsp;criterion in the&nbsp;<strong>THE ranking<\/strong>&nbsp;considers the financial volume of contracts with industrial partners. Over the past&nbsp;<strong>five years<\/strong>, the school has&nbsp;<strong>increased its industry-related revenue by 37%<\/strong>, from&nbsp;<strong>\u20ac5.9 million in 2015 to \u20ac8 million in 2022<\/strong>.<\/p>\n\n\n\n<h3 class=\"wp-block-heading\"><strong>THE by Subject<\/strong><\/h3>\n\n\n\n<p>Mines Saint-\u00c9tienne is ranked:<\/p>\n\n\n\n<ul class=\"wp-block-list\">\n<li><strong>251-300 in Engineering &amp; Technology<\/strong>\u00a0(<strong>7th in France, 1st in Auvergne-Rh\u00f4ne-Alpes and Southern regions<\/strong>)<\/li>\n\n\n\n<li><strong>301-400 in Physical Sciences<\/strong>\u00a0(<strong>14th in France, 2nd in the Southern region, 3rd in Auvergne-Rh\u00f4ne-Alpes<\/strong>)<\/li>\n<\/ul>\n\n\n\n<p>Recognized as an authoritative ranking in academia,&nbsp;<strong>THE by Subject<\/strong>&nbsp;evaluates&nbsp;<strong>1,662 universities out of 19,000 worldwide<\/strong>&nbsp;based on&nbsp;<strong>five key criteria<\/strong>:<br><strong>Teaching, Research, Citations, Industry Collaboration, and International Outlook<\/strong>.<\/p>\n\n\n\n<h3 class=\"wp-block-heading\"><strong>THE Impact Rankings<\/strong><\/h3>\n\n\n\n<p>The&nbsp;<strong>THE Impact Rankings<\/strong>&nbsp;annually assess universities worldwide based on their commitment to the&nbsp;<strong>United Nations&#8217; 17 Sustainable Development Goals (SDGs)<\/strong>, considering&nbsp;<strong>scientific output, teaching, and institutional practices<\/strong>.<\/p>\n\n\n\n<p>In&nbsp;<strong>2024<\/strong>,&nbsp;<strong>Mines Saint-\u00c9tienne ranks in the top 300 globally (201-300 out of 1,963 institutions), with a score of 82.4\/100.<\/strong><\/p>\n\n\n\n<ul class=\"wp-block-list\">\n<li>This marks a\u00a0<strong>significant improvement<\/strong>, compared to\u00a0<strong>77.2\/100 in 2023<\/strong>\u00a0and\u00a0<strong>71.9\/100 in 2022<\/strong>.<\/li>\n\n\n\n<li>For the first time,\u00a0<strong>Mines Saint-\u00c9tienne is ranked across all 17 SDGs<\/strong>.<\/li>\n\n\n\n<li>The school excels in\u00a0<strong>5 SDGs within the global top 100<\/strong>\u00a0(<strong>2 more than in 2023<\/strong>), including:\n<ul class=\"wp-block-list\">\n<li><strong>SDG 13 \u2013 Climate Action<\/strong><\/li>\n\n\n\n<li><strong>SDG 11 \u2013 Sustainable Cities and Communities<\/strong><\/li>\n<\/ul>\n<\/li>\n\n\n\n<li>It also ranks in the\u00a0<strong>top 200 for 4 additional SDGs<\/strong>, including\u00a0<strong>SDG 17 \u2013 Partnerships<\/strong>, a key focus of the ranking.<\/li>\n<\/ul>\n\n\n\n<p>Additionally,&nbsp;<strong>Mines Saint-\u00c9tienne ranks as the top institution in both Auvergne-Rh\u00f4ne-Alpes and the Southern region<\/strong>, alongside&nbsp;<strong>Aix-Marseille University<\/strong>.<\/p>\n\n\n\n<p>These outstanding results highlight&nbsp;<strong>Mines Saint-\u00c9tienne\u2019s strong commitment to sustainability and social responsibility<\/strong>, positioning it as a&nbsp;<strong>global leader in environmental transition<\/strong>.<\/p>\n\n\n\n<h2 class=\"wp-block-heading\"><strong>Quacquarelli Symonds (QS) Ranking<\/strong><\/h2>\n\n\n\n<p>Since&nbsp;<strong>2020<\/strong>,&nbsp;<strong>Mines Saint-\u00c9tienne<\/strong>&nbsp;has been listed in the&nbsp;<strong>prestigious QS World University Rankings by Subject<\/strong>.<\/p>\n\n\n\n<p>Published by\u00a0<strong>Quacquarelli Symonds<\/strong>, this ranking recognizes the\u00a0<strong>best universities and higher education institutions worldwide<\/strong>\u00a0across\u00a0<strong>51 disciplines<\/strong>.<br><strong>Mines Saint-\u00c9tienne is ranked in &#8220;Computer Science &amp; Information Systems&#8221; in the 451-500 range<\/strong>\u00a0(<strong>previously 500-550 in 2021<\/strong>).<\/p>\n\n\n\n<h2 class=\"wp-block-heading\">T.I.M.E. Association<\/h2>\n\n\n\n<p>The T.I.M.E. Association is one of the longest-established and best-known networks in the field of graduate engineering studies, focusing on international cooperation, mutual recognition and exchange of students for prolonged periods of study abroad leading to the award of a double degree in engineering and related fields, at Master and Doctorate levels. After receiving a proposal from Technische Universit\u00e4t Wien, T.I.M.E. Association General Assembly, meeting virtually in October 2021, voted to accept your Mines Saint-\u00c9tienne as a member.<\/p>\n\n\n\n<hr class=\"wp-block-separator has-css-opacity\"\/>\n\n\n\n<p style=\"text-align: center;\"><img decoding=\"async\" class=\"size-medium wp-image-2380 alignnone\" src=\"https:\/\/www.mines-stetienne.fr\/en\/wp-content\/uploads\/sites\/4\/2016\/01\/CeQuInt-logo-web_version-300x235-300x235.png\" alt=\"\" width=\"300\" height=\"235\"> <img decoding=\"async\" class=\"alignnone size-full wp-image-2379\" src=\"https:\/\/www.mines-stetienne.fr\/en\/wp-content\/uploads\/sites\/4\/2016\/01\/Cequint-good-practice-logo.png\" alt=\"\" width=\"179\" height=\"160\"><\/p>\n\n\n\n<p>In 2018, we obtained the <strong>\u201cCequint\u201d Certificate for Quality in Internationalisation<\/strong> and very recently in 2019, the <em>Bienvenue en France<\/em> quality label.<\/p>\n<p><img decoding=\"async\" class=\"wp-image-15468 size-full aligncenter\" src=\"https:\/\/www.mines-stetienne.fr\/en\/wp-content\/uploads\/sites\/4\/2024\/04\/CampusF_Label_Bienv_3Etoil-300px.png\" alt=\"\" width=\"300\" height=\"300\" data-sider-select-id=\"9de9fbf1-b928-495b-ae13-0dbbc437f35c\" srcset=\"https:\/\/www.mines-stetienne.fr\/en\/wp-content\/uploads\/sites\/4\/2024\/04\/CampusF_Label_Bienv_3Etoil-300px.png 300w, https:\/\/www.mines-stetienne.fr\/en\/wp-content\/uploads\/sites\/4\/2024\/04\/CampusF_Label_Bienv_3Etoil-300px-150x150.png 150w, https:\/\/www.mines-stetienne.fr\/en\/wp-content\/uploads\/sites\/4\/2024\/04\/CampusF_Label_Bienv_3Etoil-300px-75x75.png 75w\" sizes=\"(max-width: 300px) 100vw, 300px\" \/><\/p>\n<blockquote>\n<p>This most recent recognition by THE is another step on our road to becoming one of the top ranked universities for engineering and research.<\/p>\n<\/blockquote>\n\n\n","protected":false},"excerpt":{"rendered":"<p>Latest Engineering School Rankings Position Mines Saint-\u00c9tienne Among France\u2019s Top 15 Various rankings confirm that&nbsp;\u00c9cole nationale sup\u00e9rieure des mines de Saint-\u00c9tienne&nbsp;is among the best engineering schools in France. However, results vary depending on selection criteria, media sources, and survey methodologies. &hellip;<\/p>\n","protected":false},"author":2,"featured_media":0,"parent":7,"menu_order":80,"comment_status":"closed","ping_status":"closed","template":"","meta":{"_relevanssi_hide_post":"","_relevanssi_hide_content":"","_relevanssi_pin_for_all":"","_relevanssi_pin_keywords":"","_relevanssi_unpin_keywords":"","_relevanssi_related_keywords":"","_relevanssi_related_include_ids":"","_relevanssi_related_exclude_ids":"","_relevanssi_related_no_append":"","_relevanssi_related_not_related":"","_relevanssi_related_posts":"497,492,2385","_relevanssi_noindex_reason":"","footnotes":"","_links_to":"","_links_to_target":""},"tags":[],"class_list":["post-2631","page","type-page","status-publish","hentry"],"pp_statuses_selecting_workflow":false,"pp_workflow_action":"current","pp_status_selection":"publish","pp_force_visibility":null,"pp_subpost_visibility":null,"pp_inherited_force_visibility":null,"pp_inherited_subpost_visibility":null,"yoast_head":"<!-- This site is optimized with the Yoast SEO plugin v27.5 - https:\/\/yoast.com\/product\/yoast-seo-wordpress\/ -->\n<title>Rankings - MINES Saint-\u00c9tienne<\/title>\n<meta name=\"robots\" content=\"index, follow, max-snippet:-1, max-image-preview:large, max-video-preview:-1\" \/>\n<link rel=\"canonical\" href=\"https:\/\/www.mines-stetienne.fr\/en\/about-us\/rankings\/\" \/>\n<meta property=\"og:locale\" content=\"en_GB\" \/>\n<meta property=\"og:type\" content=\"article\" \/>\n<meta property=\"og:title\" content=\"Rankings - MINES Saint-\u00c9tienne\" \/>\n<meta property=\"og:description\" content=\"Latest Engineering School Rankings Position Mines Saint-\u00c9tienne Among France\u2019s Top 15 Various rankings confirm that&nbsp;\u00c9cole nationale sup\u00e9rieure des mines de Saint-\u00c9tienne&nbsp;is among the best engineering schools in France. However, results vary depending on selection criteria, media sources, and survey methodologies. &hellip;\" \/>\n<meta property=\"og:url\" content=\"https:\/\/www.mines-stetienne.fr\/en\/about-us\/rankings\/\" \/>\n<meta property=\"og:site_name\" content=\"MINES Saint-\u00c9tienne\" \/>\n<meta property=\"article:publisher\" content=\"https:\/\/www.facebook.com\/MinesSaintEtienne\" \/>\n<meta property=\"article:modified_time\" content=\"2025-02-05T10:39:09+00:00\" \/>\n<meta property=\"og:image\" content=\"https:\/\/www.mines-stetienne.fr\/en\/wp-content\/uploads\/sites\/4\/2016\/01\/CeQuInt-logo-web_version-300x235.png\" \/>\n\t<meta property=\"og:image:width\" content=\"300\" \/>\n\t<meta property=\"og:image:height\" content=\"235\" \/>\n\t<meta property=\"og:image:type\" content=\"image\/png\" \/>\n<meta name=\"twitter:card\" content=\"summary_large_image\" \/>\n<meta name=\"twitter:site\" content=\"@MINES_StEtienne\" \/>\n<meta name=\"twitter:label1\" content=\"Estimated reading time\" \/>\n\t<meta name=\"twitter:data1\" content=\"4 minutes\" \/>\n<script type=\"application\/ld+json\" class=\"yoast-schema-graph\">{\"@context\":\"https:\\\/\\\/schema.org\",\"@graph\":[{\"@type\":\"WebPage\",\"@id\":\"https:\\\/\\\/www.mines-stetienne.fr\\\/en\\\/about-us\\\/rankings\\\/\",\"url\":\"https:\\\/\\\/www.mines-stetienne.fr\\\/en\\\/about-us\\\/rankings\\\/\",\"name\":\"Rankings - MINES Saint-\u00c9tienne\",\"isPartOf\":{\"@id\":\"https:\\\/\\\/www.mines-stetienne.fr\\\/en\\\/#website\"},\"primaryImageOfPage\":{\"@id\":\"https:\\\/\\\/www.mines-stetienne.fr\\\/en\\\/about-us\\\/rankings\\\/#primaryimage\"},\"image\":{\"@id\":\"https:\\\/\\\/www.mines-stetienne.fr\\\/en\\\/about-us\\\/rankings\\\/#primaryimage\"},\"thumbnailUrl\":\"https:\\\/\\\/www.mines-stetienne.fr\\\/en\\\/wp-content\\\/uploads\\\/sites\\\/4\\\/2016\\\/01\\\/CeQuInt-logo-web_version-300x235-300x235.png\",\"datePublished\":\"2019-09-23T09:34:50+00:00\",\"dateModified\":\"2025-02-05T10:39:09+00:00\",\"breadcrumb\":{\"@id\":\"https:\\\/\\\/www.mines-stetienne.fr\\\/en\\\/about-us\\\/rankings\\\/#breadcrumb\"},\"inLanguage\":\"en-GB\",\"potentialAction\":[{\"@type\":\"ReadAction\",\"target\":[\"https:\\\/\\\/www.mines-stetienne.fr\\\/en\\\/about-us\\\/rankings\\\/\"]}]},{\"@type\":\"ImageObject\",\"inLanguage\":\"en-GB\",\"@id\":\"https:\\\/\\\/www.mines-stetienne.fr\\\/en\\\/about-us\\\/rankings\\\/#primaryimage\",\"url\":\"https:\\\/\\\/www.mines-stetienne.fr\\\/en\\\/wp-content\\\/uploads\\\/sites\\\/4\\\/2016\\\/01\\\/CeQuInt-logo-web_version-300x235.png\",\"contentUrl\":\"https:\\\/\\\/www.mines-stetienne.fr\\\/en\\\/wp-content\\\/uploads\\\/sites\\\/4\\\/2016\\\/01\\\/CeQuInt-logo-web_version-300x235.png\",\"width\":300,\"height\":235},{\"@type\":\"BreadcrumbList\",\"@id\":\"https:\\\/\\\/www.mines-stetienne.fr\\\/en\\\/about-us\\\/rankings\\\/#breadcrumb\",\"itemListElement\":[{\"@type\":\"ListItem\",\"position\":1,\"name\":\"Home\",\"item\":\"https:\\\/\\\/www.mines-stetienne.fr\\\/en\\\/\"},{\"@type\":\"ListItem\",\"position\":2,\"name\":\"About Us\",\"item\":\"https:\\\/\\\/www.mines-stetienne.fr\\\/en\\\/about-us\\\/\"},{\"@type\":\"ListItem\",\"position\":3,\"name\":\"Rankings\"}]},{\"@type\":\"WebSite\",\"@id\":\"https:\\\/\\\/www.mines-stetienne.fr\\\/en\\\/#website\",\"url\":\"https:\\\/\\\/www.mines-stetienne.fr\\\/en\\\/\",\"name\":\"MINES Saint-\u00c9tienne\",\"description\":\"Inspiring innovation\",\"publisher\":{\"@id\":\"https:\\\/\\\/www.mines-stetienne.fr\\\/en\\\/#organization\"},\"potentialAction\":[{\"@type\":\"SearchAction\",\"target\":{\"@type\":\"EntryPoint\",\"urlTemplate\":\"https:\\\/\\\/www.mines-stetienne.fr\\\/en\\\/?s={search_term_string}\"},\"query-input\":{\"@type\":\"PropertyValueSpecification\",\"valueRequired\":true,\"valueName\":\"search_term_string\"}}],\"inLanguage\":\"en-GB\"},{\"@type\":\"Organization\",\"@id\":\"https:\\\/\\\/www.mines-stetienne.fr\\\/en\\\/#organization\",\"name\":\"MINES Saint-\u00c9tienne\",\"url\":\"https:\\\/\\\/www.mines-stetienne.fr\\\/en\\\/\",\"logo\":{\"@type\":\"ImageObject\",\"inLanguage\":\"en-GB\",\"@id\":\"https:\\\/\\\/www.mines-stetienne.fr\\\/en\\\/#\\\/schema\\\/logo\\\/image\\\/\",\"url\":\"https:\\\/\\\/www.mines-stetienne.fr\\\/en\\\/wp-content\\\/uploads\\\/sites\\\/4\\\/2022\\\/09\\\/Mines_Saint_Etienne_IMT_RVB.png\",\"contentUrl\":\"https:\\\/\\\/www.mines-stetienne.fr\\\/en\\\/wp-content\\\/uploads\\\/sites\\\/4\\\/2022\\\/09\\\/Mines_Saint_Etienne_IMT_RVB.png\",\"width\":316,\"height\":315,\"caption\":\"MINES Saint-\u00c9tienne\"},\"image\":{\"@id\":\"https:\\\/\\\/www.mines-stetienne.fr\\\/en\\\/#\\\/schema\\\/logo\\\/image\\\/\"},\"sameAs\":[\"https:\\\/\\\/www.facebook.com\\\/MinesSaintEtienne\",\"https:\\\/\\\/x.com\\\/MINES_StEtienne\",\"https:\\\/\\\/www.linkedin.com\\\/school\\\/527715\\\/\",\"https:\\\/\\\/www.youtube.com\\\/c\\\/Mines-stetienneFr\",\"https:\\\/\\\/www.instagram.com\\\/mines_stetienne\\\/\"]}]}<\/script>\n<!-- \/ Yoast SEO plugin. -->","yoast_head_json":{"title":"Rankings - MINES Saint-\u00c9tienne","robots":{"index":"index","follow":"follow","max-snippet":"max-snippet:-1","max-image-preview":"max-image-preview:large","max-video-preview":"max-video-preview:-1"},"canonical":"https:\/\/www.mines-stetienne.fr\/en\/about-us\/rankings\/","og_locale":"en_GB","og_type":"article","og_title":"Rankings - MINES Saint-\u00c9tienne","og_description":"Latest Engineering School Rankings Position Mines Saint-\u00c9tienne Among France\u2019s Top 15 Various rankings confirm that&nbsp;\u00c9cole nationale sup\u00e9rieure des mines de Saint-\u00c9tienne&nbsp;is among the best engineering schools in France. However, results vary depending on selection criteria, media sources, and survey methodologies. &hellip;","og_url":"https:\/\/www.mines-stetienne.fr\/en\/about-us\/rankings\/","og_site_name":"MINES Saint-\u00c9tienne","article_publisher":"https:\/\/www.facebook.com\/MinesSaintEtienne","article_modified_time":"2025-02-05T10:39:09+00:00","og_image":[{"width":300,"height":235,"url":"https:\/\/www.mines-stetienne.fr\/en\/wp-content\/uploads\/sites\/4\/2016\/01\/CeQuInt-logo-web_version-300x235.png","type":"image\/png"}],"twitter_card":"summary_large_image","twitter_site":"@MINES_StEtienne","twitter_misc":{"Estimated reading time":"4 minutes"},"schema":{"@context":"https:\/\/schema.org","@graph":[{"@type":"WebPage","@id":"https:\/\/www.mines-stetienne.fr\/en\/about-us\/rankings\/","url":"https:\/\/www.mines-stetienne.fr\/en\/about-us\/rankings\/","name":"Rankings - MINES Saint-\u00c9tienne","isPartOf":{"@id":"https:\/\/www.mines-stetienne.fr\/en\/#website"},"primaryImageOfPage":{"@id":"https:\/\/www.mines-stetienne.fr\/en\/about-us\/rankings\/#primaryimage"},"image":{"@id":"https:\/\/www.mines-stetienne.fr\/en\/about-us\/rankings\/#primaryimage"},"thumbnailUrl":"https:\/\/www.mines-stetienne.fr\/en\/wp-content\/uploads\/sites\/4\/2016\/01\/CeQuInt-logo-web_version-300x235-300x235.png","datePublished":"2019-09-23T09:34:50+00:00","dateModified":"2025-02-05T10:39:09+00:00","breadcrumb":{"@id":"https:\/\/www.mines-stetienne.fr\/en\/about-us\/rankings\/#breadcrumb"},"inLanguage":"en-GB","potentialAction":[{"@type":"ReadAction","target":["https:\/\/www.mines-stetienne.fr\/en\/about-us\/rankings\/"]}]},{"@type":"ImageObject","inLanguage":"en-GB","@id":"https:\/\/www.mines-stetienne.fr\/en\/about-us\/rankings\/#primaryimage","url":"https:\/\/www.mines-stetienne.fr\/en\/wp-content\/uploads\/sites\/4\/2016\/01\/CeQuInt-logo-web_version-300x235.png","contentUrl":"https:\/\/www.mines-stetienne.fr\/en\/wp-content\/uploads\/sites\/4\/2016\/01\/CeQuInt-logo-web_version-300x235.png","width":300,"height":235},{"@type":"BreadcrumbList","@id":"https:\/\/www.mines-stetienne.fr\/en\/about-us\/rankings\/#breadcrumb","itemListElement":[{"@type":"ListItem","position":1,"name":"Home","item":"https:\/\/www.mines-stetienne.fr\/en\/"},{"@type":"ListItem","position":2,"name":"About Us","item":"https:\/\/www.mines-stetienne.fr\/en\/about-us\/"},{"@type":"ListItem","position":3,"name":"Rankings"}]},{"@type":"WebSite","@id":"https:\/\/www.mines-stetienne.fr\/en\/#website","url":"https:\/\/www.mines-stetienne.fr\/en\/","name":"MINES Saint-\u00c9tienne","description":"Inspiring innovation","publisher":{"@id":"https:\/\/www.mines-stetienne.fr\/en\/#organization"},"potentialAction":[{"@type":"SearchAction","target":{"@type":"EntryPoint","urlTemplate":"https:\/\/www.mines-stetienne.fr\/en\/?s={search_term_string}"},"query-input":{"@type":"PropertyValueSpecification","valueRequired":true,"valueName":"search_term_string"}}],"inLanguage":"en-GB"},{"@type":"Organization","@id":"https:\/\/www.mines-stetienne.fr\/en\/#organization","name":"MINES Saint-\u00c9tienne","url":"https:\/\/www.mines-stetienne.fr\/en\/","logo":{"@type":"ImageObject","inLanguage":"en-GB","@id":"https:\/\/www.mines-stetienne.fr\/en\/#\/schema\/logo\/image\/","url":"https:\/\/www.mines-stetienne.fr\/en\/wp-content\/uploads\/sites\/4\/2022\/09\/Mines_Saint_Etienne_IMT_RVB.png","contentUrl":"https:\/\/www.mines-stetienne.fr\/en\/wp-content\/uploads\/sites\/4\/2022\/09\/Mines_Saint_Etienne_IMT_RVB.png","width":316,"height":315,"caption":"MINES Saint-\u00c9tienne"},"image":{"@id":"https:\/\/www.mines-stetienne.fr\/en\/#\/schema\/logo\/image\/"},"sameAs":["https:\/\/www.facebook.com\/MinesSaintEtienne","https:\/\/x.com\/MINES_StEtienne","https:\/\/www.linkedin.com\/school\/527715\/","https:\/\/www.youtube.com\/c\/Mines-stetienneFr","https:\/\/www.instagram.com\/mines_stetienne\/"]}]}},"publishpress_future_workflow_manual_trigger":{"enabledWorkflows":[]},"_links":{"self":[{"href":"https:\/\/www.mines-stetienne.fr\/en\/wp-json\/wp\/v2\/pages\/2631","targetHints":{"allow":["GET"]}}],"collection":[{"href":"https:\/\/www.mines-stetienne.fr\/en\/wp-json\/wp\/v2\/pages"}],"about":[{"href":"https:\/\/www.mines-stetienne.fr\/en\/wp-json\/wp\/v2\/types\/page"}],"author":[{"embeddable":true,"href":"https:\/\/www.mines-stetienne.fr\/en\/wp-json\/wp\/v2\/users\/2"}],"replies":[{"embeddable":true,"href":"https:\/\/www.mines-stetienne.fr\/en\/wp-json\/wp\/v2\/comments?post=2631"}],"version-history":[{"count":28,"href":"https:\/\/www.mines-stetienne.fr\/en\/wp-json\/wp\/v2\/pages\/2631\/revisions"}],"predecessor-version":[{"id":15872,"href":"https:\/\/www.mines-stetienne.fr\/en\/wp-json\/wp\/v2\/pages\/2631\/revisions\/15872"}],"up":[{"embeddable":true,"href":"https:\/\/www.mines-stetienne.fr\/en\/wp-json\/wp\/v2\/pages\/7"}],"wp:attachment":[{"href":"https:\/\/www.mines-stetienne.fr\/en\/wp-json\/wp\/v2\/media?parent=2631"}],"wp:term":[{"taxonomy":"post_tag","embeddable":true,"href":"https:\/\/www.mines-stetienne.fr\/en\/wp-json\/wp\/v2\/tags?post=2631"}],"curies":[{"name":"wp","href":"https:\/\/api.w.org\/{rel}","templated":true}]}}