{"id":260,"date":"2016-01-13T21:19:21","date_gmt":"2016-01-13T20:19:21","guid":{"rendered":"https:\/\/www.mines-stetienne.fr\/en\/?page_id=260"},"modified":"2025-06-24T09:57:56","modified_gmt":"2025-06-24T08:57:56","slug":"international-exchange-programmes","status":"publish","type":"page","link":"https:\/\/www.mines-stetienne.fr\/en\/international\/international-exchange-programmes\/","title":{"rendered":"International partnerships and exchange programmes"},"content":{"rendered":"\n<h2 class=\"wp-block-heading\">International partnerships<\/h2>\n\n\n\n<p>The \u00c9cole des Mines de Saint-\u00c9tienne has developed more than 120 partnerships with international universities, all selected for their excellence in engineering, with the aim of promoting both student exchanges at Master&#8217;s or Doctorate level and staff mobility.<\/p>\n\n\n\n<p>These partnership agreements were founded on good mutual understanding between \u00c9cole des Mines and foreign institutions, good communication, as well as a high level of studies and easy integration. With 20 prestigious and top-ranked academic partners, \u00c9cole des Mines has developed dual degree programmes giving some students the opportunity to obtain the Master of Engineering of Mines Saint-\u00c9tienne and the Master of Engineering issued by their home institution.<\/p>\n\n\n\n<h2 class=\"wp-block-heading\">International exchange programmes<\/h2>\n\n\n\n<ul class=\"wp-block-list\">\n<li>Erasmus Plus<br><figure><img decoding=\"async\" width=\"300\" height=\"62\" class=\"alignright size-medium wp-image-2499\" src=\"https:\/\/www.mines-stetienne.fr\/en\/wp-content\/uploads\/sites\/4\/2019\/05\/logosbeneficaireserasmusright_en-300x62.jpg\" alt=\"\" srcset=\"https:\/\/www.mines-stetienne.fr\/en\/wp-content\/uploads\/sites\/4\/2019\/05\/logosbeneficaireserasmusright_en-300x62.jpg 300w, https:\/\/www.mines-stetienne.fr\/en\/wp-content\/uploads\/sites\/4\/2019\/05\/logosbeneficaireserasmusright_en-768x158.jpg 768w, https:\/\/www.mines-stetienne.fr\/en\/wp-content\/uploads\/sites\/4\/2019\/05\/logosbeneficaireserasmusright_en-1024x210.jpg 1024w\" sizes=\"(max-width: 300px) 100vw, 300px\" \/><\/figure>Mines Saint-\u00c9tienne has been part of the ERASMUS programme since its inception. Our first exchanges with European partners began rather modestly, but soon increased rapidly enabling students to benefit from an international experience. The number of incoming students from other European countries is continually growing. ERASMUS students particularly appreciate our wide variety of courses, our emphasis on working in small groups and the closeness of student-teacher relationships (ratio 1\/7).<br><a href=\"https:\/\/www.mines-stetienne.fr\/en\/fact_sheet_international_student\">Fact sheet for international students<\/a>\u00a0(PDF)<\/li>\n\n\n\n<li>FITEC programmes (Brafitec \/ Arfitec \/ Mexfitec projects)<\/li>\n\n\n\n<li>EcoSud and EcoNord networks<\/li>\n\n\n\n<li>Campus France<\/li>\n<\/ul>\n\n\n\n<h2 class=\"wp-block-heading\">International Networks<\/h2>\n\n\n\n<h3 class=\"wp-block-heading\">Brazil, China, Colombia, India<\/h3>\n\n\n\n<p>A body of highly specialised staff represent the Institute Mines-T\u00e9l\u00e9com in these four countries. They are providing all their help and knowledge to applicants (students and scholars) for mobility and they organize student recruitment sessions.<\/p>\n\n\n\n<h3 class=\"wp-block-heading\">Contact<\/h3>\n\n\n\n<ul class=\"wp-block-list\">\n<li><a href=\"&#x6d;&#97;i&#x6c;&#116;o&#x3a;&#105;n&#x74;&#101;r&#x6e;&#97;t&#x69;&#111;n&#x61;&#108;&#64;&#x6d;&#105;n&#x65;&#115;-&#x73;&#116;e&#x74;&#105;e&#x6e;&#110;e&#x2e;&#102;r\">&#105;&#x6e;&#116;&#x65;&#114;&#x6e;&#97;&#x74;&#105;&#x6f;&#110;&#x61;l&#x40;m&#x69;n&#x65;s&#x2d;s&#x74;e&#116;&#x69;&#101;&#x6e;&#110;&#x65;&#46;&#x66;&#114;<\/a><\/li>\n<\/ul>\n\n\n\n<h3 class=\"wp-block-heading\">Download<\/h3>\n\n\n\n<ul class=\"wp-block-list\">\n<li><a href=\"https:\/\/www.mines-stetienne.fr\/en\/fact_sheet_international_student\">Fact sheet for international students<\/a>\u00a0(PDF)<\/li>\n\n\n\n<li><a aria-label=\"Politique linguistique Erasmus (opens in a new tab)\" href=\"https:\/\/www.mines-stetienne.fr\/wp-content\/uploads\/2020\/03\/Politique-linguistique.pdf\" target=\"_blank\" rel=\"noreferrer noopener\">Politique linguistique Erasmus<\/a> (PDF)<\/li>\n<\/ul>\n\n\n\n<div id=\"texte_riche\">\u00a0<\/div>\n","protected":false},"excerpt":{"rendered":"<p>International partnerships The \u00c9cole des Mines de Saint-\u00c9tienne has developed more than 120 partnerships with international universities, all selected for their excellence in engineering, with the aim of promoting both student exchanges at Master&#8217;s or Doctorate level and staff mobility. &hellip;<\/p>\n","protected":false},"author":2,"featured_media":0,"parent":36,"menu_order":0,"comment_status":"closed","ping_status":"closed","template":"","meta":{"_relevanssi_hide_post":"","_relevanssi_hide_content":"","_relevanssi_pin_for_all":"","_relevanssi_pin_keywords":"","_relevanssi_unpin_keywords":"","_relevanssi_related_keywords":"","_relevanssi_related_include_ids":"","_relevanssi_related_exclude_ids":"","_relevanssi_related_no_append":"","_relevanssi_related_not_related":"","_relevanssi_related_posts":"2002,2385,1887,2446,2228,497","_relevanssi_noindex_reason":"","footnotes":"","_links_to":"","_links_to_target":""},"tags":[],"class_list":["post-260","page","type-page","status-publish","hentry"],"pp_statuses_selecting_workflow":false,"pp_workflow_action":"current","pp_status_selection":"publish","pp_force_visibility":null,"pp_subpost_visibility":null,"pp_inherited_force_visibility":null,"pp_inherited_subpost_visibility":null,"yoast_head":"<!-- This site is optimized with the Yoast SEO plugin v27.4 - https:\/\/yoast.com\/product\/yoast-seo-wordpress\/ -->\n<title>International partnerships and exchange programmes - MINES Saint-\u00c9tienne<\/title>\n<meta name=\"robots\" content=\"index, follow, max-snippet:-1, max-image-preview:large, max-video-preview:-1\" \/>\n<link rel=\"canonical\" href=\"https:\/\/www.mines-stetienne.fr\/en\/international\/international-exchange-programmes\/\" \/>\n<meta property=\"og:locale\" content=\"en_GB\" \/>\n<meta property=\"og:type\" content=\"article\" \/>\n<meta property=\"og:title\" content=\"International partnerships and exchange programmes - MINES Saint-\u00c9tienne\" \/>\n<meta property=\"og:description\" content=\"International partnerships The \u00c9cole des Mines de Saint-\u00c9tienne has developed more than 120 partnerships with international universities, all selected for their excellence in engineering, with the aim of promoting both student exchanges at Master&#8217;s or Doctorate level and staff mobility. &hellip;\" \/>\n<meta property=\"og:url\" content=\"https:\/\/www.mines-stetienne.fr\/en\/international\/international-exchange-programmes\/\" \/>\n<meta property=\"og:site_name\" content=\"MINES Saint-\u00c9tienne\" \/>\n<meta property=\"article:publisher\" content=\"https:\/\/www.facebook.com\/MinesSaintEtienne\" \/>\n<meta property=\"article:modified_time\" content=\"2025-06-24T08:57:56+00:00\" \/>\n<meta property=\"og:image\" content=\"https:\/\/www.mines-stetienne.fr\/en\/wp-content\/uploads\/sites\/4\/2019\/05\/logosbeneficaireserasmusright_en.jpg\" \/>\n\t<meta property=\"og:image:width\" content=\"4720\" \/>\n\t<meta property=\"og:image:height\" content=\"969\" \/>\n\t<meta property=\"og:image:type\" content=\"image\/jpeg\" \/>\n<meta name=\"twitter:card\" content=\"summary_large_image\" \/>\n<meta name=\"twitter:site\" content=\"@MINES_StEtienne\" \/>\n<meta name=\"twitter:label1\" content=\"Estimated reading time\" \/>\n\t<meta name=\"twitter:data1\" content=\"2 minutes\" \/>\n<script type=\"application\/ld+json\" class=\"yoast-schema-graph\">{\"@context\":\"https:\\\/\\\/schema.org\",\"@graph\":[{\"@type\":\"WebPage\",\"@id\":\"https:\\\/\\\/www.mines-stetienne.fr\\\/en\\\/international\\\/international-exchange-programmes\\\/\",\"url\":\"https:\\\/\\\/www.mines-stetienne.fr\\\/en\\\/international\\\/international-exchange-programmes\\\/\",\"name\":\"International partnerships and exchange programmes - MINES Saint-\u00c9tienne\",\"isPartOf\":{\"@id\":\"https:\\\/\\\/www.mines-stetienne.fr\\\/en\\\/#website\"},\"primaryImageOfPage\":{\"@id\":\"https:\\\/\\\/www.mines-stetienne.fr\\\/en\\\/international\\\/international-exchange-programmes\\\/#primaryimage\"},\"image\":{\"@id\":\"https:\\\/\\\/www.mines-stetienne.fr\\\/en\\\/international\\\/international-exchange-programmes\\\/#primaryimage\"},\"thumbnailUrl\":\"https:\\\/\\\/www.mines-stetienne.fr\\\/en\\\/wp-content\\\/uploads\\\/sites\\\/4\\\/2019\\\/05\\\/logosbeneficaireserasmusright_en-300x62.jpg\",\"datePublished\":\"2016-01-13T20:19:21+00:00\",\"dateModified\":\"2025-06-24T08:57:56+00:00\",\"breadcrumb\":{\"@id\":\"https:\\\/\\\/www.mines-stetienne.fr\\\/en\\\/international\\\/international-exchange-programmes\\\/#breadcrumb\"},\"inLanguage\":\"en-GB\",\"potentialAction\":[{\"@type\":\"ReadAction\",\"target\":[\"https:\\\/\\\/www.mines-stetienne.fr\\\/en\\\/international\\\/international-exchange-programmes\\\/\"]}]},{\"@type\":\"ImageObject\",\"inLanguage\":\"en-GB\",\"@id\":\"https:\\\/\\\/www.mines-stetienne.fr\\\/en\\\/international\\\/international-exchange-programmes\\\/#primaryimage\",\"url\":\"https:\\\/\\\/www.mines-stetienne.fr\\\/en\\\/wp-content\\\/uploads\\\/sites\\\/4\\\/2019\\\/05\\\/logosbeneficaireserasmusright_en.jpg\",\"contentUrl\":\"https:\\\/\\\/www.mines-stetienne.fr\\\/en\\\/wp-content\\\/uploads\\\/sites\\\/4\\\/2019\\\/05\\\/logosbeneficaireserasmusright_en.jpg\",\"width\":4720,\"height\":969},{\"@type\":\"BreadcrumbList\",\"@id\":\"https:\\\/\\\/www.mines-stetienne.fr\\\/en\\\/international\\\/international-exchange-programmes\\\/#breadcrumb\",\"itemListElement\":[{\"@type\":\"ListItem\",\"position\":1,\"name\":\"Home\",\"item\":\"https:\\\/\\\/www.mines-stetienne.fr\\\/en\\\/\"},{\"@type\":\"ListItem\",\"position\":2,\"name\":\"International\",\"item\":\"https:\\\/\\\/www.mines-stetienne.fr\\\/en\\\/international\\\/\"},{\"@type\":\"ListItem\",\"position\":3,\"name\":\"International partnerships and exchange programmes\"}]},{\"@type\":\"WebSite\",\"@id\":\"https:\\\/\\\/www.mines-stetienne.fr\\\/en\\\/#website\",\"url\":\"https:\\\/\\\/www.mines-stetienne.fr\\\/en\\\/\",\"name\":\"MINES Saint-\u00c9tienne\",\"description\":\"Inspiring innovation\",\"publisher\":{\"@id\":\"https:\\\/\\\/www.mines-stetienne.fr\\\/en\\\/#organization\"},\"potentialAction\":[{\"@type\":\"SearchAction\",\"target\":{\"@type\":\"EntryPoint\",\"urlTemplate\":\"https:\\\/\\\/www.mines-stetienne.fr\\\/en\\\/?s={search_term_string}\"},\"query-input\":{\"@type\":\"PropertyValueSpecification\",\"valueRequired\":true,\"valueName\":\"search_term_string\"}}],\"inLanguage\":\"en-GB\"},{\"@type\":\"Organization\",\"@id\":\"https:\\\/\\\/www.mines-stetienne.fr\\\/en\\\/#organization\",\"name\":\"MINES Saint-\u00c9tienne\",\"url\":\"https:\\\/\\\/www.mines-stetienne.fr\\\/en\\\/\",\"logo\":{\"@type\":\"ImageObject\",\"inLanguage\":\"en-GB\",\"@id\":\"https:\\\/\\\/www.mines-stetienne.fr\\\/en\\\/#\\\/schema\\\/logo\\\/image\\\/\",\"url\":\"https:\\\/\\\/www.mines-stetienne.fr\\\/en\\\/wp-content\\\/uploads\\\/sites\\\/4\\\/2022\\\/09\\\/Mines_Saint_Etienne_IMT_RVB.png\",\"contentUrl\":\"https:\\\/\\\/www.mines-stetienne.fr\\\/en\\\/wp-content\\\/uploads\\\/sites\\\/4\\\/2022\\\/09\\\/Mines_Saint_Etienne_IMT_RVB.png\",\"width\":316,\"height\":315,\"caption\":\"MINES Saint-\u00c9tienne\"},\"image\":{\"@id\":\"https:\\\/\\\/www.mines-stetienne.fr\\\/en\\\/#\\\/schema\\\/logo\\\/image\\\/\"},\"sameAs\":[\"https:\\\/\\\/www.facebook.com\\\/MinesSaintEtienne\",\"https:\\\/\\\/x.com\\\/MINES_StEtienne\",\"https:\\\/\\\/www.linkedin.com\\\/school\\\/527715\\\/\",\"https:\\\/\\\/www.youtube.com\\\/c\\\/Mines-stetienneFr\",\"https:\\\/\\\/www.instagram.com\\\/mines_stetienne\\\/\"]}]}<\/script>\n<!-- \/ Yoast SEO plugin. -->","yoast_head_json":{"title":"International partnerships and exchange programmes - MINES Saint-\u00c9tienne","robots":{"index":"index","follow":"follow","max-snippet":"max-snippet:-1","max-image-preview":"max-image-preview:large","max-video-preview":"max-video-preview:-1"},"canonical":"https:\/\/www.mines-stetienne.fr\/en\/international\/international-exchange-programmes\/","og_locale":"en_GB","og_type":"article","og_title":"International partnerships and exchange programmes - MINES Saint-\u00c9tienne","og_description":"International partnerships The \u00c9cole des Mines de Saint-\u00c9tienne has developed more than 120 partnerships with international universities, all selected for their excellence in engineering, with the aim of promoting both student exchanges at Master&#8217;s or Doctorate level and staff mobility. &hellip;","og_url":"https:\/\/www.mines-stetienne.fr\/en\/international\/international-exchange-programmes\/","og_site_name":"MINES Saint-\u00c9tienne","article_publisher":"https:\/\/www.facebook.com\/MinesSaintEtienne","article_modified_time":"2025-06-24T08:57:56+00:00","og_image":[{"width":4720,"height":969,"url":"https:\/\/www.mines-stetienne.fr\/en\/wp-content\/uploads\/sites\/4\/2019\/05\/logosbeneficaireserasmusright_en.jpg","type":"image\/jpeg"}],"twitter_card":"summary_large_image","twitter_site":"@MINES_StEtienne","twitter_misc":{"Estimated reading time":"2 minutes"},"schema":{"@context":"https:\/\/schema.org","@graph":[{"@type":"WebPage","@id":"https:\/\/www.mines-stetienne.fr\/en\/international\/international-exchange-programmes\/","url":"https:\/\/www.mines-stetienne.fr\/en\/international\/international-exchange-programmes\/","name":"International partnerships and exchange programmes - MINES Saint-\u00c9tienne","isPartOf":{"@id":"https:\/\/www.mines-stetienne.fr\/en\/#website"},"primaryImageOfPage":{"@id":"https:\/\/www.mines-stetienne.fr\/en\/international\/international-exchange-programmes\/#primaryimage"},"image":{"@id":"https:\/\/www.mines-stetienne.fr\/en\/international\/international-exchange-programmes\/#primaryimage"},"thumbnailUrl":"https:\/\/www.mines-stetienne.fr\/en\/wp-content\/uploads\/sites\/4\/2019\/05\/logosbeneficaireserasmusright_en-300x62.jpg","datePublished":"2016-01-13T20:19:21+00:00","dateModified":"2025-06-24T08:57:56+00:00","breadcrumb":{"@id":"https:\/\/www.mines-stetienne.fr\/en\/international\/international-exchange-programmes\/#breadcrumb"},"inLanguage":"en-GB","potentialAction":[{"@type":"ReadAction","target":["https:\/\/www.mines-stetienne.fr\/en\/international\/international-exchange-programmes\/"]}]},{"@type":"ImageObject","inLanguage":"en-GB","@id":"https:\/\/www.mines-stetienne.fr\/en\/international\/international-exchange-programmes\/#primaryimage","url":"https:\/\/www.mines-stetienne.fr\/en\/wp-content\/uploads\/sites\/4\/2019\/05\/logosbeneficaireserasmusright_en.jpg","contentUrl":"https:\/\/www.mines-stetienne.fr\/en\/wp-content\/uploads\/sites\/4\/2019\/05\/logosbeneficaireserasmusright_en.jpg","width":4720,"height":969},{"@type":"BreadcrumbList","@id":"https:\/\/www.mines-stetienne.fr\/en\/international\/international-exchange-programmes\/#breadcrumb","itemListElement":[{"@type":"ListItem","position":1,"name":"Home","item":"https:\/\/www.mines-stetienne.fr\/en\/"},{"@type":"ListItem","position":2,"name":"International","item":"https:\/\/www.mines-stetienne.fr\/en\/international\/"},{"@type":"ListItem","position":3,"name":"International partnerships and exchange programmes"}]},{"@type":"WebSite","@id":"https:\/\/www.mines-stetienne.fr\/en\/#website","url":"https:\/\/www.mines-stetienne.fr\/en\/","name":"MINES Saint-\u00c9tienne","description":"Inspiring innovation","publisher":{"@id":"https:\/\/www.mines-stetienne.fr\/en\/#organization"},"potentialAction":[{"@type":"SearchAction","target":{"@type":"EntryPoint","urlTemplate":"https:\/\/www.mines-stetienne.fr\/en\/?s={search_term_string}"},"query-input":{"@type":"PropertyValueSpecification","valueRequired":true,"valueName":"search_term_string"}}],"inLanguage":"en-GB"},{"@type":"Organization","@id":"https:\/\/www.mines-stetienne.fr\/en\/#organization","name":"MINES Saint-\u00c9tienne","url":"https:\/\/www.mines-stetienne.fr\/en\/","logo":{"@type":"ImageObject","inLanguage":"en-GB","@id":"https:\/\/www.mines-stetienne.fr\/en\/#\/schema\/logo\/image\/","url":"https:\/\/www.mines-stetienne.fr\/en\/wp-content\/uploads\/sites\/4\/2022\/09\/Mines_Saint_Etienne_IMT_RVB.png","contentUrl":"https:\/\/www.mines-stetienne.fr\/en\/wp-content\/uploads\/sites\/4\/2022\/09\/Mines_Saint_Etienne_IMT_RVB.png","width":316,"height":315,"caption":"MINES Saint-\u00c9tienne"},"image":{"@id":"https:\/\/www.mines-stetienne.fr\/en\/#\/schema\/logo\/image\/"},"sameAs":["https:\/\/www.facebook.com\/MinesSaintEtienne","https:\/\/x.com\/MINES_StEtienne","https:\/\/www.linkedin.com\/school\/527715\/","https:\/\/www.youtube.com\/c\/Mines-stetienneFr","https:\/\/www.instagram.com\/mines_stetienne\/"]}]}},"publishpress_future_workflow_manual_trigger":{"enabledWorkflows":[]},"_links":{"self":[{"href":"https:\/\/www.mines-stetienne.fr\/en\/wp-json\/wp\/v2\/pages\/260","targetHints":{"allow":["GET"]}}],"collection":[{"href":"https:\/\/www.mines-stetienne.fr\/en\/wp-json\/wp\/v2\/pages"}],"about":[{"href":"https:\/\/www.mines-stetienne.fr\/en\/wp-json\/wp\/v2\/types\/page"}],"author":[{"embeddable":true,"href":"https:\/\/www.mines-stetienne.fr\/en\/wp-json\/wp\/v2\/users\/2"}],"replies":[{"embeddable":true,"href":"https:\/\/www.mines-stetienne.fr\/en\/wp-json\/wp\/v2\/comments?post=260"}],"version-history":[{"count":22,"href":"https:\/\/www.mines-stetienne.fr\/en\/wp-json\/wp\/v2\/pages\/260\/revisions"}],"predecessor-version":[{"id":16097,"href":"https:\/\/www.mines-stetienne.fr\/en\/wp-json\/wp\/v2\/pages\/260\/revisions\/16097"}],"up":[{"embeddable":true,"href":"https:\/\/www.mines-stetienne.fr\/en\/wp-json\/wp\/v2\/pages\/36"}],"wp:attachment":[{"href":"https:\/\/www.mines-stetienne.fr\/en\/wp-json\/wp\/v2\/media?parent=260"}],"wp:term":[{"taxonomy":"post_tag","embeddable":true,"href":"https:\/\/www.mines-stetienne.fr\/en\/wp-json\/wp\/v2\/tags?post=260"}],"curies":[{"name":"wp","href":"https:\/\/api.w.org\/{rel}","templated":true}]}}