{"id":23,"date":"2016-01-06T18:46:44","date_gmt":"2016-01-06T17:46:44","guid":{"rendered":"https:\/\/www.mines-stetienne.fr\/en\/?page_id=23"},"modified":"2021-01-22T10:34:03","modified_gmt":"2021-01-22T09:34:03","slug":"publications","status":"publish","type":"page","link":"https:\/\/www.mines-stetienne.fr\/en\/about-us\/publications\/","title":{"rendered":"Publications"},"content":{"rendered":"<h2>Open Archive of the \u00c9cole des Mines of Saint-\u00c9tienne<\/h2>\n<p><a href=\"https:\/\/www.mines-stetienne.fr\/en\/wp-content\/uploads\/sites\/4\/2016\/01\/library.jpg\" rel=\"attachment wp-att-24\"><img decoding=\"async\" class=\"alignright size-full wp-image-24\" src=\"https:\/\/www.mines-stetienne.fr\/en\/wp-content\/uploads\/sites\/4\/2016\/01\/library.jpg\" alt=\"library\" width=\"345\" height=\"230\" srcset=\"https:\/\/www.mines-stetienne.fr\/en\/wp-content\/uploads\/sites\/4\/2016\/01\/library.jpg 345w, https:\/\/www.mines-stetienne.fr\/en\/wp-content\/uploads\/sites\/4\/2016\/01\/library-300x200.jpg 300w\" sizes=\"(max-width: 345px) 100vw, 345px\" \/><\/a><\/p>\n<p>Our objective is to build a site where all the scientific publications from scientists in our five research centres can be posted. Their work will be available to themselves, to our institution and to research scholars worldwide.<\/p>\n<p>\u00c9cole des Mines has now joined the HAL open access archive with other French research institutes and is proud to allow free access to scientific publications for all, within the legal framework of publishers and authors\u2019 intellectual property rights.<\/p>\n<table style=\"width: 90%\">\n<tbody>\n<tr>\n<td><strong>Browse<\/strong><\/td>\n<td><strong>Search<\/strong><\/td>\n<td><strong>Services<\/strong><\/td>\n<\/tr>\n<tr>\n<td style=\"vertical-align: top\">\n<ul>\n<li><a href=\"https:\/\/hal-emse.ccsd.cnrs.fr\/view_by_stamp.php?label=EMSE&amp;action_todo=browse_byDate&amp;halsid=ha3mpuai0oefe9mgv5spbnqvp6\" target=\"_self\" rel=\"noopener\">Document List<\/a><\/li>\n<li><a href=\"https:\/\/hal-emse.ccsd.cnrs.fr\/view_by_stamp.php?label=EMSE&amp;action_todo=browse_byAnnee&amp;halsid=ha3mpuai0oefe9mgv5spbnqvp6\" target=\"_self\" rel=\"noopener\">By publication year<\/a><\/li>\n<li><a href=\"https:\/\/hal-emse.ccsd.cnrs.fr\/view_by_stamp.php?label=EMSE&amp;action_todo=browse_byDomain&amp;halsid=ha3mpuai0oefe9mgv5spbnqvp6\" target=\"_self\" rel=\"noopener\">By subject<\/a><\/li>\n<li><a href=\"https:\/\/hal-emse.ccsd.cnrs.fr\/view_by_stamp.php?label=EMSE&amp;action_todo=browse_byTypdoc&amp;halsid=ha3mpuai0oefe9mgv5spbnqvp6\" target=\"_self\" rel=\"noopener\">By publication type<\/a><\/li>\n<li><a href=\"https:\/\/hal-emse.ccsd.cnrs.fr\/view_by_stamp.php?label=EMSE&amp;action_todo=browse_bySubTamp&amp;halsid=ha3mpuai0oefe9mgv5spbnqvp6\" target=\"_self\" rel=\"noopener\">By collection<\/a><\/li>\n<li><a href=\"https:\/\/hal-emse.ccsd.cnrs.fr\/view_by_stamp.php?label=EMSE&amp;action_todo=browse_byAuthorLab&amp;halsid=ha3mpuai0oefe9mgv5spbnqvp6\" target=\"_self\" rel=\"noopener\">By author<\/a><\/li>\n<\/ul>\n<\/td>\n<td style=\"vertical-align: top\">\n<ul>\n<li><a href=\"https:\/\/hal-emse.ccsd.cnrs.fr\/view_by_stamp.php?label=EMSE&amp;action_todo=search_simple&amp;halsid=lpjbt5han6flhou9ilg2gk8u35\" target=\"_self\" rel=\"noopener\">Simple search<\/a><\/li>\n<li><a href=\"https:\/\/hal-emse.ccsd.cnrs.fr\/view_by_stamp.php?label=EMSE&amp;action_todo=search_advanced&amp;halsid=lpjbt5han6flhou9ilg2gk8u35\" target=\"_self\" rel=\"noopener\">Advanced search<\/a><\/li>\n<li><a href=\"https:\/\/hal-emse.ccsd.cnrs.fr\/view_by_stamp.php?label=EMSE&amp;action_todo=search_byid&amp;halsid=lpjbt5han6flhou9ilg2gk8u35\" target=\"_self\" rel=\"noopener\">By article id<\/a><\/li>\n<\/ul>\n<\/td>\n<td style=\"vertical-align: top\">\n<ul>\n<li><a href=\"https:\/\/hal-emse.ccsd.cnrs.fr\/index.php?halsid=lpjbt5han6flhou9ilg2gk8u35&amp;action_todo=subscribe\" target=\"_self\" rel=\"noopener\">Subscribe<\/a><\/li>\n<li><a href=\"https:\/\/hal-emse.ccsd.cnrs.fr\/view_by_stamp.php?label=EMSE&amp;action_todo=service_export&amp;halsid=lpjbt5han6flhou9ilg2gk8u35\" target=\"_self\" rel=\"noopener\">Export a publication list<\/a><\/li>\n<li><a href=\"https:\/\/hal-emse.ccsd.cnrs.fr\/index.php?halsid=lpjbt5han6flhou9ilg2gk8u35&amp;action_todo=search_known_labo\" target=\"_self\" rel=\"noopener\">Browse HAL known laboratories<\/a><\/li>\n<\/ul>\n<\/td>\n<\/tr>\n<\/tbody>\n<\/table>\n<p><b>HAL<\/b> is a multi-disciplinary open access archive for the deposit and distribution of scientific research papers, whether they are published or not, and for PhD dissertations. The documents may come from teaching and research institutions in France or abroad, or from public or private research centres.<\/p>\n<ul>\n<li><a href=\"https:\/\/hal-emse.ccsd.cnrs.fr\/index.php?langue=en&amp;halsid=ha3mpuai0oefe9mgv5spbnqvp6\" target=\"_blank\" rel=\"noopener\">HAL &#8211; \u00c9cole des Mines of Saint-\u00c9tienne<\/a><\/li>\n<\/ul>\n","protected":false},"excerpt":{"rendered":"<p>Open Archive of the \u00c9cole des Mines of Saint-\u00c9tienne Our objective is to build a site where all the scientific publications from scientists in our five research centres can be posted. Their work will be available to themselves, to our &hellip;<\/p>\n","protected":false},"author":2,"featured_media":0,"parent":7,"menu_order":110,"comment_status":"closed","ping_status":"closed","template":"","meta":{"_relevanssi_hide_post":"","_relevanssi_hide_content":"","_relevanssi_pin_for_all":"","_relevanssi_pin_keywords":"","_relevanssi_unpin_keywords":"","_relevanssi_related_keywords":"","_relevanssi_related_include_ids":"","_relevanssi_related_exclude_ids":"","_relevanssi_related_no_append":"","_relevanssi_related_not_related":"","_relevanssi_related_posts":"","_relevanssi_noindex_reason":"","footnotes":"","_links_to":"","_links_to_target":""},"tags":[],"class_list":["post-23","page","type-page","status-publish","hentry"],"pp_statuses_selecting_workflow":false,"pp_workflow_action":"current","pp_status_selection":"publish","pp_force_visibility":null,"pp_subpost_visibility":null,"pp_inherited_force_visibility":null,"pp_inherited_subpost_visibility":null,"yoast_head":"<!-- This site is optimized with the Yoast SEO plugin v27.4 - https:\/\/yoast.com\/product\/yoast-seo-wordpress\/ -->\n<title>Publications - MINES Saint-\u00c9tienne<\/title>\n<meta name=\"robots\" content=\"index, follow, max-snippet:-1, max-image-preview:large, max-video-preview:-1\" \/>\n<link rel=\"canonical\" href=\"https:\/\/www.mines-stetienne.fr\/en\/about-us\/publications\/\" \/>\n<meta property=\"og:locale\" content=\"en_GB\" \/>\n<meta property=\"og:type\" content=\"article\" \/>\n<meta property=\"og:title\" content=\"Publications - MINES Saint-\u00c9tienne\" \/>\n<meta property=\"og:description\" content=\"Open Archive of the \u00c9cole des Mines of Saint-\u00c9tienne Our objective is to build a site where all the scientific publications from scientists in our five research centres can be posted. Their work will be available to themselves, to our &hellip;\" \/>\n<meta property=\"og:url\" content=\"https:\/\/www.mines-stetienne.fr\/en\/about-us\/publications\/\" \/>\n<meta property=\"og:site_name\" content=\"MINES Saint-\u00c9tienne\" \/>\n<meta property=\"article:publisher\" content=\"https:\/\/www.facebook.com\/MinesSaintEtienne\" \/>\n<meta property=\"article:modified_time\" content=\"2021-01-22T09:34:03+00:00\" \/>\n<meta property=\"og:image\" content=\"https:\/\/www.mines-stetienne.fr\/en\/wp-content\/uploads\/sites\/4\/2016\/01\/library.jpg\" \/>\n<meta name=\"twitter:card\" content=\"summary_large_image\" \/>\n<meta name=\"twitter:site\" content=\"@MINES_StEtienne\" \/>\n<meta name=\"twitter:label1\" content=\"Estimated reading time\" \/>\n\t<meta name=\"twitter:data1\" content=\"1 minute\" \/>\n<script type=\"application\/ld+json\" class=\"yoast-schema-graph\">{\"@context\":\"https:\\\/\\\/schema.org\",\"@graph\":[{\"@type\":\"WebPage\",\"@id\":\"https:\\\/\\\/www.mines-stetienne.fr\\\/en\\\/about-us\\\/publications\\\/\",\"url\":\"https:\\\/\\\/www.mines-stetienne.fr\\\/en\\\/about-us\\\/publications\\\/\",\"name\":\"Publications - MINES Saint-\u00c9tienne\",\"isPartOf\":{\"@id\":\"https:\\\/\\\/www.mines-stetienne.fr\\\/en\\\/#website\"},\"primaryImageOfPage\":{\"@id\":\"https:\\\/\\\/www.mines-stetienne.fr\\\/en\\\/about-us\\\/publications\\\/#primaryimage\"},\"image\":{\"@id\":\"https:\\\/\\\/www.mines-stetienne.fr\\\/en\\\/about-us\\\/publications\\\/#primaryimage\"},\"thumbnailUrl\":\"https:\\\/\\\/www.mines-stetienne.fr\\\/en\\\/wp-content\\\/uploads\\\/sites\\\/4\\\/2016\\\/01\\\/library.jpg\",\"datePublished\":\"2016-01-06T17:46:44+00:00\",\"dateModified\":\"2021-01-22T09:34:03+00:00\",\"breadcrumb\":{\"@id\":\"https:\\\/\\\/www.mines-stetienne.fr\\\/en\\\/about-us\\\/publications\\\/#breadcrumb\"},\"inLanguage\":\"en-GB\",\"potentialAction\":[{\"@type\":\"ReadAction\",\"target\":[\"https:\\\/\\\/www.mines-stetienne.fr\\\/en\\\/about-us\\\/publications\\\/\"]}]},{\"@type\":\"ImageObject\",\"inLanguage\":\"en-GB\",\"@id\":\"https:\\\/\\\/www.mines-stetienne.fr\\\/en\\\/about-us\\\/publications\\\/#primaryimage\",\"url\":\"https:\\\/\\\/www.mines-stetienne.fr\\\/en\\\/wp-content\\\/uploads\\\/sites\\\/4\\\/2016\\\/01\\\/library.jpg\",\"contentUrl\":\"https:\\\/\\\/www.mines-stetienne.fr\\\/en\\\/wp-content\\\/uploads\\\/sites\\\/4\\\/2016\\\/01\\\/library.jpg\",\"width\":345,\"height\":230},{\"@type\":\"BreadcrumbList\",\"@id\":\"https:\\\/\\\/www.mines-stetienne.fr\\\/en\\\/about-us\\\/publications\\\/#breadcrumb\",\"itemListElement\":[{\"@type\":\"ListItem\",\"position\":1,\"name\":\"Home\",\"item\":\"https:\\\/\\\/www.mines-stetienne.fr\\\/en\\\/\"},{\"@type\":\"ListItem\",\"position\":2,\"name\":\"About Us\",\"item\":\"https:\\\/\\\/www.mines-stetienne.fr\\\/en\\\/about-us\\\/\"},{\"@type\":\"ListItem\",\"position\":3,\"name\":\"Publications\"}]},{\"@type\":\"WebSite\",\"@id\":\"https:\\\/\\\/www.mines-stetienne.fr\\\/en\\\/#website\",\"url\":\"https:\\\/\\\/www.mines-stetienne.fr\\\/en\\\/\",\"name\":\"MINES Saint-\u00c9tienne\",\"description\":\"Inspiring innovation\",\"publisher\":{\"@id\":\"https:\\\/\\\/www.mines-stetienne.fr\\\/en\\\/#organization\"},\"potentialAction\":[{\"@type\":\"SearchAction\",\"target\":{\"@type\":\"EntryPoint\",\"urlTemplate\":\"https:\\\/\\\/www.mines-stetienne.fr\\\/en\\\/?s={search_term_string}\"},\"query-input\":{\"@type\":\"PropertyValueSpecification\",\"valueRequired\":true,\"valueName\":\"search_term_string\"}}],\"inLanguage\":\"en-GB\"},{\"@type\":\"Organization\",\"@id\":\"https:\\\/\\\/www.mines-stetienne.fr\\\/en\\\/#organization\",\"name\":\"MINES Saint-\u00c9tienne\",\"url\":\"https:\\\/\\\/www.mines-stetienne.fr\\\/en\\\/\",\"logo\":{\"@type\":\"ImageObject\",\"inLanguage\":\"en-GB\",\"@id\":\"https:\\\/\\\/www.mines-stetienne.fr\\\/en\\\/#\\\/schema\\\/logo\\\/image\\\/\",\"url\":\"https:\\\/\\\/www.mines-stetienne.fr\\\/en\\\/wp-content\\\/uploads\\\/sites\\\/4\\\/2022\\\/09\\\/Mines_Saint_Etienne_IMT_RVB.png\",\"contentUrl\":\"https:\\\/\\\/www.mines-stetienne.fr\\\/en\\\/wp-content\\\/uploads\\\/sites\\\/4\\\/2022\\\/09\\\/Mines_Saint_Etienne_IMT_RVB.png\",\"width\":316,\"height\":315,\"caption\":\"MINES Saint-\u00c9tienne\"},\"image\":{\"@id\":\"https:\\\/\\\/www.mines-stetienne.fr\\\/en\\\/#\\\/schema\\\/logo\\\/image\\\/\"},\"sameAs\":[\"https:\\\/\\\/www.facebook.com\\\/MinesSaintEtienne\",\"https:\\\/\\\/x.com\\\/MINES_StEtienne\",\"https:\\\/\\\/www.linkedin.com\\\/school\\\/527715\\\/\",\"https:\\\/\\\/www.youtube.com\\\/c\\\/Mines-stetienneFr\",\"https:\\\/\\\/www.instagram.com\\\/mines_stetienne\\\/\"]}]}<\/script>\n<!-- \/ Yoast SEO plugin. -->","yoast_head_json":{"title":"Publications - MINES Saint-\u00c9tienne","robots":{"index":"index","follow":"follow","max-snippet":"max-snippet:-1","max-image-preview":"max-image-preview:large","max-video-preview":"max-video-preview:-1"},"canonical":"https:\/\/www.mines-stetienne.fr\/en\/about-us\/publications\/","og_locale":"en_GB","og_type":"article","og_title":"Publications - MINES Saint-\u00c9tienne","og_description":"Open Archive of the \u00c9cole des Mines of Saint-\u00c9tienne Our objective is to build a site where all the scientific publications from scientists in our five research centres can be posted. Their work will be available to themselves, to our &hellip;","og_url":"https:\/\/www.mines-stetienne.fr\/en\/about-us\/publications\/","og_site_name":"MINES Saint-\u00c9tienne","article_publisher":"https:\/\/www.facebook.com\/MinesSaintEtienne","article_modified_time":"2021-01-22T09:34:03+00:00","og_image":[{"url":"https:\/\/www.mines-stetienne.fr\/en\/wp-content\/uploads\/sites\/4\/2016\/01\/library.jpg","type":"","width":"","height":""}],"twitter_card":"summary_large_image","twitter_site":"@MINES_StEtienne","twitter_misc":{"Estimated reading time":"1 minute"},"schema":{"@context":"https:\/\/schema.org","@graph":[{"@type":"WebPage","@id":"https:\/\/www.mines-stetienne.fr\/en\/about-us\/publications\/","url":"https:\/\/www.mines-stetienne.fr\/en\/about-us\/publications\/","name":"Publications - MINES Saint-\u00c9tienne","isPartOf":{"@id":"https:\/\/www.mines-stetienne.fr\/en\/#website"},"primaryImageOfPage":{"@id":"https:\/\/www.mines-stetienne.fr\/en\/about-us\/publications\/#primaryimage"},"image":{"@id":"https:\/\/www.mines-stetienne.fr\/en\/about-us\/publications\/#primaryimage"},"thumbnailUrl":"https:\/\/www.mines-stetienne.fr\/en\/wp-content\/uploads\/sites\/4\/2016\/01\/library.jpg","datePublished":"2016-01-06T17:46:44+00:00","dateModified":"2021-01-22T09:34:03+00:00","breadcrumb":{"@id":"https:\/\/www.mines-stetienne.fr\/en\/about-us\/publications\/#breadcrumb"},"inLanguage":"en-GB","potentialAction":[{"@type":"ReadAction","target":["https:\/\/www.mines-stetienne.fr\/en\/about-us\/publications\/"]}]},{"@type":"ImageObject","inLanguage":"en-GB","@id":"https:\/\/www.mines-stetienne.fr\/en\/about-us\/publications\/#primaryimage","url":"https:\/\/www.mines-stetienne.fr\/en\/wp-content\/uploads\/sites\/4\/2016\/01\/library.jpg","contentUrl":"https:\/\/www.mines-stetienne.fr\/en\/wp-content\/uploads\/sites\/4\/2016\/01\/library.jpg","width":345,"height":230},{"@type":"BreadcrumbList","@id":"https:\/\/www.mines-stetienne.fr\/en\/about-us\/publications\/#breadcrumb","itemListElement":[{"@type":"ListItem","position":1,"name":"Home","item":"https:\/\/www.mines-stetienne.fr\/en\/"},{"@type":"ListItem","position":2,"name":"About Us","item":"https:\/\/www.mines-stetienne.fr\/en\/about-us\/"},{"@type":"ListItem","position":3,"name":"Publications"}]},{"@type":"WebSite","@id":"https:\/\/www.mines-stetienne.fr\/en\/#website","url":"https:\/\/www.mines-stetienne.fr\/en\/","name":"MINES Saint-\u00c9tienne","description":"Inspiring innovation","publisher":{"@id":"https:\/\/www.mines-stetienne.fr\/en\/#organization"},"potentialAction":[{"@type":"SearchAction","target":{"@type":"EntryPoint","urlTemplate":"https:\/\/www.mines-stetienne.fr\/en\/?s={search_term_string}"},"query-input":{"@type":"PropertyValueSpecification","valueRequired":true,"valueName":"search_term_string"}}],"inLanguage":"en-GB"},{"@type":"Organization","@id":"https:\/\/www.mines-stetienne.fr\/en\/#organization","name":"MINES Saint-\u00c9tienne","url":"https:\/\/www.mines-stetienne.fr\/en\/","logo":{"@type":"ImageObject","inLanguage":"en-GB","@id":"https:\/\/www.mines-stetienne.fr\/en\/#\/schema\/logo\/image\/","url":"https:\/\/www.mines-stetienne.fr\/en\/wp-content\/uploads\/sites\/4\/2022\/09\/Mines_Saint_Etienne_IMT_RVB.png","contentUrl":"https:\/\/www.mines-stetienne.fr\/en\/wp-content\/uploads\/sites\/4\/2022\/09\/Mines_Saint_Etienne_IMT_RVB.png","width":316,"height":315,"caption":"MINES Saint-\u00c9tienne"},"image":{"@id":"https:\/\/www.mines-stetienne.fr\/en\/#\/schema\/logo\/image\/"},"sameAs":["https:\/\/www.facebook.com\/MinesSaintEtienne","https:\/\/x.com\/MINES_StEtienne","https:\/\/www.linkedin.com\/school\/527715\/","https:\/\/www.youtube.com\/c\/Mines-stetienneFr","https:\/\/www.instagram.com\/mines_stetienne\/"]}]}},"publishpress_future_workflow_manual_trigger":{"enabledWorkflows":[]},"_links":{"self":[{"href":"https:\/\/www.mines-stetienne.fr\/en\/wp-json\/wp\/v2\/pages\/23","targetHints":{"allow":["GET"]}}],"collection":[{"href":"https:\/\/www.mines-stetienne.fr\/en\/wp-json\/wp\/v2\/pages"}],"about":[{"href":"https:\/\/www.mines-stetienne.fr\/en\/wp-json\/wp\/v2\/types\/page"}],"author":[{"embeddable":true,"href":"https:\/\/www.mines-stetienne.fr\/en\/wp-json\/wp\/v2\/users\/2"}],"replies":[{"embeddable":true,"href":"https:\/\/www.mines-stetienne.fr\/en\/wp-json\/wp\/v2\/comments?post=23"}],"version-history":[{"count":11,"href":"https:\/\/www.mines-stetienne.fr\/en\/wp-json\/wp\/v2\/pages\/23\/revisions"}],"predecessor-version":[{"id":6151,"href":"https:\/\/www.mines-stetienne.fr\/en\/wp-json\/wp\/v2\/pages\/23\/revisions\/6151"}],"up":[{"embeddable":true,"href":"https:\/\/www.mines-stetienne.fr\/en\/wp-json\/wp\/v2\/pages\/7"}],"wp:attachment":[{"href":"https:\/\/www.mines-stetienne.fr\/en\/wp-json\/wp\/v2\/media?parent=23"}],"wp:term":[{"taxonomy":"post_tag","embeddable":true,"href":"https:\/\/www.mines-stetienne.fr\/en\/wp-json\/wp\/v2\/tags?post=23"}],"curies":[{"name":"wp","href":"https:\/\/api.w.org\/{rel}","templated":true}]}}