{"id":2089,"date":"2018-04-23T12:43:46","date_gmt":"2018-04-23T11:43:46","guid":{"rendered":"https:\/\/www.mines-stetienne.fr\/en\/?page_id=2089"},"modified":"2025-11-21T12:13:42","modified_gmt":"2025-11-21T11:13:42","slug":"teaching","status":"publish","type":"page","link":"https:\/\/www.mines-stetienne.fr\/en\/author\/drapier\/teaching\/","title":{"rendered":"Teaching"},"content":{"rendered":"<div id=\"texte_riche\">\n<p>Teachings were given from the beginning of my PhD thesis for master students and from 1998, for 2<sup>nd<\/sup> \u00a0(2A) and final (3<sup>rd<\/sup>-3A) students of \u00c9cole Nationale Sup\u00e9rieure des Mines de Saint-\u00c9tienne. Courses for 3A students are also for <em>M.Sc<\/em> level. The topics of the courses and tutorials deal with <strong>mechanics, structural mechanics, computational mechanics <\/strong>and<strong> mathematics for physics<\/strong>.<\/p>\n<p>In the recent years many courses were created and taught. In 2002, I built a new 120h block of scientific teaching specifically for mechanics. In 2006, I have been in charge of teaching activities regarding <strong>engineering and health<\/strong> (120h in 2A, 360h in 3A, 2 MSC specialties).<\/p>\n<p>From 2009 I have been managing a 90h block courses about <strong>computational mechanics <\/strong>(including dedicated courses about dynamics and computational mechanics) and a 24 h block for applied mathematics. In 2012 I have settled a 300 pages course about <strong>material homogenization and composites<\/strong>. From <strong>September 2014<\/strong>, I am in charge of a <strong>160h block dedicated to Mechanics<\/strong>, besides teaching <strong>structural mechanics <\/strong>and <strong>composites<\/strong> in this block. Along with these courses, managing student exchangs with <strong>Bristol<\/strong> University and tutoring students (2<sup>nd <\/sup>year, 3<sup>rd<\/sup> year, MSc) placed in industry represent a large part of my teaching duties.<\/p>\n<h2>Courses taught this year :<\/h2>\n<p>o\u00a0\u00a0 <a href=\"https:\/\/www.emse.fr\/~drapier\/index_fichiers\/CoursPDF\/MMC-1A\/MMC_Drapier-Kermouche-Moulin_2025.pdf\">Continuum Mechanics 1<sup>st<\/sup> year <\/a>(175 p. document, 8.9 Mb)<\/p>\n<p>o\u00a0\u00a0 <a href=\"https:\/\/www.emse.fr\/~drapier\/index_fichiers\/CoursPDF\/Composites\/RMP-2023-PDF.pdf\">\u00b5structure &#8211; Properties Relationships in composites (seminar) 2<sup>nd<\/sup>\/3<sup>rd<\/sup> year<\/a> (218 p. handout, 66.2 Mb)<\/p>\n<p>o\u00a0\u00a0 <a href=\"https:\/\/www.emse.fr\/~drapier\/index_fichiers\/CoursPDF\/Meca-Structu2A\/SDrapier_Meca-struct-num_2025.pdf\">Structural mechanics and numerical approximations 2<sup>nd\/<\/sup>3<sup>rd<\/sup> year<\/a> (345 p. document, 21.1, Mb)<\/p>\n<p>o\u00a0\u00a0 <a href=\"https:\/\/www.emse.fr\/~drapier\/index_fichiers\/CoursPDF\/Composites\/SDrapier_composites-2023.pdf\">Mechanics of composites &#8211; Homogenization 3<sup>rd<\/sup> year \/MSc<\/a> (280 p., 48.1 Mb)<\/p>\n<p>o\u00a0\u00a0 <a href=\"https:\/\/www.emse.fr\/~drapier\/index_fichiers\/CoursPDF\/Meca_MNS\/SDrapier_Comp_struct_meca_2025.pdf\">Computational structural mechanics 3<sup>rd<\/sup> year \/MSc<\/a> (152 p., 6.5 Mb)<\/p>\n<h2>Courses taught in the past years :<\/h2>\n<p>o\u00a0\u00a0 <a href=\"http:\/\/www.emse.fr\/%7Edrapier\/index_fichiers\/CoursPDF\/Meca-Num3A\/Methodes-Num-2015.pdf\">Computational mechanics 3<sup>rd<\/sup> year \/ MSc<\/a> (210 p. document, 6.9 Mb)<\/p>\n<p>o\u00a0\u00a0 <a href=\"https:\/\/www.emse.fr\/~drapier\/index_fichiers\/CoursPDF\/Dynamique-3A\/DS-SDrapier_2023.pdf\/\">Dynamics of Solids and Structures 3<sup>rd<\/sup> year \/MSc<\/a> (185 p. document, 2.6 Mb)<\/p>\n<p>o\u00a0\u00a0<a href=\"http:\/\/www.emse.fr\/%7Edrapier\/index_fichiers\/CoursPDF\/Interface-1A\/interfaces.pdf\">Interface capture and representation \u2013 1<\/a><a href=\"http:\/\/www.mines-stetienne.fr\/%7Edrapier\/index_fichiers\/CoursPDF\/Interface-1A\/interfaces.pdf\"><sup>st<\/sup> year<\/a> (74 p. handout, 4.2 Mb)<\/p>\n<p>o\u00a0\u00a0<a href=\"http:\/\/www.emse.fr\/%7Edrapier\/index_fichiers\/CoursPDF\/Instab-M2P\/Instabilites-SDrapier-nov2009.pdf\">Mathematics of Instabilities and bifurcations 2<\/a><a href=\"http:\/\/www.mines-stetienne.fr\/%7Edrapier\/index_fichiers\/CoursPDF\/Instab-M2P\/Instabilites-SDrapier-nov2009.pdf\"><sup>nd<\/sup> year<\/a> (133 p. handout, 7.3 Mb)<\/p>\n<p>o\u00a0 <a href=\"http:\/\/www.emse.fr\/%7Edrapier\/index_fichiers\/CoursPDF\/HMCE-3A\/Homog-ChgtEchelle-Drapier.pdf\">Homogenization techniques and Scale Transition 3A \/ MSc<\/a> (154 p. handout, 8.4 Mb)<\/p>\n<p>o\u00a0 Design of composite structures 3A \/ MSc<\/p>\n<p>o\u00a0 CAD initiation 2<sup>nd<\/sup> year<\/p>\n<p>o\u00a0 APPEX (Activit\u00e9s Personnelles en Physique EXp\u00e9rimentale) 1<sup>st<\/sup> year<\/p>\n<p>o\u00a0 Manufacturing of composites 2<sup>nd<\/sup> year<\/p>\n<p>o\u00a0 Finite elements and Structures 2<sup>nd<\/sup> year<\/p>\n<p>o\u00a0 Strength of Materials 2<sup>nd<\/sup> year<\/p>\n<p>o\u00a0\u00a0Structures Instabilities &#8211; introduction 3<sup>rd<\/sup> year \/ MSc<\/p>\n<\/div>\n","protected":false},"excerpt":{"rendered":"<p>Teachings were given from the beginning of my PhD thesis for master students and from 1998, for 2nd \u00a0(2A) and final (3rd-3A) students of \u00c9cole Nationale Sup\u00e9rieure des Mines de Saint-\u00c9tienne. Courses for 3A students are also for M.Sc level. &hellip;<\/p>\n","protected":false},"author":164,"featured_media":0,"parent":2022,"menu_order":40,"comment_status":"closed","ping_status":"closed","template":"","meta":{"_relevanssi_hide_post":"","_relevanssi_hide_content":"","_relevanssi_pin_for_all":"","_relevanssi_pin_keywords":"","_relevanssi_unpin_keywords":"","_relevanssi_related_keywords":"","_relevanssi_related_include_ids":"","_relevanssi_related_exclude_ids":"","_relevanssi_related_no_append":"","_relevanssi_related_not_related":"","_relevanssi_related_posts":"","_relevanssi_noindex_reason":"","footnotes":"","_links_to":"","_links_to_target":""},"tags":[],"class_list":["post-2089","page","type-page","status-publish","hentry"],"pp_statuses_selecting_workflow":false,"pp_workflow_action":"current","pp_status_selection":"publish","pp_force_visibility":null,"pp_subpost_visibility":null,"pp_inherited_force_visibility":null,"pp_inherited_subpost_visibility":null,"yoast_head":"<!-- This site is optimized with the Yoast SEO plugin v27.4 - https:\/\/yoast.com\/product\/yoast-seo-wordpress\/ -->\n<title>Teaching - MINES Saint-\u00c9tienne<\/title>\n<meta name=\"robots\" content=\"index, follow, max-snippet:-1, max-image-preview:large, max-video-preview:-1\" \/>\n<link rel=\"canonical\" href=\"https:\/\/www.mines-stetienne.fr\/en\/author\/drapier\/teaching\/\" \/>\n<meta property=\"og:locale\" content=\"en_GB\" \/>\n<meta property=\"og:type\" content=\"article\" \/>\n<meta property=\"og:title\" content=\"Teaching - MINES Saint-\u00c9tienne\" \/>\n<meta property=\"og:description\" content=\"Teachings were given from the beginning of my PhD thesis for master students and from 1998, for 2nd \u00a0(2A) and final (3rd-3A) students of \u00c9cole Nationale Sup\u00e9rieure des Mines de Saint-\u00c9tienne. Courses for 3A students are also for M.Sc level. &hellip;\" \/>\n<meta property=\"og:url\" content=\"https:\/\/www.mines-stetienne.fr\/en\/author\/drapier\/teaching\/\" \/>\n<meta property=\"og:site_name\" content=\"MINES Saint-\u00c9tienne\" \/>\n<meta property=\"article:publisher\" content=\"https:\/\/www.facebook.com\/MinesSaintEtienne\" \/>\n<meta property=\"article:modified_time\" content=\"2025-11-21T11:13:42+00:00\" \/>\n<meta name=\"twitter:card\" content=\"summary_large_image\" \/>\n<meta name=\"twitter:site\" content=\"@MINES_StEtienne\" \/>\n<meta name=\"twitter:label1\" content=\"Estimated reading time\" \/>\n\t<meta name=\"twitter:data1\" content=\"2 minutes\" \/>\n<script type=\"application\/ld+json\" class=\"yoast-schema-graph\">{\"@context\":\"https:\\\/\\\/schema.org\",\"@graph\":[{\"@type\":\"WebPage\",\"@id\":\"https:\\\/\\\/www.mines-stetienne.fr\\\/en\\\/author\\\/drapier\\\/teaching\\\/\",\"url\":\"https:\\\/\\\/www.mines-stetienne.fr\\\/en\\\/author\\\/drapier\\\/teaching\\\/\",\"name\":\"Teaching - MINES Saint-\u00c9tienne\",\"isPartOf\":{\"@id\":\"https:\\\/\\\/www.mines-stetienne.fr\\\/en\\\/#website\"},\"datePublished\":\"2018-04-23T11:43:46+00:00\",\"dateModified\":\"2025-11-21T11:13:42+00:00\",\"breadcrumb\":{\"@id\":\"https:\\\/\\\/www.mines-stetienne.fr\\\/en\\\/author\\\/drapier\\\/teaching\\\/#breadcrumb\"},\"inLanguage\":\"en-GB\",\"potentialAction\":[{\"@type\":\"ReadAction\",\"target\":[\"https:\\\/\\\/www.mines-stetienne.fr\\\/en\\\/author\\\/drapier\\\/teaching\\\/\"]}]},{\"@type\":\"BreadcrumbList\",\"@id\":\"https:\\\/\\\/www.mines-stetienne.fr\\\/en\\\/author\\\/drapier\\\/teaching\\\/#breadcrumb\",\"itemListElement\":[{\"@type\":\"ListItem\",\"position\":1,\"name\":\"Home\",\"item\":\"https:\\\/\\\/www.mines-stetienne.fr\\\/en\\\/\"},{\"@type\":\"ListItem\",\"position\":2,\"name\":\"Author\",\"item\":\"https:\\\/\\\/www.mines-stetienne.fr\\\/en\\\/directory\\\/\"},{\"@type\":\"ListItem\",\"position\":3,\"name\":\"Sylvain Drapier\",\"item\":\"https:\\\/\\\/www.mines-stetienne.fr\\\/en\\\/author\\\/drapier\\\/\"},{\"@type\":\"ListItem\",\"position\":4,\"name\":\"Teaching\"}]},{\"@type\":\"WebSite\",\"@id\":\"https:\\\/\\\/www.mines-stetienne.fr\\\/en\\\/#website\",\"url\":\"https:\\\/\\\/www.mines-stetienne.fr\\\/en\\\/\",\"name\":\"MINES Saint-\u00c9tienne\",\"description\":\"Inspiring innovation\",\"publisher\":{\"@id\":\"https:\\\/\\\/www.mines-stetienne.fr\\\/en\\\/#organization\"},\"potentialAction\":[{\"@type\":\"SearchAction\",\"target\":{\"@type\":\"EntryPoint\",\"urlTemplate\":\"https:\\\/\\\/www.mines-stetienne.fr\\\/en\\\/?s={search_term_string}\"},\"query-input\":{\"@type\":\"PropertyValueSpecification\",\"valueRequired\":true,\"valueName\":\"search_term_string\"}}],\"inLanguage\":\"en-GB\"},{\"@type\":\"Organization\",\"@id\":\"https:\\\/\\\/www.mines-stetienne.fr\\\/en\\\/#organization\",\"name\":\"MINES Saint-\u00c9tienne\",\"url\":\"https:\\\/\\\/www.mines-stetienne.fr\\\/en\\\/\",\"logo\":{\"@type\":\"ImageObject\",\"inLanguage\":\"en-GB\",\"@id\":\"https:\\\/\\\/www.mines-stetienne.fr\\\/en\\\/#\\\/schema\\\/logo\\\/image\\\/\",\"url\":\"https:\\\/\\\/www.mines-stetienne.fr\\\/en\\\/wp-content\\\/uploads\\\/sites\\\/4\\\/2022\\\/09\\\/Mines_Saint_Etienne_IMT_RVB.png\",\"contentUrl\":\"https:\\\/\\\/www.mines-stetienne.fr\\\/en\\\/wp-content\\\/uploads\\\/sites\\\/4\\\/2022\\\/09\\\/Mines_Saint_Etienne_IMT_RVB.png\",\"width\":316,\"height\":315,\"caption\":\"MINES Saint-\u00c9tienne\"},\"image\":{\"@id\":\"https:\\\/\\\/www.mines-stetienne.fr\\\/en\\\/#\\\/schema\\\/logo\\\/image\\\/\"},\"sameAs\":[\"https:\\\/\\\/www.facebook.com\\\/MinesSaintEtienne\",\"https:\\\/\\\/x.com\\\/MINES_StEtienne\",\"https:\\\/\\\/www.linkedin.com\\\/school\\\/527715\\\/\",\"https:\\\/\\\/www.youtube.com\\\/c\\\/Mines-stetienneFr\",\"https:\\\/\\\/www.instagram.com\\\/mines_stetienne\\\/\"]}]}<\/script>\n<!-- \/ Yoast SEO plugin. -->","yoast_head_json":{"title":"Teaching - MINES Saint-\u00c9tienne","robots":{"index":"index","follow":"follow","max-snippet":"max-snippet:-1","max-image-preview":"max-image-preview:large","max-video-preview":"max-video-preview:-1"},"canonical":"https:\/\/www.mines-stetienne.fr\/en\/author\/drapier\/teaching\/","og_locale":"en_GB","og_type":"article","og_title":"Teaching - MINES Saint-\u00c9tienne","og_description":"Teachings were given from the beginning of my PhD thesis for master students and from 1998, for 2nd \u00a0(2A) and final (3rd-3A) students of \u00c9cole Nationale Sup\u00e9rieure des Mines de Saint-\u00c9tienne. Courses for 3A students are also for M.Sc level. &hellip;","og_url":"https:\/\/www.mines-stetienne.fr\/en\/author\/drapier\/teaching\/","og_site_name":"MINES Saint-\u00c9tienne","article_publisher":"https:\/\/www.facebook.com\/MinesSaintEtienne","article_modified_time":"2025-11-21T11:13:42+00:00","twitter_card":"summary_large_image","twitter_site":"@MINES_StEtienne","twitter_misc":{"Estimated reading time":"2 minutes"},"schema":{"@context":"https:\/\/schema.org","@graph":[{"@type":"WebPage","@id":"https:\/\/www.mines-stetienne.fr\/en\/author\/drapier\/teaching\/","url":"https:\/\/www.mines-stetienne.fr\/en\/author\/drapier\/teaching\/","name":"Teaching - MINES Saint-\u00c9tienne","isPartOf":{"@id":"https:\/\/www.mines-stetienne.fr\/en\/#website"},"datePublished":"2018-04-23T11:43:46+00:00","dateModified":"2025-11-21T11:13:42+00:00","breadcrumb":{"@id":"https:\/\/www.mines-stetienne.fr\/en\/author\/drapier\/teaching\/#breadcrumb"},"inLanguage":"en-GB","potentialAction":[{"@type":"ReadAction","target":["https:\/\/www.mines-stetienne.fr\/en\/author\/drapier\/teaching\/"]}]},{"@type":"BreadcrumbList","@id":"https:\/\/www.mines-stetienne.fr\/en\/author\/drapier\/teaching\/#breadcrumb","itemListElement":[{"@type":"ListItem","position":1,"name":"Home","item":"https:\/\/www.mines-stetienne.fr\/en\/"},{"@type":"ListItem","position":2,"name":"Author","item":"https:\/\/www.mines-stetienne.fr\/en\/directory\/"},{"@type":"ListItem","position":3,"name":"Sylvain Drapier","item":"https:\/\/www.mines-stetienne.fr\/en\/author\/drapier\/"},{"@type":"ListItem","position":4,"name":"Teaching"}]},{"@type":"WebSite","@id":"https:\/\/www.mines-stetienne.fr\/en\/#website","url":"https:\/\/www.mines-stetienne.fr\/en\/","name":"MINES Saint-\u00c9tienne","description":"Inspiring innovation","publisher":{"@id":"https:\/\/www.mines-stetienne.fr\/en\/#organization"},"potentialAction":[{"@type":"SearchAction","target":{"@type":"EntryPoint","urlTemplate":"https:\/\/www.mines-stetienne.fr\/en\/?s={search_term_string}"},"query-input":{"@type":"PropertyValueSpecification","valueRequired":true,"valueName":"search_term_string"}}],"inLanguage":"en-GB"},{"@type":"Organization","@id":"https:\/\/www.mines-stetienne.fr\/en\/#organization","name":"MINES Saint-\u00c9tienne","url":"https:\/\/www.mines-stetienne.fr\/en\/","logo":{"@type":"ImageObject","inLanguage":"en-GB","@id":"https:\/\/www.mines-stetienne.fr\/en\/#\/schema\/logo\/image\/","url":"https:\/\/www.mines-stetienne.fr\/en\/wp-content\/uploads\/sites\/4\/2022\/09\/Mines_Saint_Etienne_IMT_RVB.png","contentUrl":"https:\/\/www.mines-stetienne.fr\/en\/wp-content\/uploads\/sites\/4\/2022\/09\/Mines_Saint_Etienne_IMT_RVB.png","width":316,"height":315,"caption":"MINES Saint-\u00c9tienne"},"image":{"@id":"https:\/\/www.mines-stetienne.fr\/en\/#\/schema\/logo\/image\/"},"sameAs":["https:\/\/www.facebook.com\/MinesSaintEtienne","https:\/\/x.com\/MINES_StEtienne","https:\/\/www.linkedin.com\/school\/527715\/","https:\/\/www.youtube.com\/c\/Mines-stetienneFr","https:\/\/www.instagram.com\/mines_stetienne\/"]}]}},"publishpress_future_workflow_manual_trigger":{"enabledWorkflows":[]},"_links":{"self":[{"href":"https:\/\/www.mines-stetienne.fr\/en\/wp-json\/wp\/v2\/pages\/2089","targetHints":{"allow":["GET"]}}],"collection":[{"href":"https:\/\/www.mines-stetienne.fr\/en\/wp-json\/wp\/v2\/pages"}],"about":[{"href":"https:\/\/www.mines-stetienne.fr\/en\/wp-json\/wp\/v2\/types\/page"}],"author":[{"embeddable":true,"href":"https:\/\/www.mines-stetienne.fr\/en\/wp-json\/wp\/v2\/users\/164"}],"replies":[{"embeddable":true,"href":"https:\/\/www.mines-stetienne.fr\/en\/wp-json\/wp\/v2\/comments?post=2089"}],"version-history":[{"count":26,"href":"https:\/\/www.mines-stetienne.fr\/en\/wp-json\/wp\/v2\/pages\/2089\/revisions"}],"predecessor-version":[{"id":16182,"href":"https:\/\/www.mines-stetienne.fr\/en\/wp-json\/wp\/v2\/pages\/2089\/revisions\/16182"}],"up":[{"embeddable":true,"href":"https:\/\/www.mines-stetienne.fr\/en\/wp-json\/wp\/v2\/pages\/2022"}],"wp:attachment":[{"href":"https:\/\/www.mines-stetienne.fr\/en\/wp-json\/wp\/v2\/media?parent=2089"}],"wp:term":[{"taxonomy":"post_tag","embeddable":true,"href":"https:\/\/www.mines-stetienne.fr\/en\/wp-json\/wp\/v2\/tags?post=2089"}],"curies":[{"name":"wp","href":"https:\/\/api.w.org\/{rel}","templated":true}]}}